{"id":8438,"date":"2025-10-06T16:22:45","date_gmt":"2025-10-06T14:22:45","guid":{"rendered":"https:\/\/www.stepalong.com\/?page_id=8438"},"modified":"2025-10-06T18:46:02","modified_gmt":"2025-10-06T16:46:02","slug":"clients","status":"publish","type":"page","link":"https:\/\/www.stepalong.com\/fr\/clients\/","title":{"rendered":"Histoires de r\u00e9ussite des partenaires"},"content":{"rendered":"<p>D\u00e9couvrez comment les entreprises utilisent StepAlong pour r\u00e9duire les co\u00fbts de support, acc\u00e9l\u00e9rer l'entr\u00e9e sur le march\u00e9 et cr\u00e9er des exp\u00e9riences clients plus claires et plus engageantes avec les instructions de leurs produits.<\/p>\n\n\n\n<div style=\"height:36px\" aria-hidden=\"true\" class=\"wp-block-spacer\"><\/div>\n\n\n\n<div class=\"wp-block-cover\" style=\"border-radius:16px;min-height:360px;aspect-ratio:unset;\"><span aria-hidden=\"true\" class=\"wp-block-cover__background has-raft-fg-background-color has-background-dim-60 has-background-dim\"><\/span><img loading=\"lazy\" decoding=\"async\" width=\"2080\" height=\"1560\" class=\"wp-block-cover__image-background wp-image-6542\" alt=\"hardicraft-kits-bakcground\" src=\"https:\/\/www.stepalong.com\/wp-content\/uploads\/2025\/01\/hardicraft-kits-bakcground.jpg\" data-object-fit=\"cover\" srcset=\"https:\/\/www.stepalong.com\/wp-content\/uploads\/2025\/01\/hardicraft-kits-bakcground.jpg 2080w, https:\/\/www.stepalong.com\/wp-content\/uploads\/2025\/01\/hardicraft-kits-bakcground-300x225.jpg 300w, https:\/\/www.stepalong.com\/wp-content\/uploads\/2025\/01\/hardicraft-kits-bakcground-1024x768.jpg 1024w, https:\/\/www.stepalong.com\/wp-content\/uploads\/2025\/01\/hardicraft-kits-bakcground-768x576.jpg 768w, https:\/\/www.stepalong.com\/wp-content\/uploads\/2025\/01\/hardicraft-kits-bakcground-1536x1152.jpg 1536w, https:\/\/www.stepalong.com\/wp-content\/uploads\/2025\/01\/hardicraft-kits-bakcground-2048x1536.jpg 2048w, https:\/\/www.stepalong.com\/wp-content\/uploads\/2025\/01\/hardicraft-kits-bakcground-16x12.jpg 16w\" sizes=\"auto, (max-width: 2080px) 100vw, 2080px\" \/><div class=\"wp-block-cover__inner-container is-layout-constrained wp-block-cover-is-layout-constrained\">\n<div class=\"wp-block-columns is-layout-flex wp-container-core-columns-is-layout-4f8469d8 wp-block-columns-is-layout-flex\" style=\"padding-top:var(--wp--preset--spacing--60);padding-right:var(--wp--preset--spacing--60);padding-bottom:var(--wp--preset--spacing--60);padding-left:var(--wp--preset--spacing--60)\">\n<div class=\"wp-block-column is-vertically-aligned-center is-layout-flow wp-block-column-is-layout-flow\" style=\"flex-basis:33.33%\">\n<figure class=\"wp-block-image size-full\"><img loading=\"lazy\" decoding=\"async\" width=\"2000\" height=\"1257\" src=\"https:\/\/www.stepalong.com\/wp-content\/uploads\/2025\/01\/hardicraft-logo-white-2.png\" alt=\"hardicraft-logo-white\" class=\"wp-image-6586\" srcset=\"https:\/\/www.stepalong.com\/wp-content\/uploads\/2025\/01\/hardicraft-logo-white-2.png 2000w, https:\/\/www.stepalong.com\/wp-content\/uploads\/2025\/01\/hardicraft-logo-white-2-300x189.png 300w, https:\/\/www.stepalong.com\/wp-content\/uploads\/2025\/01\/hardicraft-logo-white-2-1024x644.png 1024w, https:\/\/www.stepalong.com\/wp-content\/uploads\/2025\/01\/hardicraft-logo-white-2-768x483.png 768w, https:\/\/www.stepalong.com\/wp-content\/uploads\/2025\/01\/hardicraft-logo-white-2-1536x965.png 1536w, https:\/\/www.stepalong.com\/wp-content\/uploads\/2025\/01\/hardicraft-logo-white-2-18x12.png 18w\" sizes=\"auto, (max-width: 2000px) 100vw, 2000px\" \/><\/figure>\n<\/div>\n\n\n\n<div class=\"wp-block-column is-layout-flow wp-block-column-is-layout-flow\" style=\"flex-basis:66.66%\">\n<p class=\"has-raft-bg-alt-color has-text-color has-link-color wp-elements-23e074b08aad3be13d604a11b83892d0\"><a href=\"https:\/\/www.stepalong.com\/fr\/clients-hardicraft\/\" data-type=\"page\" data-id=\"6525\">Hardicraft et StepAlong<\/a><\/p>\n\n\n\n<p class=\"has-medium-font-size\"><strong>Avec StepAlong, Hardicraft a cr\u00e9\u00e9 une plateforme d'enseignement en ligne s\u00e9curis\u00e9e et multilingue, r\u00e9duisant les co\u00fbts et permettant l'expansion du march\u00e9.<\/strong><\/p>\n\n\n\n<div class=\"wp-block-buttons is-layout-flex wp-block-buttons-is-layout-flex\">\n<div class=\"wp-block-button is-style-outline is-style-outline--1\"><a class=\"wp-block-button__link wp-element-button\" href=\"https:\/\/www.stepalong.com\/fr\/clients-hardicraft\/\">Lire l'\u00e9tude de cas<\/a><\/div>\n<\/div>\n<\/div>\n<\/div>\n<\/div><\/div>\n\n\n\n<div style=\"height:36px\" aria-hidden=\"true\" class=\"wp-block-spacer\"><\/div>\n\n\n\n<div class=\"wp-block-cover\" style=\"border-radius:16px;min-height:360px;aspect-ratio:unset;\"><span aria-hidden=\"true\" class=\"wp-block-cover__background has-raft-fg-background-color has-background-dim-60 has-background-dim\"><\/span><img loading=\"lazy\" decoding=\"async\" width=\"1250\" height=\"768\" class=\"wp-block-cover__image-background wp-image-6744\" alt=\"monster-group-warehouse\" src=\"https:\/\/www.stepalong.com\/wp-content\/uploads\/2025\/02\/monster-group-warehouse.webp\" style=\"object-position:52% 68%\" data-object-fit=\"cover\" data-object-position=\"52% 68%\" srcset=\"https:\/\/www.stepalong.com\/wp-content\/uploads\/2025\/02\/monster-group-warehouse.webp 1250w, https:\/\/www.stepalong.com\/wp-content\/uploads\/2025\/02\/monster-group-warehouse-300x184.webp 300w, https:\/\/www.stepalong.com\/wp-content\/uploads\/2025\/02\/monster-group-warehouse-1024x629.webp 1024w, https:\/\/www.stepalong.com\/wp-content\/uploads\/2025\/02\/monster-group-warehouse-768x472.webp 768w, https:\/\/www.stepalong.com\/wp-content\/uploads\/2025\/02\/monster-group-warehouse-18x12.webp 18w\" sizes=\"auto, (max-width: 1250px) 100vw, 1250px\" \/><div class=\"wp-block-cover__inner-container is-layout-constrained wp-block-cover-is-layout-constrained\">\n<div class=\"wp-block-columns is-layout-flex wp-container-core-columns-is-layout-4f8469d8 wp-block-columns-is-layout-flex\" style=\"padding-top:var(--wp--preset--spacing--60);padding-right:var(--wp--preset--spacing--60);padding-bottom:var(--wp--preset--spacing--60);padding-left:var(--wp--preset--spacing--60)\">\n<div class=\"wp-block-column is-vertically-aligned-center is-layout-flow wp-block-column-is-layout-flow\" style=\"flex-basis:33.33%\">\n<figure class=\"wp-block-image size-full\"><img loading=\"lazy\" decoding=\"async\" width=\"1191\" height=\"1191\" src=\"https:\/\/www.stepalong.com\/wp-content\/uploads\/2025\/02\/monster-group-logo.png\" alt=\"Logo du groupe Monster\" class=\"wp-image-6743\" srcset=\"https:\/\/www.stepalong.com\/wp-content\/uploads\/2025\/02\/monster-group-logo.png 1191w, https:\/\/www.stepalong.com\/wp-content\/uploads\/2025\/02\/monster-group-logo-300x300.png 300w, https:\/\/www.stepalong.com\/wp-content\/uploads\/2025\/02\/monster-group-logo-1024x1024.png 1024w, https:\/\/www.stepalong.com\/wp-content\/uploads\/2025\/02\/monster-group-logo-150x150.png 150w, https:\/\/www.stepalong.com\/wp-content\/uploads\/2025\/02\/monster-group-logo-768x768.png 768w, https:\/\/www.stepalong.com\/wp-content\/uploads\/2025\/02\/monster-group-logo-12x12.png 12w\" sizes=\"auto, (max-width: 1191px) 100vw, 1191px\" \/><\/figure>\n<\/div>\n\n\n\n<div class=\"wp-block-column is-layout-flow wp-block-column-is-layout-flow\" style=\"flex-basis:66.66%\">\n<p class=\"has-raft-bg-alt-color has-text-color has-link-color wp-elements-8ee8c625d6ef67cb76692b68e5d1a888\"><a href=\"https:\/\/www.stepalong.com\/fr\/clients-groupe-monster\/\" data-type=\"page\" data-id=\"6634\">Groupe Monster et StepAlong<\/a><\/p>\n\n\n\n<p class=\"has-medium-font-size\"><strong>Avec StepAlong, Monster Group a rationalis\u00e9 la gestion des instructions, r\u00e9duit les co\u00fbts et \u00e9largi ses march\u00e9s, tout en garantissant des conseils clairs et actualis\u00e9s aux clients.<\/strong><\/p>\n\n\n\n<div class=\"wp-block-buttons is-layout-flex wp-block-buttons-is-layout-flex\">\n<div class=\"wp-block-button is-style-outline is-style-outline--2\"><a class=\"wp-block-button__link wp-element-button\" href=\"https:\/\/www.stepalong.com\/fr\/clients-groupe-monster\/\">Lire l'\u00e9tude de cas<\/a><\/div>\n<\/div>\n<\/div>\n<\/div>\n<\/div><\/div>\n\n\n\n<div style=\"height:36px\" aria-hidden=\"true\" class=\"wp-block-spacer\"><\/div>\n\n\n\n<div class=\"wp-block-cover\" style=\"border-radius:16px;min-height:360px;aspect-ratio:unset;\"><img loading=\"lazy\" decoding=\"async\" width=\"1000\" height=\"750\" class=\"wp-block-cover__image-background wp-image-7388 size-full\" alt=\"\" src=\"https:\/\/www.stepalong.com\/wp-content\/uploads\/2025\/04\/rattan.jpg\" data-object-fit=\"cover\" srcset=\"https:\/\/www.stepalong.com\/wp-content\/uploads\/2025\/04\/rattan.jpg 1000w, https:\/\/www.stepalong.com\/wp-content\/uploads\/2025\/04\/rattan-300x225.jpg 300w, https:\/\/www.stepalong.com\/wp-content\/uploads\/2025\/04\/rattan-768x576.jpg 768w, https:\/\/www.stepalong.com\/wp-content\/uploads\/2025\/04\/rattan-16x12.jpg 16w\" sizes=\"auto, (max-width: 1000px) 100vw, 1000px\" \/><span aria-hidden=\"true\" class=\"wp-block-cover__background has-raft-fg-background-color has-background-dim-60 has-background-dim\"><\/span><div class=\"wp-block-cover__inner-container is-layout-constrained wp-block-cover-is-layout-constrained\">\n<div class=\"wp-block-columns is-layout-flex wp-container-core-columns-is-layout-4f8469d8 wp-block-columns-is-layout-flex\" style=\"padding-top:var(--wp--preset--spacing--60);padding-right:var(--wp--preset--spacing--60);padding-bottom:var(--wp--preset--spacing--60);padding-left:var(--wp--preset--spacing--60)\">\n<div class=\"wp-block-column is-vertically-aligned-center is-layout-flow wp-block-column-is-layout-flow\" style=\"flex-basis:33.33%\">\n<figure class=\"wp-block-image size-full\"><img loading=\"lazy\" decoding=\"async\" width=\"610\" height=\"150\" src=\"https:\/\/www.stepalong.com\/wp-content\/uploads\/2025\/04\/time4sleep-logo-white.png\" alt=\"Time4Sleep\" class=\"wp-image-7385\" srcset=\"https:\/\/www.stepalong.com\/wp-content\/uploads\/2025\/04\/time4sleep-logo-white.png 610w, https:\/\/www.stepalong.com\/wp-content\/uploads\/2025\/04\/time4sleep-logo-white-300x74.png 300w, https:\/\/www.stepalong.com\/wp-content\/uploads\/2025\/04\/time4sleep-logo-white-18x4.png 18w\" sizes=\"auto, (max-width: 610px) 100vw, 610px\" \/><\/figure>\n<\/div>\n\n\n\n<div class=\"wp-block-column is-layout-flow wp-block-column-is-layout-flow\" style=\"flex-basis:66.66%\">\n<p class=\"has-raft-bg-alt-color has-text-color has-link-color wp-elements-f4891054c9576b95ef229fdfd9205954\"><a href=\"https:\/\/www.stepalong.com\/fr\/clients-time4sleep\/\" data-type=\"page\" data-id=\"7376\">Time4Sleep &amp; StepAlong<\/a><\/p>\n\n\n\n<p class=\"has-medium-font-size\"><strong>StepAlong a permis \u00e0 Time4Sleep de moderniser les informations sur les produits, d'\u00e9liminer les goulets d'\u00e9tranglement en mati\u00e8re de mise \u00e0 jour et d'am\u00e9liorer l'exp\u00e9rience des clients gr\u00e2ce \u00e0 des instructions claires et consultables.<\/strong><\/p>\n\n\n\n<div class=\"wp-block-buttons is-layout-flex wp-block-buttons-is-layout-flex\">\n<div class=\"wp-block-button is-style-outline is-style-outline--3\"><a class=\"wp-block-button__link wp-element-button\" href=\"https:\/\/www.stepalong.com\/fr\/clients-time4sleep\/\">Lire l'\u00e9tude de cas<\/a><\/div>\n<\/div>\n<\/div>\n<\/div>\n<\/div><\/div>\n\n\n\n<div style=\"height:36px\" aria-hidden=\"true\" class=\"wp-block-spacer\"><\/div>\n\n\n\n<div class=\"wp-block-cover\" style=\"border-radius:16px;min-height:300px;aspect-ratio:unset;\"><img loading=\"lazy\" decoding=\"async\" width=\"1024\" height=\"683\" class=\"wp-block-cover__image-background wp-image-8436 size-large\" alt=\"\" src=\"https:\/\/www.stepalong.com\/wp-content\/uploads\/2025\/10\/ecofort-background-1024x683.webp\" data-object-fit=\"cover\" srcset=\"https:\/\/www.stepalong.com\/wp-content\/uploads\/2025\/10\/ecofort-background-1024x683.webp 1024w, https:\/\/www.stepalong.com\/wp-content\/uploads\/2025\/10\/ecofort-background-300x200.webp 300w, https:\/\/www.stepalong.com\/wp-content\/uploads\/2025\/10\/ecofort-background-768x512.webp 768w, https:\/\/www.stepalong.com\/wp-content\/uploads\/2025\/10\/ecofort-background-18x12.webp 18w, https:\/\/www.stepalong.com\/wp-content\/uploads\/2025\/10\/ecofort-background.webp 1500w\" sizes=\"auto, (max-width: 1024px) 100vw, 1024px\" \/><span aria-hidden=\"true\" class=\"wp-block-cover__background has-raft-fg-background-color has-background-dim-60 has-background-dim\"><\/span><div class=\"wp-block-cover__inner-container is-layout-constrained wp-block-cover-is-layout-constrained\">\n<div class=\"wp-block-columns is-layout-flex wp-container-core-columns-is-layout-4f8469d8 wp-block-columns-is-layout-flex\" style=\"padding-top:var(--wp--preset--spacing--60);padding-right:var(--wp--preset--spacing--60);padding-bottom:var(--wp--preset--spacing--60);padding-left:var(--wp--preset--spacing--60)\">\n<div class=\"wp-block-column is-vertically-aligned-center is-layout-flow wp-block-column-is-layout-flow\" style=\"flex-basis:33.33%\">\n<figure class=\"wp-block-image size-full\"><img loading=\"lazy\" decoding=\"async\" width=\"1000\" height=\"1000\" src=\"https:\/\/www.stepalong.com\/wp-content\/uploads\/2025\/10\/ecofort-logo-white.png\" alt=\"\u00e9co-confort\" class=\"wp-image-8435\" srcset=\"https:\/\/www.stepalong.com\/wp-content\/uploads\/2025\/10\/ecofort-logo-white.png 1000w, https:\/\/www.stepalong.com\/wp-content\/uploads\/2025\/10\/ecofort-logo-white-300x300.png 300w, https:\/\/www.stepalong.com\/wp-content\/uploads\/2025\/10\/ecofort-logo-white-150x150.png 150w, https:\/\/www.stepalong.com\/wp-content\/uploads\/2025\/10\/ecofort-logo-white-768x768.png 768w, https:\/\/www.stepalong.com\/wp-content\/uploads\/2025\/10\/ecofort-logo-white-12x12.png 12w\" sizes=\"auto, (max-width: 1000px) 100vw, 1000px\" \/><\/figure>\n<\/div>\n\n\n\n<div class=\"wp-block-column is-layout-flow wp-block-column-is-layout-flow\" style=\"flex-basis:66.66%\">\n<p class=\"has-raft-bg-alt-color has-text-color has-link-color wp-elements-66b9b57d2df269e1b4a72dced513951a\"><a href=\"https:\/\/www.stepalong.com\/fr\/clients-hardicraft\/\" data-type=\"page\" data-id=\"6525\">ecofort &amp; StepAlong<\/a><\/p>\n\n\n\n<p class=\"has-medium-font-size\"><strong>ecofort a aid\u00e9 StepAlong \u00e0 concevoir une nouvelle fa\u00e7on de produire des guides de d\u00e9marrage rapide pr\u00eats \u00e0 imprimer, directement \u00e0 partir des instructions num\u00e9riques StepAlong.<\/strong><\/p>\n\n\n\n<div class=\"wp-block-buttons is-layout-flex wp-block-buttons-is-layout-flex\">\n<div class=\"wp-block-button is-style-outline is-style-outline--4\"><a class=\"wp-block-button__link wp-element-button\" href=\"https:\/\/www.stepalong.com\/fr\/clients-ecofort\/\">Lire l'\u00e9tude de cas<\/a><\/div>\n<\/div>\n<\/div>\n<\/div>\n<\/div><\/div>\n\n\n\n<div style=\"height:36px\" aria-hidden=\"true\" class=\"wp-block-spacer\"><\/div>\n\n\n\n<div class=\"wp-block-columns is-layout-flex wp-container-core-columns-is-layout-14cf5ab5 wp-block-columns-is-layout-flex\">\n<div class=\"wp-block-column is-layout-flow wp-block-column-is-layout-flow\">\n<div class=\"wp-block-group feature is-layout-constrained wp-block-group-is-layout-constrained\">\n<div class=\"wp-block-columns is-layout-flex wp-container-core-columns-is-layout-cbe57604 wp-block-columns-is-layout-flex\">\n<div class=\"wp-block-column is-layout-flow wp-block-column-is-layout-flow\">\n<figure class=\"wp-block-image size-large rounded\"><img loading=\"lazy\" decoding=\"async\" width=\"1024\" height=\"1024\" src=\"https:\/\/www.stepalong.com\/wp-content\/uploads\/2025\/08\/stepalong-roi-calculator-1024x1024.webp\" alt=\"Calculateur de retour sur investissement StepAlong\" class=\"wp-image-8026\" srcset=\"https:\/\/www.stepalong.com\/wp-content\/uploads\/2025\/08\/stepalong-roi-calculator-1024x1024.webp 1024w, https:\/\/www.stepalong.com\/wp-content\/uploads\/2025\/08\/stepalong-roi-calculator-300x300.webp 300w, https:\/\/www.stepalong.com\/wp-content\/uploads\/2025\/08\/stepalong-roi-calculator-150x150.webp 150w, https:\/\/www.stepalong.com\/wp-content\/uploads\/2025\/08\/stepalong-roi-calculator-768x768.webp 768w, https:\/\/www.stepalong.com\/wp-content\/uploads\/2025\/08\/stepalong-roi-calculator-12x12.webp 12w, https:\/\/www.stepalong.com\/wp-content\/uploads\/2025\/08\/stepalong-roi-calculator.webp 1420w\" sizes=\"auto, (max-width: 1024px) 100vw, 1024px\" \/><\/figure>\n<\/div>\n\n\n\n<div class=\"wp-block-column is-layout-flow wp-block-column-is-layout-flow\">\n<h3 class=\"wp-block-heading\">Calculez vos \u00e9conomies potentielles<\/h3>\n\n\n\n<p>D\u00e9couvrez les \u00e9conomies que votre entreprise peut r\u00e9aliser en adoptant la plateforme d'enseignement num\u00e9rique de StepAlong, aliment\u00e9e par l'IA.<\/p>\n\n\n\n<div style=\"height:0px\" aria-hidden=\"true\" class=\"wp-block-spacer\"><\/div>\n<\/div>\n<\/div>\n\n\n\n<div style=\"height:1em\" aria-hidden=\"true\" class=\"wp-block-spacer\"><\/div>\n\n\n\n<div class=\"wp-block-buttons is-content-justification-center is-layout-flex wp-container-core-buttons-is-layout-a89b3969 wp-block-buttons-is-layout-flex\">\n<div class=\"wp-block-button is-style-outline is-style-outline--5\"><a class=\"wp-block-button__link has-custom-purple-color has-text-color has-link-color has-border-color has-custom-purple-border-color wp-element-button\" href=\"https:\/\/www.stepalong.com\/fr\/calculateur-de-roi\/\">Calculez vos \u00e9conomies<\/a><\/div>\n<\/div>\n<\/div>\n<\/div>\n\n\n\n<div class=\"wp-block-column is-vertically-aligned-center is-layout-flow wp-block-column-is-layout-flow\">\n<p>Chez StepAlong, nous nous sommes concentr\u00e9s sur ce dont les clients ont besoin pour avoir une bonne exp\u00e9rience des instructions sur les produits :<\/p>\n\n\n\n<ul class=\"wp-block-list\">\n<li><strong>Priorit\u00e9 au mobile<\/strong><br>Aucun t\u00e9l\u00e9chargement d'application n'est n\u00e9cessaire, il suffit d'ouvrir et de suivre.<\/li>\n\n\n\n<li><strong>\u00c9tapes guid\u00e9es<\/strong><br>Une structure logique, \u00e9tape par \u00e9tape, pour plus de clart\u00e9<\/li>\n\n\n\n<li><strong>Formats flexibles<\/strong><br>PDF t\u00e9l\u00e9chargeables pour ceux qui le pr\u00e9f\u00e8rent<\/li>\n\n\n\n<li><strong>D\u00e9couverte facile<\/strong><br>Accessible via Google, ChatGPT et d'autres moteurs de recherche<\/li>\n\n\n\n<li><strong>Contenu localis\u00e9<\/strong><br>Instructions dans la langue de vos clients<\/li>\n<\/ul>\n\n\n\n<div style=\"height:1em\" aria-hidden=\"true\" class=\"wp-block-spacer\"><\/div>\n\n\n\n<div class=\"wp-block-buttons is-content-justification-center is-layout-flex wp-container-core-buttons-is-layout-a89b3969 wp-block-buttons-is-layout-flex\">\n<div class=\"wp-block-button is-style-fill\"><a class=\"wp-block-button__link has-raft-fg-alt-color has-custom-purple-background-color has-text-color has-background has-link-color has-text-align-center wp-element-button\" href=\"https:\/\/www.stepalong.com\/fr\/reserver-une-demonstration\/\">R\u00e9server une d\u00e9monstration<\/a><\/div>\n<\/div>\n<\/div>\n<\/div>\n\n\n\n<p><\/p>","protected":false},"excerpt":{"rendered":"<p>D\u00e9couvrez comment les entreprises utilisent StepAlong pour r\u00e9duire les co\u00fbts de support, acc\u00e9l\u00e9rer l'entr\u00e9e sur le march\u00e9 et cr\u00e9er des exp\u00e9riences clients plus claires et plus engageantes avec les instructions de leurs produits.<\/p>","protected":false},"author":1,"featured_media":0,"parent":0,"menu_order":0,"comment_status":"closed","ping_status":"closed","template":"wp-custom-template-category-section","meta":{"content-type":"","_uag_custom_page_level_css":"","footnotes":""},"class_list":["post-8438","page","type-page","status-publish","hentry"],"aioseo_notices":[],"mb":[],"uagb_featured_image_src":{"full":false,"thumbnail":false,"medium":false,"medium_large":false,"large":false,"1536x1536":false,"2048x2048":false,"trp-custom-language-flag":false},"uagb_author_info":{"display_name":"Sergi S\u00e1nchez Mancha","author_link":"https:\/\/www.stepalong.com\/fr\/author\/sergiostepalong-com\/"},"uagb_comment_info":0,"uagb_excerpt":"Discover how businesses are using StepAlong to reduce support costs, speed up market entry, and create clearer, more engaging customer experiences with their product instructions.","mfb_rest_fields":["title","aioseo_notices","uagb_featured_image_src","uagb_author_info","uagb_comment_info","uagb_excerpt"],"_links":{"self":[{"href":"https:\/\/www.stepalong.com\/fr\/wp-json\/wp\/v2\/pages\/8438","targetHints":{"allow":["GET"]}}],"collection":[{"href":"https:\/\/www.stepalong.com\/fr\/wp-json\/wp\/v2\/pages"}],"about":[{"href":"https:\/\/www.stepalong.com\/fr\/wp-json\/wp\/v2\/types\/page"}],"author":[{"embeddable":true,"href":"https:\/\/www.stepalong.com\/fr\/wp-json\/wp\/v2\/users\/1"}],"replies":[{"embeddable":true,"href":"https:\/\/www.stepalong.com\/fr\/wp-json\/wp\/v2\/comments?post=8438"}],"version-history":[{"count":8,"href":"https:\/\/www.stepalong.com\/fr\/wp-json\/wp\/v2\/pages\/8438\/revisions"}],"predecessor-version":[{"id":8453,"href":"https:\/\/www.stepalong.com\/fr\/wp-json\/wp\/v2\/pages\/8438\/revisions\/8453"}],"wp:attachment":[{"href":"https:\/\/www.stepalong.com\/fr\/wp-json\/wp\/v2\/media?parent=8438"}],"curies":[{"name":"wp","href":"https:\/\/api.w.org\/{rel}","templated":true}]}}