{"id":8404,"date":"2025-09-30T15:50:06","date_gmt":"2025-09-30T13:50:06","guid":{"rendered":"https:\/\/www.stepalong.com\/?page_id=8404"},"modified":"2025-09-30T17:02:49","modified_gmt":"2025-09-30T15:02:49","slug":"numeriser-vos-manuels-dutilisation-et-vos-instructions-sur-les-produits","status":"publish","type":"page","link":"https:\/\/www.stepalong.com\/fr\/numeriser-vos-manuels-dutilisation-et-vos-instructions-sur-les-produits\/","title":{"rendered":"Num\u00e9risez vos manuels d'utilisation et vos instructions sur les produits"},"content":{"rendered":"<h2 class=\"wp-block-heading has-text-align-center\" style=\"font-size:2.4em\">Les instructions de votre produit num\u00e9rique sont plus qu'un simple PDF t\u00e9l\u00e9chargeable<\/h2>\n\n\n\n<p class=\"has-text-align-center\">StepAlong transforme les instructions relatives \u00e0 vos produits en un contenu structur\u00e9 et adapt\u00e9 aux mobiles, con\u00e7u pour les clients d'aujourd'hui, les moteurs de recherche et l'IA.<\/p>\n\n\n\n<div class=\"wp-block-buttons is-content-justification-center is-layout-flex wp-container-core-buttons-is-layout-a89b3969 wp-block-buttons-is-layout-flex\">\n<div class=\"wp-block-button is-style-fill\"><a class=\"wp-block-button__link has-raft-fg-alt-color has-custom-purple-background-color has-text-color has-background has-link-color has-text-align-center wp-element-button\" href=\"https:\/\/www.stepalong.com\/fr\/reserver-une-demonstration\/\">R\u00e9server une d\u00e9monstration<\/a><\/div>\n<\/div>\n\n\n\n<div style=\"height:36px\" aria-hidden=\"true\" class=\"wp-block-spacer\"><\/div>\n\n\n\n<div class=\"wp-block-columns is-layout-flex wp-container-core-columns-is-layout-14cf5ab5 wp-block-columns-is-layout-flex\">\n<div class=\"wp-block-column is-vertically-aligned-center is-layout-flow wp-block-column-is-layout-flow\">\n<h2 class=\"wp-block-heading\">Une facilit\u00e9 d'utilisation qui aide vos clients et votre entreprise<\/h2>\n\n\n\n<p>StepAlong cr\u00e9e un format num\u00e9rique con\u00e7u pour le mobile, cr\u00e9ant une exp\u00e9rience mobile exceptionnelle qui fonctionne sur tous les navigateurs et appareils, sans APP, permettant \u00e0 vos clients de suivre vos instructions avec succ\u00e8s sur leur mobile.<\/p>\n\n\n\n<p><strong>80% des instructions sur StepAlong sont consult\u00e9es sur des t\u00e9l\u00e9phones portables.<\/strong><\/p>\n<\/div>\n\n\n\n<div class=\"wp-block-column is-layout-flow wp-block-column-is-layout-flow\">\n<figure class=\"wp-block-image size-full shadow rounded\"><img loading=\"lazy\" decoding=\"async\" width=\"1248\" height=\"913\" src=\"https:\/\/www.stepalong.com\/wp-content\/uploads\/2025\/09\/usability-mobile-first-instructions.webp\" alt=\"Instructions sur les produits adapt\u00e9es aux mobiles\" class=\"wp-image-8413\" srcset=\"https:\/\/www.stepalong.com\/wp-content\/uploads\/2025\/09\/usability-mobile-first-instructions.webp 1248w, https:\/\/www.stepalong.com\/wp-content\/uploads\/2025\/09\/usability-mobile-first-instructions-300x219.webp 300w, https:\/\/www.stepalong.com\/wp-content\/uploads\/2025\/09\/usability-mobile-first-instructions-1024x749.webp 1024w, https:\/\/www.stepalong.com\/wp-content\/uploads\/2025\/09\/usability-mobile-first-instructions-768x562.webp 768w, https:\/\/www.stepalong.com\/wp-content\/uploads\/2025\/09\/usability-mobile-first-instructions-16x12.webp 16w\" sizes=\"auto, (max-width: 1248px) 100vw, 1248px\" \/><\/figure>\n<\/div>\n<\/div>\n\n\n\n<div style=\"height:var(--wp--preset--spacing--80)\" aria-hidden=\"true\" class=\"wp-block-spacer\"><\/div>\n\n\n\n<div class=\"wp-block-columns is-layout-flex wp-container-core-columns-is-layout-14cf5ab5 wp-block-columns-is-layout-flex\">\n<div class=\"wp-block-column is-layout-flow wp-block-column-is-layout-flow\">\n<figure class=\"wp-block-image size-full shadow rounded\"><img loading=\"lazy\" decoding=\"async\" width=\"1100\" height=\"805\" src=\"https:\/\/www.stepalong.com\/wp-content\/uploads\/2025\/09\/SEO-product-instructions.webp\" alt=\"Instructions sur les produits consultables\" class=\"wp-image-8412\" srcset=\"https:\/\/www.stepalong.com\/wp-content\/uploads\/2025\/09\/SEO-product-instructions.webp 1100w, https:\/\/www.stepalong.com\/wp-content\/uploads\/2025\/09\/SEO-product-instructions-300x220.webp 300w, https:\/\/www.stepalong.com\/wp-content\/uploads\/2025\/09\/SEO-product-instructions-1024x749.webp 1024w, https:\/\/www.stepalong.com\/wp-content\/uploads\/2025\/09\/SEO-product-instructions-768x562.webp 768w, https:\/\/www.stepalong.com\/wp-content\/uploads\/2025\/09\/SEO-product-instructions-16x12.webp 16w\" sizes=\"auto, (max-width: 1100px) 100vw, 1100px\" \/><\/figure>\n<\/div>\n\n\n\n<div class=\"wp-block-column is-vertically-aligned-center is-layout-flow wp-block-column-is-layout-flow\">\n<h2 class=\"wp-block-heading\">Faites en sorte que vos instructions soient r\u00e9ellement consultables<\/h2>\n\n\n\n<p>Le centre d'instructions cl\u00e9 en main StepAlong centralise toutes vos instructions, dans toutes les langues, dans un site optimis\u00e9 pour le r\u00e9f\u00e9rencement, consultable et adapt\u00e9 aux t\u00e9l\u00e9phones portables. Des sitemaps sont automatiquement g\u00e9n\u00e9r\u00e9s dans chaque langue pour que tous les types de moteurs de recherche puissent trouver et indexer vos instructions.<\/p>\n\n\n\n<p><strong>Obtenez des visites de la longue tra\u00eene de recherche en proposant des instructions dans toutes les langues de vos clients.<\/strong><\/p>\n<\/div>\n<\/div>\n\n\n\n<div style=\"height:var(--wp--preset--spacing--80)\" aria-hidden=\"true\" class=\"wp-block-spacer\"><\/div>\n\n\n\n<div class=\"wp-block-columns is-layout-flex wp-container-core-columns-is-layout-14cf5ab5 wp-block-columns-is-layout-flex\">\n<div class=\"wp-block-column is-vertically-aligned-center is-layout-flow wp-block-column-is-layout-flow\">\n<h2 class=\"wp-block-heading\">Aider les moteurs d'IA \u00e0 donner les meilleures r\u00e9ponses \u00e0 des questions sp\u00e9cifiques<\/h2>\n\n\n\n<p>Un PDF imprim\u00e9 cr\u00e9e des obstacles pour les outils de recherche d'IA tels que ChatGPT, cr\u00e9ant des r\u00e9sultats incoh\u00e9rents et mauvais. StepAlong cr\u00e9e des instructions structur\u00e9es qui facilitent la compr\u00e9hension des moteurs de recherche IA, ce qui leur permet de trouver les r\u00e9ponses aux questions sp\u00e9cifiques des utilisateurs et de ne pas se contenter de les diriger vers le PDF.<\/p>\n<\/div>\n\n\n\n<div class=\"wp-block-column is-layout-flow wp-block-column-is-layout-flow\">\n<figure class=\"wp-block-image size-full shadow rounded\"><img loading=\"lazy\" decoding=\"async\" width=\"1208\" height=\"884\" src=\"https:\/\/www.stepalong.com\/wp-content\/uploads\/2025\/09\/AGI-product-instructions.webp\" alt=\"Instructions sur le produit en ChatGPT\" class=\"wp-image-8411\" srcset=\"https:\/\/www.stepalong.com\/wp-content\/uploads\/2025\/09\/AGI-product-instructions.webp 1208w, https:\/\/www.stepalong.com\/wp-content\/uploads\/2025\/09\/AGI-product-instructions-300x220.webp 300w, https:\/\/www.stepalong.com\/wp-content\/uploads\/2025\/09\/AGI-product-instructions-1024x749.webp 1024w, https:\/\/www.stepalong.com\/wp-content\/uploads\/2025\/09\/AGI-product-instructions-768x562.webp 768w, https:\/\/www.stepalong.com\/wp-content\/uploads\/2025\/09\/AGI-product-instructions-16x12.webp 16w\" sizes=\"auto, (max-width: 1208px) 100vw, 1208px\" \/><\/figure>\n<\/div>\n<\/div>\n\n\n\n<div style=\"height:var(--wp--preset--spacing--80)\" aria-hidden=\"true\" class=\"wp-block-spacer\"><\/div>\n\n\n\n<div class=\"wp-block-columns is-layout-flex wp-container-core-columns-is-layout-14cf5ab5 wp-block-columns-is-layout-flex\">\n<div class=\"wp-block-column is-layout-flow wp-block-column-is-layout-flow\">\n<figure class=\"wp-block-image size-full shadow rounded\"><img loading=\"lazy\" decoding=\"async\" width=\"1524\" height=\"922\" src=\"https:\/\/www.stepalong.com\/wp-content\/uploads\/2025\/09\/ai-customer-service-automation.png\" alt=\"Chatbot d&#039;instructions sur les produits\" class=\"wp-image-8405\" srcset=\"https:\/\/www.stepalong.com\/wp-content\/uploads\/2025\/09\/ai-customer-service-automation.png 1524w, https:\/\/www.stepalong.com\/wp-content\/uploads\/2025\/09\/ai-customer-service-automation-300x181.png 300w, https:\/\/www.stepalong.com\/wp-content\/uploads\/2025\/09\/ai-customer-service-automation-1024x620.png 1024w, https:\/\/www.stepalong.com\/wp-content\/uploads\/2025\/09\/ai-customer-service-automation-768x465.png 768w, https:\/\/www.stepalong.com\/wp-content\/uploads\/2025\/09\/ai-customer-service-automation-18x12.png 18w\" sizes=\"auto, (max-width: 1524px) 100vw, 1524px\" \/><\/figure>\n<\/div>\n\n\n\n<div class=\"wp-block-column is-vertically-aligned-center is-layout-flow wp-block-column-is-layout-flow\">\n<h2 class=\"wp-block-heading\">Fondements de l'automatisation du service \u00e0 la client\u00e8le<\/h2>\n\n\n\n<p>Comme les moteurs d'IA tels que ChatGPT, les chatbots d'automatisation du service client d\u00e9pendent d'un contenu propre et structur\u00e9. Sans cela, les chatbots donnent des r\u00e9ponses partielles ou incorrectes, ce qui augmente les co\u00fbts de support - le contraire de ce que vous essayez d'obtenir ! La num\u00e9risation de vos instructions avec StepAlong garantit des r\u00e9sultats coh\u00e9rents et de haute qualit\u00e9 avec votre chatbot, assurant ainsi votre investissement.<\/p>\n<\/div>\n<\/div>\n\n\n\n<div style=\"height:var(--wp--preset--spacing--80)\" aria-hidden=\"true\" class=\"wp-block-spacer\"><\/div>\n\n\n\n<div class=\"wp-block-columns is-layout-flex wp-container-core-columns-is-layout-14cf5ab5 wp-block-columns-is-layout-flex\">\n<div class=\"wp-block-column is-vertically-aligned-center is-layout-flow wp-block-column-is-layout-flow\">\n<h2 class=\"wp-block-heading\">Accessibilit\u00e9<\/h2>\n\n\n\n<p>La plupart des PDF cr\u00e9\u00e9s pour l'impression ne sont pas accessibles aux lecteurs d'\u00e9cran ou aux technologies d'assistance, ce qui exclut les utilisateurs handicap\u00e9s et cr\u00e9e des probl\u00e8mes de conformit\u00e9. StepAlong vous permet de cr\u00e9er des PDF accessibles \u00e0 t\u00e9l\u00e9charger pour les utilisateurs qui en ont besoin.<\/p>\n<\/div>\n\n\n\n<div class=\"wp-block-column is-layout-flow wp-block-column-is-layout-flow\">\n<figure class=\"wp-block-image size-full shadow rounded\"><img loading=\"lazy\" decoding=\"async\" width=\"1700\" height=\"1700\" src=\"https:\/\/www.stepalong.com\/wp-content\/uploads\/2025\/09\/GPSR-accesible-instructions.webp\" alt=\"Instructions accessibles au format PDF\" class=\"wp-image-8373\" srcset=\"https:\/\/www.stepalong.com\/wp-content\/uploads\/2025\/09\/GPSR-accesible-instructions.webp 1700w, https:\/\/www.stepalong.com\/wp-content\/uploads\/2025\/09\/GPSR-accesible-instructions-300x300.webp 300w, https:\/\/www.stepalong.com\/wp-content\/uploads\/2025\/09\/GPSR-accesible-instructions-1024x1024.webp 1024w, https:\/\/www.stepalong.com\/wp-content\/uploads\/2025\/09\/GPSR-accesible-instructions-150x150.webp 150w, https:\/\/www.stepalong.com\/wp-content\/uploads\/2025\/09\/GPSR-accesible-instructions-768x768.webp 768w, https:\/\/www.stepalong.com\/wp-content\/uploads\/2025\/09\/GPSR-accesible-instructions-1536x1536.webp 1536w, https:\/\/www.stepalong.com\/wp-content\/uploads\/2025\/09\/GPSR-accesible-instructions-12x12.webp 12w\" sizes=\"auto, (max-width: 1700px) 100vw, 1700px\" \/><\/figure>\n<\/div>\n<\/div>\n\n\n\n<div style=\"height:var(--wp--preset--spacing--80)\" aria-hidden=\"true\" class=\"wp-block-spacer\"><\/div>\n\n\n\n<div class=\"wp-block-columns is-layout-flex wp-container-core-columns-is-layout-14cf5ab5 wp-block-columns-is-layout-flex\">\n<div class=\"wp-block-column is-layout-flow wp-block-column-is-layout-flow\">\n<div class=\"wp-block-group feature is-layout-constrained wp-block-group-is-layout-constrained\">\n<div class=\"wp-block-columns is-layout-flex wp-container-core-columns-is-layout-cbe57604 wp-block-columns-is-layout-flex\">\n<div class=\"wp-block-column is-layout-flow wp-block-column-is-layout-flow\">\n<figure class=\"wp-block-image size-large rounded\"><img loading=\"lazy\" decoding=\"async\" width=\"1024\" height=\"1024\" src=\"https:\/\/www.stepalong.com\/wp-content\/uploads\/2025\/08\/stepalong-roi-calculator-1024x1024.webp\" alt=\"Calculateur de retour sur investissement StepAlong\" class=\"wp-image-8026\" srcset=\"https:\/\/www.stepalong.com\/wp-content\/uploads\/2025\/08\/stepalong-roi-calculator-1024x1024.webp 1024w, https:\/\/www.stepalong.com\/wp-content\/uploads\/2025\/08\/stepalong-roi-calculator-300x300.webp 300w, https:\/\/www.stepalong.com\/wp-content\/uploads\/2025\/08\/stepalong-roi-calculator-150x150.webp 150w, https:\/\/www.stepalong.com\/wp-content\/uploads\/2025\/08\/stepalong-roi-calculator-768x768.webp 768w, https:\/\/www.stepalong.com\/wp-content\/uploads\/2025\/08\/stepalong-roi-calculator-12x12.webp 12w, https:\/\/www.stepalong.com\/wp-content\/uploads\/2025\/08\/stepalong-roi-calculator.webp 1420w\" sizes=\"auto, (max-width: 1024px) 100vw, 1024px\" \/><\/figure>\n<\/div>\n\n\n\n<div class=\"wp-block-column is-layout-flow wp-block-column-is-layout-flow\">\n<h3 class=\"wp-block-heading\">Calculez vos \u00e9conomies potentielles<\/h3>\n\n\n\n<p>D\u00e9couvrez les \u00e9conomies que votre entreprise peut r\u00e9aliser en adoptant la plateforme d'enseignement num\u00e9rique de StepAlong, aliment\u00e9e par l'IA.<\/p>\n\n\n\n<div style=\"height:0px\" aria-hidden=\"true\" class=\"wp-block-spacer\"><\/div>\n<\/div>\n<\/div>\n\n\n\n<div style=\"height:1em\" aria-hidden=\"true\" class=\"wp-block-spacer\"><\/div>\n\n\n\n<div class=\"wp-block-buttons is-content-justification-center is-layout-flex wp-container-core-buttons-is-layout-a89b3969 wp-block-buttons-is-layout-flex\">\n<div class=\"wp-block-button is-style-outline is-style-outline--1\"><a class=\"wp-block-button__link has-custom-purple-color has-text-color has-link-color has-border-color has-custom-purple-border-color wp-element-button\" href=\"https:\/\/www.stepalong.com\/fr\/calculateur-de-roi\/\">Calculez vos \u00e9conomies<\/a><\/div>\n<\/div>\n<\/div>\n<\/div>\n\n\n\n<div class=\"wp-block-column is-vertically-aligned-center is-layout-flow wp-block-column-is-layout-flow\">\n<p>Chez StepAlong, nous nous sommes concentr\u00e9s sur ce dont les clients ont besoin pour avoir une bonne exp\u00e9rience des instructions sur les produits :<\/p>\n\n\n\n<ul class=\"wp-block-list\">\n<li><strong>Priorit\u00e9 au mobile<\/strong><br>Aucun t\u00e9l\u00e9chargement d'application n'est n\u00e9cessaire, il suffit d'ouvrir et de suivre.<\/li>\n\n\n\n<li><strong>\u00c9tapes guid\u00e9es<\/strong><br>Une structure logique, \u00e9tape par \u00e9tape, pour plus de clart\u00e9<\/li>\n\n\n\n<li><strong>Formats flexibles<\/strong><br>PDF t\u00e9l\u00e9chargeables pour ceux qui le pr\u00e9f\u00e8rent<\/li>\n\n\n\n<li><strong>D\u00e9couverte facile<\/strong><br>Accessible via Google, ChatGPT et d'autres moteurs de recherche<\/li>\n\n\n\n<li><strong>Contenu localis\u00e9<\/strong><br>Instructions dans la langue de vos clients<\/li>\n<\/ul>\n\n\n\n<div style=\"height:1em\" aria-hidden=\"true\" class=\"wp-block-spacer\"><\/div>\n\n\n\n<div class=\"wp-block-buttons is-content-justification-center is-layout-flex wp-container-core-buttons-is-layout-a89b3969 wp-block-buttons-is-layout-flex\">\n<div class=\"wp-block-button is-style-fill\"><a class=\"wp-block-button__link has-raft-fg-alt-color has-custom-purple-background-color has-text-color has-background has-link-color has-text-align-center wp-element-button\" href=\"https:\/\/www.stepalong.com\/fr\/reserver-une-demonstration\/\">R\u00e9server une d\u00e9monstration<\/a><\/div>\n<\/div>\n<\/div>\n<\/div>\n\n\n\n<p><\/p>","protected":false},"excerpt":{"rendered":"<p>Vos instructions de produit num\u00e9riques sont plus qu'un simple PDF t\u00e9l\u00e9chargeable StepAlong transforme vos instructions de produit en un contenu structur\u00e9 et adapt\u00e9 aux mobiles, con\u00e7u pour les clients d'aujourd'hui, les moteurs de recherche et l'IA. Une facilit\u00e9 d'utilisation qui aide vos clients et votre entreprise StepAlong cr\u00e9e un format num\u00e9rique con\u00e7u pour le mobile, cr\u00e9ant une exp\u00e9rience mobile exceptionnelle qui fonctionne sur tous les navigateurs et appareils, sans [...]<\/p>","protected":false},"author":1,"featured_media":0,"parent":0,"menu_order":0,"comment_status":"closed","ping_status":"closed","template":"wp-custom-template-landing-page-b","meta":{"content-type":"","_uag_custom_page_level_css":"","footnotes":""},"class_list":["post-8404","page","type-page","status-publish","hentry"],"aioseo_notices":[],"mb":[],"uagb_featured_image_src":{"full":false,"thumbnail":false,"medium":false,"medium_large":false,"large":false,"1536x1536":false,"2048x2048":false,"trp-custom-language-flag":false},"uagb_author_info":{"display_name":"Sergi S\u00e1nchez Mancha","author_link":"https:\/\/www.stepalong.com\/fr\/author\/sergiostepalong-com\/"},"uagb_comment_info":0,"uagb_excerpt":"Your digital product instructions are more than a downloadable PDF StepAlong turns your product instructions into structured, mobile-friendly content built for today\u2019s customers, search engines and AI. Usability that helps your customer and business StepAlong creates a digital format designed for mobile, creating a great mobile experience that works across browsers and devices, with no\u2026","mfb_rest_fields":["title","aioseo_notices","uagb_featured_image_src","uagb_author_info","uagb_comment_info","uagb_excerpt"],"_links":{"self":[{"href":"https:\/\/www.stepalong.com\/fr\/wp-json\/wp\/v2\/pages\/8404","targetHints":{"allow":["GET"]}}],"collection":[{"href":"https:\/\/www.stepalong.com\/fr\/wp-json\/wp\/v2\/pages"}],"about":[{"href":"https:\/\/www.stepalong.com\/fr\/wp-json\/wp\/v2\/types\/page"}],"author":[{"embeddable":true,"href":"https:\/\/www.stepalong.com\/fr\/wp-json\/wp\/v2\/users\/1"}],"replies":[{"embeddable":true,"href":"https:\/\/www.stepalong.com\/fr\/wp-json\/wp\/v2\/comments?post=8404"}],"version-history":[{"count":2,"href":"https:\/\/www.stepalong.com\/fr\/wp-json\/wp\/v2\/pages\/8404\/revisions"}],"predecessor-version":[{"id":8415,"href":"https:\/\/www.stepalong.com\/fr\/wp-json\/wp\/v2\/pages\/8404\/revisions\/8415"}],"wp:attachment":[{"href":"https:\/\/www.stepalong.com\/fr\/wp-json\/wp\/v2\/media?parent=8404"}],"curies":[{"name":"wp","href":"https:\/\/api.w.org\/{rel}","templated":true}]}}