{"id":8371,"date":"2025-09-24T16:31:05","date_gmt":"2025-09-24T14:31:05","guid":{"rendered":"https:\/\/www.stepalong.com\/?page_id=8371"},"modified":"2025-09-26T18:03:42","modified_gmt":"2025-09-26T16:03:42","slug":"instructions-numeriques","status":"publish","type":"page","link":"https:\/\/www.stepalong.com\/fr\/instructions-numeriques\/","title":{"rendered":"Instructions num\u00e9riques StepAlong"},"content":{"rendered":"<h2 class=\"wp-block-heading has-text-align-center\" style=\"font-size:2.4em\">Des instructions sur les produits, adapt\u00e9es \u00e0 la mobilit\u00e9 et \u00e0 la marque, dans plus de 30 langues, gr\u00e2ce \u00e0 l'intelligence artificielle.<\/h2>\n\n\n\n<p class=\"has-text-align-center\">R\u00e9duisez le nombre de tickets d'assistance et de retours, et augmentez le nombre d'avis positifs gr\u00e2ce \u00e0 de meilleures instructions centr\u00e9es sur le client.<\/p>\n\n\n\n<div class=\"wp-block-buttons is-content-justification-center is-layout-flex wp-container-core-buttons-is-layout-a89b3969 wp-block-buttons-is-layout-flex\">\n<div class=\"wp-block-button is-style-fill\"><a class=\"wp-block-button__link has-raft-fg-alt-color has-custom-purple-background-color has-text-color has-background has-link-color has-text-align-center wp-element-button\" href=\"https:\/\/www.stepalong.com\/fr\/reserver-une-demonstration\/\">R\u00e9server une d\u00e9monstration<\/a><\/div>\n<\/div>\n\n\n\n<div style=\"height:36px\" aria-hidden=\"true\" class=\"wp-block-spacer\"><\/div>\n\n\n\n<div class=\"wp-block-columns is-layout-flex wp-container-core-columns-is-layout-14cf5ab5 wp-block-columns-is-layout-flex\">\n<div class=\"wp-block-column is-vertically-aligned-center is-layout-flow wp-block-column-is-layout-flow\">\n<h2 class=\"wp-block-heading\">Instructions adapt\u00e9es aux mobiles et aux recherches (aucune application n'est n\u00e9cessaire)<\/h2>\n\n\n\n<p>Les instructions \u00e9tape par \u00e9tape de StepAlong sont tr\u00e8s attrayantes sur mobile et sont rapidement index\u00e9es par les moteurs de recherche et d'intelligence artificielle. Plus besoin de se pencher sur son t\u00e9l\u00e9phone pour cr\u00e9er des PDF d'un autre temps.<\/p>\n<\/div>\n\n\n\n<div class=\"wp-block-column is-layout-flow wp-block-column-is-layout-flow\">\n<figure class=\"wp-block-image size-full shadow rounded\"><img loading=\"lazy\" decoding=\"async\" width=\"951\" height=\"696\" src=\"https:\/\/www.stepalong.com\/wp-content\/uploads\/2025\/09\/mobile-first-instructions.webp\" alt=\"Instructions sur les produits adapt\u00e9es aux mobiles\" class=\"wp-image-8368\" srcset=\"https:\/\/www.stepalong.com\/wp-content\/uploads\/2025\/09\/mobile-first-instructions.webp 951w, https:\/\/www.stepalong.com\/wp-content\/uploads\/2025\/09\/mobile-first-instructions-300x220.webp 300w, https:\/\/www.stepalong.com\/wp-content\/uploads\/2025\/09\/mobile-first-instructions-768x562.webp 768w, https:\/\/www.stepalong.com\/wp-content\/uploads\/2025\/09\/mobile-first-instructions-16x12.webp 16w\" sizes=\"auto, (max-width: 951px) 100vw, 951px\" \/><\/figure>\n<\/div>\n<\/div>\n\n\n\n<div style=\"height:var(--wp--preset--spacing--80)\" aria-hidden=\"true\" class=\"wp-block-spacer\"><\/div>\n\n\n\n<div class=\"wp-block-columns is-layout-flex wp-container-core-columns-is-layout-14cf5ab5 wp-block-columns-is-layout-flex\">\n<div class=\"wp-block-column is-layout-flow wp-block-column-is-layout-flow\">\n<figure class=\"wp-block-image size-full shadow rounded\"><img loading=\"lazy\" decoding=\"async\" width=\"1248\" height=\"892\" src=\"https:\/\/www.stepalong.com\/wp-content\/uploads\/2025\/09\/mobile-instructions-translated.webp\" alt=\"Instructions multilingues sur le produit\" class=\"wp-image-8369\" srcset=\"https:\/\/www.stepalong.com\/wp-content\/uploads\/2025\/09\/mobile-instructions-translated.webp 1248w, https:\/\/www.stepalong.com\/wp-content\/uploads\/2025\/09\/mobile-instructions-translated-300x214.webp 300w, https:\/\/www.stepalong.com\/wp-content\/uploads\/2025\/09\/mobile-instructions-translated-1024x732.webp 1024w, https:\/\/www.stepalong.com\/wp-content\/uploads\/2025\/09\/mobile-instructions-translated-768x549.webp 768w, https:\/\/www.stepalong.com\/wp-content\/uploads\/2025\/09\/mobile-instructions-translated-18x12.webp 18w\" sizes=\"auto, (max-width: 1248px) 100vw, 1248px\" \/><\/figure>\n<\/div>\n\n\n\n<div class=\"wp-block-column is-vertically-aligned-center is-layout-flow wp-block-column-is-layout-flow\">\n<h2 class=\"wp-block-heading\">Soutenir TOUS les march\u00e9s internationaux<\/h2>\n\n\n\n<p>De nombreuses marques vendent \u00e0 l'\u00e9chelle mondiale, mais peinent \u00e0 couvrir tous les march\u00e9s. L'IA de StepAlong offre des services d'aide \u00e0 la d\u00e9cision en fonction du contexte. <a href=\"https:\/\/www.stepalong.com\/fr\/traduction-des-instructions-du-produit-ai\/\" title=\"Traduction d&#039;instructions de produits avec l&#039;IA\">des traductions dans plus de 30 langues<\/a> - modifiables par votre \u00e9quipe ou votre agence directement sur la plateforme, ce qui permet de r\u00e9duire les co\u00fbts de production et les d\u00e9lais de mise sur le march\u00e9.<\/p>\n<\/div>\n<\/div>\n\n\n\n<div style=\"height:var(--wp--preset--spacing--80)\" aria-hidden=\"true\" class=\"wp-block-spacer\"><\/div>\n\n\n\n<div class=\"wp-block-columns is-layout-flex wp-container-core-columns-is-layout-14cf5ab5 wp-block-columns-is-layout-flex\">\n<div class=\"wp-block-column is-vertically-aligned-center is-layout-flow wp-block-column-is-layout-flow\">\n<h2 class=\"wp-block-heading\">Un hub pour toutes les instructions<\/h2>\n\n\n\n<p>H\u00e9bergez toutes les instructions et tous les manuels - dans toutes les langues - sous votre domaine de marque. Offrez \u00e0 vos clients une ressource unique et consultable qu'ils utiliseront r\u00e9ellement.<\/p>\n<\/div>\n\n\n\n<div class=\"wp-block-column is-layout-flow wp-block-column-is-layout-flow\">\n<figure class=\"wp-block-image size-full shadow rounded\"><img loading=\"lazy\" decoding=\"async\" width=\"1148\" height=\"780\" src=\"https:\/\/www.stepalong.com\/wp-content\/uploads\/2025\/09\/ecofort-branded-instruction-center.png\" alt=\"Centre d&#039;instruction StepAlong de marque\" class=\"wp-image-8389\" srcset=\"https:\/\/www.stepalong.com\/wp-content\/uploads\/2025\/09\/ecofort-branded-instruction-center.png 1148w, https:\/\/www.stepalong.com\/wp-content\/uploads\/2025\/09\/ecofort-branded-instruction-center-300x204.png 300w, https:\/\/www.stepalong.com\/wp-content\/uploads\/2025\/09\/ecofort-branded-instruction-center-1024x696.png 1024w, https:\/\/www.stepalong.com\/wp-content\/uploads\/2025\/09\/ecofort-branded-instruction-center-768x522.png 768w, https:\/\/www.stepalong.com\/wp-content\/uploads\/2025\/09\/ecofort-branded-instruction-center-18x12.png 18w\" sizes=\"auto, (max-width: 1148px) 100vw, 1148px\" \/><\/figure>\n<\/div>\n<\/div>\n\n\n\n<div style=\"height:var(--wp--preset--spacing--80)\" aria-hidden=\"true\" class=\"wp-block-spacer\"><\/div>\n\n\n\n<div class=\"wp-block-columns is-layout-flex wp-container-core-columns-is-layout-14cf5ab5 wp-block-columns-is-layout-flex\">\n<div class=\"wp-block-column is-layout-flow wp-block-column-is-layout-flow\">\n<figure class=\"wp-block-image size-full shadow rounded\"><img loading=\"lazy\" decoding=\"async\" width=\"1080\" height=\"746\" src=\"https:\/\/www.stepalong.com\/wp-content\/uploads\/2025\/09\/stepalong-builder-silentlab.webp\" alt=\"Constructeur d&#039;instructions StepAlong pour les produits\" class=\"wp-image-8370\" srcset=\"https:\/\/www.stepalong.com\/wp-content\/uploads\/2025\/09\/stepalong-builder-silentlab.webp 1080w, https:\/\/www.stepalong.com\/wp-content\/uploads\/2025\/09\/stepalong-builder-silentlab-300x207.webp 300w, https:\/\/www.stepalong.com\/wp-content\/uploads\/2025\/09\/stepalong-builder-silentlab-1024x707.webp 1024w, https:\/\/www.stepalong.com\/wp-content\/uploads\/2025\/09\/stepalong-builder-silentlab-768x530.webp 768w, https:\/\/www.stepalong.com\/wp-content\/uploads\/2025\/09\/stepalong-builder-silentlab-18x12.webp 18w\" sizes=\"auto, (max-width: 1080px) 100vw, 1080px\" \/><\/figure>\n<\/div>\n\n\n\n<div class=\"wp-block-column is-vertically-aligned-center is-layout-flow wp-block-column-is-layout-flow\">\n<h2 class=\"wp-block-heading\">Cr\u00e9ation facile d'instructions<\/h2>\n\n\n\n<p>Cr\u00e9ez des instructions \u00e0 partir de textes, de PDF ou m\u00eame de tutoriels YouTube gr\u00e2ce \u00e0 des outils dot\u00e9s d'une intelligence artificielle. Vous pouvez \u00e9galement utiliser les mod\u00e8les pr\u00eats \u00e0 l'emploi de StepAlong pour cr\u00e9er des instructions rapides et conviviales, sans avoir besoin de Word ou d'InDesign.<\/p>\n<\/div>\n<\/div>\n\n\n\n<div style=\"height:var(--wp--preset--spacing--80)\" aria-hidden=\"true\" class=\"wp-block-spacer\"><\/div>\n\n\n\n<div class=\"wp-block-columns is-layout-flex wp-container-core-columns-is-layout-14cf5ab5 wp-block-columns-is-layout-flex\">\n<div class=\"wp-block-column is-vertically-aligned-center is-layout-flow wp-block-column-is-layout-flow\">\n<h2 class=\"wp-block-heading\">Rester conforme et accessible<\/h2>\n\n\n\n<p class=\"translation-block\"><a href=\"https:\/\/www.stepalong.com\/fr\/conforme-au-gpsr\/\" title=\"Haga que las instrucciones de sus productos cumplan con GPSR\" target=\"_self\">Respectez les r\u00e8gles d'accessibilit\u00e9 GPSR<\/a>, EAA et locales sans effort en fournissant des instructions de produits inclusives pour tous les utilisateurs en ligne et au format PDF. Mettez le contenu \u00e0 jour instantan\u00e9ment pour rester conforme \u00e0 l'\u00e9volution des r\u00e9glementations.<\/p>\n<\/div>\n\n\n\n<div class=\"wp-block-column is-layout-flow wp-block-column-is-layout-flow\">\n<figure class=\"wp-block-image size-full shadow rounded\"><img loading=\"lazy\" decoding=\"async\" width=\"1700\" height=\"1700\" src=\"https:\/\/www.stepalong.com\/wp-content\/uploads\/2025\/09\/GPSR-accesible-instructions.webp\" alt=\"Instructions accessibles au format PDF\" class=\"wp-image-8373\" srcset=\"https:\/\/www.stepalong.com\/wp-content\/uploads\/2025\/09\/GPSR-accesible-instructions.webp 1700w, https:\/\/www.stepalong.com\/wp-content\/uploads\/2025\/09\/GPSR-accesible-instructions-300x300.webp 300w, https:\/\/www.stepalong.com\/wp-content\/uploads\/2025\/09\/GPSR-accesible-instructions-1024x1024.webp 1024w, https:\/\/www.stepalong.com\/wp-content\/uploads\/2025\/09\/GPSR-accesible-instructions-150x150.webp 150w, https:\/\/www.stepalong.com\/wp-content\/uploads\/2025\/09\/GPSR-accesible-instructions-768x768.webp 768w, https:\/\/www.stepalong.com\/wp-content\/uploads\/2025\/09\/GPSR-accesible-instructions-1536x1536.webp 1536w, https:\/\/www.stepalong.com\/wp-content\/uploads\/2025\/09\/GPSR-accesible-instructions-12x12.webp 12w\" sizes=\"auto, (max-width: 1700px) 100vw, 1700px\" \/><\/figure>\n<\/div>\n<\/div>\n\n\n\n<div style=\"height:var(--wp--preset--spacing--80)\" aria-hidden=\"true\" class=\"wp-block-spacer\"><\/div>\n\n\n\n<div class=\"wp-block-columns is-layout-flex wp-container-core-columns-is-layout-14cf5ab5 wp-block-columns-is-layout-flex\">\n<div class=\"wp-block-column is-layout-flow wp-block-column-is-layout-flow\">\n<div class=\"wp-block-group feature is-layout-constrained wp-block-group-is-layout-constrained\">\n<div class=\"wp-block-columns is-layout-flex wp-container-core-columns-is-layout-cbe57604 wp-block-columns-is-layout-flex\">\n<div class=\"wp-block-column is-layout-flow wp-block-column-is-layout-flow\">\n<figure class=\"wp-block-image size-large rounded\"><img loading=\"lazy\" decoding=\"async\" width=\"1024\" height=\"1024\" src=\"https:\/\/www.stepalong.com\/wp-content\/uploads\/2025\/08\/stepalong-roi-calculator-1024x1024.webp\" alt=\"Calculateur de retour sur investissement StepAlong\" class=\"wp-image-8026\" srcset=\"https:\/\/www.stepalong.com\/wp-content\/uploads\/2025\/08\/stepalong-roi-calculator-1024x1024.webp 1024w, https:\/\/www.stepalong.com\/wp-content\/uploads\/2025\/08\/stepalong-roi-calculator-300x300.webp 300w, https:\/\/www.stepalong.com\/wp-content\/uploads\/2025\/08\/stepalong-roi-calculator-150x150.webp 150w, https:\/\/www.stepalong.com\/wp-content\/uploads\/2025\/08\/stepalong-roi-calculator-768x768.webp 768w, https:\/\/www.stepalong.com\/wp-content\/uploads\/2025\/08\/stepalong-roi-calculator-12x12.webp 12w, https:\/\/www.stepalong.com\/wp-content\/uploads\/2025\/08\/stepalong-roi-calculator.webp 1420w\" sizes=\"auto, (max-width: 1024px) 100vw, 1024px\" \/><\/figure>\n<\/div>\n\n\n\n<div class=\"wp-block-column is-layout-flow wp-block-column-is-layout-flow\">\n<h3 class=\"wp-block-heading\">Calculez vos \u00e9conomies potentielles<\/h3>\n\n\n\n<p>D\u00e9couvrez les \u00e9conomies que votre entreprise peut r\u00e9aliser en adoptant la plateforme d'enseignement num\u00e9rique de StepAlong, aliment\u00e9e par l'IA.<\/p>\n\n\n\n<div style=\"height:0px\" aria-hidden=\"true\" class=\"wp-block-spacer\"><\/div>\n<\/div>\n<\/div>\n\n\n\n<div style=\"height:1em\" aria-hidden=\"true\" class=\"wp-block-spacer\"><\/div>\n\n\n\n<div class=\"wp-block-buttons is-content-justification-center is-layout-flex wp-container-core-buttons-is-layout-a89b3969 wp-block-buttons-is-layout-flex\">\n<div class=\"wp-block-button is-style-outline is-style-outline--1\"><a class=\"wp-block-button__link has-custom-purple-color has-text-color has-link-color has-border-color has-custom-purple-border-color wp-element-button\" href=\"https:\/\/www.stepalong.com\/fr\/calculateur-de-roi\/\">Calculez vos \u00e9conomies<\/a><\/div>\n<\/div>\n<\/div>\n<\/div>\n\n\n\n<div class=\"wp-block-column is-vertically-aligned-center is-layout-flow wp-block-column-is-layout-flow\">\n<p>Chez StepAlong, nous nous sommes concentr\u00e9s sur ce dont les clients ont besoin pour avoir une bonne exp\u00e9rience des instructions sur les produits :<\/p>\n\n\n\n<ul class=\"wp-block-list\">\n<li><strong>Priorit\u00e9 au mobile<\/strong><br>Aucun t\u00e9l\u00e9chargement d'application n'est n\u00e9cessaire, il suffit d'ouvrir et de suivre.<\/li>\n\n\n\n<li><strong>\u00c9tapes guid\u00e9es<\/strong><br>Une structure logique, \u00e9tape par \u00e9tape, pour plus de clart\u00e9<\/li>\n\n\n\n<li><strong>Formats flexibles<\/strong><br>PDF t\u00e9l\u00e9chargeables pour ceux qui le pr\u00e9f\u00e8rent<\/li>\n\n\n\n<li><strong>D\u00e9couverte facile<\/strong><br>Accessible via Google, ChatGPT et d'autres moteurs de recherche<\/li>\n\n\n\n<li><strong>Contenu localis\u00e9<\/strong><br>Instructions dans la langue de vos clients<\/li>\n<\/ul>\n\n\n\n<div style=\"height:1em\" aria-hidden=\"true\" class=\"wp-block-spacer\"><\/div>\n\n\n\n<div class=\"wp-block-buttons is-content-justification-center is-layout-flex wp-container-core-buttons-is-layout-a89b3969 wp-block-buttons-is-layout-flex\">\n<div class=\"wp-block-button is-style-fill\"><a class=\"wp-block-button__link has-raft-fg-alt-color has-custom-purple-background-color has-text-color has-background has-link-color has-text-align-center wp-element-button\" href=\"https:\/\/www.stepalong.com\/fr\/reserver-une-demonstration\/\">R\u00e9server une d\u00e9monstration<\/a><\/div>\n<\/div>\n<\/div>\n<\/div>","protected":false},"excerpt":{"rendered":"<p>Branded, mobile-friendly product instructions in 30+ languages, powered by AI Reduce support tickets, returns and increase positive reviews with better, customer focussed instructions. Mobile-First, Search-Friendly Instructions (no app needed) StepAlong\u2019s step-by-step instructions look great on mobile and get indexed fast by search and AI engines. No more hunching over your phones to work out PDF [&hellip;]<\/p>","protected":false},"author":1,"featured_media":0,"parent":0,"menu_order":0,"comment_status":"closed","ping_status":"closed","template":"wp-custom-template-landing-page-b","meta":{"content-type":"","_uag_custom_page_level_css":"","footnotes":""},"class_list":["post-8371","page","type-page","status-publish","hentry"],"aioseo_notices":[],"mb":[],"uagb_featured_image_src":{"full":false,"thumbnail":false,"medium":false,"medium_large":false,"large":false,"1536x1536":false,"2048x2048":false,"trp-custom-language-flag":false},"uagb_author_info":{"display_name":"Sergi S\u00e1nchez Mancha","author_link":"https:\/\/www.stepalong.com\/fr\/author\/sergiostepalong-com\/"},"uagb_comment_info":0,"uagb_excerpt":"Branded, mobile-friendly product instructions in 30+ languages, powered by AI Reduce support tickets, returns and increase positive reviews with better, customer focussed instructions. Mobile-First, Search-Friendly Instructions (no app needed) StepAlong\u2019s step-by-step instructions look great on mobile and get indexed fast by search and AI engines. No more hunching over your phones to work out PDF\u2026","mfb_rest_fields":["title","aioseo_notices","uagb_featured_image_src","uagb_author_info","uagb_comment_info","uagb_excerpt"],"_links":{"self":[{"href":"https:\/\/www.stepalong.com\/fr\/wp-json\/wp\/v2\/pages\/8371","targetHints":{"allow":["GET"]}}],"collection":[{"href":"https:\/\/www.stepalong.com\/fr\/wp-json\/wp\/v2\/pages"}],"about":[{"href":"https:\/\/www.stepalong.com\/fr\/wp-json\/wp\/v2\/types\/page"}],"author":[{"embeddable":true,"href":"https:\/\/www.stepalong.com\/fr\/wp-json\/wp\/v2\/users\/1"}],"replies":[{"embeddable":true,"href":"https:\/\/www.stepalong.com\/fr\/wp-json\/wp\/v2\/comments?post=8371"}],"version-history":[{"count":4,"href":"https:\/\/www.stepalong.com\/fr\/wp-json\/wp\/v2\/pages\/8371\/revisions"}],"predecessor-version":[{"id":8390,"href":"https:\/\/www.stepalong.com\/fr\/wp-json\/wp\/v2\/pages\/8371\/revisions\/8390"}],"wp:attachment":[{"href":"https:\/\/www.stepalong.com\/fr\/wp-json\/wp\/v2\/media?parent=8371"}],"curies":[{"name":"wp","href":"https:\/\/api.w.org\/{rel}","templated":true}]}}