{"id":8346,"date":"2025-09-23T13:11:17","date_gmt":"2025-09-23T11:11:17","guid":{"rendered":"https:\/\/www.stepalong.com\/?page_id=8346"},"modified":"2025-09-24T17:33:36","modified_gmt":"2025-09-24T15:33:36","slug":"instructions-pour-la-preparation-de-la-boite","status":"publish","type":"page","link":"https:\/\/www.stepalong.com\/fr\/instructions-pour-la-preparation-de-la-boite\/","title":{"rendered":"Instructions de pr\u00e9paration de la bo\u00eete StepAlong"},"content":{"rendered":"<h2 class=\"wp-block-heading has-text-align-center\" style=\"font-size:2.4em\">Instructions pour les produits num\u00e9riques et en bo\u00eete sur une seule plateforme<\/h2>\n\n\n\n<p class=\"has-text-align-center\">R\u00e9digez une fois, exportez vos instructions dans tous les formats et sous toutes les formes dont vous avez besoin.<\/p>\n\n\n\n<div class=\"wp-block-buttons is-content-justification-center is-layout-flex wp-container-core-buttons-is-layout-a89b3969 wp-block-buttons-is-layout-flex\">\n<div class=\"wp-block-button is-style-fill\"><a class=\"wp-block-button__link has-raft-fg-alt-color has-custom-purple-background-color has-text-color has-background has-link-color has-text-align-center wp-element-button\" href=\"https:\/\/www.stepalong.com\/fr\/reserver-une-demonstration\/\">R\u00e9server une d\u00e9monstration<\/a><\/div>\n<\/div>\n\n\n\n<div style=\"height:36px\" aria-hidden=\"true\" class=\"wp-block-spacer\"><\/div>\n\n\n\n<p>StepAlong Box Ready s'int\u00e8gre dans <a href=\"https:\/\/www.stepalong.com\/fr\/instructions-numeriques\/\" title=\"Instructions num\u00e9riques StepAlong\">Instructions num\u00e9riques StepAlong<\/a> cr\u00e9er une plateforme tout-en-un pour cr\u00e9er toute la documentation p\u00e9dagogique en une seule fois (instructions, codes QR, guides de d\u00e9marrage rapide, etc.), puis la diffuser dans tous les formats (num\u00e9rique, imprim\u00e9) et sous toutes les formes (mobile, PC, A4, A5, etc.).<\/p>\n\n\n\n<div class=\"wp-block-columns is-layout-flex wp-container-core-columns-is-layout-14cf5ab5 wp-block-columns-is-layout-flex\">\n<div class=\"wp-block-column is-vertically-aligned-center is-layout-flow wp-block-column-is-layout-flow\">\n<h2 class=\"wp-block-heading\">Tous les formats, en une seule fois<\/h2>\n\n\n\n<p>M\u00eame lorsqu'un produit peut l\u00e9galement s'appuyer sur un code QR, il est toujours n\u00e9cessaire d'inclure quelque chose dans la bo\u00eete - un encart QR, un avis de s\u00e9curit\u00e9 ou un guide de d\u00e9marrage rapide - souvent en plusieurs langues. Jusqu'\u00e0 pr\u00e9sent, cela signifiait qu'il fallait deux processus pour la cr\u00e9ation des instructions, ce qui augmentait les erreurs, les co\u00fbts et les retards.<\/p>\n<\/div>\n\n\n\n<div class=\"wp-block-column is-layout-flow wp-block-column-is-layout-flow\">\n<figure class=\"wp-block-image size-full shadow rounded\"><img loading=\"lazy\" decoding=\"async\" width=\"951\" height=\"696\" src=\"https:\/\/www.stepalong.com\/wp-content\/uploads\/2025\/09\/every-format.webp\" alt=\"Instructions de plusieurs pages sur le produit.\" class=\"wp-image-8348\" srcset=\"https:\/\/www.stepalong.com\/wp-content\/uploads\/2025\/09\/every-format.webp 951w, https:\/\/www.stepalong.com\/wp-content\/uploads\/2025\/09\/every-format-300x220.webp 300w, https:\/\/www.stepalong.com\/wp-content\/uploads\/2025\/09\/every-format-768x562.webp 768w, https:\/\/www.stepalong.com\/wp-content\/uploads\/2025\/09\/every-format-16x12.webp 16w\" sizes=\"auto, (max-width: 951px) 100vw, 951px\" \/><\/figure>\n<\/div>\n<\/div>\n\n\n\n<div style=\"height:var(--wp--preset--spacing--80)\" aria-hidden=\"true\" class=\"wp-block-spacer\"><\/div>\n\n\n\n<div class=\"wp-block-columns is-layout-flex wp-container-core-columns-is-layout-14cf5ab5 wp-block-columns-is-layout-flex\">\n<div class=\"wp-block-column is-layout-flow wp-block-column-is-layout-flow\">\n<figure class=\"wp-block-image size-full shadow rounded\"><img loading=\"lazy\" decoding=\"async\" width=\"951\" height=\"696\" src=\"https:\/\/www.stepalong.com\/wp-content\/uploads\/2025\/09\/scan-qr-safety-information.webp\" alt=\"L&#039;utilisateur scanne un code QR et voit appara\u00eetre un emballage contenant des informations de s\u00e9curit\u00e9 pour les instructions relatives au produit.\" class=\"wp-image-8351\" srcset=\"https:\/\/www.stepalong.com\/wp-content\/uploads\/2025\/09\/scan-qr-safety-information.webp 951w, https:\/\/www.stepalong.com\/wp-content\/uploads\/2025\/09\/scan-qr-safety-information-300x220.webp 300w, https:\/\/www.stepalong.com\/wp-content\/uploads\/2025\/09\/scan-qr-safety-information-768x562.webp 768w, https:\/\/www.stepalong.com\/wp-content\/uploads\/2025\/09\/scan-qr-safety-information-16x12.webp 16w\" sizes=\"auto, (max-width: 951px) 100vw, 951px\" \/><\/figure>\n<\/div>\n\n\n\n<div class=\"wp-block-column is-vertically-aligned-center is-layout-flow wp-block-column-is-layout-flow\">\n<h2 class=\"wp-block-heading\">Le z\u00e9ro papier est un id\u00e9al, mais la r\u00e9duction du papier commence ici<\/h2>\n\n\n\n<p>Les r\u00e9glementations diff\u00e8rent d'un march\u00e9 \u00e0 l'autre et il n'est pas encore possible d'obtenir des instructions totalement d\u00e9mat\u00e9rialis\u00e9es. StepAlong vous aide \u00e0 r\u00e9duire le papier partout o\u00f9 vous le pouvez tout en vous conformant au RGPD de l'UE et \u00e0 d'autres r\u00e9glementations r\u00e9gionales. Qu'il s'agisse d'encarts QR, de guides de d\u00e9marrage rapide ou de manuels complets, vous fournissez toujours \u00e0 vos clients des instructions en ligne actualis\u00e9es tout en respectant les points suivants <a href=\"https:\/\/www.stepalong.com\/fr\/conforme-au-gpsr\/\" title=\"GPSR\">se conformer au RGPD de l'UE<\/a> et d'autres r\u00e8gles r\u00e9gionales.<\/p>\n<\/div>\n<\/div>\n\n\n\n<div style=\"height:var(--wp--preset--spacing--80)\" aria-hidden=\"true\" class=\"wp-block-spacer\"><\/div>\n\n\n\n<div class=\"wp-block-columns is-layout-flex wp-container-core-columns-is-layout-14cf5ab5 wp-block-columns-is-layout-flex\">\n<div class=\"wp-block-column is-vertically-aligned-center is-layout-flow wp-block-column-is-layout-flow\">\n<h2 class=\"wp-block-heading\">Ne plus jamais r\u00e9imprimer des instructions p\u00e9rim\u00e9es<\/h2>\n\n\n\n<p>Avec StepAlong Box Ready, vous cr\u00e9ez les instructions une fois pour toutes et vous les imprimez instantan\u00e9ment dans tous les formats num\u00e9riques et papier requis. Les mises \u00e0 jour apparaissent imm\u00e9diatement en ligne et sont pr\u00eates pour le prochain tirage, ce qui garantit que l'usine dispose toujours de la version la plus r\u00e9cente.<\/p>\n<\/div>\n\n\n\n<div class=\"wp-block-column is-layout-flow wp-block-column-is-layout-flow\">\n<figure class=\"wp-block-image size-full shadow rounded\"><img loading=\"lazy\" decoding=\"async\" width=\"1011\" height=\"776\" src=\"https:\/\/www.stepalong.com\/wp-content\/uploads\/2025\/09\/paper-digital-instructions.webp\" alt=\"Guide de d\u00e9marrage rapide imprim\u00e9 pour le produit.\" class=\"wp-image-8349\" srcset=\"https:\/\/www.stepalong.com\/wp-content\/uploads\/2025\/09\/paper-digital-instructions.webp 1011w, https:\/\/www.stepalong.com\/wp-content\/uploads\/2025\/09\/paper-digital-instructions-300x230.webp 300w, https:\/\/www.stepalong.com\/wp-content\/uploads\/2025\/09\/paper-digital-instructions-768x589.webp 768w, https:\/\/www.stepalong.com\/wp-content\/uploads\/2025\/09\/paper-digital-instructions-16x12.webp 16w\" sizes=\"auto, (max-width: 1011px) 100vw, 1011px\" \/><\/figure>\n<\/div>\n<\/div>\n\n\n\n<div style=\"height:var(--wp--preset--spacing--80)\" aria-hidden=\"true\" class=\"wp-block-spacer\"><\/div>\n\n\n\n<div class=\"wp-block-columns is-layout-flex wp-container-core-columns-is-layout-14cf5ab5 wp-block-columns-is-layout-flex\">\n<div class=\"wp-block-column is-layout-flow wp-block-column-is-layout-flow\">\n<figure class=\"wp-block-image size-full shadow rounded\"><img loading=\"lazy\" decoding=\"async\" width=\"951\" height=\"692\" src=\"https:\/\/www.stepalong.com\/wp-content\/uploads\/2025\/09\/qr-sticker-settings.webp\" alt=\"Les param\u00e8tres de l&#039;autocollant du code QR de StepAlong Box Ready pour les instructions relatives au produit.\" class=\"wp-image-8357\" srcset=\"https:\/\/www.stepalong.com\/wp-content\/uploads\/2025\/09\/qr-sticker-settings.webp 951w, https:\/\/www.stepalong.com\/wp-content\/uploads\/2025\/09\/qr-sticker-settings-300x218.webp 300w, https:\/\/www.stepalong.com\/wp-content\/uploads\/2025\/09\/qr-sticker-settings-768x559.webp 768w, https:\/\/www.stepalong.com\/wp-content\/uploads\/2025\/09\/qr-sticker-settings-16x12.webp 16w\" sizes=\"auto, (max-width: 951px) 100vw, 951px\" \/><\/figure>\n<\/div>\n\n\n\n<div class=\"wp-block-column is-vertically-aligned-center is-layout-flow wp-block-column-is-layout-flow\">\n<h2 class=\"wp-block-heading\">Des mod\u00e8les pr\u00eats \u00e0 l'emploi pour tous les sc\u00e9narios<\/h2>\n\n\n\n<p>G\u00e9n\u00e9rer automatiquement un PDF pr\u00eat \u00e0 l'impression (rep\u00e8res de coupe, fonds perdus, polices int\u00e9gr\u00e9es, images haute r\u00e9solution) pour votre sc\u00e9nario :<\/p>\n\n\n\n<ul class=\"wp-block-list\">\n<li class=\"translation-block\"><strong>Code QR autocollant<\/strong> pour diriger les clients vers les instructions compl\u00e8tes en ligne<\/li>\n\n\n\n<li><strong>QR Code + Conseils de s\u00e9curit\u00e9 + Manuel complet imprim\u00e9<\/strong><\/li>\n\n\n\n<li><strong>QR Code + Livret de conseils de s\u00e9curit\u00e9<\/strong><\/li>\n\n\n\n<li><strong>QR Code + Conseils de s\u00e9curit\u00e9 + Guide de d\u00e9marrage rapide<\/strong><\/li>\n<\/ul>\n<\/div>\n<\/div>\n\n\n\n<div style=\"height:var(--wp--preset--spacing--80)\" aria-hidden=\"true\" class=\"wp-block-spacer\"><\/div>\n\n\n\n<div class=\"wp-block-columns is-layout-flex wp-container-core-columns-is-layout-14cf5ab5 wp-block-columns-is-layout-flex\">\n<div class=\"wp-block-column is-layout-flow wp-block-column-is-layout-flow\">\n<div class=\"wp-block-group feature is-layout-constrained wp-block-group-is-layout-constrained\">\n<div class=\"wp-block-columns is-layout-flex wp-container-core-columns-is-layout-cbe57604 wp-block-columns-is-layout-flex\">\n<div class=\"wp-block-column is-layout-flow wp-block-column-is-layout-flow\">\n<figure class=\"wp-block-image size-large rounded\"><img loading=\"lazy\" decoding=\"async\" width=\"1024\" height=\"1024\" src=\"https:\/\/www.stepalong.com\/wp-content\/uploads\/2025\/08\/stepalong-roi-calculator-1024x1024.webp\" alt=\"Calculateur de retour sur investissement StepAlong\" class=\"wp-image-8026\" srcset=\"https:\/\/www.stepalong.com\/wp-content\/uploads\/2025\/08\/stepalong-roi-calculator-1024x1024.webp 1024w, https:\/\/www.stepalong.com\/wp-content\/uploads\/2025\/08\/stepalong-roi-calculator-300x300.webp 300w, https:\/\/www.stepalong.com\/wp-content\/uploads\/2025\/08\/stepalong-roi-calculator-150x150.webp 150w, https:\/\/www.stepalong.com\/wp-content\/uploads\/2025\/08\/stepalong-roi-calculator-768x768.webp 768w, https:\/\/www.stepalong.com\/wp-content\/uploads\/2025\/08\/stepalong-roi-calculator-12x12.webp 12w, https:\/\/www.stepalong.com\/wp-content\/uploads\/2025\/08\/stepalong-roi-calculator.webp 1420w\" sizes=\"auto, (max-width: 1024px) 100vw, 1024px\" \/><\/figure>\n<\/div>\n\n\n\n<div class=\"wp-block-column is-layout-flow wp-block-column-is-layout-flow\">\n<h3 class=\"wp-block-heading\">Calculez vos \u00e9conomies potentielles<\/h3>\n\n\n\n<p>D\u00e9couvrez les \u00e9conomies que votre entreprise peut r\u00e9aliser en adoptant la plateforme d'enseignement num\u00e9rique de StepAlong, aliment\u00e9e par l'IA.<\/p>\n\n\n\n<div style=\"height:0px\" aria-hidden=\"true\" class=\"wp-block-spacer\"><\/div>\n<\/div>\n<\/div>\n\n\n\n<div style=\"height:1em\" aria-hidden=\"true\" class=\"wp-block-spacer\"><\/div>\n\n\n\n<div class=\"wp-block-buttons is-content-justification-center is-layout-flex wp-container-core-buttons-is-layout-a89b3969 wp-block-buttons-is-layout-flex\">\n<div class=\"wp-block-button is-style-outline is-style-outline--1\"><a class=\"wp-block-button__link has-custom-purple-color has-text-color has-link-color has-border-color has-custom-purple-border-color wp-element-button\" href=\"https:\/\/www.stepalong.com\/fr\/calculateur-de-roi\/\">Calculez vos \u00e9conomies<\/a><\/div>\n<\/div>\n<\/div>\n<\/div>\n\n\n\n<div class=\"wp-block-column is-vertically-aligned-center is-layout-flow wp-block-column-is-layout-flow\">\n<p>Chez StepAlong, nous nous sommes concentr\u00e9s sur ce dont les clients ont besoin pour avoir une bonne exp\u00e9rience des instructions sur les produits :<\/p>\n\n\n\n<ul class=\"wp-block-list\">\n<li><strong>Priorit\u00e9 au mobile<\/strong><br>Aucun t\u00e9l\u00e9chargement d'application n'est n\u00e9cessaire, il suffit d'ouvrir et de suivre.<\/li>\n\n\n\n<li><strong>\u00c9tapes guid\u00e9es<\/strong><br>Une structure logique, \u00e9tape par \u00e9tape, pour plus de clart\u00e9<\/li>\n\n\n\n<li><strong>Formats flexibles<\/strong><br>PDF t\u00e9l\u00e9chargeables pour ceux qui le pr\u00e9f\u00e8rent<\/li>\n\n\n\n<li><strong>D\u00e9couverte facile<\/strong><br>Accessible via Google, ChatGPT et d'autres moteurs de recherche<\/li>\n\n\n\n<li><strong>Contenu localis\u00e9<\/strong><br>Instructions dans la langue de vos clients<\/li>\n<\/ul>\n\n\n\n<div style=\"height:1em\" aria-hidden=\"true\" class=\"wp-block-spacer\"><\/div>\n\n\n\n<div class=\"wp-block-buttons is-content-justification-center is-layout-flex wp-container-core-buttons-is-layout-a89b3969 wp-block-buttons-is-layout-flex\">\n<div class=\"wp-block-button is-style-fill\"><a class=\"wp-block-button__link has-raft-fg-alt-color has-custom-purple-background-color has-text-color has-background has-link-color has-text-align-center wp-element-button\" href=\"https:\/\/www.stepalong.com\/fr\/reserver-une-demonstration\/\">R\u00e9server une d\u00e9monstration<\/a><\/div>\n<\/div>\n<\/div>\n<\/div>","protected":false},"excerpt":{"rendered":"<p>Digital &amp; In-Box Product Instructions in One Platform Write once, export your instructions to any format and form you need. StepAlong Box Ready integrates into StepAlong Digital Instructions to create an all-in-one platform to create all instructional documentation once (instructions, QR codes, quick start guides etc), then output to all formats (digital, print) and all [&hellip;]<\/p>","protected":false},"author":1,"featured_media":0,"parent":0,"menu_order":0,"comment_status":"closed","ping_status":"closed","template":"wp-custom-template-landing-page-b","meta":{"content-type":"","_uag_custom_page_level_css":"","footnotes":""},"class_list":["post-8346","page","type-page","status-publish","hentry"],"aioseo_notices":[],"mb":[],"uagb_featured_image_src":{"full":false,"thumbnail":false,"medium":false,"medium_large":false,"large":false,"1536x1536":false,"2048x2048":false,"trp-custom-language-flag":false},"uagb_author_info":{"display_name":"Sergi S\u00e1nchez Mancha","author_link":"https:\/\/www.stepalong.com\/fr\/author\/sergiostepalong-com\/"},"uagb_comment_info":0,"uagb_excerpt":"Digital &amp; In-Box Product Instructions in One Platform Write once, export your instructions to any format and form you need. StepAlong Box Ready integrates into StepAlong Digital Instructions to create an all-in-one platform to create all instructional documentation once (instructions, QR codes, quick start guides etc), then output to all formats (digital, print) and all\u2026","mfb_rest_fields":["title","aioseo_notices","uagb_featured_image_src","uagb_author_info","uagb_comment_info","uagb_excerpt"],"_links":{"self":[{"href":"https:\/\/www.stepalong.com\/fr\/wp-json\/wp\/v2\/pages\/8346","targetHints":{"allow":["GET"]}}],"collection":[{"href":"https:\/\/www.stepalong.com\/fr\/wp-json\/wp\/v2\/pages"}],"about":[{"href":"https:\/\/www.stepalong.com\/fr\/wp-json\/wp\/v2\/types\/page"}],"author":[{"embeddable":true,"href":"https:\/\/www.stepalong.com\/fr\/wp-json\/wp\/v2\/users\/1"}],"replies":[{"embeddable":true,"href":"https:\/\/www.stepalong.com\/fr\/wp-json\/wp\/v2\/comments?post=8346"}],"version-history":[{"count":7,"href":"https:\/\/www.stepalong.com\/fr\/wp-json\/wp\/v2\/pages\/8346\/revisions"}],"predecessor-version":[{"id":8386,"href":"https:\/\/www.stepalong.com\/fr\/wp-json\/wp\/v2\/pages\/8346\/revisions\/8386"}],"wp:attachment":[{"href":"https:\/\/www.stepalong.com\/fr\/wp-json\/wp\/v2\/media?parent=8346"}],"curies":[{"name":"wp","href":"https:\/\/api.w.org\/{rel}","templated":true}]}}