{"id":7909,"date":"2025-08-25T18:44:30","date_gmt":"2025-08-25T16:44:30","guid":{"rendered":"https:\/\/www.stepalong.com\/?page_id=7909"},"modified":"2025-08-27T20:50:24","modified_gmt":"2025-08-27T18:50:24","slug":"stepalong-pour-les-installateurs-independants","status":"publish","type":"page","link":"https:\/\/www.stepalong.com\/fr\/stepalong-pour-les-installateurs-independants\/","title":{"rendered":"StepAlong pour les installateurs ind\u00e9pendants"},"content":{"rendered":"<h2 class=\"wp-block-heading has-text-align-center\" style=\"font-size:2.4em\">De meilleures instructions pour garantir la r\u00e9ussite de l'installation<\/h2>\n\n\n\n<p class=\"has-text-align-center\">StepAlong aide les entreprises qui font appel \u00e0 des installateurs ind\u00e9pendants \u00e0 mieux s'assurer que leur produit est install\u00e9 de mani\u00e8re s\u00fbre et efficace, sans drame.<\/p>\n\n\n\n<div class=\"wp-block-buttons is-content-justification-center is-layout-flex wp-container-core-buttons-is-layout-a89b3969 wp-block-buttons-is-layout-flex\">\n<div class=\"wp-block-button is-style-fill\"><a class=\"wp-block-button__link has-raft-fg-alt-color has-custom-purple-background-color has-text-color has-background has-link-color has-text-align-center wp-element-button\" href=\"https:\/\/www.stepalong.com\/fr\/reserver-une-demonstration\/\">R\u00e9server une d\u00e9monstration<\/a><\/div>\n<\/div>\n\n\n\n<div style=\"height:36px\" aria-hidden=\"true\" class=\"wp-block-spacer\"><\/div>\n\n\n\n<div class=\"wp-block-columns is-layout-flex wp-container-core-columns-is-layout-14cf5ab5 wp-block-columns-is-layout-flex\">\n<div class=\"wp-block-column is-vertically-aligned-center is-layout-flow wp-block-column-is-layout-flow\">\n<h2 class=\"wp-block-heading\">De meilleures instructions permettent aux installateurs de mieux r\u00e9ussir<\/h2>\n\n\n\n<p>La plupart des installateurs sont engag\u00e9s directement par vos clients et installent votre produit pour la premi\u00e8re fois. Avec StepAlong, vos instructions sont con\u00e7ues pour \u00eatre claires, visuelles et infaillibles, de sorte que m\u00eame un installateur d\u00e9butant peut fournir un r\u00e9sultat rapide et professionnel.<\/p>\n<\/div>\n\n\n\n<div class=\"wp-block-column is-layout-flow wp-block-column-is-layout-flow\">\n<figure class=\"wp-block-image size-large shadow rounded\"><img loading=\"lazy\" decoding=\"async\" width=\"1024\" height=\"768\" src=\"https:\/\/www.stepalong.com\/wp-content\/uploads\/2025\/08\/instructions-for-installers-1024x768.jpg\" alt=\"Un installateur pose un pod acoustique tout en suivant des instructions num\u00e9riques sur une tablette.\" class=\"wp-image-7910\" srcset=\"https:\/\/www.stepalong.com\/wp-content\/uploads\/2025\/08\/instructions-for-installers-1024x768.jpg 1024w, https:\/\/www.stepalong.com\/wp-content\/uploads\/2025\/08\/instructions-for-installers-300x225.jpg 300w, https:\/\/www.stepalong.com\/wp-content\/uploads\/2025\/08\/instructions-for-installers-768x576.jpg 768w, https:\/\/www.stepalong.com\/wp-content\/uploads\/2025\/08\/instructions-for-installers-16x12.jpg 16w, https:\/\/www.stepalong.com\/wp-content\/uploads\/2025\/08\/instructions-for-installers.jpg 1275w\" sizes=\"auto, (max-width: 1024px) 100vw, 1024px\" \/><\/figure>\n<\/div>\n<\/div>\n\n\n\n<div style=\"height:var(--wp--preset--spacing--80)\" aria-hidden=\"true\" class=\"wp-block-spacer\"><\/div>\n\n\n\n<div class=\"wp-block-columns is-layout-flex wp-container-core-columns-is-layout-14cf5ab5 wp-block-columns-is-layout-flex\">\n<div class=\"wp-block-column is-layout-flow wp-block-column-is-layout-flow\">\n<figure class=\"wp-block-image size-full rounded shadow\"><img loading=\"lazy\" decoding=\"async\" width=\"1378\" height=\"1033\" src=\"https:\/\/www.stepalong.com\/wp-content\/uploads\/2025\/08\/instructions-installer-language.jpg\" alt=\"Deux installateurs consultent des instructions num\u00e9riques en espagnol sur une tablette.\" class=\"wp-image-7911\" srcset=\"https:\/\/www.stepalong.com\/wp-content\/uploads\/2025\/08\/instructions-installer-language.jpg 1378w, https:\/\/www.stepalong.com\/wp-content\/uploads\/2025\/08\/instructions-installer-language-300x225.jpg 300w, https:\/\/www.stepalong.com\/wp-content\/uploads\/2025\/08\/instructions-installer-language-1024x768.jpg 1024w, https:\/\/www.stepalong.com\/wp-content\/uploads\/2025\/08\/instructions-installer-language-768x576.jpg 768w, https:\/\/www.stepalong.com\/wp-content\/uploads\/2025\/08\/instructions-installer-language-16x12.jpg 16w\" sizes=\"auto, (max-width: 1378px) 100vw, 1378px\" \/><\/figure>\n<\/div>\n\n\n\n<div class=\"wp-block-column is-vertically-aligned-center is-layout-flow wp-block-column-is-layout-flow\">\n<h2 class=\"wp-block-heading\">Instructions dans la langue de l'installateur<\/h2>\n\n\n\n<p>Les installateurs ind\u00e9pendants viennent d'horizons divers et peuvent ne pas parler la m\u00eame langue que votre client. Les traductions IA contextuelles de StepAlong garantissent que vos instructions sont disponibles dans plus de 30 langues pour une fraction du co\u00fbt, ce qui augmente consid\u00e9rablement la probabilit\u00e9 d'une installation sans heurts.<\/p>\n<\/div>\n<\/div>\n\n\n\n<div style=\"height:var(--wp--preset--spacing--80)\" aria-hidden=\"true\" class=\"wp-block-spacer\"><\/div>\n\n\n\n<div class=\"wp-block-columns is-layout-flex wp-container-core-columns-is-layout-14cf5ab5 wp-block-columns-is-layout-flex\">\n<div class=\"wp-block-column is-vertically-aligned-center is-layout-flow wp-block-column-is-layout-flow\">\n<h2 class=\"wp-block-heading\">Int\u00e9grer facilement les commentaires des installateurs<\/h2>\n\n\n\n<p>Les installateurs professionnels peuvent \u00eatre les meilleurs testeurs, voyant les probl\u00e8mes de votre produit et de votre installation que d'autres ne voient pas.<\/p>\n\n\n\n<p>Avec StepAlong, vous pouvez mettre \u00e0 jour vos instructions \u00e0 tout moment, ce qui vous permet de vous assurer qu'elles sont \u00e0 jour et aussi utiles que possible.<\/p>\n<\/div>\n\n\n\n<div class=\"wp-block-column is-layout-flow wp-block-column-is-layout-flow\">\n<figure class=\"wp-block-image size-full rounded shadow\"><img loading=\"lazy\" decoding=\"async\" width=\"1275\" height=\"956\" src=\"https:\/\/www.stepalong.com\/wp-content\/uploads\/2025\/08\/installer-feedback.jpg\" alt=\"Deux hommes inspectent un meuble de salle de bains tandis que l&#039;un d&#039;eux affiche des commentaires sur son t\u00e9l\u00e9phone.\" class=\"wp-image-7913\" srcset=\"https:\/\/www.stepalong.com\/wp-content\/uploads\/2025\/08\/installer-feedback.jpg 1275w, https:\/\/www.stepalong.com\/wp-content\/uploads\/2025\/08\/installer-feedback-300x225.jpg 300w, https:\/\/www.stepalong.com\/wp-content\/uploads\/2025\/08\/installer-feedback-1024x768.jpg 1024w, https:\/\/www.stepalong.com\/wp-content\/uploads\/2025\/08\/installer-feedback-768x576.jpg 768w, https:\/\/www.stepalong.com\/wp-content\/uploads\/2025\/08\/installer-feedback-16x12.jpg 16w\" sizes=\"auto, (max-width: 1275px) 100vw, 1275px\" \/><\/figure>\n<\/div>\n<\/div>\n\n\n\n<div style=\"height:var(--wp--preset--spacing--80)\" aria-hidden=\"true\" class=\"wp-block-spacer\"><\/div>\n\n\n\n<div class=\"wp-block-columns is-layout-flex wp-container-core-columns-is-layout-14cf5ab5 wp-block-columns-is-layout-flex\">\n<div class=\"wp-block-column is-layout-flow wp-block-column-is-layout-flow\">\n<figure class=\"wp-block-image size-full rounded shadow\"><img loading=\"lazy\" decoding=\"async\" width=\"1280\" height=\"1280\" src=\"https:\/\/www.stepalong.com\/wp-content\/uploads\/2025\/08\/installer-stuck.jpg\" alt=\"L&#039;installateur au t\u00e9l\u00e9phone tient un manuel papier d&#039;un air soucieux.\" class=\"wp-image-7912\" srcset=\"https:\/\/www.stepalong.com\/wp-content\/uploads\/2025\/08\/installer-stuck.jpg 1280w, https:\/\/www.stepalong.com\/wp-content\/uploads\/2025\/08\/installer-stuck-300x300.jpg 300w, https:\/\/www.stepalong.com\/wp-content\/uploads\/2025\/08\/installer-stuck-1024x1024.jpg 1024w, https:\/\/www.stepalong.com\/wp-content\/uploads\/2025\/08\/installer-stuck-150x150.jpg 150w, https:\/\/www.stepalong.com\/wp-content\/uploads\/2025\/08\/installer-stuck-768x768.jpg 768w, https:\/\/www.stepalong.com\/wp-content\/uploads\/2025\/08\/installer-stuck-12x12.jpg 12w\" sizes=\"auto, (max-width: 1280px) 100vw, 1280px\" \/><\/figure>\n<\/div>\n\n\n\n<div class=\"wp-block-column is-vertically-aligned-center is-layout-flow wp-block-column-is-layout-flow\">\n<h2 class=\"wp-block-heading\">R\u00e9duire les appels d'assistance et les incidents co\u00fbteux<\/h2>\n\n\n\n<p>Lorsque les installateurs sont bloqu\u00e9s, cela engendre des retards, de la frustration et des appels co\u00fbteux. StepAlong garantit une installation en douceur d\u00e8s la premi\u00e8re fois, r\u00e9duisant les erreurs et inspirant de meilleures critiques de la part de vos clients.<\/p>\n<\/div>\n<\/div>\n\n\n\n<div style=\"height:var(--wp--preset--spacing--80)\" aria-hidden=\"true\" class=\"wp-block-spacer\"><\/div>\n\n\n\n<div class=\"wp-block-columns is-layout-flex wp-container-core-columns-is-layout-14cf5ab5 wp-block-columns-is-layout-flex\">\n<div class=\"wp-block-column is-vertically-aligned-center is-layout-flow wp-block-column-is-layout-flow\">\n<h2 class=\"wp-block-heading\">Les bonnes instructions, pour le bon utilisateur, \u00e0 chaque fois<\/h2>\n\n\n\n<p>StepAlong vous permet de fournir une documentation personnalis\u00e9e pour les clients, les utilisateurs finaux et les installateurs, le tout \u00e0 partir d'une source unique. Notre solution num\u00e9rique, bas\u00e9e sur les codes QR, garantit que chaque utilisateur re\u00e7oit instantan\u00e9ment les bonnes instructions - pas de gaspillage, pas de co\u00fbts d'impression.<\/p>\n<\/div>\n\n\n\n<div class=\"wp-block-column is-layout-flow wp-block-column-is-layout-flow\">\n<figure class=\"wp-block-image size-full rounded shadow\"><img loading=\"lazy\" decoding=\"async\" width=\"1019\" height=\"764\" src=\"https:\/\/www.stepalong.com\/wp-content\/uploads\/2025\/08\/cut-support-calls-installer-1.jpg\" alt=\"\" class=\"wp-image-7917\" srcset=\"https:\/\/www.stepalong.com\/wp-content\/uploads\/2025\/08\/cut-support-calls-installer-1.jpg 1019w, https:\/\/www.stepalong.com\/wp-content\/uploads\/2025\/08\/cut-support-calls-installer-1-300x225.jpg 300w, https:\/\/www.stepalong.com\/wp-content\/uploads\/2025\/08\/cut-support-calls-installer-1-768x576.jpg 768w, https:\/\/www.stepalong.com\/wp-content\/uploads\/2025\/08\/cut-support-calls-installer-1-16x12.jpg 16w\" sizes=\"auto, (max-width: 1019px) 100vw, 1019px\" \/><\/figure>\n<\/div>\n<\/div>\n\n\n\n<div style=\"height:var(--wp--preset--spacing--80)\" aria-hidden=\"true\" class=\"wp-block-spacer\"><\/div>\n\n\n\n<div class=\"wp-block-columns is-layout-flex wp-container-core-columns-is-layout-14cf5ab5 wp-block-columns-is-layout-flex\">\n<div class=\"wp-block-column is-layout-flow wp-block-column-is-layout-flow\">\n<div class=\"wp-block-group feature is-layout-constrained wp-block-group-is-layout-constrained\">\n<div class=\"wp-block-columns is-layout-flex wp-container-core-columns-is-layout-cbe57604 wp-block-columns-is-layout-flex\">\n<div class=\"wp-block-column is-layout-flow wp-block-column-is-layout-flow\">\n<figure class=\"wp-block-image size-large rounded\"><img loading=\"lazy\" decoding=\"async\" width=\"1024\" height=\"1024\" src=\"https:\/\/www.stepalong.com\/wp-content\/uploads\/2025\/08\/stepalong-roi-calculator-1024x1024.webp\" alt=\"Calculateur de retour sur investissement StepAlong\" class=\"wp-image-8026\" srcset=\"https:\/\/www.stepalong.com\/wp-content\/uploads\/2025\/08\/stepalong-roi-calculator-1024x1024.webp 1024w, https:\/\/www.stepalong.com\/wp-content\/uploads\/2025\/08\/stepalong-roi-calculator-300x300.webp 300w, https:\/\/www.stepalong.com\/wp-content\/uploads\/2025\/08\/stepalong-roi-calculator-150x150.webp 150w, https:\/\/www.stepalong.com\/wp-content\/uploads\/2025\/08\/stepalong-roi-calculator-768x768.webp 768w, https:\/\/www.stepalong.com\/wp-content\/uploads\/2025\/08\/stepalong-roi-calculator-12x12.webp 12w, https:\/\/www.stepalong.com\/wp-content\/uploads\/2025\/08\/stepalong-roi-calculator.webp 1420w\" sizes=\"auto, (max-width: 1024px) 100vw, 1024px\" \/><\/figure>\n<\/div>\n\n\n\n<div class=\"wp-block-column is-layout-flow wp-block-column-is-layout-flow\">\n<h3 class=\"wp-block-heading\">Calculez vos \u00e9conomies potentielles<\/h3>\n\n\n\n<p>D\u00e9couvrez les \u00e9conomies que votre entreprise peut r\u00e9aliser en adoptant la plateforme d'enseignement num\u00e9rique de StepAlong, aliment\u00e9e par l'IA.<\/p>\n\n\n\n<div style=\"height:0px\" aria-hidden=\"true\" class=\"wp-block-spacer\"><\/div>\n<\/div>\n<\/div>\n\n\n\n<div style=\"height:1em\" aria-hidden=\"true\" class=\"wp-block-spacer\"><\/div>\n\n\n\n<div class=\"wp-block-buttons is-content-justification-center is-layout-flex wp-container-core-buttons-is-layout-a89b3969 wp-block-buttons-is-layout-flex\">\n<div class=\"wp-block-button is-style-outline is-style-outline--1\"><a class=\"wp-block-button__link has-custom-purple-color has-text-color has-link-color has-border-color has-custom-purple-border-color wp-element-button\" href=\"https:\/\/www.stepalong.com\/fr\/calculateur-de-roi\/\">Calculez vos \u00e9conomies<\/a><\/div>\n<\/div>\n<\/div>\n<\/div>\n\n\n\n<div class=\"wp-block-column is-vertically-aligned-center is-layout-flow wp-block-column-is-layout-flow\">\n<p>Chez StepAlong, nous nous sommes concentr\u00e9s sur ce dont les clients ont besoin pour avoir une bonne exp\u00e9rience des instructions sur les produits :<\/p>\n\n\n\n<ul class=\"wp-block-list\">\n<li><strong>Priorit\u00e9 au mobile<\/strong><br>Aucun t\u00e9l\u00e9chargement d'application n'est n\u00e9cessaire, il suffit d'ouvrir et de suivre.<\/li>\n\n\n\n<li><strong>\u00c9tapes guid\u00e9es<\/strong><br>Une structure logique, \u00e9tape par \u00e9tape, pour plus de clart\u00e9<\/li>\n\n\n\n<li><strong>Formats flexibles<\/strong><br>PDF t\u00e9l\u00e9chargeables pour ceux qui le pr\u00e9f\u00e8rent<\/li>\n\n\n\n<li><strong>D\u00e9couverte facile<\/strong><br>Accessible via Google, ChatGPT et d'autres moteurs de recherche<\/li>\n\n\n\n<li><strong>Contenu localis\u00e9<\/strong><br>Instructions dans la langue de vos clients<\/li>\n<\/ul>\n\n\n\n<div style=\"height:1em\" aria-hidden=\"true\" class=\"wp-block-spacer\"><\/div>\n\n\n\n<div class=\"wp-block-buttons is-content-justification-center is-layout-flex wp-container-core-buttons-is-layout-a89b3969 wp-block-buttons-is-layout-flex\">\n<div class=\"wp-block-button is-style-fill\"><a class=\"wp-block-button__link has-raft-fg-alt-color has-custom-purple-background-color has-text-color has-background has-link-color has-text-align-center wp-element-button\" href=\"https:\/\/www.stepalong.com\/fr\/reserver-une-demonstration\/\">R\u00e9server une d\u00e9monstration<\/a><\/div>\n<\/div>\n<\/div>\n<\/div>","protected":false},"excerpt":{"rendered":"<p>Better instructions to guarantee installation success StepAlong helps companies who rely on independent installers to better ensure their product is installed safely and efficiently without drama. Better instructions make installers more successful Most installers are hired directly by your customers and are installing your product for the first time. With StepAlong, your instructions are designed [&hellip;]<\/p>","protected":false},"author":1,"featured_media":0,"parent":0,"menu_order":0,"comment_status":"closed","ping_status":"closed","template":"wp-custom-template-landing-page-b","meta":{"content-type":"","_uag_custom_page_level_css":"","footnotes":""},"class_list":["post-7909","page","type-page","status-publish","hentry"],"aioseo_notices":[],"mb":[],"uagb_featured_image_src":{"full":false,"thumbnail":false,"medium":false,"medium_large":false,"large":false,"1536x1536":false,"2048x2048":false,"trp-custom-language-flag":false},"uagb_author_info":{"display_name":"Sergi S\u00e1nchez Mancha","author_link":"https:\/\/www.stepalong.com\/fr\/author\/sergiostepalong-com\/"},"uagb_comment_info":0,"uagb_excerpt":"Better instructions to guarantee installation success StepAlong helps companies who rely on independent installers to better ensure their product is installed safely and efficiently without drama. Better instructions make installers more successful Most installers are hired directly by your customers and are installing your product for the first time. With StepAlong, your instructions are designed\u2026","mfb_rest_fields":["title","aioseo_notices","uagb_featured_image_src","uagb_author_info","uagb_comment_info","uagb_excerpt"],"_links":{"self":[{"href":"https:\/\/www.stepalong.com\/fr\/wp-json\/wp\/v2\/pages\/7909","targetHints":{"allow":["GET"]}}],"collection":[{"href":"https:\/\/www.stepalong.com\/fr\/wp-json\/wp\/v2\/pages"}],"about":[{"href":"https:\/\/www.stepalong.com\/fr\/wp-json\/wp\/v2\/types\/page"}],"author":[{"embeddable":true,"href":"https:\/\/www.stepalong.com\/fr\/wp-json\/wp\/v2\/users\/1"}],"replies":[{"embeddable":true,"href":"https:\/\/www.stepalong.com\/fr\/wp-json\/wp\/v2\/comments?post=7909"}],"version-history":[{"count":3,"href":"https:\/\/www.stepalong.com\/fr\/wp-json\/wp\/v2\/pages\/7909\/revisions"}],"predecessor-version":[{"id":8352,"href":"https:\/\/www.stepalong.com\/fr\/wp-json\/wp\/v2\/pages\/7909\/revisions\/8352"}],"wp:attachment":[{"href":"https:\/\/www.stepalong.com\/fr\/wp-json\/wp\/v2\/media?parent=7909"}],"curies":[{"name":"wp","href":"https:\/\/api.w.org\/{rel}","templated":true}]}}