{"id":7860,"date":"2025-08-16T19:55:49","date_gmt":"2025-08-16T17:55:49","guid":{"rendered":"https:\/\/www.stepalong.com\/?page_id=7860"},"modified":"2025-09-05T13:15:48","modified_gmt":"2025-09-05T11:15:48","slug":"meubles-entreprises-demballage-plat","status":"publish","type":"page","link":"https:\/\/www.stepalong.com\/fr\/meubles-entreprises-demballage-plat\/","title":{"rendered":"StepAlong pour les entreprises de l'ameublement et de l'emballage plat"},"content":{"rendered":"<h2 class=\"wp-block-heading has-text-align-center\" style=\"font-size:2.4em\">\u00c9conomisez de l'argent avec la plateforme d'instruction num\u00e9rique StepAlong First<\/h2>\n\n\n\n<p class=\"has-text-align-center has-medium-font-size\">De meilleures instructions d'assemblage sans le co\u00fbt et les cauchemars logistiques<\/p>\n\n\n\n<p class=\"has-text-align-center\">StepAlong est un moyen efficace pour les entreprises de fabrication d'emballages plats de cr\u00e9er de meilleures instructions d'assemblage qui am\u00e9liorent l'exp\u00e9rience du client et r\u00e9duisent les co\u00fbts.<\/p>\n\n\n\n<div class=\"wp-block-buttons is-content-justification-center is-layout-flex wp-container-core-buttons-is-layout-a89b3969 wp-block-buttons-is-layout-flex\">\n<div class=\"wp-block-button is-style-fill\"><a class=\"wp-block-button__link has-raft-fg-alt-color has-custom-purple-background-color has-text-color has-background has-link-color has-text-align-center wp-element-button\" href=\"https:\/\/www.stepalong.com\/fr\/reserver-une-demonstration\/\">R\u00e9server une d\u00e9monstration<\/a><\/div>\n<\/div>\n\n\n\n<div style=\"height:36px\" aria-hidden=\"true\" class=\"wp-block-spacer\"><\/div>\n\n\n\n<div class=\"wp-block-columns is-layout-flex wp-container-core-columns-is-layout-14cf5ab5 wp-block-columns-is-layout-flex\">\n<div class=\"wp-block-column is-vertically-aligned-center is-layout-flow wp-block-column-is-layout-flow\">\n<h2 class=\"wp-block-heading\">Moins d'impression = moins de co\u00fbts et moins de maux de t\u00eate<\/h2>\n\n\n\n<p>En n'imprimant qu'un code QR et des conseils de s\u00e9curit\u00e9, vous \u00e9conomisez de l'argent par rapport \u00e0 l'impression des instructions d'assemblage compl\u00e8tes et \u00e0 la synchronisation de la cr\u00e9ation, de la traduction et de l'impression de ces instructions avant l'exp\u00e9dition du produit.<\/p>\n<\/div>\n\n\n\n<div class=\"wp-block-column is-layout-flow wp-block-column-is-layout-flow\">\n<figure class=\"wp-block-image size-large shadow rounded\"><img loading=\"lazy\" decoding=\"async\" width=\"1024\" height=\"696\" src=\"https:\/\/www.stepalong.com\/wp-content\/uploads\/2025\/08\/flatpack-qr-code-stepalong-1024x696.png\" alt=\"Etag\u00e8re en fil de fer assembl\u00e9e \u00e0 c\u00f4t\u00e9 d&#039;instructions imprim\u00e9es comportant un code QR, avec une version num\u00e9rique du guide affich\u00e9e sur un smartphone.\" class=\"wp-image-7870\" srcset=\"https:\/\/www.stepalong.com\/wp-content\/uploads\/2025\/08\/flatpack-qr-code-stepalong-1024x696.png 1024w, https:\/\/www.stepalong.com\/wp-content\/uploads\/2025\/08\/flatpack-qr-code-stepalong-300x204.png 300w, https:\/\/www.stepalong.com\/wp-content\/uploads\/2025\/08\/flatpack-qr-code-stepalong-768x522.png 768w, https:\/\/www.stepalong.com\/wp-content\/uploads\/2025\/08\/flatpack-qr-code-stepalong-1536x1045.png 1536w, https:\/\/www.stepalong.com\/wp-content\/uploads\/2025\/08\/flatpack-qr-code-stepalong-18x12.png 18w, https:\/\/www.stepalong.com\/wp-content\/uploads\/2025\/08\/flatpack-qr-code-stepalong.png 1988w\" sizes=\"auto, (max-width: 1024px) 100vw, 1024px\" \/><\/figure>\n<\/div>\n<\/div>\n\n\n\n<div style=\"height:var(--wp--preset--spacing--80)\" aria-hidden=\"true\" class=\"wp-block-spacer\"><\/div>\n\n\n\n<div class=\"wp-block-columns is-layout-flex wp-container-core-columns-is-layout-14cf5ab5 wp-block-columns-is-layout-flex\">\n<div class=\"wp-block-column is-layout-flow wp-block-column-is-layout-flow\">\n<figure class=\"wp-block-image size-full rounded shadow\"><img loading=\"lazy\" decoding=\"async\" width=\"1816\" height=\"1734\" src=\"https:\/\/www.stepalong.com\/wp-content\/uploads\/2025\/08\/full-text-instructions.png\" alt=\"Gros plan d&#039;une personne qui assemble des meubles en kit avec des instructions num\u00e9riques illustr\u00e9es \u00e9tape par \u00e9tape affich\u00e9es sur une tablette.\" class=\"wp-image-7868\" srcset=\"https:\/\/www.stepalong.com\/wp-content\/uploads\/2025\/08\/full-text-instructions.png 1816w, https:\/\/www.stepalong.com\/wp-content\/uploads\/2025\/08\/full-text-instructions-300x286.png 300w, https:\/\/www.stepalong.com\/wp-content\/uploads\/2025\/08\/full-text-instructions-1024x978.png 1024w, https:\/\/www.stepalong.com\/wp-content\/uploads\/2025\/08\/full-text-instructions-768x733.png 768w, https:\/\/www.stepalong.com\/wp-content\/uploads\/2025\/08\/full-text-instructions-1536x1467.png 1536w, https:\/\/www.stepalong.com\/wp-content\/uploads\/2025\/08\/full-text-instructions-13x12.png 13w\" sizes=\"auto, (max-width: 1816px) 100vw, 1816px\" \/><\/figure>\n<\/div>\n\n\n\n<div class=\"wp-block-column is-vertically-aligned-center is-layout-flow wp-block-column-is-layout-flow\">\n<h2 class=\"wp-block-heading\">Aidez vos clients avec des instructions en texte int\u00e9gral<\/h2>\n\n\n\n<p>Les instructions de type IKEA bas\u00e9es uniquement sur des images sont d\u00e9pass\u00e9es, non conformes et ne garantissent pas la r\u00e9ussite du client. T\u00e9l\u00e9chargez vos images d'assemblage et l'IA de StepAlong r\u00e9digera le texte d'accompagnement pour vous.<\/p>\n<\/div>\n<\/div>\n\n\n\n<div style=\"height:var(--wp--preset--spacing--80)\" aria-hidden=\"true\" class=\"wp-block-spacer\"><\/div>\n\n\n\n<div class=\"wp-block-columns is-layout-flex wp-container-core-columns-is-layout-14cf5ab5 wp-block-columns-is-layout-flex\">\n<div class=\"wp-block-column is-vertically-aligned-center is-layout-flow wp-block-column-is-layout-flow\">\n<h2 class=\"wp-block-heading\">La traduction facilit\u00e9e<\/h2>\n\n\n\n<p>Les traductions IA de StepAlong, sensibles au contexte et de haute qualit\u00e9, r\u00e9duisent le co\u00fbt de l'internationalisation, augmentent votre visibilit\u00e9 dans les r\u00e9sultats de recherche internationaux et facilitent le respect de la conformit\u00e9 et la satisfaction des clients.<\/p>\n<\/div>\n\n\n\n<div class=\"wp-block-column is-layout-flow wp-block-column-is-layout-flow\">\n<figure class=\"wp-block-image size-large rounded shadow\"><img loading=\"lazy\" decoding=\"async\" width=\"1024\" height=\"654\" src=\"https:\/\/www.stepalong.com\/wp-content\/uploads\/2025\/08\/flatpack-instructions-translations-1024x654.png\" alt=\"Instructions num\u00e9riques pas \u00e0 pas pour les meubles, en anglais, espagnol et allemand, accompagn\u00e9es d&#039;illustrations.\" class=\"wp-image-7869\" srcset=\"https:\/\/www.stepalong.com\/wp-content\/uploads\/2025\/08\/flatpack-instructions-translations-1024x654.png 1024w, https:\/\/www.stepalong.com\/wp-content\/uploads\/2025\/08\/flatpack-instructions-translations-300x192.png 300w, https:\/\/www.stepalong.com\/wp-content\/uploads\/2025\/08\/flatpack-instructions-translations-768x491.png 768w, https:\/\/www.stepalong.com\/wp-content\/uploads\/2025\/08\/flatpack-instructions-translations-18x12.png 18w, https:\/\/www.stepalong.com\/wp-content\/uploads\/2025\/08\/flatpack-instructions-translations.png 1441w\" sizes=\"auto, (max-width: 1024px) 100vw, 1024px\" \/><\/figure>\n<\/div>\n<\/div>\n\n\n\n<div style=\"height:var(--wp--preset--spacing--80)\" aria-hidden=\"true\" class=\"wp-block-spacer\"><\/div>\n\n\n\n<div class=\"wp-block-columns is-layout-flex wp-container-core-columns-is-layout-14cf5ab5 wp-block-columns-is-layout-flex\">\n<div class=\"wp-block-column is-layout-flow wp-block-column-is-layout-flow\">\n<figure class=\"wp-block-image size-full rounded shadow\"><img loading=\"lazy\" decoding=\"async\" width=\"2048\" height=\"1536\" src=\"https:\/\/www.stepalong.com\/wp-content\/uploads\/2025\/08\/furniture-frustated-clients.jpg\" alt=\"Un couple a l&#039;air frustr\u00e9 en assemblant un lit d&#039;enfant, l&#039;homme tenant un marteau et la femme des instructions sur papier peu claires.\" class=\"wp-image-7867\" srcset=\"https:\/\/www.stepalong.com\/wp-content\/uploads\/2025\/08\/furniture-frustated-clients.jpg 2048w, https:\/\/www.stepalong.com\/wp-content\/uploads\/2025\/08\/furniture-frustated-clients-300x225.jpg 300w, https:\/\/www.stepalong.com\/wp-content\/uploads\/2025\/08\/furniture-frustated-clients-1024x768.jpg 1024w, https:\/\/www.stepalong.com\/wp-content\/uploads\/2025\/08\/furniture-frustated-clients-768x576.jpg 768w, https:\/\/www.stepalong.com\/wp-content\/uploads\/2025\/08\/furniture-frustated-clients-1536x1152.jpg 1536w, https:\/\/www.stepalong.com\/wp-content\/uploads\/2025\/08\/furniture-frustated-clients-16x12.jpg 16w\" sizes=\"auto, (max-width: 2048px) 100vw, 2048px\" \/><\/figure>\n<\/div>\n\n\n\n<div class=\"wp-block-column is-vertically-aligned-center is-layout-flow wp-block-column-is-layout-flow\">\n<h2 class=\"wp-block-heading\">S'adapter aux changements de produits et au retour d'information des clients<\/h2>\n\n\n\n<p>Les produits et leurs composants changent souvent, ou les clients peuvent \u00eatre d\u00e9rout\u00e9s par une \u00e9tape sp\u00e9cifique.<\/p>\n\n\n\n<p>Avec StepAlong, vous pouvez effectuer des mises \u00e0 jour \u00e0 tout moment, afin de vous assurer que vos instructions d'assemblage sont \u00e0 jour et aussi utiles que possible.<\/p>\n<\/div>\n<\/div>\n\n\n\n<div style=\"height:var(--wp--preset--spacing--80)\" aria-hidden=\"true\" class=\"wp-block-spacer\"><\/div>\n\n\n\n<div class=\"wp-block-columns is-layout-flex wp-container-core-columns-is-layout-14cf5ab5 wp-block-columns-is-layout-flex\">\n<div class=\"wp-block-column is-vertically-aligned-center is-layout-flow wp-block-column-is-layout-flow\">\n<h2 class=\"wp-block-heading\">R\u00e9duire les appels d'assistance et les retours, augmenter les commentaires positifs<\/h2>\n\n\n\n<p>Lorsque les clients se heurtent \u00e0 l'assemblage d'un paquet plat, ils peuvent se sentir frustr\u00e9s.<\/p>\n\n\n\n<p>StepAlong rend l'installation claire et sans effort, afin que les clients r\u00e9ussissent du premier coup, r\u00e9duisant ainsi les appels au support, \u00e9vitant les retours, et inspirant plus de commentaires \u00e9logieux.<\/p>\n<\/div>\n\n\n\n<div class=\"wp-block-column is-layout-flow wp-block-column-is-layout-flow\">\n<figure class=\"wp-block-image size-full rounded shadow\"><img loading=\"lazy\" decoding=\"async\" width=\"1934\" height=\"1444\" src=\"https:\/\/www.stepalong.com\/wp-content\/uploads\/2025\/08\/furniture-positive-reviews.png\" alt=\"Un couple souriant \u00e0 c\u00f4t\u00e9 d&#039;un berceau partiellement assembl\u00e9, avec des instructions num\u00e9riques affich\u00e9es sur une interface de tablette montrant le berceau Nestly.\" class=\"wp-image-7866\" srcset=\"https:\/\/www.stepalong.com\/wp-content\/uploads\/2025\/08\/furniture-positive-reviews.png 1934w, https:\/\/www.stepalong.com\/wp-content\/uploads\/2025\/08\/furniture-positive-reviews-300x224.png 300w, https:\/\/www.stepalong.com\/wp-content\/uploads\/2025\/08\/furniture-positive-reviews-1024x765.png 1024w, https:\/\/www.stepalong.com\/wp-content\/uploads\/2025\/08\/furniture-positive-reviews-768x573.png 768w, https:\/\/www.stepalong.com\/wp-content\/uploads\/2025\/08\/furniture-positive-reviews-1536x1147.png 1536w, https:\/\/www.stepalong.com\/wp-content\/uploads\/2025\/08\/furniture-positive-reviews-16x12.png 16w\" sizes=\"auto, (max-width: 1934px) 100vw, 1934px\" \/><\/figure>\n<\/div>\n<\/div>\n\n\n\n<div style=\"height:var(--wp--preset--spacing--80)\" aria-hidden=\"true\" class=\"wp-block-spacer\"><\/div>\n\n\n\n<div class=\"wp-block-cover\" style=\"border-radius:16px;min-height:360px;aspect-ratio:unset;\"><img loading=\"lazy\" decoding=\"async\" width=\"1000\" height=\"750\" class=\"wp-block-cover__image-background wp-image-7388 size-full\" alt=\"\" src=\"https:\/\/www.stepalong.com\/wp-content\/uploads\/2025\/04\/rattan.jpg\" data-object-fit=\"cover\" srcset=\"https:\/\/www.stepalong.com\/wp-content\/uploads\/2025\/04\/rattan.jpg 1000w, https:\/\/www.stepalong.com\/wp-content\/uploads\/2025\/04\/rattan-300x225.jpg 300w, https:\/\/www.stepalong.com\/wp-content\/uploads\/2025\/04\/rattan-768x576.jpg 768w, https:\/\/www.stepalong.com\/wp-content\/uploads\/2025\/04\/rattan-16x12.jpg 16w\" sizes=\"auto, (max-width: 1000px) 100vw, 1000px\" \/><span aria-hidden=\"true\" class=\"wp-block-cover__background has-raft-fg-background-color has-background-dim-60 has-background-dim\"><\/span><div class=\"wp-block-cover__inner-container is-layout-constrained wp-block-cover-is-layout-constrained\">\n<div class=\"wp-block-columns is-layout-flex wp-container-core-columns-is-layout-4f8469d8 wp-block-columns-is-layout-flex\" style=\"padding-top:var(--wp--preset--spacing--60);padding-right:var(--wp--preset--spacing--60);padding-bottom:var(--wp--preset--spacing--60);padding-left:var(--wp--preset--spacing--60)\">\n<div class=\"wp-block-column is-vertically-aligned-center is-layout-flow wp-block-column-is-layout-flow\" style=\"flex-basis:33.33%\">\n<figure class=\"wp-block-image size-full\"><img loading=\"lazy\" decoding=\"async\" width=\"610\" height=\"150\" src=\"https:\/\/www.stepalong.com\/wp-content\/uploads\/2025\/04\/time4sleep-logo-white.png\" alt=\"Time4Sleep\" class=\"wp-image-7385\" srcset=\"https:\/\/www.stepalong.com\/wp-content\/uploads\/2025\/04\/time4sleep-logo-white.png 610w, https:\/\/www.stepalong.com\/wp-content\/uploads\/2025\/04\/time4sleep-logo-white-300x74.png 300w, https:\/\/www.stepalong.com\/wp-content\/uploads\/2025\/04\/time4sleep-logo-white-18x4.png 18w\" sizes=\"auto, (max-width: 610px) 100vw, 610px\" \/><\/figure>\n<\/div>\n\n\n\n<div class=\"wp-block-column is-layout-flow wp-block-column-is-layout-flow\" style=\"flex-basis:66.66%\">\n<p class=\"has-raft-bg-alt-color has-text-color has-link-color wp-elements-f4891054c9576b95ef229fdfd9205954\"><a href=\"https:\/\/www.stepalong.com\/fr\/clients-time4sleep\/\" data-type=\"page\" data-id=\"7376\">Time4Sleep &amp; StepAlong<\/a><\/p>\n\n\n\n<p class=\"has-medium-font-size\"><strong>StepAlong a permis \u00e0 Time4Sleep de moderniser les informations sur les produits, d'\u00e9liminer les goulets d'\u00e9tranglement en mati\u00e8re de mise \u00e0 jour et d'am\u00e9liorer l'exp\u00e9rience des clients gr\u00e2ce \u00e0 des instructions claires et consultables.<\/strong><\/p>\n\n\n\n<div class=\"wp-block-buttons is-layout-flex wp-block-buttons-is-layout-flex\">\n<div class=\"wp-block-button is-style-outline is-style-outline--1\"><a class=\"wp-block-button__link wp-element-button\" href=\"https:\/\/www.stepalong.com\/fr\/clients-time4sleep\/\">Lire l'\u00e9tude de cas<\/a><\/div>\n<\/div>\n<\/div>\n<\/div>\n<\/div><\/div>\n\n\n\n<div style=\"height:var(--wp--preset--spacing--80)\" aria-hidden=\"true\" class=\"wp-block-spacer\"><\/div>\n\n\n\n<div class=\"wp-block-columns is-layout-flex wp-container-core-columns-is-layout-14cf5ab5 wp-block-columns-is-layout-flex\">\n<div class=\"wp-block-column is-layout-flow wp-block-column-is-layout-flow\">\n<div class=\"wp-block-group feature is-layout-constrained wp-block-group-is-layout-constrained\">\n<div class=\"wp-block-columns is-layout-flex wp-container-core-columns-is-layout-cbe57604 wp-block-columns-is-layout-flex\">\n<div class=\"wp-block-column is-layout-flow wp-block-column-is-layout-flow\">\n<figure class=\"wp-block-image size-large rounded\"><img loading=\"lazy\" decoding=\"async\" width=\"1024\" height=\"1024\" src=\"https:\/\/www.stepalong.com\/wp-content\/uploads\/2025\/08\/stepalong-roi-calculator-1024x1024.webp\" alt=\"Calculateur de retour sur investissement StepAlong\" class=\"wp-image-8026\" srcset=\"https:\/\/www.stepalong.com\/wp-content\/uploads\/2025\/08\/stepalong-roi-calculator-1024x1024.webp 1024w, https:\/\/www.stepalong.com\/wp-content\/uploads\/2025\/08\/stepalong-roi-calculator-300x300.webp 300w, https:\/\/www.stepalong.com\/wp-content\/uploads\/2025\/08\/stepalong-roi-calculator-150x150.webp 150w, https:\/\/www.stepalong.com\/wp-content\/uploads\/2025\/08\/stepalong-roi-calculator-768x768.webp 768w, https:\/\/www.stepalong.com\/wp-content\/uploads\/2025\/08\/stepalong-roi-calculator-12x12.webp 12w, https:\/\/www.stepalong.com\/wp-content\/uploads\/2025\/08\/stepalong-roi-calculator.webp 1420w\" sizes=\"auto, (max-width: 1024px) 100vw, 1024px\" \/><\/figure>\n<\/div>\n\n\n\n<div class=\"wp-block-column is-layout-flow wp-block-column-is-layout-flow\">\n<h3 class=\"wp-block-heading\">Calculez vos \u00e9conomies potentielles<\/h3>\n\n\n\n<p>D\u00e9couvrez les \u00e9conomies que votre entreprise peut r\u00e9aliser en adoptant la plateforme d'enseignement num\u00e9rique de StepAlong, aliment\u00e9e par l'IA.<\/p>\n\n\n\n<div style=\"height:0px\" aria-hidden=\"true\" class=\"wp-block-spacer\"><\/div>\n<\/div>\n<\/div>\n\n\n\n<div style=\"height:1em\" aria-hidden=\"true\" class=\"wp-block-spacer\"><\/div>\n\n\n\n<div class=\"wp-block-buttons is-content-justification-center is-layout-flex wp-container-core-buttons-is-layout-a89b3969 wp-block-buttons-is-layout-flex\">\n<div class=\"wp-block-button is-style-outline is-style-outline--2\"><a class=\"wp-block-button__link has-custom-purple-color has-text-color has-link-color has-border-color has-custom-purple-border-color wp-element-button\" href=\"https:\/\/www.stepalong.com\/fr\/calculateur-de-roi\/\">Calculez vos \u00e9conomies<\/a><\/div>\n<\/div>\n<\/div>\n<\/div>\n\n\n\n<div class=\"wp-block-column is-vertically-aligned-center is-layout-flow wp-block-column-is-layout-flow\">\n<p>Chez StepAlong, nous nous sommes concentr\u00e9s sur ce dont les clients ont besoin pour avoir une bonne exp\u00e9rience des instructions sur les produits :<\/p>\n\n\n\n<ul class=\"wp-block-list\">\n<li><strong>Priorit\u00e9 au mobile<\/strong><br>Aucun t\u00e9l\u00e9chargement d'application n'est n\u00e9cessaire, il suffit d'ouvrir et de suivre.<\/li>\n\n\n\n<li><strong>\u00c9tapes guid\u00e9es<\/strong><br>Une structure logique, \u00e9tape par \u00e9tape, pour plus de clart\u00e9<\/li>\n\n\n\n<li><strong>Formats flexibles<\/strong><br>PDF t\u00e9l\u00e9chargeables pour ceux qui le pr\u00e9f\u00e8rent<\/li>\n\n\n\n<li><strong>D\u00e9couverte facile<\/strong><br>Accessible via Google, ChatGPT et d'autres moteurs de recherche<\/li>\n\n\n\n<li><strong>Contenu localis\u00e9<\/strong><br>Instructions dans la langue de vos clients<\/li>\n<\/ul>\n\n\n\n<div style=\"height:1em\" aria-hidden=\"true\" class=\"wp-block-spacer\"><\/div>\n\n\n\n<div class=\"wp-block-buttons is-content-justification-center is-layout-flex wp-container-core-buttons-is-layout-a89b3969 wp-block-buttons-is-layout-flex\">\n<div class=\"wp-block-button is-style-fill\"><a class=\"wp-block-button__link has-raft-fg-alt-color has-custom-purple-background-color has-text-color has-background has-link-color has-text-align-center wp-element-button\" href=\"https:\/\/www.stepalong.com\/fr\/reserver-une-demonstration\/\">R\u00e9server une d\u00e9monstration<\/a><\/div>\n<\/div>\n<\/div>\n<\/div>\n\n\n\n<p><\/p>","protected":false},"excerpt":{"rendered":"<p>Save money with the StepAlong Digital First Instruction Platform Better assembly instructions without the cost and logistical nightmares StepAlong is a powerful way for flatpack companies to create better assembly instructions that improve the customer experience and reduce costs. Less printing = less costs &amp; less headaches By only printing a QR code and safety [&hellip;]<\/p>","protected":false},"author":1,"featured_media":0,"parent":0,"menu_order":0,"comment_status":"closed","ping_status":"closed","template":"wp-custom-template-landing-page-b","meta":{"content-type":"","_uag_custom_page_level_css":"","footnotes":""},"class_list":["post-7860","page","type-page","status-publish","hentry"],"aioseo_notices":[],"mb":[],"uagb_featured_image_src":{"full":false,"thumbnail":false,"medium":false,"medium_large":false,"large":false,"1536x1536":false,"2048x2048":false,"trp-custom-language-flag":false},"uagb_author_info":{"display_name":"Sergi S\u00e1nchez Mancha","author_link":"https:\/\/www.stepalong.com\/fr\/author\/sergiostepalong-com\/"},"uagb_comment_info":0,"uagb_excerpt":"Save money with the StepAlong Digital First Instruction Platform Better assembly instructions without the cost and logistical nightmares StepAlong is a powerful way for flatpack companies to create better assembly instructions that improve the customer experience and reduce costs. Less printing = less costs &amp; less headaches By only printing a QR code and safety\u2026","mfb_rest_fields":["title","aioseo_notices","uagb_featured_image_src","uagb_author_info","uagb_comment_info","uagb_excerpt"],"_links":{"self":[{"href":"https:\/\/www.stepalong.com\/fr\/wp-json\/wp\/v2\/pages\/7860","targetHints":{"allow":["GET"]}}],"collection":[{"href":"https:\/\/www.stepalong.com\/fr\/wp-json\/wp\/v2\/pages"}],"about":[{"href":"https:\/\/www.stepalong.com\/fr\/wp-json\/wp\/v2\/types\/page"}],"author":[{"embeddable":true,"href":"https:\/\/www.stepalong.com\/fr\/wp-json\/wp\/v2\/users\/1"}],"replies":[{"embeddable":true,"href":"https:\/\/www.stepalong.com\/fr\/wp-json\/wp\/v2\/comments?post=7860"}],"version-history":[{"count":24,"href":"https:\/\/www.stepalong.com\/fr\/wp-json\/wp\/v2\/pages\/7860\/revisions"}],"predecessor-version":[{"id":8066,"href":"https:\/\/www.stepalong.com\/fr\/wp-json\/wp\/v2\/pages\/7860\/revisions\/8066"}],"wp:attachment":[{"href":"https:\/\/www.stepalong.com\/fr\/wp-json\/wp\/v2\/media?parent=7860"}],"curies":[{"name":"wp","href":"https:\/\/api.w.org\/{rel}","templated":true}]}}