{"id":7482,"date":"2025-05-09T18:26:11","date_gmt":"2025-05-09T16:26:11","guid":{"rendered":"https:\/\/www.stepalong.com\/?page_id=7482"},"modified":"2025-05-09T18:41:20","modified_gmt":"2025-05-09T16:41:20","slug":"stepalong-pour-les-entreprises-de-jeux-de-societe","status":"publish","type":"page","link":"https:\/\/www.stepalong.com\/fr\/stepalong-pour-les-entreprises-de-jeux-de-societe\/","title":{"rendered":"StepAlong pour les soci\u00e9t\u00e9s de jeux de soci\u00e9t\u00e9"},"content":{"rendered":"<h2 class=\"wp-block-heading has-text-align-center\" style=\"font-size:2.4em\">Des r\u00e8gles num\u00e9riques claires qui permettent aux joueurs de rester dans le jeu<\/h2>\n\n\n\n<p class=\"has-text-align-center has-medium-font-size\">Vous avez cr\u00e9\u00e9 un jeu formidable. Mais si les r\u00e8gles ne sont pas claires,<br>les joueurs sont frustr\u00e9s et le jeu ne revient pas.<\/p>\n\n\n\n<p class=\"has-text-align-center\">StepAlong rend vos manuels de r\u00e8gles faciles \u00e0 suivre, rapides \u00e0 consulter et disponibles dans plus de 30 langues. Aucune application n'est n\u00e9cessaire.<\/p>\n\n\n\n<div class=\"wp-block-buttons is-content-justification-center is-layout-flex wp-container-core-buttons-is-layout-a89b3969 wp-block-buttons-is-layout-flex\">\n<div class=\"wp-block-button is-style-fill\"><a class=\"wp-block-button__link has-raft-fg-alt-color has-custom-purple-background-color has-text-color has-background has-link-color has-text-align-center wp-element-button\" href=\"https:\/\/www.stepalong.com\/fr\/reserver-une-demonstration\/\">R\u00e9server une d\u00e9monstration<\/a><\/div>\n<\/div>\n\n\n\n<div style=\"height:var(--wp--preset--spacing--60)\" aria-hidden=\"true\" class=\"wp-block-spacer\"><\/div>\n\n\n\n<div class=\"wp-block-cover alignwide\" style=\"border-style:none;border-width:0px;border-radius:8px;padding-right:3em;padding-left:3em\"><img loading=\"lazy\" decoding=\"async\" width=\"1024\" height=\"497\" class=\"wp-block-cover__image-background wp-image-7483 size-large\" alt=\"\" src=\"https:\/\/www.stepalong.com\/wp-content\/uploads\/2025\/05\/boardgame-background-1024x497.jpg\" data-object-fit=\"cover\" srcset=\"https:\/\/www.stepalong.com\/wp-content\/uploads\/2025\/05\/boardgame-background-1024x497.jpg 1024w, https:\/\/www.stepalong.com\/wp-content\/uploads\/2025\/05\/boardgame-background-300x146.jpg 300w, https:\/\/www.stepalong.com\/wp-content\/uploads\/2025\/05\/boardgame-background-768x373.jpg 768w, https:\/\/www.stepalong.com\/wp-content\/uploads\/2025\/05\/boardgame-background-1536x746.jpg 1536w, https:\/\/www.stepalong.com\/wp-content\/uploads\/2025\/05\/boardgame-background-18x9.jpg 18w, https:\/\/www.stepalong.com\/wp-content\/uploads\/2025\/05\/boardgame-background.jpg 1899w\" sizes=\"auto, (max-width: 1024px) 100vw, 1024px\" \/><span aria-hidden=\"true\" class=\"wp-block-cover__background has-black-background-color has-background-dim-60 has-background-dim\"><\/span><div class=\"wp-block-cover__inner-container is-layout-constrained wp-container-core-cover-is-layout-729e5ae5 wp-block-cover-is-layout-constrained\">\n<h2 class=\"wp-block-heading has-raft-fg-alt-color has-text-color has-link-color wp-elements-256e707f6a423dfefaf40fb512414130\">Faites en sorte que vos r\u00e8gles soient aussi attrayantes que votre jeu<\/h2>\n\n\n\n<p>Les livres de r\u00e8gles imprim\u00e9s traditionnels offrent une grande exp\u00e9rience, mais ils peuvent \u00eatre co\u00fbteux et difficiles \u00e0 mettre \u00e0 jour. StepAlong est la meilleure solution num\u00e9rique pour mettre en ligne les livres de r\u00e8gles de votre jeu et faciliter leur acc\u00e8s, leur mise \u00e0 jour et leur localisation.<\/p>\n\n\n\n<ul class=\"wp-block-list\">\n<li><strong>Priorit\u00e9 au mobile<\/strong>: Les joueurs scannent un code QR et commencent \u00e0 jouer. Rien \u00e0 t\u00e9l\u00e9charger.<\/li>\n\n\n\n<li><strong>Pas \u00e0 pas<\/strong>: Des guides visuels et structur\u00e9s qui guident les joueurs \u00e0 travers l'installation et le gameplay.<\/li>\n\n\n\n<li><strong>Facile \u00e0 trouver<\/strong>: D\u00e9couvrable sur Google et ChatGPT pour des r\u00e9ponses instantan\u00e9es \u00e0 la question \"comment puis-je... ?\".<\/li>\n\n\n\n<li><strong>Multilingue<\/strong>: Instructions disponibles en plus de 30 langues, automatiquement.<\/li>\n\n\n\n<li><strong>Toujours imprimable<\/strong>: Pour ceux qui aiment les copies physiques, les PDF sont toujours \u00e0 port\u00e9e de clic.<\/li>\n<\/ul>\n<\/div><\/div>\n\n\n\n<div style=\"height:var(--wp--preset--spacing--80)\" aria-hidden=\"true\" class=\"wp-block-spacer\"><\/div>\n\n\n\n<div class=\"wp-block-columns is-layout-flex wp-container-core-columns-is-layout-14cf5ab5 wp-block-columns-is-layout-flex\">\n<div class=\"wp-block-column is-vertically-aligned-top is-layout-flow wp-block-column-is-layout-flow\">\n<h2 class=\"wp-block-heading\">L'IA r\u00e9pond \u00e0 des questions sur votre jeu. Est-ce bien le cas ?<\/h2>\n\n\n\n<p>Que cela nous plaise ou non, de plus en plus de joueurs se tournent vers ChatGPT et d'autres outils d'IA lorsqu'ils sont bloqu\u00e9s en milieu de partie. Ils ne consultent pas un manuel de 20 pages, mais l'IA. Si votre manuel de r\u00e8gles n'est pas facile \u00e0 r\u00e9f\u00e9rencer et \u00e0 trouver pour l'IA, il y a un risque que vos joueurs obtiennent une mauvaise r\u00e9ponse, ou pire, qu'ils abandonnent compl\u00e8tement.<\/p>\n\n\n\n<p>Avec StepAlong, les instructions sont les suivantes :<\/p>\n\n\n\n<ul class=\"wp-block-list\">\n<li><strong>Une structure claire<\/strong> afin que les outils d'intelligence artificielle puissent tirer le bon contexte et les bonnes r\u00e9ponses.<\/li>\n\n\n\n<li><strong>R\u00e9dig\u00e9 par vous<\/strong>n'a pas \u00e9t\u00e9 invent\u00e9e par l'IA.<\/li>\n\n\n\n<li><strong>Coh\u00e9rent partout<\/strong>: print, mobile et tout chat sur l'IA.<\/li>\n<\/ul>\n\n\n\n<p>Il ne s'agit pas de remplacer le livre de r\u00e8gles. Il s'agit de s'assurer que vos r\u00e8gles sont respect\u00e9es, quel que soit l'endroit o\u00f9 les joueurs regardent.<\/p>\n<\/div>\n\n\n\n<div class=\"wp-block-column is-layout-flow wp-block-column-is-layout-flow\">\n<figure class=\"wp-block-image size-large rounded\"><img loading=\"lazy\" decoding=\"async\" width=\"1024\" height=\"1024\" src=\"https:\/\/www.stepalong.com\/wp-content\/uploads\/2025\/05\/boardgame-chatgpt-1-1024x1024.png\" alt=\"\" class=\"wp-image-7496\" srcset=\"https:\/\/www.stepalong.com\/wp-content\/uploads\/2025\/05\/boardgame-chatgpt-1-1024x1024.png 1024w, https:\/\/www.stepalong.com\/wp-content\/uploads\/2025\/05\/boardgame-chatgpt-1-300x300.png 300w, https:\/\/www.stepalong.com\/wp-content\/uploads\/2025\/05\/boardgame-chatgpt-1-150x150.png 150w, https:\/\/www.stepalong.com\/wp-content\/uploads\/2025\/05\/boardgame-chatgpt-1-768x768.png 768w, https:\/\/www.stepalong.com\/wp-content\/uploads\/2025\/05\/boardgame-chatgpt-1-12x12.png 12w, https:\/\/www.stepalong.com\/wp-content\/uploads\/2025\/05\/boardgame-chatgpt-1.png 1150w\" sizes=\"auto, (max-width: 1024px) 100vw, 1024px\" \/><\/figure>\n<\/div>\n<\/div>\n\n\n\n<div style=\"height:var(--wp--preset--spacing--80)\" aria-hidden=\"true\" class=\"wp-block-spacer\"><\/div>\n\n\n\n<div class=\"wp-block-columns is-layout-flex wp-container-core-columns-is-layout-14cf5ab5 wp-block-columns-is-layout-flex\">\n<div class=\"wp-block-column is-layout-flow wp-block-column-is-layout-flow\">\n<figure class=\"wp-block-image size-full rounded\"><img loading=\"lazy\" decoding=\"async\" width=\"980\" height=\"980\" src=\"https:\/\/www.stepalong.com\/wp-content\/uploads\/2025\/05\/company-of-heroes.png\" alt=\"Carte de jeu de soci\u00e9t\u00e9 expliqu\u00e9e\" class=\"wp-image-7492\" srcset=\"https:\/\/www.stepalong.com\/wp-content\/uploads\/2025\/05\/company-of-heroes.png 980w, https:\/\/www.stepalong.com\/wp-content\/uploads\/2025\/05\/company-of-heroes-300x300.png 300w, https:\/\/www.stepalong.com\/wp-content\/uploads\/2025\/05\/company-of-heroes-150x150.png 150w, https:\/\/www.stepalong.com\/wp-content\/uploads\/2025\/05\/company-of-heroes-768x768.png 768w, https:\/\/www.stepalong.com\/wp-content\/uploads\/2025\/05\/company-of-heroes-12x12.png 12w\" sizes=\"auto, (max-width: 980px) 100vw, 980px\" \/><\/figure>\n<\/div>\n\n\n\n<div class=\"wp-block-column is-vertically-aligned-center is-layout-flow wp-block-column-is-layout-flow\">\n<h2 class=\"wp-block-heading\">Moins d'arguments, de meilleures critiques<\/h2>\n\n\n\n<p>Lorsque les r\u00e8gles ne sont pas claires, les joueurs sont frustr\u00e9s et cela se traduit souvent par des disputes, de mauvaises critiques ou l'abandon du jeu. M\u00eame de petites erreurs peuvent faire d\u00e9railler une session.<\/p>\n\n\n\n<p>Avec StepAlong, vous pouvez mettre \u00e0 jour vos livres de r\u00e8gles instantan\u00e9ment dans toutes les langues et tous les formats, et adapter les versions aux diff\u00e9rents types de joueurs, afin que le jeu reste fluide et agr\u00e9able du d\u00e9but \u00e0 la fin.<\/p>\n<\/div>\n<\/div>\n\n\n\n<div style=\"height:var(--wp--preset--spacing--80)\" aria-hidden=\"true\" class=\"wp-block-spacer\"><\/div>\n\n\n\n<div class=\"wp-block-columns is-layout-flex wp-container-core-columns-is-layout-14cf5ab5 wp-block-columns-is-layout-flex\">\n<div class=\"wp-block-column is-vertically-aligned-center is-layout-flow wp-block-column-is-layout-flow\">\n<h2 class=\"wp-block-heading\">Une dimension internationale sans les probl\u00e8mes d'impression<\/h2>\n\n\n\n<p>L'expansion vers de nouveaux march\u00e9s ne doit pas signifier la r\u00e9impression de manuels ou des retards d'exp\u00e9dition.<\/p>\n\n\n\n<p>Avec StepAlong, vos instructions sont instantan\u00e9ment disponibles en <a href=\"https:\/\/www.stepalong.com\/fr\/traduction-des-instructions-du-produit-ai\/\" title=\"Traduction d&#039;instructions de produits avec l&#039;IA\">plus de 30 langues<\/a>, enti\u00e8rement <a href=\"https:\/\/www.stepalong.com\/fr\/conforme-au-gpsr\/\" title=\"Conformit\u00e9 des instructions de vos produits avec le GPSR\">Compatible avec le GPSR<\/a> pour l'UE, et accessibles avec un simple code QR, sans application ni logistique suppl\u00e9mentaire. Les mises \u00e0 jour sont rapides et ne co\u00fbtent rien, de sorte que vos livres de r\u00e8gles restent exacts, accessibles et pr\u00eats pour les joueurs du monde entier.<\/p>\n<\/div>\n\n\n\n<div class=\"wp-block-column is-layout-flow wp-block-column-is-layout-flow\">\n<figure class=\"wp-block-image size-full rounded\"><img loading=\"lazy\" decoding=\"async\" width=\"980\" height=\"980\" src=\"https:\/\/www.stepalong.com\/wp-content\/uploads\/2025\/05\/santorini-translations.png\" alt=\"Traduction du livret de r\u00e8gles du jeu de soci\u00e9t\u00e9\" class=\"wp-image-7501\" srcset=\"https:\/\/www.stepalong.com\/wp-content\/uploads\/2025\/05\/santorini-translations.png 980w, https:\/\/www.stepalong.com\/wp-content\/uploads\/2025\/05\/santorini-translations-300x300.png 300w, https:\/\/www.stepalong.com\/wp-content\/uploads\/2025\/05\/santorini-translations-150x150.png 150w, https:\/\/www.stepalong.com\/wp-content\/uploads\/2025\/05\/santorini-translations-768x768.png 768w, https:\/\/www.stepalong.com\/wp-content\/uploads\/2025\/05\/santorini-translations-12x12.png 12w\" sizes=\"auto, (max-width: 980px) 100vw, 980px\" \/><\/figure>\n<\/div>\n<\/div>\n\n\n\n<div style=\"height:var(--wp--preset--spacing--80)\" aria-hidden=\"true\" class=\"wp-block-spacer\"><\/div>\n\n\n\n<div class=\"wp-block-cover alignwide\" style=\"border-radius:8px;padding-right:3em;padding-left:3em\"><img loading=\"lazy\" decoding=\"async\" width=\"1024\" height=\"683\" class=\"wp-block-cover__image-background wp-image-7505 size-large\" alt=\"\" src=\"https:\/\/www.stepalong.com\/wp-content\/uploads\/2025\/05\/board-game-dices-1024x683.webp\" data-object-fit=\"cover\" srcset=\"https:\/\/www.stepalong.com\/wp-content\/uploads\/2025\/05\/board-game-dices-1024x683.webp 1024w, https:\/\/www.stepalong.com\/wp-content\/uploads\/2025\/05\/board-game-dices-300x200.webp 300w, https:\/\/www.stepalong.com\/wp-content\/uploads\/2025\/05\/board-game-dices-768x512.webp 768w, https:\/\/www.stepalong.com\/wp-content\/uploads\/2025\/05\/board-game-dices-1536x1024.webp 1536w, https:\/\/www.stepalong.com\/wp-content\/uploads\/2025\/05\/board-game-dices-2048x1365.webp 2048w, https:\/\/www.stepalong.com\/wp-content\/uploads\/2025\/05\/board-game-dices-18x12.webp 18w\" sizes=\"auto, (max-width: 1024px) 100vw, 1024px\" \/><span aria-hidden=\"true\" class=\"wp-block-cover__background has-black-background-color has-background-dim-60 has-background-dim\"><\/span><div class=\"wp-block-cover__inner-container is-layout-constrained wp-container-core-cover-is-layout-729e5ae5 wp-block-cover-is-layout-constrained\">\n<div class=\"wp-block-columns is-layout-flex wp-container-core-columns-is-layout-14cf5ab5 wp-block-columns-is-layout-flex\">\n<div class=\"wp-block-column is-layout-flow wp-block-column-is-layout-flow\">\n<h2 class=\"wp-block-heading\">Id\u00e9al pour les cr\u00e9ateurs ind\u00e9pendants soucieux de l'exp\u00e9rience du joueur<\/h2>\n<\/div>\n\n\n\n<div class=\"wp-block-column is-layout-flow wp-block-column-is-layout-flow\">\n<p>Que vous soyez sur Kickstarter ou que votre jeu soit d\u00e9j\u00e0 en rayon, StepAlong vous aide \u00e0 fournir des instructions plus claires, \u00e0 toucher plus de joueurs et \u00e0 faire en sorte que les gens reviennent \u00e0 votre jeu.<\/p>\n<\/div>\n<\/div>\n<\/div><\/div>\n\n\n\n<div style=\"height:var(--wp--preset--spacing--60)\" aria-hidden=\"true\" class=\"wp-block-spacer\"><\/div>\n\n\n\n<p><strong>D\u00e9couvrez comment nous aidons les entreprises de jeux de soci\u00e9t\u00e9 sur notre blog.<\/strong>:<\/p>\n\n\n\n<ul class=\"wp-block-list\">\n<li><a href=\"https:\/\/www.stepalong.com\/fr\/des-instructions-peu-claires-peuvent-tuer-un-jeu-de-societe\/\" title=\"Des instructions peu claires peuvent &quot;tuer&quot; un jeu de soci\u00e9t\u00e9. Entretien avec Mireia Boada\">Des instructions peu claires peuvent \"tuer\" un jeu de soci\u00e9t\u00e9. Entretien avec Mireia Boada<\/a><\/li>\n<\/ul>\n\n\n\n<div style=\"height:var(--wp--preset--spacing--60)\" aria-hidden=\"true\" class=\"wp-block-spacer\"><\/div>\n\n\n\n<div class=\"wp-block-buttons is-content-justification-center is-layout-flex wp-container-core-buttons-is-layout-a89b3969 wp-block-buttons-is-layout-flex\">\n<div class=\"wp-block-button is-style-outline is-style-outline--1\"><a class=\"wp-block-button__link has-raft-fg-alt-color has-custom-purple-background-color has-text-color has-background has-link-color has-text-align-center wp-element-button\" href=\"https:\/\/www.stepalong.com\/fr\/reserver-une-demonstration\/\">R\u00e9server une d\u00e9monstration<\/a><\/div>\n<\/div>\n\n\n\n<p><\/p>","protected":false},"excerpt":{"rendered":"<p>Des livres de r\u00e8gles num\u00e9riques clairs qui permettent aux joueurs de rester dans le jeu Vous avez cr\u00e9\u00e9 un jeu formidable. Mais si les r\u00e8gles ne sont pas claires, les joueurs sont frustr\u00e9s et le jeu ne revient pas. StepAlong rend vos livres de r\u00e8gles faciles \u00e0 suivre, rapides \u00e0 consulter et disponibles dans plus de 30 langues. Aucune application n'est n\u00e9cessaire. L'IA r\u00e9pond aux questions sur votre jeu. Est-il [...]<\/p>","protected":false},"author":1,"featured_media":0,"parent":0,"menu_order":0,"comment_status":"closed","ping_status":"closed","template":"wp-custom-template-landing-page-b","meta":{"content-type":"","_uag_custom_page_level_css":"","footnotes":""},"class_list":["post-7482","page","type-page","status-publish","hentry"],"aioseo_notices":[],"mb":[],"uagb_featured_image_src":{"full":false,"thumbnail":false,"medium":false,"medium_large":false,"large":false,"1536x1536":false,"2048x2048":false,"trp-custom-language-flag":false},"uagb_author_info":{"display_name":"Sergi S\u00e1nchez Mancha","author_link":"https:\/\/www.stepalong.com\/fr\/author\/sergiostepalong-com\/"},"uagb_comment_info":0,"uagb_excerpt":"Clear digital rulebooks that keep players in the game You\u2019ve built a great game. But if the rules aren\u2019t clear,players get frustrated and the game doesn\u2019t come back out. StepAlong makes your rulebooks easy to follow, quick to access, and available in 30+ languages. No app needed. AI\u2019s answering questions about your game. Is it\u2026","mfb_rest_fields":["title","aioseo_notices","uagb_featured_image_src","uagb_author_info","uagb_comment_info","uagb_excerpt"],"_links":{"self":[{"href":"https:\/\/www.stepalong.com\/fr\/wp-json\/wp\/v2\/pages\/7482","targetHints":{"allow":["GET"]}}],"collection":[{"href":"https:\/\/www.stepalong.com\/fr\/wp-json\/wp\/v2\/pages"}],"about":[{"href":"https:\/\/www.stepalong.com\/fr\/wp-json\/wp\/v2\/types\/page"}],"author":[{"embeddable":true,"href":"https:\/\/www.stepalong.com\/fr\/wp-json\/wp\/v2\/users\/1"}],"replies":[{"embeddable":true,"href":"https:\/\/www.stepalong.com\/fr\/wp-json\/wp\/v2\/comments?post=7482"}],"version-history":[{"count":25,"href":"https:\/\/www.stepalong.com\/fr\/wp-json\/wp\/v2\/pages\/7482\/revisions"}],"predecessor-version":[{"id":7518,"href":"https:\/\/www.stepalong.com\/fr\/wp-json\/wp\/v2\/pages\/7482\/revisions\/7518"}],"wp:attachment":[{"href":"https:\/\/www.stepalong.com\/fr\/wp-json\/wp\/v2\/media?parent=7482"}],"curies":[{"name":"wp","href":"https:\/\/api.w.org\/{rel}","templated":true}]}}