{"id":6843,"date":"2025-03-17T16:26:38","date_gmt":"2025-03-17T15:26:38","guid":{"rendered":"https:\/\/www.stepalong.com\/?page_id=6843"},"modified":"2025-10-14T12:14:48","modified_gmt":"2025-10-14T10:14:48","slug":"reserver-une-demonstration","status":"publish","type":"page","link":"https:\/\/www.stepalong.com\/fr\/reserver-une-demonstration\/","title":{"rendered":"R\u00e9server une d\u00e9monstration de StepAlong"},"content":{"rendered":"<div class=\"wp-block-columns is-layout-flex wp-container-core-columns-is-layout-112a239a wp-block-columns-is-layout-flex\" style=\"margin-top:0;margin-bottom:0;padding-top:0;padding-bottom:0\">\n<div class=\"wp-block-column is-vertically-aligned-center feature is-layout-flow wp-block-column-is-layout-flow\" style=\"flex-basis:33.33%\">\n<p class=\"has-medium-font-size\">Les consommateurs et les professionnels se tournent vers leur t\u00e9l\u00e9phone pour obtenir de l'aide -<strong> StepAlong vous permet de cr\u00e9er des instructions en ligne claires, \u00e9tape par \u00e9tape, sans application.<\/strong><\/p>\n\n\n\n<div style=\"height:2em\" aria-hidden=\"true\" class=\"wp-block-spacer\"><\/div>\n\n\n\n<ul class=\"wp-block-list feature-list\">\n<li><strong>R\u00e9duire les retours et les co\u00fbts d'assistance<\/strong> avec de meilleures instructions.<\/li>\n\n\n\n<li>Publier <strong>guides num\u00e9riques et pr\u00eats \u00e0 imprimer <\/strong>instantan\u00e9ment.<\/li>\n\n\n\n<li><strong>\u00c9voluer sans effort<\/strong> \u00e0 travers les marques et les langues.<\/li>\n\n\n\n<li>Pr\u00e9parez votre contenu pour <strong>Moteurs de recherche IA<\/strong> et vos propres chatbots de service \u00e0 la client\u00e8le.<\/li>\n<\/ul>\n<\/div>\n\n\n\n<div class=\"wp-block-column is-vertically-aligned-top is-layout-flow wp-block-column-is-layout-flow\" style=\"flex-basis:66.66%\">\n<!-- Start of Meetings Embed Script -->\n    <div class=\"meetings-iframe-container\" data-src=\"https:\/\/meetings-eu1.hubspot.com\/tim-towle\/main-demo-request-form?embed=true\"><\/div>\n    <script type=\"text\/javascript\" src=\"https:\/\/static.hsappstatic.net\/MeetingsEmbed\/ex\/MeetingsEmbedCode.js\"><\/script>\n  <!-- End of Meetings Embed Script -->\n<\/div>\n<\/div>\n\n\n\n<p><\/p>","protected":false},"excerpt":{"rendered":"<p>Les consommateurs et les professionnels se tournent vers leur t\u00e9l\u00e9phone pour obtenir de l'aide - StepAlong vous permet de cr\u00e9er des instructions en ligne claires, \u00e9tape par \u00e9tape, sans qu'aucune application ne soit n\u00e9cessaire.<\/p>","protected":false},"author":1,"featured_media":0,"parent":0,"menu_order":0,"comment_status":"closed","ping_status":"closed","template":"wp-custom-template-landing-page","meta":{"content-type":"","_uag_custom_page_level_css":"","footnotes":""},"class_list":["post-6843","page","type-page","status-publish","hentry"],"aioseo_notices":[],"mb":[],"uagb_featured_image_src":{"full":false,"thumbnail":false,"medium":false,"medium_large":false,"large":false,"1536x1536":false,"2048x2048":false,"trp-custom-language-flag":false},"uagb_author_info":{"display_name":"Sergi S\u00e1nchez Mancha","author_link":"https:\/\/www.stepalong.com\/fr\/author\/sergiostepalong-com\/"},"uagb_comment_info":0,"uagb_excerpt":"Consumers and professionals turn to their phones for help \u2014 StepAlong lets you create clear, step-by-step online instructions, no app needed.","mfb_rest_fields":["title","aioseo_notices","uagb_featured_image_src","uagb_author_info","uagb_comment_info","uagb_excerpt"],"_links":{"self":[{"href":"https:\/\/www.stepalong.com\/fr\/wp-json\/wp\/v2\/pages\/6843","targetHints":{"allow":["GET"]}}],"collection":[{"href":"https:\/\/www.stepalong.com\/fr\/wp-json\/wp\/v2\/pages"}],"about":[{"href":"https:\/\/www.stepalong.com\/fr\/wp-json\/wp\/v2\/types\/page"}],"author":[{"embeddable":true,"href":"https:\/\/www.stepalong.com\/fr\/wp-json\/wp\/v2\/users\/1"}],"replies":[{"embeddable":true,"href":"https:\/\/www.stepalong.com\/fr\/wp-json\/wp\/v2\/comments?post=6843"}],"version-history":[{"count":29,"href":"https:\/\/www.stepalong.com\/fr\/wp-json\/wp\/v2\/pages\/6843\/revisions"}],"predecessor-version":[{"id":8586,"href":"https:\/\/www.stepalong.com\/fr\/wp-json\/wp\/v2\/pages\/6843\/revisions\/8586"}],"wp:attachment":[{"href":"https:\/\/www.stepalong.com\/fr\/wp-json\/wp\/v2\/media?parent=6843"}],"curies":[{"name":"wp","href":"https:\/\/api.w.org\/{rel}","templated":true}]}}