{"id":6525,"date":"2025-01-17T13:07:09","date_gmt":"2025-01-17T12:07:09","guid":{"rendered":"https:\/\/www.stepalong.com\/?page_id=6525"},"modified":"2025-03-19T10:49:27","modified_gmt":"2025-03-19T09:49:27","slug":"clients-hardicraft","status":"publish","type":"page","link":"https:\/\/www.stepalong.com\/fr\/clients-hardicraft\/","title":{"rendered":"Hardicraft et StepAlong"},"content":{"rendered":"<p class=\"subtitle\"><strong>Avec StepAlong, Hardicraft a cr\u00e9\u00e9 une plateforme d'enseignement en ligne s\u00e9curis\u00e9e et multilingue, r\u00e9duisant les co\u00fbts et permettant l'expansion du march\u00e9.<\/strong><\/p>\n\n\n\n<div style=\"height:2em\" aria-hidden=\"true\" class=\"wp-block-spacer\"><\/div>\n\n\n\n<figure class=\"wp-block-image alignwide size-large rounded\"><img loading=\"lazy\" decoding=\"async\" width=\"1024\" height=\"741\" src=\"https:\/\/www.stepalong.com\/wp-content\/uploads\/2025\/01\/hardicraft-kits-with-stepalong-1024x741.jpg\" alt=\"Instructions pour les kits Hardicraft avec le lecteur Stepalong.\" class=\"wp-image-6623\" srcset=\"https:\/\/www.stepalong.com\/wp-content\/uploads\/2025\/01\/hardicraft-kits-with-stepalong-1024x741.jpg 1024w, https:\/\/www.stepalong.com\/wp-content\/uploads\/2025\/01\/hardicraft-kits-with-stepalong-300x217.jpg 300w, https:\/\/www.stepalong.com\/wp-content\/uploads\/2025\/01\/hardicraft-kits-with-stepalong-768x556.jpg 768w, https:\/\/www.stepalong.com\/wp-content\/uploads\/2025\/01\/hardicraft-kits-with-stepalong-1536x1111.jpg 1536w, https:\/\/www.stepalong.com\/wp-content\/uploads\/2025\/01\/hardicraft-kits-with-stepalong-18x12.jpg 18w, https:\/\/www.stepalong.com\/wp-content\/uploads\/2025\/01\/hardicraft-kits-with-stepalong.jpg 1566w\" sizes=\"auto, (max-width: 1024px) 100vw, 1024px\" \/><\/figure>\n\n\n\n<div style=\"height:2em\" aria-hidden=\"true\" class=\"wp-block-spacer\"><\/div>\n\n\n\n<p><a href=\"https:\/\/www.hardicraft.com\/\" target=\"_blank\" rel=\"noopener\" title=\"Hardicraft\">Hardicraft<\/a>est une entreprise n\u00e9erlandaise d'artisanat bas\u00e9e aux Pays-Bas. Elle est l'un des principaux fournisseurs europ\u00e9ens de kits de crochet et de tricot. Elle vend au d\u00e9tail sous sa propre marque et propose \u00e9galement des produits sous marque de distributeur pour d'autres organisations.<\/p>\n\n\n\n<p>StepAlong a rencontr\u00e9 Marijke Boone, PDG et fondatrice de Hardicraft, lors du salon Creativeworld 2024 \u00e0 Francfort. Lors de cet \u00e9v\u00e9nement, Marijke a expliqu\u00e9 les d\u00e9fis sp\u00e9cifiques auxquels Hardicraft \u00e9tait confront\u00e9 en ce qui concerne les instructions relatives \u00e0 ses produits, en particulier lorsque l'entreprise a \u00e9tendu sa pr\u00e9sence sur les march\u00e9s internationaux.<\/p>\n\n\n\n<div style=\"height:2em\" aria-hidden=\"true\" class=\"wp-block-spacer\"><\/div>\n\n\n\n<h2 class=\"wp-block-heading\">Les d\u00e9fis<\/h2>\n\n\n\n<div class=\"wp-block-columns is-layout-flex wp-container-core-columns-is-layout-cbe57604 wp-block-columns-is-layout-flex\">\n<div class=\"wp-block-column is-layout-flow wp-block-column-is-layout-flow\" style=\"flex-basis:50%\">\n<figure class=\"wp-block-image size-large\"><img loading=\"lazy\" decoding=\"async\" width=\"1024\" height=\"697\" src=\"https:\/\/www.stepalong.com\/wp-content\/uploads\/2025\/01\/hardicraft-paper-instructions-1024x697.jpg\" alt=\"Instructions pour le papier Hardicraft \" class=\"wp-image-6625\" srcset=\"https:\/\/www.stepalong.com\/wp-content\/uploads\/2025\/01\/hardicraft-paper-instructions-1024x697.jpg 1024w, https:\/\/www.stepalong.com\/wp-content\/uploads\/2025\/01\/hardicraft-paper-instructions-300x204.jpg 300w, https:\/\/www.stepalong.com\/wp-content\/uploads\/2025\/01\/hardicraft-paper-instructions-768x522.jpg 768w, https:\/\/www.stepalong.com\/wp-content\/uploads\/2025\/01\/hardicraft-paper-instructions-1536x1045.jpg 1536w, https:\/\/www.stepalong.com\/wp-content\/uploads\/2025\/01\/hardicraft-paper-instructions-18x12.jpg 18w, https:\/\/www.stepalong.com\/wp-content\/uploads\/2025\/01\/hardicraft-paper-instructions.jpg 1698w\" sizes=\"auto, (max-width: 1024px) 100vw, 1024px\" \/><\/figure>\n<\/div>\n\n\n\n<div class=\"wp-block-column is-vertically-aligned-top is-layout-flow wp-block-column-is-layout-flow\" style=\"flex-basis:50%\">\n<p>L'emballage des kits Hardicraft est tr\u00e8s compact, ce qui rend difficile l'inclusion d'instructions en plusieurs langues. Au fur et \u00e0 mesure de l'ajout de langues, le risque d'erreurs augmentait. En outre, les processus de fabrication et de distribution de Hardicraft ne permettaient pas de remplacer facilement les instructions imprim\u00e9es en cas d'erreur.<\/p>\n<\/div>\n<\/div>\n\n\n\n<p>Pendant des ann\u00e9es, Hardicraft a fonctionn\u00e9 avec des instructions en quatre langues. Cependant, le passage \u00e0 10 langues a entra\u00een\u00e9 non seulement une augmentation des co\u00fbts, mais aussi des d\u00e9fis structurels li\u00e9s \u00e0 la cr\u00e9ation, \u00e0 la traduction et \u00e0 la gestion d'un volume croissant de contenu.<\/p>\n\n\n\n<p>Hardicraft a envisag\u00e9 de remplacer ses instructions imprim\u00e9es par un code QR, mais souhaitait \u00e9viter d'h\u00e9berger du contenu sur l'internet en raison des risques de plagiat, un probl\u00e8me courant dans la communaut\u00e9 du crochet et du tricot. En outre, bien qu'ils soient ouverts aux instructions num\u00e9riques, ils ont reconnu que beaucoup de leurs clients pr\u00e9f\u00e9raient les PDF. Marijke \u00e9tait cat\u00e9gorique : elle ne voulait pas avoir \u00e0 g\u00e9rer deux syst\u00e8mes distincts pour la cr\u00e9ation des instructions.<\/p>\n\n\n\n<div style=\"height:2em\" aria-hidden=\"true\" class=\"wp-block-spacer\"><\/div>\n\n\n\n<h2 class=\"wp-block-heading\">La solution<\/h2>\n\n\n\n<div class=\"wp-block-columns is-layout-flex wp-container-core-columns-is-layout-cbe57604 wp-block-columns-is-layout-flex\">\n<div class=\"wp-block-column is-layout-flow wp-block-column-is-layout-flow\">\n<figure class=\"wp-block-image size-large\"><img loading=\"lazy\" decoding=\"async\" width=\"1024\" height=\"1024\" src=\"https:\/\/www.stepalong.com\/wp-content\/uploads\/2025\/01\/kit-materials-with-stepalong-1024x1024.png\" alt=\"Instructions et mat\u00e9riaux pour les kits Hardicraft avec StepAlong.\" class=\"wp-image-6626\" srcset=\"https:\/\/www.stepalong.com\/wp-content\/uploads\/2025\/01\/kit-materials-with-stepalong-1024x1024.png 1024w, https:\/\/www.stepalong.com\/wp-content\/uploads\/2025\/01\/kit-materials-with-stepalong-300x300.png 300w, https:\/\/www.stepalong.com\/wp-content\/uploads\/2025\/01\/kit-materials-with-stepalong-150x150.png 150w, https:\/\/www.stepalong.com\/wp-content\/uploads\/2025\/01\/kit-materials-with-stepalong-768x768.png 768w, https:\/\/www.stepalong.com\/wp-content\/uploads\/2025\/01\/kit-materials-with-stepalong-12x12.png 12w, https:\/\/www.stepalong.com\/wp-content\/uploads\/2025\/01\/kit-materials-with-stepalong.png 1200w\" sizes=\"auto, (max-width: 1024px) 100vw, 1024px\" \/><\/figure>\n<\/div>\n\n\n\n<div class=\"wp-block-column is-layout-flow wp-block-column-is-layout-flow\">\n<p>Gr\u00e2ce \u00e0 la mise en \u0153uvre de StepAlong, Hardicraft a rapidement transform\u00e9 ses PDF imprim\u00e9s compacts en des documents visuellement attrayants. <a href=\"https:\/\/www.stepalong.com\/fr\/traduction-des-instructions-du-produit-ai\/\" title=\"Traduction d&#039;instructions de produits avec l&#039;IA\">instructions en ligne disponibles en 10 langues<\/a>.<\/p>\n\n\n\n<p>Dans un premier temps, Hardicraft a choisi d'utiliser l'application <a href=\"https:\/\/www.stepalong.com\/fr\/centre-dinstruction-cle-en-main\/\" title=\"Centre d&#039;instruction cl\u00e9 en main\">Centre d'instruction StepAlong<\/a> plut\u00f4t que d'int\u00e9grer les instructions dans leur site web principal. Cette d\u00e9cision s'est av\u00e9r\u00e9e pr\u00e9cieuse, car elle a permis de dissocier la plateforme d'instructions de la refonte en cours du site web, r\u00e9duisant ainsi les d\u00e9pendances dans le processus de cr\u00e9ation des instructions.<\/p>\n<\/div>\n<\/div>\n\n\n\n<p>L'\u00e9quipe de StepAlong a collabor\u00e9 \u00e9troitement avec Hardicraft pour relever les d\u00e9fis de traduction pos\u00e9s par les langues techniques sp\u00e9cifiques du tricot et du crochet. En affinant notre outil de traduction, Hardicraft a pu r\u00e9duire ses co\u00fbts de traduction d'environ 80% en une seule fois.<\/p>\n\n\n\n<p>Le fait de disposer d'instructions en ligne a \u00e9galement permis \u00e0 Hardicraft d'int\u00e9grer rapidement les commentaires et les corrections des clients, une pratique courante chez les crocheteurs et les tricoteurs engag\u00e9s.<\/p>\n\n\n\n<p>Pour lutter contre le plagiat, StepAlong a d\u00e9velopp\u00e9 une fonctionnalit\u00e9 permettant \u00e0 Hardicraft d'attribuer des codes d'acc\u00e8s uniques pour chaque instruction. Ces codes sont imprim\u00e9s \u00e0 c\u00f4t\u00e9 du code QR sur l'emballage, ce qui garantit un acc\u00e8s s\u00e9curis\u00e9 aux instructions.<\/p>\n\n\n\n<div style=\"height:2em\" aria-hidden=\"true\" class=\"wp-block-spacer\"><\/div>\n\n\n\n<h2 class=\"wp-block-heading\">Am\u00e9liorer l'exp\u00e9rience PDF<\/h2>\n\n\n\n<div class=\"wp-block-columns is-layout-flex wp-container-core-columns-is-layout-cbe57604 wp-block-columns-is-layout-flex\">\n<div class=\"wp-block-column is-layout-flow wp-block-column-is-layout-flow\">\n<p>Conscient de la demande constante de PDF, mais s'appuyant sur des instructions en ligne solides, StepAlong a repens\u00e9 ce format. En supprimant la n\u00e9cessit\u00e9 d'inclure toutes les langues dans un seul PDF, nous avons pu nous concentrer sur la cr\u00e9ation de PDF avec des textes et des images plus grands, am\u00e9liorant ainsi la convivialit\u00e9 pour les utilisateurs finaux et introduisant une fonctionnalit\u00e9 permettant de g\u00e9n\u00e9rer des PDF directement \u00e0 partir des instructions en ligne, \u00e9liminant ainsi le besoin d'un logiciel de cr\u00e9ation de PDF s\u00e9par\u00e9.<\/p>\n<\/div>\n\n\n\n<div class=\"wp-block-column is-layout-flow wp-block-column-is-layout-flow\">\n<figure class=\"wp-block-image size-large\"><img loading=\"lazy\" decoding=\"async\" width=\"1024\" height=\"666\" src=\"https:\/\/www.stepalong.com\/wp-content\/uploads\/2025\/01\/stepalong-hardicraft-pdf-1024x666.jpg\" alt=\"Hardicraft PDF par StepAlong\" class=\"wp-image-6567\" srcset=\"https:\/\/www.stepalong.com\/wp-content\/uploads\/2025\/01\/stepalong-hardicraft-pdf-1024x666.jpg 1024w, https:\/\/www.stepalong.com\/wp-content\/uploads\/2025\/01\/stepalong-hardicraft-pdf-300x195.jpg 300w, https:\/\/www.stepalong.com\/wp-content\/uploads\/2025\/01\/stepalong-hardicraft-pdf-768x499.jpg 768w, https:\/\/www.stepalong.com\/wp-content\/uploads\/2025\/01\/stepalong-hardicraft-pdf-1536x999.jpg 1536w, https:\/\/www.stepalong.com\/wp-content\/uploads\/2025\/01\/stepalong-hardicraft-pdf-18x12.jpg 18w, https:\/\/www.stepalong.com\/wp-content\/uploads\/2025\/01\/stepalong-hardicraft-pdf.jpg 1735w\" sizes=\"auto, (max-width: 1024px) 100vw, 1024px\" \/><\/figure>\n<\/div>\n<\/div>\n\n\n\n<div style=\"height:2em\" aria-hidden=\"true\" class=\"wp-block-spacer\"><\/div>\n\n\n\n<h2 class=\"wp-block-heading\">Conformit\u00e9 au GPSR et \u00e0 l'EAA en toute simplicit\u00e9<\/h2>\n\n\n\n<p>Lorsque Hardicraft a rencontr\u00e9 StepAlong, le nouveau <a href=\"https:\/\/www.stepalong.com\/fr\/rendre-les-instructions-de-vos-produits-conformes-au-rpsg\/\" title=\"Conformit\u00e9 des instructions de vos produits avec le GPSR\">R\u00e8glements GPSR et EAA<\/a> n'\u00e9taient pas une priorit\u00e9. Cependant, depuis la mise en \u0153uvre de StepAlong, ils peuvent maintenant facilement assurer la conformit\u00e9 avec ces normes r\u00e9glementaires sans effort suppl\u00e9mentaire.<\/p>\n\n\n\n<div style=\"height:2em\" aria-hidden=\"true\" class=\"wp-block-spacer\"><\/div>\n\n\n\n<h2 class=\"wp-block-heading\"><\/h2>\n\n\n\n<p>Marijke a comment\u00e9 les r\u00e9sultats de la mise en \u0153uvre de StepAlong :<\/p>\n\n\n\n<blockquote class=\"wp-block-quote feature is-layout-flow wp-block-quote-is-layout-flow\">\n<p>\"Nos instructions font partie int\u00e9grante de notre offre de produits, et elles doivent \u00eatre de haute qualit\u00e9 et accessibles dans diff\u00e9rents formats et diff\u00e9rentes langues. StepAlong nous a permis d'am\u00e9liorer la qualit\u00e9 de nos instructions et de mettre en place un processus qui nous permet de p\u00e9n\u00e9trer de nouveaux march\u00e9s de mani\u00e8re efficace et avec un minimum de frictions.\"<\/p>\n<\/blockquote>\n\n\n\n<p>Vous pouvez consulter le centre d'instruction Hardicraft aliment\u00e9 par StepAlong \u00e0 l'adresse suivante <a href=\"http:\/\/instructions.hardicraft.com\/\">instructions.hardicraft.com<\/a>Pour plus d'informations, veuillez utiliser le formulaire ci-dessous pour demander une d\u00e9monstration afin de voir comment StepAlong peut transformer les instructions de votre produit.<\/p>\n\n\n\n<div style=\"height:2em\" aria-hidden=\"true\" class=\"wp-block-spacer\"><\/div>\n\n\n\n<div class=\"wp-block-buttons is-content-justification-center is-layout-flex wp-container-core-buttons-is-layout-a89b3969 wp-block-buttons-is-layout-flex\">\n<div class=\"wp-block-button is-style-fill\"><a class=\"wp-block-button__link wp-element-button\" href=\"https:\/\/www.stepalong.com\/fr\/reserver-une-demonstration\/\" style=\"border-style:none;border-width:0px\">R\u00e9server une d\u00e9monstration<\/a><\/div>\n<\/div>\n\n\n\n<p><\/p>","protected":false},"excerpt":{"rendered":"<p>Avec StepAlong, Hardicraft a cr\u00e9\u00e9 une plateforme d'enseignement en ligne s\u00e9curis\u00e9e et multilingue, r\u00e9duisant les co\u00fbts et permettant l'expansion du march\u00e9. Hardicraft, une entreprise n\u00e9erlandaise d'artisanat bas\u00e9e aux Pays-Bas, est l'un des principaux fournisseurs europ\u00e9ens de kits de crochet et de tricot. Elle vend au d\u00e9tail sous sa propre marque tout en proposant des produits sous marque priv\u00e9e pour d'autres organisations. StepAlong met Marijke [...]<\/p>","protected":false},"author":1,"featured_media":0,"parent":0,"menu_order":0,"comment_status":"closed","ping_status":"closed","template":"case-study","meta":{"content-type":"","_uag_custom_page_level_css":"","footnotes":""},"class_list":["post-6525","page","type-page","status-publish","hentry"],"aioseo_notices":[],"mb":[],"uagb_featured_image_src":{"full":false,"thumbnail":false,"medium":false,"medium_large":false,"large":false,"1536x1536":false,"2048x2048":false,"trp-custom-language-flag":false},"uagb_author_info":{"display_name":"Sergi S\u00e1nchez Mancha","author_link":"https:\/\/www.stepalong.com\/fr\/author\/sergiostepalong-com\/"},"uagb_comment_info":0,"uagb_excerpt":"With StepAlong, Hardicraft created a secure, multilingual online instruction platform, cutting costs and enabling market expansion. Hardicraft, a Dutch arts and crafts company based in the Netherlands, is one of Europe\u2019s leading providers of crochet and knitting kits. They retail under their own brand while also offering private-label products for other organizations. StepAlong met Marijke\u2026","mfb_rest_fields":["title","aioseo_notices","uagb_featured_image_src","uagb_author_info","uagb_comment_info","uagb_excerpt"],"_links":{"self":[{"href":"https:\/\/www.stepalong.com\/fr\/wp-json\/wp\/v2\/pages\/6525","targetHints":{"allow":["GET"]}}],"collection":[{"href":"https:\/\/www.stepalong.com\/fr\/wp-json\/wp\/v2\/pages"}],"about":[{"href":"https:\/\/www.stepalong.com\/fr\/wp-json\/wp\/v2\/types\/page"}],"author":[{"embeddable":true,"href":"https:\/\/www.stepalong.com\/fr\/wp-json\/wp\/v2\/users\/1"}],"replies":[{"embeddable":true,"href":"https:\/\/www.stepalong.com\/fr\/wp-json\/wp\/v2\/comments?post=6525"}],"version-history":[{"count":36,"href":"https:\/\/www.stepalong.com\/fr\/wp-json\/wp\/v2\/pages\/6525\/revisions"}],"predecessor-version":[{"id":6890,"href":"https:\/\/www.stepalong.com\/fr\/wp-json\/wp\/v2\/pages\/6525\/revisions\/6890"}],"wp:attachment":[{"href":"https:\/\/www.stepalong.com\/fr\/wp-json\/wp\/v2\/media?parent=6525"}],"curies":[{"name":"wp","href":"https:\/\/api.w.org\/{rel}","templated":true}]}}