{"id":6415,"date":"2025-01-02T17:56:22","date_gmt":"2025-01-02T16:56:22","guid":{"rendered":"https:\/\/www.stepalong.com\/?page_id=6415"},"modified":"2025-01-16T19:11:45","modified_gmt":"2025-01-16T18:11:45","slug":"plan-daction-pour-linstruction-des-produits","status":"publish","type":"page","link":"https:\/\/www.stepalong.com\/fr\/plan-daction-pour-linstruction-des-produits\/","title":{"rendered":"Plan d'action pour l'instruction des produits"},"content":{"rendered":"<h2 class=\"wp-block-heading has-text-align-center\" style=\"font-size:2.4em\">Les instructions relatives \u00e0 vos produits aident-elles ou nuisent-elles \u00e0 votre entreprise ?<\/h2>\n\n\n\n<p class=\"has-text-align-center has-medium-font-size\">N'attendez pas qu'il soit trop tard - obtenez des r\u00e9ponses d\u00e8s aujourd'hui gr\u00e2ce au plan d'action StepAlong Product Instruction.<\/p>\n\n\n\n<div style=\"height:2em\" aria-hidden=\"true\" class=\"wp-block-spacer\"><\/div>\n\n\n\n<div class=\"wp-block-cover alignwide\" style=\"border-style:none;border-width:0px;border-radius:8px;padding-right:3em;padding-left:3em\"><span aria-hidden=\"true\" class=\"wp-block-cover__background has-custom-purple-background-color has-background-dim-70 has-background-dim\"><\/span><img loading=\"lazy\" decoding=\"async\" width=\"2560\" height=\"1061\" class=\"wp-block-cover__image-background wp-image-6418\" alt=\"assemblage du berceau\" src=\"https:\/\/www.stepalong.com\/wp-content\/uploads\/2025\/01\/cradle-assembly-scaled.jpg\" data-object-fit=\"cover\" srcset=\"https:\/\/www.stepalong.com\/wp-content\/uploads\/2025\/01\/cradle-assembly-scaled.jpg 2560w, https:\/\/www.stepalong.com\/wp-content\/uploads\/2025\/01\/cradle-assembly-300x124.jpg 300w, https:\/\/www.stepalong.com\/wp-content\/uploads\/2025\/01\/cradle-assembly-1024x425.jpg 1024w, https:\/\/www.stepalong.com\/wp-content\/uploads\/2025\/01\/cradle-assembly-768x318.jpg 768w, https:\/\/www.stepalong.com\/wp-content\/uploads\/2025\/01\/cradle-assembly-1536x637.jpg 1536w, https:\/\/www.stepalong.com\/wp-content\/uploads\/2025\/01\/cradle-assembly-2048x849.jpg 2048w, https:\/\/www.stepalong.com\/wp-content\/uploads\/2025\/01\/cradle-assembly-18x7.jpg 18w\" sizes=\"auto, (max-width: 2560px) 100vw, 2560px\" \/><div class=\"wp-block-cover__inner-container is-layout-constrained wp-container-core-cover-is-layout-729e5ae5 wp-block-cover-is-layout-constrained\">\n<div class=\"wp-block-columns is-layout-flex wp-container-core-columns-is-layout-28f84493 wp-block-columns-is-layout-flex\">\n<div class=\"wp-block-column is-layout-flow wp-block-column-is-layout-flow\" style=\"flex-basis:60%\">\n<h2 class=\"wp-block-heading has-raft-fg-alt-color has-text-color has-link-color wp-elements-7156b044838bb0d8447186735dfb7a43\">Risquez-vous de compromettre la conformit\u00e9 ou la satisfaction du client ?<\/h2>\n\n\n\n<ul class=\"wp-block-list\">\n<li>Respectez-vous toutes les <strong>R\u00e8glements de l'UE<\/strong> pour la documentation des produits ?<\/li>\n\n\n\n<li>Vos instructions peuvent-elles \u00eatre trouv\u00e9es ? <strong>rapidement et facilement<\/strong> en ligne ?<\/li>\n\n\n\n<li>Vos clients ont-ils le choix entre <strong>instructions en ligne et PDF<\/strong>?<\/li>\n<\/ul>\n<\/div>\n\n\n\n<div class=\"wp-block-column is-layout-flow wp-block-column-is-layout-flow\" style=\"flex-basis:40%\"><\/div>\n<\/div>\n<\/div><\/div>\n\n\n\n<div style=\"height:2em\" aria-hidden=\"true\" class=\"wp-block-spacer\"><\/div>\n\n\n\n<p>Instructions sur les produits Exemple de plan d'action :<\/p>\n\n\n\n<figure class=\"wp-block-image size-large\"><img loading=\"lazy\" decoding=\"async\" width=\"1024\" height=\"474\" src=\"https:\/\/www.stepalong.com\/wp-content\/uploads\/2025\/01\/product-intructions-action-plan-1024x474.webp\" alt=\"Plan d&#039;action pour l&#039;instruction des produits\" class=\"wp-image-6514\" srcset=\"https:\/\/www.stepalong.com\/wp-content\/uploads\/2025\/01\/product-intructions-action-plan-1024x474.webp 1024w, https:\/\/www.stepalong.com\/wp-content\/uploads\/2025\/01\/product-intructions-action-plan-300x139.webp 300w, https:\/\/www.stepalong.com\/wp-content\/uploads\/2025\/01\/product-intructions-action-plan-768x355.webp 768w, https:\/\/www.stepalong.com\/wp-content\/uploads\/2025\/01\/product-intructions-action-plan-1536x710.webp 1536w, https:\/\/www.stepalong.com\/wp-content\/uploads\/2025\/01\/product-intructions-action-plan-2048x947.webp 2048w, https:\/\/www.stepalong.com\/wp-content\/uploads\/2025\/01\/product-intructions-action-plan-18x8.webp 18w\" sizes=\"auto, (max-width: 1024px) 100vw, 1024px\" \/><\/figure>\n\n\n\n<div style=\"height:2em\" aria-hidden=\"true\" class=\"wp-block-spacer\"><\/div>\n\n\n\n<div class=\"wp-block-group feature-white feature-shadow is-layout-constrained wp-block-group-is-layout-constrained\">\n<h2 class=\"wp-block-heading\"><strong>Obtenez votre plan d'action pour l'instruction des produits !<\/strong><\/h2>\n\n\n\n<p>Remplissez le formulaire ci-dessous et nous \u00e9valuerons les instructions de votre produit en termes de conformit\u00e9, de facilit\u00e9 d'utilisation et de satisfaction du client.<\/p>\n\n\n\n<p><strong>Prot\u00e9gez votre entreprise et renforcez la confiance de vos clients d\u00e8s aujourd'hui<\/strong><\/p>\n\n\n\n<div class=\"wp-block-columns is-layout-flex wp-container-core-columns-is-layout-28f84493 wp-block-columns-is-layout-flex\">\n<div class=\"wp-block-column is-layout-flow wp-block-column-is-layout-flow\" style=\"flex-basis:20%\"><\/div>\n\n\n\n<div class=\"wp-block-column hsform is-layout-flow wp-block-column-is-layout-flow\" style=\"flex-basis:60%\">\n<script charset=\"utf-8\" type=\"text\/javascript\" src=\"\/\/js-eu1.hsforms.net\/forms\/embed\/v2.js\"><\/script>\n<script>\n  hbspt.forms.create({\n    portalId: \"26183334\",\n    formId: \"a97e51cd-9c47-46ee-9c46-cd99391556cc\"\n  });\n<\/script>\n<\/div>\n\n\n\n<div class=\"wp-block-column is-layout-flow wp-block-column-is-layout-flow\" style=\"flex-basis:20%\"><\/div>\n<\/div>\n<\/div>","protected":false},"excerpt":{"rendered":"<p>Les instructions relatives \u00e0 vos produits aident-elles ou nuisent-elles \u00e0 votre entreprise ? N'attendez pas qu'il soit trop tard - obtenez des r\u00e9ponses d\u00e8s aujourd'hui gr\u00e2ce au plan d'action StepAlong pour les instructions relatives aux produits. Exemple de plan d'action pour les instructions relatives aux produits : Obtenez votre plan d'action pour les instructions relatives aux produits ! Remplissez le formulaire ci-dessous et nous \u00e9valuerons la conformit\u00e9, la facilit\u00e9 d'utilisation et la satisfaction des clients des instructions relatives \u00e0 vos produits. Prot\u00e9gez votre entreprise [...]<\/p>","protected":false},"author":1,"featured_media":0,"parent":0,"menu_order":0,"comment_status":"closed","ping_status":"closed","template":"wp-custom-template-landing-page-b","meta":{"content-type":"","_uag_custom_page_level_css":"","footnotes":""},"class_list":["post-6415","page","type-page","status-publish","hentry"],"aioseo_notices":[],"mb":[],"uagb_featured_image_src":{"full":false,"thumbnail":false,"medium":false,"medium_large":false,"large":false,"1536x1536":false,"2048x2048":false,"trp-custom-language-flag":false},"uagb_author_info":{"display_name":"Sergi S\u00e1nchez Mancha","author_link":"https:\/\/www.stepalong.com\/fr\/author\/sergiostepalong-com\/"},"uagb_comment_info":0,"uagb_excerpt":"Do your product instructions help or hurt your business? Don\u2019t wait until it\u2019s too late\u2014get answers today with the StepAlong Product Instruction Action Plan. Product Instructions Action Plan Example: Get your Product Instruction Action Plan! Fill out the form below, and we\u2019ll evaluate your product instructions for compliance, usability and customer satisfaction. Protect your business\u2026","mfb_rest_fields":["title","aioseo_notices","uagb_featured_image_src","uagb_author_info","uagb_comment_info","uagb_excerpt"],"_links":{"self":[{"href":"https:\/\/www.stepalong.com\/fr\/wp-json\/wp\/v2\/pages\/6415","targetHints":{"allow":["GET"]}}],"collection":[{"href":"https:\/\/www.stepalong.com\/fr\/wp-json\/wp\/v2\/pages"}],"about":[{"href":"https:\/\/www.stepalong.com\/fr\/wp-json\/wp\/v2\/types\/page"}],"author":[{"embeddable":true,"href":"https:\/\/www.stepalong.com\/fr\/wp-json\/wp\/v2\/users\/1"}],"replies":[{"embeddable":true,"href":"https:\/\/www.stepalong.com\/fr\/wp-json\/wp\/v2\/comments?post=6415"}],"version-history":[{"count":20,"href":"https:\/\/www.stepalong.com\/fr\/wp-json\/wp\/v2\/pages\/6415\/revisions"}],"predecessor-version":[{"id":6516,"href":"https:\/\/www.stepalong.com\/fr\/wp-json\/wp\/v2\/pages\/6415\/revisions\/6516"}],"wp:attachment":[{"href":"https:\/\/www.stepalong.com\/fr\/wp-json\/wp\/v2\/media?parent=6415"}],"curies":[{"name":"wp","href":"https:\/\/api.w.org\/{rel}","templated":true}]}}