{"id":6099,"date":"2024-12-05T19:04:32","date_gmt":"2024-12-05T18:04:32","guid":{"rendered":"https:\/\/www.stepalong.com\/?page_id=6099"},"modified":"2025-08-27T20:49:31","modified_gmt":"2025-08-27T18:49:31","slug":"stepalong-pour-les-instructions-du-kit","status":"publish","type":"page","link":"https:\/\/www.stepalong.com\/fr\/stepalong-pour-les-instructions-du-kit\/","title":{"rendered":"StepAlong pour les instructions du kit"},"content":{"rendered":"<h2 class=\"wp-block-heading has-text-align-center\" style=\"font-size:2.4em\">Am\u00e9liorez les instructions de votre kit et l'exp\u00e9rience de vos clients<\/h2>\n\n\n\n<p class=\"has-text-align-center has-medium-font-size\">StepAlong vous fait gagner du temps et du stress avec les instructions de votre kit,<br>vous permettant de vous concentrer sur ce que vous aimez : cr\u00e9er !<\/p>\n\n\n\n<p class=\"has-text-align-center\">StepAlong simplifie la cr\u00e9ation, la traduction et la gestion des instructions des kits.<\/p>\n\n\n\n<div class=\"wp-block-buttons is-content-justification-center is-layout-flex wp-container-core-buttons-is-layout-a89b3969 wp-block-buttons-is-layout-flex\">\n<div class=\"wp-block-button is-style-outline is-style-outline--1\"><a class=\"wp-block-button__link has-custom-purple-color has-raft-fg-alt-background-color has-text-color has-background has-link-color has-text-align-center wp-element-button\" href=\"https:\/\/www.stepalong.com\/fr\/reserver-une-demonstration\/\">R\u00e9server une d\u00e9monstration<\/a><\/div>\n<\/div>\n\n\n\n<div style=\"height:4rem\" aria-hidden=\"true\" class=\"wp-block-spacer\"><\/div>\n\n\n\n<div class=\"wp-block-cover alignwide\" style=\"border-style:none;border-width:0px;border-radius:8px;padding-top:3em;padding-right:3em;padding-bottom:3em;padding-left:3em\"><img loading=\"lazy\" decoding=\"async\" width=\"2560\" height=\"1061\" class=\"wp-block-cover__image-background wp-image-5535\" alt=\"Kit de crochet\" src=\"https:\/\/www.stepalong.com\/wp-content\/uploads\/2024\/09\/crochet-background-scaled.jpg\" style=\"object-position:65% 3%\" data-object-fit=\"cover\" data-object-position=\"65% 3%\" srcset=\"https:\/\/www.stepalong.com\/wp-content\/uploads\/2024\/09\/crochet-background-scaled.jpg 2560w, https:\/\/www.stepalong.com\/wp-content\/uploads\/2024\/09\/crochet-background-300x124.jpg 300w, https:\/\/www.stepalong.com\/wp-content\/uploads\/2024\/09\/crochet-background-1024x425.jpg 1024w, https:\/\/www.stepalong.com\/wp-content\/uploads\/2024\/09\/crochet-background-768x318.jpg 768w, https:\/\/www.stepalong.com\/wp-content\/uploads\/2024\/09\/crochet-background-1536x637.jpg 1536w, https:\/\/www.stepalong.com\/wp-content\/uploads\/2024\/09\/crochet-background-2048x849.jpg 2048w, https:\/\/www.stepalong.com\/wp-content\/uploads\/2024\/09\/crochet-background-18x7.jpg 18w\" sizes=\"auto, (max-width: 2560px) 100vw, 2560px\" \/><span aria-hidden=\"true\" class=\"wp-block-cover__background has-background-dim-60 has-background-dim wp-block-cover__gradient-background has-background-gradient\" style=\"background:linear-gradient(106deg,rgb(171,35,109) 36%,rgba(0,0,0,0) 60%)\"><\/span><div class=\"wp-block-cover__inner-container is-layout-constrained wp-container-core-cover-is-layout-6179930d wp-block-cover-is-layout-constrained\">\n<div class=\"wp-block-columns is-layout-flex wp-container-core-columns-is-layout-28f84493 wp-block-columns-is-layout-flex\">\n<div class=\"wp-block-column is-layout-flow wp-block-column-is-layout-flow\" style=\"flex-basis:65%\">\n<h2 class=\"wp-block-heading has-raft-fg-alt-color has-text-color has-link-color wp-elements-c5fef766d5ef4854cb61e84d768b5ebf\">Les instructions du kit sont tr\u00e8s importantes !<\/h2>\n\n\n\n<p class=\"has-raft-fg-alt-color has-text-color has-link-color wp-elements-f99976124984e2e8f3dbd65ed1b380e6\">En ce qui concerne les kits, la <strong>les instructions peuvent faire ou d\u00e9faire l'exp\u00e9rience<\/strong>. Voici quelques faits int\u00e9ressants* :<\/p>\n\n\n\n<ol class=\"wp-block-list has-raft-bg-alt-color has-text-color has-link-color wp-elements-d7a6a8c9c6e2435ec9cfe0998ab7f5f4\">\n<li><strong>1 client sur 4<\/strong> se d\u00e9battent avec les instructions du kit, se sentent souvent frustr\u00e9s et perdus.<\/li>\n\n\n\n<li><strong>80% de mauvaises critiques<\/strong> Les utilisateurs se retrouvent bloqu\u00e9s en plein milieu d'un projet \u00e0 cause d'instructions ou de didacticiels confus et difficiles \u00e0 suivre.<\/li>\n\n\n\n<li>C'est particuli\u00e8rement difficile pour les <strong>d\u00e9butants<\/strong>qui constituent <strong>14.3%<\/strong> de clients. Ils s'appuient sur des conseils clairs, \u00e9tape par \u00e9tape, pour apprendre et r\u00e9aliser leurs premiers projets.<\/li>\n\n\n\n<li>Les mauvaises instructions ne sont pas seulement source de confusion, elles font baisser l'\u00e9valuation des produits. Les kits avec <strong>Tutoriels peu clairs<\/strong> ont tendance \u00e0 obtenir <strong>moins de 3 \u00e9toiles<\/strong>.<\/li>\n\n\n\n<li>Les tutoriels vid\u00e9o peuvent \u00eatre utiles, <strong>36.1% d'utilisateurs<\/strong> estiment qu'ils vont trop vite. Sans une <strong>copie physique<\/strong> \u00e0 r\u00e9f\u00e9rencer, cela devient une exp\u00e9rience frustrante pour beaucoup.<\/li>\n<\/ol>\n\n\n\n<p class=\"has-raft-bg-alt-color has-text-color has-link-color has-small-font-size wp-elements-976354f7d88a73573bb40dd8c09878a1\">* Le Sprite des vendeurs <a href=\"https:\/\/www.sellersprite.com\/en\/blog\/crochet-kits-report\">Rapport sur le march\u00e9 des kits de crochet pour 2023<\/a>.<\/p>\n<\/div>\n\n\n\n<div class=\"wp-block-column is-layout-flow wp-block-column-is-layout-flow\" style=\"flex-basis:35%\"><\/div>\n<\/div>\n<\/div><\/div>\n\n\n\n<div style=\"height:4em\" aria-hidden=\"true\" class=\"wp-block-spacer\"><\/div>\n\n\n\n<h2 class=\"wp-block-heading\">Am\u00e9liorez les instructions de votre kit avec StepAlong<\/h2>\n\n\n\n<p>Les <a href=\"https:\/\/www.stepalong.com\/fr\/caracteristiques\/\" title=\"Caract\u00e9ristiques du produit StepAlong\">Plate-forme p\u00e9dagogique StepAlong<\/a> vous aide \u00e0 am\u00e9liorer les instructions de votre kit, ce qui facilite la t\u00e2che de vos clients :<\/p>\n\n\n\n<div class=\"wp-block-columns is-layout-flex wp-container-core-columns-is-layout-14cf5ab5 wp-block-columns-is-layout-flex\">\n<div class=\"wp-block-column is-layout-flow wp-block-column-is-layout-flow\" style=\"flex-basis:60%\">\n<ul class=\"wp-block-list\">\n<li><strong>Atteindre un public mondial<\/strong>: Proposez les instructions de vos kits en plusieurs langues (10 et plus), avec l'aide de <a href=\"https:\/\/www.stepalong.com\/fr\/traduction-des-instructions-du-produit-ai\/\" title=\"Traduction d&#039;instructions de produits avec l&#039;IA\">Traductions assist\u00e9es par ordinateur<\/a> qui traitent avec pr\u00e9cision les termes techniques du crochet.<\/li>\n\n\n\n<li><strong>Acc\u00e8s s\u00e9curis\u00e9 et facile<\/strong>: Si vous en avez besoin, prot\u00e9gez vos instructions avec un acc\u00e8s unique et des codes QR, afin que seuls vos clients puissent les consulter. Certains tutoriels peuvent \u00e9galement \u00eatre mis \u00e0 la disposition du public pour attirer de nouveaux utilisateurs.<\/li>\n\n\n\n<li><strong>G\u00e9n\u00e9ration automatique de PDF<\/strong>: G\u00e9n\u00e9rez facilement des PDF t\u00e9l\u00e9chargeables dans toutes les langues sans avoir \u00e0 utiliser un logiciel de cr\u00e9ation de PDF compliqu\u00e9.<\/li>\n\n\n\n<li><strong>Cr\u00e9ez votre <a href=\"https:\/\/www.stepalong.com\/fr\/centre-dinstruction-cle-en-main\/\" title=\"Centre d&#039;instruction cl\u00e9 en main\">Centre d'instruction<\/a><\/strong>: Cr\u00e9ez une r\u00e9f\u00e9rence unique pour toutes les instructions de votre kit, offrant \u00e0 vos clients une exp\u00e9rience simplifi\u00e9e et conviviale de votre marque.<\/li>\n<\/ul>\n<\/div>\n\n\n\n<div class=\"wp-block-column is-layout-flow wp-block-column-is-layout-flow\" style=\"flex-basis:40%\">\n<figure class=\"wp-block-image size-large\"><img loading=\"lazy\" decoding=\"async\" width=\"805\" height=\"1024\" src=\"https:\/\/www.stepalong.com\/wp-content\/uploads\/2024\/09\/StepAlong-crochet-kit-instructions-1-805x1024.png\" alt=\"Instructions du kit de crochet en PDF\" class=\"wp-image-5585\" srcset=\"https:\/\/www.stepalong.com\/wp-content\/uploads\/2024\/09\/StepAlong-crochet-kit-instructions-1-805x1024.png 805w, https:\/\/www.stepalong.com\/wp-content\/uploads\/2024\/09\/StepAlong-crochet-kit-instructions-1-236x300.png 236w, https:\/\/www.stepalong.com\/wp-content\/uploads\/2024\/09\/StepAlong-crochet-kit-instructions-1-768x977.png 768w, https:\/\/www.stepalong.com\/wp-content\/uploads\/2024\/09\/StepAlong-crochet-kit-instructions-1-9x12.png 9w, https:\/\/www.stepalong.com\/wp-content\/uploads\/2024\/09\/StepAlong-crochet-kit-instructions-1.png 811w\" sizes=\"auto, (max-width: 805px) 100vw, 805px\" \/><\/figure>\n<\/div>\n<\/div>\n\n\n\n<div style=\"height:4em\" aria-hidden=\"true\" class=\"wp-block-spacer\"><\/div>\n\n\n\n<div class=\"wp-block-cover\" style=\"border-radius:16px;min-height:360px;aspect-ratio:unset;\"><span aria-hidden=\"true\" class=\"wp-block-cover__background has-raft-fg-background-color has-background-dim-60 has-background-dim\"><\/span><img loading=\"lazy\" decoding=\"async\" width=\"2080\" height=\"1560\" class=\"wp-block-cover__image-background wp-image-6542\" alt=\"hardicraft-kits-bakcground\" src=\"https:\/\/www.stepalong.com\/wp-content\/uploads\/2025\/01\/hardicraft-kits-bakcground.jpg\" data-object-fit=\"cover\" srcset=\"https:\/\/www.stepalong.com\/wp-content\/uploads\/2025\/01\/hardicraft-kits-bakcground.jpg 2080w, https:\/\/www.stepalong.com\/wp-content\/uploads\/2025\/01\/hardicraft-kits-bakcground-300x225.jpg 300w, https:\/\/www.stepalong.com\/wp-content\/uploads\/2025\/01\/hardicraft-kits-bakcground-1024x768.jpg 1024w, https:\/\/www.stepalong.com\/wp-content\/uploads\/2025\/01\/hardicraft-kits-bakcground-768x576.jpg 768w, https:\/\/www.stepalong.com\/wp-content\/uploads\/2025\/01\/hardicraft-kits-bakcground-1536x1152.jpg 1536w, https:\/\/www.stepalong.com\/wp-content\/uploads\/2025\/01\/hardicraft-kits-bakcground-2048x1536.jpg 2048w, https:\/\/www.stepalong.com\/wp-content\/uploads\/2025\/01\/hardicraft-kits-bakcground-16x12.jpg 16w\" sizes=\"auto, (max-width: 2080px) 100vw, 2080px\" \/><div class=\"wp-block-cover__inner-container is-layout-constrained wp-block-cover-is-layout-constrained\">\n<div class=\"wp-block-columns is-layout-flex wp-container-core-columns-is-layout-4f8469d8 wp-block-columns-is-layout-flex\" style=\"padding-top:var(--wp--preset--spacing--60);padding-right:var(--wp--preset--spacing--60);padding-bottom:var(--wp--preset--spacing--60);padding-left:var(--wp--preset--spacing--60)\">\n<div class=\"wp-block-column is-vertically-aligned-center is-layout-flow wp-block-column-is-layout-flow\" style=\"flex-basis:33.33%\">\n<figure class=\"wp-block-image size-full\"><img loading=\"lazy\" decoding=\"async\" width=\"2000\" height=\"1257\" src=\"https:\/\/www.stepalong.com\/wp-content\/uploads\/2025\/01\/hardicraft-logo-white-2.png\" alt=\"hardicraft-logo-white\" class=\"wp-image-6586\" srcset=\"https:\/\/www.stepalong.com\/wp-content\/uploads\/2025\/01\/hardicraft-logo-white-2.png 2000w, https:\/\/www.stepalong.com\/wp-content\/uploads\/2025\/01\/hardicraft-logo-white-2-300x189.png 300w, https:\/\/www.stepalong.com\/wp-content\/uploads\/2025\/01\/hardicraft-logo-white-2-1024x644.png 1024w, https:\/\/www.stepalong.com\/wp-content\/uploads\/2025\/01\/hardicraft-logo-white-2-768x483.png 768w, https:\/\/www.stepalong.com\/wp-content\/uploads\/2025\/01\/hardicraft-logo-white-2-1536x965.png 1536w, https:\/\/www.stepalong.com\/wp-content\/uploads\/2025\/01\/hardicraft-logo-white-2-18x12.png 18w\" sizes=\"auto, (max-width: 2000px) 100vw, 2000px\" \/><\/figure>\n<\/div>\n\n\n\n<div class=\"wp-block-column is-layout-flow wp-block-column-is-layout-flow\" style=\"flex-basis:66.66%\">\n<p class=\"has-raft-bg-alt-color has-text-color has-link-color wp-elements-23e074b08aad3be13d604a11b83892d0\"><a href=\"https:\/\/www.stepalong.com\/fr\/clients-hardicraft\/\" data-type=\"page\" data-id=\"6525\">Hardicraft et StepAlong<\/a><\/p>\n\n\n\n<p class=\"has-medium-font-size\"><strong>Avec StepAlong, Hardicraft a cr\u00e9\u00e9 une plateforme d'enseignement en ligne s\u00e9curis\u00e9e et multilingue, r\u00e9duisant les co\u00fbts et permettant l'expansion du march\u00e9.<\/strong><\/p>\n\n\n\n<div class=\"wp-block-buttons is-layout-flex wp-block-buttons-is-layout-flex\">\n<div class=\"wp-block-button is-style-outline is-style-outline--2\"><a class=\"wp-block-button__link wp-element-button\" href=\"https:\/\/www.stepalong.com\/fr\/clients-hardicraft\/\">Lire l'\u00e9tude de cas<\/a><\/div>\n<\/div>\n<\/div>\n<\/div>\n<\/div><\/div>\n\n\n\n<div style=\"height:4em\" aria-hidden=\"true\" class=\"wp-block-spacer\"><\/div>\n\n\n\n<div class=\"wp-block-columns is-layout-flex wp-container-core-columns-is-layout-14cf5ab5 wp-block-columns-is-layout-flex\">\n<div class=\"wp-block-column is-layout-flow wp-block-column-is-layout-flow\">\n<div class=\"wp-block-group feature is-layout-constrained wp-block-group-is-layout-constrained\">\n<div class=\"wp-block-columns is-layout-flex wp-container-core-columns-is-layout-cbe57604 wp-block-columns-is-layout-flex\">\n<div class=\"wp-block-column is-layout-flow wp-block-column-is-layout-flow\">\n<figure class=\"wp-block-image size-large rounded\"><img loading=\"lazy\" decoding=\"async\" width=\"1024\" height=\"1024\" src=\"https:\/\/www.stepalong.com\/wp-content\/uploads\/2025\/08\/stepalong-roi-calculator-1024x1024.webp\" alt=\"Calculateur de retour sur investissement StepAlong\" class=\"wp-image-8026\" srcset=\"https:\/\/www.stepalong.com\/wp-content\/uploads\/2025\/08\/stepalong-roi-calculator-1024x1024.webp 1024w, https:\/\/www.stepalong.com\/wp-content\/uploads\/2025\/08\/stepalong-roi-calculator-300x300.webp 300w, https:\/\/www.stepalong.com\/wp-content\/uploads\/2025\/08\/stepalong-roi-calculator-150x150.webp 150w, https:\/\/www.stepalong.com\/wp-content\/uploads\/2025\/08\/stepalong-roi-calculator-768x768.webp 768w, https:\/\/www.stepalong.com\/wp-content\/uploads\/2025\/08\/stepalong-roi-calculator-12x12.webp 12w, https:\/\/www.stepalong.com\/wp-content\/uploads\/2025\/08\/stepalong-roi-calculator.webp 1420w\" sizes=\"auto, (max-width: 1024px) 100vw, 1024px\" \/><\/figure>\n<\/div>\n\n\n\n<div class=\"wp-block-column is-layout-flow wp-block-column-is-layout-flow\">\n<h3 class=\"wp-block-heading\">Calculez vos \u00e9conomies potentielles<\/h3>\n\n\n\n<p>D\u00e9couvrez les \u00e9conomies que votre entreprise peut r\u00e9aliser en adoptant la plateforme d'enseignement num\u00e9rique de StepAlong, aliment\u00e9e par l'IA.<\/p>\n\n\n\n<div style=\"height:0px\" aria-hidden=\"true\" class=\"wp-block-spacer\"><\/div>\n<\/div>\n<\/div>\n\n\n\n<div style=\"height:1em\" aria-hidden=\"true\" class=\"wp-block-spacer\"><\/div>\n\n\n\n<div class=\"wp-block-buttons is-content-justification-center is-layout-flex wp-container-core-buttons-is-layout-a89b3969 wp-block-buttons-is-layout-flex\">\n<div class=\"wp-block-button is-style-outline is-style-outline--3\"><a class=\"wp-block-button__link has-custom-purple-color has-text-color has-link-color has-border-color has-custom-purple-border-color wp-element-button\" href=\"https:\/\/www.stepalong.com\/fr\/calculateur-de-roi\/\">Calculez vos \u00e9conomies<\/a><\/div>\n<\/div>\n<\/div>\n<\/div>\n\n\n\n<div class=\"wp-block-column is-vertically-aligned-center is-layout-flow wp-block-column-is-layout-flow\">\n<p>Chez StepAlong, nous nous sommes concentr\u00e9s sur ce dont les clients ont besoin pour avoir une bonne exp\u00e9rience des instructions sur les produits :<\/p>\n\n\n\n<ul class=\"wp-block-list\">\n<li><strong>Priorit\u00e9 au mobile<\/strong><br>Aucun t\u00e9l\u00e9chargement d'application n'est n\u00e9cessaire, il suffit d'ouvrir et de suivre.<\/li>\n\n\n\n<li><strong>\u00c9tapes guid\u00e9es<\/strong><br>Une structure logique, \u00e9tape par \u00e9tape, pour plus de clart\u00e9<\/li>\n\n\n\n<li><strong>Formats flexibles<\/strong><br>PDF t\u00e9l\u00e9chargeables pour ceux qui le pr\u00e9f\u00e8rent<\/li>\n\n\n\n<li><strong>D\u00e9couverte facile<\/strong><br>Accessible via Google, ChatGPT et d'autres moteurs de recherche<\/li>\n\n\n\n<li><strong>Contenu localis\u00e9<\/strong><br>Instructions dans la langue de vos clients<\/li>\n<\/ul>\n\n\n\n<div style=\"height:1em\" aria-hidden=\"true\" class=\"wp-block-spacer\"><\/div>\n\n\n\n<div class=\"wp-block-buttons is-content-justification-center is-layout-flex wp-container-core-buttons-is-layout-a89b3969 wp-block-buttons-is-layout-flex\">\n<div class=\"wp-block-button is-style-fill\"><a class=\"wp-block-button__link has-raft-fg-alt-color has-custom-purple-background-color has-text-color has-background has-link-color has-text-align-center wp-element-button\" href=\"https:\/\/www.stepalong.com\/fr\/reserver-une-demonstration\/\">R\u00e9server une d\u00e9monstration<\/a><\/div>\n<\/div>\n<\/div>\n<\/div>","protected":false},"excerpt":{"rendered":"<p>Am\u00e9liorez les instructions de vos kits et l'exp\u00e9rience de vos clients StepAlong vous fait gagner du temps et du stress avec les instructions de vos kits, vous permettant de vous concentrer sur ce que vous aimez : cr\u00e9er ! StepAlong simplifie la cr\u00e9ation, la traduction et la gestion des instructions de kit. Am\u00e9liorez vos instructions de kit avec StepAlong La plateforme p\u00e9dagogique StepAlong vous aide \u00e0 am\u00e9liorer vos instructions de kit, rendant l'exp\u00e9rience [...]<\/p>","protected":false},"author":1,"featured_media":0,"parent":0,"menu_order":0,"comment_status":"closed","ping_status":"closed","template":"wp-custom-template-landing-page-b","meta":{"content-type":"","_uag_custom_page_level_css":"","footnotes":""},"class_list":["post-6099","page","type-page","status-publish","hentry"],"aioseo_notices":[],"mb":[],"uagb_featured_image_src":{"full":false,"thumbnail":false,"medium":false,"medium_large":false,"large":false,"1536x1536":false,"2048x2048":false,"trp-custom-language-flag":false},"uagb_author_info":{"display_name":"Sergi S\u00e1nchez Mancha","author_link":"https:\/\/www.stepalong.com\/fr\/author\/sergiostepalong-com\/"},"uagb_comment_info":0,"uagb_excerpt":"Enhance your kit instructions and your customers experience StepAlong saves you time and stress with your kit instructions,letting you focus on what you love about: creating! StepAlong simplifies the creation, translation, and management of kit instructions. Improve Your Kit Instructions with StepAlong The StepAlong Instructional Platform helps you enhance your kit instructions, making the experience\u2026","mfb_rest_fields":["title","aioseo_notices","uagb_featured_image_src","uagb_author_info","uagb_comment_info","uagb_excerpt"],"_links":{"self":[{"href":"https:\/\/www.stepalong.com\/fr\/wp-json\/wp\/v2\/pages\/6099","targetHints":{"allow":["GET"]}}],"collection":[{"href":"https:\/\/www.stepalong.com\/fr\/wp-json\/wp\/v2\/pages"}],"about":[{"href":"https:\/\/www.stepalong.com\/fr\/wp-json\/wp\/v2\/types\/page"}],"author":[{"embeddable":true,"href":"https:\/\/www.stepalong.com\/fr\/wp-json\/wp\/v2\/users\/1"}],"replies":[{"embeddable":true,"href":"https:\/\/www.stepalong.com\/fr\/wp-json\/wp\/v2\/comments?post=6099"}],"version-history":[{"count":12,"href":"https:\/\/www.stepalong.com\/fr\/wp-json\/wp\/v2\/pages\/6099\/revisions"}],"predecessor-version":[{"id":8014,"href":"https:\/\/www.stepalong.com\/fr\/wp-json\/wp\/v2\/pages\/6099\/revisions\/8014"}],"wp:attachment":[{"href":"https:\/\/www.stepalong.com\/fr\/wp-json\/wp\/v2\/media?parent=6099"}],"curies":[{"name":"wp","href":"https:\/\/api.w.org\/{rel}","templated":true}]}}