{"id":5843,"date":"2024-11-05T19:41:35","date_gmt":"2024-11-05T18:41:35","guid":{"rendered":"https:\/\/www.stepalong.com\/?page_id=5843"},"modified":"2025-08-27T20:40:04","modified_gmt":"2025-08-27T18:40:04","slug":"centre-dinstruction-cle-en-main","status":"publish","type":"page","link":"https:\/\/www.stepalong.com\/fr\/centre-dinstruction-cle-en-main\/","title":{"rendered":"Centre d'instruction cl\u00e9 en main"},"content":{"rendered":"<h2 class=\"wp-block-heading has-text-align-center\" style=\"font-size:2.4em\">Donnez un toit \u00e0 vos instructions<\/h2>\n\n\n\n<p class=\"has-text-align-center has-medium-font-size\">Le centre d'instruction cl\u00e9 en main StepAlong centralise toutes vos instructions, dans toutes les langues, sur un site optimis\u00e9 pour le r\u00e9f\u00e9rencement, consultable et adapt\u00e9 aux t\u00e9l\u00e9phones portables.<\/p>\n\n\n\n<div class=\"wp-block-buttons is-content-justification-center is-layout-flex wp-container-core-buttons-is-layout-a89b3969 wp-block-buttons-is-layout-flex\">\n<div class=\"wp-block-button is-style-outline is-style-outline--1\"><a class=\"wp-block-button__link has-custom-purple-color has-raft-fg-alt-background-color has-text-color has-background has-link-color has-text-align-center wp-element-button\" href=\"https:\/\/www.stepalong.com\/fr\/reserver-une-demonstration\/\">R\u00e9server une d\u00e9monstration<\/a><\/div>\n<\/div>\n\n\n\n<div style=\"height:2em\" aria-hidden=\"true\" class=\"wp-block-spacer\"><\/div>\n\n\n\n<div id=\"videocontainer\" class=\"rounded\">\n  <video preload=\"true\" autoplay loop muted style=\"width: 100%; height: auto;\" title=\"Traduction des instructions du produit StepAlong avec l&#039;IA\" poster=\"https:\/\/ik.imagekit.io\/ex3zncdov\/instruction-center-cover.png?updatedAt=1730895834767\">\n    <source src=\"https:\/\/ik.imagekit.io\/ex3zncdov\/instruction-center-video.mp4?updatedAt=1730895431623\" type=\"video\/mp4\">\n  <\/video>\n<\/div>\n\n\n\n<h2 class=\"wp-block-heading\">100% Votre centre d'instruction<\/h2>\n\n\n\n<p>H\u00e9berg\u00e9 sur un sous-domaine personnalis\u00e9 de votre site web, par exemple <em>instructions.yoursite.com<\/em> avec l'image de votre marque, votre centre d'instruction deviendra un membre de la famille.<\/p>\n\n\n\n<div style=\"height:var(--wp--preset--spacing--80)\" aria-hidden=\"true\" class=\"wp-block-spacer\"><\/div>\n\n\n\n<div class=\"wp-block-columns is-layout-flex wp-container-core-columns-is-layout-14cf5ab5 wp-block-columns-is-layout-flex\">\n<div class=\"wp-block-column is-layout-flow wp-block-column-is-layout-flow\">\n<figure class=\"wp-block-image size-large rounded\"><img loading=\"lazy\" decoding=\"async\" width=\"1024\" height=\"611\" src=\"https:\/\/www.stepalong.com\/wp-content\/uploads\/2024\/04\/specific-terminology-1024x611.png\" alt=\"Terminologie sp\u00e9cifique dans plusieurs langues\" class=\"wp-image-4417\" srcset=\"https:\/\/www.stepalong.com\/wp-content\/uploads\/2024\/04\/specific-terminology-1024x611.png 1024w, https:\/\/www.stepalong.com\/wp-content\/uploads\/2024\/04\/specific-terminology-300x179.png 300w, https:\/\/www.stepalong.com\/wp-content\/uploads\/2024\/04\/specific-terminology-768x458.png 768w, https:\/\/www.stepalong.com\/wp-content\/uploads\/2024\/04\/specific-terminology-18x12.png 18w, https:\/\/www.stepalong.com\/wp-content\/uploads\/2024\/04\/specific-terminology-150x89.png 150w, https:\/\/www.stepalong.com\/wp-content\/uploads\/2024\/04\/specific-terminology.png 1536w\" sizes=\"auto, (max-width: 1024px) 100vw, 1024px\" \/><\/figure>\n<\/div>\n\n\n\n<div class=\"wp-block-column is-layout-flow wp-block-column-is-layout-flow\">\n<h2 class=\"wp-block-heading\">Soutenez vos march\u00e9s internationaux<\/h2>\n\n\n\n<p>Gr\u00e2ce \u00e0 nos traductions AI de haute qualit\u00e9 et au Centre d'instructions, vous pouvez traiter vos partenaires internationaux et commerciaux de la m\u00eame mani\u00e8re que ceux de vos march\u00e9s nationaux - en leur fournissant les instructions officielles pour tous vos produits.<\/p>\n\n\n\n<p>En savoir plus sur la m\u00e9thode StepAlong et les instructions <a href=\"https:\/\/www.stepalong.com\/fr\/comment-les-instructions-relatives-aux-produits-peuvent-vous-aider-a-etendre-votre-portee-sur-les-marches-mondiaux\/\" title=\"Comment les instructions relatives aux produits peuvent vous aider \u00e0 \u00e9tendre votre port\u00e9e sur les march\u00e9s mondiaux\">peut vous aider \u00e0 \u00e9largir votre champ d'action sur les march\u00e9s internationaux.<\/a><\/p>\n<\/div>\n<\/div>\n\n\n\n<div style=\"height:var(--wp--preset--spacing--80)\" aria-hidden=\"true\" class=\"wp-block-spacer\"><\/div>\n\n\n\n<div class=\"wp-block-columns is-layout-flex wp-container-core-columns-is-layout-14cf5ab5 wp-block-columns-is-layout-flex\">\n<div class=\"wp-block-column is-layout-flow wp-block-column-is-layout-flow\">\n<h2 class=\"wp-block-heading\">R\u00e9duire les demandes d'assistance \u00e0 la client\u00e8le, augmenter la satisfaction des clients<\/h2>\n\n\n\n<p>Votre centre d'instructions aidera vos clients \u00e0 trouver les instructions dont ils ont besoin sans avoir \u00e0 passer par le service client\u00e8le (ou par un site de t\u00e9l\u00e9chargement douteux). Le centre d'instructions StepAlong dispose d'une fonction de recherche puissante qui permet de trouver n'importe quoi dans les instructions de votre produit.<\/p>\n<\/div>\n\n\n\n<div class=\"wp-block-column is-layout-flow wp-block-column-is-layout-flow\">\n<figure class=\"wp-block-image size-large rounded\"><img loading=\"lazy\" decoding=\"async\" width=\"1024\" height=\"683\" src=\"https:\/\/www.stepalong.com\/wp-content\/uploads\/2024\/11\/search-content-instruction-1024x683.png\" alt=\"R\u00e9sultats de la recherche sur le centre d&#039;instruction\" class=\"wp-image-5859\" srcset=\"https:\/\/www.stepalong.com\/wp-content\/uploads\/2024\/11\/search-content-instruction-1024x683.png 1024w, https:\/\/www.stepalong.com\/wp-content\/uploads\/2024\/11\/search-content-instruction-300x200.png 300w, https:\/\/www.stepalong.com\/wp-content\/uploads\/2024\/11\/search-content-instruction-768x512.png 768w, https:\/\/www.stepalong.com\/wp-content\/uploads\/2024\/11\/search-content-instruction-1536x1024.png 1536w, https:\/\/www.stepalong.com\/wp-content\/uploads\/2024\/11\/search-content-instruction-2048x1366.png 2048w, https:\/\/www.stepalong.com\/wp-content\/uploads\/2024\/11\/search-content-instruction-18x12.png 18w\" sizes=\"auto, (max-width: 1024px) 100vw, 1024px\" \/><\/figure>\n<\/div>\n<\/div>\n\n\n\n<div style=\"height:var(--wp--preset--spacing--80)\" aria-hidden=\"true\" class=\"wp-block-spacer\"><\/div>\n\n\n\n<div class=\"wp-block-columns is-layout-flex wp-container-core-columns-is-layout-14cf5ab5 wp-block-columns-is-layout-flex\">\n<div class=\"wp-block-column is-layout-flow wp-block-column-is-layout-flow\">\n<figure class=\"wp-block-image size-large rounded\"><img loading=\"lazy\" decoding=\"async\" width=\"1024\" height=\"683\" src=\"https:\/\/www.stepalong.com\/wp-content\/uploads\/2024\/11\/password-protected-instruction-1024x683.png\" alt=\"Instructions du produit prot\u00e9g\u00e9es par un mot de passe\" class=\"wp-image-5860\" srcset=\"https:\/\/www.stepalong.com\/wp-content\/uploads\/2024\/11\/password-protected-instruction-1024x683.png 1024w, https:\/\/www.stepalong.com\/wp-content\/uploads\/2024\/11\/password-protected-instruction-300x200.png 300w, https:\/\/www.stepalong.com\/wp-content\/uploads\/2024\/11\/password-protected-instruction-768x512.png 768w, https:\/\/www.stepalong.com\/wp-content\/uploads\/2024\/11\/password-protected-instruction-1536x1024.png 1536w, https:\/\/www.stepalong.com\/wp-content\/uploads\/2024\/11\/password-protected-instruction-2048x1366.png 2048w, https:\/\/www.stepalong.com\/wp-content\/uploads\/2024\/11\/password-protected-instruction-18x12.png 18w\" sizes=\"auto, (max-width: 1024px) 100vw, 1024px\" \/><\/figure>\n<\/div>\n\n\n\n<div class=\"wp-block-column is-layout-flow wp-block-column-is-layout-flow\">\n<h2 class=\"wp-block-heading\">Ouvert \u00e0 tous ou \u00e0 quelques privil\u00e9gi\u00e9s<\/h2>\n\n\n\n<p>Bien que la plupart des utilisateurs laissent leur centre d'instruction StepAlong ouvert au public, vous pouvez le prot\u00e9ger par un mot de passe pour une utilisation par les \u00e9quipes internes, o\u00f9 qu'elles se trouvent.<\/p>\n<\/div>\n<\/div>\n\n\n\n<div style=\"height:var(--wp--preset--spacing--80)\" aria-hidden=\"true\" class=\"wp-block-spacer\"><\/div>\n\n\n\n<h2 class=\"wp-block-heading\">Autonomie pour l'\u00e9quipe charg\u00e9e des instructions !<\/h2>\n\n\n\n<p>StepAlong peut s'int\u00e9grer \u00e0 n'importe quel site web ou application de votre choix. Cependant, nous savons que les instructions ne sont pas toujours une priorit\u00e9 absolue pour tout le monde. En utilisant le Centre d'instructions StepAlong, votre \u00e9quipe charg\u00e9e des instructions peut poursuivre son travail m\u00eame lorsque les autres \u00e9quipes ne sont pas pr\u00eates.<\/p>\n\n\n\n<div style=\"height:var(--wp--preset--spacing--80)\" aria-hidden=\"true\" class=\"wp-block-spacer\"><\/div>\n\n\n\n<div class=\"wp-block-columns is-layout-flex wp-container-core-columns-is-layout-14cf5ab5 wp-block-columns-is-layout-flex\">\n<div class=\"wp-block-column is-layout-flow wp-block-column-is-layout-flow\">\n<div class=\"wp-block-group feature is-layout-constrained wp-block-group-is-layout-constrained\">\n<div class=\"wp-block-columns is-layout-flex wp-container-core-columns-is-layout-cbe57604 wp-block-columns-is-layout-flex\">\n<div class=\"wp-block-column is-layout-flow wp-block-column-is-layout-flow\">\n<figure class=\"wp-block-image size-large rounded\"><img loading=\"lazy\" decoding=\"async\" width=\"1024\" height=\"1024\" src=\"https:\/\/www.stepalong.com\/wp-content\/uploads\/2025\/08\/stepalong-roi-calculator-1024x1024.webp\" alt=\"Calculateur de retour sur investissement StepAlong\" class=\"wp-image-8026\" srcset=\"https:\/\/www.stepalong.com\/wp-content\/uploads\/2025\/08\/stepalong-roi-calculator-1024x1024.webp 1024w, https:\/\/www.stepalong.com\/wp-content\/uploads\/2025\/08\/stepalong-roi-calculator-300x300.webp 300w, https:\/\/www.stepalong.com\/wp-content\/uploads\/2025\/08\/stepalong-roi-calculator-150x150.webp 150w, https:\/\/www.stepalong.com\/wp-content\/uploads\/2025\/08\/stepalong-roi-calculator-768x768.webp 768w, https:\/\/www.stepalong.com\/wp-content\/uploads\/2025\/08\/stepalong-roi-calculator-12x12.webp 12w, https:\/\/www.stepalong.com\/wp-content\/uploads\/2025\/08\/stepalong-roi-calculator.webp 1420w\" sizes=\"auto, (max-width: 1024px) 100vw, 1024px\" \/><\/figure>\n<\/div>\n\n\n\n<div class=\"wp-block-column is-layout-flow wp-block-column-is-layout-flow\">\n<h3 class=\"wp-block-heading\">Calculez vos \u00e9conomies potentielles<\/h3>\n\n\n\n<p>D\u00e9couvrez les \u00e9conomies que votre entreprise peut r\u00e9aliser en adoptant la plateforme d'enseignement num\u00e9rique de StepAlong, aliment\u00e9e par l'IA.<\/p>\n\n\n\n<div style=\"height:0px\" aria-hidden=\"true\" class=\"wp-block-spacer\"><\/div>\n<\/div>\n<\/div>\n\n\n\n<div style=\"height:1em\" aria-hidden=\"true\" class=\"wp-block-spacer\"><\/div>\n\n\n\n<div class=\"wp-block-buttons is-content-justification-center is-layout-flex wp-container-core-buttons-is-layout-a89b3969 wp-block-buttons-is-layout-flex\">\n<div class=\"wp-block-button is-style-outline is-style-outline--2\"><a class=\"wp-block-button__link has-custom-purple-color has-text-color has-link-color has-border-color has-custom-purple-border-color wp-element-button\" href=\"https:\/\/www.stepalong.com\/fr\/calculateur-de-roi\/\">Calculez vos \u00e9conomies<\/a><\/div>\n<\/div>\n<\/div>\n<\/div>\n\n\n\n<div class=\"wp-block-column is-vertically-aligned-center is-layout-flow wp-block-column-is-layout-flow\">\n<p>Chez StepAlong, nous nous sommes concentr\u00e9s sur ce dont les clients ont besoin pour avoir une bonne exp\u00e9rience des instructions sur les produits :<\/p>\n\n\n\n<ul class=\"wp-block-list\">\n<li><strong>Priorit\u00e9 au mobile<\/strong><br>Aucun t\u00e9l\u00e9chargement d'application n'est n\u00e9cessaire, il suffit d'ouvrir et de suivre.<\/li>\n\n\n\n<li><strong>\u00c9tapes guid\u00e9es<\/strong><br>Une structure logique, \u00e9tape par \u00e9tape, pour plus de clart\u00e9<\/li>\n\n\n\n<li><strong>Formats flexibles<\/strong><br>PDF t\u00e9l\u00e9chargeables pour ceux qui le pr\u00e9f\u00e8rent<\/li>\n\n\n\n<li><strong>D\u00e9couverte facile<\/strong><br>Accessible via Google, ChatGPT et d'autres moteurs de recherche<\/li>\n\n\n\n<li><strong>Contenu localis\u00e9<\/strong><br>Instructions dans la langue de vos clients<\/li>\n<\/ul>\n\n\n\n<div style=\"height:1em\" aria-hidden=\"true\" class=\"wp-block-spacer\"><\/div>\n\n\n\n<div class=\"wp-block-buttons is-content-justification-center is-layout-flex wp-container-core-buttons-is-layout-a89b3969 wp-block-buttons-is-layout-flex\">\n<div class=\"wp-block-button is-style-fill\"><a class=\"wp-block-button__link has-raft-fg-alt-color has-custom-purple-background-color has-text-color has-background has-link-color has-text-align-center wp-element-button\" href=\"https:\/\/www.stepalong.com\/fr\/reserver-une-demonstration\/\">R\u00e9server une d\u00e9monstration<\/a><\/div>\n<\/div>\n<\/div>\n<\/div>","protected":false},"excerpt":{"rendered":"<p>Donnez une maison \u00e0 vos instructions Le centre d'instructions cl\u00e9 en main StepAlong centralise toutes vos instructions, dans toutes les langues, dans un site optimis\u00e9 pour le r\u00e9f\u00e9rencement, consultable et adapt\u00e9 aux mobiles. 100% Votre centre d'instructions H\u00e9berg\u00e9 sur un sous-domaine personnalis\u00e9 de votre site web, par exemple instructions.yoursite.com, avec l'aspect et la convivialit\u00e9 de votre marque, votre centre d'instructions sera un membre de la famille. Soutenez votre [...]<\/p>","protected":false},"author":1,"featured_media":0,"parent":0,"menu_order":0,"comment_status":"closed","ping_status":"closed","template":"wp-custom-template-landing-page-b","meta":{"content-type":"","_uag_custom_page_level_css":"","footnotes":""},"class_list":["post-5843","page","type-page","status-publish","hentry"],"aioseo_notices":[],"mb":[],"uagb_featured_image_src":{"full":false,"thumbnail":false,"medium":false,"medium_large":false,"large":false,"1536x1536":false,"2048x2048":false,"trp-custom-language-flag":false},"uagb_author_info":{"display_name":"Sergi S\u00e1nchez Mancha","author_link":"https:\/\/www.stepalong.com\/fr\/author\/sergiostepalong-com\/"},"uagb_comment_info":0,"uagb_excerpt":"Give Your Instructions a Home The StepAlong turnkey instruction center centralizes all your instructions, in every language, into an SEO-optimized, searchable, mobile-friendly site. 100% Your Instruction Center Hosted on a custom subdomain of your website, e.g instructions.yoursite.com with your brand look and feel, your Instruction Center will be a member of the family. Support your\u2026","mfb_rest_fields":["title","aioseo_notices","uagb_featured_image_src","uagb_author_info","uagb_comment_info","uagb_excerpt"],"_links":{"self":[{"href":"https:\/\/www.stepalong.com\/fr\/wp-json\/wp\/v2\/pages\/5843","targetHints":{"allow":["GET"]}}],"collection":[{"href":"https:\/\/www.stepalong.com\/fr\/wp-json\/wp\/v2\/pages"}],"about":[{"href":"https:\/\/www.stepalong.com\/fr\/wp-json\/wp\/v2\/types\/page"}],"author":[{"embeddable":true,"href":"https:\/\/www.stepalong.com\/fr\/wp-json\/wp\/v2\/users\/1"}],"replies":[{"embeddable":true,"href":"https:\/\/www.stepalong.com\/fr\/wp-json\/wp\/v2\/comments?post=5843"}],"version-history":[{"count":19,"href":"https:\/\/www.stepalong.com\/fr\/wp-json\/wp\/v2\/pages\/5843\/revisions"}],"predecessor-version":[{"id":8008,"href":"https:\/\/www.stepalong.com\/fr\/wp-json\/wp\/v2\/pages\/5843\/revisions\/8008"}],"wp:attachment":[{"href":"https:\/\/www.stepalong.com\/fr\/wp-json\/wp\/v2\/media?parent=5843"}],"curies":[{"name":"wp","href":"https:\/\/api.w.org\/{rel}","templated":true}]}}