{"id":5677,"date":"2024-10-28T10:00:45","date_gmt":"2024-10-28T09:00:45","guid":{"rendered":"https:\/\/www.stepalong.com\/?page_id=5677"},"modified":"2025-08-27T20:45:35","modified_gmt":"2025-08-27T18:45:35","slug":"stepalong-pour-le-commerce-electronique-prive-en-marque-blanche","status":"publish","type":"page","link":"https:\/\/www.stepalong.com\/fr\/stepalong-pour-le-commerce-electronique-prive-en-marque-blanche\/","title":{"rendered":"StepAlong pour D2C Private \/ White Label eCommerce"},"content":{"rendered":"<h2 class=\"wp-block-heading has-text-align-center\" style=\"font-size:2.4em\">Tenez la promesse de votre marque gr\u00e2ce \u00e0 de meilleures instructions<\/h2>\n\n\n\n<p class=\"has-text-align-center has-medium-font-size\">StepAlong vous aide \u00e0 relever le d\u00e9fi de la r\u00e9\u00e9criture des instructions des fabricants.<\/p>\n\n\n\n<p class=\"has-text-align-center\">StepAlong simplifie la cr\u00e9ation, la traduction et la gestion des instructions relatives aux produits.<\/p>\n\n\n\n<div class=\"wp-block-buttons is-content-justification-center is-layout-flex wp-container-core-buttons-is-layout-a89b3969 wp-block-buttons-is-layout-flex\">\n<div class=\"wp-block-button is-style-outline is-style-outline--1\"><a class=\"wp-block-button__link has-custom-purple-color has-raft-fg-alt-background-color has-text-color has-background has-link-color has-text-align-center wp-element-button\" href=\"https:\/\/www.stepalong.com\/fr\/reserver-une-demonstration\/\">R\u00e9server une d\u00e9monstration<\/a><\/div>\n<\/div>\n\n\n\n<div style=\"height:var(--wp--preset--spacing--80)\" aria-hidden=\"true\" class=\"wp-block-spacer\"><\/div>\n\n\n\n<div class=\"wp-block-cover alignwide wp-duotone-dark-grayscale\" style=\"border-style:none;border-width:0px;border-radius:8px;padding-right:3em;padding-left:3em\"><img loading=\"lazy\" decoding=\"async\" width=\"2560\" height=\"1061\" class=\"wp-block-cover__image-background wp-image-5679\" alt=\"Instructions de faible qualit\u00e9\" src=\"https:\/\/www.stepalong.com\/wp-content\/uploads\/2024\/10\/low-quality-instructions-1-scaled.jpg\" data-object-fit=\"cover\" srcset=\"https:\/\/www.stepalong.com\/wp-content\/uploads\/2024\/10\/low-quality-instructions-1-scaled.jpg 2560w, https:\/\/www.stepalong.com\/wp-content\/uploads\/2024\/10\/low-quality-instructions-1-300x124.jpg 300w, https:\/\/www.stepalong.com\/wp-content\/uploads\/2024\/10\/low-quality-instructions-1-1024x425.jpg 1024w, https:\/\/www.stepalong.com\/wp-content\/uploads\/2024\/10\/low-quality-instructions-1-768x318.jpg 768w, https:\/\/www.stepalong.com\/wp-content\/uploads\/2024\/10\/low-quality-instructions-1-1536x637.jpg 1536w, https:\/\/www.stepalong.com\/wp-content\/uploads\/2024\/10\/low-quality-instructions-1-2048x849.jpg 2048w, https:\/\/www.stepalong.com\/wp-content\/uploads\/2024\/10\/low-quality-instructions-1-18x7.jpg 18w\" sizes=\"auto, (max-width: 2560px) 100vw, 2560px\" \/><span aria-hidden=\"true\" class=\"wp-block-cover__background has-custom-purple-background-color has-background-dim-70 has-background-dim\"><\/span><div class=\"wp-block-cover__inner-container is-layout-constrained wp-container-core-cover-is-layout-729e5ae5 wp-block-cover-is-layout-constrained\">\n<div class=\"wp-block-columns is-layout-flex wp-container-core-columns-is-layout-28f84493 wp-block-columns-is-layout-flex\">\n<div class=\"wp-block-column is-layout-flow wp-block-column-is-layout-flow\" style=\"flex-basis:100%\">\n<h2 class=\"wp-block-heading has-raft-fg-alt-color has-text-color has-link-color wp-elements-fd240ba4e0f89cc5522e460d09c5be2e\">Finies les instructions incoh\u00e9rentes et de mauvaise qualit\u00e9 pour les produits<\/h2>\n\n\n\n<p class=\"has-raft-fg-alt-color has-text-color has-link-color wp-elements-bf65c2f9692de1a14cbcdc1254ee43f2\">En utilisant StepAlong, vous pouvez unifier les instructions de diff\u00e9rents fabricants en une structure coh\u00e9rente, cr\u00e9ant ainsi une exp\u00e9rience client plus coh\u00e9rente et renfor\u00e7ant la promesse de votre marque.<\/p>\n<\/div>\n<\/div>\n<\/div><\/div>\n\n\n\n<div style=\"height:var(--wp--preset--spacing--80)\" aria-hidden=\"true\" class=\"wp-block-spacer\"><\/div>\n\n\n\n<div class=\"wp-block-media-text has-media-on-the-right is-stacked-on-mobile shadow\"><div class=\"wp-block-media-text__content\">\n<h2 class=\"wp-block-heading\">Vos instructions, votre marque, votre domaine<\/h2>\n\n\n\n<p>Fournissez toutes les instructions relatives \u00e0 vos produits dans un centre d'instructions de marque, h\u00e9berg\u00e9 sur votre sous-domaine personnalis\u00e9.<\/p>\n\n\n\n<p>Chaque instruction peut \u00eatre s\u00e9curis\u00e9e par un code d'acc\u00e8s, ce qui garantit un acc\u00e8s exclusif \u00e0 vos clients.<\/p>\n<\/div><figure class=\"wp-block-media-text__media\"><img loading=\"lazy\" decoding=\"async\" width=\"1024\" height=\"865\" src=\"https:\/\/www.stepalong.com\/wp-content\/uploads\/2024\/10\/instruction-center-design-1024x865.jpg\" alt=\"Les instructions relatives \u00e0 votre produit portent la marque de votre entreprise.\" class=\"wp-image-5680 size-full\" srcset=\"https:\/\/www.stepalong.com\/wp-content\/uploads\/2024\/10\/instruction-center-design-1024x865.jpg 1024w, https:\/\/www.stepalong.com\/wp-content\/uploads\/2024\/10\/instruction-center-design-300x253.jpg 300w, https:\/\/www.stepalong.com\/wp-content\/uploads\/2024\/10\/instruction-center-design-768x649.jpg 768w, https:\/\/www.stepalong.com\/wp-content\/uploads\/2024\/10\/instruction-center-design-1536x1298.jpg 1536w, https:\/\/www.stepalong.com\/wp-content\/uploads\/2024\/10\/instruction-center-design-14x12.jpg 14w, https:\/\/www.stepalong.com\/wp-content\/uploads\/2024\/10\/instruction-center-design.jpg 2048w\" sizes=\"auto, (max-width: 1024px) 100vw, 1024px\" \/><\/figure><\/div>\n\n\n\n<div style=\"height:36px\" aria-hidden=\"true\" class=\"wp-block-spacer\"><\/div>\n\n\n\n<div style=\"height:var(--wp--preset--spacing--80)\" aria-hidden=\"true\" class=\"wp-block-spacer\"><\/div>\n\n\n\n<div class=\"wp-block-media-text is-stacked-on-mobile shadow\"><figure class=\"wp-block-media-text__media\"><img loading=\"lazy\" decoding=\"async\" width=\"1024\" height=\"682\" src=\"https:\/\/www.stepalong.com\/wp-content\/uploads\/2024\/10\/qr-code-1-1024x682.jpg\" alt=\"Inclure un code QR dans la bo\u00eete pour lier les instructions de votre produit.\" class=\"wp-image-5692 size-full\" srcset=\"https:\/\/www.stepalong.com\/wp-content\/uploads\/2024\/10\/qr-code-1-1024x682.jpg 1024w, https:\/\/www.stepalong.com\/wp-content\/uploads\/2024\/10\/qr-code-1-300x200.jpg 300w, https:\/\/www.stepalong.com\/wp-content\/uploads\/2024\/10\/qr-code-1-768x511.jpg 768w, https:\/\/www.stepalong.com\/wp-content\/uploads\/2024\/10\/qr-code-1-1536x1022.jpg 1536w, https:\/\/www.stepalong.com\/wp-content\/uploads\/2024\/10\/qr-code-1-18x12.jpg 18w, https:\/\/www.stepalong.com\/wp-content\/uploads\/2024\/10\/qr-code-1.jpg 2048w\" sizes=\"auto, (max-width: 1024px) 100vw, 1024px\" \/><\/figure><div class=\"wp-block-media-text__content\">\n<h2 class=\"wp-block-heading\">Des instructions dans la bo\u00eete, avec moins de stress<\/h2>\n\n\n\n<p>Avec StepAlong, il vous suffit d'inclure le code QR dans l'emballage du produit. Vous disposez ainsi de plus de temps pour affiner, corriger et traduire les instructions.<\/p>\n\n\n\n<p>Les codes QR StepAlong utilisent toujours votre domaine, ce qui vous permet de garder le contr\u00f4le \u00e0 tout moment.<\/p>\n<\/div><\/div>\n\n\n\n<div style=\"height:var(--wp--preset--spacing--80)\" aria-hidden=\"true\" class=\"wp-block-spacer\"><\/div>\n\n\n\n<div class=\"wp-block-columns is-layout-flex wp-container-core-columns-is-layout-14cf5ab5 wp-block-columns-is-layout-flex\">\n<div class=\"wp-block-column is-layout-flow wp-block-column-is-layout-flow\">\n<h2 class=\"wp-block-heading\">Des traductions plus rapides et plus faciles<\/h2>\n\n\n\n<p>Dites adieu aux processus de traduction manuelle co\u00fbteux et sujets aux erreurs. Les traductions de haute qualit\u00e9 de StepAlong, aliment\u00e9es par l'IA, vous font gagner du temps et de l'argent tout en garantissant la pr\u00e9cision.<\/p>\n\n\n\n<p>Nos outils de collaboration rationalisent le processus de r\u00e9vision, vous permettant d'inviter des traducteurs \u00e0 affiner vos instructions sans avoir \u00e0 envoyer des documents par courrier \u00e9lectronique.<\/p>\n<\/div>\n\n\n\n<div class=\"wp-block-column is-layout-flow wp-block-column-is-layout-flow\">\n<div id=\"videocontainer\" class=\"shadow full-width-mobile\">\n  <video preload=\"true\" autoplay loop muted style=\"width: 100%; height: auto;\" title=\"Traduction des instructions du produit StepAlong avec l&#039;IA\" poster=\"https:\/\/ik.imagekit.io\/ex3zncdov\/translations-cover.png?updatedAt=1713523064235\">\n    <source src=\"https:\/\/ik.imagekit.io\/ex3zncdov\/Translations.mp4?updatedAt=1713521826135\" type=\"video\/mp4\">\n  <\/video>\n<\/div>\n<\/div>\n<\/div>\n\n\n\n<div style=\"height:var(--wp--preset--spacing--80)\" aria-hidden=\"true\" class=\"wp-block-spacer\"><\/div>\n\n\n\n<div class=\"wp-block-media-text is-stacked-on-mobile shadow\"><figure class=\"wp-block-media-text__media\"><img loading=\"lazy\" decoding=\"async\" width=\"1024\" height=\"847\" src=\"https:\/\/www.stepalong.com\/wp-content\/uploads\/2024\/10\/update-product-instructions-1024x847.jpg\" alt=\"Corrigez et am\u00e9liorez les instructions relatives \u00e0 votre produit.\" class=\"wp-image-5687 size-full\" srcset=\"https:\/\/www.stepalong.com\/wp-content\/uploads\/2024\/10\/update-product-instructions-1024x847.jpg 1024w, https:\/\/www.stepalong.com\/wp-content\/uploads\/2024\/10\/update-product-instructions-300x248.jpg 300w, https:\/\/www.stepalong.com\/wp-content\/uploads\/2024\/10\/update-product-instructions-768x635.jpg 768w, https:\/\/www.stepalong.com\/wp-content\/uploads\/2024\/10\/update-product-instructions-1536x1271.jpg 1536w, https:\/\/www.stepalong.com\/wp-content\/uploads\/2024\/10\/update-product-instructions-15x12.jpg 15w, https:\/\/www.stepalong.com\/wp-content\/uploads\/2024\/10\/update-product-instructions.jpg 2048w\" sizes=\"auto, (max-width: 1024px) 100vw, 1024px\" \/><\/figure><div class=\"wp-block-media-text__content\">\n<h2 class=\"wp-block-heading\">Corrigez, am\u00e9liorez et ajoutez \u00e0 votre guise<\/h2>\n\n\n\n<p>Qu'il s'agisse de corriger une erreur \u00e0 l'\u00e9tape 5 des instructions en italien, de cr\u00e9er un lien vers un nouveau produit ou d'ajouter une nouvelle langue pour p\u00e9n\u00e9trer un nouveau march\u00e9, StepAlong est l\u00e0 pour vous aider. D\u00e8s que vous enregistrez vos modifications, les instructions en ligne et le PDF t\u00e9l\u00e9chargeable sont instantan\u00e9ment mis \u00e0 jour.<\/p>\n<\/div><\/div>\n\n\n\n<div style=\"height:var(--wp--preset--spacing--80)\" aria-hidden=\"true\" class=\"wp-block-spacer\"><\/div>\n\n\n\n<div class=\"wp-block-cover\" style=\"border-radius:16px;min-height:360px;aspect-ratio:unset;\"><span aria-hidden=\"true\" class=\"wp-block-cover__background has-raft-fg-background-color has-background-dim-60 has-background-dim\"><\/span><img loading=\"lazy\" decoding=\"async\" width=\"1250\" height=\"768\" class=\"wp-block-cover__image-background wp-image-6744\" alt=\"monster-group-warehouse\" src=\"https:\/\/www.stepalong.com\/wp-content\/uploads\/2025\/02\/monster-group-warehouse.webp\" style=\"object-position:52% 68%\" data-object-fit=\"cover\" data-object-position=\"52% 68%\" srcset=\"https:\/\/www.stepalong.com\/wp-content\/uploads\/2025\/02\/monster-group-warehouse.webp 1250w, https:\/\/www.stepalong.com\/wp-content\/uploads\/2025\/02\/monster-group-warehouse-300x184.webp 300w, https:\/\/www.stepalong.com\/wp-content\/uploads\/2025\/02\/monster-group-warehouse-1024x629.webp 1024w, https:\/\/www.stepalong.com\/wp-content\/uploads\/2025\/02\/monster-group-warehouse-768x472.webp 768w, https:\/\/www.stepalong.com\/wp-content\/uploads\/2025\/02\/monster-group-warehouse-18x12.webp 18w\" sizes=\"auto, (max-width: 1250px) 100vw, 1250px\" \/><div class=\"wp-block-cover__inner-container is-layout-constrained wp-block-cover-is-layout-constrained\">\n<div class=\"wp-block-columns is-layout-flex wp-container-core-columns-is-layout-4f8469d8 wp-block-columns-is-layout-flex\" style=\"padding-top:var(--wp--preset--spacing--60);padding-right:var(--wp--preset--spacing--60);padding-bottom:var(--wp--preset--spacing--60);padding-left:var(--wp--preset--spacing--60)\">\n<div class=\"wp-block-column is-vertically-aligned-center is-layout-flow wp-block-column-is-layout-flow\" style=\"flex-basis:33.33%\">\n<figure class=\"wp-block-image size-full\"><img loading=\"lazy\" decoding=\"async\" width=\"1191\" height=\"1191\" src=\"https:\/\/www.stepalong.com\/wp-content\/uploads\/2025\/02\/monster-group-logo.png\" alt=\"Logo du groupe Monster\" class=\"wp-image-6743\" srcset=\"https:\/\/www.stepalong.com\/wp-content\/uploads\/2025\/02\/monster-group-logo.png 1191w, https:\/\/www.stepalong.com\/wp-content\/uploads\/2025\/02\/monster-group-logo-300x300.png 300w, https:\/\/www.stepalong.com\/wp-content\/uploads\/2025\/02\/monster-group-logo-1024x1024.png 1024w, https:\/\/www.stepalong.com\/wp-content\/uploads\/2025\/02\/monster-group-logo-150x150.png 150w, https:\/\/www.stepalong.com\/wp-content\/uploads\/2025\/02\/monster-group-logo-768x768.png 768w, https:\/\/www.stepalong.com\/wp-content\/uploads\/2025\/02\/monster-group-logo-12x12.png 12w\" sizes=\"auto, (max-width: 1191px) 100vw, 1191px\" \/><\/figure>\n<\/div>\n\n\n\n<div class=\"wp-block-column is-layout-flow wp-block-column-is-layout-flow\" style=\"flex-basis:66.66%\">\n<p class=\"has-raft-bg-alt-color has-text-color has-link-color wp-elements-8ee8c625d6ef67cb76692b68e5d1a888\"><a href=\"https:\/\/www.stepalong.com\/fr\/clients-groupe-monster\/\" data-type=\"page\" data-id=\"6634\">Groupe Monster et StepAlong<\/a><\/p>\n\n\n\n<p class=\"has-medium-font-size\"><strong>Avec StepAlong, Monster Group a rationalis\u00e9 la gestion des instructions, r\u00e9duit les co\u00fbts et \u00e9largi ses march\u00e9s, tout en garantissant des conseils clairs et actualis\u00e9s aux clients.<\/strong><\/p>\n\n\n\n<div class=\"wp-block-buttons is-layout-flex wp-block-buttons-is-layout-flex\">\n<div class=\"wp-block-button is-style-outline is-style-outline--2\"><a class=\"wp-block-button__link wp-element-button\" href=\"https:\/\/www.stepalong.com\/fr\/clients-groupe-monster\/\">Lire l'\u00e9tude de cas<\/a><\/div>\n<\/div>\n<\/div>\n<\/div>\n<\/div><\/div>\n\n\n\n<div style=\"height:var(--wp--preset--spacing--80)\" aria-hidden=\"true\" class=\"wp-block-spacer\"><\/div>\n\n\n\n<div class=\"wp-block-columns is-layout-flex wp-container-core-columns-is-layout-14cf5ab5 wp-block-columns-is-layout-flex\">\n<div class=\"wp-block-column is-layout-flow wp-block-column-is-layout-flow\">\n<div class=\"wp-block-group feature is-layout-constrained wp-block-group-is-layout-constrained\">\n<div class=\"wp-block-columns is-layout-flex wp-container-core-columns-is-layout-cbe57604 wp-block-columns-is-layout-flex\">\n<div class=\"wp-block-column is-layout-flow wp-block-column-is-layout-flow\">\n<figure class=\"wp-block-image size-large rounded\"><img loading=\"lazy\" decoding=\"async\" width=\"1024\" height=\"1024\" src=\"https:\/\/www.stepalong.com\/wp-content\/uploads\/2025\/08\/stepalong-roi-calculator-1024x1024.webp\" alt=\"Calculateur de retour sur investissement StepAlong\" class=\"wp-image-8026\" srcset=\"https:\/\/www.stepalong.com\/wp-content\/uploads\/2025\/08\/stepalong-roi-calculator-1024x1024.webp 1024w, https:\/\/www.stepalong.com\/wp-content\/uploads\/2025\/08\/stepalong-roi-calculator-300x300.webp 300w, https:\/\/www.stepalong.com\/wp-content\/uploads\/2025\/08\/stepalong-roi-calculator-150x150.webp 150w, https:\/\/www.stepalong.com\/wp-content\/uploads\/2025\/08\/stepalong-roi-calculator-768x768.webp 768w, https:\/\/www.stepalong.com\/wp-content\/uploads\/2025\/08\/stepalong-roi-calculator-12x12.webp 12w, https:\/\/www.stepalong.com\/wp-content\/uploads\/2025\/08\/stepalong-roi-calculator.webp 1420w\" sizes=\"auto, (max-width: 1024px) 100vw, 1024px\" \/><\/figure>\n<\/div>\n\n\n\n<div class=\"wp-block-column is-layout-flow wp-block-column-is-layout-flow\">\n<h3 class=\"wp-block-heading\">Calculez vos \u00e9conomies potentielles<\/h3>\n\n\n\n<p>D\u00e9couvrez les \u00e9conomies que votre entreprise peut r\u00e9aliser en adoptant la plateforme d'enseignement num\u00e9rique de StepAlong, aliment\u00e9e par l'IA.<\/p>\n\n\n\n<div style=\"height:0px\" aria-hidden=\"true\" class=\"wp-block-spacer\"><\/div>\n<\/div>\n<\/div>\n\n\n\n<div style=\"height:1em\" aria-hidden=\"true\" class=\"wp-block-spacer\"><\/div>\n\n\n\n<div class=\"wp-block-buttons is-content-justification-center is-layout-flex wp-container-core-buttons-is-layout-a89b3969 wp-block-buttons-is-layout-flex\">\n<div class=\"wp-block-button is-style-outline is-style-outline--3\"><a class=\"wp-block-button__link has-custom-purple-color has-text-color has-link-color has-border-color has-custom-purple-border-color wp-element-button\" href=\"https:\/\/www.stepalong.com\/fr\/calculateur-de-roi\/\">Calculez vos \u00e9conomies<\/a><\/div>\n<\/div>\n<\/div>\n<\/div>\n\n\n\n<div class=\"wp-block-column is-vertically-aligned-center is-layout-flow wp-block-column-is-layout-flow\">\n<p>Chez StepAlong, nous nous sommes concentr\u00e9s sur ce dont les clients ont besoin pour avoir une bonne exp\u00e9rience des instructions sur les produits :<\/p>\n\n\n\n<ul class=\"wp-block-list\">\n<li><strong>Priorit\u00e9 au mobile<\/strong><br>Aucun t\u00e9l\u00e9chargement d'application n'est n\u00e9cessaire, il suffit d'ouvrir et de suivre.<\/li>\n\n\n\n<li><strong>\u00c9tapes guid\u00e9es<\/strong><br>Une structure logique, \u00e9tape par \u00e9tape, pour plus de clart\u00e9<\/li>\n\n\n\n<li><strong>Formats flexibles<\/strong><br>PDF t\u00e9l\u00e9chargeables pour ceux qui le pr\u00e9f\u00e8rent<\/li>\n\n\n\n<li><strong>D\u00e9couverte facile<\/strong><br>Accessible via Google, ChatGPT et d'autres moteurs de recherche<\/li>\n\n\n\n<li><strong>Contenu localis\u00e9<\/strong><br>Instructions dans la langue de vos clients<\/li>\n<\/ul>\n\n\n\n<div style=\"height:1em\" aria-hidden=\"true\" class=\"wp-block-spacer\"><\/div>\n\n\n\n<div class=\"wp-block-buttons is-content-justification-center is-layout-flex wp-container-core-buttons-is-layout-a89b3969 wp-block-buttons-is-layout-flex\">\n<div class=\"wp-block-button is-style-fill\"><a class=\"wp-block-button__link has-raft-fg-alt-color has-custom-purple-background-color has-text-color has-background has-link-color has-text-align-center wp-element-button\" href=\"https:\/\/www.stepalong.com\/fr\/reserver-une-demonstration\/\">R\u00e9server une d\u00e9monstration<\/a><\/div>\n<\/div>\n<\/div>\n<\/div>","protected":false},"excerpt":{"rendered":"<p>Tenez les promesses de votre marque avec de meilleures instructions StepAlong vous aide \u00e0 relever le d\u00e9fi de la r\u00e9\u00e9criture des instructions de produits des fabricants. StepAlong simplifie la cr\u00e9ation, la traduction et la gestion des instructions de produits. Vos instructions, votre marque, votre domaine Fournissez toutes vos instructions produit dans un centre d'instructions de marque, h\u00e9berg\u00e9 sur votre sous-domaine personnalis\u00e9. Chaque instruction peut \u00eatre s\u00e9curis\u00e9e avec [...]<\/p>","protected":false},"author":1,"featured_media":0,"parent":0,"menu_order":0,"comment_status":"closed","ping_status":"closed","template":"wp-custom-template-landing-page-b","meta":{"content-type":"","_uag_custom_page_level_css":"","footnotes":""},"class_list":["post-5677","page","type-page","status-publish","hentry"],"aioseo_notices":[],"mb":[],"uagb_featured_image_src":{"full":false,"thumbnail":false,"medium":false,"medium_large":false,"large":false,"1536x1536":false,"2048x2048":false,"trp-custom-language-flag":false},"uagb_author_info":{"display_name":"Sergi S\u00e1nchez Mancha","author_link":"https:\/\/www.stepalong.com\/fr\/author\/sergiostepalong-com\/"},"uagb_comment_info":0,"uagb_excerpt":"Deliver your brand promise with better instructions StepAlong helps you meet the challenge of rewriting manufacturers&#8217; product instructions. StepAlong simplifies the creation, translation, and management of product instructions. Your instructions, your brand, your domain Provide all your product instructions in a branded Instruction Center, hosted on your custom subdomain. Each instruction can be secured with\u2026","mfb_rest_fields":["title","aioseo_notices","uagb_featured_image_src","uagb_author_info","uagb_comment_info","uagb_excerpt"],"_links":{"self":[{"href":"https:\/\/www.stepalong.com\/fr\/wp-json\/wp\/v2\/pages\/5677","targetHints":{"allow":["GET"]}}],"collection":[{"href":"https:\/\/www.stepalong.com\/fr\/wp-json\/wp\/v2\/pages"}],"about":[{"href":"https:\/\/www.stepalong.com\/fr\/wp-json\/wp\/v2\/types\/page"}],"author":[{"embeddable":true,"href":"https:\/\/www.stepalong.com\/fr\/wp-json\/wp\/v2\/users\/1"}],"replies":[{"embeddable":true,"href":"https:\/\/www.stepalong.com\/fr\/wp-json\/wp\/v2\/comments?post=5677"}],"version-history":[{"count":14,"href":"https:\/\/www.stepalong.com\/fr\/wp-json\/wp\/v2\/pages\/5677\/revisions"}],"predecessor-version":[{"id":8012,"href":"https:\/\/www.stepalong.com\/fr\/wp-json\/wp\/v2\/pages\/5677\/revisions\/8012"}],"wp:attachment":[{"href":"https:\/\/www.stepalong.com\/fr\/wp-json\/wp\/v2\/media?parent=5677"}],"curies":[{"name":"wp","href":"https:\/\/api.w.org\/{rel}","templated":true}]}}