{"id":5013,"date":"2024-07-17T17:02:49","date_gmt":"2024-07-17T15:02:49","guid":{"rendered":"https:\/\/www.stepalong.com\/?page_id=5013"},"modified":"2024-07-24T11:02:53","modified_gmt":"2024-07-24T09:02:53","slug":"secteurs-dactivite","status":"publish","type":"page","link":"https:\/\/www.stepalong.com\/fr\/secteurs-dactivite\/","title":{"rendered":"Industries"},"content":{"rendered":"<p>Avec StepAlong, les entreprises fournissent des instructions d\u00e9taill\u00e9es et conviviales sur le produit qui <strong>am\u00e9liorer la satisfaction des clients, r\u00e9duire les co\u00fbts d'assistance et renforcer la fid\u00e9lit\u00e9 \u00e0 la marque<\/strong>.<\/p>\n\n\n\n<p>Voici quelques exemples du fonctionnement de StepAlong \u00e0 <a href=\"#arts-craft\" title=\"Arts et artisanat\">Arts et artisanat<\/a>, <a href=\"#sewing-knitting-crochet\" title=\"\">Couture, tricot et crochet<\/a>, <a href=\"#gardening\" title=\"Jardinage\">Jardinage<\/a>, <a href=\"#cosmetics\" title=\"\">Cosm\u00e9tiques<\/a> et <a href=\"#pharma\" title=\"\">Pharma<\/a> des industries.<\/p>\n\n\n\n<div style=\"height:4em\" aria-hidden=\"true\" class=\"wp-block-spacer\"><\/div>\n\n\n\n<div id=\"arts-craft\" class=\"wp-block-group feature is-layout-constrained wp-block-group-is-layout-constrained\">\n<h2 class=\"wp-block-heading\"><strong>Arts et artisanat<\/strong><\/h2>\n\n\n\n<ul class=\"wp-block-list\">\n<li><strong>Donnez \u00e0 vos clients les moyens d'agir<\/strong> \u00e0 lib\u00e9rer leur cr\u00e9ativit\u00e9 gr\u00e2ce \u00e0 des guides clairs, \u00e9tape par \u00e9tape, et \u00e0 des id\u00e9es de projets cr\u00e9atifs, ce qui les motive \u00e0 commencer de nouveaux projets en toute confiance.<\/li>\n\n\n\n<li><strong>Mieux servir les march\u00e9s internationaux<\/strong> gr\u00e2ce \u00e0 nos traductions aliment\u00e9es par l'IA, r\u00e9duisant ainsi les questions et les probl\u00e8mes des clients.<\/li>\n\n\n\n<li><strong>Revitalisez votre contenu pratique en c<\/strong>onvertir des vid\u00e9os YouTube et des PDF dans le format StepAlong qui peut \u00eatre publi\u00e9 facilement sur le web, traduit en quelques minutes et transform\u00e9 en PDF.<\/li>\n<\/ul>\n\n\n\n<div style=\"height:2em\" aria-hidden=\"true\" class=\"wp-block-spacer\"><\/div>\n\n\n\n<div style=\"overflow:hidden; padding:0; position:relative; display:flex; justify-content:center; border-radius:8px; border:1px solid #00000015; width:100%; box-sizing:border-box; max-width:100%;\"><iframe style=\"min-height:400px; width:100%; aspect-ratio:16\/9;\" src=\"https:\/\/player.stepalong.com\/player\/en\/6659cca2d57e74a703a605e0?view=swipe\" title=\"Comment peindre un paysage textur\u00e9 \u00e0 l&#039;huile\" frameborder=\"0\" allow=\"accelerometer; autoplay; encrypted-media; gyroscope; picture-in-picture\" loading=\"eager\" allowfullscreen=\"\"><\/iframe><\/div>\n\n\n\n<div style=\"height:2em\" aria-hidden=\"true\" class=\"wp-block-spacer\"><\/div>\n\n\n\n<div class=\"wp-block-buttons is-content-justification-right is-layout-flex wp-container-core-buttons-is-layout-d445cf74 wp-block-buttons-is-layout-flex\">\n<div class=\"wp-block-button is-style-outline is-style-outline--1\"><a class=\"wp-block-button__link has-custom-purple-color has-text-color has-link-color wp-element-button\" href=\"https:\/\/crafts.stepalong.com\/\" target=\"_blank\" rel=\"noreferrer noopener\">Plus d'exemples d'artisanat<\/a><\/div>\n\n\n\n<div class=\"wp-block-button is-style-fill\"><a class=\"wp-block-button__link wp-element-button\" href=\"#demo\">R\u00e9server une d\u00e9monstration<\/a><\/div>\n<\/div>\n<\/div>\n\n\n\n<div style=\"height:4em\" aria-hidden=\"true\" class=\"wp-block-spacer\"><\/div>\n\n\n\n<div id=\"sewing-knitting-crochet\" class=\"wp-block-group feature-white is-layout-constrained wp-block-group-is-layout-constrained\">\n<h2 class=\"wp-block-heading\"><strong>Couture, tricot et crochet<\/strong><\/h2>\n\n\n\n<ul class=\"wp-block-list\">\n<li class=\"translation-block\">Cr\u00e9ez une <strong>meilleure exp\u00e9rience client<\/strong> avec des guides clairs et pr\u00e9cis, interactifs et optimis\u00e9s pour les mobiles, qui aident vos clients \u00e0 ma\u00eetriser leurs projets.<\/li>\n\n\n\n<li><strong>Mieux servir les march\u00e9s internationaux<\/strong> gr\u00e2ce \u00e0 nos traductions aliment\u00e9es par l'IA et \u00e0 la facilit\u00e9 de publication, garantissant que les clients comprennent parfaitement vos instructions tout en atteignant un public plus large.<\/li>\n\n\n\n<li><strong>R\u00e9duire la d\u00e9pendance \u00e0 l'\u00e9gard des PDF<\/strong> en utilisant notre gestion int\u00e9gr\u00e9e des QR, tout en donnant aux utilisateurs finaux la possibilit\u00e9 de t\u00e9l\u00e9charger un PDF clair et lisible s'ils le souhaitent.<\/li>\n<\/ul>\n\n\n\n<div style=\"height:2em\" aria-hidden=\"true\" class=\"wp-block-spacer\"><\/div>\n\n\n\n<div style=\"overflow:hidden; padding:0; position:relative; display:flex; justify-content:center; border-radius:8px; border:1px solid #00000015; width:100%; box-sizing:border-box; max-width:100%;\"><iframe style=\"min-height:450px; width:100%; aspect-ratio:16\/9;\" src=\"https:\/\/player.stepalong.com\/player\/en\/6644c86ee2e036fbfd80acbc?view=swipe\" title=\"Mod\u00e8les au crochet : Anton l&#039;oie de No\u00ebl\" frameborder=\"0\" allow=\"accelerometer; autoplay; encrypted-media; gyroscope; picture-in-picture\" loading=\"eager\" allowfullscreen=\"\"><\/iframe><\/div>\n\n\n\n<div style=\"height:2em\" aria-hidden=\"true\" class=\"wp-block-spacer\"><\/div>\n\n\n\n<div class=\"wp-block-buttons is-content-justification-right is-layout-flex wp-container-core-buttons-is-layout-d445cf74 wp-block-buttons-is-layout-flex\">\n<div class=\"wp-block-button is-style-outline is-style-outline--2\"><a class=\"wp-block-button__link has-custom-purple-color has-text-color has-link-color wp-element-button\" href=\"https:\/\/sew-knit-crochet.stepalong.com\/\">Plus d'exemples de couture, de tricot et de crochet<\/a><\/div>\n\n\n\n<div class=\"wp-block-button is-style-fill\"><a class=\"wp-block-button__link wp-element-button\" href=\"#demo\">R\u00e9server une d\u00e9monstration<\/a><\/div>\n<\/div>\n<\/div>\n\n\n\n<div style=\"height:4em\" aria-hidden=\"true\" class=\"wp-block-spacer\"><\/div>\n\n\n\n<div id=\"gardening\" class=\"wp-block-group feature is-layout-constrained wp-block-group-is-layout-constrained\">\n<h2 class=\"wp-block-heading\"><strong>Jardinage<\/strong><\/h2>\n\n\n\n<ul class=\"wp-block-list\">\n<li class=\"translation-block\">Cr\u00e9ez une <strong>meilleure<\/strong> <strong>exp\u00e9rience client<\/strong> avec nos instructions interactives et optimis\u00e9es pour les mobiles que les utilisateurs finaux peuvent utiliser, litt\u00e9ralement, sur le terrain (ou dans le jardin, ou \u00e0 l'abri....).<\/li>\n\n\n\n<li><strong>Transformer les internautes en acheteurs<\/strong> en ajoutant le mode d'emploi complet de vos produits sur vos pages produits afin d'informer et de mettre en confiance les prospects.<\/li>\n\n\n\n<li><strong>R\u00e9duire la d\u00e9pendance \u00e0 l'\u00e9gard des PDF<\/strong> acheter \u00e0 l'aide de notre gestion QR int\u00e9gr\u00e9e (ou utiliser vos codes QR existants) tout en donnant aux utilisateurs finaux la possibilit\u00e9 de t\u00e9l\u00e9charger un PDF clair et lisible s'ils le souhaitent.<\/li>\n\n\n\n<li><strong>R\u00e9duire les co\u00fbts<\/strong> en unifiant la cr\u00e9ation, la publication et la gestion de votre flux de travail p\u00e9dagogique dans un seul outil o\u00f9 les cr\u00e9ateurs, les distributeurs et les partenaires peuvent tous se r\u00e9unir pour rendre la cr\u00e9ation p\u00e9dagogique plus efficace.<\/li>\n<\/ul>\n\n\n\n<div style=\"height:2em\" aria-hidden=\"true\" class=\"wp-block-spacer\"><\/div>\n\n\n\n<div style=\"overflow:hidden; padding:0; position:relative; display:flex; justify-content:center; border-radius:8px; border:1px solid #00000015; width:100%; box-sizing:border-box; max-width:100%;\"><iframe style=\"min-height:400px; width:100%; aspect-ratio:16\/9;\" src=\"https:\/\/player.stepalong.com\/player\/en\/6638cf6081406337d80b7221?view=swipe\" title=\"D\u00e9cor et Jardin : Haya\" frameborder=\"0\" allow=\"accelerometer; autoplay; encrypted-media; gyroscope; picture-in-picture\" loading=\"eager\" allowfullscreen=\"\"><\/iframe><\/div>\n\n\n\n<div style=\"height:2em\" aria-hidden=\"true\" class=\"wp-block-spacer\"><\/div>\n\n\n\n<div class=\"wp-block-buttons is-content-justification-right is-layout-flex wp-container-core-buttons-is-layout-d445cf74 wp-block-buttons-is-layout-flex\">\n<div class=\"wp-block-button is-style-outline is-style-outline--3\"><a class=\"wp-block-button__link has-custom-purple-color has-text-color has-link-color wp-element-button\" href=\"https:\/\/gardening.stepalong.com\/\" target=\"_blank\" rel=\"noreferrer noopener\">Plus d'exemples de jardinage<\/a><\/div>\n\n\n\n<div class=\"wp-block-button is-style-fill\"><a class=\"wp-block-button__link wp-element-button\" href=\"#demo\">R\u00e9server une d\u00e9monstration<\/a><\/div>\n<\/div>\n<\/div>\n\n\n\n<div style=\"height:4em\" aria-hidden=\"true\" class=\"wp-block-spacer\"><\/div>\n\n\n\n<div id=\"cosmetics\" class=\"wp-block-group feature-white is-layout-constrained wp-block-group-is-layout-constrained\">\n<h2 class=\"wp-block-heading\"><strong>Cosm\u00e9tiques<\/strong><\/h2>\n\n\n\n<ul class=\"wp-block-list\">\n<li><strong>R\u00e9duire les retours de produits<\/strong> en montrant \u00e0 vos clients comment obtenir les meilleurs r\u00e9sultats avec vos produits de beaut\u00e9 gr\u00e2ce \u00e0 des guides d'application et d'entretien d\u00e9taill\u00e9s<\/li>\n\n\n\n<li>Cr\u00e9er un <strong>une meilleure exp\u00e9rience client<\/strong> avec des instructions interactives et optimis\u00e9es pour les mobiles qui am\u00e9liorent et compl\u00e8tent vos tutoriels vid\u00e9o existants.<\/li>\n\n\n\n<li class=\"translation-block\">Mieux <strong>servir efficacement les march\u00e9s internationaux<\/strong> gr\u00e2ce \u00e0 nos traductions aliment\u00e9es par l'IA, rendant vos guides accessibles \u00e0 un public mondial.<\/li>\n<\/ul>\n\n\n\n<div style=\"height:2em\" aria-hidden=\"true\" class=\"wp-block-spacer\"><\/div>\n\n\n\n<div style=\"overflow:hidden; padding:0; position:relative; display:flex; justify-content:center; border-radius:8px; border:1px solid #00000015; width:100%; box-sizing:border-box; max-width:100%;\"><iframe style=\"min-height:400px; width:100%; aspect-ratio:16\/9;\" src=\"https:\/\/player.stepalong.com\/player\/en\/64a7d6eee3f41c6dffea135f?view=swipe\" title=\"Maquillage naturel et lumineux\" frameborder=\"0\" allow=\"accelerometer; autoplay; encrypted-media; gyroscope; picture-in-picture\" loading=\"eager\" allowfullscreen=\"\"><\/iframe><\/div>\n\n\n\n<div style=\"height:2em\" aria-hidden=\"true\" class=\"wp-block-spacer\"><\/div>\n\n\n\n<div class=\"wp-block-buttons is-content-justification-right is-layout-flex wp-container-core-buttons-is-layout-d445cf74 wp-block-buttons-is-layout-flex\">\n<div class=\"wp-block-button is-style-outline is-style-outline--4\"><a class=\"wp-block-button__link has-custom-purple-color has-text-color has-link-color wp-element-button\" href=\"https:\/\/cosmetics.stepalong.com\/\" target=\"_blank\" rel=\"noreferrer noopener\">Plus d'exemples de cosm\u00e9tiques<\/a><\/div>\n\n\n\n<div class=\"wp-block-button is-style-fill\"><a class=\"wp-block-button__link wp-element-button\" href=\"#demo\">R\u00e9server une d\u00e9monstration<\/a><\/div>\n<\/div>\n<\/div>\n\n\n\n<div style=\"height:4em\" aria-hidden=\"true\" class=\"wp-block-spacer\"><\/div>\n\n\n\n<div id=\"pharma\" class=\"wp-block-group feature is-layout-constrained wp-block-group-is-layout-constrained\">\n<h2 class=\"wp-block-heading\"><strong>Pharma<\/strong><\/h2>\n\n\n\n<ul class=\"wp-block-list\">\n<li><strong>Compl\u00e9ter vos tutoriels vid\u00e9o existants<\/strong> pour am\u00e9liorer la confiance des clients en proposant des guides d'utilisation \u00e9tape par \u00e9tape avec des instructions interactives et optimis\u00e9es pour les mobiles qui am\u00e9liorent l'observance des patients et la confiance dans votre marque.<\/li>\n\n\n\n<li>Garantir une utilisation s\u00fbre de vos produits et am\u00e9liorer l'adh\u00e9sion des patients en fournissant des instructions d\u00e9taill\u00e9es et des \u00e9tapes pour la gestion des effets ind\u00e9sirables, tout en <strong>r\u00e9duire la d\u00e9pendance \u00e0 l'\u00e9gard des PDF gr\u00e2ce \u00e0 la gestion int\u00e9gr\u00e9e des QR<\/strong>.<\/li>\n\n\n\n<li><strong>R\u00e9duire les co\u00fbts<\/strong> en unifiant la cr\u00e9ation, la publication et la gestion de votre flux de travail p\u00e9dagogique en un seul outil efficace.<\/li>\n\n\n\n<li><strong>Mieux g\u00e9rer le march\u00e9 international<\/strong> en g\u00e9rant efficacement les traductions et les mises \u00e0 jour dans une plateforme unifi\u00e9e o\u00f9 les cr\u00e9ateurs, les distributeurs et les partenaires peuvent collaborer en toute transparence.<\/li>\n<\/ul>\n\n\n\n<div style=\"height:2em\" aria-hidden=\"true\" class=\"wp-block-spacer\"><\/div>\n\n\n\n<div style=\"overflow:hidden; padding:0; position:relative; display:flex; justify-content:center; border-radius:8px; border:1px solid #00000015; width:100%; box-sizing:border-box; max-width:100%;\"><iframe style=\"min-height:400px; width:100%; aspect-ratio:16\/9;\" src=\"https:\/\/player.stepalong.com\/player\/en\/664c8a00fc058d0f55467bd0?view=swipe\" title=\"VEET HOW TO | \u00c9pilation \u00e0 la cire des bras, des jambes et des zones d\u00e9licates\" frameborder=\"0\" allow=\"accelerometer; autoplay; encrypted-media; gyroscope; picture-in-picture\" loading=\"eager\" allowfullscreen=\"\"><\/iframe><\/div>\n\n\n\n<div style=\"height:2em\" aria-hidden=\"true\" class=\"wp-block-spacer\"><\/div>\n\n\n\n<div class=\"wp-block-buttons is-content-justification-right is-layout-flex wp-container-core-buttons-is-layout-d445cf74 wp-block-buttons-is-layout-flex\">\n<div class=\"wp-block-button is-style-outline is-style-outline--5\"><a class=\"wp-block-button__link has-custom-purple-color has-text-color has-link-color wp-element-button\" href=\"https:\/\/pharma.stepalong.com\/\" target=\"_blank\" rel=\"noreferrer noopener\">Plus d'exemples dans le domaine de la pharmacie<\/a><\/div>\n\n\n\n<div class=\"wp-block-button is-style-fill\"><a class=\"wp-block-button__link wp-element-button\" href=\"#demo\">R\u00e9server une d\u00e9monstration<\/a><\/div>\n<\/div>\n<\/div>\n\n\n\n<div style=\"height:4em\" aria-hidden=\"true\" class=\"wp-block-spacer\"><\/div>\n\n\n\n<h2 class=\"wp-block-heading\" id=\"demo\">R\u00e9server une d\u00e9monstration<\/h2>\n\n\n\n<p>Contactez l'\u00e9quipe de StepAlong et obtenez des r\u00e9ponses \u00e0 toutes vos questions.<\/p>\n\n\n\n<div style=\"height:36px\" aria-hidden=\"true\" class=\"wp-block-spacer\"><\/div>\n\n\n\n<div class=\"wp-block-columns is-layout-flex wp-container-core-columns-is-layout-28f84493 wp-block-columns-is-layout-flex\">\n<div class=\"wp-block-column is-layout-flow wp-block-column-is-layout-flow\" style=\"flex-basis:25%\"><\/div>\n\n\n\n<div class=\"wp-block-column is-layout-flow wp-block-column-is-layout-flow\" style=\"flex-basis:50%\">\n<script>\n    (function(d, s, id) {\n      var js, hjs = d.getElementsByTagName(s)[0];\n      if (d.getElementById(id)) return;\n      js = d.createElement(s);\n      js.id = id;\n      js.src = \"\/\/js-eu1.hsforms.net\/forms\/embed\/v2.js\";\n      hjs.parentNode.insertBefore(js, hjs);\n    }(document, \"script\", \"hubspot-js\"));\n\n    \/\/ Despu\u00e9s de cargar el script, inicializar el formulario\n    function initializeHubSpotForm() {\n      hbspt.forms.create({\n        region: \"eu1\",\n        portalId: \"26183334\",\n        formId: \"d413d723-76b6-4401-8593-7b000dd5d187\"\n      });\n    }\n    \/\/ Llamar a la funci\u00f3n de inicializaci\u00f3n despu\u00e9s de cargar el DOM\n    document.addEventListener(\"DOMContentLoaded\", initializeHubSpotForm);\n  <\/script>\n<\/div>\n\n\n\n<div class=\"wp-block-column is-layout-flow wp-block-column-is-layout-flow\" style=\"flex-basis:25%\"><\/div>\n<\/div>\n\n\n\n<div style=\"height:4em\" aria-hidden=\"true\" class=\"wp-block-spacer\"><\/div>","protected":false},"excerpt":{"rendered":"<p>Avec StepAlong, les entreprises fournissent des instructions d\u00e9taill\u00e9es et conviviales sur les produits, ce qui am\u00e9liore la satisfaction des clients, r\u00e9duit les co\u00fbts d'assistance et renforce la fid\u00e9lit\u00e9 \u00e0 la marque. Voici quelques exemples de la mani\u00e8re dont StepAlong fonctionne dans les secteurs de l'artisanat, de la couture, du tricot et du crochet, du jardinage, des cosm\u00e9tiques et de la pharmacie. Arts et m\u00e9tiers Couture, tricot et crochet Jardinage Cosm\u00e9tique Pharma R\u00e9server une d\u00e9mo [...]<\/p>","protected":false},"author":1,"featured_media":0,"parent":0,"menu_order":0,"comment_status":"closed","ping_status":"closed","template":"wp-custom-template-landing-page","meta":{"content-type":"","_uag_custom_page_level_css":"","footnotes":""},"class_list":["post-5013","page","type-page","status-publish","hentry"],"aioseo_notices":[],"mb":[],"uagb_featured_image_src":{"full":false,"thumbnail":false,"medium":false,"medium_large":false,"large":false,"1536x1536":false,"2048x2048":false,"trp-custom-language-flag":false},"uagb_author_info":{"display_name":"Sergi S\u00e1nchez Mancha","author_link":"https:\/\/www.stepalong.com\/fr\/author\/sergiostepalong-com\/"},"uagb_comment_info":0,"uagb_excerpt":"With StepAlong, companies provide detailed and user-friendly product instructions that improve customer satisfaction, reduce support costs and build a stronger brand loyalty. Below some examples of how StepAlong works at Arts &amp; Crafts, Sewing, Knitting and Crochet, Gardening, Cosmetics and Pharma industries. Arts &amp; Crafts Sewing, Knitting, and Crochet Gardening Cosmetics Pharma Book a demo\u2026","mfb_rest_fields":["title","aioseo_notices","uagb_featured_image_src","uagb_author_info","uagb_comment_info","uagb_excerpt"],"_links":{"self":[{"href":"https:\/\/www.stepalong.com\/fr\/wp-json\/wp\/v2\/pages\/5013","targetHints":{"allow":["GET"]}}],"collection":[{"href":"https:\/\/www.stepalong.com\/fr\/wp-json\/wp\/v2\/pages"}],"about":[{"href":"https:\/\/www.stepalong.com\/fr\/wp-json\/wp\/v2\/types\/page"}],"author":[{"embeddable":true,"href":"https:\/\/www.stepalong.com\/fr\/wp-json\/wp\/v2\/users\/1"}],"replies":[{"embeddable":true,"href":"https:\/\/www.stepalong.com\/fr\/wp-json\/wp\/v2\/comments?post=5013"}],"version-history":[{"count":49,"href":"https:\/\/www.stepalong.com\/fr\/wp-json\/wp\/v2\/pages\/5013\/revisions"}],"predecessor-version":[{"id":5090,"href":"https:\/\/www.stepalong.com\/fr\/wp-json\/wp\/v2\/pages\/5013\/revisions\/5090"}],"wp:attachment":[{"href":"https:\/\/www.stepalong.com\/fr\/wp-json\/wp\/v2\/media?parent=5013"}],"curies":[{"name":"wp","href":"https:\/\/api.w.org\/{rel}","templated":true}]}}