{"id":4925,"date":"2024-07-15T16:21:20","date_gmt":"2024-07-15T14:21:20","guid":{"rendered":"https:\/\/www.stepalong.com\/?page_id=4925"},"modified":"2024-11-27T09:52:18","modified_gmt":"2024-11-27T08:52:18","slug":"a-propos-de-nous","status":"publish","type":"page","link":"https:\/\/www.stepalong.com\/fr\/a-propos-de-nous\/","title":{"rendered":"A propos de nous"},"content":{"rendered":"<p class=\"has-medium-font-size\">StepAlong est un outil aliment\u00e9 par l'IA qui permet de cr\u00e9er des instructions efficaces sur les produits afin d'am\u00e9liorer l'exp\u00e9rience des clients.<\/p>\n\n\n\n<p>Nous permettons aux entreprises de produits de consommation de cr\u00e9er des exp\u00e9riences sans frustration avec des instructions de produits sans effort, rendues simples par l'IA.<\/p>\n\n\n\n<div style=\"height:2em\" aria-hidden=\"true\" class=\"wp-block-spacer\"><\/div>\n\n\n\n<h2 class=\"wp-block-heading\">\u00c9quipe de direction<\/h2>\n\n\n\n<p>StepAlong a \u00e9t\u00e9 fond\u00e9 par des entrepreneurs en s\u00e9rie qui travaillent ensemble depuis 15 ans pour cr\u00e9er des solutions d'exp\u00e9rience client.<\/p>\n\n\n\n<div style=\"height:2em\" aria-hidden=\"true\" class=\"wp-block-spacer\"><\/div>\n\n\n\n<div class=\"wp-block-columns is-layout-flex wp-container-core-columns-is-layout-28f84493 wp-block-columns-is-layout-flex\">\n<div class=\"wp-block-column is-layout-flow wp-block-column-is-layout-flow\" style=\"padding-right:2em;padding-left:2em\">\n<figure class=\"wp-block-image size-full is-style-rounded wp-duotone-unset-1\"><img loading=\"lazy\" decoding=\"async\" width=\"800\" height=\"800\" src=\"https:\/\/www.stepalong.com\/wp-content\/uploads\/2024\/07\/Tim.jpeg\" alt=\"Tim Towle\" class=\"wp-image-4926\" srcset=\"https:\/\/www.stepalong.com\/wp-content\/uploads\/2024\/07\/Tim.jpeg 800w, https:\/\/www.stepalong.com\/wp-content\/uploads\/2024\/07\/Tim-300x300.jpeg 300w, https:\/\/www.stepalong.com\/wp-content\/uploads\/2024\/07\/Tim-150x150.jpeg 150w, https:\/\/www.stepalong.com\/wp-content\/uploads\/2024\/07\/Tim-768x768.jpeg 768w, https:\/\/www.stepalong.com\/wp-content\/uploads\/2024\/07\/Tim-12x12.jpeg 12w\" sizes=\"auto, (max-width: 800px) 100vw, 800px\" \/><\/figure>\n\n\n\n<p class=\"has-text-align-center\"><a href=\"https:\/\/www.linkedin.com\/in\/timtowle\/\" target=\"_blank\" rel=\"noopener\" title=\"\"><strong>Tim Towle<\/strong><\/a><br>PDG<\/p>\n<\/div>\n\n\n\n<div class=\"wp-block-column is-layout-flow wp-block-column-is-layout-flow\" style=\"padding-right:2em;padding-left:2em\">\n<figure class=\"wp-block-image size-full is-style-rounded wp-duotone-unset-2\"><img loading=\"lazy\" decoding=\"async\" width=\"800\" height=\"800\" src=\"https:\/\/www.stepalong.com\/wp-content\/uploads\/2024\/07\/Dimitry.jpeg\" alt=\"Dimitry Lvovsky\" class=\"wp-image-4927\" srcset=\"https:\/\/www.stepalong.com\/wp-content\/uploads\/2024\/07\/Dimitry.jpeg 800w, https:\/\/www.stepalong.com\/wp-content\/uploads\/2024\/07\/Dimitry-300x300.jpeg 300w, https:\/\/www.stepalong.com\/wp-content\/uploads\/2024\/07\/Dimitry-150x150.jpeg 150w, https:\/\/www.stepalong.com\/wp-content\/uploads\/2024\/07\/Dimitry-768x768.jpeg 768w, https:\/\/www.stepalong.com\/wp-content\/uploads\/2024\/07\/Dimitry-12x12.jpeg 12w\" sizes=\"auto, (max-width: 800px) 100vw, 800px\" \/><\/figure>\n\n\n\n<p class=\"has-text-align-center\"><strong><a href=\"https:\/\/www.linkedin.com\/in\/lvovsky\/\" target=\"_blank\" rel=\"noopener\" title=\"\">Dimitry Lvovsky<\/a><\/strong><br>CTO<\/p>\n<\/div>\n\n\n\n<div class=\"wp-block-column is-layout-flow wp-block-column-is-layout-flow\" style=\"padding-right:2em;padding-left:2em\">\n<figure class=\"wp-block-image size-full is-style-rounded wp-duotone-unset-3\"><img decoding=\"async\" src=\"https:\/\/www.stepalong.com\/wp-content\/uploads\/2024\/07\/Sergi.jpeg\" alt=\"Sergi S\u00e1nchez\" class=\"wp-image-4928\"\/><\/figure>\n\n\n\n<p class=\"has-text-align-center\"><strong><a href=\"https:\/\/www.linkedin.com\/in\/ssmancha\/\" target=\"_blank\" rel=\"noopener\" title=\"\">Sergi S\u00e1nchez<\/a><\/strong><br>CPO<\/p>\n<\/div>\n<\/div>\n\n\n\n<div style=\"height:2em\" aria-hidden=\"true\" class=\"wp-block-spacer\"><\/div>\n\n\n\n<h2 class=\"wp-block-heading\">Avis<\/h2>\n\n\n\n<div style=\"height:2em\" aria-hidden=\"true\" class=\"wp-block-spacer\"><\/div>\n\n\n\n<div class=\"wp-block-columns is-layout-flex wp-container-core-columns-is-layout-28f84493 wp-block-columns-is-layout-flex\">\n<div class=\"wp-block-column is-layout-flow wp-block-column-is-layout-flow\" style=\"padding-right:2em;padding-left:2em\">\n<figure class=\"wp-block-image size-full is-style-rounded wp-duotone-unset-4\"><img loading=\"lazy\" decoding=\"async\" width=\"450\" height=\"450\" src=\"https:\/\/www.stepalong.com\/wp-content\/uploads\/2024\/07\/Albert.jpeg\" alt=\"Albert Ribera\" class=\"wp-image-4929\" srcset=\"https:\/\/www.stepalong.com\/wp-content\/uploads\/2024\/07\/Albert.jpeg 450w, https:\/\/www.stepalong.com\/wp-content\/uploads\/2024\/07\/Albert-300x300.jpeg 300w, https:\/\/www.stepalong.com\/wp-content\/uploads\/2024\/07\/Albert-150x150.jpeg 150w, https:\/\/www.stepalong.com\/wp-content\/uploads\/2024\/07\/Albert-12x12.jpeg 12w\" sizes=\"auto, (max-width: 450px) 100vw, 450px\" \/><\/figure>\n\n\n\n<p class=\"has-text-align-center\"><strong><a href=\"https:\/\/www.linkedin.com\/in\/albertribera\/\" target=\"_blank\" rel=\"noopener\" title=\"\">Albert Ribera<\/a><\/strong><\/p>\n<\/div>\n\n\n\n<div class=\"wp-block-column is-layout-flow wp-block-column-is-layout-flow\" style=\"padding-right:2em;padding-left:2em\">\n<figure class=\"wp-block-image size-full is-style-rounded wp-duotone-unset-5\"><img loading=\"lazy\" decoding=\"async\" width=\"800\" height=\"800\" src=\"https:\/\/www.stepalong.com\/wp-content\/uploads\/2024\/07\/Christophe.jpeg\" alt=\"Christophe Primault\" class=\"wp-image-4931\" srcset=\"https:\/\/www.stepalong.com\/wp-content\/uploads\/2024\/07\/Christophe.jpeg 800w, https:\/\/www.stepalong.com\/wp-content\/uploads\/2024\/07\/Christophe-300x300.jpeg 300w, https:\/\/www.stepalong.com\/wp-content\/uploads\/2024\/07\/Christophe-150x150.jpeg 150w, https:\/\/www.stepalong.com\/wp-content\/uploads\/2024\/07\/Christophe-768x768.jpeg 768w, https:\/\/www.stepalong.com\/wp-content\/uploads\/2024\/07\/Christophe-12x12.jpeg 12w\" sizes=\"auto, (max-width: 800px) 100vw, 800px\" \/><\/figure>\n\n\n\n<p class=\"has-text-align-center\"><strong><a href=\"https:\/\/www.linkedin.com\/in\/primault\/\" target=\"_blank\" rel=\"noopener\" title=\"\">Christophe Primault<\/a><\/strong><\/p>\n<\/div>\n\n\n\n<div class=\"wp-block-column is-layout-flow wp-block-column-is-layout-flow\" style=\"padding-right:2em;padding-left:2em\">\n<figure class=\"wp-block-image size-full is-style-rounded wp-duotone-unset-6\"><img loading=\"lazy\" decoding=\"async\" width=\"800\" height=\"800\" src=\"https:\/\/www.stepalong.com\/wp-content\/uploads\/2024\/07\/Michael.jpeg\" alt=\"Michael Kessler\" class=\"wp-image-4933\" srcset=\"https:\/\/www.stepalong.com\/wp-content\/uploads\/2024\/07\/Michael.jpeg 800w, https:\/\/www.stepalong.com\/wp-content\/uploads\/2024\/07\/Michael-300x300.jpeg 300w, https:\/\/www.stepalong.com\/wp-content\/uploads\/2024\/07\/Michael-150x150.jpeg 150w, https:\/\/www.stepalong.com\/wp-content\/uploads\/2024\/07\/Michael-768x768.jpeg 768w, https:\/\/www.stepalong.com\/wp-content\/uploads\/2024\/07\/Michael-12x12.jpeg 12w\" sizes=\"auto, (max-width: 800px) 100vw, 800px\" \/><\/figure>\n\n\n\n<p class=\"has-text-align-center\"><strong><a href=\"https:\/\/www.linkedin.com\/in\/michael-kessler-74892b1\/\" target=\"_blank\" rel=\"noopener\" title=\"\">Michael Kessler<\/a><\/strong><\/p>\n<\/div>\n<\/div>\n\n\n\n<div style=\"height:4em\" aria-hidden=\"true\" class=\"wp-block-spacer\"><\/div>","protected":false},"excerpt":{"rendered":"<p>StepAlong est un outil aliment\u00e9 par l'IA qui permet de cr\u00e9er des instructions efficaces sur les produits afin d'am\u00e9liorer l'exp\u00e9rience des clients. Nous permettons aux entreprises de produits de consommation de cr\u00e9er des exp\u00e9riences sans frustration avec des instructions de produits sans effort, rendues simples par l'IA. L'\u00e9quipe de direction StepAlong a \u00e9t\u00e9 fond\u00e9e par des entrepreneurs en s\u00e9rie qui travaillent ensemble depuis 15 ans pour cr\u00e9er des solutions d'exp\u00e9rience client. Tim TowleCEO Dimitry [...]<\/p>","protected":false},"author":1,"featured_media":0,"parent":0,"menu_order":0,"comment_status":"closed","ping_status":"closed","template":"wp-custom-template-landing-page","meta":{"content-type":"","_uag_custom_page_level_css":"","footnotes":""},"class_list":["post-4925","page","type-page","status-publish","hentry"],"aioseo_notices":[],"mb":[],"uagb_featured_image_src":{"full":false,"thumbnail":false,"medium":false,"medium_large":false,"large":false,"1536x1536":false,"2048x2048":false,"trp-custom-language-flag":false},"uagb_author_info":{"display_name":"Sergi S\u00e1nchez Mancha","author_link":"https:\/\/www.stepalong.com\/fr\/author\/sergiostepalong-com\/"},"uagb_comment_info":0,"uagb_excerpt":"StepAlong is an AI powered tool to create effective product instructions that improve the customer experience. We enable consumer product companies to build frustration-free experiences with effortless product instructions, made simple by AI. Management Team StepAlong was founded by serial entrepreneurs working together as team for 15 years creating customer experience solutions. Tim TowleCEO Dimitry\u2026","mfb_rest_fields":["title","aioseo_notices","uagb_featured_image_src","uagb_author_info","uagb_comment_info","uagb_excerpt"],"_links":{"self":[{"href":"https:\/\/www.stepalong.com\/fr\/wp-json\/wp\/v2\/pages\/4925","targetHints":{"allow":["GET"]}}],"collection":[{"href":"https:\/\/www.stepalong.com\/fr\/wp-json\/wp\/v2\/pages"}],"about":[{"href":"https:\/\/www.stepalong.com\/fr\/wp-json\/wp\/v2\/types\/page"}],"author":[{"embeddable":true,"href":"https:\/\/www.stepalong.com\/fr\/wp-json\/wp\/v2\/users\/1"}],"replies":[{"embeddable":true,"href":"https:\/\/www.stepalong.com\/fr\/wp-json\/wp\/v2\/comments?post=4925"}],"version-history":[{"count":13,"href":"https:\/\/www.stepalong.com\/fr\/wp-json\/wp\/v2\/pages\/4925\/revisions"}],"predecessor-version":[{"id":5970,"href":"https:\/\/www.stepalong.com\/fr\/wp-json\/wp\/v2\/pages\/4925\/revisions\/5970"}],"wp:attachment":[{"href":"https:\/\/www.stepalong.com\/fr\/wp-json\/wp\/v2\/media?parent=4925"}],"curies":[{"name":"wp","href":"https:\/\/api.w.org\/{rel}","templated":true}]}}