{"id":4726,"date":"2024-06-07T12:00:37","date_gmt":"2024-06-07T10:00:37","guid":{"rendered":"https:\/\/www.stepalong.com\/?page_id=4726"},"modified":"2024-06-13T09:58:23","modified_gmt":"2024-06-13T07:58:23","slug":"afficher-loffre","status":"publish","type":"page","link":"https:\/\/www.stepalong.com\/fr\/afficher-loffre\/","title":{"rendered":"spoga+gafa 2024 Voir l'offre"},"content":{"rendered":"<div class=\"wp-block-columns is-layout-flex wp-container-core-columns-is-layout-28f84493 wp-block-columns-is-layout-flex\">\n<div class=\"wp-block-column is-layout-flow wp-block-column-is-layout-flow\" style=\"flex-basis:30%\"><\/div>\n\n\n\n<div class=\"wp-block-column is-layout-flow wp-block-column-is-layout-flow\" style=\"flex-basis:45%\">\n<div class=\"wp-block-columns is-not-stacked-on-mobile is-layout-flex wp-container-core-columns-is-layout-28f84493 wp-block-columns-is-layout-flex\">\n<div class=\"wp-block-column is-layout-flow wp-block-column-is-layout-flow\" style=\"flex-basis:25%\">\n<figure class=\"wp-block-image size-thumbnail\"><img loading=\"lazy\" decoding=\"async\" width=\"150\" height=\"150\" src=\"https:\/\/www.stepalong.com\/wp-content\/uploads\/2024\/05\/Untitled-design-150x150.webp\" alt=\"logo spoga+gafa\" class=\"wp-image-4711\" srcset=\"https:\/\/www.stepalong.com\/wp-content\/uploads\/2024\/05\/Untitled-design-150x150.webp 150w, https:\/\/www.stepalong.com\/wp-content\/uploads\/2024\/05\/Untitled-design-300x300.webp 300w, https:\/\/www.stepalong.com\/wp-content\/uploads\/2024\/05\/Untitled-design-12x12.webp 12w, https:\/\/www.stepalong.com\/wp-content\/uploads\/2024\/05\/Untitled-design-96x96.webp 96w, https:\/\/www.stepalong.com\/wp-content\/uploads\/2024\/05\/Untitled-design.webp 500w\" sizes=\"auto, (max-width: 150px) 100vw, 150px\" \/><\/figure>\n<\/div>\n\n\n\n<div class=\"wp-block-column is-vertically-aligned-center is-layout-flow wp-block-column-is-layout-flow\" style=\"flex-basis:75%\">\n<p>Vous pouvez nous trouver \u00e0 l'adresse suivante<\/p>\n\n\n\n<p class=\"has-custom-grey-color has-text-color has-link-color has-medium-font-size wp-elements-a1d20e009b3d9525eae57acb2cc5dd58\" style=\"margin-top:0\"><strong>Hall 06.1 | Stand C021a<\/strong><\/p>\n<\/div>\n<\/div>\n<\/div>\n\n\n\n<div class=\"wp-block-column is-layout-flow wp-block-column-is-layout-flow\" style=\"flex-basis:30%\"><\/div>\n<\/div>\n\n\n\n<div style=\"height:2em\" aria-hidden=\"true\" class=\"wp-block-spacer\"><\/div>\n\n\n\n<div class=\"wp-block-group feature is-layout-constrained wp-container-core-group-is-layout-e15fb87c wp-block-group-is-layout-constrained\" style=\"border-radius:6px;padding-right:1em;padding-left:1em\">\n<div class=\"wp-block-columns is-layout-flex wp-container-core-columns-is-layout-1e6973e4 wp-block-columns-is-layout-flex\" style=\"margin-top:1em;margin-bottom:1em\">\n<div class=\"wp-block-column is-vertically-aligned-stretch is-layout-flow wp-block-column-is-layout-flow\" style=\"padding-right:0em;padding-left:1em;flex-basis:40%\">\n<p class=\"has-medium-font-size\"><strong>S'inscrire pendant les jours de l'exposition<\/strong> et recevoir un<\/p>\n\n\n\n<p class=\"has-text-color has-link-color has-x-large-font-size wp-elements-1dfa6fa6c26606c76a7f651c9a5e5675 translation-block\" style=\"color:#00ac36\">Compte Basic gratuit<br><strong>\u00e0 vie<\/strong><\/p>\n\n\n\n<p class=\"has-custom-grey-color has-text-color has-link-color wp-elements-97b15c3d66aab98e0a40b685c19e2a14\" style=\"margin-top:0\">Valu\u00e9 \u00e0 \u20ac99\/mois<\/p>\n<\/div>\n\n\n\n<div class=\"wp-block-column is-layout-flow wp-block-column-is-layout-flow\" style=\"padding-right:1em;padding-left:1em\">\n<div class=\"wp-block-leadin-hubspot-form-block\">\n\t\t\t\t\t\t<script>\n\t\t\t\t\t\t\twindow.hsFormsOnReady = window.hsFormsOnReady || [];\n\t\t\t\t\t\t\twindow.hsFormsOnReady.push(()=>{\n\t\t\t\t\t\t\t\thbspt.forms.create({\n\t\t\t\t\t\t\t\t\tportalId: 26183334,\n\t\t\t\t\t\t\t\t\tformId: \"12ecdd1d-eff7-4337-89d8-4ab22fa8ae5e\",\n\t\t\t\t\t\t\t\t\ttarget: \"#hbspt-form-1775292768000-8451289352\",\n\t\t\t\t\t\t\t\t\tregion: \"eu1\",\n\t\t\t\t\t\t\t\t\t\n\t\t\t\t\t\t\t})});\n\t\t\t\t\t\t<\/script>\n\t\t\t\t\t\t<div class=\"hbspt-form\" id=\"hbspt-form-1775292768000-8451289352\"><\/div><\/div>\n<\/div>\n<\/div>\n<\/div>\n\n\n\n<div style=\"height:4em\" aria-hidden=\"true\" class=\"wp-block-spacer\"><\/div>\n\n\n\n<div class=\"wp-block-columns is-layout-flex wp-container-core-columns-is-layout-28f84493 wp-block-columns-is-layout-flex\" style=\"border-radius:5px\">\n<div class=\"wp-block-column is-layout-flow wp-block-column-is-layout-flow\" style=\"flex-basis:66.66%\">\n<h2 class=\"wp-block-heading\">\u00c0 propos de StepAlong<\/h2>\n\n\n\n<p><strong>StepAlong est votre outil de r\u00e9f\u00e9rence aliment\u00e9 par l'IA pour cr\u00e9er des instructions, des tutoriels et des modes d'emploi exceptionnels sur les produits.<\/strong>. Avec des fonctionnalit\u00e9s telles que la cr\u00e9ation facile, la conversion assist\u00e9e par l'IA, l'emballage am\u00e9lior\u00e9 par QR, la publication flexible et les instructions aliment\u00e9es par le feedback, StepAlong rationalise le processus et am\u00e9liore l'exp\u00e9rience des clients comme jamais auparavant.<\/p>\n<\/div>\n\n\n\n<div class=\"wp-block-column is-layout-flow wp-block-column-is-layout-flow\" style=\"flex-basis:33.33%\">\n<figure class=\"wp-block-image size-large\"><img loading=\"lazy\" decoding=\"async\" width=\"1024\" height=\"683\" src=\"https:\/\/www.stepalong.com\/wp-content\/uploads\/2024\/06\/gardening-tutorial-1024x683.jpg\" alt=\"jardinage-tutoriel\" class=\"wp-image-4788\" style=\"aspect-ratio:1;object-fit:cover\" srcset=\"https:\/\/www.stepalong.com\/wp-content\/uploads\/2024\/06\/gardening-tutorial-1024x683.jpg 1024w, https:\/\/www.stepalong.com\/wp-content\/uploads\/2024\/06\/gardening-tutorial-300x200.jpg 300w, https:\/\/www.stepalong.com\/wp-content\/uploads\/2024\/06\/gardening-tutorial-768x512.jpg 768w, https:\/\/www.stepalong.com\/wp-content\/uploads\/2024\/06\/gardening-tutorial-1536x1025.jpg 1536w, https:\/\/www.stepalong.com\/wp-content\/uploads\/2024\/06\/gardening-tutorial-18x12.jpg 18w, https:\/\/www.stepalong.com\/wp-content\/uploads\/2024\/06\/gardening-tutorial-150x100.jpg 150w, https:\/\/www.stepalong.com\/wp-content\/uploads\/2024\/06\/gardening-tutorial.jpg 2000w\" sizes=\"auto, (max-width: 1024px) 100vw, 1024px\" \/><\/figure>\n<\/div>\n<\/div>\n\n\n\n<div style=\"height:4em\" aria-hidden=\"true\" class=\"wp-block-spacer\"><\/div>","protected":false},"excerpt":{"rendered":"<p>Retrouvez-nous sur : Hall 06.1 | Stand C021a Inscrivez-vous pendant les jours du salon et recevez un compte de base gratuit \u00e0 vie d'une valeur de 99 \u20ac\/mois \u00c0 propos de StepAlong StepAlong est votre outil de r\u00e9f\u00e9rence aliment\u00e9 par l'IA pour cr\u00e9er des instructions, des tutoriels et des modes d'emploi exceptionnels pour vos produits. Avec des fonctionnalit\u00e9s telles que la cr\u00e9ation facile, la conversion assist\u00e9e par ordinateur, l'emballage am\u00e9lior\u00e9 par QR, la publication flexible et les instructions aliment\u00e9es par le feedback, StepAlong rationalise [...]<\/p>","protected":false},"author":2,"featured_media":0,"parent":0,"menu_order":0,"comment_status":"closed","ping_status":"closed","template":"wp-custom-template-landing-page","meta":{"content-type":"","_uag_custom_page_level_css":"","footnotes":""},"class_list":["post-4726","page","type-page","status-publish","hentry"],"aioseo_notices":[],"mb":[],"uagb_featured_image_src":{"full":false,"thumbnail":false,"medium":false,"medium_large":false,"large":false,"1536x1536":false,"2048x2048":false,"trp-custom-language-flag":false},"uagb_author_info":{"display_name":"Tim Towle","author_link":"https:\/\/www.stepalong.com\/fr\/author\/tim\/"},"uagb_comment_info":0,"uagb_excerpt":"Find us at: Hall 06.1 | Stand C021a Register during the show days and receive a Free Basic accountfor life Valued at \u20ac99\/month About StepAlong StepAlong is your go-to AI-powered tool for creating exceptional product instructions, tutorials, and how-tos. With features like easy creation, AI-powered conversion, QR-enhanced packaging, flexible publishing, and feedback-powered instructions, StepAlong streamlines\u2026","mfb_rest_fields":["title","aioseo_notices","uagb_featured_image_src","uagb_author_info","uagb_comment_info","uagb_excerpt"],"_links":{"self":[{"href":"https:\/\/www.stepalong.com\/fr\/wp-json\/wp\/v2\/pages\/4726","targetHints":{"allow":["GET"]}}],"collection":[{"href":"https:\/\/www.stepalong.com\/fr\/wp-json\/wp\/v2\/pages"}],"about":[{"href":"https:\/\/www.stepalong.com\/fr\/wp-json\/wp\/v2\/types\/page"}],"author":[{"embeddable":true,"href":"https:\/\/www.stepalong.com\/fr\/wp-json\/wp\/v2\/users\/2"}],"replies":[{"embeddable":true,"href":"https:\/\/www.stepalong.com\/fr\/wp-json\/wp\/v2\/comments?post=4726"}],"version-history":[{"count":45,"href":"https:\/\/www.stepalong.com\/fr\/wp-json\/wp\/v2\/pages\/4726\/revisions"}],"predecessor-version":[{"id":4838,"href":"https:\/\/www.stepalong.com\/fr\/wp-json\/wp\/v2\/pages\/4726\/revisions\/4838"}],"wp:attachment":[{"href":"https:\/\/www.stepalong.com\/fr\/wp-json\/wp\/v2\/media?parent=4726"}],"curies":[{"name":"wp","href":"https:\/\/api.w.org\/{rel}","templated":true}]}}