{"id":4388,"date":"2024-04-16T16:17:09","date_gmt":"2024-04-16T14:17:09","guid":{"rendered":"https:\/\/www.stepalong.com\/?page_id=4388"},"modified":"2025-08-27T20:35:56","modified_gmt":"2025-08-27T18:35:56","slug":"traduction-des-instructions-du-produit-ai","status":"publish","type":"page","link":"https:\/\/www.stepalong.com\/fr\/traduction-des-instructions-du-produit-ai\/","title":{"rendered":"Traduction d'instructions de produits avec l'IA"},"content":{"rendered":"<h2 class=\"wp-block-heading has-text-align-center\">Traduisez vos instructions de produit avec notre outil de traduction d'IA sensible au contexte.<\/h2>\n\n\n\n<p class=\"has-text-align-center has-medium-font-size\">Il suffit de s\u00e9lectionner la langue souhait\u00e9e et d'appuyer sur \"Go\".<\/p>\n\n\n\n<div class=\"wp-block-buttons is-content-justification-center is-layout-flex wp-container-core-buttons-is-layout-a89b3969 wp-block-buttons-is-layout-flex\">\n<div class=\"wp-block-button is-style-outline is-style-outline--1\"><a class=\"wp-block-button__link has-custom-purple-color has-raft-fg-alt-background-color has-text-color has-background has-link-color has-text-align-center wp-element-button\" href=\"https:\/\/www.stepalong.com\/fr\/reserver-une-demonstration\/\">R\u00e9server une d\u00e9monstration<\/a><\/div>\n<\/div>\n\n\n\n<div style=\"height:var(--wp--preset--spacing--80)\" aria-hidden=\"true\" class=\"wp-block-spacer\"><\/div>\n\n\n\n<div class=\"wp-block-cover alignwide has-custom-content-position is-position-top-left has-raft-fg-alt-color has-text-color has-link-color wp-elements-24416d0558b4cfbbc29724e6d9011dd3 wp-duotone-dark-grayscale\" style=\"border-style:none;border-width:0px;border-radius:8px;padding-top:3em;padding-right:3em;padding-left:3em\"><img loading=\"lazy\" decoding=\"async\" width=\"1260\" height=\"709\" class=\"wp-block-cover__image-background wp-image-4398\" alt=\"ai-translations\" src=\"https:\/\/www.stepalong.com\/wp-content\/uploads\/2024\/04\/ai-translations.webp\" style=\"object-position:0% 0%\" data-object-fit=\"cover\" data-object-position=\"0% 0%\" srcset=\"https:\/\/www.stepalong.com\/wp-content\/uploads\/2024\/04\/ai-translations.webp 1260w, https:\/\/www.stepalong.com\/wp-content\/uploads\/2024\/04\/ai-translations-300x169.webp 300w, https:\/\/www.stepalong.com\/wp-content\/uploads\/2024\/04\/ai-translations-1024x576.webp 1024w, https:\/\/www.stepalong.com\/wp-content\/uploads\/2024\/04\/ai-translations-768x432.webp 768w, https:\/\/www.stepalong.com\/wp-content\/uploads\/2024\/04\/ai-translations-18x10.webp 18w, https:\/\/www.stepalong.com\/wp-content\/uploads\/2024\/04\/ai-translations-150x84.webp 150w\" sizes=\"auto, (max-width: 1260px) 100vw, 1260px\" \/><span aria-hidden=\"true\" class=\"wp-block-cover__background has-custom-purple-background-color has-background-dim-80 has-background-dim\"><\/span><div class=\"wp-block-cover__inner-container is-layout-constrained wp-container-core-cover-is-layout-2b0e8a23 wp-block-cover-is-layout-constrained\">\n<h2 class=\"wp-block-heading has-text-align-left\">De meilleures traductions gr\u00e2ce \u00e0 l'IA<\/h2>\n\n\n\n<div class=\"wp-block-columns is-layout-flex wp-container-core-columns-is-layout-28f84493 wp-block-columns-is-layout-flex\">\n<div class=\"wp-block-column is-layout-flow wp-block-column-is-layout-flow\" style=\"flex-basis:50%\">\n<p class=\"translation-block\"><strong>Les traductions par IA peuvent comprendre le contexte de ce qui est traduit afin d'obtenir un r\u00e9sultat plus naturel et plus pr\u00e9cis<\/strong>, ce qui permet aux traducteurs de consacrer moins de temps \u00e0 la correction et \u00e0 la relecture.<\/p>\n<\/div>\n\n\n\n<div class=\"wp-block-column is-layout-flow wp-block-column-is-layout-flow\" style=\"flex-basis:33.33%\"><\/div>\n<\/div>\n<\/div><\/div>\n\n\n\n<div style=\"height:var(--wp--preset--spacing--80)\" aria-hidden=\"true\" class=\"wp-block-spacer\"><\/div>\n\n\n\n<div class=\"wp-block-media-text is-stacked-on-mobile shadow\" style=\"grid-template-columns:60% auto\"><figure class=\"wp-block-media-text__media\"><img loading=\"lazy\" decoding=\"async\" width=\"1024\" height=\"611\" src=\"https:\/\/www.stepalong.com\/wp-content\/uploads\/2024\/04\/specific-terminology-1024x611.png\" alt=\"terminologie sp\u00e9cifique\" class=\"wp-image-4417 size-full\" srcset=\"https:\/\/www.stepalong.com\/wp-content\/uploads\/2024\/04\/specific-terminology-1024x611.png 1024w, https:\/\/www.stepalong.com\/wp-content\/uploads\/2024\/04\/specific-terminology-300x179.png 300w, https:\/\/www.stepalong.com\/wp-content\/uploads\/2024\/04\/specific-terminology-768x458.png 768w, https:\/\/www.stepalong.com\/wp-content\/uploads\/2024\/04\/specific-terminology-18x12.png 18w, https:\/\/www.stepalong.com\/wp-content\/uploads\/2024\/04\/specific-terminology-150x89.png 150w, https:\/\/www.stepalong.com\/wp-content\/uploads\/2024\/04\/specific-terminology.png 1536w\" sizes=\"auto, (max-width: 1024px) 100vw, 1024px\" \/><\/figure><div class=\"wp-block-media-text__content\">\n<h2 class=\"wp-block-heading\">A l'\u00e9coute des instructions et des tutoriels sur les produits<\/h2>\n\n\n\n<p>Les messages d'aide \u00e0 la traduction sont adapt\u00e9s aux instructions et aux tutoriels de produits afin de rendre le langage et la terminologie aussi sp\u00e9cifiques que possible.<\/p>\n<\/div><\/div>\n\n\n\n<div style=\"height:var(--wp--preset--spacing--80)\" aria-hidden=\"true\" class=\"wp-block-spacer\"><\/div>\n\n\n\n<div class=\"wp-block-media-text has-media-on-the-right is-stacked-on-mobile shadow\" style=\"grid-template-columns:auto 60%\"><div class=\"wp-block-media-text__content\">\n<h2 class=\"wp-block-heading\">Interface rapide et facile pour tout traduire<\/h2>\n\n\n\n<p>Votre processus de traduction en une seule page : Traduire &gt; R\u00e9viser et \u00e9diter &gt; Publier, en quelques minutes.<\/p>\n\n\n\n<p>Les textes d'introduction, les outils, le mat\u00e9riel et les \u00e9tapes sont tous inclus dans la traduction en un clic tout en conservant le formatage original.<\/p>\n<\/div><figure class=\"wp-block-media-text__media\"><img loading=\"lazy\" decoding=\"async\" width=\"1024\" height=\"774\" src=\"https:\/\/www.stepalong.com\/wp-content\/uploads\/2024\/04\/translations-interface-1024x774.webp\" alt=\"translations-interface\" class=\"wp-image-4420 size-full\" srcset=\"https:\/\/www.stepalong.com\/wp-content\/uploads\/2024\/04\/translations-interface-1024x774.webp 1024w, https:\/\/www.stepalong.com\/wp-content\/uploads\/2024\/04\/translations-interface-300x227.webp 300w, https:\/\/www.stepalong.com\/wp-content\/uploads\/2024\/04\/translations-interface-768x580.webp 768w, https:\/\/www.stepalong.com\/wp-content\/uploads\/2024\/04\/translations-interface-16x12.webp 16w, https:\/\/www.stepalong.com\/wp-content\/uploads\/2024\/04\/translations-interface-150x113.webp 150w, https:\/\/www.stepalong.com\/wp-content\/uploads\/2024\/04\/translations-interface.webp 1350w\" sizes=\"auto, (max-width: 1024px) 100vw, 1024px\" \/><\/figure><\/div>\n\n\n\n<div style=\"height:var(--wp--preset--spacing--80)\" aria-hidden=\"true\" class=\"wp-block-spacer\"><\/div>\n\n\n\n<div class=\"wp-block-media-text is-stacked-on-mobile shadow\" style=\"grid-template-columns:60% auto\"><figure class=\"wp-block-media-text__media\"><img loading=\"lazy\" decoding=\"async\" width=\"1024\" height=\"709\" src=\"https:\/\/www.stepalong.com\/wp-content\/uploads\/2024\/04\/url-slugs-translations-1024x709.webp\" alt=\"Traduction des URL slugs\" class=\"wp-image-4414 size-full\" srcset=\"https:\/\/www.stepalong.com\/wp-content\/uploads\/2024\/04\/url-slugs-translations-1024x709.webp 1024w, https:\/\/www.stepalong.com\/wp-content\/uploads\/2024\/04\/url-slugs-translations-300x208.webp 300w, https:\/\/www.stepalong.com\/wp-content\/uploads\/2024\/04\/url-slugs-translations-768x532.webp 768w, https:\/\/www.stepalong.com\/wp-content\/uploads\/2024\/04\/url-slugs-translations-18x12.webp 18w, https:\/\/www.stepalong.com\/wp-content\/uploads\/2024\/04\/url-slugs-translations-150x104.webp 150w, https:\/\/www.stepalong.com\/wp-content\/uploads\/2024\/04\/url-slugs-translations.webp 1178w\" sizes=\"auto, (max-width: 1024px) 100vw, 1024px\" \/><\/figure><div class=\"wp-block-media-text__content\">\n<h2 class=\"wp-block-heading\">Limites d'URL personnalis\u00e9es par langue<\/h2>\n\n\n\n<p>Votre r\u00e9f\u00e9rencement est couvert par des slugs URL qui sont traduits pour chaque langue et peuvent \u00eatre personnalis\u00e9s selon vos besoins.<\/p>\n<\/div><\/div>\n\n\n\n<div style=\"height:var(--wp--preset--spacing--80)\" aria-hidden=\"true\" class=\"wp-block-spacer\"><\/div>\n\n\n\n<div class=\"wp-block-cover alignwide has-custom-content-position is-position-top-left has-raft-fg-alt-color has-text-color has-link-color wp-elements-6560fc23e7066e17144be6fab55e7c17 wp-duotone-dark-grayscale\" style=\"border-style:none;border-width:0px;border-radius:8px;padding-top:3em;padding-right:3em;padding-left:3em\"><img loading=\"lazy\" decoding=\"async\" width=\"1260\" height=\"709\" class=\"wp-block-cover__image-background wp-image-4406\" alt=\"Langues en expansion\" src=\"https:\/\/www.stepalong.com\/wp-content\/uploads\/2024\/04\/growing-languages.webp\" style=\"object-position:50% 50%\" data-object-fit=\"cover\" data-object-position=\"50% 50%\" srcset=\"https:\/\/www.stepalong.com\/wp-content\/uploads\/2024\/04\/growing-languages.webp 1260w, https:\/\/www.stepalong.com\/wp-content\/uploads\/2024\/04\/growing-languages-300x169.webp 300w, https:\/\/www.stepalong.com\/wp-content\/uploads\/2024\/04\/growing-languages-1024x576.webp 1024w, https:\/\/www.stepalong.com\/wp-content\/uploads\/2024\/04\/growing-languages-768x432.webp 768w, https:\/\/www.stepalong.com\/wp-content\/uploads\/2024\/04\/growing-languages-18x10.webp 18w, https:\/\/www.stepalong.com\/wp-content\/uploads\/2024\/04\/growing-languages-150x84.webp 150w\" sizes=\"auto, (max-width: 1260px) 100vw, 1260px\" \/><span aria-hidden=\"true\" class=\"wp-block-cover__background has-custom-purple-background-color has-background-dim-80 has-background-dim\"><\/span><div class=\"wp-block-cover__inner-container is-layout-constrained wp-container-core-cover-is-layout-2b0e8a23 wp-block-cover-is-layout-constrained\">\n<h2 class=\"wp-block-heading has-text-align-left\">30 langues et plus<\/h2>\n\n\n\n<div class=\"wp-block-columns is-layout-flex wp-container-core-columns-is-layout-28f84493 wp-block-columns-is-layout-flex\">\n<div class=\"wp-block-column is-layout-flow wp-block-column-is-layout-flow\" style=\"flex-basis:66.66%\">\n<p>Avec StepAlong, vous pouvez cr\u00e9er des instructions et des tutoriels pour vos produits en 30 langues et les traduire dans toutes les autres langues, et nous en ajouterons d'autres. Vous avez besoin d'une langue qui ne figure pas sur notre liste ? Faites-le nous savoir et nous nous ferons un plaisir de l'ajouter.<\/p>\n\n\n\n<p>Cr\u00e9er et traduire en :<\/p>\n\n\n\n<p><strong>Anglais, espagnol, fran\u00e7ais, allemand, portugais, grec, italien, n\u00e9erlandais, polonais, su\u00e9dois, danois, finnois, hongrois, slov\u00e8ne, bulgare, croate, tch\u00e8que, estonien, letton, lituanien, roumain, slovaque, norv\u00e9gien, serbe, galicien, euskera, catalan, japonais, cor\u00e9en et arabe.<\/strong><\/p>\n\n\n\n<p><\/p>\n<\/div>\n\n\n\n<div class=\"wp-block-column is-layout-flow wp-block-column-is-layout-flow\" style=\"flex-basis:33.33%\"><\/div>\n<\/div>\n<\/div><\/div>\n\n\n\n<div style=\"height:var(--wp--preset--spacing--80)\" aria-hidden=\"true\" class=\"wp-block-spacer\"><\/div>\n\n\n\n<div class=\"wp-block-columns is-layout-flex wp-container-core-columns-is-layout-14cf5ab5 wp-block-columns-is-layout-flex\">\n<div class=\"wp-block-column is-layout-flow wp-block-column-is-layout-flow\">\n<div class=\"wp-block-group feature is-layout-constrained wp-block-group-is-layout-constrained\">\n<div class=\"wp-block-columns is-layout-flex wp-container-core-columns-is-layout-cbe57604 wp-block-columns-is-layout-flex\">\n<div class=\"wp-block-column is-layout-flow wp-block-column-is-layout-flow\">\n<figure class=\"wp-block-image size-large rounded\"><img loading=\"lazy\" decoding=\"async\" width=\"1024\" height=\"1024\" src=\"https:\/\/www.stepalong.com\/wp-content\/uploads\/2025\/08\/stepalong-roi-calculator-1024x1024.webp\" alt=\"Calculateur de retour sur investissement StepAlong\" class=\"wp-image-8026\" srcset=\"https:\/\/www.stepalong.com\/wp-content\/uploads\/2025\/08\/stepalong-roi-calculator-1024x1024.webp 1024w, https:\/\/www.stepalong.com\/wp-content\/uploads\/2025\/08\/stepalong-roi-calculator-300x300.webp 300w, https:\/\/www.stepalong.com\/wp-content\/uploads\/2025\/08\/stepalong-roi-calculator-150x150.webp 150w, https:\/\/www.stepalong.com\/wp-content\/uploads\/2025\/08\/stepalong-roi-calculator-768x768.webp 768w, https:\/\/www.stepalong.com\/wp-content\/uploads\/2025\/08\/stepalong-roi-calculator-12x12.webp 12w, https:\/\/www.stepalong.com\/wp-content\/uploads\/2025\/08\/stepalong-roi-calculator.webp 1420w\" sizes=\"auto, (max-width: 1024px) 100vw, 1024px\" \/><\/figure>\n<\/div>\n\n\n\n<div class=\"wp-block-column is-layout-flow wp-block-column-is-layout-flow\">\n<h3 class=\"wp-block-heading\">Calculez vos \u00e9conomies potentielles<\/h3>\n\n\n\n<p>D\u00e9couvrez les \u00e9conomies que votre entreprise peut r\u00e9aliser en adoptant la plateforme d'enseignement num\u00e9rique de StepAlong, aliment\u00e9e par l'IA.<\/p>\n\n\n\n<div style=\"height:0px\" aria-hidden=\"true\" class=\"wp-block-spacer\"><\/div>\n<\/div>\n<\/div>\n\n\n\n<div style=\"height:1em\" aria-hidden=\"true\" class=\"wp-block-spacer\"><\/div>\n\n\n\n<div class=\"wp-block-buttons is-content-justification-center is-layout-flex wp-container-core-buttons-is-layout-a89b3969 wp-block-buttons-is-layout-flex\">\n<div class=\"wp-block-button is-style-outline is-style-outline--2\"><a class=\"wp-block-button__link has-custom-purple-color has-text-color has-link-color has-border-color has-custom-purple-border-color wp-element-button\" href=\"https:\/\/www.stepalong.com\/fr\/calculateur-de-roi\/\">Calculez vos \u00e9conomies<\/a><\/div>\n<\/div>\n<\/div>\n<\/div>\n\n\n\n<div class=\"wp-block-column is-vertically-aligned-center is-layout-flow wp-block-column-is-layout-flow\">\n<p>Chez StepAlong, nous nous sommes concentr\u00e9s sur ce dont les clients ont besoin pour avoir une bonne exp\u00e9rience des instructions sur les produits :<\/p>\n\n\n\n<ul class=\"wp-block-list\">\n<li><strong>Priorit\u00e9 au mobile<\/strong><br>Aucun t\u00e9l\u00e9chargement d'application n'est n\u00e9cessaire, il suffit d'ouvrir et de suivre.<\/li>\n\n\n\n<li><strong>\u00c9tapes guid\u00e9es<\/strong><br>Une structure logique, \u00e9tape par \u00e9tape, pour plus de clart\u00e9<\/li>\n\n\n\n<li><strong>Formats flexibles<\/strong><br>PDF t\u00e9l\u00e9chargeables pour ceux qui le pr\u00e9f\u00e8rent<\/li>\n\n\n\n<li><strong>D\u00e9couverte facile<\/strong><br>Accessible via Google, ChatGPT et d'autres moteurs de recherche<\/li>\n\n\n\n<li><strong>Contenu localis\u00e9<\/strong><br>Instructions dans la langue de vos clients<\/li>\n<\/ul>\n\n\n\n<div style=\"height:1em\" aria-hidden=\"true\" class=\"wp-block-spacer\"><\/div>\n\n\n\n<div class=\"wp-block-buttons is-content-justification-center is-layout-flex wp-container-core-buttons-is-layout-a89b3969 wp-block-buttons-is-layout-flex\">\n<div class=\"wp-block-button is-style-fill\"><a class=\"wp-block-button__link has-raft-fg-alt-color has-custom-purple-background-color has-text-color has-background has-link-color has-text-align-center wp-element-button\" href=\"https:\/\/www.stepalong.com\/fr\/reserver-une-demonstration\/\">R\u00e9server une d\u00e9monstration<\/a><\/div>\n<\/div>\n<\/div>\n<\/div>","protected":false},"excerpt":{"rendered":"<p>Traduisez les instructions de vos produits gr\u00e2ce \u00e0 notre outil de traduction IA sensible au contexte S\u00e9lectionnez simplement la langue souhait\u00e9e et appuyez sur \"Go\" Adapt\u00e9 aux instructions et aux tutoriels de produits Les invites de traduction sont adapt\u00e9es aux instructions et aux tutoriels de produits afin de rendre le langage et la terminologie aussi sp\u00e9cifiques que possible. Interface rapide et facile pour tout traduire Votre traduction [...]<\/p>","protected":false},"author":1,"featured_media":0,"parent":0,"menu_order":0,"comment_status":"closed","ping_status":"closed","template":"wp-custom-template-landing-page-b","meta":{"content-type":"","_uag_custom_page_level_css":"","footnotes":""},"class_list":["post-4388","page","type-page","status-publish","hentry"],"aioseo_notices":[],"mb":[],"uagb_featured_image_src":{"full":false,"thumbnail":false,"medium":false,"medium_large":false,"large":false,"1536x1536":false,"2048x2048":false,"trp-custom-language-flag":false},"uagb_author_info":{"display_name":"Sergi S\u00e1nchez Mancha","author_link":"https:\/\/www.stepalong.com\/fr\/author\/sergiostepalong-com\/"},"uagb_comment_info":0,"uagb_excerpt":"Translate your product instructions with our context sensitive AI translation tool Just select the language you want and press go Tuned for product instructions and tutorials The translation prompts are tuned for instructions and product tutorials to make the language and terminology as specific as possible. Quick &amp; easy interface to translate everything Your translation\u2026","mfb_rest_fields":["title","aioseo_notices","uagb_featured_image_src","uagb_author_info","uagb_comment_info","uagb_excerpt"],"_links":{"self":[{"href":"https:\/\/www.stepalong.com\/fr\/wp-json\/wp\/v2\/pages\/4388","targetHints":{"allow":["GET"]}}],"collection":[{"href":"https:\/\/www.stepalong.com\/fr\/wp-json\/wp\/v2\/pages"}],"about":[{"href":"https:\/\/www.stepalong.com\/fr\/wp-json\/wp\/v2\/types\/page"}],"author":[{"embeddable":true,"href":"https:\/\/www.stepalong.com\/fr\/wp-json\/wp\/v2\/users\/1"}],"replies":[{"embeddable":true,"href":"https:\/\/www.stepalong.com\/fr\/wp-json\/wp\/v2\/comments?post=4388"}],"version-history":[{"count":23,"href":"https:\/\/www.stepalong.com\/fr\/wp-json\/wp\/v2\/pages\/4388\/revisions"}],"predecessor-version":[{"id":8004,"href":"https:\/\/www.stepalong.com\/fr\/wp-json\/wp\/v2\/pages\/4388\/revisions\/8004"}],"wp:attachment":[{"href":"https:\/\/www.stepalong.com\/fr\/wp-json\/wp\/v2\/media?parent=4388"}],"curies":[{"name":"wp","href":"https:\/\/api.w.org\/{rel}","templated":true}]}}