{"id":4236,"date":"2024-02-28T16:59:01","date_gmt":"2024-02-28T15:59:01","guid":{"rendered":"https:\/\/www.stepalong.com\/?page_id=4236"},"modified":"2024-02-29T12:25:58","modified_gmt":"2024-02-29T11:25:58","slug":"les-fournisseurs-de-traitement-de-donnees","status":"publish","type":"page","link":"https:\/\/www.stepalong.com\/fr\/les-fournisseurs-de-traitement-de-donnees\/","title":{"rendered":"Fournisseurs de services de traitement des donn\u00e9es"},"content":{"rendered":"<h2 class=\"wp-block-heading\">Liste des fournisseurs qui traitent les donn\u00e9es des clients<\/h2>\n\n\n\n<div style=\"height:2em\" aria-hidden=\"true\" class=\"wp-block-spacer\"><\/div>\n\n\n\n<figure class=\"wp-block-table\"><table><thead><tr><th class=\"has-text-align-left\" data-align=\"left\">Processeur de donn\u00e9es<\/th><th class=\"has-text-align-left\" data-align=\"left\">Objectif<\/th><th class=\"has-text-align-left\" data-align=\"left\">Donn\u00e9es personnelles transf\u00e9r\u00e9es<\/th><th class=\"has-text-align-left\" data-align=\"left\">Donn\u00e9es sensibles ?<\/th><th class=\"has-text-align-left\" data-align=\"left\">Pays<\/th><\/tr><\/thead><tbody><tr><td class=\"has-text-align-left\" data-align=\"left\"><a href=\"https:\/\/www.google.com\/\" title=\"Google Ireland Ltd.\">Google Ireland Ltd.<\/a><\/td><td class=\"has-text-align-left\" data-align=\"left\">Single Sign On, AI LLM processing, email and document storage.<\/td><td class=\"has-text-align-left\" data-align=\"left\">Pr\u00e9nom, nom, email (SSO et documents.) Contenu de l'instruction LLM.<\/td><td class=\"has-text-align-left\" data-align=\"left\">Oui<\/td><td class=\"has-text-align-left\" data-align=\"left\">Irlande<\/td><\/tr><tr><td class=\"has-text-align-left\" data-align=\"left\"><a href=\"https:\/\/aws.amazon.com\/\" title=\"\">Amazon Web Services, Inc.<\/a><\/td><td class=\"has-text-align-left\" data-align=\"left\">H\u00e9bergement d'applications, stockage de donn\u00e9es<\/td><td class=\"has-text-align-left\" data-align=\"left\">Aucun<\/td><td class=\"has-text-align-left\" data-align=\"left\">Non<\/td><td class=\"has-text-align-left\" data-align=\"left\">Irlande<\/td><\/tr><tr><td class=\"has-text-align-left\" data-align=\"left\"><a href=\"https:\/\/www.mongodb.com\/\" title=\"MongoDB Inc.\">MongoDB Inc.<\/a><\/td><td class=\"has-text-align-left\" data-align=\"left\">Gestion des comptes<\/td><td class=\"has-text-align-left\" data-align=\"left\">Courriel<\/td><td class=\"has-text-align-left\" data-align=\"left\">Non<\/td><td class=\"has-text-align-left\" data-align=\"left\">Irlande<\/td><\/tr><tr><td class=\"has-text-align-left\" data-align=\"left\"><a href=\"https:\/\/open.ai\/\" title=\"OpenAI Ireland Ltd.\">OpenAI Ireland Ltd.<\/a><\/td><td class=\"has-text-align-left\" data-align=\"left\">Traitement de l'IA LLM pour cr\u00e9er du contenu<\/td><td class=\"has-text-align-left\" data-align=\"left\">Non<\/td><td class=\"has-text-align-left\" data-align=\"left\">Non<\/td><td class=\"has-text-align-left\" data-align=\"left\">Irlande<\/td><\/tr><\/tbody><\/table><\/figure>\n\n\n\n<div style=\"height:100px\" aria-hidden=\"true\" class=\"wp-block-spacer\"><\/div>","protected":false},"excerpt":{"rendered":"<p>Liste des fournisseurs traitant les donn\u00e9es des clients Processeur de donn\u00e9es Finalit\u00e9 Donn\u00e9es personnelles transf\u00e9r\u00e9es Donn\u00e9es sensibles ? Pays Google Ireland Ltd. Single Sign On, AI LLM processing, email et stockage de documents. Pr\u00e9nom, nom, courriel (SSO et documents) Contenu des instructions LLM. Oui Irlande Amazon Web Services, Inc. H\u00e9bergement d'applications, stockage de donn\u00e9es Aucun Non Irlande MongoDB Inc. Compte [...]<\/p>","protected":false},"author":1,"featured_media":0,"parent":0,"menu_order":0,"comment_status":"closed","ping_status":"closed","template":"wp-custom-template-landing-page","meta":{"content-type":"","_uag_custom_page_level_css":"","footnotes":""},"class_list":["post-4236","page","type-page","status-publish","hentry"],"aioseo_notices":[],"mb":[],"uagb_featured_image_src":{"full":false,"thumbnail":false,"medium":false,"medium_large":false,"large":false,"1536x1536":false,"2048x2048":false,"trp-custom-language-flag":false},"uagb_author_info":{"display_name":"Sergi S\u00e1nchez Mancha","author_link":"https:\/\/www.stepalong.com\/fr\/author\/sergiostepalong-com\/"},"uagb_comment_info":0,"uagb_excerpt":"List of providers processing customer data Data procesor Purpose Personal data transfered Sensitive data? Country Google Ireland Ltd. Single Sign On, AI LLM processing, email and document storage. First name, last name, email (SSO and documents.) LLM instruction content. Yes Ireland Amazon Web Services, Inc. Application hosting, data storage None No Ireland MongoDB Inc. Account\u2026","mfb_rest_fields":["title","aioseo_notices","uagb_featured_image_src","uagb_author_info","uagb_comment_info","uagb_excerpt"],"_links":{"self":[{"href":"https:\/\/www.stepalong.com\/fr\/wp-json\/wp\/v2\/pages\/4236","targetHints":{"allow":["GET"]}}],"collection":[{"href":"https:\/\/www.stepalong.com\/fr\/wp-json\/wp\/v2\/pages"}],"about":[{"href":"https:\/\/www.stepalong.com\/fr\/wp-json\/wp\/v2\/types\/page"}],"author":[{"embeddable":true,"href":"https:\/\/www.stepalong.com\/fr\/wp-json\/wp\/v2\/users\/1"}],"replies":[{"embeddable":true,"href":"https:\/\/www.stepalong.com\/fr\/wp-json\/wp\/v2\/comments?post=4236"}],"version-history":[{"count":4,"href":"https:\/\/www.stepalong.com\/fr\/wp-json\/wp\/v2\/pages\/4236\/revisions"}],"predecessor-version":[{"id":4279,"href":"https:\/\/www.stepalong.com\/fr\/wp-json\/wp\/v2\/pages\/4236\/revisions\/4279"}],"wp:attachment":[{"href":"https:\/\/www.stepalong.com\/fr\/wp-json\/wp\/v2\/media?parent=4236"}],"curies":[{"name":"wp","href":"https:\/\/api.w.org\/{rel}","templated":true}]}}