{"id":4175,"date":"2024-02-21T19:10:18","date_gmt":"2024-02-21T18:10:18","guid":{"rendered":"https:\/\/www.stepalong.com\/?page_id=4175"},"modified":"2025-08-27T20:28:12","modified_gmt":"2025-08-27T18:28:12","slug":"ai-youtube-to-product-tutorial-converter","status":"publish","type":"page","link":"https:\/\/www.stepalong.com\/fr\/ai-youtube-to-product-tutorial-converter\/","title":{"rendered":"Convertisseur IA de tutoriels de produits YouTube"},"content":{"rendered":"<h2 class=\"wp-block-heading has-text-align-center\">Transformez vos vid\u00e9os de produits YouTube en instructions structur\u00e9es \u00e9tape par \u00e9tape avec l'IA et StepAlong<\/h2>\n\n\n\n<p class=\"has-text-align-center has-medium-font-size\">Ajoutez l'URL de votre vid\u00e9o YouTube et StepAlong fera le reste.<\/p>\n\n\n\n<div class=\"wp-block-buttons is-content-justification-center is-layout-flex wp-container-core-buttons-is-layout-a89b3969 wp-block-buttons-is-layout-flex\">\n<div class=\"wp-block-button is-style-outline is-style-outline--1\"><a class=\"wp-block-button__link has-custom-purple-color has-raft-fg-alt-background-color has-text-color has-background has-link-color has-text-align-center wp-element-button\" href=\"https:\/\/www.stepalong.com\/fr\/reserver-une-demonstration\/\">R\u00e9server une d\u00e9monstration<\/a><\/div>\n<\/div>\n\n\n\n<div style=\"height:var(--wp--preset--spacing--80)\" aria-hidden=\"true\" class=\"wp-block-spacer\"><\/div>\n\n\n\n<div class=\"wp-block-media-text is-stacked-on-mobile shadow\"><figure class=\"wp-block-media-text__media\"><img loading=\"lazy\" decoding=\"async\" width=\"1022\" height=\"681\" src=\"https:\/\/www.stepalong.com\/wp-content\/uploads\/2024\/02\/arts-and-craft-YouTube-StepAlong.jpg\" alt=\"Arts et artisanat YouTube StepAlong\" class=\"wp-image-4191 size-full\" srcset=\"https:\/\/www.stepalong.com\/wp-content\/uploads\/2024\/02\/arts-and-craft-YouTube-StepAlong.jpg 1022w, https:\/\/www.stepalong.com\/wp-content\/uploads\/2024\/02\/arts-and-craft-YouTube-StepAlong-300x200.jpg 300w, https:\/\/www.stepalong.com\/wp-content\/uploads\/2024\/02\/arts-and-craft-YouTube-StepAlong-768x512.jpg 768w, https:\/\/www.stepalong.com\/wp-content\/uploads\/2024\/02\/arts-and-craft-YouTube-StepAlong-18x12.jpg 18w\" sizes=\"auto, (max-width: 1022px) 100vw, 1022px\" \/><\/figure><div class=\"wp-block-media-text__content\">\n<h2 class=\"wp-block-heading\">Cr\u00e9ez une meilleure exp\u00e9rience client en utilisant vos ressources YouTube<\/h2>\n\n\n\n<p>YouTube est excellent pour le marketing, mais ce n'est pas la meilleure exp\u00e9rience pour suivre les instructions et les tutoriels des produits. <\/p>\n\n\n\n<p class=\"translation-block\">Le convertisseur YouTube en StepAlong dot\u00e9 d'une intelligence artificielle vous permet de <strong>cr\u00e9er des tutoriels \u00e9tape par \u00e9tape faciles \u00e0 suivre \u00e0 partir de vos vid\u00e9os<\/strong>.<\/p>\n<\/div><\/div>\n\n\n\n<div style=\"height:var(--wp--preset--spacing--80)\" aria-hidden=\"true\" class=\"wp-block-spacer\"><\/div>\n\n\n\n<div class=\"wp-block-group feature is-layout-constrained wp-block-group-is-layout-constrained\">\n<h2 class=\"wp-block-heading\">Plus besoin d'appuyer sur l'\u00e9cran pour mettre en pause, d\u00e9marrer ou revenir en arri\u00e8re<\/h2>\n\n\n\n<p class=\"translation-block\">L'outil YouTube to StepAlong, aliment\u00e9 par l'IA, convertit vos tutoriels, instructions ou modes d'emploi en un <strong>StepAlong cibl\u00e9<\/strong> que votre client peut suivre \u00e0 son propre rythme, de sorte qu'il puisse choisir quand passer \u00e0 l'\u00e9tape suivante et revenir facilement en arri\u00e8re.<\/p>\n\n\n\n<div style=\"height:2em\" aria-hidden=\"true\" class=\"wp-block-spacer\"><\/div>\n\n\n\n<div style=\"overflow:hidden; padding:0; position:relative; display:flex; justify-content:center; border-radius:8px; border:1px solid #00000015; width:100%; box-sizing:border-box; max-width:100%;\"><iframe style=\"min-height:400px; width:100%; aspect-ratio:16\/9;\" src=\"https:\/\/player.stepalong.com\/player\/en\/65d470780070c72a1629f24b?view=swipe\" title=\"Assemblage du v\u00e9lo Brilliant Carmen\" frameborder=\"0\" allow=\"accelerometer; autoplay; encrypted-media; gyroscope; picture-in-picture\" loading=\"eager\" allowfullscreen=\"\"><\/iframe><\/div>\n<\/div>\n\n\n\n<div style=\"height:var(--wp--preset--spacing--80)\" aria-hidden=\"true\" class=\"wp-block-spacer\"><\/div>\n\n\n\n<div class=\"wp-block-cover alignwide\" style=\"border-style:none;border-width:0px;border-radius:8px;padding-right:3em;padding-left:3em\"><img loading=\"lazy\" decoding=\"async\" width=\"2560\" height=\"1707\" class=\"wp-block-cover__image-background wp-image-4177\" alt=\"youtube-background\" src=\"https:\/\/www.stepalong.com\/wp-content\/uploads\/2024\/02\/youtube-background-scaled.jpeg\" style=\"object-position:0% 0%\" data-object-fit=\"cover\" data-object-position=\"0% 0%\" srcset=\"https:\/\/www.stepalong.com\/wp-content\/uploads\/2024\/02\/youtube-background-scaled.jpeg 2560w, https:\/\/www.stepalong.com\/wp-content\/uploads\/2024\/02\/youtube-background-300x200.jpeg 300w, https:\/\/www.stepalong.com\/wp-content\/uploads\/2024\/02\/youtube-background-1024x683.jpeg 1024w, https:\/\/www.stepalong.com\/wp-content\/uploads\/2024\/02\/youtube-background-768x512.jpeg 768w, https:\/\/www.stepalong.com\/wp-content\/uploads\/2024\/02\/youtube-background-1536x1024.jpeg 1536w, https:\/\/www.stepalong.com\/wp-content\/uploads\/2024\/02\/youtube-background-2048x1365.jpeg 2048w, https:\/\/www.stepalong.com\/wp-content\/uploads\/2024\/02\/youtube-background-18x12.jpeg 18w\" sizes=\"auto, (max-width: 2560px) 100vw, 2560px\" \/><span aria-hidden=\"true\" class=\"wp-block-cover__background has-background-dim-60 has-background-dim\"><\/span><div class=\"wp-block-cover__inner-container is-layout-constrained wp-container-core-cover-is-layout-729e5ae5 wp-block-cover-is-layout-constrained\">\n<h2 class=\"wp-block-heading has-text-align-left\">Avantages de la conversion de vos tutoriels de produits YouTube en StepAlongs<\/h2>\n\n\n\n<div class=\"wp-block-columns is-layout-flex wp-container-core-columns-is-layout-28f84493 wp-block-columns-is-layout-flex\">\n<div class=\"wp-block-column is-layout-flow wp-block-column-is-layout-flow\" style=\"flex-basis:50%\">\n<ul class=\"wp-block-list\">\n<li>Un meilleur format \u00e0 suivre et \u00e0 compl\u00e9ter pour vos clients.<\/li>\n\n\n\n<li>Publiez sur votre site web et obtenez un meilleur retour d'information, plus cibl\u00e9, sur vos instructions et vos tutoriels.<\/li>\n\n\n\n<li>Maximisez votre investissement sur YouTube tout en gardant le contr\u00f4le de l'environnement (pas de vid\u00e9os de concurrents ou de chats).<\/li>\n<\/ul>\n<\/div>\n\n\n\n<div class=\"wp-block-column is-layout-flow wp-block-column-is-layout-flow\" style=\"flex-basis:50%\">\n<ul class=\"wp-block-list\">\n<li>Faciliter la traduction et la gestion des instructions.<\/li>\n\n\n\n<li>Ajoutez des liens vers vos produits dans la liste des mat\u00e9riaux, des outils ou de toute autre \u00e9tape (plus de liens cach\u00e9s dans la description YouTube).<\/li>\n\n\n\n<li> YouTube est mieux class\u00e9 pour les vid\u00e9os qui sont incluses sur d'autres sites web.<\/li>\n<\/ul>\n<\/div>\n<\/div>\n<\/div><\/div>\n\n\n\n<div style=\"height:var(--wp--preset--spacing--80)\" aria-hidden=\"true\" class=\"wp-block-spacer\"><\/div>\n\n\n\n<div class=\"wp-block-media-text has-media-on-the-right is-stacked-on-mobile shadow\"><div class=\"wp-block-media-text__content\">\n<h2 class=\"wp-block-heading\">StepAlong respecte votre travail et vos droits d'auteur<\/h2>\n\n\n\n<p class=\"translation-block\">Seul <strong>vous<\/strong> pouvez publier des StepAlongs de <strong>vos<\/strong> vid\u00e9os YouTube. Pour prot\u00e9ger votre marque et \u00e9viter que d'autres personnes ne profitent de votre travail, vous devez vous authentifier \u00e0 l'aide de votre compte YouTube pour publier les StepAlongs de vos vid\u00e9os YouTube.<\/p>\n<\/div><figure class=\"wp-block-media-text__media\"><img loading=\"lazy\" decoding=\"async\" width=\"1022\" height=\"681\" src=\"https:\/\/www.stepalong.com\/wp-content\/uploads\/2024\/02\/Connect-YouTube-account.jpg\" alt=\"Connecter un compte YouTube\" class=\"wp-image-4187 size-full\" srcset=\"https:\/\/www.stepalong.com\/wp-content\/uploads\/2024\/02\/Connect-YouTube-account.jpg 1022w, https:\/\/www.stepalong.com\/wp-content\/uploads\/2024\/02\/Connect-YouTube-account-300x200.jpg 300w, https:\/\/www.stepalong.com\/wp-content\/uploads\/2024\/02\/Connect-YouTube-account-768x512.jpg 768w, https:\/\/www.stepalong.com\/wp-content\/uploads\/2024\/02\/Connect-YouTube-account-18x12.jpg 18w\" sizes=\"auto, (max-width: 1022px) 100vw, 1022px\" \/><\/figure><\/div>\n\n\n\n<div style=\"height:var(--wp--preset--spacing--80)\" aria-hidden=\"true\" class=\"wp-block-spacer\"><\/div>\n\n\n\n<h3 class=\"wp-block-heading\">Exigences<\/h3>\n\n\n\n<p>La vid\u00e9o YouTube doit avoir une transcription et durer moins de 20 minutes (nous convertirons bient\u00f4t les vid\u00e9os plus longues !).<\/p>\n\n\n\n<p>Si vos vid\u00e9os YouTube ne r\u00e9pondent pas \u00e0 ces crit\u00e8res, vous pouvez toujours cr\u00e9er manuellement votre StepAlong avec votre vid\u00e9o YouTube, gr\u00e2ce \u00e0 notre g\u00e9n\u00e9rateur de StepAlong simple et rapide.<\/p>\n\n\n\n<div style=\"height:var(--wp--preset--spacing--80)\" aria-hidden=\"true\" class=\"wp-block-spacer\"><\/div>\n\n\n\n<div class=\"wp-block-columns is-layout-flex wp-container-core-columns-is-layout-14cf5ab5 wp-block-columns-is-layout-flex\">\n<div class=\"wp-block-column is-layout-flow wp-block-column-is-layout-flow\">\n<div class=\"wp-block-group feature is-layout-constrained wp-block-group-is-layout-constrained\">\n<div class=\"wp-block-columns is-layout-flex wp-container-core-columns-is-layout-cbe57604 wp-block-columns-is-layout-flex\">\n<div class=\"wp-block-column is-layout-flow wp-block-column-is-layout-flow\">\n<figure class=\"wp-block-image size-large rounded\"><img loading=\"lazy\" decoding=\"async\" width=\"1024\" height=\"1024\" src=\"https:\/\/www.stepalong.com\/wp-content\/uploads\/2025\/08\/stepalong-roi-calculator-1024x1024.webp\" alt=\"Calculateur de retour sur investissement StepAlong\" class=\"wp-image-8026\" srcset=\"https:\/\/www.stepalong.com\/wp-content\/uploads\/2025\/08\/stepalong-roi-calculator-1024x1024.webp 1024w, https:\/\/www.stepalong.com\/wp-content\/uploads\/2025\/08\/stepalong-roi-calculator-300x300.webp 300w, https:\/\/www.stepalong.com\/wp-content\/uploads\/2025\/08\/stepalong-roi-calculator-150x150.webp 150w, https:\/\/www.stepalong.com\/wp-content\/uploads\/2025\/08\/stepalong-roi-calculator-768x768.webp 768w, https:\/\/www.stepalong.com\/wp-content\/uploads\/2025\/08\/stepalong-roi-calculator-12x12.webp 12w, https:\/\/www.stepalong.com\/wp-content\/uploads\/2025\/08\/stepalong-roi-calculator.webp 1420w\" sizes=\"auto, (max-width: 1024px) 100vw, 1024px\" \/><\/figure>\n<\/div>\n\n\n\n<div class=\"wp-block-column is-layout-flow wp-block-column-is-layout-flow\">\n<h3 class=\"wp-block-heading\">Calculez vos \u00e9conomies potentielles<\/h3>\n\n\n\n<p>D\u00e9couvrez les \u00e9conomies que votre entreprise peut r\u00e9aliser en adoptant la plateforme d'enseignement num\u00e9rique de StepAlong, aliment\u00e9e par l'IA.<\/p>\n\n\n\n<div style=\"height:0px\" aria-hidden=\"true\" class=\"wp-block-spacer\"><\/div>\n<\/div>\n<\/div>\n\n\n\n<div style=\"height:1em\" aria-hidden=\"true\" class=\"wp-block-spacer\"><\/div>\n\n\n\n<div class=\"wp-block-buttons is-content-justification-center is-layout-flex wp-container-core-buttons-is-layout-a89b3969 wp-block-buttons-is-layout-flex\">\n<div class=\"wp-block-button is-style-outline is-style-outline--2\"><a class=\"wp-block-button__link has-custom-purple-color has-text-color has-link-color has-border-color has-custom-purple-border-color wp-element-button\" href=\"https:\/\/www.stepalong.com\/fr\/calculateur-de-roi\/\">Calculez vos \u00e9conomies<\/a><\/div>\n<\/div>\n<\/div>\n<\/div>\n\n\n\n<div class=\"wp-block-column is-vertically-aligned-center is-layout-flow wp-block-column-is-layout-flow\">\n<p>Chez StepAlong, nous nous sommes concentr\u00e9s sur ce dont les clients ont besoin pour avoir une bonne exp\u00e9rience des instructions sur les produits :<\/p>\n\n\n\n<ul class=\"wp-block-list\">\n<li><strong>Priorit\u00e9 au mobile<\/strong><br>Aucun t\u00e9l\u00e9chargement d'application n'est n\u00e9cessaire, il suffit d'ouvrir et de suivre.<\/li>\n\n\n\n<li><strong>\u00c9tapes guid\u00e9es<\/strong><br>Une structure logique, \u00e9tape par \u00e9tape, pour plus de clart\u00e9<\/li>\n\n\n\n<li><strong>Formats flexibles<\/strong><br>PDF t\u00e9l\u00e9chargeables pour ceux qui le pr\u00e9f\u00e8rent<\/li>\n\n\n\n<li><strong>D\u00e9couverte facile<\/strong><br>Accessible via Google, ChatGPT et d'autres moteurs de recherche<\/li>\n\n\n\n<li><strong>Contenu localis\u00e9<\/strong><br>Instructions dans la langue de vos clients<\/li>\n<\/ul>\n\n\n\n<div style=\"height:1em\" aria-hidden=\"true\" class=\"wp-block-spacer\"><\/div>\n\n\n\n<div class=\"wp-block-buttons is-content-justification-center is-layout-flex wp-container-core-buttons-is-layout-a89b3969 wp-block-buttons-is-layout-flex\">\n<div class=\"wp-block-button is-style-fill\"><a class=\"wp-block-button__link has-raft-fg-alt-color has-custom-purple-background-color has-text-color has-background has-link-color has-text-align-center wp-element-button\" href=\"https:\/\/www.stepalong.com\/fr\/reserver-une-demonstration\/\">R\u00e9server une d\u00e9monstration<\/a><\/div>\n<\/div>\n<\/div>\n<\/div>","protected":false},"excerpt":{"rendered":"<p>Transformez vos vid\u00e9os de produits YouTube en instructions structur\u00e9es \u00e9tape par \u00e9tape avec AI &amp; StepAlong Ajoutez l'URL de votre vid\u00e9o YouTube et StepAlong fera le reste Cr\u00e9ez une meilleure exp\u00e9rience client en utilisant vos ressources YouTube YouTube est excellent pour le marketing, mais ce n'est pas la meilleure exp\u00e9rience pour suivre des instructions et des tutoriels de produits. L'IA de YouTube [...]<\/p>","protected":false},"author":1,"featured_media":4191,"parent":0,"menu_order":0,"comment_status":"closed","ping_status":"closed","template":"wp-custom-template-landing-page-b","meta":{"content-type":"","_uag_custom_page_level_css":"","footnotes":""},"class_list":["post-4175","page","type-page","status-publish","has-post-thumbnail","hentry"],"aioseo_notices":[],"mb":[],"uagb_featured_image_src":{"full":["https:\/\/www.stepalong.com\/wp-content\/uploads\/2024\/02\/arts-and-craft-YouTube-StepAlong.jpg",1022,681,false],"thumbnail":["https:\/\/www.stepalong.com\/wp-content\/uploads\/2024\/02\/arts-and-craft-YouTube-StepAlong-150x150.jpg",150,150,true],"medium":["https:\/\/www.stepalong.com\/wp-content\/uploads\/2024\/02\/arts-and-craft-YouTube-StepAlong-300x200.jpg",300,200,true],"medium_large":["https:\/\/www.stepalong.com\/wp-content\/uploads\/2024\/02\/arts-and-craft-YouTube-StepAlong-768x512.jpg",768,512,true],"large":["https:\/\/www.stepalong.com\/wp-content\/uploads\/2024\/02\/arts-and-craft-YouTube-StepAlong.jpg",1022,681,false],"1536x1536":["https:\/\/www.stepalong.com\/wp-content\/uploads\/2024\/02\/arts-and-craft-YouTube-StepAlong.jpg",1022,681,false],"2048x2048":["https:\/\/www.stepalong.com\/wp-content\/uploads\/2024\/02\/arts-and-craft-YouTube-StepAlong.jpg",1022,681,false],"trp-custom-language-flag":["https:\/\/www.stepalong.com\/wp-content\/uploads\/2024\/02\/arts-and-craft-YouTube-StepAlong-18x12.jpg",18,12,true]},"uagb_author_info":{"display_name":"Sergi S\u00e1nchez Mancha","author_link":"https:\/\/www.stepalong.com\/fr\/author\/sergiostepalong-com\/"},"uagb_comment_info":0,"uagb_excerpt":"Repurpose your YouTube product videos into structured step-by-step product instructions with AI &amp; StepAlong Add your YouTube video URL and StepAlong will do the rest Create a better customer experience using your YouTube assets YouTube is great for marketing but it\u2019s not the best experience for following product instructions and tutorials. The AI powered YouTube\u2026","mfb_rest_fields":["title","aioseo_notices","uagb_featured_image_src","uagb_author_info","uagb_comment_info","uagb_excerpt"],"_links":{"self":[{"href":"https:\/\/www.stepalong.com\/fr\/wp-json\/wp\/v2\/pages\/4175","targetHints":{"allow":["GET"]}}],"collection":[{"href":"https:\/\/www.stepalong.com\/fr\/wp-json\/wp\/v2\/pages"}],"about":[{"href":"https:\/\/www.stepalong.com\/fr\/wp-json\/wp\/v2\/types\/page"}],"author":[{"embeddable":true,"href":"https:\/\/www.stepalong.com\/fr\/wp-json\/wp\/v2\/users\/1"}],"replies":[{"embeddable":true,"href":"https:\/\/www.stepalong.com\/fr\/wp-json\/wp\/v2\/comments?post=4175"}],"version-history":[{"count":26,"href":"https:\/\/www.stepalong.com\/fr\/wp-json\/wp\/v2\/pages\/4175\/revisions"}],"predecessor-version":[{"id":8003,"href":"https:\/\/www.stepalong.com\/fr\/wp-json\/wp\/v2\/pages\/4175\/revisions\/8003"}],"wp:featuredmedia":[{"embeddable":true,"href":"https:\/\/www.stepalong.com\/fr\/wp-json\/wp\/v2\/media\/4191"}],"wp:attachment":[{"href":"https:\/\/www.stepalong.com\/fr\/wp-json\/wp\/v2\/media?parent=4175"}],"curies":[{"name":"wp","href":"https:\/\/api.w.org\/{rel}","templated":true}]}}