{"id":3506,"date":"2023-11-23T17:58:54","date_gmt":"2023-11-23T16:58:54","guid":{"rendered":"https:\/\/www.stepalong.com\/?page_id=3506"},"modified":"2025-03-17T18:04:48","modified_gmt":"2025-03-17T17:04:48","slug":"stepalong-pour-les-createurs","status":"publish","type":"page","link":"https:\/\/www.stepalong.com\/fr\/stepalong-pour-les-createurs\/","title":{"rendered":"StepAlong pour les cr\u00e9ateurs"},"content":{"rendered":"<h2 class=\"wp-block-heading has-text-align-center\" style=\"font-size:2.4em\">Vous avez inspir\u00e9 vos followers avec vos tutoriels, mais peuvent-ils finir le travail ?<\/h2>\n\n\n\n<p class=\"has-text-align-center has-medium-font-size\">Donnez \u00e0 vos followers les moyens de relever le d\u00e9fi que vous leur avez lanc\u00e9 avec StepAlong<\/p>\n\n\n\n<p>StepAlong est la solution intelligente et simple qui permet aux cr\u00e9ateurs de cr\u00e9er la version la plus aboutie de leurs modes d'emploi.<\/p>\n\n\n\n<div class=\"wp-block-buttons is-content-justification-center is-layout-flex wp-container-core-buttons-is-layout-a89b3969 wp-block-buttons-is-layout-flex\">\n<div class=\"wp-block-button is-style-outline is-style-outline--1\"><a class=\"wp-block-button__link has-custom-purple-color has-raft-fg-alt-background-color has-text-color has-background has-link-color has-text-align-center wp-element-button\" href=\"https:\/\/www.stepalong.com\/fr\/reserver-une-demonstration\/\">R\u00e9server une d\u00e9monstration<\/a><\/div>\n<\/div>\n\n\n\n<div style=\"height:var(--wp--preset--spacing--80)\" aria-hidden=\"true\" class=\"wp-block-spacer\"><\/div>\n\n\n\n<div class=\"wp-block-cover alignwide\" style=\"border-style:none;border-width:0px;border-radius:8px;padding-right:3em;padding-left:3em\"><span aria-hidden=\"true\" class=\"wp-block-cover__background has-custom-purple-background-color has-background-dim-70 has-background-dim\"><\/span><img loading=\"lazy\" decoding=\"async\" width=\"2560\" height=\"1061\" class=\"wp-block-cover__image-background wp-image-5675\" alt=\"Succ\u00e8s de l&#039;utilisateur\" src=\"https:\/\/www.stepalong.com\/wp-content\/uploads\/2024\/10\/User-success-scaled.jpg\" style=\"object-position:26% 7%\" data-object-fit=\"cover\" data-object-position=\"26% 7%\" srcset=\"https:\/\/www.stepalong.com\/wp-content\/uploads\/2024\/10\/User-success-scaled.jpg 2560w, https:\/\/www.stepalong.com\/wp-content\/uploads\/2024\/10\/User-success-300x124.jpg 300w, https:\/\/www.stepalong.com\/wp-content\/uploads\/2024\/10\/User-success-1024x425.jpg 1024w, https:\/\/www.stepalong.com\/wp-content\/uploads\/2024\/10\/User-success-768x318.jpg 768w, https:\/\/www.stepalong.com\/wp-content\/uploads\/2024\/10\/User-success-1536x637.jpg 1536w, https:\/\/www.stepalong.com\/wp-content\/uploads\/2024\/10\/User-success-2048x849.jpg 2048w, https:\/\/www.stepalong.com\/wp-content\/uploads\/2024\/10\/User-success-18x7.jpg 18w\" sizes=\"auto, (max-width: 2560px) 100vw, 2560px\" \/><div class=\"wp-block-cover__inner-container is-layout-constrained wp-container-core-cover-is-layout-729e5ae5 wp-block-cover-is-layout-constrained\">\n<div class=\"wp-block-columns is-layout-flex wp-container-core-columns-is-layout-28f84493 wp-block-columns-is-layout-flex\">\n<div class=\"wp-block-column is-layout-flow wp-block-column-is-layout-flow\" style=\"flex-basis:40%\"><\/div>\n\n\n\n<div class=\"wp-block-column is-layout-flow wp-block-column-is-layout-flow\" style=\"flex-basis:60%\">\n<h2 class=\"wp-block-heading has-raft-fg-alt-color has-text-color has-link-color wp-elements-4fd9d3b40567fbc78cbcebf5d2a0697f\">Se concentrer sur le succ\u00e8s de l'utilisateur<br>(pas seulement l'algorithme)<\/h2>\n\n\n\n<p class=\"has-raft-fg-alt-color has-text-color has-link-color wp-elements-8b06488a6275d55a7ade54927638e3c2\">Nous comprenons que l'algorithme est roi, qu'il faut nourrir la b\u00eate, mais n'oublions pas qu'Instagram, TikTok et YouTube ne sont pas les meilleures plateformes pour suivre et cr\u00e9er quelque chose.<\/p>\n\n\n\n<p class=\"has-raft-fg-alt-color has-text-color has-link-color wp-elements-c644c1bad8d6792554c3b3e4cf94310f\">StepAlong r\u00e9sout ce probl\u00e8me.<\/p>\n<\/div>\n<\/div>\n<\/div><\/div>\n\n\n\n<div style=\"height:var(--wp--preset--spacing--80)\" aria-hidden=\"true\" class=\"wp-block-spacer\"><\/div>\n\n\n\n<div class=\"wp-block-media-text has-media-on-the-right is-stacked-on-mobile shadow\"><div class=\"wp-block-media-text__content\">\n<h2 class=\"wp-block-heading\">La version compl\u00e8te de votre travail<\/h2>\n\n\n\n<p>Utilisez StepAlong pour cr\u00e9er la version compl\u00e8te de votre guide pratique \u00e0 partir de YouTube, Instagram, TikTok et d'autres contenus de m\u00e9dias sociaux. Vous pouvez cr\u00e9er un lien vers l'original \u00e0 partir de chaque StepAlong que vous cr\u00e9ez.<\/p>\n<\/div><figure class=\"wp-block-media-text__media\"><img loading=\"lazy\" decoding=\"async\" width=\"1024\" height=\"682\" src=\"https:\/\/www.stepalong.com\/wp-content\/uploads\/2023\/11\/makers-2-1024x682.jpg\" alt=\"\" class=\"wp-image-3508 size-full\" srcset=\"https:\/\/www.stepalong.com\/wp-content\/uploads\/2023\/11\/makers-2-1024x682.jpg 1024w, https:\/\/www.stepalong.com\/wp-content\/uploads\/2023\/11\/makers-2-300x200.jpg 300w, https:\/\/www.stepalong.com\/wp-content\/uploads\/2023\/11\/makers-2-768x511.jpg 768w, https:\/\/www.stepalong.com\/wp-content\/uploads\/2023\/11\/makers-2-1536x1022.jpg 1536w, https:\/\/www.stepalong.com\/wp-content\/uploads\/2023\/11\/makers-2-18x12.jpg 18w, https:\/\/www.stepalong.com\/wp-content\/uploads\/2023\/11\/makers-2.jpg 2048w\" sizes=\"auto, (max-width: 1024px) 100vw, 1024px\" \/><\/figure><\/div>\n\n\n\n<div style=\"height:var(--wp--preset--spacing--80)\" aria-hidden=\"true\" class=\"wp-block-spacer\"><\/div>\n\n\n\n<div class=\"wp-block-media-text is-stacked-on-mobile shadow\"><figure class=\"wp-block-media-text__media\"><img loading=\"lazy\" decoding=\"async\" width=\"1020\" height=\"680\" src=\"https:\/\/www.stepalong.com\/wp-content\/uploads\/2023\/12\/makers-microsite.jpg\" alt=\"\" class=\"wp-image-3794 size-full\" srcset=\"https:\/\/www.stepalong.com\/wp-content\/uploads\/2023\/12\/makers-microsite.jpg 1020w, https:\/\/www.stepalong.com\/wp-content\/uploads\/2023\/12\/makers-microsite-300x200.jpg 300w, https:\/\/www.stepalong.com\/wp-content\/uploads\/2023\/12\/makers-microsite-768x512.jpg 768w, https:\/\/www.stepalong.com\/wp-content\/uploads\/2023\/12\/makers-microsite-18x12.jpg 18w\" sizes=\"auto, (max-width: 1020px) 100vw, 1020px\" \/><\/figure><div class=\"wp-block-media-text__content\">\n<h2 class=\"wp-block-heading\">Publiez sur votre propre site web ou cr\u00e9ez votre microsite StepAlong<\/h2>\n\n\n\n<p>Vous pouvez publier vos modes d'emploi sur votre propre site web ou sur votre page StepAlong, votre propre microsite de modes d'emploi.<\/p>\n<\/div><\/div>\n\n\n\n<div style=\"height:var(--wp--preset--spacing--80)\" aria-hidden=\"true\" class=\"wp-block-spacer\"><\/div>\n\n\n\n<div class=\"wp-block-media-text has-media-on-the-right is-stacked-on-mobile shadow\"><div class=\"wp-block-media-text__content\">\n<h2 class=\"wp-block-heading\">Un meilleur retour d'information<\/h2>\n\n\n\n<p>Un StepAlong vous permet d'obtenir un meilleur retour d'information, plus structur\u00e9, sur votre mode d'emploi. Sachez combien de personnes l'ont suivi et ce qu'elles en ont pens\u00e9. Les adeptes peuvent m\u00eame indiquer que certaines \u00e9tapes sont d\u00e9routantes, afin que vous sachiez o\u00f9 vous am\u00e9liorer.<\/p>\n<\/div><figure class=\"wp-block-media-text__media\"><img loading=\"lazy\" decoding=\"async\" width=\"1020\" height=\"680\" src=\"https:\/\/www.stepalong.com\/wp-content\/uploads\/2023\/12\/makers-questions.jpg\" alt=\"Deux femmes suivent un mode d&#039;emploi sur un ordinateur portable et posent une question lors d&#039;une \u00e9tape.\" class=\"wp-image-3793 size-full\" srcset=\"https:\/\/www.stepalong.com\/wp-content\/uploads\/2023\/12\/makers-questions.jpg 1020w, https:\/\/www.stepalong.com\/wp-content\/uploads\/2023\/12\/makers-questions-300x200.jpg 300w, https:\/\/www.stepalong.com\/wp-content\/uploads\/2023\/12\/makers-questions-768x512.jpg 768w, https:\/\/www.stepalong.com\/wp-content\/uploads\/2023\/12\/makers-questions-18x12.jpg 18w\" sizes=\"auto, (max-width: 1020px) 100vw, 1020px\" \/><\/figure><\/div>\n\n\n\n<div style=\"height:65px\" aria-hidden=\"true\" class=\"wp-block-spacer\"><\/div>\n\n\n\n<div class=\"wp-block-buttons is-content-justification-center is-layout-flex wp-container-core-buttons-is-layout-a89b3969 wp-block-buttons-is-layout-flex\">\n<div class=\"wp-block-button is-style-outline is-style-outline--2\"><a class=\"wp-block-button__link has-custom-purple-color has-raft-fg-alt-background-color has-text-color has-background has-link-color has-text-align-center wp-element-button\" href=\"https:\/\/www.stepalong.com\/fr\/reserver-une-demonstration\/\">R\u00e9server une d\u00e9monstration<\/a><\/div>\n<\/div>\n\n\n\n<p><\/p>","protected":false},"excerpt":{"rendered":"<p>Vous avez inspir\u00e9 vos followers avec vos how-tos, mais peuvent-ils faire le travail ? Donnez \u00e0 vos followers les moyens de relever le d\u00e9fi que vous leur avez lanc\u00e9 avec StepAlong StepAlong est la solution intelligente et simple qui permet aux cr\u00e9ateurs de cr\u00e9er la version compl\u00e8te de leurs modes d'emploi. La version compl\u00e8te de votre travail Utilisez StepAlong pour cr\u00e9er la [...]<\/p>","protected":false},"author":1,"featured_media":0,"parent":0,"menu_order":0,"comment_status":"closed","ping_status":"closed","template":"wp-custom-template-landing-page-b","meta":{"content-type":"","_uag_custom_page_level_css":"","footnotes":""},"class_list":["post-3506","page","type-page","status-publish","hentry"],"aioseo_notices":[],"mb":[],"uagb_featured_image_src":{"full":false,"thumbnail":false,"medium":false,"medium_large":false,"large":false,"1536x1536":false,"2048x2048":false,"trp-custom-language-flag":false},"uagb_author_info":{"display_name":"Sergi S\u00e1nchez Mancha","author_link":"https:\/\/www.stepalong.com\/fr\/author\/sergiostepalong-com\/"},"uagb_comment_info":0,"uagb_excerpt":"You have inspired your followers with your how-tos, but can they get the job done? Empower your follower to complete the challenge you\u2019ve given them with StepAlong StepAlong is the smart and simple solution for creators to create the completable version of their how-tos. The completable version of your work Use StepAlong to create the\u2026","mfb_rest_fields":["title","aioseo_notices","uagb_featured_image_src","uagb_author_info","uagb_comment_info","uagb_excerpt"],"_links":{"self":[{"href":"https:\/\/www.stepalong.com\/fr\/wp-json\/wp\/v2\/pages\/3506","targetHints":{"allow":["GET"]}}],"collection":[{"href":"https:\/\/www.stepalong.com\/fr\/wp-json\/wp\/v2\/pages"}],"about":[{"href":"https:\/\/www.stepalong.com\/fr\/wp-json\/wp\/v2\/types\/page"}],"author":[{"embeddable":true,"href":"https:\/\/www.stepalong.com\/fr\/wp-json\/wp\/v2\/users\/1"}],"replies":[{"embeddable":true,"href":"https:\/\/www.stepalong.com\/fr\/wp-json\/wp\/v2\/comments?post=3506"}],"version-history":[{"count":9,"href":"https:\/\/www.stepalong.com\/fr\/wp-json\/wp\/v2\/pages\/3506\/revisions"}],"predecessor-version":[{"id":6883,"href":"https:\/\/www.stepalong.com\/fr\/wp-json\/wp\/v2\/pages\/3506\/revisions\/6883"}],"wp:attachment":[{"href":"https:\/\/www.stepalong.com\/fr\/wp-json\/wp\/v2\/media?parent=3506"}],"curies":[{"name":"wp","href":"https:\/\/api.w.org\/{rel}","templated":true}]}}