{"id":3500,"date":"2023-11-23T17:51:44","date_gmt":"2023-11-23T16:51:44","guid":{"rendered":"https:\/\/www.stepalong.com\/?page_id=3500"},"modified":"2025-08-27T20:48:38","modified_gmt":"2025-08-27T18:48:38","slug":"stepalong-pour-le-commerce-electronique","status":"publish","type":"page","link":"https:\/\/www.stepalong.com\/fr\/stepalong-pour-le-commerce-electronique\/","title":{"rendered":"StepAlong pour le E-Commerce"},"content":{"rendered":"<h2 class=\"wp-block-heading has-text-align-center\" style=\"font-size:2.4em\">Transformer les internautes en acheteurs<\/h2>\n\n\n\n<p class=\"has-text-align-center has-medium-font-size\">Un excellent didacticiel sur les produits renforce la confiance des acheteurs qui sont ind\u00e9cis \u00e0 passer \u00e0 la caisse.<\/p>\n\n\n\n<p class=\"has-text-align-center\">StepAlong est un moyen intelligent pour les entreprises de commerce \u00e9lectronique de cr\u00e9er des tutoriels de produits qui aident r\u00e9ellement leurs clients \u00e0 prendre une d\u00e9cision.<\/p>\n\n\n\n<div class=\"wp-block-buttons is-content-justification-center is-layout-flex wp-container-core-buttons-is-layout-a89b3969 wp-block-buttons-is-layout-flex\">\n<div class=\"wp-block-button is-style-outline is-style-outline--1\"><a class=\"wp-block-button__link has-custom-purple-color has-raft-fg-alt-background-color has-text-color has-background has-link-color has-text-align-center wp-element-button\" href=\"https:\/\/www.stepalong.com\/fr\/reserver-une-demonstration\/\">R\u00e9server une d\u00e9monstration<\/a><\/div>\n<\/div>\n\n\n\n<div style=\"height:var(--wp--preset--spacing--60)\" aria-hidden=\"true\" class=\"wp-block-spacer\"><\/div>\n\n\n\n<div class=\"wp-block-cover alignwide wp-duotone-dark-grayscale\" style=\"border-style:none;border-width:0px;border-radius:8px;padding-right:3em;padding-left:3em\"><img loading=\"lazy\" decoding=\"async\" width=\"2560\" height=\"1359\" class=\"wp-block-cover__image-background wp-image-3780\" alt=\"Commerce \u00e9lectronique mobile\" src=\"https:\/\/www.stepalong.com\/wp-content\/uploads\/2023\/12\/ecommerce-mobile-scaled.jpg\" data-object-fit=\"cover\" srcset=\"https:\/\/www.stepalong.com\/wp-content\/uploads\/2023\/12\/ecommerce-mobile-scaled.jpg 2560w, https:\/\/www.stepalong.com\/wp-content\/uploads\/2023\/12\/ecommerce-mobile-300x159.jpg 300w, https:\/\/www.stepalong.com\/wp-content\/uploads\/2023\/12\/ecommerce-mobile-1024x544.jpg 1024w, https:\/\/www.stepalong.com\/wp-content\/uploads\/2023\/12\/ecommerce-mobile-768x408.jpg 768w, https:\/\/www.stepalong.com\/wp-content\/uploads\/2023\/12\/ecommerce-mobile-1536x816.jpg 1536w, https:\/\/www.stepalong.com\/wp-content\/uploads\/2023\/12\/ecommerce-mobile-2048x1087.jpg 2048w, https:\/\/www.stepalong.com\/wp-content\/uploads\/2023\/12\/ecommerce-mobile-18x10.jpg 18w\" sizes=\"auto, (max-width: 2560px) 100vw, 2560px\" \/><span aria-hidden=\"true\" class=\"wp-block-cover__background has-custom-purple-background-color has-background-dim-70 has-background-dim\"><\/span><div class=\"wp-block-cover__inner-container is-layout-constrained wp-container-core-cover-is-layout-729e5ae5 wp-block-cover-is-layout-constrained\">\n<div class=\"wp-block-columns is-layout-flex wp-container-core-columns-is-layout-28f84493 wp-block-columns-is-layout-flex\">\n<div class=\"wp-block-column is-layout-flow wp-block-column-is-layout-flow\" style=\"flex-basis:100%\">\n<h2 class=\"wp-block-heading has-raft-fg-alt-color has-text-color has-link-color wp-elements-d15ff6acc5dae950c88bdb5de59706be\">Une exp\u00e9rience interactive au sein de la page produit<\/h2>\n\n\n\n<p class=\"has-raft-fg-alt-color has-text-color has-link-color wp-elements-df575b9b53c22f68e6780b2208c5d310\">Pas de t\u00e9l\u00e9chargement de PDF, pas de vid\u00e9o YouTube distrayante avec des publicit\u00e9s de vos concurrents.<\/p>\n\n\n\n<p class=\"has-raft-fg-alt-color has-text-color has-link-color wp-elements-8f87660381c5123a868a98f32dc4a9f9\">Un StepAlong peut \u00eatre int\u00e9gr\u00e9 \u00e0 votre page produit afin que les acheteurs puissent naviguer facilement et se faire une id\u00e9e pr\u00e9cise de ce qu'ils doivent faire avec, sans quitter votre page.<\/p>\n<\/div>\n<\/div>\n<\/div><\/div>\n\n\n\n<div style=\"height:var(--wp--preset--spacing--80)\" aria-hidden=\"true\" class=\"wp-block-spacer\"><\/div>\n\n\n\n<div class=\"wp-block-media-text has-media-on-the-right is-stacked-on-mobile shadow rounded\"><div class=\"wp-block-media-text__content\">\n<h2 class=\"wp-block-heading\">Moins de retours en faisant en sorte que la configuration du produit soit aussi bonne que le produit m\u00eame.<\/h2>\n\n\n\n<p>Dans le monde de l'exp\u00e9dition directe, du commerce \u00e9lectronique et de la production mondiale, de nombreuses entreprises oublient que la derni\u00e8re \u00e9tape du parcours du client est la mise en place du produit.<\/p>\n\n\n\n<p>StepAlong vous aide \u00e0 accorder \u00e0 la configuration des produits l'attention qu'elle m\u00e9rite, \u00e0 faire gagner du temps \u00e0 vos clients et \u00e0 cr\u00e9er une exp\u00e9rience client exceptionnelle.<\/p>\n<\/div><figure class=\"wp-block-media-text__media\"><img loading=\"lazy\" decoding=\"async\" width=\"1024\" height=\"663\" src=\"https:\/\/www.stepalong.com\/wp-content\/uploads\/2023\/12\/Returns-ecommerce-1024x663.jpg\" alt=\"Une femme au t\u00e9l\u00e9phone, avec une bo\u00eete de produits ouverte.\" class=\"wp-image-3787 size-full\" srcset=\"https:\/\/www.stepalong.com\/wp-content\/uploads\/2023\/12\/Returns-ecommerce-1024x663.jpg 1024w, https:\/\/www.stepalong.com\/wp-content\/uploads\/2023\/12\/Returns-ecommerce-300x194.jpg 300w, https:\/\/www.stepalong.com\/wp-content\/uploads\/2023\/12\/Returns-ecommerce-768x497.jpg 768w, https:\/\/www.stepalong.com\/wp-content\/uploads\/2023\/12\/Returns-ecommerce-18x12.jpg 18w, https:\/\/www.stepalong.com\/wp-content\/uploads\/2023\/12\/Returns-ecommerce.jpg 1050w\" sizes=\"auto, (max-width: 1024px) 100vw, 1024px\" \/><\/figure><\/div>\n\n\n\n<div style=\"height:var(--wp--preset--spacing--80)\" aria-hidden=\"true\" class=\"wp-block-spacer\"><\/div>\n\n\n\n<div class=\"wp-block-media-text is-stacked-on-mobile shadow rounded\"><figure class=\"wp-block-media-text__media\"><img loading=\"lazy\" decoding=\"async\" width=\"1024\" height=\"663\" src=\"https:\/\/www.stepalong.com\/wp-content\/uploads\/2023\/12\/repurpose-youtube-1024x663.jpg\" alt=\"Construire automatiquement un mode d&#039;emploi \u00e0 partir d&#039;une vid\u00e9o YouTube.\" class=\"wp-image-3789 size-full\" srcset=\"https:\/\/www.stepalong.com\/wp-content\/uploads\/2023\/12\/repurpose-youtube-1024x663.jpg 1024w, https:\/\/www.stepalong.com\/wp-content\/uploads\/2023\/12\/repurpose-youtube-300x194.jpg 300w, https:\/\/www.stepalong.com\/wp-content\/uploads\/2023\/12\/repurpose-youtube-768x497.jpg 768w, https:\/\/www.stepalong.com\/wp-content\/uploads\/2023\/12\/repurpose-youtube-18x12.jpg 18w, https:\/\/www.stepalong.com\/wp-content\/uploads\/2023\/12\/repurpose-youtube.jpg 1050w\" sizes=\"auto, (max-width: 1024px) 100vw, 1024px\" \/><\/figure><div class=\"wp-block-media-text__content\">\n<h2 class=\"wp-block-heading\">Cr\u00e9ez du neuf ou r\u00e9utilisez ce que vous avez d\u00e9j\u00e0<\/h2>\n\n\n\n<p>Cr\u00e9ez un nouveau StepAlong \u00e0 partir de z\u00e9ro, r\u00e9utilisez ces anciens PDF et vid\u00e9os YouTube pour cr\u00e9er une meilleure exp\u00e9rience d'installation et d'utilisation pour vos clients.<\/p>\n<\/div><\/div>\n\n\n\n<div style=\"height:var(--wp--preset--spacing--80)\" aria-hidden=\"true\" class=\"wp-block-spacer\"><\/div>\n\n\n\n<div class=\"wp-block-media-text has-media-on-the-right is-stacked-on-mobile shadow rounded\"><div class=\"wp-block-media-text__content\">\n<h2 class=\"wp-block-heading\">Un outil d\u00e9di\u00e9 \u00e0 la cr\u00e9ation, \u00e0 la publication et \u00e0 la gestion de tutoriels sur les produits<\/h2>\n\n\n\n<p>StepAlong est un outil d\u00e9di\u00e9 \u00e0 la cr\u00e9ation, \u00e0 la maintenance et \u00e0 la gestion de tous les aspects des tutoriels, des modes d'emploi et des instructions sur les produits.<\/p>\n\n\n\n<p>Son approche structur\u00e9e vous aidera \u00e0 produire plus efficacement des tutoriels de produits plus clairs et de meilleure qualit\u00e9.<\/p>\n<\/div><figure class=\"wp-block-media-text__media\"><img loading=\"lazy\" decoding=\"async\" width=\"1022\" height=\"681\" src=\"https:\/\/www.stepalong.com\/wp-content\/uploads\/2023\/12\/product-tutorial.jpg\" alt=\"Un homme qui assemble un meuble\" class=\"wp-image-3790 size-full\" srcset=\"https:\/\/www.stepalong.com\/wp-content\/uploads\/2023\/12\/product-tutorial.jpg 1022w, https:\/\/www.stepalong.com\/wp-content\/uploads\/2023\/12\/product-tutorial-300x200.jpg 300w, https:\/\/www.stepalong.com\/wp-content\/uploads\/2023\/12\/product-tutorial-768x512.jpg 768w, https:\/\/www.stepalong.com\/wp-content\/uploads\/2023\/12\/product-tutorial-18x12.jpg 18w\" sizes=\"auto, (max-width: 1022px) 100vw, 1022px\" \/><\/figure><\/div>\n\n\n\n<div style=\"height:var(--wp--preset--spacing--80)\" aria-hidden=\"true\" class=\"wp-block-spacer\"><\/div>\n\n\n\n<div class=\"wp-block-columns is-layout-flex wp-container-core-columns-is-layout-14cf5ab5 wp-block-columns-is-layout-flex\">\n<div class=\"wp-block-column is-layout-flow wp-block-column-is-layout-flow\">\n<div class=\"wp-block-group feature is-layout-constrained wp-block-group-is-layout-constrained\">\n<div class=\"wp-block-columns is-layout-flex wp-container-core-columns-is-layout-cbe57604 wp-block-columns-is-layout-flex\">\n<div class=\"wp-block-column is-layout-flow wp-block-column-is-layout-flow\">\n<figure class=\"wp-block-image size-large rounded\"><img loading=\"lazy\" decoding=\"async\" width=\"1024\" height=\"1024\" src=\"https:\/\/www.stepalong.com\/wp-content\/uploads\/2025\/08\/stepalong-roi-calculator-1024x1024.webp\" alt=\"Calculateur de retour sur investissement StepAlong\" class=\"wp-image-8026\" srcset=\"https:\/\/www.stepalong.com\/wp-content\/uploads\/2025\/08\/stepalong-roi-calculator-1024x1024.webp 1024w, https:\/\/www.stepalong.com\/wp-content\/uploads\/2025\/08\/stepalong-roi-calculator-300x300.webp 300w, https:\/\/www.stepalong.com\/wp-content\/uploads\/2025\/08\/stepalong-roi-calculator-150x150.webp 150w, https:\/\/www.stepalong.com\/wp-content\/uploads\/2025\/08\/stepalong-roi-calculator-768x768.webp 768w, https:\/\/www.stepalong.com\/wp-content\/uploads\/2025\/08\/stepalong-roi-calculator-12x12.webp 12w, https:\/\/www.stepalong.com\/wp-content\/uploads\/2025\/08\/stepalong-roi-calculator.webp 1420w\" sizes=\"auto, (max-width: 1024px) 100vw, 1024px\" \/><\/figure>\n<\/div>\n\n\n\n<div class=\"wp-block-column is-layout-flow wp-block-column-is-layout-flow\">\n<h3 class=\"wp-block-heading\">Calculez vos \u00e9conomies potentielles<\/h3>\n\n\n\n<p>D\u00e9couvrez les \u00e9conomies que votre entreprise peut r\u00e9aliser en adoptant la plateforme d'enseignement num\u00e9rique de StepAlong, aliment\u00e9e par l'IA.<\/p>\n\n\n\n<div style=\"height:0px\" aria-hidden=\"true\" class=\"wp-block-spacer\"><\/div>\n<\/div>\n<\/div>\n\n\n\n<div style=\"height:1em\" aria-hidden=\"true\" class=\"wp-block-spacer\"><\/div>\n\n\n\n<div class=\"wp-block-buttons is-content-justification-center is-layout-flex wp-container-core-buttons-is-layout-a89b3969 wp-block-buttons-is-layout-flex\">\n<div class=\"wp-block-button is-style-outline is-style-outline--2\"><a class=\"wp-block-button__link has-custom-purple-color has-text-color has-link-color has-border-color has-custom-purple-border-color wp-element-button\" href=\"https:\/\/www.stepalong.com\/fr\/calculateur-de-roi\/\">Calculez vos \u00e9conomies<\/a><\/div>\n<\/div>\n<\/div>\n<\/div>\n\n\n\n<div class=\"wp-block-column is-vertically-aligned-center is-layout-flow wp-block-column-is-layout-flow\">\n<p>Chez StepAlong, nous nous sommes concentr\u00e9s sur ce dont les clients ont besoin pour avoir une bonne exp\u00e9rience des instructions sur les produits :<\/p>\n\n\n\n<ul class=\"wp-block-list\">\n<li><strong>Priorit\u00e9 au mobile<\/strong><br>Aucun t\u00e9l\u00e9chargement d'application n'est n\u00e9cessaire, il suffit d'ouvrir et de suivre.<\/li>\n\n\n\n<li><strong>\u00c9tapes guid\u00e9es<\/strong><br>Une structure logique, \u00e9tape par \u00e9tape, pour plus de clart\u00e9<\/li>\n\n\n\n<li><strong>Formats flexibles<\/strong><br>PDF t\u00e9l\u00e9chargeables pour ceux qui le pr\u00e9f\u00e8rent<\/li>\n\n\n\n<li><strong>D\u00e9couverte facile<\/strong><br>Accessible via Google, ChatGPT et d'autres moteurs de recherche<\/li>\n\n\n\n<li><strong>Contenu localis\u00e9<\/strong><br>Instructions dans la langue de vos clients<\/li>\n<\/ul>\n\n\n\n<div style=\"height:1em\" aria-hidden=\"true\" class=\"wp-block-spacer\"><\/div>\n\n\n\n<div class=\"wp-block-buttons is-content-justification-center is-layout-flex wp-container-core-buttons-is-layout-a89b3969 wp-block-buttons-is-layout-flex\">\n<div class=\"wp-block-button is-style-fill\"><a class=\"wp-block-button__link has-raft-fg-alt-color has-custom-purple-background-color has-text-color has-background has-link-color has-text-align-center wp-element-button\" href=\"https:\/\/www.stepalong.com\/fr\/reserver-une-demonstration\/\">R\u00e9server une d\u00e9monstration<\/a><\/div>\n<\/div>\n<\/div>\n<\/div>","protected":false},"excerpt":{"rendered":"<p>Transformez les navigateurs en acheteurs Un excellent tutoriel sur les produits augmente la confiance des acheteurs qui ne parviennent pas \u00e0 passer \u00e0 la caisse. StepAlong est la mani\u00e8re intelligente pour les entreprises de commerce \u00e9lectronique de cr\u00e9er des tutoriels de produits qui aident r\u00e9ellement leurs clients \u00e0 se d\u00e9cider. Moins de retours en faisant en sorte que la configuration du produit soit aussi bonne que le produit Dans le monde de [...]<\/p>","protected":false},"author":1,"featured_media":0,"parent":0,"menu_order":0,"comment_status":"closed","ping_status":"closed","template":"wp-custom-template-landing-page-b","meta":{"content-type":"","_uag_custom_page_level_css":"","footnotes":""},"class_list":["post-3500","page","type-page","status-publish","hentry"],"aioseo_notices":[],"mb":[],"uagb_featured_image_src":{"full":false,"thumbnail":false,"medium":false,"medium_large":false,"large":false,"1536x1536":false,"2048x2048":false,"trp-custom-language-flag":false},"uagb_author_info":{"display_name":"Sergi S\u00e1nchez Mancha","author_link":"https:\/\/www.stepalong.com\/fr\/author\/sergiostepalong-com\/"},"uagb_comment_info":0,"uagb_excerpt":"Turn browsers into buyers A great product tutorial increases the confidence of shoppers who can\u2019t quite get to the checkout page. StepAlong is the smart way for e-commerce companies to create product tutorials that really help their customers decide. Less returns by making the product setup as good as the product In the world of\u2026","mfb_rest_fields":["title","aioseo_notices","uagb_featured_image_src","uagb_author_info","uagb_comment_info","uagb_excerpt"],"_links":{"self":[{"href":"https:\/\/www.stepalong.com\/fr\/wp-json\/wp\/v2\/pages\/3500","targetHints":{"allow":["GET"]}}],"collection":[{"href":"https:\/\/www.stepalong.com\/fr\/wp-json\/wp\/v2\/pages"}],"about":[{"href":"https:\/\/www.stepalong.com\/fr\/wp-json\/wp\/v2\/types\/page"}],"author":[{"embeddable":true,"href":"https:\/\/www.stepalong.com\/fr\/wp-json\/wp\/v2\/users\/1"}],"replies":[{"embeddable":true,"href":"https:\/\/www.stepalong.com\/fr\/wp-json\/wp\/v2\/comments?post=3500"}],"version-history":[{"count":28,"href":"https:\/\/www.stepalong.com\/fr\/wp-json\/wp\/v2\/pages\/3500\/revisions"}],"predecessor-version":[{"id":8013,"href":"https:\/\/www.stepalong.com\/fr\/wp-json\/wp\/v2\/pages\/3500\/revisions\/8013"}],"wp:attachment":[{"href":"https:\/\/www.stepalong.com\/fr\/wp-json\/wp\/v2\/media?parent=3500"}],"curies":[{"name":"wp","href":"https:\/\/api.w.org\/{rel}","templated":true}]}}