{"id":3494,"date":"2023-11-23T17:38:35","date_gmt":"2023-11-23T16:38:35","guid":{"rendered":"https:\/\/www.stepalong.com\/?page_id=3494"},"modified":"2025-08-27T20:41:54","modified_gmt":"2025-08-27T18:41:54","slug":"stepalong-pour-les-entreprises-de-produits-de-consommation","status":"publish","type":"page","link":"https:\/\/www.stepalong.com\/fr\/stepalong-pour-les-entreprises-de-produits-de-consommation\/","title":{"rendered":"StepAlong pour les entreprises de produits de consommation"},"content":{"rendered":"<h2 class=\"wp-block-heading has-text-align-center\" style=\"font-size:2.4em\">Vos instructions PDF ne fonctionnent pas<\/h2>\n\n\n\n<p class=\"has-text-align-center has-medium-font-size translation-block\">Avez-vous consacr\u00e9 du temps et de l'argent \u00e0 la cr\u00e9ation d'une marque de qualit\u00e9, avant de la g\u00e2cher par de mauvaises instructions d'installation et d'utilisation ?<\/p>\n\n\n\n<p class=\"has-text-align-center\">StepAlong est un moyen efficace pour les entreprises de produits de consommation de cr\u00e9er des tutoriels de produits qui aident r\u00e9ellement leurs clients (sans maudire le PDF de mauvaise qualit\u00e9).<\/p>\n\n\n\n<div class=\"wp-block-buttons is-content-justification-center is-layout-flex wp-container-core-buttons-is-layout-a89b3969 wp-block-buttons-is-layout-flex\">\n<div class=\"wp-block-button is-style-outline is-style-outline--1\"><a class=\"wp-block-button__link has-custom-purple-color has-raft-fg-alt-background-color has-text-color has-background has-link-color has-text-align-center wp-element-button\" href=\"https:\/\/www.stepalong.com\/fr\/reserver-une-demonstration\/\">R\u00e9server une d\u00e9monstration<\/a><\/div>\n<\/div>\n\n\n\n<div style=\"height:var(--wp--preset--spacing--80)\" aria-hidden=\"true\" class=\"wp-block-spacer\"><\/div>\n\n\n\n<div class=\"wp-block-cover alignwide\" style=\"border-style:none;border-width:0px;border-radius:8px;padding-right:3em;padding-left:3em\"><img loading=\"lazy\" decoding=\"async\" width=\"2800\" height=\"1161\" class=\"wp-block-cover__image-background wp-image-3633\" alt=\"Recherche d&#039;un produit sur Google\" src=\"https:\/\/www.stepalong.com\/wp-content\/uploads\/2023\/11\/Google-Search-2.png\" style=\"object-position:0% 0%\" data-object-fit=\"cover\" data-object-position=\"0% 0%\" srcset=\"https:\/\/www.stepalong.com\/wp-content\/uploads\/2023\/11\/Google-Search-2.png 2800w, https:\/\/www.stepalong.com\/wp-content\/uploads\/2023\/11\/Google-Search-2-300x124.png 300w, https:\/\/www.stepalong.com\/wp-content\/uploads\/2023\/11\/Google-Search-2-1024x425.png 1024w, https:\/\/www.stepalong.com\/wp-content\/uploads\/2023\/11\/Google-Search-2-768x318.png 768w, https:\/\/www.stepalong.com\/wp-content\/uploads\/2023\/11\/Google-Search-2-1536x637.png 1536w, https:\/\/www.stepalong.com\/wp-content\/uploads\/2023\/11\/Google-Search-2-2048x849.png 2048w, https:\/\/www.stepalong.com\/wp-content\/uploads\/2023\/11\/Google-Search-2-18x7.png 18w\" sizes=\"auto, (max-width: 2800px) 100vw, 2800px\" \/><span aria-hidden=\"true\" class=\"wp-block-cover__background has-custom-purple-background-color has-background-dim-70 has-background-dim\"><\/span><div class=\"wp-block-cover__inner-container is-layout-constrained wp-container-core-cover-is-layout-729e5ae5 wp-block-cover-is-layout-constrained\">\n<div class=\"wp-block-columns is-layout-flex wp-container-core-columns-is-layout-28f84493 wp-block-columns-is-layout-flex\">\n<div class=\"wp-block-column is-layout-flow wp-block-column-is-layout-flow\" style=\"flex-basis:50%\">\n<h2 class=\"wp-block-heading has-raft-fg-alt-color has-text-color has-link-color wp-elements-d1cca5e5136959aea617cbc403dd27bc\">N'abandonnez plus vos clients durement acquis au profit du web<\/h2>\n\n\n\n<p class=\"has-raft-fg-alt-color has-text-color has-link-color wp-elements-63f510e1b0b2c664af37424a71d49b8f\">Lorsque vous ne donnez pas \u00e0 vos clients suffisamment d'aide pour configurer et utiliser votre produit, ils font des recherches sur Google et se perdent dans les concurrents, les cr\u00e9ateurs, YouTube et les fermes de contenu.<\/p>\n<\/div>\n\n\n\n<div class=\"wp-block-column is-layout-flow wp-block-column-is-layout-flow\" style=\"flex-basis:66.66%\"><\/div>\n<\/div>\n<\/div><\/div>\n\n\n\n<div style=\"height:var(--wp--preset--spacing--80)\" aria-hidden=\"true\" class=\"wp-block-spacer\"><\/div>\n\n\n\n<div class=\"wp-block-media-text has-media-on-the-right is-stacked-on-mobile shadow rounded\"><div class=\"wp-block-media-text__content\">\n<h2 class=\"wp-block-heading\">Le tutoriel de votre produit l\u00e0 o\u00f9 il doit \u00eatre<\/h2>\n\n\n\n<p>Ajoutez le code QR StepAlong \u00e0 l'emballage de votre produit, publiez-le sur votre site web, afin que vos clients puissent obtenir de l'aide d\u00e8s qu'ils en ont besoin.<\/p>\n\n\n\n<p>Vous pouvez \u00e9galement cr\u00e9er votre propre microsite de tutoriels de produits avec StepAlong et regrouper toutes les instructions relatives \u00e0 vos produits en un seul endroit.<\/p>\n<\/div><figure class=\"wp-block-media-text__media\"><img loading=\"lazy\" decoding=\"async\" width=\"1024\" height=\"680\" src=\"https:\/\/www.stepalong.com\/wp-content\/uploads\/2023\/12\/qr-code-packaging.jpg\" alt=\"Code QR sur l&#039;emballage\" class=\"wp-image-3778 size-full\" srcset=\"https:\/\/www.stepalong.com\/wp-content\/uploads\/2023\/12\/qr-code-packaging.jpg 1024w, https:\/\/www.stepalong.com\/wp-content\/uploads\/2023\/12\/qr-code-packaging-300x199.jpg 300w, https:\/\/www.stepalong.com\/wp-content\/uploads\/2023\/12\/qr-code-packaging-768x510.jpg 768w, https:\/\/www.stepalong.com\/wp-content\/uploads\/2023\/12\/qr-code-packaging-18x12.jpg 18w\" sizes=\"auto, (max-width: 1024px) 100vw, 1024px\" \/><\/figure><\/div>\n\n\n\n<div style=\"height:var(--wp--preset--spacing--80)\" aria-hidden=\"true\" class=\"wp-block-spacer\"><\/div>\n\n\n\n<div class=\"wp-block-media-text is-stacked-on-mobile shadow rounded\"><figure class=\"wp-block-media-text__media\"><img loading=\"lazy\" decoding=\"async\" width=\"1024\" height=\"682\" src=\"https:\/\/www.stepalong.com\/wp-content\/uploads\/2023\/11\/ecommerce-2-1024x682.jpg\" alt=\"Instructions StepAlong ou PDF\" class=\"wp-image-3503 size-full\" srcset=\"https:\/\/www.stepalong.com\/wp-content\/uploads\/2023\/11\/ecommerce-2-1024x682.jpg 1024w, https:\/\/www.stepalong.com\/wp-content\/uploads\/2023\/11\/ecommerce-2-300x200.jpg 300w, https:\/\/www.stepalong.com\/wp-content\/uploads\/2023\/11\/ecommerce-2-768x511.jpg 768w, https:\/\/www.stepalong.com\/wp-content\/uploads\/2023\/11\/ecommerce-2-1536x1022.jpg 1536w, https:\/\/www.stepalong.com\/wp-content\/uploads\/2023\/11\/ecommerce-2-18x12.jpg 18w, https:\/\/www.stepalong.com\/wp-content\/uploads\/2023\/11\/ecommerce-2.jpg 2048w\" sizes=\"auto, (max-width: 1024px) 100vw, 1024px\" \/><\/figure><div class=\"wp-block-media-text__content\">\n<h2 class=\"wp-block-heading\">Cr\u00e9ez du neuf ou r\u00e9utilisez ce que vous avez d\u00e9j\u00e0<\/h2>\n\n\n\n<p>Cr\u00e9ez un nouveau StepAlong \u00e0 partir de z\u00e9ro, r\u00e9utilisez vos contenus YouTube, Instagram et autres m\u00e9dias sociaux, ou mettez \u00e0 jour vos manuels PDF, afin de cr\u00e9er une meilleure exp\u00e9rience d'installation et d'utilisation pour vos clients.<\/p>\n<\/div><\/div>\n\n\n\n<div style=\"height:36px\" aria-hidden=\"true\" class=\"wp-block-spacer\"><\/div>\n\n\n\n<div style=\"height:36px\" aria-hidden=\"true\" class=\"wp-block-spacer\"><\/div>\n\n\n\n<div class=\"wp-block-media-text has-media-on-the-right is-stacked-on-mobile shadow rounded\"><div class=\"wp-block-media-text__content\">\n<h2 class=\"wp-block-heading\">S'adapter aux changements de produits et au retour d'information des clients<\/h2>\n\n\n\n<p>Les produits et leurs composants changent souvent, ou les clients peuvent \u00eatre d\u00e9rout\u00e9s par une \u00e9tape sp\u00e9cifique.<\/p>\n\n\n\n<p>Avec StepAlong, vous pouvez effectuer des mises \u00e0 jour \u00e0 tout moment, ce qui vous permet de vous assurer que le didacticiel de votre produit est \u00e0 jour et aussi bon que possible.<\/p>\n<\/div><figure class=\"wp-block-media-text__media\"><img loading=\"lazy\" decoding=\"async\" width=\"1024\" height=\"681\" src=\"https:\/\/www.stepalong.com\/wp-content\/uploads\/2023\/11\/Question-1024x681.png\" alt=\"Question d&#039;un utilisateur sur un mode d&#039;emploi par \u00e9tapes\" class=\"wp-image-3650 size-full\" srcset=\"https:\/\/www.stepalong.com\/wp-content\/uploads\/2023\/11\/Question-1024x681.png 1024w, https:\/\/www.stepalong.com\/wp-content\/uploads\/2023\/11\/Question-300x200.png 300w, https:\/\/www.stepalong.com\/wp-content\/uploads\/2023\/11\/Question-768x511.png 768w, https:\/\/www.stepalong.com\/wp-content\/uploads\/2023\/11\/Question-18x12.png 18w, https:\/\/www.stepalong.com\/wp-content\/uploads\/2023\/11\/Question.png 1536w\" sizes=\"auto, (max-width: 1024px) 100vw, 1024px\" \/><\/figure><\/div>\n\n\n\n<div style=\"height:var(--wp--preset--spacing--80)\" aria-hidden=\"true\" class=\"wp-block-spacer\"><\/div>\n\n\n\n<div class=\"wp-block-cover alignwide\" style=\"border-radius:8px;padding-right:3em;padding-left:3em\"><img loading=\"lazy\" decoding=\"async\" width=\"2560\" height=\"1061\" class=\"wp-block-cover__image-background wp-image-3654\" alt=\"\" src=\"https:\/\/www.stepalong.com\/wp-content\/uploads\/2023\/11\/speaker-background.jpg\" data-object-fit=\"cover\" srcset=\"https:\/\/www.stepalong.com\/wp-content\/uploads\/2023\/11\/speaker-background.jpg 2560w, https:\/\/www.stepalong.com\/wp-content\/uploads\/2023\/11\/speaker-background-300x124.jpg 300w, https:\/\/www.stepalong.com\/wp-content\/uploads\/2023\/11\/speaker-background-1024x424.jpg 1024w, https:\/\/www.stepalong.com\/wp-content\/uploads\/2023\/11\/speaker-background-768x318.jpg 768w, https:\/\/www.stepalong.com\/wp-content\/uploads\/2023\/11\/speaker-background-1536x637.jpg 1536w, https:\/\/www.stepalong.com\/wp-content\/uploads\/2023\/11\/speaker-background-2048x849.jpg 2048w, https:\/\/www.stepalong.com\/wp-content\/uploads\/2023\/11\/speaker-background-18x7.jpg 18w\" sizes=\"auto, (max-width: 2560px) 100vw, 2560px\" \/><span aria-hidden=\"true\" class=\"wp-block-cover__background has-background-dim-70 has-background-dim\"><\/span><div class=\"wp-block-cover__inner-container is-layout-constrained wp-container-core-cover-is-layout-729e5ae5 wp-block-cover-is-layout-constrained\">\n<div class=\"wp-block-uagb-advanced-heading uagb-block-dd4ebf76\"><h2 class=\"uagb-heading-text\">Un outil d\u00e9di\u00e9 \u00e0 la cr\u00e9ation, \u00e0 la publication et \u00e0 la gestion de tutoriels sur les produits<\/h2><\/div>\n\n\n\n<div class=\"wp-block-columns is-layout-flex wp-container-core-columns-is-layout-28f84493 wp-block-columns-is-layout-flex\">\n<div class=\"wp-block-column is-layout-flow wp-block-column-is-layout-flow\" style=\"flex-basis:50%\">\n<p>StepAlong est un outil d\u00e9di\u00e9 \u00e0 la cr\u00e9ation, \u00e0 la maintenance et \u00e0 la gestion de tous les aspects des tutoriels, des modes d'emploi et des instructions sur les produits.<\/p>\n<\/div>\n\n\n\n<div class=\"wp-block-column is-layout-flow wp-block-column-is-layout-flow\" style=\"flex-basis:50%\">\n<p>Son approche structur\u00e9e vous aidera \u00e0 produire plus efficacement des tutoriels de produits plus clairs et de meilleure qualit\u00e9.<\/p>\n<\/div>\n<\/div>\n<\/div><\/div>\n\n\n\n<div style=\"height:var(--wp--preset--spacing--80)\" aria-hidden=\"true\" class=\"wp-block-spacer\"><\/div>\n\n\n\n<div class=\"wp-block-media-text is-stacked-on-mobile shadow rounded\"><figure class=\"wp-block-media-text__media\"><img loading=\"lazy\" decoding=\"async\" width=\"1024\" height=\"680\" src=\"https:\/\/www.stepalong.com\/wp-content\/uploads\/2023\/12\/customers-happy.jpg\" alt=\"Un couple monte un meuble en suivant un StepAlong\" class=\"wp-image-3670 size-full\" srcset=\"https:\/\/www.stepalong.com\/wp-content\/uploads\/2023\/12\/customers-happy.jpg 1024w, https:\/\/www.stepalong.com\/wp-content\/uploads\/2023\/12\/customers-happy-300x199.jpg 300w, https:\/\/www.stepalong.com\/wp-content\/uploads\/2023\/12\/customers-happy-768x510.jpg 768w, https:\/\/www.stepalong.com\/wp-content\/uploads\/2023\/12\/customers-happy-18x12.jpg 18w\" sizes=\"auto, (max-width: 1024px) 100vw, 1024px\" \/><\/figure><div class=\"wp-block-media-text__content\">\n<h2 class=\"wp-block-heading\">Moins d'appels au service client\u00e8le, plus de clients satisfaits<\/h2>\n\n\n\n<p>Les clients peuvent renvoyer vos produits s'ils les trouvent difficiles \u00e0 utiliser ou \u00e0 installer.<\/p>\n\n\n\n<p>StepAlong vous permet d'\u00eatre plus efficace dans l'installation et l'utilisation de vos produits, ce qui signifie que les clients peuvent \u00eatre op\u00e9rationnels plus rapidement et qu'ils appellent moins souvent votre service d'assistance.<\/p>\n<\/div><\/div>\n\n\n\n<div style=\"height:var(--wp--preset--spacing--80)\" aria-hidden=\"true\" class=\"wp-block-spacer\"><\/div>\n\n\n\n<div class=\"wp-block-cover\" style=\"border-radius:16px;min-height:360px;aspect-ratio:unset;\"><img loading=\"lazy\" decoding=\"async\" width=\"1000\" height=\"750\" class=\"wp-block-cover__image-background wp-image-7388 size-full\" alt=\"\" src=\"https:\/\/www.stepalong.com\/wp-content\/uploads\/2025\/04\/rattan.jpg\" data-object-fit=\"cover\" srcset=\"https:\/\/www.stepalong.com\/wp-content\/uploads\/2025\/04\/rattan.jpg 1000w, https:\/\/www.stepalong.com\/wp-content\/uploads\/2025\/04\/rattan-300x225.jpg 300w, https:\/\/www.stepalong.com\/wp-content\/uploads\/2025\/04\/rattan-768x576.jpg 768w, https:\/\/www.stepalong.com\/wp-content\/uploads\/2025\/04\/rattan-16x12.jpg 16w\" sizes=\"auto, (max-width: 1000px) 100vw, 1000px\" \/><span aria-hidden=\"true\" class=\"wp-block-cover__background has-raft-fg-background-color has-background-dim-60 has-background-dim\"><\/span><div class=\"wp-block-cover__inner-container is-layout-constrained wp-block-cover-is-layout-constrained\">\n<div class=\"wp-block-columns is-layout-flex wp-container-core-columns-is-layout-4f8469d8 wp-block-columns-is-layout-flex\" style=\"padding-top:var(--wp--preset--spacing--60);padding-right:var(--wp--preset--spacing--60);padding-bottom:var(--wp--preset--spacing--60);padding-left:var(--wp--preset--spacing--60)\">\n<div class=\"wp-block-column is-vertically-aligned-center is-layout-flow wp-block-column-is-layout-flow\" style=\"flex-basis:33.33%\">\n<figure class=\"wp-block-image size-full\"><img loading=\"lazy\" decoding=\"async\" width=\"610\" height=\"150\" src=\"https:\/\/www.stepalong.com\/wp-content\/uploads\/2025\/04\/time4sleep-logo-white.png\" alt=\"Time4Sleep\" class=\"wp-image-7385\" srcset=\"https:\/\/www.stepalong.com\/wp-content\/uploads\/2025\/04\/time4sleep-logo-white.png 610w, https:\/\/www.stepalong.com\/wp-content\/uploads\/2025\/04\/time4sleep-logo-white-300x74.png 300w, https:\/\/www.stepalong.com\/wp-content\/uploads\/2025\/04\/time4sleep-logo-white-18x4.png 18w\" sizes=\"auto, (max-width: 610px) 100vw, 610px\" \/><\/figure>\n<\/div>\n\n\n\n<div class=\"wp-block-column is-layout-flow wp-block-column-is-layout-flow\" style=\"flex-basis:66.66%\">\n<p class=\"has-raft-bg-alt-color has-text-color has-link-color wp-elements-f4891054c9576b95ef229fdfd9205954\"><a href=\"https:\/\/www.stepalong.com\/fr\/clients-time4sleep\/\" data-type=\"page\" data-id=\"7376\">Time4Sleep &amp; StepAlong<\/a><\/p>\n\n\n\n<p class=\"has-medium-font-size\"><strong>StepAlong a permis \u00e0 Time4Sleep de moderniser les informations sur les produits, d'\u00e9liminer les goulets d'\u00e9tranglement en mati\u00e8re de mise \u00e0 jour et d'am\u00e9liorer l'exp\u00e9rience des clients gr\u00e2ce \u00e0 des instructions claires et consultables.<\/strong><\/p>\n\n\n\n<div class=\"wp-block-buttons is-layout-flex wp-block-buttons-is-layout-flex\">\n<div class=\"wp-block-button is-style-outline is-style-outline--2\"><a class=\"wp-block-button__link wp-element-button\" href=\"https:\/\/www.stepalong.com\/fr\/clients-time4sleep\/\">Lire l'\u00e9tude de cas<\/a><\/div>\n<\/div>\n<\/div>\n<\/div>\n<\/div><\/div>\n\n\n\n<div style=\"height:var(--wp--preset--spacing--80)\" aria-hidden=\"true\" class=\"wp-block-spacer\"><\/div>\n\n\n\n<div class=\"wp-block-columns is-layout-flex wp-container-core-columns-is-layout-14cf5ab5 wp-block-columns-is-layout-flex\">\n<div class=\"wp-block-column is-layout-flow wp-block-column-is-layout-flow\">\n<div class=\"wp-block-group feature is-layout-constrained wp-block-group-is-layout-constrained\">\n<div class=\"wp-block-columns is-layout-flex wp-container-core-columns-is-layout-cbe57604 wp-block-columns-is-layout-flex\">\n<div class=\"wp-block-column is-layout-flow wp-block-column-is-layout-flow\">\n<figure class=\"wp-block-image size-large rounded\"><img loading=\"lazy\" decoding=\"async\" width=\"1024\" height=\"1024\" src=\"https:\/\/www.stepalong.com\/wp-content\/uploads\/2025\/08\/stepalong-roi-calculator-1024x1024.webp\" alt=\"Calculateur de retour sur investissement StepAlong\" class=\"wp-image-8026\" srcset=\"https:\/\/www.stepalong.com\/wp-content\/uploads\/2025\/08\/stepalong-roi-calculator-1024x1024.webp 1024w, https:\/\/www.stepalong.com\/wp-content\/uploads\/2025\/08\/stepalong-roi-calculator-300x300.webp 300w, https:\/\/www.stepalong.com\/wp-content\/uploads\/2025\/08\/stepalong-roi-calculator-150x150.webp 150w, https:\/\/www.stepalong.com\/wp-content\/uploads\/2025\/08\/stepalong-roi-calculator-768x768.webp 768w, https:\/\/www.stepalong.com\/wp-content\/uploads\/2025\/08\/stepalong-roi-calculator-12x12.webp 12w, https:\/\/www.stepalong.com\/wp-content\/uploads\/2025\/08\/stepalong-roi-calculator.webp 1420w\" sizes=\"auto, (max-width: 1024px) 100vw, 1024px\" \/><\/figure>\n<\/div>\n\n\n\n<div class=\"wp-block-column is-layout-flow wp-block-column-is-layout-flow\">\n<h3 class=\"wp-block-heading\">Calculez vos \u00e9conomies potentielles<\/h3>\n\n\n\n<p>D\u00e9couvrez les \u00e9conomies que votre entreprise peut r\u00e9aliser en adoptant la plateforme d'enseignement num\u00e9rique de StepAlong, aliment\u00e9e par l'IA.<\/p>\n\n\n\n<div style=\"height:0px\" aria-hidden=\"true\" class=\"wp-block-spacer\"><\/div>\n<\/div>\n<\/div>\n\n\n\n<div style=\"height:1em\" aria-hidden=\"true\" class=\"wp-block-spacer\"><\/div>\n\n\n\n<div class=\"wp-block-buttons is-content-justification-center is-layout-flex wp-container-core-buttons-is-layout-a89b3969 wp-block-buttons-is-layout-flex\">\n<div class=\"wp-block-button is-style-outline is-style-outline--3\"><a class=\"wp-block-button__link has-custom-purple-color has-text-color has-link-color has-border-color has-custom-purple-border-color wp-element-button\" href=\"https:\/\/www.stepalong.com\/fr\/calculateur-de-roi\/\">Calculez vos \u00e9conomies<\/a><\/div>\n<\/div>\n<\/div>\n<\/div>\n\n\n\n<div class=\"wp-block-column is-vertically-aligned-center is-layout-flow wp-block-column-is-layout-flow\">\n<p>Chez StepAlong, nous nous sommes concentr\u00e9s sur ce dont les clients ont besoin pour avoir une bonne exp\u00e9rience des instructions sur les produits :<\/p>\n\n\n\n<ul class=\"wp-block-list\">\n<li><strong>Priorit\u00e9 au mobile<\/strong><br>Aucun t\u00e9l\u00e9chargement d'application n'est n\u00e9cessaire, il suffit d'ouvrir et de suivre.<\/li>\n\n\n\n<li><strong>\u00c9tapes guid\u00e9es<\/strong><br>Une structure logique, \u00e9tape par \u00e9tape, pour plus de clart\u00e9<\/li>\n\n\n\n<li><strong>Formats flexibles<\/strong><br>PDF t\u00e9l\u00e9chargeables pour ceux qui le pr\u00e9f\u00e8rent<\/li>\n\n\n\n<li><strong>D\u00e9couverte facile<\/strong><br>Accessible via Google, ChatGPT et d'autres moteurs de recherche<\/li>\n\n\n\n<li><strong>Contenu localis\u00e9<\/strong><br>Instructions dans la langue de vos clients<\/li>\n<\/ul>\n\n\n\n<div style=\"height:1em\" aria-hidden=\"true\" class=\"wp-block-spacer\"><\/div>\n\n\n\n<div class=\"wp-block-buttons is-content-justification-center is-layout-flex wp-container-core-buttons-is-layout-a89b3969 wp-block-buttons-is-layout-flex\">\n<div class=\"wp-block-button is-style-fill\"><a class=\"wp-block-button__link has-raft-fg-alt-color has-custom-purple-background-color has-text-color has-background has-link-color has-text-align-center wp-element-button\" href=\"https:\/\/www.stepalong.com\/fr\/reserver-une-demonstration\/\">R\u00e9server une d\u00e9monstration<\/a><\/div>\n<\/div>\n<\/div>\n<\/div>\n\n\n\n<p><\/p>","protected":false},"excerpt":{"rendered":"<p>Vos instructions PDF ne fonctionnent pas Vous avez consacr\u00e9 du temps et de l'argent \u00e0 la cr\u00e9ation d'une marque de qualit\u00e9, pour ensuite la g\u00e2cher avec des instructions d'installation et d'utilisation m\u00e9diocres ? StepAlong est un moyen puissant pour les entreprises de produits de consommation de cr\u00e9er des tutoriels de produits qui aident r\u00e9ellement leurs clients (et non pas de jurer et de maudire le PDF pourri). Votre tutoriel produit l\u00e0 o\u00f9 il [...]<\/p>","protected":false},"author":1,"featured_media":0,"parent":0,"menu_order":0,"comment_status":"closed","ping_status":"closed","template":"wp-custom-template-landing-page-b","meta":{"content-type":"","_uag_custom_page_level_css":"","footnotes":""},"class_list":["post-3494","page","type-page","status-publish","hentry"],"aioseo_notices":[],"mb":[],"uagb_featured_image_src":{"full":false,"thumbnail":false,"medium":false,"medium_large":false,"large":false,"1536x1536":false,"2048x2048":false,"trp-custom-language-flag":false},"uagb_author_info":{"display_name":"Sergi S\u00e1nchez Mancha","author_link":"https:\/\/www.stepalong.com\/fr\/author\/sergiostepalong-com\/"},"uagb_comment_info":0,"uagb_excerpt":"Your PDF instructions aren&#8217;t working Have you spent time and money creating a great brand, then spoil it with poor setup and usage instructions? StepAlong is a powerful way for consumer product companies to create product tutorials that really help their customers (and not swear and curse the crappy PDF). Your product tutorial where it\u2026","mfb_rest_fields":["title","aioseo_notices","uagb_featured_image_src","uagb_author_info","uagb_comment_info","uagb_excerpt"],"_links":{"self":[{"href":"https:\/\/www.stepalong.com\/fr\/wp-json\/wp\/v2\/pages\/3494","targetHints":{"allow":["GET"]}}],"collection":[{"href":"https:\/\/www.stepalong.com\/fr\/wp-json\/wp\/v2\/pages"}],"about":[{"href":"https:\/\/www.stepalong.com\/fr\/wp-json\/wp\/v2\/types\/page"}],"author":[{"embeddable":true,"href":"https:\/\/www.stepalong.com\/fr\/wp-json\/wp\/v2\/users\/1"}],"replies":[{"embeddable":true,"href":"https:\/\/www.stepalong.com\/fr\/wp-json\/wp\/v2\/comments?post=3494"}],"version-history":[{"count":60,"href":"https:\/\/www.stepalong.com\/fr\/wp-json\/wp\/v2\/pages\/3494\/revisions"}],"predecessor-version":[{"id":8010,"href":"https:\/\/www.stepalong.com\/fr\/wp-json\/wp\/v2\/pages\/3494\/revisions\/8010"}],"wp:attachment":[{"href":"https:\/\/www.stepalong.com\/fr\/wp-json\/wp\/v2\/media?parent=3494"}],"curies":[{"name":"wp","href":"https:\/\/api.w.org\/{rel}","templated":true}]}}