{"id":3229,"date":"2023-10-12T16:02:55","date_gmt":"2023-10-12T14:02:55","guid":{"rendered":"https:\/\/www.stepalong.com\/?page_id=3229"},"modified":"2025-08-27T20:40:48","modified_gmt":"2025-08-27T18:40:48","slug":"caracteristiques","status":"publish","type":"page","link":"https:\/\/www.stepalong.com\/fr\/caracteristiques\/","title":{"rendered":"Caract\u00e9ristiques du produit StepAlong"},"content":{"rendered":"<p class=\"has-large-font-size\"><strong>StepAlong est un outil aliment\u00e9 par l'IA qui permet de cr\u00e9er des instructions efficaces sur les produits afin d'am\u00e9liorer l'exp\u00e9rience des clients.<\/strong><\/p>\n\n\n\n<p>Cr\u00e9ez des exp\u00e9riences sans frustration avec des instructions de produits sans effort, rendues simples par l'IA.<\/p>\n\n\n\n<p>Elle se concentre sur les marques de consommation qui proposent des produits et des projets physiques et concrets.<\/p>\n\n\n\n<div class=\"wp-block-buttons is-layout-flex wp-block-buttons-is-layout-flex\">\n<div class=\"wp-block-button\"><a class=\"wp-block-button__link wp-element-button\" href=\"https:\/\/www.stepalong.com\/fr\/reserver-une-demonstration\/\" style=\"border-style:none;border-width:0px\">R\u00e9server une d\u00e9monstration<\/a><\/div>\n<\/div>\n\n\n\n<div style=\"height:4em\" aria-hidden=\"true\" class=\"wp-block-spacer\"><\/div>\n\n\n\n<div class=\"wp-block-columns is-layout-flex wp-container-core-columns-is-layout-14cf5ab5 wp-block-columns-is-layout-flex\">\n<div class=\"wp-block-column is-layout-flow wp-block-column-is-layout-flow\" style=\"flex-basis:50%\">\n<div class=\"wp-block-uagb-advanced-heading uagb-block-ea1f6497\"><h2 class=\"uagb-heading-text\">Le joueur de StepAlong<\/h2><\/div>\n\n\n\n<p>Remplace les PDF d\u00e9routants et les vid\u00e9os frustrantes, en offrant une nouvelle fa\u00e7on, centr\u00e9e sur l'utilisateur, de suivre les instructions relatives aux produits.<\/p>\n\n\n\n<ul class=\"wp-block-list\">\n<li>Effectuer la t\u00e2che \u00e0 leur propre rythme.<\/li>\n\n\n\n<li>Une approche pas \u00e0 pas de la complexit\u00e9 de la d\u00e9composition.<\/li>\n\n\n\n<li>Possibilit\u00e9 de demander une aide contextuelle \u00e0 l'auteur.<\/li>\n\n\n\n<li>Fonctionne sur tous les appareils.<\/li>\n<\/ul>\n<\/div>\n\n\n\n<div class=\"wp-block-column is-layout-flow wp-block-column-is-layout-flow\" style=\"flex-basis:50%\">\n<figure class=\"wp-block-image size-full\"><img loading=\"lazy\" decoding=\"async\" width=\"1175\" height=\"875\" src=\"https:\/\/www.stepalong.com\/wp-content\/uploads\/2024\/08\/StepAlong-player-1.png\" alt=\"StepAlong-player\" class=\"wp-image-5256\" srcset=\"https:\/\/www.stepalong.com\/wp-content\/uploads\/2024\/08\/StepAlong-player-1.png 1175w, https:\/\/www.stepalong.com\/wp-content\/uploads\/2024\/08\/StepAlong-player-1-300x223.png 300w, https:\/\/www.stepalong.com\/wp-content\/uploads\/2024\/08\/StepAlong-player-1-1024x763.png 1024w, https:\/\/www.stepalong.com\/wp-content\/uploads\/2024\/08\/StepAlong-player-1-768x572.png 768w, https:\/\/www.stepalong.com\/wp-content\/uploads\/2024\/08\/StepAlong-player-1-16x12.png 16w\" sizes=\"auto, (max-width: 1175px) 100vw, 1175px\" \/><\/figure>\n<\/div>\n<\/div>\n\n\n\n<div style=\"height:4em\" aria-hidden=\"true\" class=\"wp-block-spacer\"><\/div>\n\n\n\n<div class=\"wp-block-columns is-layout-flex wp-container-core-columns-is-layout-14cf5ab5 wp-block-columns-is-layout-flex\">\n<div class=\"wp-block-column is-layout-flow wp-block-column-is-layout-flow\" style=\"flex-basis:50%\">\n<figure class=\"wp-block-image size-large\"><img loading=\"lazy\" decoding=\"async\" width=\"1024\" height=\"723\" src=\"https:\/\/www.stepalong.com\/wp-content\/uploads\/2024\/08\/StepAlong-Shopify-1024x723.png\" alt=\"StepAlong Shopify\" class=\"wp-image-5237\" srcset=\"https:\/\/www.stepalong.com\/wp-content\/uploads\/2024\/08\/StepAlong-Shopify-1024x723.png 1024w, https:\/\/www.stepalong.com\/wp-content\/uploads\/2024\/08\/StepAlong-Shopify-300x212.png 300w, https:\/\/www.stepalong.com\/wp-content\/uploads\/2024\/08\/StepAlong-Shopify-768x542.png 768w, https:\/\/www.stepalong.com\/wp-content\/uploads\/2024\/08\/StepAlong-Shopify-18x12.png 18w, https:\/\/www.stepalong.com\/wp-content\/uploads\/2024\/08\/StepAlong-Shopify.png 1405w\" sizes=\"auto, (max-width: 1024px) 100vw, 1024px\" \/><\/figure>\n<\/div>\n\n\n\n<div class=\"wp-block-column is-layout-flow wp-block-column-is-layout-flow\" style=\"flex-basis:50%\">\n<h2 class=\"wp-block-heading\">L'\u00e9dition flexible<\/h2>\n\n\n\n<p>Publier n'importe o\u00f9 et n'importe comment :<\/p>\n\n\n\n<ul class=\"wp-block-list\">\n<li>C'est aussi simple que d'ajouter une vid\u00e9o sur YouTube.<\/li>\n\n\n\n<li>Shopify et WooCommerce.<\/li>\n\n\n\n<li>Sites web des partenaires.<\/li>\n\n\n\n<li>Publier avec code d'acc\u00e8s.<\/li>\n\n\n\n<li>Options de partage.<\/li>\n\n\n\n<li>G\u00e9n\u00e9rateur de QR int\u00e9gr\u00e9.<\/li>\n<\/ul>\n<\/div>\n<\/div>\n\n\n\n<div style=\"height:4em\" aria-hidden=\"true\" class=\"wp-block-spacer\"><\/div>\n\n\n\n<div class=\"wp-block-columns is-layout-flex wp-container-core-columns-is-layout-14cf5ab5 wp-block-columns-is-layout-flex\">\n<div class=\"wp-block-column is-layout-flow wp-block-column-is-layout-flow\" style=\"flex-basis:50%\">\n<h2 class=\"wp-block-heading\">R\u00e9utiliser les instructions existantes gr\u00e2ce \u00e0 l'IA<\/h2>\n\n\n\n<p>Ajoutez l'URL de votre vid\u00e9o YouTube ou copiez et collez votre texte et StepAlong fera le reste.<\/p>\n\n\n\n<ul class=\"wp-block-list\">\n<li>Conversion assist\u00e9e par IA de tutoriels, d'instructions ou de modes d'emploi sur les produits.<\/li>\n\n\n\n<li>Transforme les vid\u00e9os en un StepAlong cibl\u00e9 que les clients peuvent suivre \u00e0 leur propre rythme.<\/li>\n\n\n\n<li>Transforme les instructions \u00e9crites en un document structur\u00e9 et facile \u00e0 consulter.<\/li>\n\n\n\n<li>Permet aux clients de choisir quand passer \u00e0 l'\u00e9tape suivante et de revenir facilement en arri\u00e8re.<\/li>\n<\/ul>\n\n\n\n<p><a href=\"https:\/\/www.stepalong.com\/fr\/reutiliser-le-contenu-de-youtube-pour-en-faire-des-tutoriels-de-produits-ameliores-par-lia\/\" title=\"R\u00e9utilisation de vid\u00e9os YouTube pour en faire des tutoriels de produits am\u00e9lior\u00e9s par l&#039;IA\">En savoir plus sur la r\u00e9utilisation du contenu gr\u00e2ce \u00e0 l'IA<\/a><\/p>\n<\/div>\n\n\n\n<div class=\"wp-block-column is-layout-flow wp-block-column-is-layout-flow\" style=\"flex-basis:50%\">\n<figure class=\"wp-block-image size-full\"><img loading=\"lazy\" decoding=\"async\" width=\"739\" height=\"749\" src=\"https:\/\/www.stepalong.com\/wp-content\/uploads\/2024\/08\/YouTube-to-StepAlong-1.png\" alt=\"YouTube \u00e0 StepAlong\" class=\"wp-image-5242\" srcset=\"https:\/\/www.stepalong.com\/wp-content\/uploads\/2024\/08\/YouTube-to-StepAlong-1.png 739w, https:\/\/www.stepalong.com\/wp-content\/uploads\/2024\/08\/YouTube-to-StepAlong-1-296x300.png 296w, https:\/\/www.stepalong.com\/wp-content\/uploads\/2024\/08\/YouTube-to-StepAlong-1-12x12.png 12w\" sizes=\"auto, (max-width: 739px) 100vw, 739px\" \/><\/figure>\n<\/div>\n<\/div>\n\n\n\n<div style=\"height:4em\" aria-hidden=\"true\" class=\"wp-block-spacer\"><\/div>\n\n\n\n<div class=\"wp-block-columns is-layout-flex wp-container-core-columns-is-layout-14cf5ab5 wp-block-columns-is-layout-flex\">\n<div class=\"wp-block-column is-layout-flow wp-block-column-is-layout-flow\" style=\"flex-basis:50%\">\n<figure class=\"wp-block-image size-large\"><img loading=\"lazy\" decoding=\"async\" width=\"1024\" height=\"664\" src=\"https:\/\/www.stepalong.com\/wp-content\/uploads\/2024\/08\/StepAlong-dashboard-1-1024x664.png\" alt=\"Tableau de bord StepAlong\" class=\"wp-image-5246\" srcset=\"https:\/\/www.stepalong.com\/wp-content\/uploads\/2024\/08\/StepAlong-dashboard-1-1024x664.png 1024w, https:\/\/www.stepalong.com\/wp-content\/uploads\/2024\/08\/StepAlong-dashboard-1-300x195.png 300w, https:\/\/www.stepalong.com\/wp-content\/uploads\/2024\/08\/StepAlong-dashboard-1-768x498.png 768w, https:\/\/www.stepalong.com\/wp-content\/uploads\/2024\/08\/StepAlong-dashboard-1-1536x996.png 1536w, https:\/\/www.stepalong.com\/wp-content\/uploads\/2024\/08\/StepAlong-dashboard-1-18x12.png 18w, https:\/\/www.stepalong.com\/wp-content\/uploads\/2024\/08\/StepAlong-dashboard-1.png 1540w\" sizes=\"auto, (max-width: 1024px) 100vw, 1024px\" \/><\/figure>\n<\/div>\n\n\n\n<div class=\"wp-block-column is-layout-flow wp-block-column-is-layout-flow\" style=\"flex-basis:50%\">\n<h2 class=\"wp-block-heading\">Cr\u00e9er et mettre \u00e0 jour dans un seul tableau de bord<\/h2>\n\n\n\n<p>Un outil d\u00e9di\u00e9 aux guides pratiques et aux tutoriels de produits.<\/p>\n\n\n\n<ul class=\"wp-block-list\">\n<li>Construisez n'importe o\u00f9 : sur votre t\u00e9l\u00e9phone ou \u00e0 votre bureau.<\/li>\n\n\n\n<li>Veillez \u00e0 la structure et \u00e0 la coh\u00e9rence de votre mode d'emploi.<\/li>\n\n\n\n<li>Ajoutez des images, des vid\u00e9os et du texte pour une orientation visuelle claire.<\/li>\n<\/ul>\n<\/div>\n<\/div>\n\n\n\n<div style=\"height:4em\" aria-hidden=\"true\" class=\"wp-block-spacer\"><\/div>\n\n\n\n<div class=\"wp-block-columns is-layout-flex wp-container-core-columns-is-layout-14cf5ab5 wp-block-columns-is-layout-flex\">\n<div class=\"wp-block-column is-layout-flow wp-block-column-is-layout-flow\" style=\"flex-basis:50%\">\n<h2 class=\"wp-block-heading\">Mesurer la r\u00e9ussite de l'enseignement<\/h2>\n\n\n\n<p>Mettez \u00e0 jour, clarifiez et am\u00e9liorez votre StepAlong avec l'aide de l'analyse p\u00e9dagogique comme vous ne l'avez jamais fait auparavant :<\/p>\n\n\n\n<ul class=\"wp-block-list\">\n<li>\u00c9valuation par les utilisateurs de l'accomplissement des t\u00e2ches et de l'exp\u00e9rience.<\/li>\n\n\n\n<li>Analyses : renvois, vues et ach\u00e8vements.<\/li>\n\n\n\n<li>Recevoir un retour d'information sur les \u00e9tapes qui pr\u00eatent \u00e0 confusion.<\/li>\n<\/ul>\n<\/div>\n\n\n\n<div class=\"wp-block-column is-layout-flow wp-block-column-is-layout-flow\" style=\"flex-basis:50%\">\n<figure class=\"wp-block-image size-large\"><img loading=\"lazy\" decoding=\"async\" width=\"1024\" height=\"978\" src=\"https:\/\/www.stepalong.com\/wp-content\/uploads\/2024\/08\/StepAlong-analytics-1024x978.png\" alt=\"StepAlong-analytics\" class=\"wp-image-5247\" srcset=\"https:\/\/www.stepalong.com\/wp-content\/uploads\/2024\/08\/StepAlong-analytics-1024x978.png 1024w, https:\/\/www.stepalong.com\/wp-content\/uploads\/2024\/08\/StepAlong-analytics-300x287.png 300w, https:\/\/www.stepalong.com\/wp-content\/uploads\/2024\/08\/StepAlong-analytics-768x734.png 768w, https:\/\/www.stepalong.com\/wp-content\/uploads\/2024\/08\/StepAlong-analytics-13x12.png 13w, https:\/\/www.stepalong.com\/wp-content\/uploads\/2024\/08\/StepAlong-analytics.png 1124w\" sizes=\"auto, (max-width: 1024px) 100vw, 1024px\" \/><\/figure>\n<\/div>\n<\/div>\n\n\n\n<div style=\"height:4em\" aria-hidden=\"true\" class=\"wp-block-spacer\"><\/div>\n\n\n\n<div class=\"wp-block-columns is-layout-flex wp-container-core-columns-is-layout-14cf5ab5 wp-block-columns-is-layout-flex\">\n<div class=\"wp-block-column is-layout-flow wp-block-column-is-layout-flow\" style=\"flex-basis:50%\">\n<figure class=\"wp-block-image size-large\"><img loading=\"lazy\" decoding=\"async\" width=\"1024\" height=\"786\" src=\"https:\/\/www.stepalong.com\/wp-content\/uploads\/2024\/08\/StepAlong-translations-1024x786.png\" alt=\"StepAlong-translations\" class=\"wp-image-5248\" srcset=\"https:\/\/www.stepalong.com\/wp-content\/uploads\/2024\/08\/StepAlong-translations-1024x786.png 1024w, https:\/\/www.stepalong.com\/wp-content\/uploads\/2024\/08\/StepAlong-translations-300x230.png 300w, https:\/\/www.stepalong.com\/wp-content\/uploads\/2024\/08\/StepAlong-translations-768x590.png 768w, https:\/\/www.stepalong.com\/wp-content\/uploads\/2024\/08\/StepAlong-translations-16x12.png 16w, https:\/\/www.stepalong.com\/wp-content\/uploads\/2024\/08\/StepAlong-translations.png 1124w\" sizes=\"auto, (max-width: 1024px) 100vw, 1024px\" \/><\/figure>\n<\/div>\n\n\n\n<div class=\"wp-block-column is-layout-flow wp-block-column-is-layout-flow\" style=\"flex-basis:50%\">\n<h2 class=\"wp-block-heading\">Des traductions en toute simplicit\u00e9<\/h2>\n\n\n\n<p>Des traductions de haute qualit\u00e9, sensibles au contexte.<\/p>\n\n\n\n<ul class=\"wp-block-list\">\n<li>Une interface simple vous permet de r\u00e9viser et de mettre \u00e0 jour toutes les traductions.<\/li>\n\n\n\n<li>Ajoutez des collaborateurs pour r\u00e9viser et travailler sur les traductions.<\/li>\n\n\n\n<li>Le contenu multilingue accro\u00eet la visibilit\u00e9 de vos produits dans les r\u00e9sultats de recherche internationaux.<\/li>\n<\/ul>\n\n\n\n<p><a href=\"https:\/\/www.stepalong.com\/fr\/traduction-des-instructions-du-produit-ai\/\">En savoir plus sur notre traduction assist\u00e9e par l'IA<\/a><\/p>\n<\/div>\n<\/div>\n\n\n\n<div style=\"height:4em\" aria-hidden=\"true\" class=\"wp-block-spacer\"><\/div>\n\n\n\n<div class=\"wp-block-columns is-layout-flex wp-container-core-columns-is-layout-14cf5ab5 wp-block-columns-is-layout-flex\">\n<div class=\"wp-block-column is-layout-flow wp-block-column-is-layout-flow\">\n<h2 class=\"wp-block-heading\">Centre d'instruction cl\u00e9 en main<\/h2>\n\n\n\n<p>Une base de connaissances pour les instructions relatives \u00e0 vos produits :<\/p>\n\n\n\n<ul class=\"wp-block-list\">\n<li>H\u00e9berg\u00e9 sur un sous-domaine personnalis\u00e9 de votre site web, par exemple instructions.yoursite.com<\/li>\n\n\n\n<li>L'aspect et la convivialit\u00e9 de votre marque.<\/li>\n\n\n\n<li>Contr\u00f4le total via votre tableau de bord StepAlong.<\/li>\n<\/ul>\n<\/div>\n\n\n\n<div class=\"wp-block-column is-layout-flow wp-block-column-is-layout-flow\">\n<figure class=\"wp-block-image size-large\"><img loading=\"lazy\" decoding=\"async\" width=\"1024\" height=\"773\" src=\"https:\/\/www.stepalong.com\/wp-content\/uploads\/2024\/08\/StepAlong-Instruction-Center-1024x773.png\" alt=\"Centre de formation \u00e0 la marche\" class=\"wp-image-5251\" srcset=\"https:\/\/www.stepalong.com\/wp-content\/uploads\/2024\/08\/StepAlong-Instruction-Center-1024x773.png 1024w, https:\/\/www.stepalong.com\/wp-content\/uploads\/2024\/08\/StepAlong-Instruction-Center-300x227.png 300w, https:\/\/www.stepalong.com\/wp-content\/uploads\/2024\/08\/StepAlong-Instruction-Center-768x580.png 768w, https:\/\/www.stepalong.com\/wp-content\/uploads\/2024\/08\/StepAlong-Instruction-Center-16x12.png 16w, https:\/\/www.stepalong.com\/wp-content\/uploads\/2024\/08\/StepAlong-Instruction-Center.png 1189w\" sizes=\"auto, (max-width: 1024px) 100vw, 1024px\" \/><\/figure>\n<\/div>\n<\/div>\n\n\n\n<div style=\"height:4em\" aria-hidden=\"true\" class=\"wp-block-spacer\"><\/div>\n\n\n\n<div class=\"wp-block-columns is-layout-flex wp-container-core-columns-is-layout-14cf5ab5 wp-block-columns-is-layout-flex\">\n<div class=\"wp-block-column is-layout-flow wp-block-column-is-layout-flow\">\n<figure class=\"wp-block-image size-large\"><img loading=\"lazy\" decoding=\"async\" width=\"1024\" height=\"870\" src=\"https:\/\/www.stepalong.com\/wp-content\/uploads\/2024\/08\/StepAlong-pdf-1-1024x870.png\" alt=\"StepAlong-pdf\" class=\"wp-image-5258\" srcset=\"https:\/\/www.stepalong.com\/wp-content\/uploads\/2024\/08\/StepAlong-pdf-1-1024x870.png 1024w, https:\/\/www.stepalong.com\/wp-content\/uploads\/2024\/08\/StepAlong-pdf-1-300x255.png 300w, https:\/\/www.stepalong.com\/wp-content\/uploads\/2024\/08\/StepAlong-pdf-1-768x653.png 768w, https:\/\/www.stepalong.com\/wp-content\/uploads\/2024\/08\/StepAlong-pdf-1-14x12.png 14w, https:\/\/www.stepalong.com\/wp-content\/uploads\/2024\/08\/StepAlong-pdf-1.png 1354w\" sizes=\"auto, (max-width: 1024px) 100vw, 1024px\" \/><\/figure>\n<\/div>\n\n\n\n<div class=\"wp-block-column is-layout-flow wp-block-column-is-layout-flow\">\n<h2 class=\"wp-block-heading\">G\u00e9n\u00e9ration PDF<\/h2>\n\n\n\n<p>Version imprimable \/ PDF du StepAlong pour les utilisateurs finaux qui l'appr\u00e9cient encore.<\/p>\n\n\n\n<ul class=\"wp-block-list\">\n<li>Taille de police appropri\u00e9e pour faciliter la lecture.<\/li>\n\n\n\n<li>QR code pour toujours avoir la version en ligne comme r\u00e9f\u00e9rence.<\/li>\n\n\n\n<li>Images utilisant la mise en page compl\u00e8te, afin que les utilisateurs puissent voir tous les d\u00e9tails.<\/li>\n\n\n\n<li>Les PDF peuvent \u00eatre g\u00e9n\u00e9r\u00e9s dans toutes les langues dans lesquelles vous avez cr\u00e9\u00e9 vos instructions.<\/li>\n<\/ul>\n<\/div>\n<\/div>\n\n\n\n<div style=\"height:100px\" aria-hidden=\"true\" class=\"wp-block-spacer\"><\/div>\n\n\n\n<div class=\"wp-block-columns is-layout-flex wp-container-core-columns-is-layout-14cf5ab5 wp-block-columns-is-layout-flex\">\n<div class=\"wp-block-column is-layout-flow wp-block-column-is-layout-flow\">\n<div class=\"wp-block-group feature is-layout-constrained wp-block-group-is-layout-constrained\">\n<div class=\"wp-block-columns is-layout-flex wp-container-core-columns-is-layout-cbe57604 wp-block-columns-is-layout-flex\">\n<div class=\"wp-block-column is-layout-flow wp-block-column-is-layout-flow\">\n<figure class=\"wp-block-image size-large rounded\"><img loading=\"lazy\" decoding=\"async\" width=\"1024\" height=\"1024\" src=\"https:\/\/www.stepalong.com\/wp-content\/uploads\/2025\/08\/stepalong-roi-calculator-1024x1024.webp\" alt=\"Calculateur de retour sur investissement StepAlong\" class=\"wp-image-8026\" srcset=\"https:\/\/www.stepalong.com\/wp-content\/uploads\/2025\/08\/stepalong-roi-calculator-1024x1024.webp 1024w, https:\/\/www.stepalong.com\/wp-content\/uploads\/2025\/08\/stepalong-roi-calculator-300x300.webp 300w, https:\/\/www.stepalong.com\/wp-content\/uploads\/2025\/08\/stepalong-roi-calculator-150x150.webp 150w, https:\/\/www.stepalong.com\/wp-content\/uploads\/2025\/08\/stepalong-roi-calculator-768x768.webp 768w, https:\/\/www.stepalong.com\/wp-content\/uploads\/2025\/08\/stepalong-roi-calculator-12x12.webp 12w, https:\/\/www.stepalong.com\/wp-content\/uploads\/2025\/08\/stepalong-roi-calculator.webp 1420w\" sizes=\"auto, (max-width: 1024px) 100vw, 1024px\" \/><\/figure>\n<\/div>\n\n\n\n<div class=\"wp-block-column is-layout-flow wp-block-column-is-layout-flow\">\n<h3 class=\"wp-block-heading\">Calculez vos \u00e9conomies potentielles<\/h3>\n\n\n\n<p>D\u00e9couvrez les \u00e9conomies que votre entreprise peut r\u00e9aliser en adoptant la plateforme d'enseignement num\u00e9rique de StepAlong, aliment\u00e9e par l'IA.<\/p>\n\n\n\n<div style=\"height:0px\" aria-hidden=\"true\" class=\"wp-block-spacer\"><\/div>\n<\/div>\n<\/div>\n\n\n\n<div style=\"height:1em\" aria-hidden=\"true\" class=\"wp-block-spacer\"><\/div>\n\n\n\n<div class=\"wp-block-buttons is-content-justification-center is-layout-flex wp-container-core-buttons-is-layout-a89b3969 wp-block-buttons-is-layout-flex\">\n<div class=\"wp-block-button is-style-outline is-style-outline--1\"><a class=\"wp-block-button__link has-custom-purple-color has-text-color has-link-color has-border-color has-custom-purple-border-color wp-element-button\" href=\"https:\/\/www.stepalong.com\/fr\/calculateur-de-roi\/\">Calculez vos \u00e9conomies<\/a><\/div>\n<\/div>\n<\/div>\n<\/div>\n\n\n\n<div class=\"wp-block-column is-vertically-aligned-center is-layout-flow wp-block-column-is-layout-flow\">\n<p>Chez StepAlong, nous nous sommes concentr\u00e9s sur ce dont les clients ont besoin pour avoir une bonne exp\u00e9rience des instructions sur les produits :<\/p>\n\n\n\n<ul class=\"wp-block-list\">\n<li><strong>Priorit\u00e9 au mobile<\/strong><br>Aucun t\u00e9l\u00e9chargement d'application n'est n\u00e9cessaire, il suffit d'ouvrir et de suivre.<\/li>\n\n\n\n<li><strong>\u00c9tapes guid\u00e9es<\/strong><br>Une structure logique, \u00e9tape par \u00e9tape, pour plus de clart\u00e9<\/li>\n\n\n\n<li><strong>Formats flexibles<\/strong><br>PDF t\u00e9l\u00e9chargeables pour ceux qui le pr\u00e9f\u00e8rent<\/li>\n\n\n\n<li><strong>D\u00e9couverte facile<\/strong><br>Accessible via Google, ChatGPT et d'autres moteurs de recherche<\/li>\n\n\n\n<li><strong>Contenu localis\u00e9<\/strong><br>Instructions dans la langue de vos clients<\/li>\n<\/ul>\n\n\n\n<div style=\"height:1em\" aria-hidden=\"true\" class=\"wp-block-spacer\"><\/div>\n\n\n\n<div class=\"wp-block-buttons is-content-justification-center is-layout-flex wp-container-core-buttons-is-layout-a89b3969 wp-block-buttons-is-layout-flex\">\n<div class=\"wp-block-button is-style-fill\"><a class=\"wp-block-button__link has-raft-fg-alt-color has-custom-purple-background-color has-text-color has-background has-link-color has-text-align-center wp-element-button\" href=\"https:\/\/www.stepalong.com\/fr\/reserver-une-demonstration\/\">R\u00e9server une d\u00e9monstration<\/a><\/div>\n<\/div>\n<\/div>\n<\/div>","protected":false},"excerpt":{"rendered":"<p>StepAlong est un outil aliment\u00e9 par l'IA pour cr\u00e9er des instructions de produits efficaces qui am\u00e9liorent l'exp\u00e9rience du client. Construisez des exp\u00e9riences sans frustration avec des instructions de produits sans effort, rendues simples par l'IA. Il s'adresse aux marques grand public qui proposent des produits et des projets physiques et concrets. Le lecteur StepAlong remplace les PDF d\u00e9routants et les vid\u00e9os frustrantes, en offrant une nouvelle fa\u00e7on, centr\u00e9e sur l'utilisateur, de suivre les instructions d'un produit [...]<\/p>","protected":false},"author":1,"featured_media":0,"parent":0,"menu_order":0,"comment_status":"closed","ping_status":"closed","template":"wp-custom-template-landing-page","meta":{"content-type":"","_uag_custom_page_level_css":"","footnotes":""},"class_list":["post-3229","page","type-page","status-publish","hentry"],"aioseo_notices":[],"mb":[],"uagb_featured_image_src":{"full":false,"thumbnail":false,"medium":false,"medium_large":false,"large":false,"1536x1536":false,"2048x2048":false,"trp-custom-language-flag":false},"uagb_author_info":{"display_name":"Sergi S\u00e1nchez Mancha","author_link":"https:\/\/www.stepalong.com\/fr\/author\/sergiostepalong-com\/"},"uagb_comment_info":0,"uagb_excerpt":"StepAlong is an AI powered tool to create effective product instructions that improve the customer experience Build frustration-free experiences with effortless product instructions, made simple by AI. Focussed on consumer brands with physical, real life products and projects. The StepAlong Player Replaces confusing PDFs and frustrating videos, offering a new, user-focused way to follow product\u2026","mfb_rest_fields":["title","aioseo_notices","uagb_featured_image_src","uagb_author_info","uagb_comment_info","uagb_excerpt"],"_links":{"self":[{"href":"https:\/\/www.stepalong.com\/fr\/wp-json\/wp\/v2\/pages\/3229","targetHints":{"allow":["GET"]}}],"collection":[{"href":"https:\/\/www.stepalong.com\/fr\/wp-json\/wp\/v2\/pages"}],"about":[{"href":"https:\/\/www.stepalong.com\/fr\/wp-json\/wp\/v2\/types\/page"}],"author":[{"embeddable":true,"href":"https:\/\/www.stepalong.com\/fr\/wp-json\/wp\/v2\/users\/1"}],"replies":[{"embeddable":true,"href":"https:\/\/www.stepalong.com\/fr\/wp-json\/wp\/v2\/comments?post=3229"}],"version-history":[{"count":84,"href":"https:\/\/www.stepalong.com\/fr\/wp-json\/wp\/v2\/pages\/3229\/revisions"}],"predecessor-version":[{"id":8009,"href":"https:\/\/www.stepalong.com\/fr\/wp-json\/wp\/v2\/pages\/3229\/revisions\/8009"}],"wp:attachment":[{"href":"https:\/\/www.stepalong.com\/fr\/wp-json\/wp\/v2\/media?parent=3229"}],"curies":[{"name":"wp","href":"https:\/\/api.w.org\/{rel}","templated":true}]}}