{"id":8419,"date":"2025-10-06T13:24:08","date_gmt":"2025-10-06T11:24:08","guid":{"rendered":"https:\/\/www.stepalong.com\/?page_id=8419"},"modified":"2025-10-14T12:59:30","modified_gmt":"2025-10-14T10:59:30","slug":"clientes-ecofort","status":"publish","type":"page","link":"https:\/\/www.stepalong.com\/es\/clientes-ecofort\/","title":{"rendered":"ecofort &amp; StepAlong"},"content":{"rendered":"<p class=\"subtitle\"><strong>Creaci\u00f3n del StepAlong Box Ready con los clientes: ecofort y la Gu\u00eda de inicio r\u00e1pido<\/strong><\/p>\n\n\n\n<div style=\"height:2em\" aria-hidden=\"true\" class=\"wp-block-spacer\"><\/div>\n\n\n\n<figure class=\"wp-block-image alignwide size-full rounded\"><img loading=\"lazy\" decoding=\"async\" width=\"1520\" height=\"1014\" src=\"https:\/\/www.stepalong.com\/wp-content\/uploads\/2025\/10\/ecofort-stepalong.webp\" alt=\"gu\u00eda r\u00e1pida ecofort\" class=\"wp-image-8420\" srcset=\"https:\/\/www.stepalong.com\/wp-content\/uploads\/2025\/10\/ecofort-stepalong.webp 1520w, https:\/\/www.stepalong.com\/wp-content\/uploads\/2025\/10\/ecofort-stepalong-300x200.webp 300w, https:\/\/www.stepalong.com\/wp-content\/uploads\/2025\/10\/ecofort-stepalong-1024x683.webp 1024w, https:\/\/www.stepalong.com\/wp-content\/uploads\/2025\/10\/ecofort-stepalong-768x512.webp 768w, https:\/\/www.stepalong.com\/wp-content\/uploads\/2025\/10\/ecofort-stepalong-18x12.webp 18w\" sizes=\"auto, (max-width: 1520px) 100vw, 1520px\" \/><\/figure>\n\n\n\n<div style=\"height:2em\" aria-hidden=\"true\" class=\"wp-block-spacer\"><\/div>\n\n\n\n<p><em>C\u00f3mo ecofort ayud\u00f3 a dar forma a una nueva manera de producir gu\u00edas de inicio r\u00e1pido listas para imprimir directamente desde StepAlong Digital Instructions.<\/em><\/p>\n\n\n\n<p>La mayor\u00eda de nuestros clientes ya utilizan <strong><a href=\"https:\/\/www.stepalong.com\/es\/instrucciones-digitales\/\" title=\"StepAlong Digital Instructions\">StepAlong Digital Instructions<\/a><\/strong> para crear, traducir y publicar en l\u00ednea instrucciones paso a paso e incluir un c\u00f3digo QR que enlace a esas instrucciones dentro de la caja.<\/p>\n\n\n\n<p>Sin embargo, incluso en un mundo digital, la mayor\u00eda de los productos siguen necesitando alg\u00fan tipo de documentaci\u00f3n en papel: un QR, un aviso de seguridad, una gu\u00eda de inicio r\u00e1pido o incluso el manual completo.<\/p>\n\n\n\n<p><strong>Junto con clientes con visi\u00f3n de futuro como ecofort, estamos ampliando StepAlong Digital Instructions para producir PDF listos para la imprenta para todas las necesidades de la bandeja de entrada.<\/strong><\/p>\n\n\n\n<p>Esto garantiza que las marcas cumplan la normativa, ayuden a los clientes y reduzcan el tiempo y los costes de producci\u00f3n de la documentaci\u00f3n recibida.<\/p>\n\n\n\n<div style=\"height:2em\" aria-hidden=\"true\" class=\"wp-block-spacer\"><\/div>\n\n\n\n<h2 class=\"wp-block-heading\"><strong>El reto de la Gu\u00eda de inicio r\u00e1pido<\/strong><\/h2>\n\n\n\n<h3 class=\"wp-block-heading\">Acerca de ecofort<\/h3>\n\n\n\n<p><a href=\"https:\/\/ecofort.ch\/\" target=\"_blank\" rel=\"noopener\" title=\"ecofort\">ecofort<\/a> es una marca independiente l\u00edder en Suiza de productos duraderos y energ\u00e9ticamente eficientes para el cuidado del aire. Se convirtieron en clientes de StepAlong para mejorar la calidad de sus instrucciones y disponer de una plataforma desde la que poder ampliar el soporte de productos a otros mercados sin costes ni trastornos adicionales.<\/p>\n\n\n\n<div class=\"wp-block-columns is-layout-flex wp-container-core-columns-is-layout-14cf5ab5 wp-block-columns-is-layout-flex\">\n<div class=\"wp-block-column is-layout-flow wp-block-column-is-layout-flow\" style=\"flex-basis:33.33%\">\n<h3 class=\"wp-block-heading\">El desaf\u00edo<\/h3>\n\n\n\n<p>La normativa que regula los productos ecofort no permite incluir un simple c\u00f3digo QR en el envase: debe ir acompa\u00f1ado de consejos de seguridad y, al menos, de una Gu\u00eda de inicio r\u00e1pido.<\/p>\n\n\n\n<p>Sus tipos de producto var\u00edan mucho: algunos son \"plug-and-play\", otros requieren varios pasos de montaje. Crear y actualizar manualmente estas gu\u00edas de inicio r\u00e1pido resultaba costoso y ralentizaba la comercializaci\u00f3n.<\/p>\n\n\n\n<p>Al mismo tiempo, una soluci\u00f3n totalmente autom\u00e1tica no siempre podr\u00eda garantizar la gu\u00eda m\u00e1s \u00fatil para cada producto.<\/p>\n<\/div>\n\n\n\n<div class=\"wp-block-column is-layout-flow wp-block-column-is-layout-flow\" style=\"flex-basis:66.66%\">\n<figure class=\"wp-block-image alignwide size-large rounded\"><img loading=\"lazy\" decoding=\"async\" width=\"1024\" height=\"666\" src=\"https:\/\/www.stepalong.com\/wp-content\/uploads\/2025\/10\/ecofort-quick-start-guide-1024x666.webp\" alt=\"gu\u00eda r\u00e1pida\" class=\"wp-image-8422\" title=\"\" srcset=\"https:\/\/www.stepalong.com\/wp-content\/uploads\/2025\/10\/ecofort-quick-start-guide-1024x666.webp 1024w, https:\/\/www.stepalong.com\/wp-content\/uploads\/2025\/10\/ecofort-quick-start-guide-300x195.webp 300w, https:\/\/www.stepalong.com\/wp-content\/uploads\/2025\/10\/ecofort-quick-start-guide-768x500.webp 768w, https:\/\/www.stepalong.com\/wp-content\/uploads\/2025\/10\/ecofort-quick-start-guide-1536x999.webp 1536w, https:\/\/www.stepalong.com\/wp-content\/uploads\/2025\/10\/ecofort-quick-start-guide-18x12.webp 18w, https:\/\/www.stepalong.com\/wp-content\/uploads\/2025\/10\/ecofort-quick-start-guide.webp 1619w\" sizes=\"auto, (max-width: 1024px) 100vw, 1024px\" \/><\/figure>\n<\/div>\n<\/div>\n\n\n\n<div style=\"height:2em\" aria-hidden=\"true\" class=\"wp-block-spacer\"><\/div>\n\n\n\n<div style=\"height:2em\" aria-hidden=\"true\" class=\"wp-block-spacer\"><\/div>\n\n\n\n<h2 class=\"wp-block-heading\">La soluci\u00f3n StepAlong<\/h2>\n\n\n\n<p>Estamos construyendo un nuevo <strong>Gu\u00eda r\u00e1pida del editor<\/strong> dentro de StepAlong.<\/p>\n\n\n\n<p>ecofort puede extraer cualquier contenido de las instrucciones completas y adaptarlo al contexto de la gu\u00eda r\u00e1pida si es necesario. <strong>biblioteca de componentes<\/strong> para que los textos repetidos, como los consejos de seguridad, se mantengan actualizados autom\u00e1ticamente en todas las referencias.<\/p>\n\n\n\n<blockquote class=\"wp-block-quote is-layout-flow wp-block-quote-is-layout-flow\">\n<p>\"Construir Box Ready junto con StepAlong nos permite hacer que una parte clave de la documentaci\u00f3n de nuestros productos sea mejor para el cliente y m\u00e1s eficiente para la empresa \"<br>- Robert Aeschbacher, Director General de ecofort AG<\/p>\n<\/blockquote>\n\n\n\n<div style=\"height:2em\" aria-hidden=\"true\" class=\"wp-block-spacer\"><\/div>\n\n\n\n<figure class=\"wp-block-image alignwide size-large rounded\"><img loading=\"lazy\" decoding=\"async\" width=\"1024\" height=\"510\" src=\"https:\/\/www.stepalong.com\/wp-content\/uploads\/2025\/10\/ecofort-instruction-center-1024x510.webp\" alt=\"Centro de Instrucci\u00f3n ecofort\" class=\"wp-image-8421\" srcset=\"https:\/\/www.stepalong.com\/wp-content\/uploads\/2025\/10\/ecofort-instruction-center-1024x510.webp 1024w, https:\/\/www.stepalong.com\/wp-content\/uploads\/2025\/10\/ecofort-instruction-center-300x149.webp 300w, https:\/\/www.stepalong.com\/wp-content\/uploads\/2025\/10\/ecofort-instruction-center-768x382.webp 768w, https:\/\/www.stepalong.com\/wp-content\/uploads\/2025\/10\/ecofort-instruction-center-1536x764.webp 1536w, https:\/\/www.stepalong.com\/wp-content\/uploads\/2025\/10\/ecofort-instruction-center-2048x1019.webp 2048w, https:\/\/www.stepalong.com\/wp-content\/uploads\/2025\/10\/ecofort-instruction-center-18x9.webp 18w\" sizes=\"auto, (max-width: 1024px) 100vw, 1024px\" \/><\/figure>\n\n\n\n<div style=\"height:2em\" aria-hidden=\"true\" class=\"wp-block-spacer\"><\/div>\n\n\n\n<h2 class=\"wp-block-heading\">Instrucciones StepAlong Box Ready - Principales ventajas<\/h2>\n\n\n\n<ul class=\"wp-block-list\">\n<li><strong>Crear una vez, imprimir en cualquier lugar:<\/strong> lo digital y lo impreso permanecen sincronizados.<\/li>\n\n\n\n<li><strong>PDF listos para imprimir al instante:<\/strong> Insertos QR, avisos de seguridad, gu\u00edas de inicio r\u00e1pido, manuales completos.<\/li>\n\n\n\n<li><strong>Actualizaciones autom\u00e1ticas en todas las SKU:<\/strong> biblioteca de componentes para textos repetidos, como consejos de seguridad.<\/li>\n\n\n\n<li><strong>Lanzamientos m\u00e1s r\u00e1pidos, costes m\u00e1s bajos:<\/strong> menos PDF manuales, menos errores, mayor rapidez de comercializaci\u00f3n.<\/li>\n\n\n\n<li><strong>Cumplimiento y marca coherentes:<\/strong> apoyan el GPSR y las normativas locales en todos los idiomas.<\/li>\n<\/ul>\n\n\n\n<div style=\"height:2em\" aria-hidden=\"true\" class=\"wp-block-spacer\"><\/div>\n\n\n\n<div class=\"wp-block-group feature is-layout-constrained wp-block-group-is-layout-constrained\">\n<h2 class=\"wp-block-heading\">Acceso anticipado<\/h2>\n\n\n\n<p><strong>Suscr\u00edbase a las instrucciones digitales de StepAlong antes del 30 de octubre de 2025<\/strong> y obt\u00e9n las instrucciones de StepAlong Box Ready <strong>gratis mientras dure su contrato.<\/strong><\/p>\n\n\n\n<p>Estamos desplegando <a href=\"https:\/\/www.stepalong.com\/es\/instrucciones-box-ready\/\" title=\"StepAlong Box Ready Instructions\">StepAlong Box Ready Instructions<\/a> en los pr\u00f3ximos meses como un nuevo producto junto con las Instrucciones Digitales Paso a Paso.<\/p>\n\n\n\n<p>Concierte una breve demostraci\u00f3n para ver c\u00f3mo StepAlong Box Ready puede agilizar su documentaci\u00f3n de entrada.<\/p>\n\n\n\n<div class=\"wp-block-buttons is-content-justification-center is-layout-flex wp-container-core-buttons-is-layout-a89b3969 wp-block-buttons-is-layout-flex\">\n<div class=\"wp-block-button is-style-fill\"><a class=\"wp-block-button__link wp-element-button\" href=\"https:\/\/www.stepalong.com\/es\/reserve-una-demostracion\/\" style=\"border-style:none;border-width:0px\">Reserva una demo<\/a><\/div>\n<\/div>\n<\/div>\n\n\n\n<p><\/p>","protected":false},"excerpt":{"rendered":"<p>Building StepAlong Box Ready with Clients: ecofort &amp; the Quick-Start Guide How ecofort helped shape a new way to produce print-ready quick-start guides straight from StepAlong Digital Instructions. Most of our customers already use StepAlong Digital Instructions to create, translate and publish step-by-step instructions online and include a QR code linking to those instructions inside [&hellip;]<\/p>","protected":false},"author":1,"featured_media":0,"parent":0,"menu_order":0,"comment_status":"closed","ping_status":"closed","template":"case-study","meta":{"content-type":"","_uag_custom_page_level_css":"","footnotes":""},"class_list":["post-8419","page","type-page","status-publish","hentry"],"aioseo_notices":[],"mb":[],"uagb_featured_image_src":{"full":false,"thumbnail":false,"medium":false,"medium_large":false,"large":false,"1536x1536":false,"2048x2048":false,"trp-custom-language-flag":false},"uagb_author_info":{"display_name":"Sergi S\u00e1nchez Mancha","author_link":"https:\/\/www.stepalong.com\/es\/author\/sergiostepalong-com\/"},"uagb_comment_info":0,"uagb_excerpt":"Building StepAlong Box Ready with Clients: ecofort &amp; the Quick-Start Guide How ecofort helped shape a new way to produce print-ready quick-start guides straight from StepAlong Digital Instructions. Most of our customers already use StepAlong Digital Instructions to create, translate and publish step-by-step instructions online and include a QR code linking to those instructions inside&hellip;","mfb_rest_fields":["title","aioseo_notices","uagb_featured_image_src","uagb_author_info","uagb_comment_info","uagb_excerpt"],"_links":{"self":[{"href":"https:\/\/www.stepalong.com\/es\/wp-json\/wp\/v2\/pages\/8419","targetHints":{"allow":["GET"]}}],"collection":[{"href":"https:\/\/www.stepalong.com\/es\/wp-json\/wp\/v2\/pages"}],"about":[{"href":"https:\/\/www.stepalong.com\/es\/wp-json\/wp\/v2\/types\/page"}],"author":[{"embeddable":true,"href":"https:\/\/www.stepalong.com\/es\/wp-json\/wp\/v2\/users\/1"}],"replies":[{"embeddable":true,"href":"https:\/\/www.stepalong.com\/es\/wp-json\/wp\/v2\/comments?post=8419"}],"version-history":[{"count":14,"href":"https:\/\/www.stepalong.com\/es\/wp-json\/wp\/v2\/pages\/8419\/revisions"}],"predecessor-version":[{"id":8588,"href":"https:\/\/www.stepalong.com\/es\/wp-json\/wp\/v2\/pages\/8419\/revisions\/8588"}],"wp:attachment":[{"href":"https:\/\/www.stepalong.com\/es\/wp-json\/wp\/v2\/media?parent=8419"}],"curies":[{"name":"wp","href":"https:\/\/api.w.org\/{rel}","templated":true}]}}