{"id":8404,"date":"2025-09-30T15:50:06","date_gmt":"2025-09-30T13:50:06","guid":{"rendered":"https:\/\/www.stepalong.com\/?page_id=8404"},"modified":"2025-09-30T17:02:49","modified_gmt":"2025-09-30T15:02:49","slug":"digitalice-sus-manuales-de-usuario-e-instrucciones-de-producto","status":"publish","type":"page","link":"https:\/\/www.stepalong.com\/es\/digitalice-sus-manuales-de-usuario-e-instrucciones-de-producto\/","title":{"rendered":"Digitalice sus manuales de usuario e instrucciones de productos"},"content":{"rendered":"<h2 class=\"wp-block-heading has-text-align-center\" style=\"font-size:2.4em\">Las instrucciones de su producto digital son algo m\u00e1s que un PDF descargable<\/h2>\n\n\n\n<p class=\"has-text-align-center\">StepAlong convierte las instrucciones de sus productos en contenidos estructurados y adaptados a dispositivos m\u00f3viles, creados para los clientes actuales, los motores de b\u00fasqueda y la IA.<\/p>\n\n\n\n<div class=\"wp-block-buttons is-content-justification-center is-layout-flex wp-container-core-buttons-is-layout-a89b3969 wp-block-buttons-is-layout-flex\">\n<div class=\"wp-block-button is-style-fill\"><a class=\"wp-block-button__link has-raft-fg-alt-color has-custom-purple-background-color has-text-color has-background has-link-color has-text-align-center wp-element-button\" href=\"https:\/\/www.stepalong.com\/es\/reserve-una-demostracion\/\">Solicita una Demo<\/a><\/div>\n<\/div>\n\n\n\n<div style=\"height:36px\" aria-hidden=\"true\" class=\"wp-block-spacer\"><\/div>\n\n\n\n<div class=\"wp-block-columns is-layout-flex wp-container-core-columns-is-layout-14cf5ab5 wp-block-columns-is-layout-flex\">\n<div class=\"wp-block-column is-vertically-aligned-center is-layout-flow wp-block-column-is-layout-flow\">\n<h2 class=\"wp-block-heading\">Usabilidad que ayuda a su cliente y a su empresa<\/h2>\n\n\n\n<p>StepAlong crea un formato digital dise\u00f1ado para m\u00f3viles, creando una gran experiencia m\u00f3vil que funciona en todos los navegadores y dispositivos, sin necesidad de APP, permitiendo a sus clientes seguir sus instrucciones con \u00e9xito en su m\u00f3vil.<\/p>\n\n\n\n<p><strong>80% de las instrucciones de StepAlong se ven en m\u00f3viles.<\/strong><\/p>\n<\/div>\n\n\n\n<div class=\"wp-block-column is-layout-flow wp-block-column-is-layout-flow\">\n<figure class=\"wp-block-image size-full shadow rounded\"><img loading=\"lazy\" decoding=\"async\" width=\"1248\" height=\"913\" src=\"https:\/\/www.stepalong.com\/wp-content\/uploads\/2025\/09\/usability-mobile-first-instructions.webp\" alt=\"Instrucciones del producto adaptadas a dispositivos m\u00f3viles\" class=\"wp-image-8413\" srcset=\"https:\/\/www.stepalong.com\/wp-content\/uploads\/2025\/09\/usability-mobile-first-instructions.webp 1248w, https:\/\/www.stepalong.com\/wp-content\/uploads\/2025\/09\/usability-mobile-first-instructions-300x219.webp 300w, https:\/\/www.stepalong.com\/wp-content\/uploads\/2025\/09\/usability-mobile-first-instructions-1024x749.webp 1024w, https:\/\/www.stepalong.com\/wp-content\/uploads\/2025\/09\/usability-mobile-first-instructions-768x562.webp 768w, https:\/\/www.stepalong.com\/wp-content\/uploads\/2025\/09\/usability-mobile-first-instructions-16x12.webp 16w\" sizes=\"auto, (max-width: 1248px) 100vw, 1248px\" \/><\/figure>\n<\/div>\n<\/div>\n\n\n\n<div style=\"height:var(--wp--preset--spacing--80)\" aria-hidden=\"true\" class=\"wp-block-spacer\"><\/div>\n\n\n\n<div class=\"wp-block-columns is-layout-flex wp-container-core-columns-is-layout-14cf5ab5 wp-block-columns-is-layout-flex\">\n<div class=\"wp-block-column is-layout-flow wp-block-column-is-layout-flow\">\n<figure class=\"wp-block-image size-full shadow rounded\"><img loading=\"lazy\" decoding=\"async\" width=\"1100\" height=\"805\" src=\"https:\/\/www.stepalong.com\/wp-content\/uploads\/2025\/09\/SEO-product-instructions.webp\" alt=\"B\u00fasqueda de instrucciones de productos\" class=\"wp-image-8412\" srcset=\"https:\/\/www.stepalong.com\/wp-content\/uploads\/2025\/09\/SEO-product-instructions.webp 1100w, https:\/\/www.stepalong.com\/wp-content\/uploads\/2025\/09\/SEO-product-instructions-300x220.webp 300w, https:\/\/www.stepalong.com\/wp-content\/uploads\/2025\/09\/SEO-product-instructions-1024x749.webp 1024w, https:\/\/www.stepalong.com\/wp-content\/uploads\/2025\/09\/SEO-product-instructions-768x562.webp 768w, https:\/\/www.stepalong.com\/wp-content\/uploads\/2025\/09\/SEO-product-instructions-16x12.webp 16w\" sizes=\"auto, (max-width: 1100px) 100vw, 1100px\" \/><\/figure>\n<\/div>\n\n\n\n<div class=\"wp-block-column is-vertically-aligned-center is-layout-flow wp-block-column-is-layout-flow\">\n<h2 class=\"wp-block-heading\">Haga que sus instrucciones sean realmente localizables<\/h2>\n\n\n\n<p>El Centro de Instrucciones Llave en Mano StepAlong centraliza todas sus instrucciones, en todos los idiomas, en un sitio optimizado para SEO, con capacidad de b\u00fasqueda y apto para dispositivos m\u00f3viles. Los sitemaps se generan autom\u00e1ticamente en cada idioma para que todo tipo de motores de b\u00fasqueda encuentren e indexen sus instrucciones.<\/p>\n\n\n\n<p><strong>Consiga visitas de la larga cola de b\u00fasqueda ofreciendo instrucciones en todos los idiomas de sus clientes.<\/strong><\/p>\n<\/div>\n<\/div>\n\n\n\n<div style=\"height:var(--wp--preset--spacing--80)\" aria-hidden=\"true\" class=\"wp-block-spacer\"><\/div>\n\n\n\n<div class=\"wp-block-columns is-layout-flex wp-container-core-columns-is-layout-14cf5ab5 wp-block-columns-is-layout-flex\">\n<div class=\"wp-block-column is-vertically-aligned-center is-layout-flow wp-block-column-is-layout-flow\">\n<h2 class=\"wp-block-heading\">Ayudar a los motores de IA a dar las mejores respuestas a preguntas concretas<\/h2>\n\n\n\n<p>Un PDF impreso crea obst\u00e1culos para las herramientas de b\u00fasqueda de IA como ChatGPT, creando resultados inconsistentes y malos. StepAlong crea instrucciones de forma estructurada que facilitan la comprensi\u00f3n de los motores de b\u00fasqueda de IA, lo que le permite encontrar las respuestas a preguntas espec\u00edficas de los usuarios y no solo dirigirlos al PDF.<\/p>\n<\/div>\n\n\n\n<div class=\"wp-block-column is-layout-flow wp-block-column-is-layout-flow\">\n<figure class=\"wp-block-image size-full shadow rounded\"><img loading=\"lazy\" decoding=\"async\" width=\"1208\" height=\"884\" src=\"https:\/\/www.stepalong.com\/wp-content\/uploads\/2025\/09\/AGI-product-instructions.webp\" alt=\"Instrucciones del producto en ChatGPT\" class=\"wp-image-8411\" srcset=\"https:\/\/www.stepalong.com\/wp-content\/uploads\/2025\/09\/AGI-product-instructions.webp 1208w, https:\/\/www.stepalong.com\/wp-content\/uploads\/2025\/09\/AGI-product-instructions-300x220.webp 300w, https:\/\/www.stepalong.com\/wp-content\/uploads\/2025\/09\/AGI-product-instructions-1024x749.webp 1024w, https:\/\/www.stepalong.com\/wp-content\/uploads\/2025\/09\/AGI-product-instructions-768x562.webp 768w, https:\/\/www.stepalong.com\/wp-content\/uploads\/2025\/09\/AGI-product-instructions-16x12.webp 16w\" sizes=\"auto, (max-width: 1208px) 100vw, 1208px\" \/><\/figure>\n<\/div>\n<\/div>\n\n\n\n<div style=\"height:var(--wp--preset--spacing--80)\" aria-hidden=\"true\" class=\"wp-block-spacer\"><\/div>\n\n\n\n<div class=\"wp-block-columns is-layout-flex wp-container-core-columns-is-layout-14cf5ab5 wp-block-columns-is-layout-flex\">\n<div class=\"wp-block-column is-layout-flow wp-block-column-is-layout-flow\">\n<figure class=\"wp-block-image size-full shadow rounded\"><img loading=\"lazy\" decoding=\"async\" width=\"1524\" height=\"922\" src=\"https:\/\/www.stepalong.com\/wp-content\/uploads\/2025\/09\/ai-customer-service-automation.png\" alt=\"Chatbot de instrucciones de productos\" class=\"wp-image-8405\" srcset=\"https:\/\/www.stepalong.com\/wp-content\/uploads\/2025\/09\/ai-customer-service-automation.png 1524w, https:\/\/www.stepalong.com\/wp-content\/uploads\/2025\/09\/ai-customer-service-automation-300x181.png 300w, https:\/\/www.stepalong.com\/wp-content\/uploads\/2025\/09\/ai-customer-service-automation-1024x620.png 1024w, https:\/\/www.stepalong.com\/wp-content\/uploads\/2025\/09\/ai-customer-service-automation-768x465.png 768w, https:\/\/www.stepalong.com\/wp-content\/uploads\/2025\/09\/ai-customer-service-automation-18x12.png 18w\" sizes=\"auto, (max-width: 1524px) 100vw, 1524px\" \/><\/figure>\n<\/div>\n\n\n\n<div class=\"wp-block-column is-vertically-aligned-center is-layout-flow wp-block-column-is-layout-flow\">\n<h2 class=\"wp-block-heading\">Fundamentos de la automatizaci\u00f3n del servicio de atenci\u00f3n al cliente<\/h2>\n\n\n\n<p>Al igual que los motores de IA como ChatGPT, los chatbots de automatizaci\u00f3n del servicio de atenci\u00f3n al cliente dependen de un contenido limpio y estructurado. Sin \u00e9l, los chatbots dan respuestas parciales o incorrectas, aumentando los costes de soporte - \u00a1lo contrario de lo que usted est\u00e1 tratando de lograr! La digitalizaci\u00f3n de sus instrucciones con StepAlong garantiza resultados coherentes de alta calidad con su chatbot, asegurando su inversi\u00f3n.<\/p>\n<\/div>\n<\/div>\n\n\n\n<div style=\"height:var(--wp--preset--spacing--80)\" aria-hidden=\"true\" class=\"wp-block-spacer\"><\/div>\n\n\n\n<div class=\"wp-block-columns is-layout-flex wp-container-core-columns-is-layout-14cf5ab5 wp-block-columns-is-layout-flex\">\n<div class=\"wp-block-column is-vertically-aligned-center is-layout-flow wp-block-column-is-layout-flow\">\n<h2 class=\"wp-block-heading\">Accesibilidad<\/h2>\n\n\n\n<p>La mayor\u00eda de los PDF creados para imprimir no son accesibles para lectores de pantalla o tecnolog\u00edas de asistencia, lo que deja fuera a los usuarios con discapacidad y crea problemas de cumplimiento. StepAlong le permite crear PDF accesibles para que los descarguen los usuarios que los necesiten.<\/p>\n<\/div>\n\n\n\n<div class=\"wp-block-column is-layout-flow wp-block-column-is-layout-flow\">\n<figure class=\"wp-block-image size-full shadow rounded\"><img loading=\"lazy\" decoding=\"async\" width=\"1700\" height=\"1700\" src=\"https:\/\/www.stepalong.com\/wp-content\/uploads\/2025\/09\/GPSR-accesible-instructions.webp\" alt=\"Instrucciones del producto accesibles en PDF\" class=\"wp-image-8373\" srcset=\"https:\/\/www.stepalong.com\/wp-content\/uploads\/2025\/09\/GPSR-accesible-instructions.webp 1700w, https:\/\/www.stepalong.com\/wp-content\/uploads\/2025\/09\/GPSR-accesible-instructions-300x300.webp 300w, https:\/\/www.stepalong.com\/wp-content\/uploads\/2025\/09\/GPSR-accesible-instructions-1024x1024.webp 1024w, https:\/\/www.stepalong.com\/wp-content\/uploads\/2025\/09\/GPSR-accesible-instructions-150x150.webp 150w, https:\/\/www.stepalong.com\/wp-content\/uploads\/2025\/09\/GPSR-accesible-instructions-768x768.webp 768w, https:\/\/www.stepalong.com\/wp-content\/uploads\/2025\/09\/GPSR-accesible-instructions-1536x1536.webp 1536w, https:\/\/www.stepalong.com\/wp-content\/uploads\/2025\/09\/GPSR-accesible-instructions-12x12.webp 12w\" sizes=\"auto, (max-width: 1700px) 100vw, 1700px\" \/><\/figure>\n<\/div>\n<\/div>\n\n\n\n<div style=\"height:var(--wp--preset--spacing--80)\" aria-hidden=\"true\" class=\"wp-block-spacer\"><\/div>\n\n\n\n<div class=\"wp-block-columns is-layout-flex wp-container-core-columns-is-layout-14cf5ab5 wp-block-columns-is-layout-flex\">\n<div class=\"wp-block-column is-layout-flow wp-block-column-is-layout-flow\">\n<div class=\"wp-block-group feature is-layout-constrained wp-block-group-is-layout-constrained\">\n<div class=\"wp-block-columns is-layout-flex wp-container-core-columns-is-layout-cbe57604 wp-block-columns-is-layout-flex\">\n<div class=\"wp-block-column is-layout-flow wp-block-column-is-layout-flow\">\n<figure class=\"wp-block-image size-large rounded\"><img loading=\"lazy\" decoding=\"async\" width=\"1024\" height=\"1024\" src=\"https:\/\/www.stepalong.com\/wp-content\/uploads\/2025\/08\/stepalong-roi-calculator-1024x1024.webp\" alt=\"Calculadora de ROI de StepAlong\" class=\"wp-image-8026\" srcset=\"https:\/\/www.stepalong.com\/wp-content\/uploads\/2025\/08\/stepalong-roi-calculator-1024x1024.webp 1024w, https:\/\/www.stepalong.com\/wp-content\/uploads\/2025\/08\/stepalong-roi-calculator-300x300.webp 300w, https:\/\/www.stepalong.com\/wp-content\/uploads\/2025\/08\/stepalong-roi-calculator-150x150.webp 150w, https:\/\/www.stepalong.com\/wp-content\/uploads\/2025\/08\/stepalong-roi-calculator-768x768.webp 768w, https:\/\/www.stepalong.com\/wp-content\/uploads\/2025\/08\/stepalong-roi-calculator-12x12.webp 12w, https:\/\/www.stepalong.com\/wp-content\/uploads\/2025\/08\/stepalong-roi-calculator.webp 1420w\" sizes=\"auto, (max-width: 1024px) 100vw, 1024px\" \/><\/figure>\n<\/div>\n\n\n\n<div class=\"wp-block-column is-layout-flow wp-block-column-is-layout-flow\">\n<h3 class=\"wp-block-heading\">Calcula tus posibles ahorros<\/h3>\n\n\n\n<p>Descubre cu\u00e1nto puede ahorrar tu empresa al cambiar a la plataforma de instrucciones digitales con IA de StepAlong.<\/p>\n\n\n\n<div style=\"height:0px\" aria-hidden=\"true\" class=\"wp-block-spacer\"><\/div>\n<\/div>\n<\/div>\n\n\n\n<div style=\"height:1em\" aria-hidden=\"true\" class=\"wp-block-spacer\"><\/div>\n\n\n\n<div class=\"wp-block-buttons is-content-justification-center is-layout-flex wp-container-core-buttons-is-layout-a89b3969 wp-block-buttons-is-layout-flex\">\n<div class=\"wp-block-button is-style-outline is-style-outline--1\"><a class=\"wp-block-button__link has-custom-purple-color has-text-color has-link-color has-border-color has-custom-purple-border-color wp-element-button\" href=\"https:\/\/www.stepalong.com\/es\/calculadora-roi\/\">Calcule su ahorro<\/a><\/div>\n<\/div>\n<\/div>\n<\/div>\n\n\n\n<div class=\"wp-block-column is-vertically-aligned-center is-layout-flow wp-block-column-is-layout-flow\">\n<p>En StepAlong, nos hemos centrado en lo que necesitan los clientes para disfrutar de una gran experiencia de instrucciones sobre productos:<\/p>\n\n\n\n<ul class=\"wp-block-list\">\n<li><strong>Mobile-first<\/strong><br>No es necesario descargar la aplicaci\u00f3n, basta con abrirla y seguirla<\/li>\n\n\n\n<li><strong>Claridad paso a paso<\/strong><br>Una estructura l\u00f3gica, paso a paso, para mayor claridad<\/li>\n\n\n\n<li><strong>Formatos flexibles<\/strong><br>PDF descargables para quienes los prefieran<\/li>\n\n\n\n<li><strong>F\u00e1cil acceso<\/strong><br>Accesible a trav\u00e9s de Google, ChatGPT y otros motores de b\u00fasqueda<\/li>\n\n\n\n<li><strong>Soporte multiling\u00fce<\/strong><br>Instrucciones en el idioma de sus clientes<\/li>\n<\/ul>\n\n\n\n<div style=\"height:1em\" aria-hidden=\"true\" class=\"wp-block-spacer\"><\/div>\n\n\n\n<div class=\"wp-block-buttons is-content-justification-center is-layout-flex wp-container-core-buttons-is-layout-a89b3969 wp-block-buttons-is-layout-flex\">\n<div class=\"wp-block-button is-style-fill\"><a class=\"wp-block-button__link has-raft-fg-alt-color has-custom-purple-background-color has-text-color has-background has-link-color has-text-align-center wp-element-button\" href=\"https:\/\/www.stepalong.com\/es\/reserve-una-demostracion\/\">Solicita una Demo<\/a><\/div>\n<\/div>\n<\/div>\n<\/div>\n\n\n\n<p><\/p>","protected":false},"excerpt":{"rendered":"<p>Your digital product instructions are more than a downloadable PDF StepAlong turns your product instructions into structured, mobile-friendly content built for today\u2019s customers, search engines and AI. Usability that helps your customer and business StepAlong creates a digital format designed for mobile, creating a great mobile experience that works across browsers and devices, with no [&hellip;]<\/p>","protected":false},"author":1,"featured_media":0,"parent":0,"menu_order":0,"comment_status":"closed","ping_status":"closed","template":"wp-custom-template-landing-page-b","meta":{"content-type":"","_uag_custom_page_level_css":"","footnotes":""},"class_list":["post-8404","page","type-page","status-publish","hentry"],"aioseo_notices":[],"mb":[],"uagb_featured_image_src":{"full":false,"thumbnail":false,"medium":false,"medium_large":false,"large":false,"1536x1536":false,"2048x2048":false,"trp-custom-language-flag":false},"uagb_author_info":{"display_name":"Sergi S\u00e1nchez Mancha","author_link":"https:\/\/www.stepalong.com\/es\/author\/sergiostepalong-com\/"},"uagb_comment_info":0,"uagb_excerpt":"Your digital product instructions are more than a downloadable PDF StepAlong turns your product instructions into structured, mobile-friendly content built for today\u2019s customers, search engines and AI. Usability that helps your customer and business StepAlong creates a digital format designed for mobile, creating a great mobile experience that works across browsers and devices, with no&hellip;","mfb_rest_fields":["title","aioseo_notices","uagb_featured_image_src","uagb_author_info","uagb_comment_info","uagb_excerpt"],"_links":{"self":[{"href":"https:\/\/www.stepalong.com\/es\/wp-json\/wp\/v2\/pages\/8404","targetHints":{"allow":["GET"]}}],"collection":[{"href":"https:\/\/www.stepalong.com\/es\/wp-json\/wp\/v2\/pages"}],"about":[{"href":"https:\/\/www.stepalong.com\/es\/wp-json\/wp\/v2\/types\/page"}],"author":[{"embeddable":true,"href":"https:\/\/www.stepalong.com\/es\/wp-json\/wp\/v2\/users\/1"}],"replies":[{"embeddable":true,"href":"https:\/\/www.stepalong.com\/es\/wp-json\/wp\/v2\/comments?post=8404"}],"version-history":[{"count":2,"href":"https:\/\/www.stepalong.com\/es\/wp-json\/wp\/v2\/pages\/8404\/revisions"}],"predecessor-version":[{"id":8415,"href":"https:\/\/www.stepalong.com\/es\/wp-json\/wp\/v2\/pages\/8404\/revisions\/8415"}],"wp:attachment":[{"href":"https:\/\/www.stepalong.com\/es\/wp-json\/wp\/v2\/media?parent=8404"}],"curies":[{"name":"wp","href":"https:\/\/api.w.org\/{rel}","templated":true}]}}