{"id":8371,"date":"2025-09-24T16:31:05","date_gmt":"2025-09-24T14:31:05","guid":{"rendered":"https:\/\/www.stepalong.com\/?page_id=8371"},"modified":"2025-09-26T18:03:42","modified_gmt":"2025-09-26T16:03:42","slug":"instrucciones-digitales","status":"publish","type":"page","link":"https:\/\/www.stepalong.com\/es\/instrucciones-digitales\/","title":{"rendered":"StepAlong Digital Instructions"},"content":{"rendered":"<h2 class=\"wp-block-heading has-text-align-center\" style=\"font-size:2.4em\">Instrucciones de producto para tu marca, adaptadas a m\u00f3viles en m\u00e1s de 30 idiomas, impulsadas por IA.<\/h2>\n\n\n\n<p class=\"has-text-align-center\">Reduce los tickets de soporte, las devoluciones y aumenta las rese\u00f1as positivas con instrucciones mejores y centradas en el cliente.<\/p>\n\n\n\n<div class=\"wp-block-buttons is-content-justification-center is-layout-flex wp-container-core-buttons-is-layout-a89b3969 wp-block-buttons-is-layout-flex\">\n<div class=\"wp-block-button is-style-fill\"><a class=\"wp-block-button__link has-raft-fg-alt-color has-custom-purple-background-color has-text-color has-background has-link-color has-text-align-center wp-element-button\" href=\"https:\/\/www.stepalong.com\/es\/reserve-una-demostracion\/\">Solicita una Demo<\/a><\/div>\n<\/div>\n\n\n\n<div style=\"height:36px\" aria-hidden=\"true\" class=\"wp-block-spacer\"><\/div>\n\n\n\n<div class=\"wp-block-columns is-layout-flex wp-container-core-columns-is-layout-14cf5ab5 wp-block-columns-is-layout-flex\">\n<div class=\"wp-block-column is-vertically-aligned-center is-layout-flow wp-block-column-is-layout-flow\">\n<h2 class=\"wp-block-heading\">Instrucciones optimizadas para m\u00f3viles y SEO (sin necesidad de app)<\/h2>\n\n\n\n<p>Las instrucciones paso a paso de StepAlong se ven muy bien en el m\u00f3vil y son indexadas r\u00e1pidamente por los motores de b\u00fasqueda y AI. Se acab\u00f3 el encorvarse sobre el tel\u00e9fono para elaborar PDF creados para una \u00e9poca pasada.<\/p>\n<\/div>\n\n\n\n<div class=\"wp-block-column is-layout-flow wp-block-column-is-layout-flow\">\n<figure class=\"wp-block-image size-full shadow rounded\"><img loading=\"lazy\" decoding=\"async\" width=\"951\" height=\"696\" src=\"https:\/\/www.stepalong.com\/wp-content\/uploads\/2025\/09\/mobile-first-instructions.webp\" alt=\"Instrucciones del producto adaptadas a dispositivos m\u00f3viles\" class=\"wp-image-8368\" srcset=\"https:\/\/www.stepalong.com\/wp-content\/uploads\/2025\/09\/mobile-first-instructions.webp 951w, https:\/\/www.stepalong.com\/wp-content\/uploads\/2025\/09\/mobile-first-instructions-300x220.webp 300w, https:\/\/www.stepalong.com\/wp-content\/uploads\/2025\/09\/mobile-first-instructions-768x562.webp 768w, https:\/\/www.stepalong.com\/wp-content\/uploads\/2025\/09\/mobile-first-instructions-16x12.webp 16w\" sizes=\"auto, (max-width: 951px) 100vw, 951px\" \/><\/figure>\n<\/div>\n<\/div>\n\n\n\n<div style=\"height:var(--wp--preset--spacing--80)\" aria-hidden=\"true\" class=\"wp-block-spacer\"><\/div>\n\n\n\n<div class=\"wp-block-columns is-layout-flex wp-container-core-columns-is-layout-14cf5ab5 wp-block-columns-is-layout-flex\">\n<div class=\"wp-block-column is-layout-flow wp-block-column-is-layout-flow\">\n<figure class=\"wp-block-image size-full shadow rounded\"><img loading=\"lazy\" decoding=\"async\" width=\"1248\" height=\"892\" src=\"https:\/\/www.stepalong.com\/wp-content\/uploads\/2025\/09\/mobile-instructions-translated.webp\" alt=\"Instrucciones del producto en varios idiomas\" class=\"wp-image-8369\" srcset=\"https:\/\/www.stepalong.com\/wp-content\/uploads\/2025\/09\/mobile-instructions-translated.webp 1248w, https:\/\/www.stepalong.com\/wp-content\/uploads\/2025\/09\/mobile-instructions-translated-300x214.webp 300w, https:\/\/www.stepalong.com\/wp-content\/uploads\/2025\/09\/mobile-instructions-translated-1024x732.webp 1024w, https:\/\/www.stepalong.com\/wp-content\/uploads\/2025\/09\/mobile-instructions-translated-768x549.webp 768w, https:\/\/www.stepalong.com\/wp-content\/uploads\/2025\/09\/mobile-instructions-translated-18x12.webp 18w\" sizes=\"auto, (max-width: 1248px) 100vw, 1248px\" \/><\/figure>\n<\/div>\n\n\n\n<div class=\"wp-block-column is-vertically-aligned-center is-layout-flow wp-block-column-is-layout-flow\">\n<h2 class=\"wp-block-heading\">Apoyo a TODOS los mercados internacionales<\/h2>\n\n\n\n<p>Muchas marcas venden en todo el mundo, pero tienen dificultades para llegar a todos los mercados. La IA de StepAlong ofrece <a href=\"https:\/\/www.stepalong.com\/es\/traduccion-de-instrucciones-de-productos-ai\/\" title=\"Traducci\u00f3n de instrucciones de producto mediante IA\">traducciones a m\u00e1s de 30 idiomas<\/a> , editables por tu equipo o agencia directamente en la plataforma, lo que reduce los costes de producci\u00f3n y los plazos de comercializaci\u00f3n.<\/p>\n<\/div>\n<\/div>\n\n\n\n<div style=\"height:var(--wp--preset--spacing--80)\" aria-hidden=\"true\" class=\"wp-block-spacer\"><\/div>\n\n\n\n<div class=\"wp-block-columns is-layout-flex wp-container-core-columns-is-layout-14cf5ab5 wp-block-columns-is-layout-flex\">\n<div class=\"wp-block-column is-vertically-aligned-center is-layout-flow wp-block-column-is-layout-flow\">\n<h2 class=\"wp-block-heading\">Un centro para todas las instrucciones<\/h2>\n\n\n\n<p>Aloja todas las instrucciones y manuales (en todos los idiomas) bajo tu dominio de marca. Ofrece a tus clientes un \u00fanico recurso para la b\u00fasqueda de documentaci\u00f3n que realmente usar\u00e1n.<\/p>\n<\/div>\n\n\n\n<div class=\"wp-block-column is-layout-flow wp-block-column-is-layout-flow\">\n<figure class=\"wp-block-image size-full shadow rounded\"><img loading=\"lazy\" decoding=\"async\" width=\"1148\" height=\"780\" src=\"https:\/\/www.stepalong.com\/wp-content\/uploads\/2025\/09\/ecofort-branded-instruction-center.png\" alt=\"Centro de instrucci\u00f3n StepAlong de marca\" class=\"wp-image-8389\" srcset=\"https:\/\/www.stepalong.com\/wp-content\/uploads\/2025\/09\/ecofort-branded-instruction-center.png 1148w, https:\/\/www.stepalong.com\/wp-content\/uploads\/2025\/09\/ecofort-branded-instruction-center-300x204.png 300w, https:\/\/www.stepalong.com\/wp-content\/uploads\/2025\/09\/ecofort-branded-instruction-center-1024x696.png 1024w, https:\/\/www.stepalong.com\/wp-content\/uploads\/2025\/09\/ecofort-branded-instruction-center-768x522.png 768w, https:\/\/www.stepalong.com\/wp-content\/uploads\/2025\/09\/ecofort-branded-instruction-center-18x12.png 18w\" sizes=\"auto, (max-width: 1148px) 100vw, 1148px\" \/><\/figure>\n<\/div>\n<\/div>\n\n\n\n<div style=\"height:var(--wp--preset--spacing--80)\" aria-hidden=\"true\" class=\"wp-block-spacer\"><\/div>\n\n\n\n<div class=\"wp-block-columns is-layout-flex wp-container-core-columns-is-layout-14cf5ab5 wp-block-columns-is-layout-flex\">\n<div class=\"wp-block-column is-layout-flow wp-block-column-is-layout-flow\">\n<figure class=\"wp-block-image size-full shadow rounded\"><img loading=\"lazy\" decoding=\"async\" width=\"1080\" height=\"746\" src=\"https:\/\/www.stepalong.com\/wp-content\/uploads\/2025\/09\/stepalong-builder-silentlab.webp\" alt=\"Constructor de instrucciones de productos StepAlong\" class=\"wp-image-8370\" srcset=\"https:\/\/www.stepalong.com\/wp-content\/uploads\/2025\/09\/stepalong-builder-silentlab.webp 1080w, https:\/\/www.stepalong.com\/wp-content\/uploads\/2025\/09\/stepalong-builder-silentlab-300x207.webp 300w, https:\/\/www.stepalong.com\/wp-content\/uploads\/2025\/09\/stepalong-builder-silentlab-1024x707.webp 1024w, https:\/\/www.stepalong.com\/wp-content\/uploads\/2025\/09\/stepalong-builder-silentlab-768x530.webp 768w, https:\/\/www.stepalong.com\/wp-content\/uploads\/2025\/09\/stepalong-builder-silentlab-18x12.webp 18w\" sizes=\"auto, (max-width: 1080px) 100vw, 1080px\" \/><\/figure>\n<\/div>\n\n\n\n<div class=\"wp-block-column is-vertically-aligned-center is-layout-flow wp-block-column-is-layout-flow\">\n<h2 class=\"wp-block-heading\">Creaci\u00f3n de instrucciones f\u00e1cil<\/h2>\n\n\n\n<p>Crea instrucciones a partir de texto, archivos PDF o incluso tutoriales de YouTube con herramientas basadas en IA. O utiliza las plantillas ya preparadas de StepAlong para obtener instrucciones r\u00e1pidas y f\u00e1ciles de usar, sin necesidad de Word o InDesign.<\/p>\n<\/div>\n<\/div>\n\n\n\n<div style=\"height:var(--wp--preset--spacing--80)\" aria-hidden=\"true\" class=\"wp-block-spacer\"><\/div>\n\n\n\n<div class=\"wp-block-columns is-layout-flex wp-container-core-columns-is-layout-14cf5ab5 wp-block-columns-is-layout-flex\">\n<div class=\"wp-block-column is-vertically-aligned-center is-layout-flow wp-block-column-is-layout-flow\">\n<h2 class=\"wp-block-heading\">Cumple la normativa y s\u00e9 accesible<\/h2>\n\n\n\n<p class=\"translation-block\"><a href=\"https:\/\/www.stepalong.com\/es\/cumplir-gpsr\/\" title=\"Haga que las instrucciones de sus productos cumplan con GPSR\" target=\"_self\">Cumple f\u00e1cilmente con GPSR<\/a>, la EAA y las normas locales de accesibilidad, proporcionando instrucciones de producto inclusivas para todos los usuarios en formato online y PDF. Actualice el contenido al instante para cumplir con las normativas a medida que evolucionan.<\/p>\n<\/div>\n\n\n\n<div class=\"wp-block-column is-layout-flow wp-block-column-is-layout-flow\">\n<figure class=\"wp-block-image size-full shadow rounded\"><img loading=\"lazy\" decoding=\"async\" width=\"1700\" height=\"1700\" src=\"https:\/\/www.stepalong.com\/wp-content\/uploads\/2025\/09\/GPSR-accesible-instructions.webp\" alt=\"Instrucciones del producto accesibles en PDF\" class=\"wp-image-8373\" srcset=\"https:\/\/www.stepalong.com\/wp-content\/uploads\/2025\/09\/GPSR-accesible-instructions.webp 1700w, https:\/\/www.stepalong.com\/wp-content\/uploads\/2025\/09\/GPSR-accesible-instructions-300x300.webp 300w, https:\/\/www.stepalong.com\/wp-content\/uploads\/2025\/09\/GPSR-accesible-instructions-1024x1024.webp 1024w, https:\/\/www.stepalong.com\/wp-content\/uploads\/2025\/09\/GPSR-accesible-instructions-150x150.webp 150w, https:\/\/www.stepalong.com\/wp-content\/uploads\/2025\/09\/GPSR-accesible-instructions-768x768.webp 768w, https:\/\/www.stepalong.com\/wp-content\/uploads\/2025\/09\/GPSR-accesible-instructions-1536x1536.webp 1536w, https:\/\/www.stepalong.com\/wp-content\/uploads\/2025\/09\/GPSR-accesible-instructions-12x12.webp 12w\" sizes=\"auto, (max-width: 1700px) 100vw, 1700px\" \/><\/figure>\n<\/div>\n<\/div>\n\n\n\n<div style=\"height:var(--wp--preset--spacing--80)\" aria-hidden=\"true\" class=\"wp-block-spacer\"><\/div>\n\n\n\n<div class=\"wp-block-columns is-layout-flex wp-container-core-columns-is-layout-14cf5ab5 wp-block-columns-is-layout-flex\">\n<div class=\"wp-block-column is-layout-flow wp-block-column-is-layout-flow\">\n<div class=\"wp-block-group feature is-layout-constrained wp-block-group-is-layout-constrained\">\n<div class=\"wp-block-columns is-layout-flex wp-container-core-columns-is-layout-cbe57604 wp-block-columns-is-layout-flex\">\n<div class=\"wp-block-column is-layout-flow wp-block-column-is-layout-flow\">\n<figure class=\"wp-block-image size-large rounded\"><img loading=\"lazy\" decoding=\"async\" width=\"1024\" height=\"1024\" src=\"https:\/\/www.stepalong.com\/wp-content\/uploads\/2025\/08\/stepalong-roi-calculator-1024x1024.webp\" alt=\"Calculadora de ROI de StepAlong\" class=\"wp-image-8026\" srcset=\"https:\/\/www.stepalong.com\/wp-content\/uploads\/2025\/08\/stepalong-roi-calculator-1024x1024.webp 1024w, https:\/\/www.stepalong.com\/wp-content\/uploads\/2025\/08\/stepalong-roi-calculator-300x300.webp 300w, https:\/\/www.stepalong.com\/wp-content\/uploads\/2025\/08\/stepalong-roi-calculator-150x150.webp 150w, https:\/\/www.stepalong.com\/wp-content\/uploads\/2025\/08\/stepalong-roi-calculator-768x768.webp 768w, https:\/\/www.stepalong.com\/wp-content\/uploads\/2025\/08\/stepalong-roi-calculator-12x12.webp 12w, https:\/\/www.stepalong.com\/wp-content\/uploads\/2025\/08\/stepalong-roi-calculator.webp 1420w\" sizes=\"auto, (max-width: 1024px) 100vw, 1024px\" \/><\/figure>\n<\/div>\n\n\n\n<div class=\"wp-block-column is-layout-flow wp-block-column-is-layout-flow\">\n<h3 class=\"wp-block-heading\">Calcula tus posibles ahorros<\/h3>\n\n\n\n<p>Descubre cu\u00e1nto puede ahorrar tu empresa al cambiar a la plataforma de instrucciones digitales con IA de StepAlong.<\/p>\n\n\n\n<div style=\"height:0px\" aria-hidden=\"true\" class=\"wp-block-spacer\"><\/div>\n<\/div>\n<\/div>\n\n\n\n<div style=\"height:1em\" aria-hidden=\"true\" class=\"wp-block-spacer\"><\/div>\n\n\n\n<div class=\"wp-block-buttons is-content-justification-center is-layout-flex wp-container-core-buttons-is-layout-a89b3969 wp-block-buttons-is-layout-flex\">\n<div class=\"wp-block-button is-style-outline is-style-outline--1\"><a class=\"wp-block-button__link has-custom-purple-color has-text-color has-link-color has-border-color has-custom-purple-border-color wp-element-button\" href=\"https:\/\/www.stepalong.com\/es\/calculadora-roi\/\">Calcule su ahorro<\/a><\/div>\n<\/div>\n<\/div>\n<\/div>\n\n\n\n<div class=\"wp-block-column is-vertically-aligned-center is-layout-flow wp-block-column-is-layout-flow\">\n<p>En StepAlong, nos hemos centrado en lo que necesitan los clientes para disfrutar de una gran experiencia de instrucciones sobre productos:<\/p>\n\n\n\n<ul class=\"wp-block-list\">\n<li><strong>Mobile-first<\/strong><br>No es necesario descargar la aplicaci\u00f3n, basta con abrirla y seguirla<\/li>\n\n\n\n<li><strong>Claridad paso a paso<\/strong><br>Una estructura l\u00f3gica, paso a paso, para mayor claridad<\/li>\n\n\n\n<li><strong>Formatos flexibles<\/strong><br>PDF descargables para quienes los prefieran<\/li>\n\n\n\n<li><strong>F\u00e1cil acceso<\/strong><br>Accesible a trav\u00e9s de Google, ChatGPT y otros motores de b\u00fasqueda<\/li>\n\n\n\n<li><strong>Soporte multiling\u00fce<\/strong><br>Instrucciones en el idioma de sus clientes<\/li>\n<\/ul>\n\n\n\n<div style=\"height:1em\" aria-hidden=\"true\" class=\"wp-block-spacer\"><\/div>\n\n\n\n<div class=\"wp-block-buttons is-content-justification-center is-layout-flex wp-container-core-buttons-is-layout-a89b3969 wp-block-buttons-is-layout-flex\">\n<div class=\"wp-block-button is-style-fill\"><a class=\"wp-block-button__link has-raft-fg-alt-color has-custom-purple-background-color has-text-color has-background has-link-color has-text-align-center wp-element-button\" href=\"https:\/\/www.stepalong.com\/es\/reserve-una-demostracion\/\">Solicita una Demo<\/a><\/div>\n<\/div>\n<\/div>\n<\/div>","protected":false},"excerpt":{"rendered":"<p>Branded, mobile-friendly product instructions in 30+ languages, powered by AI Reduce support tickets, returns and increase positive reviews with better, customer focussed instructions. Mobile-First, Search-Friendly Instructions (no app needed) StepAlong\u2019s step-by-step instructions look great on mobile and get indexed fast by search and AI engines. No more hunching over your phones to work out PDF [&hellip;]<\/p>","protected":false},"author":1,"featured_media":0,"parent":0,"menu_order":0,"comment_status":"closed","ping_status":"closed","template":"wp-custom-template-landing-page-b","meta":{"content-type":"","_uag_custom_page_level_css":"","footnotes":""},"class_list":["post-8371","page","type-page","status-publish","hentry"],"aioseo_notices":[],"mb":[],"uagb_featured_image_src":{"full":false,"thumbnail":false,"medium":false,"medium_large":false,"large":false,"1536x1536":false,"2048x2048":false,"trp-custom-language-flag":false},"uagb_author_info":{"display_name":"Sergi S\u00e1nchez Mancha","author_link":"https:\/\/www.stepalong.com\/es\/author\/sergiostepalong-com\/"},"uagb_comment_info":0,"uagb_excerpt":"Branded, mobile-friendly product instructions in 30+ languages, powered by AI Reduce support tickets, returns and increase positive reviews with better, customer focussed instructions. Mobile-First, Search-Friendly Instructions (no app needed) StepAlong\u2019s step-by-step instructions look great on mobile and get indexed fast by search and AI engines. No more hunching over your phones to work out PDF&hellip;","mfb_rest_fields":["title","aioseo_notices","uagb_featured_image_src","uagb_author_info","uagb_comment_info","uagb_excerpt"],"_links":{"self":[{"href":"https:\/\/www.stepalong.com\/es\/wp-json\/wp\/v2\/pages\/8371","targetHints":{"allow":["GET"]}}],"collection":[{"href":"https:\/\/www.stepalong.com\/es\/wp-json\/wp\/v2\/pages"}],"about":[{"href":"https:\/\/www.stepalong.com\/es\/wp-json\/wp\/v2\/types\/page"}],"author":[{"embeddable":true,"href":"https:\/\/www.stepalong.com\/es\/wp-json\/wp\/v2\/users\/1"}],"replies":[{"embeddable":true,"href":"https:\/\/www.stepalong.com\/es\/wp-json\/wp\/v2\/comments?post=8371"}],"version-history":[{"count":4,"href":"https:\/\/www.stepalong.com\/es\/wp-json\/wp\/v2\/pages\/8371\/revisions"}],"predecessor-version":[{"id":8390,"href":"https:\/\/www.stepalong.com\/es\/wp-json\/wp\/v2\/pages\/8371\/revisions\/8390"}],"wp:attachment":[{"href":"https:\/\/www.stepalong.com\/es\/wp-json\/wp\/v2\/media?parent=8371"}],"curies":[{"name":"wp","href":"https:\/\/api.w.org\/{rel}","templated":true}]}}