{"id":8346,"date":"2025-09-23T13:11:17","date_gmt":"2025-09-23T11:11:17","guid":{"rendered":"https:\/\/www.stepalong.com\/?page_id=8346"},"modified":"2025-09-24T17:33:36","modified_gmt":"2025-09-24T15:33:36","slug":"instrucciones-box-ready","status":"publish","type":"page","link":"https:\/\/www.stepalong.com\/es\/instrucciones-box-ready\/","title":{"rendered":"StepAlong Box Ready Instructions"},"content":{"rendered":"<h2 class=\"wp-block-heading has-text-align-center\" style=\"font-size:2.4em\">Instrucciones de producto digitales y de packaging, en una plataforma<\/h2>\n\n\n\n<p class=\"has-text-align-center\">Escribe una vez y exporta tus instrucciones al formato que necesites.<\/p>\n\n\n\n<div class=\"wp-block-buttons is-content-justification-center is-layout-flex wp-container-core-buttons-is-layout-a89b3969 wp-block-buttons-is-layout-flex\">\n<div class=\"wp-block-button is-style-fill\"><a class=\"wp-block-button__link has-raft-fg-alt-color has-custom-purple-background-color has-text-color has-background has-link-color has-text-align-center wp-element-button\" href=\"https:\/\/www.stepalong.com\/es\/reserve-una-demostracion\/\">Solicita una Demo<\/a><\/div>\n<\/div>\n\n\n\n<div style=\"height:36px\" aria-hidden=\"true\" class=\"wp-block-spacer\"><\/div>\n\n\n\n<p>StepAlong Box Ready se integra con <a href=\"https:\/\/www.stepalong.com\/es\/instrucciones-digitales\/\" title=\"StepAlong Digital Instructions\">StepAlong Digital Instructions<\/a> para crear una plataforma \"todo en uno\" donde documentar todas las instrucciones de tus productos una sola vez (manuales, c\u00f3digos QR, gu\u00edas de inicio r\u00e1pido, etc.), generarlas en todos los formatos (digital, impreso) y en todas las formas (m\u00f3vil, PC, A4, A5, etc.).<\/p>\n\n\n\n<div class=\"wp-block-columns is-layout-flex wp-container-core-columns-is-layout-14cf5ab5 wp-block-columns-is-layout-flex\">\n<div class=\"wp-block-column is-vertically-aligned-center is-layout-flow wp-block-column-is-layout-flow\">\n<h2 class=\"wp-block-heading\">Todos los formatos, de una sola vez<\/h2>\n\n\n\n<p>Incluso cuando un producto puede apoyarse legalmente en un c\u00f3digo QR, sigue siendo necesario incluir algo en la caja (un inserto con el QR, un aviso de seguridad o una gu\u00eda r\u00e1pida), a menudo en varios idiomas. Hasta ahora, eso implicaba duplicar procesos de creaci\u00f3n de instrucciones, con m\u00e1s errores, costes y retrasos.<\/p>\n<\/div>\n\n\n\n<div class=\"wp-block-column is-layout-flow wp-block-column-is-layout-flow\">\n<figure class=\"wp-block-image size-full shadow rounded\"><img loading=\"lazy\" decoding=\"async\" width=\"951\" height=\"696\" src=\"https:\/\/www.stepalong.com\/wp-content\/uploads\/2025\/09\/every-format.webp\" alt=\"Instrucciones del producto en varias p\u00e1ginas.\" class=\"wp-image-8348\" srcset=\"https:\/\/www.stepalong.com\/wp-content\/uploads\/2025\/09\/every-format.webp 951w, https:\/\/www.stepalong.com\/wp-content\/uploads\/2025\/09\/every-format-300x220.webp 300w, https:\/\/www.stepalong.com\/wp-content\/uploads\/2025\/09\/every-format-768x562.webp 768w, https:\/\/www.stepalong.com\/wp-content\/uploads\/2025\/09\/every-format-16x12.webp 16w\" sizes=\"auto, (max-width: 951px) 100vw, 951px\" \/><\/figure>\n<\/div>\n<\/div>\n\n\n\n<div style=\"height:var(--wp--preset--spacing--80)\" aria-hidden=\"true\" class=\"wp-block-spacer\"><\/div>\n\n\n\n<div class=\"wp-block-columns is-layout-flex wp-container-core-columns-is-layout-14cf5ab5 wp-block-columns-is-layout-flex\">\n<div class=\"wp-block-column is-layout-flow wp-block-column-is-layout-flow\">\n<figure class=\"wp-block-image size-full shadow rounded\"><img loading=\"lazy\" decoding=\"async\" width=\"951\" height=\"696\" src=\"https:\/\/www.stepalong.com\/wp-content\/uploads\/2025\/09\/scan-qr-safety-information.webp\" alt=\"El usuario escanea un c\u00f3digo QR y un envase con informaci\u00f3n de seguridad para obtener instrucciones sobre el producto.\" class=\"wp-image-8351\" srcset=\"https:\/\/www.stepalong.com\/wp-content\/uploads\/2025\/09\/scan-qr-safety-information.webp 951w, https:\/\/www.stepalong.com\/wp-content\/uploads\/2025\/09\/scan-qr-safety-information-300x220.webp 300w, https:\/\/www.stepalong.com\/wp-content\/uploads\/2025\/09\/scan-qr-safety-information-768x562.webp 768w, https:\/\/www.stepalong.com\/wp-content\/uploads\/2025\/09\/scan-qr-safety-information-16x12.webp 16w\" sizes=\"auto, (max-width: 951px) 100vw, 951px\" \/><\/figure>\n<\/div>\n\n\n\n<div class=\"wp-block-column is-vertically-aligned-center is-layout-flow wp-block-column-is-layout-flow\">\n<h2 class=\"wp-block-heading\">El \u201csin papel\u201d es un ideal, pero la reducci\u00f3n empieza aqu\u00ed<\/h2>\n\n\n\n<p>Las normativas difieren seg\u00fan el mercado y todav\u00eda no es posible dar instrucciones totalmente en papel. StepAlong le ayuda a reducir el papel siempre que pueda, cumpliendo al mismo tiempo la normativa GPSR de la UE y otras normativas regionales. Desde inserciones s\u00f3lo en QR hasta gu\u00edas de inicio r\u00e1pido o manuales completos, siempre proporcionar\u00e1 a los clientes instrucciones en l\u00ednea actualizadas al tiempo que <a href=\"https:\/\/www.stepalong.com\/es\/cumplir-gpsr\/\" title=\"GPSR\">cumples con el GPRS de la UE<\/a> y otras normas regionales.<\/p>\n<\/div>\n<\/div>\n\n\n\n<div style=\"height:var(--wp--preset--spacing--80)\" aria-hidden=\"true\" class=\"wp-block-spacer\"><\/div>\n\n\n\n<div class=\"wp-block-columns is-layout-flex wp-container-core-columns-is-layout-14cf5ab5 wp-block-columns-is-layout-flex\">\n<div class=\"wp-block-column is-vertically-aligned-center is-layout-flow wp-block-column-is-layout-flow\">\n<h2 class=\"wp-block-heading\">No vuelvas a imprimir instrucciones obsoletas<\/h2>\n\n\n\n<p>Con StepAlong Box Ready, creas las instrucciones una sola vez y las exportas de inmediato a todos los formatos digitales y en papel que necesites. Las actualizaciones se publican online al instante y quedan listas para la pr\u00f3xima tirada de impresi\u00f3n, garantizando que la f\u00e1brica siempre disponga de la versi\u00f3n vigente.<\/p>\n<\/div>\n\n\n\n<div class=\"wp-block-column is-layout-flow wp-block-column-is-layout-flow\">\n<figure class=\"wp-block-image size-full shadow rounded\"><img loading=\"lazy\" decoding=\"async\" width=\"1011\" height=\"776\" src=\"https:\/\/www.stepalong.com\/wp-content\/uploads\/2025\/09\/paper-digital-instructions.webp\" alt=\"Gu\u00eda de inicio r\u00e1pido impresa para el producto.\" class=\"wp-image-8349\" srcset=\"https:\/\/www.stepalong.com\/wp-content\/uploads\/2025\/09\/paper-digital-instructions.webp 1011w, https:\/\/www.stepalong.com\/wp-content\/uploads\/2025\/09\/paper-digital-instructions-300x230.webp 300w, https:\/\/www.stepalong.com\/wp-content\/uploads\/2025\/09\/paper-digital-instructions-768x589.webp 768w, https:\/\/www.stepalong.com\/wp-content\/uploads\/2025\/09\/paper-digital-instructions-16x12.webp 16w\" sizes=\"auto, (max-width: 1011px) 100vw, 1011px\" \/><\/figure>\n<\/div>\n<\/div>\n\n\n\n<div style=\"height:var(--wp--preset--spacing--80)\" aria-hidden=\"true\" class=\"wp-block-spacer\"><\/div>\n\n\n\n<div class=\"wp-block-columns is-layout-flex wp-container-core-columns-is-layout-14cf5ab5 wp-block-columns-is-layout-flex\">\n<div class=\"wp-block-column is-layout-flow wp-block-column-is-layout-flow\">\n<figure class=\"wp-block-image size-full shadow rounded\"><img loading=\"lazy\" decoding=\"async\" width=\"951\" height=\"692\" src=\"https:\/\/www.stepalong.com\/wp-content\/uploads\/2025\/09\/qr-sticker-settings.webp\" alt=\"Configuraci\u00f3n de la pegatina con c\u00f3digo QR de StepAlong Box Ready para obtener instrucciones sobre el producto.\" class=\"wp-image-8357\" srcset=\"https:\/\/www.stepalong.com\/wp-content\/uploads\/2025\/09\/qr-sticker-settings.webp 951w, https:\/\/www.stepalong.com\/wp-content\/uploads\/2025\/09\/qr-sticker-settings-300x218.webp 300w, https:\/\/www.stepalong.com\/wp-content\/uploads\/2025\/09\/qr-sticker-settings-768x559.webp 768w, https:\/\/www.stepalong.com\/wp-content\/uploads\/2025\/09\/qr-sticker-settings-16x12.webp 16w\" sizes=\"auto, (max-width: 951px) 100vw, 951px\" \/><\/figure>\n<\/div>\n\n\n\n<div class=\"wp-block-column is-vertically-aligned-center is-layout-flow wp-block-column-is-layout-flow\">\n<h2 class=\"wp-block-heading\">Plantillas listas para cada escenario<\/h2>\n\n\n\n<p>Genera autom\u00e1ticamente un PDF listo para imprenta (con marcas de corte, sangrado, fuentes incrustadas e im\u00e1genes en alta resoluci\u00f3n) para el caso que necesites:<\/p>\n\n\n\n<ul class=\"wp-block-list\">\n<li class=\"translation-block\"><strong>Pegatina con c\u00f3digo QR<\/strong> que dirige al cliente a las instrucciones completas en l\u00ednea.<\/li>\n\n\n\n<li><strong>C\u00f3digo QR + Avisos de seguridad + Manual completo impreso<\/strong><\/li>\n\n\n\n<li><strong>C\u00f3digo QR + Folleto de consejos de seguridad<\/strong><\/li>\n\n\n\n<li><strong>C\u00f3digo QR + Avisos de seguridad + Gu\u00eda de inicio r\u00e1pido<\/strong><\/li>\n<\/ul>\n<\/div>\n<\/div>\n\n\n\n<div style=\"height:var(--wp--preset--spacing--80)\" aria-hidden=\"true\" class=\"wp-block-spacer\"><\/div>\n\n\n\n<div class=\"wp-block-columns is-layout-flex wp-container-core-columns-is-layout-14cf5ab5 wp-block-columns-is-layout-flex\">\n<div class=\"wp-block-column is-layout-flow wp-block-column-is-layout-flow\">\n<div class=\"wp-block-group feature is-layout-constrained wp-block-group-is-layout-constrained\">\n<div class=\"wp-block-columns is-layout-flex wp-container-core-columns-is-layout-cbe57604 wp-block-columns-is-layout-flex\">\n<div class=\"wp-block-column is-layout-flow wp-block-column-is-layout-flow\">\n<figure class=\"wp-block-image size-large rounded\"><img loading=\"lazy\" decoding=\"async\" width=\"1024\" height=\"1024\" src=\"https:\/\/www.stepalong.com\/wp-content\/uploads\/2025\/08\/stepalong-roi-calculator-1024x1024.webp\" alt=\"Calculadora de ROI de StepAlong\" class=\"wp-image-8026\" srcset=\"https:\/\/www.stepalong.com\/wp-content\/uploads\/2025\/08\/stepalong-roi-calculator-1024x1024.webp 1024w, https:\/\/www.stepalong.com\/wp-content\/uploads\/2025\/08\/stepalong-roi-calculator-300x300.webp 300w, https:\/\/www.stepalong.com\/wp-content\/uploads\/2025\/08\/stepalong-roi-calculator-150x150.webp 150w, https:\/\/www.stepalong.com\/wp-content\/uploads\/2025\/08\/stepalong-roi-calculator-768x768.webp 768w, https:\/\/www.stepalong.com\/wp-content\/uploads\/2025\/08\/stepalong-roi-calculator-12x12.webp 12w, https:\/\/www.stepalong.com\/wp-content\/uploads\/2025\/08\/stepalong-roi-calculator.webp 1420w\" sizes=\"auto, (max-width: 1024px) 100vw, 1024px\" \/><\/figure>\n<\/div>\n\n\n\n<div class=\"wp-block-column is-layout-flow wp-block-column-is-layout-flow\">\n<h3 class=\"wp-block-heading\">Calcula tus posibles ahorros<\/h3>\n\n\n\n<p>Descubre cu\u00e1nto puede ahorrar tu empresa al cambiar a la plataforma de instrucciones digitales con IA de StepAlong.<\/p>\n\n\n\n<div style=\"height:0px\" aria-hidden=\"true\" class=\"wp-block-spacer\"><\/div>\n<\/div>\n<\/div>\n\n\n\n<div style=\"height:1em\" aria-hidden=\"true\" class=\"wp-block-spacer\"><\/div>\n\n\n\n<div class=\"wp-block-buttons is-content-justification-center is-layout-flex wp-container-core-buttons-is-layout-a89b3969 wp-block-buttons-is-layout-flex\">\n<div class=\"wp-block-button is-style-outline is-style-outline--1\"><a class=\"wp-block-button__link has-custom-purple-color has-text-color has-link-color has-border-color has-custom-purple-border-color wp-element-button\" href=\"https:\/\/www.stepalong.com\/es\/calculadora-roi\/\">Calcule su ahorro<\/a><\/div>\n<\/div>\n<\/div>\n<\/div>\n\n\n\n<div class=\"wp-block-column is-vertically-aligned-center is-layout-flow wp-block-column-is-layout-flow\">\n<p>En StepAlong, nos hemos centrado en lo que necesitan los clientes para disfrutar de una gran experiencia de instrucciones sobre productos:<\/p>\n\n\n\n<ul class=\"wp-block-list\">\n<li><strong>Mobile-first<\/strong><br>No es necesario descargar la aplicaci\u00f3n, basta con abrirla y seguirla<\/li>\n\n\n\n<li><strong>Claridad paso a paso<\/strong><br>Una estructura l\u00f3gica, paso a paso, para mayor claridad<\/li>\n\n\n\n<li><strong>Formatos flexibles<\/strong><br>PDF descargables para quienes los prefieran<\/li>\n\n\n\n<li><strong>F\u00e1cil acceso<\/strong><br>Accesible a trav\u00e9s de Google, ChatGPT y otros motores de b\u00fasqueda<\/li>\n\n\n\n<li><strong>Soporte multiling\u00fce<\/strong><br>Instrucciones en el idioma de sus clientes<\/li>\n<\/ul>\n\n\n\n<div style=\"height:1em\" aria-hidden=\"true\" class=\"wp-block-spacer\"><\/div>\n\n\n\n<div class=\"wp-block-buttons is-content-justification-center is-layout-flex wp-container-core-buttons-is-layout-a89b3969 wp-block-buttons-is-layout-flex\">\n<div class=\"wp-block-button is-style-fill\"><a class=\"wp-block-button__link has-raft-fg-alt-color has-custom-purple-background-color has-text-color has-background has-link-color has-text-align-center wp-element-button\" href=\"https:\/\/www.stepalong.com\/es\/reserve-una-demostracion\/\">Solicita una Demo<\/a><\/div>\n<\/div>\n<\/div>\n<\/div>","protected":false},"excerpt":{"rendered":"<p>Instrucciones de producto digitales y en caja en una sola plataforma Escriba una vez, exporte sus instrucciones a cualquier formato y forma que necesite. StepAlong Box Ready se integra en StepAlong Digital Instructions para crear una plataforma todo en uno que permite crear toda la documentaci\u00f3n instructiva una sola vez (instrucciones, c\u00f3digos QR, gu\u00edas de inicio r\u00e1pido, etc.) y, a continuaci\u00f3n, dar salida a todos los formatos (digital, impreso) y [...]<\/p>","protected":false},"author":1,"featured_media":0,"parent":0,"menu_order":0,"comment_status":"closed","ping_status":"closed","template":"wp-custom-template-landing-page-b","meta":{"content-type":"","_uag_custom_page_level_css":"","footnotes":""},"class_list":["post-8346","page","type-page","status-publish","hentry"],"aioseo_notices":[],"mb":[],"uagb_featured_image_src":{"full":false,"thumbnail":false,"medium":false,"medium_large":false,"large":false,"1536x1536":false,"2048x2048":false,"trp-custom-language-flag":false},"uagb_author_info":{"display_name":"Sergi S\u00e1nchez Mancha","author_link":"https:\/\/www.stepalong.com\/es\/author\/sergiostepalong-com\/"},"uagb_comment_info":0,"uagb_excerpt":"Digital &amp; In-Box Product Instructions in One Platform Write once, export your instructions to any format and form you need. StepAlong Box Ready integrates into StepAlong Digital Instructions to create an all-in-one platform to create all instructional documentation once (instructions, QR codes, quick start guides etc), then output to all formats (digital, print) and all&hellip;","mfb_rest_fields":["title","aioseo_notices","uagb_featured_image_src","uagb_author_info","uagb_comment_info","uagb_excerpt"],"_links":{"self":[{"href":"https:\/\/www.stepalong.com\/es\/wp-json\/wp\/v2\/pages\/8346","targetHints":{"allow":["GET"]}}],"collection":[{"href":"https:\/\/www.stepalong.com\/es\/wp-json\/wp\/v2\/pages"}],"about":[{"href":"https:\/\/www.stepalong.com\/es\/wp-json\/wp\/v2\/types\/page"}],"author":[{"embeddable":true,"href":"https:\/\/www.stepalong.com\/es\/wp-json\/wp\/v2\/users\/1"}],"replies":[{"embeddable":true,"href":"https:\/\/www.stepalong.com\/es\/wp-json\/wp\/v2\/comments?post=8346"}],"version-history":[{"count":7,"href":"https:\/\/www.stepalong.com\/es\/wp-json\/wp\/v2\/pages\/8346\/revisions"}],"predecessor-version":[{"id":8386,"href":"https:\/\/www.stepalong.com\/es\/wp-json\/wp\/v2\/pages\/8346\/revisions\/8386"}],"wp:attachment":[{"href":"https:\/\/www.stepalong.com\/es\/wp-json\/wp\/v2\/media?parent=8346"}],"curies":[{"name":"wp","href":"https:\/\/api.w.org\/{rel}","templated":true}]}}