{"id":7909,"date":"2025-08-25T18:44:30","date_gmt":"2025-08-25T16:44:30","guid":{"rendered":"https:\/\/www.stepalong.com\/?page_id=7909"},"modified":"2025-08-27T20:50:24","modified_gmt":"2025-08-27T18:50:24","slug":"stepalong-para-instaladores-independientes","status":"publish","type":"page","link":"https:\/\/www.stepalong.com\/es\/stepalong-para-instaladores-independientes\/","title":{"rendered":"StepAlong para instaladores independientes"},"content":{"rendered":"<h2 class=\"wp-block-heading has-text-align-center\" style=\"font-size:2.4em\">Mejores instrucciones para garantizar el \u00e9xito de la instalaci\u00f3n<\/h2>\n\n\n\n<p class=\"has-text-align-center\">StepAlong ayuda a las empresas que conf\u00edan en instaladores independientes a garantizar mejor que su producto se instala de forma segura y eficaz, sin dramas.<\/p>\n\n\n\n<div class=\"wp-block-buttons is-content-justification-center is-layout-flex wp-container-core-buttons-is-layout-a89b3969 wp-block-buttons-is-layout-flex\">\n<div class=\"wp-block-button is-style-fill\"><a class=\"wp-block-button__link has-raft-fg-alt-color has-custom-purple-background-color has-text-color has-background has-link-color has-text-align-center wp-element-button\" href=\"https:\/\/www.stepalong.com\/es\/reserve-una-demostracion\/\">Solicita una Demo<\/a><\/div>\n<\/div>\n\n\n\n<div style=\"height:36px\" aria-hidden=\"true\" class=\"wp-block-spacer\"><\/div>\n\n\n\n<div class=\"wp-block-columns is-layout-flex wp-container-core-columns-is-layout-14cf5ab5 wp-block-columns-is-layout-flex\">\n<div class=\"wp-block-column is-vertically-aligned-center is-layout-flow wp-block-column-is-layout-flow\">\n<h2 class=\"wp-block-heading\">Unas mejores instrucciones aumentan el \u00e9xito de los instaladores<\/h2>\n\n\n\n<p>La mayor\u00eda de los instaladores son contratados directamente por sus clientes e instalan su producto por primera vez. Con StepAlong, sus instrucciones est\u00e1n dise\u00f1adas para ser claras, visuales e infalibles, por lo que incluso un instalador novel puede ofrecer un resultado r\u00e1pido y profesional.<\/p>\n<\/div>\n\n\n\n<div class=\"wp-block-column is-layout-flow wp-block-column-is-layout-flow\">\n<figure class=\"wp-block-image size-large shadow rounded\"><img loading=\"lazy\" decoding=\"async\" width=\"1024\" height=\"768\" src=\"https:\/\/www.stepalong.com\/wp-content\/uploads\/2025\/08\/instructions-for-installers-1024x768.jpg\" alt=\"Instalador montando la vaina ac\u00fastica mientras sigue instrucciones digitales en una tableta.\" class=\"wp-image-7910\" srcset=\"https:\/\/www.stepalong.com\/wp-content\/uploads\/2025\/08\/instructions-for-installers-1024x768.jpg 1024w, https:\/\/www.stepalong.com\/wp-content\/uploads\/2025\/08\/instructions-for-installers-300x225.jpg 300w, https:\/\/www.stepalong.com\/wp-content\/uploads\/2025\/08\/instructions-for-installers-768x576.jpg 768w, https:\/\/www.stepalong.com\/wp-content\/uploads\/2025\/08\/instructions-for-installers-16x12.jpg 16w, https:\/\/www.stepalong.com\/wp-content\/uploads\/2025\/08\/instructions-for-installers.jpg 1275w\" sizes=\"auto, (max-width: 1024px) 100vw, 1024px\" \/><\/figure>\n<\/div>\n<\/div>\n\n\n\n<div style=\"height:var(--wp--preset--spacing--80)\" aria-hidden=\"true\" class=\"wp-block-spacer\"><\/div>\n\n\n\n<div class=\"wp-block-columns is-layout-flex wp-container-core-columns-is-layout-14cf5ab5 wp-block-columns-is-layout-flex\">\n<div class=\"wp-block-column is-layout-flow wp-block-column-is-layout-flow\">\n<figure class=\"wp-block-image size-full rounded shadow\"><img loading=\"lazy\" decoding=\"async\" width=\"1378\" height=\"1033\" src=\"https:\/\/www.stepalong.com\/wp-content\/uploads\/2025\/08\/instructions-installer-language.jpg\" alt=\"Dos instaladores revisan las instrucciones digitales en espa\u00f1ol en una tableta.\" class=\"wp-image-7911\" srcset=\"https:\/\/www.stepalong.com\/wp-content\/uploads\/2025\/08\/instructions-installer-language.jpg 1378w, https:\/\/www.stepalong.com\/wp-content\/uploads\/2025\/08\/instructions-installer-language-300x225.jpg 300w, https:\/\/www.stepalong.com\/wp-content\/uploads\/2025\/08\/instructions-installer-language-1024x768.jpg 1024w, https:\/\/www.stepalong.com\/wp-content\/uploads\/2025\/08\/instructions-installer-language-768x576.jpg 768w, https:\/\/www.stepalong.com\/wp-content\/uploads\/2025\/08\/instructions-installer-language-16x12.jpg 16w\" sizes=\"auto, (max-width: 1378px) 100vw, 1378px\" \/><\/figure>\n<\/div>\n\n\n\n<div class=\"wp-block-column is-vertically-aligned-center is-layout-flow wp-block-column-is-layout-flow\">\n<h2 class=\"wp-block-heading\">Instrucciones en el idioma de cada instalador<\/h2>\n\n\n\n<p>Los instaladores independientes proceden de entornos diversos y puede que no compartan el idioma de su cliente. Las traducciones de StepAlong con inteligencia artificial adaptadas al contexto garantizan que sus instrucciones est\u00e9n disponibles en m\u00e1s de 30 idiomas por una fracci\u00f3n del coste, lo que aumenta dr\u00e1sticamente la probabilidad de una instalaci\u00f3n sin problemas.<\/p>\n<\/div>\n<\/div>\n\n\n\n<div style=\"height:var(--wp--preset--spacing--80)\" aria-hidden=\"true\" class=\"wp-block-spacer\"><\/div>\n\n\n\n<div class=\"wp-block-columns is-layout-flex wp-container-core-columns-is-layout-14cf5ab5 wp-block-columns-is-layout-flex\">\n<div class=\"wp-block-column is-vertically-aligned-center is-layout-flow wp-block-column-is-layout-flow\">\n<h2 class=\"wp-block-heading\">Incorpore f\u00e1cilmente los comentarios de los instaladores<\/h2>\n\n\n\n<p>Los instaladores profesionales pueden ser los mejores probadores, ya que detectan problemas en el producto y la instalaci\u00f3n que otros no ven.<\/p>\n\n\n\n<p>Con StepAlong puede actualizar sus instrucciones en cualquier momento, asegur\u00e1ndose de que est\u00e9n al d\u00eda y sean lo m\u00e1s \u00fatiles posible.<\/p>\n<\/div>\n\n\n\n<div class=\"wp-block-column is-layout-flow wp-block-column-is-layout-flow\">\n<figure class=\"wp-block-image size-full rounded shadow\"><img loading=\"lazy\" decoding=\"async\" width=\"1275\" height=\"956\" src=\"https:\/\/www.stepalong.com\/wp-content\/uploads\/2025\/08\/installer-feedback.jpg\" alt=\"Dos hombres inspeccionan un mueble de ba\u00f1o mientras uno muestra comentarios en su tel\u00e9fono.\" class=\"wp-image-7913\" srcset=\"https:\/\/www.stepalong.com\/wp-content\/uploads\/2025\/08\/installer-feedback.jpg 1275w, https:\/\/www.stepalong.com\/wp-content\/uploads\/2025\/08\/installer-feedback-300x225.jpg 300w, https:\/\/www.stepalong.com\/wp-content\/uploads\/2025\/08\/installer-feedback-1024x768.jpg 1024w, https:\/\/www.stepalong.com\/wp-content\/uploads\/2025\/08\/installer-feedback-768x576.jpg 768w, https:\/\/www.stepalong.com\/wp-content\/uploads\/2025\/08\/installer-feedback-16x12.jpg 16w\" sizes=\"auto, (max-width: 1275px) 100vw, 1275px\" \/><\/figure>\n<\/div>\n<\/div>\n\n\n\n<div style=\"height:var(--wp--preset--spacing--80)\" aria-hidden=\"true\" class=\"wp-block-spacer\"><\/div>\n\n\n\n<div class=\"wp-block-columns is-layout-flex wp-container-core-columns-is-layout-14cf5ab5 wp-block-columns-is-layout-flex\">\n<div class=\"wp-block-column is-layout-flow wp-block-column-is-layout-flow\">\n<figure class=\"wp-block-image size-full rounded shadow\"><img loading=\"lazy\" decoding=\"async\" width=\"1280\" height=\"1280\" src=\"https:\/\/www.stepalong.com\/wp-content\/uploads\/2025\/08\/installer-stuck.jpg\" alt=\"Instalador al tel\u00e9fono sosteniendo un manual en papel con expresi\u00f3n preocupada.\" class=\"wp-image-7912\" srcset=\"https:\/\/www.stepalong.com\/wp-content\/uploads\/2025\/08\/installer-stuck.jpg 1280w, https:\/\/www.stepalong.com\/wp-content\/uploads\/2025\/08\/installer-stuck-300x300.jpg 300w, https:\/\/www.stepalong.com\/wp-content\/uploads\/2025\/08\/installer-stuck-1024x1024.jpg 1024w, https:\/\/www.stepalong.com\/wp-content\/uploads\/2025\/08\/installer-stuck-150x150.jpg 150w, https:\/\/www.stepalong.com\/wp-content\/uploads\/2025\/08\/installer-stuck-768x768.jpg 768w, https:\/\/www.stepalong.com\/wp-content\/uploads\/2025\/08\/installer-stuck-12x12.jpg 12w\" sizes=\"auto, (max-width: 1280px) 100vw, 1280px\" \/><\/figure>\n<\/div>\n\n\n\n<div class=\"wp-block-column is-vertically-aligned-center is-layout-flow wp-block-column-is-layout-flow\">\n<h2 class=\"wp-block-heading\">Reduzca las llamadas de asistencia y los costosos incidentes<\/h2>\n\n\n\n<p>Cuando los instaladores se atascan, se producen retrasos, frustraci\u00f3n y costosas llamadas. StepAlong garantiza una instalaci\u00f3n sin problemas a la primera, reduciendo los errores e inspirando mejores cr\u00edticas de sus clientes.<\/p>\n<\/div>\n<\/div>\n\n\n\n<div style=\"height:var(--wp--preset--spacing--80)\" aria-hidden=\"true\" class=\"wp-block-spacer\"><\/div>\n\n\n\n<div class=\"wp-block-columns is-layout-flex wp-container-core-columns-is-layout-14cf5ab5 wp-block-columns-is-layout-flex\">\n<div class=\"wp-block-column is-vertically-aligned-center is-layout-flow wp-block-column-is-layout-flow\">\n<h2 class=\"wp-block-heading\">Las instrucciones adecuadas, para el usuario adecuado, en todo momento<\/h2>\n\n\n\n<p>StepAlong le permite ofrecer documentaci\u00f3n a medida para clientes, usuarios finales e instaladores, todo desde una \u00fanica fuente. Nuestra soluci\u00f3n digital con c\u00f3digo QR garantiza que todos los usuarios reciban las instrucciones correctas al instante, sin residuos ni costes de impresi\u00f3n.<\/p>\n<\/div>\n\n\n\n<div class=\"wp-block-column is-layout-flow wp-block-column-is-layout-flow\">\n<figure class=\"wp-block-image size-full rounded shadow\"><img loading=\"lazy\" decoding=\"async\" width=\"1019\" height=\"764\" src=\"https:\/\/www.stepalong.com\/wp-content\/uploads\/2025\/08\/cut-support-calls-installer-1.jpg\" alt=\"\" class=\"wp-image-7917\" srcset=\"https:\/\/www.stepalong.com\/wp-content\/uploads\/2025\/08\/cut-support-calls-installer-1.jpg 1019w, https:\/\/www.stepalong.com\/wp-content\/uploads\/2025\/08\/cut-support-calls-installer-1-300x225.jpg 300w, https:\/\/www.stepalong.com\/wp-content\/uploads\/2025\/08\/cut-support-calls-installer-1-768x576.jpg 768w, https:\/\/www.stepalong.com\/wp-content\/uploads\/2025\/08\/cut-support-calls-installer-1-16x12.jpg 16w\" sizes=\"auto, (max-width: 1019px) 100vw, 1019px\" \/><\/figure>\n<\/div>\n<\/div>\n\n\n\n<div style=\"height:var(--wp--preset--spacing--80)\" aria-hidden=\"true\" class=\"wp-block-spacer\"><\/div>\n\n\n\n<div class=\"wp-block-columns is-layout-flex wp-container-core-columns-is-layout-14cf5ab5 wp-block-columns-is-layout-flex\">\n<div class=\"wp-block-column is-layout-flow wp-block-column-is-layout-flow\">\n<div class=\"wp-block-group feature is-layout-constrained wp-block-group-is-layout-constrained\">\n<div class=\"wp-block-columns is-layout-flex wp-container-core-columns-is-layout-cbe57604 wp-block-columns-is-layout-flex\">\n<div class=\"wp-block-column is-layout-flow wp-block-column-is-layout-flow\">\n<figure class=\"wp-block-image size-large rounded\"><img loading=\"lazy\" decoding=\"async\" width=\"1024\" height=\"1024\" src=\"https:\/\/www.stepalong.com\/wp-content\/uploads\/2025\/08\/stepalong-roi-calculator-1024x1024.webp\" alt=\"Calculadora de ROI de StepAlong\" class=\"wp-image-8026\" srcset=\"https:\/\/www.stepalong.com\/wp-content\/uploads\/2025\/08\/stepalong-roi-calculator-1024x1024.webp 1024w, https:\/\/www.stepalong.com\/wp-content\/uploads\/2025\/08\/stepalong-roi-calculator-300x300.webp 300w, https:\/\/www.stepalong.com\/wp-content\/uploads\/2025\/08\/stepalong-roi-calculator-150x150.webp 150w, https:\/\/www.stepalong.com\/wp-content\/uploads\/2025\/08\/stepalong-roi-calculator-768x768.webp 768w, https:\/\/www.stepalong.com\/wp-content\/uploads\/2025\/08\/stepalong-roi-calculator-12x12.webp 12w, https:\/\/www.stepalong.com\/wp-content\/uploads\/2025\/08\/stepalong-roi-calculator.webp 1420w\" sizes=\"auto, (max-width: 1024px) 100vw, 1024px\" \/><\/figure>\n<\/div>\n\n\n\n<div class=\"wp-block-column is-layout-flow wp-block-column-is-layout-flow\">\n<h3 class=\"wp-block-heading\">Calcula tus posibles ahorros<\/h3>\n\n\n\n<p>Descubre cu\u00e1nto puede ahorrar tu empresa al cambiar a la plataforma de instrucciones digitales con IA de StepAlong.<\/p>\n\n\n\n<div style=\"height:0px\" aria-hidden=\"true\" class=\"wp-block-spacer\"><\/div>\n<\/div>\n<\/div>\n\n\n\n<div style=\"height:1em\" aria-hidden=\"true\" class=\"wp-block-spacer\"><\/div>\n\n\n\n<div class=\"wp-block-buttons is-content-justification-center is-layout-flex wp-container-core-buttons-is-layout-a89b3969 wp-block-buttons-is-layout-flex\">\n<div class=\"wp-block-button is-style-outline is-style-outline--1\"><a class=\"wp-block-button__link has-custom-purple-color has-text-color has-link-color has-border-color has-custom-purple-border-color wp-element-button\" href=\"https:\/\/www.stepalong.com\/es\/calculadora-roi\/\">Calcule su ahorro<\/a><\/div>\n<\/div>\n<\/div>\n<\/div>\n\n\n\n<div class=\"wp-block-column is-vertically-aligned-center is-layout-flow wp-block-column-is-layout-flow\">\n<p>En StepAlong, nos hemos centrado en lo que necesitan los clientes para disfrutar de una gran experiencia de instrucciones sobre productos:<\/p>\n\n\n\n<ul class=\"wp-block-list\">\n<li><strong>Mobile-first<\/strong><br>No es necesario descargar la aplicaci\u00f3n, basta con abrirla y seguirla<\/li>\n\n\n\n<li><strong>Claridad paso a paso<\/strong><br>Una estructura l\u00f3gica, paso a paso, para mayor claridad<\/li>\n\n\n\n<li><strong>Formatos flexibles<\/strong><br>PDF descargables para quienes los prefieran<\/li>\n\n\n\n<li><strong>F\u00e1cil acceso<\/strong><br>Accesible a trav\u00e9s de Google, ChatGPT y otros motores de b\u00fasqueda<\/li>\n\n\n\n<li><strong>Soporte multiling\u00fce<\/strong><br>Instrucciones en el idioma de sus clientes<\/li>\n<\/ul>\n\n\n\n<div style=\"height:1em\" aria-hidden=\"true\" class=\"wp-block-spacer\"><\/div>\n\n\n\n<div class=\"wp-block-buttons is-content-justification-center is-layout-flex wp-container-core-buttons-is-layout-a89b3969 wp-block-buttons-is-layout-flex\">\n<div class=\"wp-block-button is-style-fill\"><a class=\"wp-block-button__link has-raft-fg-alt-color has-custom-purple-background-color has-text-color has-background has-link-color has-text-align-center wp-element-button\" href=\"https:\/\/www.stepalong.com\/es\/reserve-una-demostracion\/\">Solicita una Demo<\/a><\/div>\n<\/div>\n<\/div>\n<\/div>","protected":false},"excerpt":{"rendered":"<p>Better instructions to guarantee installation success StepAlong helps companies who rely on independent installers to better ensure their product is installed safely and efficiently without drama. Better instructions make installers more successful Most installers are hired directly by your customers and are installing your product for the first time. With StepAlong, your instructions are designed [&hellip;]<\/p>","protected":false},"author":1,"featured_media":0,"parent":0,"menu_order":0,"comment_status":"closed","ping_status":"closed","template":"wp-custom-template-landing-page-b","meta":{"content-type":"","_uag_custom_page_level_css":"","footnotes":""},"class_list":["post-7909","page","type-page","status-publish","hentry"],"aioseo_notices":[],"mb":[],"uagb_featured_image_src":{"full":false,"thumbnail":false,"medium":false,"medium_large":false,"large":false,"1536x1536":false,"2048x2048":false,"trp-custom-language-flag":false},"uagb_author_info":{"display_name":"Sergi S\u00e1nchez Mancha","author_link":"https:\/\/www.stepalong.com\/es\/author\/sergiostepalong-com\/"},"uagb_comment_info":0,"uagb_excerpt":"Better instructions to guarantee installation success StepAlong helps companies who rely on independent installers to better ensure their product is installed safely and efficiently without drama. Better instructions make installers more successful Most installers are hired directly by your customers and are installing your product for the first time. With StepAlong, your instructions are designed&hellip;","mfb_rest_fields":["title","aioseo_notices","uagb_featured_image_src","uagb_author_info","uagb_comment_info","uagb_excerpt"],"_links":{"self":[{"href":"https:\/\/www.stepalong.com\/es\/wp-json\/wp\/v2\/pages\/7909","targetHints":{"allow":["GET"]}}],"collection":[{"href":"https:\/\/www.stepalong.com\/es\/wp-json\/wp\/v2\/pages"}],"about":[{"href":"https:\/\/www.stepalong.com\/es\/wp-json\/wp\/v2\/types\/page"}],"author":[{"embeddable":true,"href":"https:\/\/www.stepalong.com\/es\/wp-json\/wp\/v2\/users\/1"}],"replies":[{"embeddable":true,"href":"https:\/\/www.stepalong.com\/es\/wp-json\/wp\/v2\/comments?post=7909"}],"version-history":[{"count":3,"href":"https:\/\/www.stepalong.com\/es\/wp-json\/wp\/v2\/pages\/7909\/revisions"}],"predecessor-version":[{"id":8352,"href":"https:\/\/www.stepalong.com\/es\/wp-json\/wp\/v2\/pages\/7909\/revisions\/8352"}],"wp:attachment":[{"href":"https:\/\/www.stepalong.com\/es\/wp-json\/wp\/v2\/media?parent=7909"}],"curies":[{"name":"wp","href":"https:\/\/api.w.org\/{rel}","templated":true}]}}