{"id":7860,"date":"2025-08-16T19:55:49","date_gmt":"2025-08-16T17:55:49","guid":{"rendered":"https:\/\/www.stepalong.com\/?page_id=7860"},"modified":"2025-09-05T13:15:48","modified_gmt":"2025-09-05T11:15:48","slug":"empresas-de-embalaje-plano-de-muebles","status":"publish","type":"page","link":"https:\/\/www.stepalong.com\/es\/empresas-de-embalaje-plano-de-muebles\/","title":{"rendered":"StepAlong para empresas de muebles y kits para montar"},"content":{"rendered":"<h2 class=\"wp-block-heading has-text-align-center\" style=\"font-size:2.4em\">Ahorra dinero con la plataforma de instrucciones digitales StepAlong<\/h2>\n\n\n\n<p class=\"has-text-align-center has-medium-font-size\">Mejores instrucciones de montaje sin el coste y las pesadillas log\u00edsticas<\/p>\n\n\n\n<p class=\"has-text-align-center\">StepAlong es una herramienta potente para que las empresas de muebles en kit creen instrucciones de montaje m\u00e1s claras, mejoren la experiencia del cliente y reduzcan costes.<\/p>\n\n\n\n<div class=\"wp-block-buttons is-content-justification-center is-layout-flex wp-container-core-buttons-is-layout-a89b3969 wp-block-buttons-is-layout-flex\">\n<div class=\"wp-block-button is-style-fill\"><a class=\"wp-block-button__link has-raft-fg-alt-color has-custom-purple-background-color has-text-color has-background has-link-color has-text-align-center wp-element-button\" href=\"https:\/\/www.stepalong.com\/es\/reserve-una-demostracion\/\">Solicita una Demo<\/a><\/div>\n<\/div>\n\n\n\n<div style=\"height:36px\" aria-hidden=\"true\" class=\"wp-block-spacer\"><\/div>\n\n\n\n<div class=\"wp-block-columns is-layout-flex wp-container-core-columns-is-layout-14cf5ab5 wp-block-columns-is-layout-flex\">\n<div class=\"wp-block-column is-vertically-aligned-center is-layout-flow wp-block-column-is-layout-flow\">\n<h2 class=\"wp-block-heading\">Menos impresi\u00f3n = menos costes y menos quebraderos de cabeza<\/h2>\n\n\n\n<p>Al imprimir \u00fanicamente un c\u00f3digo QR y consejos de seguridad, se ahorra el dinero de imprimir las instrucciones de montaje completas y tener que sincronizar su creaci\u00f3n, traducci\u00f3n e impresi\u00f3n antes de enviar el producto.<\/p>\n<\/div>\n\n\n\n<div class=\"wp-block-column is-layout-flow wp-block-column-is-layout-flow\">\n<figure class=\"wp-block-image size-large shadow rounded\"><img loading=\"lazy\" decoding=\"async\" width=\"1024\" height=\"696\" src=\"https:\/\/www.stepalong.com\/wp-content\/uploads\/2025\/08\/flatpack-qr-code-stepalong-1024x696.png\" alt=\"Estanter\u00eda de alambre montada junto a unas instrucciones impresas que incluyen un c\u00f3digo QR, con una versi\u00f3n digital de la gu\u00eda mostrada en un smartphone.\" class=\"wp-image-7870\" srcset=\"https:\/\/www.stepalong.com\/wp-content\/uploads\/2025\/08\/flatpack-qr-code-stepalong-1024x696.png 1024w, https:\/\/www.stepalong.com\/wp-content\/uploads\/2025\/08\/flatpack-qr-code-stepalong-300x204.png 300w, https:\/\/www.stepalong.com\/wp-content\/uploads\/2025\/08\/flatpack-qr-code-stepalong-768x522.png 768w, https:\/\/www.stepalong.com\/wp-content\/uploads\/2025\/08\/flatpack-qr-code-stepalong-1536x1045.png 1536w, https:\/\/www.stepalong.com\/wp-content\/uploads\/2025\/08\/flatpack-qr-code-stepalong-18x12.png 18w, https:\/\/www.stepalong.com\/wp-content\/uploads\/2025\/08\/flatpack-qr-code-stepalong.png 1988w\" sizes=\"auto, (max-width: 1024px) 100vw, 1024px\" \/><\/figure>\n<\/div>\n<\/div>\n\n\n\n<div style=\"height:var(--wp--preset--spacing--80)\" aria-hidden=\"true\" class=\"wp-block-spacer\"><\/div>\n\n\n\n<div class=\"wp-block-columns is-layout-flex wp-container-core-columns-is-layout-14cf5ab5 wp-block-columns-is-layout-flex\">\n<div class=\"wp-block-column is-layout-flow wp-block-column-is-layout-flow\">\n<figure class=\"wp-block-image size-full rounded shadow\"><img loading=\"lazy\" decoding=\"async\" width=\"1816\" height=\"1734\" src=\"https:\/\/www.stepalong.com\/wp-content\/uploads\/2025\/08\/full-text-instructions.png\" alt=\"Primer plano de una persona montando muebles planos con instrucciones digitales ilustradas paso a paso mostradas en una tableta.\" class=\"wp-image-7868\" srcset=\"https:\/\/www.stepalong.com\/wp-content\/uploads\/2025\/08\/full-text-instructions.png 1816w, https:\/\/www.stepalong.com\/wp-content\/uploads\/2025\/08\/full-text-instructions-300x286.png 300w, https:\/\/www.stepalong.com\/wp-content\/uploads\/2025\/08\/full-text-instructions-1024x978.png 1024w, https:\/\/www.stepalong.com\/wp-content\/uploads\/2025\/08\/full-text-instructions-768x733.png 768w, https:\/\/www.stepalong.com\/wp-content\/uploads\/2025\/08\/full-text-instructions-1536x1467.png 1536w, https:\/\/www.stepalong.com\/wp-content\/uploads\/2025\/08\/full-text-instructions-13x12.png 13w\" sizes=\"auto, (max-width: 1816px) 100vw, 1816px\" \/><\/figure>\n<\/div>\n\n\n\n<div class=\"wp-block-column is-vertically-aligned-center is-layout-flow wp-block-column-is-layout-flow\">\n<h2 class=\"wp-block-heading\">Ayuda a tus clientes con instrucciones completas<\/h2>\n\n\n\n<p>Las instrucciones solo con im\u00e1genes, al estilo IKEA, est\u00e1n desfasadas, no cumplen normativas y no garantizan que el cliente tenga \u00e9xito. Sube tus im\u00e1genes de montaje y la IA de StepAlong generar\u00e1 el texto de apoyo por ti.<\/p>\n<\/div>\n<\/div>\n\n\n\n<div style=\"height:var(--wp--preset--spacing--80)\" aria-hidden=\"true\" class=\"wp-block-spacer\"><\/div>\n\n\n\n<div class=\"wp-block-columns is-layout-flex wp-container-core-columns-is-layout-14cf5ab5 wp-block-columns-is-layout-flex\">\n<div class=\"wp-block-column is-vertically-aligned-center is-layout-flow wp-block-column-is-layout-flow\">\n<h2 class=\"wp-block-heading\">Traducci\u00f3n f\u00e1cil<\/h2>\n\n\n\n<p>Las traducciones de alta calidad y contextuales con IA de StepAlong, reducen los costes de internacionalizaci\u00f3n, aumentan tu visibilidad en b\u00fasquedas internacionales y facilitan el cumplimiento normativo y la experiencia del cliente.<\/p>\n<\/div>\n\n\n\n<div class=\"wp-block-column is-layout-flow wp-block-column-is-layout-flow\">\n<figure class=\"wp-block-image size-large rounded shadow\"><img loading=\"lazy\" decoding=\"async\" width=\"1024\" height=\"654\" src=\"https:\/\/www.stepalong.com\/wp-content\/uploads\/2025\/08\/flatpack-instructions-translations-1024x654.png\" alt=\"Instrucciones digitales de montaje paso a paso en ingl\u00e9s, espa\u00f1ol y alem\u00e1n, acompa\u00f1adas de ilustraciones.\" class=\"wp-image-7869\" srcset=\"https:\/\/www.stepalong.com\/wp-content\/uploads\/2025\/08\/flatpack-instructions-translations-1024x654.png 1024w, https:\/\/www.stepalong.com\/wp-content\/uploads\/2025\/08\/flatpack-instructions-translations-300x192.png 300w, https:\/\/www.stepalong.com\/wp-content\/uploads\/2025\/08\/flatpack-instructions-translations-768x491.png 768w, https:\/\/www.stepalong.com\/wp-content\/uploads\/2025\/08\/flatpack-instructions-translations-18x12.png 18w, https:\/\/www.stepalong.com\/wp-content\/uploads\/2025\/08\/flatpack-instructions-translations.png 1441w\" sizes=\"auto, (max-width: 1024px) 100vw, 1024px\" \/><\/figure>\n<\/div>\n<\/div>\n\n\n\n<div style=\"height:var(--wp--preset--spacing--80)\" aria-hidden=\"true\" class=\"wp-block-spacer\"><\/div>\n\n\n\n<div class=\"wp-block-columns is-layout-flex wp-container-core-columns-is-layout-14cf5ab5 wp-block-columns-is-layout-flex\">\n<div class=\"wp-block-column is-layout-flow wp-block-column-is-layout-flow\">\n<figure class=\"wp-block-image size-full rounded shadow\"><img loading=\"lazy\" decoding=\"async\" width=\"2048\" height=\"1536\" src=\"https:\/\/www.stepalong.com\/wp-content\/uploads\/2025\/08\/furniture-frustated-clients.jpg\" alt=\"Una pareja con cara de frustraci\u00f3n mientras monta una cuna, el hombre con un martillo y la mujer con unas instrucciones en papel poco claras.\" class=\"wp-image-7867\" srcset=\"https:\/\/www.stepalong.com\/wp-content\/uploads\/2025\/08\/furniture-frustated-clients.jpg 2048w, https:\/\/www.stepalong.com\/wp-content\/uploads\/2025\/08\/furniture-frustated-clients-300x225.jpg 300w, https:\/\/www.stepalong.com\/wp-content\/uploads\/2025\/08\/furniture-frustated-clients-1024x768.jpg 1024w, https:\/\/www.stepalong.com\/wp-content\/uploads\/2025\/08\/furniture-frustated-clients-768x576.jpg 768w, https:\/\/www.stepalong.com\/wp-content\/uploads\/2025\/08\/furniture-frustated-clients-1536x1152.jpg 1536w, https:\/\/www.stepalong.com\/wp-content\/uploads\/2025\/08\/furniture-frustated-clients-16x12.jpg 16w\" sizes=\"auto, (max-width: 2048px) 100vw, 2048px\" \/><\/figure>\n<\/div>\n\n\n\n<div class=\"wp-block-column is-vertically-aligned-center is-layout-flow wp-block-column-is-layout-flow\">\n<h2 class=\"wp-block-heading\">Ad\u00e1ptate a cambios de producto y feedback de clientes<\/h2>\n\n\n\n<p>Los productos y sus componentes cambian con frecuencia o los clientes pueden confundirse con alg\u00fan paso espec\u00edfico.<\/p>\n\n\n\n<p>Con StepAlong puedes actualizar las instrucciones en cualquier momento, asegurando que siempre est\u00e9n al d\u00eda y sean lo m\u00e1s \u00fatiles posible.<\/p>\n<\/div>\n<\/div>\n\n\n\n<div style=\"height:var(--wp--preset--spacing--80)\" aria-hidden=\"true\" class=\"wp-block-spacer\"><\/div>\n\n\n\n<div class=\"wp-block-columns is-layout-flex wp-container-core-columns-is-layout-14cf5ab5 wp-block-columns-is-layout-flex\">\n<div class=\"wp-block-column is-vertically-aligned-center is-layout-flow wp-block-column-is-layout-flow\">\n<h2 class=\"wp-block-heading\">Reduce llamadas de soporte y devoluciones, aumenta opiniones positivas<\/h2>\n\n\n\n<p>Cuando los clientes tienen dificultades con el montaje, puede generar frustraci\u00f3n.<\/p>\n\n\n\n<p>StepAlong hace que el montaje sea claro y sencillo, logrando que los clientes tengan \u00e9xito a la primera, reduciendo llamadas de soporte, evitando devoluciones e inspirando m\u00e1s opiniones positivas.<\/p>\n<\/div>\n\n\n\n<div class=\"wp-block-column is-layout-flow wp-block-column-is-layout-flow\">\n<figure class=\"wp-block-image size-full rounded shadow\"><img loading=\"lazy\" decoding=\"async\" width=\"1934\" height=\"1444\" src=\"https:\/\/www.stepalong.com\/wp-content\/uploads\/2025\/08\/furniture-positive-reviews.png\" alt=\"Una pareja sonriente de pie junto a una cuna de beb\u00e9 parcialmente montada, con instrucciones digitales mostradas en una interfaz de tableta que muestra la cuna de beb\u00e9 Nestly.\" class=\"wp-image-7866\" srcset=\"https:\/\/www.stepalong.com\/wp-content\/uploads\/2025\/08\/furniture-positive-reviews.png 1934w, https:\/\/www.stepalong.com\/wp-content\/uploads\/2025\/08\/furniture-positive-reviews-300x224.png 300w, https:\/\/www.stepalong.com\/wp-content\/uploads\/2025\/08\/furniture-positive-reviews-1024x765.png 1024w, https:\/\/www.stepalong.com\/wp-content\/uploads\/2025\/08\/furniture-positive-reviews-768x573.png 768w, https:\/\/www.stepalong.com\/wp-content\/uploads\/2025\/08\/furniture-positive-reviews-1536x1147.png 1536w, https:\/\/www.stepalong.com\/wp-content\/uploads\/2025\/08\/furniture-positive-reviews-16x12.png 16w\" sizes=\"auto, (max-width: 1934px) 100vw, 1934px\" \/><\/figure>\n<\/div>\n<\/div>\n\n\n\n<div style=\"height:var(--wp--preset--spacing--80)\" aria-hidden=\"true\" class=\"wp-block-spacer\"><\/div>\n\n\n\n<div class=\"wp-block-cover\" style=\"border-radius:16px;min-height:360px;aspect-ratio:unset;\"><img loading=\"lazy\" decoding=\"async\" width=\"1000\" height=\"750\" class=\"wp-block-cover__image-background wp-image-7388 size-full\" alt=\"\" src=\"https:\/\/www.stepalong.com\/wp-content\/uploads\/2025\/04\/rattan.jpg\" data-object-fit=\"cover\" srcset=\"https:\/\/www.stepalong.com\/wp-content\/uploads\/2025\/04\/rattan.jpg 1000w, https:\/\/www.stepalong.com\/wp-content\/uploads\/2025\/04\/rattan-300x225.jpg 300w, https:\/\/www.stepalong.com\/wp-content\/uploads\/2025\/04\/rattan-768x576.jpg 768w, https:\/\/www.stepalong.com\/wp-content\/uploads\/2025\/04\/rattan-16x12.jpg 16w\" sizes=\"auto, (max-width: 1000px) 100vw, 1000px\" \/><span aria-hidden=\"true\" class=\"wp-block-cover__background has-raft-fg-background-color has-background-dim-60 has-background-dim\"><\/span><div class=\"wp-block-cover__inner-container is-layout-constrained wp-block-cover-is-layout-constrained\">\n<div class=\"wp-block-columns is-layout-flex wp-container-core-columns-is-layout-4f8469d8 wp-block-columns-is-layout-flex\" style=\"padding-top:var(--wp--preset--spacing--60);padding-right:var(--wp--preset--spacing--60);padding-bottom:var(--wp--preset--spacing--60);padding-left:var(--wp--preset--spacing--60)\">\n<div class=\"wp-block-column is-vertically-aligned-center is-layout-flow wp-block-column-is-layout-flow\" style=\"flex-basis:33.33%\">\n<figure class=\"wp-block-image size-full\"><img loading=\"lazy\" decoding=\"async\" width=\"610\" height=\"150\" src=\"https:\/\/www.stepalong.com\/wp-content\/uploads\/2025\/04\/time4sleep-logo-white.png\" alt=\"Time4Sleep\" class=\"wp-image-7385\" srcset=\"https:\/\/www.stepalong.com\/wp-content\/uploads\/2025\/04\/time4sleep-logo-white.png 610w, https:\/\/www.stepalong.com\/wp-content\/uploads\/2025\/04\/time4sleep-logo-white-300x74.png 300w, https:\/\/www.stepalong.com\/wp-content\/uploads\/2025\/04\/time4sleep-logo-white-18x4.png 18w\" sizes=\"auto, (max-width: 610px) 100vw, 610px\" \/><\/figure>\n<\/div>\n\n\n\n<div class=\"wp-block-column is-layout-flow wp-block-column-is-layout-flow\" style=\"flex-basis:66.66%\">\n<p class=\"has-raft-bg-alt-color has-text-color has-link-color wp-elements-f4891054c9576b95ef229fdfd9205954\"><a href=\"https:\/\/www.stepalong.com\/es\/clientes-time4sleep\/\" data-type=\"page\" data-id=\"7376\">Time4Sleep y StepAlong<\/a><\/p>\n\n\n\n<p class=\"has-medium-font-size\"><strong>StepAlong permiti\u00f3 a Time4Sleep modernizar la informaci\u00f3n sobre los productos, eliminar los cuellos de botella en las actualizaciones y mejorar la experiencia del cliente con instrucciones claras y f\u00e1ciles de buscar.<\/strong><\/p>\n\n\n\n<div class=\"wp-block-buttons is-layout-flex wp-block-buttons-is-layout-flex\">\n<div class=\"wp-block-button is-style-outline is-style-outline--1\"><a class=\"wp-block-button__link wp-element-button\" href=\"https:\/\/www.stepalong.com\/es\/clientes-time4sleep\/\">Ver caso pr\u00e1ctico<\/a><\/div>\n<\/div>\n<\/div>\n<\/div>\n<\/div><\/div>\n\n\n\n<div style=\"height:var(--wp--preset--spacing--80)\" aria-hidden=\"true\" class=\"wp-block-spacer\"><\/div>\n\n\n\n<div class=\"wp-block-columns is-layout-flex wp-container-core-columns-is-layout-14cf5ab5 wp-block-columns-is-layout-flex\">\n<div class=\"wp-block-column is-layout-flow wp-block-column-is-layout-flow\">\n<div class=\"wp-block-group feature is-layout-constrained wp-block-group-is-layout-constrained\">\n<div class=\"wp-block-columns is-layout-flex wp-container-core-columns-is-layout-cbe57604 wp-block-columns-is-layout-flex\">\n<div class=\"wp-block-column is-layout-flow wp-block-column-is-layout-flow\">\n<figure class=\"wp-block-image size-large rounded\"><img loading=\"lazy\" decoding=\"async\" width=\"1024\" height=\"1024\" src=\"https:\/\/www.stepalong.com\/wp-content\/uploads\/2025\/08\/stepalong-roi-calculator-1024x1024.webp\" alt=\"Calculadora de ROI de StepAlong\" class=\"wp-image-8026\" srcset=\"https:\/\/www.stepalong.com\/wp-content\/uploads\/2025\/08\/stepalong-roi-calculator-1024x1024.webp 1024w, https:\/\/www.stepalong.com\/wp-content\/uploads\/2025\/08\/stepalong-roi-calculator-300x300.webp 300w, https:\/\/www.stepalong.com\/wp-content\/uploads\/2025\/08\/stepalong-roi-calculator-150x150.webp 150w, https:\/\/www.stepalong.com\/wp-content\/uploads\/2025\/08\/stepalong-roi-calculator-768x768.webp 768w, https:\/\/www.stepalong.com\/wp-content\/uploads\/2025\/08\/stepalong-roi-calculator-12x12.webp 12w, https:\/\/www.stepalong.com\/wp-content\/uploads\/2025\/08\/stepalong-roi-calculator.webp 1420w\" sizes=\"auto, (max-width: 1024px) 100vw, 1024px\" \/><\/figure>\n<\/div>\n\n\n\n<div class=\"wp-block-column is-layout-flow wp-block-column-is-layout-flow\">\n<h3 class=\"wp-block-heading\">Calcula tus posibles ahorros<\/h3>\n\n\n\n<p>Descubre cu\u00e1nto puede ahorrar tu empresa al cambiar a la plataforma de instrucciones digitales con IA de StepAlong.<\/p>\n\n\n\n<div style=\"height:0px\" aria-hidden=\"true\" class=\"wp-block-spacer\"><\/div>\n<\/div>\n<\/div>\n\n\n\n<div style=\"height:1em\" aria-hidden=\"true\" class=\"wp-block-spacer\"><\/div>\n\n\n\n<div class=\"wp-block-buttons is-content-justification-center is-layout-flex wp-container-core-buttons-is-layout-a89b3969 wp-block-buttons-is-layout-flex\">\n<div class=\"wp-block-button is-style-outline is-style-outline--2\"><a class=\"wp-block-button__link has-custom-purple-color has-text-color has-link-color has-border-color has-custom-purple-border-color wp-element-button\" href=\"https:\/\/www.stepalong.com\/es\/calculadora-roi\/\">Calcule su ahorro<\/a><\/div>\n<\/div>\n<\/div>\n<\/div>\n\n\n\n<div class=\"wp-block-column is-vertically-aligned-center is-layout-flow wp-block-column-is-layout-flow\">\n<p>En StepAlong, nos hemos centrado en lo que necesitan los clientes para disfrutar de una gran experiencia de instrucciones sobre productos:<\/p>\n\n\n\n<ul class=\"wp-block-list\">\n<li><strong>Mobile-first<\/strong><br>No es necesario descargar la aplicaci\u00f3n, basta con abrirla y seguirla<\/li>\n\n\n\n<li><strong>Claridad paso a paso<\/strong><br>Una estructura l\u00f3gica, paso a paso, para mayor claridad<\/li>\n\n\n\n<li><strong>Formatos flexibles<\/strong><br>PDF descargables para quienes los prefieran<\/li>\n\n\n\n<li><strong>F\u00e1cil acceso<\/strong><br>Accesible a trav\u00e9s de Google, ChatGPT y otros motores de b\u00fasqueda<\/li>\n\n\n\n<li><strong>Soporte multiling\u00fce<\/strong><br>Instrucciones en el idioma de sus clientes<\/li>\n<\/ul>\n\n\n\n<div style=\"height:1em\" aria-hidden=\"true\" class=\"wp-block-spacer\"><\/div>\n\n\n\n<div class=\"wp-block-buttons is-content-justification-center is-layout-flex wp-container-core-buttons-is-layout-a89b3969 wp-block-buttons-is-layout-flex\">\n<div class=\"wp-block-button is-style-fill\"><a class=\"wp-block-button__link has-raft-fg-alt-color has-custom-purple-background-color has-text-color has-background has-link-color has-text-align-center wp-element-button\" href=\"https:\/\/www.stepalong.com\/es\/reserve-una-demostracion\/\">Solicita una Demo<\/a><\/div>\n<\/div>\n<\/div>\n<\/div>\n\n\n\n<p><\/p>","protected":false},"excerpt":{"rendered":"<p>Save money with the StepAlong Digital First Instruction Platform Better assembly instructions without the cost and logistical nightmares StepAlong is a powerful way for flatpack companies to create better assembly instructions that improve the customer experience and reduce costs. Less printing = less costs &amp; less headaches By only printing a QR code and safety [&hellip;]<\/p>","protected":false},"author":1,"featured_media":0,"parent":0,"menu_order":0,"comment_status":"closed","ping_status":"closed","template":"wp-custom-template-landing-page-b","meta":{"content-type":"","_uag_custom_page_level_css":"","footnotes":""},"class_list":["post-7860","page","type-page","status-publish","hentry"],"aioseo_notices":[],"mb":[],"uagb_featured_image_src":{"full":false,"thumbnail":false,"medium":false,"medium_large":false,"large":false,"1536x1536":false,"2048x2048":false,"trp-custom-language-flag":false},"uagb_author_info":{"display_name":"Sergi S\u00e1nchez Mancha","author_link":"https:\/\/www.stepalong.com\/es\/author\/sergiostepalong-com\/"},"uagb_comment_info":0,"uagb_excerpt":"Save money with the StepAlong Digital First Instruction Platform Better assembly instructions without the cost and logistical nightmares StepAlong is a powerful way for flatpack companies to create better assembly instructions that improve the customer experience and reduce costs. Less printing = less costs &amp; less headaches By only printing a QR code and safety&hellip;","mfb_rest_fields":["title","aioseo_notices","uagb_featured_image_src","uagb_author_info","uagb_comment_info","uagb_excerpt"],"_links":{"self":[{"href":"https:\/\/www.stepalong.com\/es\/wp-json\/wp\/v2\/pages\/7860","targetHints":{"allow":["GET"]}}],"collection":[{"href":"https:\/\/www.stepalong.com\/es\/wp-json\/wp\/v2\/pages"}],"about":[{"href":"https:\/\/www.stepalong.com\/es\/wp-json\/wp\/v2\/types\/page"}],"author":[{"embeddable":true,"href":"https:\/\/www.stepalong.com\/es\/wp-json\/wp\/v2\/users\/1"}],"replies":[{"embeddable":true,"href":"https:\/\/www.stepalong.com\/es\/wp-json\/wp\/v2\/comments?post=7860"}],"version-history":[{"count":24,"href":"https:\/\/www.stepalong.com\/es\/wp-json\/wp\/v2\/pages\/7860\/revisions"}],"predecessor-version":[{"id":8066,"href":"https:\/\/www.stepalong.com\/es\/wp-json\/wp\/v2\/pages\/7860\/revisions\/8066"}],"wp:attachment":[{"href":"https:\/\/www.stepalong.com\/es\/wp-json\/wp\/v2\/media?parent=7860"}],"curies":[{"name":"wp","href":"https:\/\/api.w.org\/{rel}","templated":true}]}}