{"id":7482,"date":"2025-05-09T18:26:11","date_gmt":"2025-05-09T16:26:11","guid":{"rendered":"https:\/\/www.stepalong.com\/?page_id=7482"},"modified":"2025-05-09T18:41:20","modified_gmt":"2025-05-09T16:41:20","slug":"stepalong-para-empresas-de-juegos-de-mesa","status":"publish","type":"page","link":"https:\/\/www.stepalong.com\/es\/stepalong-para-empresas-de-juegos-de-mesa\/","title":{"rendered":"StepAlong para empresas de juegos de mesa"},"content":{"rendered":"<h2 class=\"wp-block-heading has-text-align-center\" style=\"font-size:2.4em\">Reglas digitales claras que mantienen a los jugadores en el juego<\/h2>\n\n\n\n<p class=\"has-text-align-center has-medium-font-size\">Has construido un gran juego. Pero si las reglas no son claras,<br>los jugadores se frustran y el juego no vuelve a salir.<\/p>\n\n\n\n<p class=\"has-text-align-center\">StepAlong hace que tus libros de reglas sean f\u00e1ciles de seguir, de acceso r\u00e1pido y disponibles en m\u00e1s de 30 idiomas. Sin necesidad de ninguna aplicaci\u00f3n.<\/p>\n\n\n\n<div class=\"wp-block-buttons is-content-justification-center is-layout-flex wp-container-core-buttons-is-layout-a89b3969 wp-block-buttons-is-layout-flex\">\n<div class=\"wp-block-button is-style-fill\"><a class=\"wp-block-button__link has-raft-fg-alt-color has-custom-purple-background-color has-text-color has-background has-link-color has-text-align-center wp-element-button\" href=\"https:\/\/www.stepalong.com\/es\/reserve-una-demostracion\/\">Solicita una Demo<\/a><\/div>\n<\/div>\n\n\n\n<div style=\"height:var(--wp--preset--spacing--60)\" aria-hidden=\"true\" class=\"wp-block-spacer\"><\/div>\n\n\n\n<div class=\"wp-block-cover alignwide\" style=\"border-style:none;border-width:0px;border-radius:8px;padding-right:3em;padding-left:3em\"><img loading=\"lazy\" decoding=\"async\" width=\"1024\" height=\"497\" class=\"wp-block-cover__image-background wp-image-7483 size-large\" alt=\"\" src=\"https:\/\/www.stepalong.com\/wp-content\/uploads\/2025\/05\/boardgame-background-1024x497.jpg\" data-object-fit=\"cover\" srcset=\"https:\/\/www.stepalong.com\/wp-content\/uploads\/2025\/05\/boardgame-background-1024x497.jpg 1024w, https:\/\/www.stepalong.com\/wp-content\/uploads\/2025\/05\/boardgame-background-300x146.jpg 300w, https:\/\/www.stepalong.com\/wp-content\/uploads\/2025\/05\/boardgame-background-768x373.jpg 768w, https:\/\/www.stepalong.com\/wp-content\/uploads\/2025\/05\/boardgame-background-1536x746.jpg 1536w, https:\/\/www.stepalong.com\/wp-content\/uploads\/2025\/05\/boardgame-background-18x9.jpg 18w, https:\/\/www.stepalong.com\/wp-content\/uploads\/2025\/05\/boardgame-background.jpg 1899w\" sizes=\"auto, (max-width: 1024px) 100vw, 1024px\" \/><span aria-hidden=\"true\" class=\"wp-block-cover__background has-black-background-color has-background-dim-60 has-background-dim\"><\/span><div class=\"wp-block-cover__inner-container is-layout-constrained wp-container-core-cover-is-layout-729e5ae5 wp-block-cover-is-layout-constrained\">\n<h2 class=\"wp-block-heading has-raft-fg-alt-color has-text-color has-link-color wp-elements-256e707f6a423dfefaf40fb512414130\">Haz que tus reglas sean tan atractivas como tu juego<\/h2>\n\n\n\n<p>Los libros de reglas impresos tradicionales ofrecen una gran experiencia, pero pueden ser caros y dif\u00edciles de actualizar. StepAlong es la mejor soluci\u00f3n digital para poner en l\u00ednea las reglas de tu juego y facilitar su acceso, actualizaci\u00f3n y localizaci\u00f3n.<\/p>\n\n\n\n<ul class=\"wp-block-list\">\n<li><strong>Mobile-first<\/strong>: Los jugadores escanean un c\u00f3digo QR y empiezan a jugar. No hay nada que descargar.<\/li>\n\n\n\n<li><strong>Paso a paso<\/strong>: Gu\u00edas visuales y estructuradas que gu\u00edan a los jugadores a trav\u00e9s del montaje y la partida.<\/li>\n\n\n\n<li><strong>F\u00e1cil de encontrar<\/strong>: Descubrible en Google y ChatGPT para obtener respuestas instant\u00e1neas a \"\u00bfc\u00f3mo hago...?\".<\/li>\n\n\n\n<li><strong>Multiling\u00fce<\/strong>: Instrucciones disponibles en m\u00e1s de 30 idiomas, autom\u00e1ticamente.<\/li>\n\n\n\n<li><strong>A\u00fan imprimible<\/strong>: Para los amantes de la copia f\u00edsica, los PDF est\u00e1n siempre al alcance de un clic.<\/li>\n<\/ul>\n<\/div><\/div>\n\n\n\n<div style=\"height:var(--wp--preset--spacing--80)\" aria-hidden=\"true\" class=\"wp-block-spacer\"><\/div>\n\n\n\n<div class=\"wp-block-columns is-layout-flex wp-container-core-columns-is-layout-14cf5ab5 wp-block-columns-is-layout-flex\">\n<div class=\"wp-block-column is-vertically-aligned-top is-layout-flow wp-block-column-is-layout-flow\">\n<h2 class=\"wp-block-heading\">La IA responde a preguntas sobre tu juego \u00bfEs correcto?<\/h2>\n\n\n\n<p>Nos guste o no, cada vez son m\u00e1s los jugadores que recurren a ChatGPT y otras herramientas de IA cuando se quedan atascados a mitad de partida. No est\u00e1n hojeando un manual de 20 p\u00e1ginas, est\u00e1n preguntando a la IA. Por lo tanto, si el manual de reglas no es f\u00e1cil de consultar y encontrar para la IA, existe el riesgo de que los jugadores obtengan una respuesta equivocada o, lo que es peor, abandonen la partida.<\/p>\n\n\n\n<p>Con StepAlong tus instrucciones son:<\/p>\n\n\n\n<ul class=\"wp-block-list\">\n<li><strong>Estructuradas claramente<\/strong> para que las herramientas de IA puedan extraer el contexto y las respuestas adecuadas.<\/li>\n\n\n\n<li><strong>Escritas por ti<\/strong>, no inventadas por la IA.<\/li>\n\n\n\n<li><strong>Coherentes en todas partes<\/strong>: impresi\u00f3n, m\u00f3vil y cualquier chat AI.<\/li>\n<\/ul>\n\n\n\n<p>No se trata de sustituir el reglamento. Se trata de asegurarse de que las reglas se respetan, independientemente de d\u00f3nde las miren los jugadores.<\/p>\n<\/div>\n\n\n\n<div class=\"wp-block-column is-layout-flow wp-block-column-is-layout-flow\">\n<figure class=\"wp-block-image size-large rounded\"><img loading=\"lazy\" decoding=\"async\" width=\"1024\" height=\"1024\" src=\"https:\/\/www.stepalong.com\/wp-content\/uploads\/2025\/05\/boardgame-chatgpt-1-1024x1024.png\" alt=\"\" class=\"wp-image-7496\" srcset=\"https:\/\/www.stepalong.com\/wp-content\/uploads\/2025\/05\/boardgame-chatgpt-1-1024x1024.png 1024w, https:\/\/www.stepalong.com\/wp-content\/uploads\/2025\/05\/boardgame-chatgpt-1-300x300.png 300w, https:\/\/www.stepalong.com\/wp-content\/uploads\/2025\/05\/boardgame-chatgpt-1-150x150.png 150w, https:\/\/www.stepalong.com\/wp-content\/uploads\/2025\/05\/boardgame-chatgpt-1-768x768.png 768w, https:\/\/www.stepalong.com\/wp-content\/uploads\/2025\/05\/boardgame-chatgpt-1-12x12.png 12w, https:\/\/www.stepalong.com\/wp-content\/uploads\/2025\/05\/boardgame-chatgpt-1.png 1150w\" sizes=\"auto, (max-width: 1024px) 100vw, 1024px\" \/><\/figure>\n<\/div>\n<\/div>\n\n\n\n<div style=\"height:var(--wp--preset--spacing--80)\" aria-hidden=\"true\" class=\"wp-block-spacer\"><\/div>\n\n\n\n<div class=\"wp-block-columns is-layout-flex wp-container-core-columns-is-layout-14cf5ab5 wp-block-columns-is-layout-flex\">\n<div class=\"wp-block-column is-layout-flow wp-block-column-is-layout-flow\">\n<figure class=\"wp-block-image size-full rounded\"><img loading=\"lazy\" decoding=\"async\" width=\"980\" height=\"980\" src=\"https:\/\/www.stepalong.com\/wp-content\/uploads\/2025\/05\/company-of-heroes.png\" alt=\"Explicaci\u00f3n de la tarjeta de juego de mesa\" class=\"wp-image-7492\" srcset=\"https:\/\/www.stepalong.com\/wp-content\/uploads\/2025\/05\/company-of-heroes.png 980w, https:\/\/www.stepalong.com\/wp-content\/uploads\/2025\/05\/company-of-heroes-300x300.png 300w, https:\/\/www.stepalong.com\/wp-content\/uploads\/2025\/05\/company-of-heroes-150x150.png 150w, https:\/\/www.stepalong.com\/wp-content\/uploads\/2025\/05\/company-of-heroes-768x768.png 768w, https:\/\/www.stepalong.com\/wp-content\/uploads\/2025\/05\/company-of-heroes-12x12.png 12w\" sizes=\"auto, (max-width: 980px) 100vw, 980px\" \/><\/figure>\n<\/div>\n\n\n\n<div class=\"wp-block-column is-vertically-aligned-center is-layout-flow wp-block-column-is-layout-flow\">\n<h2 class=\"wp-block-heading\">Menos discusiones, mejores cr\u00edticas<\/h2>\n\n\n\n<p>Cuando las reglas no est\u00e1n claras, los jugadores se frustran y eso suele traducirse en discusiones, malas cr\u00edticas o el abandono del juego. Incluso los peque\u00f1os errores pueden hacer descarrilar una sesi\u00f3n.<\/p>\n\n\n\n<p>Con StepAlong podr\u00e1s actualizar sus reglas al instante en todos los idiomas y formatos, y adaptar las versiones a los distintos tipos de jugadores, para que la partida siga siendo fluida y agradable de principio a fin.<\/p>\n<\/div>\n<\/div>\n\n\n\n<div style=\"height:var(--wp--preset--spacing--80)\" aria-hidden=\"true\" class=\"wp-block-spacer\"><\/div>\n\n\n\n<div class=\"wp-block-columns is-layout-flex wp-container-core-columns-is-layout-14cf5ab5 wp-block-columns-is-layout-flex\">\n<div class=\"wp-block-column is-vertically-aligned-center is-layout-flow wp-block-column-is-layout-flow\">\n<h2 class=\"wp-block-heading\">Global\u00edzate sin los quebraderos de cabeza de la impresi\u00f3n<\/h2>\n\n\n\n<p>La expansi\u00f3n a nuevos mercados no deber\u00eda implicar la reimpresi\u00f3n de manuales o retrasos en los env\u00edos.<\/p>\n\n\n\n<p>Con StepAlong, sus instrucciones est\u00e1n disponibles al instante en <a href=\"https:\/\/www.stepalong.com\/es\/traduccion-de-instrucciones-de-productos-ai\/\" title=\"Traducci\u00f3n de instrucciones de producto mediante IA\">m\u00e1s de 30 idiomas<\/a>, totalmente <a href=\"https:\/\/www.stepalong.com\/es\/cumplir-gpsr\/\" title=\"Haga que las instrucciones de sus productos cumplan con GPSR\">Compatible con GPSR<\/a> para la UE, y accesible con un simple c\u00f3digo QR, sin aplicaci\u00f3n, sin log\u00edstica a\u00f1adida. Las actualizaciones son r\u00e1pidas y gratuitas, por lo que tus libros de reglas seguir\u00e1n siendo precisos, accesibles y estar\u00e1n listos para los jugadores de cualquier parte del mundo.<\/p>\n<\/div>\n\n\n\n<div class=\"wp-block-column is-layout-flow wp-block-column-is-layout-flow\">\n<figure class=\"wp-block-image size-full rounded\"><img loading=\"lazy\" decoding=\"async\" width=\"980\" height=\"980\" src=\"https:\/\/www.stepalong.com\/wp-content\/uploads\/2025\/05\/santorini-translations.png\" alt=\"Traducci\u00f3n del reglamento del juego de mesa\" class=\"wp-image-7501\" srcset=\"https:\/\/www.stepalong.com\/wp-content\/uploads\/2025\/05\/santorini-translations.png 980w, https:\/\/www.stepalong.com\/wp-content\/uploads\/2025\/05\/santorini-translations-300x300.png 300w, https:\/\/www.stepalong.com\/wp-content\/uploads\/2025\/05\/santorini-translations-150x150.png 150w, https:\/\/www.stepalong.com\/wp-content\/uploads\/2025\/05\/santorini-translations-768x768.png 768w, https:\/\/www.stepalong.com\/wp-content\/uploads\/2025\/05\/santorini-translations-12x12.png 12w\" sizes=\"auto, (max-width: 980px) 100vw, 980px\" \/><\/figure>\n<\/div>\n<\/div>\n\n\n\n<div style=\"height:var(--wp--preset--spacing--80)\" aria-hidden=\"true\" class=\"wp-block-spacer\"><\/div>\n\n\n\n<div class=\"wp-block-cover alignwide\" style=\"border-radius:8px;padding-right:3em;padding-left:3em\"><img loading=\"lazy\" decoding=\"async\" width=\"1024\" height=\"683\" class=\"wp-block-cover__image-background wp-image-7505 size-large\" alt=\"\" src=\"https:\/\/www.stepalong.com\/wp-content\/uploads\/2025\/05\/board-game-dices-1024x683.webp\" data-object-fit=\"cover\" srcset=\"https:\/\/www.stepalong.com\/wp-content\/uploads\/2025\/05\/board-game-dices-1024x683.webp 1024w, https:\/\/www.stepalong.com\/wp-content\/uploads\/2025\/05\/board-game-dices-300x200.webp 300w, https:\/\/www.stepalong.com\/wp-content\/uploads\/2025\/05\/board-game-dices-768x512.webp 768w, https:\/\/www.stepalong.com\/wp-content\/uploads\/2025\/05\/board-game-dices-1536x1024.webp 1536w, https:\/\/www.stepalong.com\/wp-content\/uploads\/2025\/05\/board-game-dices-2048x1365.webp 2048w, https:\/\/www.stepalong.com\/wp-content\/uploads\/2025\/05\/board-game-dices-18x12.webp 18w\" sizes=\"auto, (max-width: 1024px) 100vw, 1024px\" \/><span aria-hidden=\"true\" class=\"wp-block-cover__background has-black-background-color has-background-dim-60 has-background-dim\"><\/span><div class=\"wp-block-cover__inner-container is-layout-constrained wp-container-core-cover-is-layout-729e5ae5 wp-block-cover-is-layout-constrained\">\n<div class=\"wp-block-columns is-layout-flex wp-container-core-columns-is-layout-14cf5ab5 wp-block-columns-is-layout-flex\">\n<div class=\"wp-block-column is-layout-flow wp-block-column-is-layout-flow\">\n<h2 class=\"wp-block-heading\">Ideal para creadores independientes que se preocupan por la experiencia del jugador<\/h2>\n<\/div>\n\n\n\n<div class=\"wp-block-column is-layout-flow wp-block-column-is-layout-flow\">\n<p>Tanto si est\u00e1s en Kickstarter como si tu juego ya est\u00e1 en las estanter\u00edas, StepAlong te ayuda a ofrecer instrucciones m\u00e1s claras, llegar a m\u00e1s jugadores y hacer que la gente vuelva a jugarlo.<\/p>\n<\/div>\n<\/div>\n<\/div><\/div>\n\n\n\n<div style=\"height:var(--wp--preset--spacing--60)\" aria-hidden=\"true\" class=\"wp-block-spacer\"><\/div>\n\n\n\n<p><strong>M\u00e1s informaci\u00f3n sobre c\u00f3mo ayudamos a las empresas de juegos de mesa en nuestro blog<\/strong>:<\/p>\n\n\n\n<ul class=\"wp-block-list\">\n<li><a href=\"https:\/\/www.stepalong.com\/es\/unas-instrucciones-poco-claras-pueden-acabar-con-un-juego-de-mesa\/\" title=\"Unas instrucciones poco claras pueden &quot;matar&quot; un juego de mesa. Entrevista con Mireia Boada\">Unas instrucciones poco claras pueden \"matar\" un juego de mesa. Entrevista con Mireia Boada<\/a><\/li>\n<\/ul>\n\n\n\n<div style=\"height:var(--wp--preset--spacing--60)\" aria-hidden=\"true\" class=\"wp-block-spacer\"><\/div>\n\n\n\n<div class=\"wp-block-buttons is-content-justification-center is-layout-flex wp-container-core-buttons-is-layout-a89b3969 wp-block-buttons-is-layout-flex\">\n<div class=\"wp-block-button is-style-outline is-style-outline--1\"><a class=\"wp-block-button__link has-raft-fg-alt-color has-custom-purple-background-color has-text-color has-background has-link-color has-text-align-center wp-element-button\" href=\"https:\/\/www.stepalong.com\/es\/reserve-una-demostracion\/\">Solicita una Demo<\/a><\/div>\n<\/div>\n\n\n\n<p><\/p>","protected":false},"excerpt":{"rendered":"<p>Reglas digitales claras que mantienen a los jugadores en el juego Has creado un gran juego. Pero si las reglas no son claras, los jugadores se frustran y el juego no vuelve a salir. StepAlong hace que tus libros de reglas sean f\u00e1ciles de seguir, de acceso r\u00e1pido y disponibles en m\u00e1s de 30 idiomas. No se necesita aplicaci\u00f3n. La IA responde a preguntas sobre tu juego. \u00bfEs [...]<\/p>","protected":false},"author":1,"featured_media":0,"parent":0,"menu_order":0,"comment_status":"closed","ping_status":"closed","template":"wp-custom-template-landing-page-b","meta":{"content-type":"","_uag_custom_page_level_css":"","footnotes":""},"class_list":["post-7482","page","type-page","status-publish","hentry"],"aioseo_notices":[],"mb":[],"uagb_featured_image_src":{"full":false,"thumbnail":false,"medium":false,"medium_large":false,"large":false,"1536x1536":false,"2048x2048":false,"trp-custom-language-flag":false},"uagb_author_info":{"display_name":"Sergi S\u00e1nchez Mancha","author_link":"https:\/\/www.stepalong.com\/es\/author\/sergiostepalong-com\/"},"uagb_comment_info":0,"uagb_excerpt":"Clear digital rulebooks that keep players in the game You\u2019ve built a great game. But if the rules aren\u2019t clear,players get frustrated and the game doesn\u2019t come back out. StepAlong makes your rulebooks easy to follow, quick to access, and available in 30+ languages. No app needed. AI\u2019s answering questions about your game. Is it&hellip;","mfb_rest_fields":["title","aioseo_notices","uagb_featured_image_src","uagb_author_info","uagb_comment_info","uagb_excerpt"],"_links":{"self":[{"href":"https:\/\/www.stepalong.com\/es\/wp-json\/wp\/v2\/pages\/7482","targetHints":{"allow":["GET"]}}],"collection":[{"href":"https:\/\/www.stepalong.com\/es\/wp-json\/wp\/v2\/pages"}],"about":[{"href":"https:\/\/www.stepalong.com\/es\/wp-json\/wp\/v2\/types\/page"}],"author":[{"embeddable":true,"href":"https:\/\/www.stepalong.com\/es\/wp-json\/wp\/v2\/users\/1"}],"replies":[{"embeddable":true,"href":"https:\/\/www.stepalong.com\/es\/wp-json\/wp\/v2\/comments?post=7482"}],"version-history":[{"count":25,"href":"https:\/\/www.stepalong.com\/es\/wp-json\/wp\/v2\/pages\/7482\/revisions"}],"predecessor-version":[{"id":7518,"href":"https:\/\/www.stepalong.com\/es\/wp-json\/wp\/v2\/pages\/7482\/revisions\/7518"}],"wp:attachment":[{"href":"https:\/\/www.stepalong.com\/es\/wp-json\/wp\/v2\/media?parent=7482"}],"curies":[{"name":"wp","href":"https:\/\/api.w.org\/{rel}","templated":true}]}}