{"id":7268,"date":"2025-04-15T16:51:49","date_gmt":"2025-04-15T14:51:49","guid":{"rendered":"https:\/\/www.stepalong.com\/?page_id=7268"},"modified":"2025-04-15T17:35:58","modified_gmt":"2025-04-15T15:35:58","slug":"boletin","status":"publish","type":"page","link":"https:\/\/www.stepalong.com\/es\/boletin\/","title":{"rendered":"Bolet\u00edn"},"content":{"rendered":"<div class=\"wp-block-columns is-layout-flex wp-container-core-columns-is-layout-28f84493 wp-block-columns-is-layout-flex\">\n<div class=\"wp-block-column is-layout-flow wp-block-column-is-layout-flow\" style=\"flex-basis:16%\"><\/div>\n\n\n\n<div class=\"wp-block-column feature-white feature-shadow is-layout-flow wp-block-column-is-layout-flow\" style=\"padding-right:var(--wp--preset--spacing--60);padding-left:var(--wp--preset--spacing--60)\">\n<h2 class=\"wp-block-heading has-text-align-center\">Suscr\u00edbete a Better Making<\/h2>\n\n\n\n<p>El bolet\u00edn de StepAlong.<\/p>\n\n\n\n<script charset=\"utf-8\" type=\"text\/javascript\" src=\"\/\/js-eu1.hsforms.net\/forms\/embed\/v2.js\"><\/script>\n<script>\n  hbspt.forms.create({\n    portalId: \"26183334\",\n    formId: \"8c052fc0-0f58-4279-b54e-638190353f4f\",\n    region: \"eu1\"\n  });\n<\/script>\n<\/div>\n\n\n\n<div class=\"wp-block-column is-layout-flow wp-block-column-is-layout-flow\" style=\"flex-basis:15%\"><\/div>\n<\/div>\n\n\n\n<div style=\"height:4em\" aria-hidden=\"true\" class=\"wp-block-spacer\"><\/div>\n\n\n\n<h2 class=\"wp-block-heading\" style=\"margin-top:0px;margin-right:0px;margin-bottom:0px;margin-left:0px\">Lo \u00faltimo de <a href=\"https:\/\/www.stepalong.com\/es\/blog\/\" data-type=\"page\" data-id=\"2033\">nuestro blog<\/a><\/h2>\n\n\n<ul style=\"font-style:normal;font-weight:400;\" class=\"wp-block-latest-posts__list has-dates entries wp-block-latest-posts\"><li><a class=\"wp-block-latest-posts__post-title\" href=\"https:\/\/www.stepalong.com\/es\/marcas-de-consumo-fabricantes-por-que-el-servicio-de-atencion-al-cliente-no-es-propietario-de-su-manual-de-producto\/\">Marcas de consumo y fabricantes: \u00bfPor qu\u00e9 el Servicio de Atenci\u00f3n al Cliente no es el propietario de los manuales de producto?<\/a><time datetime=\"2026-02-26T19:42:57+01:00\" class=\"wp-block-latest-posts__post-date\">26 febrero 2026<\/time><\/li>\n<li><a class=\"wp-block-latest-posts__post-title\" href=\"https:\/\/www.stepalong.com\/es\/pdf-piratas-ai-por-que-necesitas-ser-dueno-de-tus-instrucciones-online\/\">Los Piratas del PDF y la IA: Por qu\u00e9 necesitas ser due\u00f1o de tus instrucciones online<\/a><time datetime=\"2025-10-15T18:50:05+02:00\" class=\"wp-block-latest-posts__post-date\">15 octubre 2025<\/time><\/li>\n<li><a class=\"wp-block-latest-posts__post-title\" href=\"https:\/\/www.stepalong.com\/es\/sus-pdf-de-instrucciones-descargables-estan-perjudicando-a-su-negocio\/\">Tus PDFs de instrucciones descargables est\u00e1n perjudicando a tu negocio<\/a><time datetime=\"2025-09-29T19:42:11+02:00\" class=\"wp-block-latest-posts__post-date\">29 septiembre 2025<\/time><\/li>\n<\/ul>","protected":false},"excerpt":{"rendered":"<p>Suscr\u00edbase al bolet\u00edn de noticias de Better Making The StepAlong. Lo \u00faltimo de nuestro blog<\/p>","protected":false},"author":1,"featured_media":0,"parent":0,"menu_order":0,"comment_status":"closed","ping_status":"closed","template":"wp-custom-template-landing-page-b","meta":{"content-type":"","_uag_custom_page_level_css":"","footnotes":""},"class_list":["post-7268","page","type-page","status-publish","hentry"],"aioseo_notices":[],"mb":[],"uagb_featured_image_src":{"full":false,"thumbnail":false,"medium":false,"medium_large":false,"large":false,"1536x1536":false,"2048x2048":false,"trp-custom-language-flag":false},"uagb_author_info":{"display_name":"Sergi S\u00e1nchez Mancha","author_link":"https:\/\/www.stepalong.com\/es\/author\/sergiostepalong-com\/"},"uagb_comment_info":0,"uagb_excerpt":"Subscribe to Better Making The StepAlong Newsletter. Latest from our blog","mfb_rest_fields":["title","aioseo_notices","uagb_featured_image_src","uagb_author_info","uagb_comment_info","uagb_excerpt"],"_links":{"self":[{"href":"https:\/\/www.stepalong.com\/es\/wp-json\/wp\/v2\/pages\/7268","targetHints":{"allow":["GET"]}}],"collection":[{"href":"https:\/\/www.stepalong.com\/es\/wp-json\/wp\/v2\/pages"}],"about":[{"href":"https:\/\/www.stepalong.com\/es\/wp-json\/wp\/v2\/types\/page"}],"author":[{"embeddable":true,"href":"https:\/\/www.stepalong.com\/es\/wp-json\/wp\/v2\/users\/1"}],"replies":[{"embeddable":true,"href":"https:\/\/www.stepalong.com\/es\/wp-json\/wp\/v2\/comments?post=7268"}],"version-history":[{"count":5,"href":"https:\/\/www.stepalong.com\/es\/wp-json\/wp\/v2\/pages\/7268\/revisions"}],"predecessor-version":[{"id":7276,"href":"https:\/\/www.stepalong.com\/es\/wp-json\/wp\/v2\/pages\/7268\/revisions\/7276"}],"wp:attachment":[{"href":"https:\/\/www.stepalong.com\/es\/wp-json\/wp\/v2\/media?parent=7268"}],"curies":[{"name":"wp","href":"https:\/\/api.w.org\/{rel}","templated":true}]}}