{"id":6525,"date":"2025-01-17T13:07:09","date_gmt":"2025-01-17T12:07:09","guid":{"rendered":"https:\/\/www.stepalong.com\/?page_id=6525"},"modified":"2025-03-19T10:49:27","modified_gmt":"2025-03-19T09:49:27","slug":"clientes-hardicraft","status":"publish","type":"page","link":"https:\/\/www.stepalong.com\/es\/clientes-hardicraft\/","title":{"rendered":"Hardicraft y StepAlong"},"content":{"rendered":"<p class=\"subtitle\"><strong>Con StepAlong, Hardicraft cre\u00f3 una plataforma de instrucciones en l\u00ednea segura y multiling\u00fce, reduciendo costes y permitiendo la expansi\u00f3n del mercado.<\/strong><\/p>\n\n\n\n<div style=\"height:2em\" aria-hidden=\"true\" class=\"wp-block-spacer\"><\/div>\n\n\n\n<figure class=\"wp-block-image alignwide size-large rounded\"><img loading=\"lazy\" decoding=\"async\" width=\"1024\" height=\"741\" src=\"https:\/\/www.stepalong.com\/wp-content\/uploads\/2025\/01\/hardicraft-kits-with-stepalong-1024x741.jpg\" alt=\"Kits Hardicraft instrucciones de producto con Stepalong Player.\" class=\"wp-image-6623\" srcset=\"https:\/\/www.stepalong.com\/wp-content\/uploads\/2025\/01\/hardicraft-kits-with-stepalong-1024x741.jpg 1024w, https:\/\/www.stepalong.com\/wp-content\/uploads\/2025\/01\/hardicraft-kits-with-stepalong-300x217.jpg 300w, https:\/\/www.stepalong.com\/wp-content\/uploads\/2025\/01\/hardicraft-kits-with-stepalong-768x556.jpg 768w, https:\/\/www.stepalong.com\/wp-content\/uploads\/2025\/01\/hardicraft-kits-with-stepalong-1536x1111.jpg 1536w, https:\/\/www.stepalong.com\/wp-content\/uploads\/2025\/01\/hardicraft-kits-with-stepalong-18x12.jpg 18w, https:\/\/www.stepalong.com\/wp-content\/uploads\/2025\/01\/hardicraft-kits-with-stepalong.jpg 1566w\" sizes=\"auto, (max-width: 1024px) 100vw, 1024px\" \/><\/figure>\n\n\n\n<div style=\"height:2em\" aria-hidden=\"true\" class=\"wp-block-spacer\"><\/div>\n\n\n\n<p><a href=\"https:\/\/www.hardicraft.com\/\" target=\"_blank\" rel=\"noopener\" title=\"Hardicraft\">Hardicraft<\/a>es una empresa neerlandesa de artesan\u00eda con sede en los Pa\u00edses Bajos, uno de los principales proveedores europeos de kits de ganchillo y punto. Venden al por menor con su propia marca, aunque tambi\u00e9n ofrecen productos de marca blanca para otras organizaciones.<\/p>\n\n\n\n<p>StepAlong conoci\u00f3 a Marijke Boone, directora general y fundadora de Hardicraft, en la feria Creativeworld 2024 de Frankfurt. Durante el evento, Marijke explic\u00f3 los retos espec\u00edficos de Hardicraft con sus instrucciones de producto, especialmente a medida que la empresa ampliaba su presencia en los mercados internacionales.<\/p>\n\n\n\n<div style=\"height:2em\" aria-hidden=\"true\" class=\"wp-block-spacer\"><\/div>\n\n\n\n<h2 class=\"wp-block-heading\">Los retos<\/h2>\n\n\n\n<div class=\"wp-block-columns is-layout-flex wp-container-core-columns-is-layout-cbe57604 wp-block-columns-is-layout-flex\">\n<div class=\"wp-block-column is-layout-flow wp-block-column-is-layout-flow\" style=\"flex-basis:50%\">\n<figure class=\"wp-block-image size-large\"><img loading=\"lazy\" decoding=\"async\" width=\"1024\" height=\"697\" src=\"https:\/\/www.stepalong.com\/wp-content\/uploads\/2025\/01\/hardicraft-paper-instructions-1024x697.jpg\" alt=\"Instrucciones del papel Hardicraft \" class=\"wp-image-6625\" srcset=\"https:\/\/www.stepalong.com\/wp-content\/uploads\/2025\/01\/hardicraft-paper-instructions-1024x697.jpg 1024w, https:\/\/www.stepalong.com\/wp-content\/uploads\/2025\/01\/hardicraft-paper-instructions-300x204.jpg 300w, https:\/\/www.stepalong.com\/wp-content\/uploads\/2025\/01\/hardicraft-paper-instructions-768x522.jpg 768w, https:\/\/www.stepalong.com\/wp-content\/uploads\/2025\/01\/hardicraft-paper-instructions-1536x1045.jpg 1536w, https:\/\/www.stepalong.com\/wp-content\/uploads\/2025\/01\/hardicraft-paper-instructions-18x12.jpg 18w, https:\/\/www.stepalong.com\/wp-content\/uploads\/2025\/01\/hardicraft-paper-instructions.jpg 1698w\" sizes=\"auto, (max-width: 1024px) 100vw, 1024px\" \/><\/figure>\n<\/div>\n\n\n\n<div class=\"wp-block-column is-vertically-aligned-top is-layout-flow wp-block-column-is-layout-flow\" style=\"flex-basis:50%\">\n<p>El embalaje de los kits de Hardicraft es muy compacto, lo que dificulta la inclusi\u00f3n de instrucciones en varios idiomas. A medida que se a\u00f1ad\u00edan m\u00e1s idiomas, aumentaba el riesgo de errores. Adem\u00e1s, los procesos de fabricaci\u00f3n y distribuci\u00f3n de Hardicraft no permit\u00edan sustituir f\u00e1cilmente las instrucciones impresas cuando se detectaban errores.<\/p>\n<\/div>\n<\/div>\n\n\n\n<p>Durante a\u00f1os, Hardicraft trabaj\u00f3 con instrucciones en cuatro idiomas. Sin embargo, la ampliaci\u00f3n a 10 idiomas no solo supuso mayores costes, sino tambi\u00e9n retos estructurales a la hora de crear, traducir y gestionar el creciente volumen de contenidos.<\/p>\n\n\n\n<p>Hardicraft se plante\u00f3 sustituir sus instrucciones impresas por un c\u00f3digo QR, pero quer\u00edan evitar alojar contenidos en Internet por miedo al plagio, un problema com\u00fan en la comunidad del ganchillo y el tricot. Adem\u00e1s, aunque estaban abiertos a las instrucciones digitales, reconoc\u00edan que muchos de sus clientes prefer\u00edan los PDF. Marijke insisti\u00f3 en que no quer\u00eda mantener dos sistemas distintos para crear las instrucciones.<\/p>\n\n\n\n<div style=\"height:2em\" aria-hidden=\"true\" class=\"wp-block-spacer\"><\/div>\n\n\n\n<h2 class=\"wp-block-heading\">La soluci\u00f3n<\/h2>\n\n\n\n<div class=\"wp-block-columns is-layout-flex wp-container-core-columns-is-layout-cbe57604 wp-block-columns-is-layout-flex\">\n<div class=\"wp-block-column is-layout-flow wp-block-column-is-layout-flow\">\n<figure class=\"wp-block-image size-large\"><img loading=\"lazy\" decoding=\"async\" width=\"1024\" height=\"1024\" src=\"https:\/\/www.stepalong.com\/wp-content\/uploads\/2025\/01\/kit-materials-with-stepalong-1024x1024.png\" alt=\"Instrucciones y materiales del kit Hardicraft con StepAlong.\" class=\"wp-image-6626\" srcset=\"https:\/\/www.stepalong.com\/wp-content\/uploads\/2025\/01\/kit-materials-with-stepalong-1024x1024.png 1024w, https:\/\/www.stepalong.com\/wp-content\/uploads\/2025\/01\/kit-materials-with-stepalong-300x300.png 300w, https:\/\/www.stepalong.com\/wp-content\/uploads\/2025\/01\/kit-materials-with-stepalong-150x150.png 150w, https:\/\/www.stepalong.com\/wp-content\/uploads\/2025\/01\/kit-materials-with-stepalong-768x768.png 768w, https:\/\/www.stepalong.com\/wp-content\/uploads\/2025\/01\/kit-materials-with-stepalong-12x12.png 12w, https:\/\/www.stepalong.com\/wp-content\/uploads\/2025\/01\/kit-materials-with-stepalong.png 1200w\" sizes=\"auto, (max-width: 1024px) 100vw, 1024px\" \/><\/figure>\n<\/div>\n\n\n\n<div class=\"wp-block-column is-layout-flow wp-block-column-is-layout-flow\">\n<p>Con la implementaci\u00f3n de StepAlong, Hardicraft transform\u00f3 r\u00e1pidamente sus PDF impresos compactos en archivos visualmente atractivos. <a href=\"https:\/\/www.stepalong.com\/es\/traduccion-de-instrucciones-de-productos-ai\/\" title=\"Traducci\u00f3n de instrucciones de producto mediante IA\">instrucciones en l\u00ednea disponibles en 10 idiomas<\/a>.<\/p>\n\n\n\n<p>Inicialmente, Hardicraft opt\u00f3 por utilizar el <a href=\"https:\/\/www.stepalong.com\/es\/centro-de-instruccion-llave-en-mano\/\" title=\"Centro de Instrucciones\">Centro de Instrucciones de StepAlong<\/a> en lugar de integrar las instrucciones en su sitio web principal. Esta decisi\u00f3n result\u00f3 valiosa, ya que desvincul\u00f3 la plataforma de instrucciones del redise\u00f1o de su sitio web en curso, reduciendo las dependencias en el proceso de creaci\u00f3n de instrucciones.<\/p>\n<\/div>\n<\/div>\n\n\n\n<p>El equipo de StepAlong colabor\u00f3 estrechamente con Hardicraft para resolver los problemas de traducci\u00f3n que planteaban los lenguajes t\u00e9cnicos espec\u00edficos del punto y el ganchillo. Gracias a la puesta a punto de nuestra herramienta de traducci\u00f3n, Hardicraft pudo reducir sus costes de traducci\u00f3n en aproximadamente 80% de una sola vez.<\/p>\n\n\n\n<p>Disponer de instrucciones en l\u00ednea tambi\u00e9n permiti\u00f3 a Hardicraft incorporar r\u00e1pidamente los comentarios y correcciones de los clientes, una pr\u00e1ctica habitual entre los ganchilleros y tejedores comprometidos.<\/p>\n\n\n\n<p>Para combatir el plagio, StepAlong desarroll\u00f3 una funcionalidad que permite a Hardicraft asignar c\u00f3digos de acceso \u00fanicos para cada instrucci\u00f3n. Estos c\u00f3digos se imprimen junto al c\u00f3digo QR en el envase, lo que garantiza un acceso seguro a las instrucciones.<\/p>\n\n\n\n<div style=\"height:2em\" aria-hidden=\"true\" class=\"wp-block-spacer\"><\/div>\n\n\n\n<h2 class=\"wp-block-heading\">Mejorar la experiencia PDF<\/h2>\n\n\n\n<div class=\"wp-block-columns is-layout-flex wp-container-core-columns-is-layout-cbe57604 wp-block-columns-is-layout-flex\">\n<div class=\"wp-block-column is-layout-flow wp-block-column-is-layout-flow\">\n<p>Reconociendo la continua demanda de PDF, pero con la base de unas s\u00f3lidas instrucciones en l\u00ednea, StepAlong se replante\u00f3 este formato. Al eliminar la necesidad de incluir todos los idiomas en un \u00fanico PDF, pudimos centrarnos en crear PDF con texto e im\u00e1genes m\u00e1s grandes, mejorar la usabilidad para los usuarios finales e introducir la funcionalidad de generar PDF directamente a partir de las instrucciones en l\u00ednea, eliminando la necesidad de un software de creaci\u00f3n de PDF independiente.<\/p>\n<\/div>\n\n\n\n<div class=\"wp-block-column is-layout-flow wp-block-column-is-layout-flow\">\n<figure class=\"wp-block-image size-large\"><img loading=\"lazy\" decoding=\"async\" width=\"1024\" height=\"666\" src=\"https:\/\/www.stepalong.com\/wp-content\/uploads\/2025\/01\/stepalong-hardicraft-pdf-1024x666.jpg\" alt=\"Hardicraft PDF por StepAlong\" class=\"wp-image-6567\" srcset=\"https:\/\/www.stepalong.com\/wp-content\/uploads\/2025\/01\/stepalong-hardicraft-pdf-1024x666.jpg 1024w, https:\/\/www.stepalong.com\/wp-content\/uploads\/2025\/01\/stepalong-hardicraft-pdf-300x195.jpg 300w, https:\/\/www.stepalong.com\/wp-content\/uploads\/2025\/01\/stepalong-hardicraft-pdf-768x499.jpg 768w, https:\/\/www.stepalong.com\/wp-content\/uploads\/2025\/01\/stepalong-hardicraft-pdf-1536x999.jpg 1536w, https:\/\/www.stepalong.com\/wp-content\/uploads\/2025\/01\/stepalong-hardicraft-pdf-18x12.jpg 18w, https:\/\/www.stepalong.com\/wp-content\/uploads\/2025\/01\/stepalong-hardicraft-pdf.jpg 1735w\" sizes=\"auto, (max-width: 1024px) 100vw, 1024px\" \/><\/figure>\n<\/div>\n<\/div>\n\n\n\n<div style=\"height:2em\" aria-hidden=\"true\" class=\"wp-block-spacer\"><\/div>\n\n\n\n<h2 class=\"wp-block-heading\">Cumplimiento de GPSR y EAA sin esfuerzo<\/h2>\n\n\n\n<p>Cuando Hardicraft se reuni\u00f3 con StepAlong, el nuevo <a href=\"https:\/\/www.stepalong.com\/es\/haga-que-las-instrucciones-de-su-producto-cumplan-la-normativa-gpsr\/\" title=\"Haga que las instrucciones de sus productos cumplan con GPSR\">Reglamentos GPSR y EAA<\/a> no eran lo m\u00e1s importante. Sin embargo, desde que implantaron StepAlong, ahora pueden garantizar f\u00e1cilmente el cumplimiento de estas normas reglamentarias sin esfuerzo a\u00f1adido.<\/p>\n\n\n\n<div style=\"height:2em\" aria-hidden=\"true\" class=\"wp-block-spacer\"><\/div>\n\n\n\n<h2 class=\"wp-block-heading\"><\/h2>\n\n\n\n<p>Marijke coment\u00f3 los resultados de la aplicaci\u00f3n de StepAlong:<\/p>\n\n\n\n<blockquote class=\"wp-block-quote feature is-layout-flow wp-block-quote-is-layout-flow\">\n<p>\"Nuestras instrucciones son parte integrante de nuestra oferta de productos, y deben ser de alta calidad y accesibles en distintos formatos e idiomas. StepAlong nos ha permitido mejorar la calidad de nuestras instrucciones e implantar un proceso que nos permite entrar en nuevos mercados de forma eficiente y con la m\u00ednima fricci\u00f3n.\"<\/p>\n<\/blockquote>\n\n\n\n<p>Puede ver el centro de instrucciones Hardicraft de StepAlong en <a href=\"http:\/\/instructions.hardicraft.com\/\">instrucciones.hardicraft.com<\/a>, utiliza el siguiente formulario para solicitar una demostraci\u00f3n y ver c\u00f3mo StepAlong puede transformar las instrucciones de sus productos.<\/p>\n\n\n\n<div style=\"height:2em\" aria-hidden=\"true\" class=\"wp-block-spacer\"><\/div>\n\n\n\n<div class=\"wp-block-buttons is-content-justification-center is-layout-flex wp-container-core-buttons-is-layout-a89b3969 wp-block-buttons-is-layout-flex\">\n<div class=\"wp-block-button is-style-fill\"><a class=\"wp-block-button__link wp-element-button\" href=\"https:\/\/www.stepalong.com\/es\/reserve-una-demostracion\/\" style=\"border-style:none;border-width:0px\">Reserva una demo<\/a><\/div>\n<\/div>\n\n\n\n<p><\/p>","protected":false},"excerpt":{"rendered":"<p>Con StepAlong, Hardicraft cre\u00f3 una plataforma de ense\u00f1anza en l\u00ednea segura y multiling\u00fce, reduciendo costes y permitiendo la expansi\u00f3n del mercado. Hardicraft, empresa holandesa de artesan\u00eda con sede en los Pa\u00edses Bajos, es uno de los principales proveedores europeos de kits de ganchillo y punto. Venden al por menor con su propia marca, pero tambi\u00e9n ofrecen productos de marca blanca para otras organizaciones. StepAlong con Marijke [...]<\/p>","protected":false},"author":1,"featured_media":0,"parent":0,"menu_order":0,"comment_status":"closed","ping_status":"closed","template":"case-study","meta":{"content-type":"","_uag_custom_page_level_css":"","footnotes":""},"class_list":["post-6525","page","type-page","status-publish","hentry"],"aioseo_notices":[],"mb":[],"uagb_featured_image_src":{"full":false,"thumbnail":false,"medium":false,"medium_large":false,"large":false,"1536x1536":false,"2048x2048":false,"trp-custom-language-flag":false},"uagb_author_info":{"display_name":"Sergi S\u00e1nchez Mancha","author_link":"https:\/\/www.stepalong.com\/es\/author\/sergiostepalong-com\/"},"uagb_comment_info":0,"uagb_excerpt":"With StepAlong, Hardicraft created a secure, multilingual online instruction platform, cutting costs and enabling market expansion. Hardicraft, a Dutch arts and crafts company based in the Netherlands, is one of Europe\u2019s leading providers of crochet and knitting kits. They retail under their own brand while also offering private-label products for other organizations. StepAlong met Marijke&hellip;","mfb_rest_fields":["title","aioseo_notices","uagb_featured_image_src","uagb_author_info","uagb_comment_info","uagb_excerpt"],"_links":{"self":[{"href":"https:\/\/www.stepalong.com\/es\/wp-json\/wp\/v2\/pages\/6525","targetHints":{"allow":["GET"]}}],"collection":[{"href":"https:\/\/www.stepalong.com\/es\/wp-json\/wp\/v2\/pages"}],"about":[{"href":"https:\/\/www.stepalong.com\/es\/wp-json\/wp\/v2\/types\/page"}],"author":[{"embeddable":true,"href":"https:\/\/www.stepalong.com\/es\/wp-json\/wp\/v2\/users\/1"}],"replies":[{"embeddable":true,"href":"https:\/\/www.stepalong.com\/es\/wp-json\/wp\/v2\/comments?post=6525"}],"version-history":[{"count":36,"href":"https:\/\/www.stepalong.com\/es\/wp-json\/wp\/v2\/pages\/6525\/revisions"}],"predecessor-version":[{"id":6890,"href":"https:\/\/www.stepalong.com\/es\/wp-json\/wp\/v2\/pages\/6525\/revisions\/6890"}],"wp:attachment":[{"href":"https:\/\/www.stepalong.com\/es\/wp-json\/wp\/v2\/media?parent=6525"}],"curies":[{"name":"wp","href":"https:\/\/api.w.org\/{rel}","templated":true}]}}