{"id":6099,"date":"2024-12-05T19:04:32","date_gmt":"2024-12-05T18:04:32","guid":{"rendered":"https:\/\/www.stepalong.com\/?page_id=6099"},"modified":"2025-08-27T20:49:31","modified_gmt":"2025-08-27T18:49:31","slug":"stepalong-para-instrucciones-de-kits","status":"publish","type":"page","link":"https:\/\/www.stepalong.com\/es\/stepalong-para-instrucciones-de-kits\/","title":{"rendered":"StepAlong para instrucciones de kits"},"content":{"rendered":"<h2 class=\"wp-block-heading has-text-align-center\" style=\"font-size:2.4em\">Mejora las instrucciones de tus kits y la experiencia de tus clientes<\/h2>\n\n\n\n<p class=\"has-text-align-center has-medium-font-size\">StepAlong le ahorra tiempo y estr\u00e9s con las instrucciones de tus kits,<br>permiti\u00e9ndote centrarte en lo que m\u00e1s te gusta: \u00a1crear!<\/p>\n\n\n\n<p class=\"has-text-align-center\">StepAlong simplifica la creaci\u00f3n, traducci\u00f3n y gesti\u00f3n de las instrucciones de los kits.<\/p>\n\n\n\n<div class=\"wp-block-buttons is-content-justification-center is-layout-flex wp-container-core-buttons-is-layout-a89b3969 wp-block-buttons-is-layout-flex\">\n<div class=\"wp-block-button is-style-outline is-style-outline--1\"><a class=\"wp-block-button__link has-custom-purple-color has-raft-fg-alt-background-color has-text-color has-background has-link-color has-text-align-center wp-element-button\" href=\"https:\/\/www.stepalong.com\/es\/reserve-una-demostracion\/\">Solicita una Demo<\/a><\/div>\n<\/div>\n\n\n\n<div style=\"height:4rem\" aria-hidden=\"true\" class=\"wp-block-spacer\"><\/div>\n\n\n\n<div class=\"wp-block-cover alignwide\" style=\"border-style:none;border-width:0px;border-radius:8px;padding-top:3em;padding-right:3em;padding-bottom:3em;padding-left:3em\"><img loading=\"lazy\" decoding=\"async\" width=\"2560\" height=\"1061\" class=\"wp-block-cover__image-background wp-image-5535\" alt=\"Kit de ganchillo\" src=\"https:\/\/www.stepalong.com\/wp-content\/uploads\/2024\/09\/crochet-background-scaled.jpg\" style=\"object-position:65% 3%\" data-object-fit=\"cover\" data-object-position=\"65% 3%\" srcset=\"https:\/\/www.stepalong.com\/wp-content\/uploads\/2024\/09\/crochet-background-scaled.jpg 2560w, https:\/\/www.stepalong.com\/wp-content\/uploads\/2024\/09\/crochet-background-300x124.jpg 300w, https:\/\/www.stepalong.com\/wp-content\/uploads\/2024\/09\/crochet-background-1024x425.jpg 1024w, https:\/\/www.stepalong.com\/wp-content\/uploads\/2024\/09\/crochet-background-768x318.jpg 768w, https:\/\/www.stepalong.com\/wp-content\/uploads\/2024\/09\/crochet-background-1536x637.jpg 1536w, https:\/\/www.stepalong.com\/wp-content\/uploads\/2024\/09\/crochet-background-2048x849.jpg 2048w, https:\/\/www.stepalong.com\/wp-content\/uploads\/2024\/09\/crochet-background-18x7.jpg 18w\" sizes=\"auto, (max-width: 2560px) 100vw, 2560px\" \/><span aria-hidden=\"true\" class=\"wp-block-cover__background has-background-dim-60 has-background-dim wp-block-cover__gradient-background has-background-gradient\" style=\"background:linear-gradient(106deg,rgb(171,35,109) 36%,rgba(0,0,0,0) 60%)\"><\/span><div class=\"wp-block-cover__inner-container is-layout-constrained wp-container-core-cover-is-layout-6179930d wp-block-cover-is-layout-constrained\">\n<div class=\"wp-block-columns is-layout-flex wp-container-core-columns-is-layout-28f84493 wp-block-columns-is-layout-flex\">\n<div class=\"wp-block-column is-layout-flow wp-block-column-is-layout-flow\" style=\"flex-basis:65%\">\n<h2 class=\"wp-block-heading has-raft-fg-alt-color has-text-color has-link-color wp-elements-c5fef766d5ef4854cb61e84d768b5ebf\">Las instrucciones de los kits son muy importantes<\/h2>\n\n\n\n<p class=\"has-raft-fg-alt-color has-text-color has-link-color wp-elements-f99976124984e2e8f3dbd65ed1b380e6\">Cuando se trata de kits, <strong>las instrucciones pueden crear o destrozar la experiencia<\/strong>. He aqu\u00ed algunos datos interesantes*:<\/p>\n\n\n\n<ol class=\"wp-block-list has-raft-bg-alt-color has-text-color has-link-color wp-elements-d7a6a8c9c6e2435ec9cfe0998ab7f5f4\">\n<li><strong>1 de cada 4 clientes<\/strong> tienen dificultades con las instrucciones del kit y a menudo se sienten frustrados y perdidos.<\/li>\n\n\n\n<li><strong>80% de malas cr\u00edticas<\/strong> apuntan a instrucciones o tutoriales confusos y dif\u00edciles de seguir, que dejan a las personas atascadas a mitad de proyecto.<\/li>\n\n\n\n<li>Esto es especialmente duro para <strong>principiantes<\/strong>, que son el <strong>14.3%<\/strong> de los clientes. Los cuales conf\u00edan en una gu\u00eda clara y paso a paso para aprender y completar sus primeros proyectos.<\/li>\n\n\n\n<li>Unas instrucciones deficientes no s\u00f3lo confunden, sino que rebajan la valoraci\u00f3n del producto. Los kits con <strong>tutoriales poco claros<\/strong> tienden a tener <strong>por debajo de 3 estrellas<\/strong>.<\/li>\n\n\n\n<li>Aunque los tutoriales en v\u00eddeo pueden ayudar, <strong>36.1% de usuarias<\/strong> sienten que se mueven demasiado r\u00e1pido. Sin un <strong>copia f\u00edsica<\/strong> de referencia, se convierte en una experiencia frustrante para muchas.<\/li>\n<\/ol>\n\n\n\n<p class=\"has-raft-bg-alt-color has-text-color has-link-color has-small-font-size wp-elements-976354f7d88a73573bb40dd8c09878a1\">* The Sellers Sprite <a href=\"https:\/\/www.sellersprite.com\/en\/blog\/crochet-kits-report\">Informe sobre el mercado de los kits de ganchillo para 2023<\/a>.<\/p>\n<\/div>\n\n\n\n<div class=\"wp-block-column is-layout-flow wp-block-column-is-layout-flow\" style=\"flex-basis:35%\"><\/div>\n<\/div>\n<\/div><\/div>\n\n\n\n<div style=\"height:4em\" aria-hidden=\"true\" class=\"wp-block-spacer\"><\/div>\n\n\n\n<h2 class=\"wp-block-heading\">Mejora las instrucciones de tus kits con StepAlong<\/h2>\n\n\n\n<p>La <a href=\"https:\/\/www.stepalong.com\/es\/caracteristicas\/\" title=\"Funcionalidades de StepAlong\">plataforma instruccional de StepAlong<\/a> le ayuda a mejorar las instrucciones de sus kits, facilitando la experiencia a sus clientes:<\/p>\n\n\n\n<div class=\"wp-block-columns is-layout-flex wp-container-core-columns-is-layout-14cf5ab5 wp-block-columns-is-layout-flex\">\n<div class=\"wp-block-column is-layout-flow wp-block-column-is-layout-flow\" style=\"flex-basis:60%\">\n<ul class=\"wp-block-list\">\n<li><strong>Consigue una audiencia global<\/strong>: Ofrezca las instrucciones de sus kits en varios idiomas (10 y cada vez m\u00e1s), con la ayuda de <a href=\"https:\/\/www.stepalong.com\/es\/traduccion-de-instrucciones-de-productos-ai\/\" title=\"Traducci\u00f3n de instrucciones de producto mediante IA\">Traducciones con IA<\/a> que manejan con precisi\u00f3n los t\u00e9rminos t\u00e9cnicos del ganchillo.<\/li>\n\n\n\n<li><strong>Acceso f\u00e1cil y seguro<\/strong>: Si lo necesitas, protege tus instrucciones con un acceso \u00fanico y c\u00f3digos QR, garantizando que s\u00f3lo tus clientas puedan verlas. Algunos tutoriales tambi\u00e9n pueden hacerse p\u00fablicos para atraer a nuevas usuarias.<\/li>\n\n\n\n<li><strong>Generaci\u00f3n autom\u00e1tica de PDF<\/strong>: Genera f\u00e1cilmente PDFs descargables para todos los idiomas sin tener que utilizar complicados programas de creaci\u00f3n de PDF.<\/li>\n\n\n\n<li><strong>Crea tu <a href=\"https:\/\/www.stepalong.com\/es\/centro-de-instruccion-llave-en-mano\/\" title=\"Centro de Instrucciones\">Centro de Instrucciones<\/a><\/strong>: Cree una referencia \u00fanica para todas las instrucciones de sus kits, ofreciendo a sus clientes una experiencia \u00e1gil y f\u00e1cil de usar con su marca.<\/li>\n<\/ul>\n<\/div>\n\n\n\n<div class=\"wp-block-column is-layout-flow wp-block-column-is-layout-flow\" style=\"flex-basis:40%\">\n<figure class=\"wp-block-image size-large\"><img loading=\"lazy\" decoding=\"async\" width=\"805\" height=\"1024\" src=\"https:\/\/www.stepalong.com\/wp-content\/uploads\/2024\/09\/StepAlong-crochet-kit-instructions-1-805x1024.png\" alt=\"Instrucciones del kit de ganchillo en PDF\" class=\"wp-image-5585\" srcset=\"https:\/\/www.stepalong.com\/wp-content\/uploads\/2024\/09\/StepAlong-crochet-kit-instructions-1-805x1024.png 805w, https:\/\/www.stepalong.com\/wp-content\/uploads\/2024\/09\/StepAlong-crochet-kit-instructions-1-236x300.png 236w, https:\/\/www.stepalong.com\/wp-content\/uploads\/2024\/09\/StepAlong-crochet-kit-instructions-1-768x977.png 768w, https:\/\/www.stepalong.com\/wp-content\/uploads\/2024\/09\/StepAlong-crochet-kit-instructions-1-9x12.png 9w, https:\/\/www.stepalong.com\/wp-content\/uploads\/2024\/09\/StepAlong-crochet-kit-instructions-1.png 811w\" sizes=\"auto, (max-width: 805px) 100vw, 805px\" \/><\/figure>\n<\/div>\n<\/div>\n\n\n\n<div style=\"height:4em\" aria-hidden=\"true\" class=\"wp-block-spacer\"><\/div>\n\n\n\n<div class=\"wp-block-cover\" style=\"border-radius:16px;min-height:360px;aspect-ratio:unset;\"><span aria-hidden=\"true\" class=\"wp-block-cover__background has-raft-fg-background-color has-background-dim-60 has-background-dim\"><\/span><img loading=\"lazy\" decoding=\"async\" width=\"2080\" height=\"1560\" class=\"wp-block-cover__image-background wp-image-6542\" alt=\"hardicraft-kits-bakcground\" src=\"https:\/\/www.stepalong.com\/wp-content\/uploads\/2025\/01\/hardicraft-kits-bakcground.jpg\" data-object-fit=\"cover\" srcset=\"https:\/\/www.stepalong.com\/wp-content\/uploads\/2025\/01\/hardicraft-kits-bakcground.jpg 2080w, https:\/\/www.stepalong.com\/wp-content\/uploads\/2025\/01\/hardicraft-kits-bakcground-300x225.jpg 300w, https:\/\/www.stepalong.com\/wp-content\/uploads\/2025\/01\/hardicraft-kits-bakcground-1024x768.jpg 1024w, https:\/\/www.stepalong.com\/wp-content\/uploads\/2025\/01\/hardicraft-kits-bakcground-768x576.jpg 768w, https:\/\/www.stepalong.com\/wp-content\/uploads\/2025\/01\/hardicraft-kits-bakcground-1536x1152.jpg 1536w, https:\/\/www.stepalong.com\/wp-content\/uploads\/2025\/01\/hardicraft-kits-bakcground-2048x1536.jpg 2048w, https:\/\/www.stepalong.com\/wp-content\/uploads\/2025\/01\/hardicraft-kits-bakcground-16x12.jpg 16w\" sizes=\"auto, (max-width: 2080px) 100vw, 2080px\" \/><div class=\"wp-block-cover__inner-container is-layout-constrained wp-block-cover-is-layout-constrained\">\n<div class=\"wp-block-columns is-layout-flex wp-container-core-columns-is-layout-4f8469d8 wp-block-columns-is-layout-flex\" style=\"padding-top:var(--wp--preset--spacing--60);padding-right:var(--wp--preset--spacing--60);padding-bottom:var(--wp--preset--spacing--60);padding-left:var(--wp--preset--spacing--60)\">\n<div class=\"wp-block-column is-vertically-aligned-center is-layout-flow wp-block-column-is-layout-flow\" style=\"flex-basis:33.33%\">\n<figure class=\"wp-block-image size-full\"><img loading=\"lazy\" decoding=\"async\" width=\"2000\" height=\"1257\" src=\"https:\/\/www.stepalong.com\/wp-content\/uploads\/2025\/01\/hardicraft-logo-white-2.png\" alt=\"hardicraft-logo-blanco\" class=\"wp-image-6586\" srcset=\"https:\/\/www.stepalong.com\/wp-content\/uploads\/2025\/01\/hardicraft-logo-white-2.png 2000w, https:\/\/www.stepalong.com\/wp-content\/uploads\/2025\/01\/hardicraft-logo-white-2-300x189.png 300w, https:\/\/www.stepalong.com\/wp-content\/uploads\/2025\/01\/hardicraft-logo-white-2-1024x644.png 1024w, https:\/\/www.stepalong.com\/wp-content\/uploads\/2025\/01\/hardicraft-logo-white-2-768x483.png 768w, https:\/\/www.stepalong.com\/wp-content\/uploads\/2025\/01\/hardicraft-logo-white-2-1536x965.png 1536w, https:\/\/www.stepalong.com\/wp-content\/uploads\/2025\/01\/hardicraft-logo-white-2-18x12.png 18w\" sizes=\"auto, (max-width: 2000px) 100vw, 2000px\" \/><\/figure>\n<\/div>\n\n\n\n<div class=\"wp-block-column is-layout-flow wp-block-column-is-layout-flow\" style=\"flex-basis:66.66%\">\n<p class=\"has-raft-bg-alt-color has-text-color has-link-color wp-elements-23e074b08aad3be13d604a11b83892d0\"><a href=\"https:\/\/www.stepalong.com\/es\/clientes-hardicraft\/\" data-type=\"page\" data-id=\"6525\">Hardicraft y StepAlong<\/a><\/p>\n\n\n\n<p class=\"has-medium-font-size\"><strong>Con StepAlong, Hardicraft cre\u00f3 una plataforma de instrucciones en l\u00ednea segura y multiling\u00fce, reduciendo costes y permitiendo la expansi\u00f3n del mercado.<\/strong><\/p>\n\n\n\n<div class=\"wp-block-buttons is-layout-flex wp-block-buttons-is-layout-flex\">\n<div class=\"wp-block-button is-style-outline is-style-outline--2\"><a class=\"wp-block-button__link wp-element-button\" href=\"https:\/\/www.stepalong.com\/es\/clientes-hardicraft\/\">Ver caso pr\u00e1ctico<\/a><\/div>\n<\/div>\n<\/div>\n<\/div>\n<\/div><\/div>\n\n\n\n<div style=\"height:4em\" aria-hidden=\"true\" class=\"wp-block-spacer\"><\/div>\n\n\n\n<div class=\"wp-block-columns is-layout-flex wp-container-core-columns-is-layout-14cf5ab5 wp-block-columns-is-layout-flex\">\n<div class=\"wp-block-column is-layout-flow wp-block-column-is-layout-flow\">\n<div class=\"wp-block-group feature is-layout-constrained wp-block-group-is-layout-constrained\">\n<div class=\"wp-block-columns is-layout-flex wp-container-core-columns-is-layout-cbe57604 wp-block-columns-is-layout-flex\">\n<div class=\"wp-block-column is-layout-flow wp-block-column-is-layout-flow\">\n<figure class=\"wp-block-image size-large rounded\"><img loading=\"lazy\" decoding=\"async\" width=\"1024\" height=\"1024\" src=\"https:\/\/www.stepalong.com\/wp-content\/uploads\/2025\/08\/stepalong-roi-calculator-1024x1024.webp\" alt=\"Calculadora de ROI de StepAlong\" class=\"wp-image-8026\" srcset=\"https:\/\/www.stepalong.com\/wp-content\/uploads\/2025\/08\/stepalong-roi-calculator-1024x1024.webp 1024w, https:\/\/www.stepalong.com\/wp-content\/uploads\/2025\/08\/stepalong-roi-calculator-300x300.webp 300w, https:\/\/www.stepalong.com\/wp-content\/uploads\/2025\/08\/stepalong-roi-calculator-150x150.webp 150w, https:\/\/www.stepalong.com\/wp-content\/uploads\/2025\/08\/stepalong-roi-calculator-768x768.webp 768w, https:\/\/www.stepalong.com\/wp-content\/uploads\/2025\/08\/stepalong-roi-calculator-12x12.webp 12w, https:\/\/www.stepalong.com\/wp-content\/uploads\/2025\/08\/stepalong-roi-calculator.webp 1420w\" sizes=\"auto, (max-width: 1024px) 100vw, 1024px\" \/><\/figure>\n<\/div>\n\n\n\n<div class=\"wp-block-column is-layout-flow wp-block-column-is-layout-flow\">\n<h3 class=\"wp-block-heading\">Calcula tus posibles ahorros<\/h3>\n\n\n\n<p>Descubre cu\u00e1nto puede ahorrar tu empresa al cambiar a la plataforma de instrucciones digitales con IA de StepAlong.<\/p>\n\n\n\n<div style=\"height:0px\" aria-hidden=\"true\" class=\"wp-block-spacer\"><\/div>\n<\/div>\n<\/div>\n\n\n\n<div style=\"height:1em\" aria-hidden=\"true\" class=\"wp-block-spacer\"><\/div>\n\n\n\n<div class=\"wp-block-buttons is-content-justification-center is-layout-flex wp-container-core-buttons-is-layout-a89b3969 wp-block-buttons-is-layout-flex\">\n<div class=\"wp-block-button is-style-outline is-style-outline--3\"><a class=\"wp-block-button__link has-custom-purple-color has-text-color has-link-color has-border-color has-custom-purple-border-color wp-element-button\" href=\"https:\/\/www.stepalong.com\/es\/calculadora-roi\/\">Calcule su ahorro<\/a><\/div>\n<\/div>\n<\/div>\n<\/div>\n\n\n\n<div class=\"wp-block-column is-vertically-aligned-center is-layout-flow wp-block-column-is-layout-flow\">\n<p>En StepAlong, nos hemos centrado en lo que necesitan los clientes para disfrutar de una gran experiencia de instrucciones sobre productos:<\/p>\n\n\n\n<ul class=\"wp-block-list\">\n<li><strong>Mobile-first<\/strong><br>No es necesario descargar la aplicaci\u00f3n, basta con abrirla y seguirla<\/li>\n\n\n\n<li><strong>Claridad paso a paso<\/strong><br>Una estructura l\u00f3gica, paso a paso, para mayor claridad<\/li>\n\n\n\n<li><strong>Formatos flexibles<\/strong><br>PDF descargables para quienes los prefieran<\/li>\n\n\n\n<li><strong>F\u00e1cil acceso<\/strong><br>Accesible a trav\u00e9s de Google, ChatGPT y otros motores de b\u00fasqueda<\/li>\n\n\n\n<li><strong>Soporte multiling\u00fce<\/strong><br>Instrucciones en el idioma de sus clientes<\/li>\n<\/ul>\n\n\n\n<div style=\"height:1em\" aria-hidden=\"true\" class=\"wp-block-spacer\"><\/div>\n\n\n\n<div class=\"wp-block-buttons is-content-justification-center is-layout-flex wp-container-core-buttons-is-layout-a89b3969 wp-block-buttons-is-layout-flex\">\n<div class=\"wp-block-button is-style-fill\"><a class=\"wp-block-button__link has-raft-fg-alt-color has-custom-purple-background-color has-text-color has-background has-link-color has-text-align-center wp-element-button\" href=\"https:\/\/www.stepalong.com\/es\/reserve-una-demostracion\/\">Solicita una Demo<\/a><\/div>\n<\/div>\n<\/div>\n<\/div>","protected":false},"excerpt":{"rendered":"<p>Mejore las instrucciones de sus kits y la experiencia de sus clientes StepAlong le ahorra tiempo y estr\u00e9s con las instrucciones de sus kits, permiti\u00e9ndole centrarse en lo que m\u00e1s le gusta: \u00a1crear! StepAlong simplifica la creaci\u00f3n, traducci\u00f3n y gesti\u00f3n de las instrucciones de los kits. Mejore las instrucciones de sus kits con StepAlong La plataforma de instrucciones StepAlong le ayuda a mejorar las instrucciones de sus kits, haciendo que la experiencia [...]<\/p>","protected":false},"author":1,"featured_media":0,"parent":0,"menu_order":0,"comment_status":"closed","ping_status":"closed","template":"wp-custom-template-landing-page-b","meta":{"content-type":"","_uag_custom_page_level_css":"","footnotes":""},"class_list":["post-6099","page","type-page","status-publish","hentry"],"aioseo_notices":[],"mb":[],"uagb_featured_image_src":{"full":false,"thumbnail":false,"medium":false,"medium_large":false,"large":false,"1536x1536":false,"2048x2048":false,"trp-custom-language-flag":false},"uagb_author_info":{"display_name":"Sergi S\u00e1nchez Mancha","author_link":"https:\/\/www.stepalong.com\/es\/author\/sergiostepalong-com\/"},"uagb_comment_info":0,"uagb_excerpt":"Enhance your kit instructions and your customers experience StepAlong saves you time and stress with your kit instructions,letting you focus on what you love about: creating! StepAlong simplifies the creation, translation, and management of kit instructions. Improve Your Kit Instructions with StepAlong The StepAlong Instructional Platform helps you enhance your kit instructions, making the experience&hellip;","mfb_rest_fields":["title","aioseo_notices","uagb_featured_image_src","uagb_author_info","uagb_comment_info","uagb_excerpt"],"_links":{"self":[{"href":"https:\/\/www.stepalong.com\/es\/wp-json\/wp\/v2\/pages\/6099","targetHints":{"allow":["GET"]}}],"collection":[{"href":"https:\/\/www.stepalong.com\/es\/wp-json\/wp\/v2\/pages"}],"about":[{"href":"https:\/\/www.stepalong.com\/es\/wp-json\/wp\/v2\/types\/page"}],"author":[{"embeddable":true,"href":"https:\/\/www.stepalong.com\/es\/wp-json\/wp\/v2\/users\/1"}],"replies":[{"embeddable":true,"href":"https:\/\/www.stepalong.com\/es\/wp-json\/wp\/v2\/comments?post=6099"}],"version-history":[{"count":12,"href":"https:\/\/www.stepalong.com\/es\/wp-json\/wp\/v2\/pages\/6099\/revisions"}],"predecessor-version":[{"id":8014,"href":"https:\/\/www.stepalong.com\/es\/wp-json\/wp\/v2\/pages\/6099\/revisions\/8014"}],"wp:attachment":[{"href":"https:\/\/www.stepalong.com\/es\/wp-json\/wp\/v2\/media?parent=6099"}],"curies":[{"name":"wp","href":"https:\/\/api.w.org\/{rel}","templated":true}]}}