{"id":5843,"date":"2024-11-05T19:41:35","date_gmt":"2024-11-05T18:41:35","guid":{"rendered":"https:\/\/www.stepalong.com\/?page_id=5843"},"modified":"2025-08-27T20:40:04","modified_gmt":"2025-08-27T18:40:04","slug":"centro-de-instruccion-llave-en-mano","status":"publish","type":"page","link":"https:\/\/www.stepalong.com\/es\/centro-de-instruccion-llave-en-mano\/","title":{"rendered":"Centro de Instrucciones"},"content":{"rendered":"<h2 class=\"wp-block-heading has-text-align-center\" style=\"font-size:2.4em\">Dale un hogar a tus instrucciones<\/h2>\n\n\n\n<p class=\"has-text-align-center has-medium-font-size\">El centro de instrucciones llave en mano StepAlong centraliza todas sus instrucciones, en todos los idiomas, en un sitio optimizado para SEO, con capacidad de b\u00fasqueda y apto para dispositivos m\u00f3viles.<\/p>\n\n\n\n<div class=\"wp-block-buttons is-content-justification-center is-layout-flex wp-container-core-buttons-is-layout-a89b3969 wp-block-buttons-is-layout-flex\">\n<div class=\"wp-block-button is-style-outline is-style-outline--1\"><a class=\"wp-block-button__link has-custom-purple-color has-raft-fg-alt-background-color has-text-color has-background has-link-color has-text-align-center wp-element-button\" href=\"https:\/\/www.stepalong.com\/es\/reserve-una-demostracion\/\">Solicita una Demo<\/a><\/div>\n<\/div>\n\n\n\n<div style=\"height:2em\" aria-hidden=\"true\" class=\"wp-block-spacer\"><\/div>\n\n\n\n<div id=\"videocontainer\" class=\"rounded\">\n  <video preload=\"true\" autoplay loop muted style=\"width: 100%; height: auto;\" title=\"Traducciones de instrucciones de productos StepAlong con IA\" poster=\"https:\/\/ik.imagekit.io\/ex3zncdov\/instruction-center-cover.png?updatedAt=1730895834767\">\n    <source src=\"https:\/\/ik.imagekit.io\/ex3zncdov\/instruction-center-video.mp4?updatedAt=1730895431623\" type=\"video\/mp4\">\n  <\/video>\n<\/div>\n\n\n\n<h2 class=\"wp-block-heading\">100% tu centro de instrucciones<\/h2>\n\n\n\n<p>Alojado en un subdominio personalizado de tu sitio web, por ejemplo <em>instrucciones.tusitioweb.com<\/em> con el aspecto de tu marca, tu centro de instrucciones ser\u00e1 un miembro m\u00e1s de la familia.<\/p>\n\n\n\n<div style=\"height:var(--wp--preset--spacing--80)\" aria-hidden=\"true\" class=\"wp-block-spacer\"><\/div>\n\n\n\n<div class=\"wp-block-columns is-layout-flex wp-container-core-columns-is-layout-14cf5ab5 wp-block-columns-is-layout-flex\">\n<div class=\"wp-block-column is-layout-flow wp-block-column-is-layout-flow\">\n<figure class=\"wp-block-image size-large rounded\"><img loading=\"lazy\" decoding=\"async\" width=\"1024\" height=\"611\" src=\"https:\/\/www.stepalong.com\/wp-content\/uploads\/2024\/04\/specific-terminology-1024x611.png\" alt=\"Terminolog\u00eda espec\u00edfica en varios idiomas\" class=\"wp-image-4417\" srcset=\"https:\/\/www.stepalong.com\/wp-content\/uploads\/2024\/04\/specific-terminology-1024x611.png 1024w, https:\/\/www.stepalong.com\/wp-content\/uploads\/2024\/04\/specific-terminology-300x179.png 300w, https:\/\/www.stepalong.com\/wp-content\/uploads\/2024\/04\/specific-terminology-768x458.png 768w, https:\/\/www.stepalong.com\/wp-content\/uploads\/2024\/04\/specific-terminology-18x12.png 18w, https:\/\/www.stepalong.com\/wp-content\/uploads\/2024\/04\/specific-terminology-150x89.png 150w, https:\/\/www.stepalong.com\/wp-content\/uploads\/2024\/04\/specific-terminology.png 1536w\" sizes=\"auto, (max-width: 1024px) 100vw, 1024px\" \/><\/figure>\n<\/div>\n\n\n\n<div class=\"wp-block-column is-layout-flow wp-block-column-is-layout-flow\">\n<h2 class=\"wp-block-heading\">Apoya tus mercados internacionales<\/h2>\n\n\n\n<p>Con nuestras traducciones AI de alta calidad y el centro de instrucciones, podr\u00e1s tratar a tus socios internacionales y comerciales igual que a los de sus mercados nacionales, ofreci\u00e9ndoles las instrucciones oficiales de todos sus productos.<\/p>\n\n\n\n<p>M\u00e1s informaci\u00f3n sobre c\u00f3mo StepAlong y las instrucciones <a href=\"https:\/\/www.stepalong.com\/es\/como-las-instrucciones-de-los-productos-pueden-ayudarle-a-ampliar-su-alcance-en-los-mercados-mundiales\/\" title=\"C\u00f3mo las instrucciones de los productos pueden ayudarle a ampliar su alcance en los mercados mundiales\">pueden ayudarte a ampliar tu alcance en los mercados internacionales.<\/a><\/p>\n<\/div>\n<\/div>\n\n\n\n<div style=\"height:var(--wp--preset--spacing--80)\" aria-hidden=\"true\" class=\"wp-block-spacer\"><\/div>\n\n\n\n<div class=\"wp-block-columns is-layout-flex wp-container-core-columns-is-layout-14cf5ab5 wp-block-columns-is-layout-flex\">\n<div class=\"wp-block-column is-layout-flow wp-block-column-is-layout-flow\">\n<h2 class=\"wp-block-heading\">Reduce las consultas de atenci\u00f3n al cliente y aumenta su satisfacci\u00f3n<\/h2>\n\n\n\n<p>Tu centro de instrucciones ayudar\u00e1 a tus clientes a encontrar las instrucciones que necesitan sin tener que pasar por el servicio de atenci\u00f3n al cliente (o por alg\u00fan sitio de descargas dudoso). El centro de instrucciones de StepAlong cuenta con una potente b\u00fasqueda para encontrar cualquier cosa en las instrucciones de tu productos.<\/p>\n<\/div>\n\n\n\n<div class=\"wp-block-column is-layout-flow wp-block-column-is-layout-flow\">\n<figure class=\"wp-block-image size-large rounded\"><img loading=\"lazy\" decoding=\"async\" width=\"1024\" height=\"683\" src=\"https:\/\/www.stepalong.com\/wp-content\/uploads\/2024\/11\/search-content-instruction-1024x683.png\" alt=\"Resultados de la b\u00fasqueda en el Centro de Instrucci\u00f3n\" class=\"wp-image-5859\" srcset=\"https:\/\/www.stepalong.com\/wp-content\/uploads\/2024\/11\/search-content-instruction-1024x683.png 1024w, https:\/\/www.stepalong.com\/wp-content\/uploads\/2024\/11\/search-content-instruction-300x200.png 300w, https:\/\/www.stepalong.com\/wp-content\/uploads\/2024\/11\/search-content-instruction-768x512.png 768w, https:\/\/www.stepalong.com\/wp-content\/uploads\/2024\/11\/search-content-instruction-1536x1024.png 1536w, https:\/\/www.stepalong.com\/wp-content\/uploads\/2024\/11\/search-content-instruction-2048x1366.png 2048w, https:\/\/www.stepalong.com\/wp-content\/uploads\/2024\/11\/search-content-instruction-18x12.png 18w\" sizes=\"auto, (max-width: 1024px) 100vw, 1024px\" \/><\/figure>\n<\/div>\n<\/div>\n\n\n\n<div style=\"height:var(--wp--preset--spacing--80)\" aria-hidden=\"true\" class=\"wp-block-spacer\"><\/div>\n\n\n\n<div class=\"wp-block-columns is-layout-flex wp-container-core-columns-is-layout-14cf5ab5 wp-block-columns-is-layout-flex\">\n<div class=\"wp-block-column is-layout-flow wp-block-column-is-layout-flow\">\n<figure class=\"wp-block-image size-large rounded\"><img loading=\"lazy\" decoding=\"async\" width=\"1024\" height=\"683\" src=\"https:\/\/www.stepalong.com\/wp-content\/uploads\/2024\/11\/password-protected-instruction-1024x683.png\" alt=\"Instrucciones del producto protegidas por contrase\u00f1a\" class=\"wp-image-5860\" srcset=\"https:\/\/www.stepalong.com\/wp-content\/uploads\/2024\/11\/password-protected-instruction-1024x683.png 1024w, https:\/\/www.stepalong.com\/wp-content\/uploads\/2024\/11\/password-protected-instruction-300x200.png 300w, https:\/\/www.stepalong.com\/wp-content\/uploads\/2024\/11\/password-protected-instruction-768x512.png 768w, https:\/\/www.stepalong.com\/wp-content\/uploads\/2024\/11\/password-protected-instruction-1536x1024.png 1536w, https:\/\/www.stepalong.com\/wp-content\/uploads\/2024\/11\/password-protected-instruction-2048x1366.png 2048w, https:\/\/www.stepalong.com\/wp-content\/uploads\/2024\/11\/password-protected-instruction-18x12.png 18w\" sizes=\"auto, (max-width: 1024px) 100vw, 1024px\" \/><\/figure>\n<\/div>\n\n\n\n<div class=\"wp-block-column is-layout-flow wp-block-column-is-layout-flow\">\n<h2 class=\"wp-block-heading\">Abierto a todos, o a unos pocos elegidos<\/h2>\n\n\n\n<p>Aunque la mayor\u00eda deja su centro de instrucciones StepAlong abierto al p\u00fablico, tu puedes protegerlo tras una contrase\u00f1a para que lo utilicen los equipos internos, est\u00e9n donde est\u00e9n.<\/p>\n<\/div>\n<\/div>\n\n\n\n<div style=\"height:var(--wp--preset--spacing--80)\" aria-hidden=\"true\" class=\"wp-block-spacer\"><\/div>\n\n\n\n<h2 class=\"wp-block-heading\">Autonom\u00eda para el equipo de instrucciones<\/h2>\n\n\n\n<p>StepAlong puede integrarse con cualquier sitio web o aplicaci\u00f3n que elijas. Sin embargo, sabemos que las instrucciones no siempre son una prioridad para todo el mundo. Al utilizar el centro de instrucciones de StepAlong, tu equipo de instrucciones puede continuar su trabajo incluso cuando otros equipos no est\u00e1n listos.<\/p>\n\n\n\n<div style=\"height:var(--wp--preset--spacing--80)\" aria-hidden=\"true\" class=\"wp-block-spacer\"><\/div>\n\n\n\n<div class=\"wp-block-columns is-layout-flex wp-container-core-columns-is-layout-14cf5ab5 wp-block-columns-is-layout-flex\">\n<div class=\"wp-block-column is-layout-flow wp-block-column-is-layout-flow\">\n<div class=\"wp-block-group feature is-layout-constrained wp-block-group-is-layout-constrained\">\n<div class=\"wp-block-columns is-layout-flex wp-container-core-columns-is-layout-cbe57604 wp-block-columns-is-layout-flex\">\n<div class=\"wp-block-column is-layout-flow wp-block-column-is-layout-flow\">\n<figure class=\"wp-block-image size-large rounded\"><img loading=\"lazy\" decoding=\"async\" width=\"1024\" height=\"1024\" src=\"https:\/\/www.stepalong.com\/wp-content\/uploads\/2025\/08\/stepalong-roi-calculator-1024x1024.webp\" alt=\"Calculadora de ROI de StepAlong\" class=\"wp-image-8026\" srcset=\"https:\/\/www.stepalong.com\/wp-content\/uploads\/2025\/08\/stepalong-roi-calculator-1024x1024.webp 1024w, https:\/\/www.stepalong.com\/wp-content\/uploads\/2025\/08\/stepalong-roi-calculator-300x300.webp 300w, https:\/\/www.stepalong.com\/wp-content\/uploads\/2025\/08\/stepalong-roi-calculator-150x150.webp 150w, https:\/\/www.stepalong.com\/wp-content\/uploads\/2025\/08\/stepalong-roi-calculator-768x768.webp 768w, https:\/\/www.stepalong.com\/wp-content\/uploads\/2025\/08\/stepalong-roi-calculator-12x12.webp 12w, https:\/\/www.stepalong.com\/wp-content\/uploads\/2025\/08\/stepalong-roi-calculator.webp 1420w\" sizes=\"auto, (max-width: 1024px) 100vw, 1024px\" \/><\/figure>\n<\/div>\n\n\n\n<div class=\"wp-block-column is-layout-flow wp-block-column-is-layout-flow\">\n<h3 class=\"wp-block-heading\">Calcula tus posibles ahorros<\/h3>\n\n\n\n<p>Descubre cu\u00e1nto puede ahorrar tu empresa al cambiar a la plataforma de instrucciones digitales con IA de StepAlong.<\/p>\n\n\n\n<div style=\"height:0px\" aria-hidden=\"true\" class=\"wp-block-spacer\"><\/div>\n<\/div>\n<\/div>\n\n\n\n<div style=\"height:1em\" aria-hidden=\"true\" class=\"wp-block-spacer\"><\/div>\n\n\n\n<div class=\"wp-block-buttons is-content-justification-center is-layout-flex wp-container-core-buttons-is-layout-a89b3969 wp-block-buttons-is-layout-flex\">\n<div class=\"wp-block-button is-style-outline is-style-outline--2\"><a class=\"wp-block-button__link has-custom-purple-color has-text-color has-link-color has-border-color has-custom-purple-border-color wp-element-button\" href=\"https:\/\/www.stepalong.com\/es\/calculadora-roi\/\">Calcule su ahorro<\/a><\/div>\n<\/div>\n<\/div>\n<\/div>\n\n\n\n<div class=\"wp-block-column is-vertically-aligned-center is-layout-flow wp-block-column-is-layout-flow\">\n<p>En StepAlong, nos hemos centrado en lo que necesitan los clientes para disfrutar de una gran experiencia de instrucciones sobre productos:<\/p>\n\n\n\n<ul class=\"wp-block-list\">\n<li><strong>Mobile-first<\/strong><br>No es necesario descargar la aplicaci\u00f3n, basta con abrirla y seguirla<\/li>\n\n\n\n<li><strong>Claridad paso a paso<\/strong><br>Una estructura l\u00f3gica, paso a paso, para mayor claridad<\/li>\n\n\n\n<li><strong>Formatos flexibles<\/strong><br>PDF descargables para quienes los prefieran<\/li>\n\n\n\n<li><strong>F\u00e1cil acceso<\/strong><br>Accesible a trav\u00e9s de Google, ChatGPT y otros motores de b\u00fasqueda<\/li>\n\n\n\n<li><strong>Soporte multiling\u00fce<\/strong><br>Instrucciones en el idioma de sus clientes<\/li>\n<\/ul>\n\n\n\n<div style=\"height:1em\" aria-hidden=\"true\" class=\"wp-block-spacer\"><\/div>\n\n\n\n<div class=\"wp-block-buttons is-content-justification-center is-layout-flex wp-container-core-buttons-is-layout-a89b3969 wp-block-buttons-is-layout-flex\">\n<div class=\"wp-block-button is-style-fill\"><a class=\"wp-block-button__link has-raft-fg-alt-color has-custom-purple-background-color has-text-color has-background has-link-color has-text-align-center wp-element-button\" href=\"https:\/\/www.stepalong.com\/es\/reserve-una-demostracion\/\">Solicita una Demo<\/a><\/div>\n<\/div>\n<\/div>\n<\/div>","protected":false},"excerpt":{"rendered":"<p>D\u00e9 un hogar a sus instrucciones El centro de instrucciones llave en mano StepAlong centraliza todas sus instrucciones, en todos los idiomas, en un sitio optimizado para SEO, con capacidad de b\u00fasqueda y apto para dispositivos m\u00f3viles. 100% Su Centro de Instrucciones Alojado en un subdominio personalizado de su sitio web, por ejemplo instructions.yoursite.com con el aspecto de su marca, su Centro de Instrucciones ser\u00e1 un miembro m\u00e1s de la familia. Apoye a su [...]<\/p>","protected":false},"author":1,"featured_media":0,"parent":0,"menu_order":0,"comment_status":"closed","ping_status":"closed","template":"wp-custom-template-landing-page-b","meta":{"content-type":"","_uag_custom_page_level_css":"","footnotes":""},"class_list":["post-5843","page","type-page","status-publish","hentry"],"aioseo_notices":[],"mb":[],"uagb_featured_image_src":{"full":false,"thumbnail":false,"medium":false,"medium_large":false,"large":false,"1536x1536":false,"2048x2048":false,"trp-custom-language-flag":false},"uagb_author_info":{"display_name":"Sergi S\u00e1nchez Mancha","author_link":"https:\/\/www.stepalong.com\/es\/author\/sergiostepalong-com\/"},"uagb_comment_info":0,"uagb_excerpt":"Give Your Instructions a Home The StepAlong turnkey instruction center centralizes all your instructions, in every language, into an SEO-optimized, searchable, mobile-friendly site. 100% Your Instruction Center Hosted on a custom subdomain of your website, e.g instructions.yoursite.com with your brand look and feel, your Instruction Center will be a member of the family. Support your&hellip;","mfb_rest_fields":["title","aioseo_notices","uagb_featured_image_src","uagb_author_info","uagb_comment_info","uagb_excerpt"],"_links":{"self":[{"href":"https:\/\/www.stepalong.com\/es\/wp-json\/wp\/v2\/pages\/5843","targetHints":{"allow":["GET"]}}],"collection":[{"href":"https:\/\/www.stepalong.com\/es\/wp-json\/wp\/v2\/pages"}],"about":[{"href":"https:\/\/www.stepalong.com\/es\/wp-json\/wp\/v2\/types\/page"}],"author":[{"embeddable":true,"href":"https:\/\/www.stepalong.com\/es\/wp-json\/wp\/v2\/users\/1"}],"replies":[{"embeddable":true,"href":"https:\/\/www.stepalong.com\/es\/wp-json\/wp\/v2\/comments?post=5843"}],"version-history":[{"count":19,"href":"https:\/\/www.stepalong.com\/es\/wp-json\/wp\/v2\/pages\/5843\/revisions"}],"predecessor-version":[{"id":8008,"href":"https:\/\/www.stepalong.com\/es\/wp-json\/wp\/v2\/pages\/5843\/revisions\/8008"}],"wp:attachment":[{"href":"https:\/\/www.stepalong.com\/es\/wp-json\/wp\/v2\/media?parent=5843"}],"curies":[{"name":"wp","href":"https:\/\/api.w.org\/{rel}","templated":true}]}}