{"id":5677,"date":"2024-10-28T10:00:45","date_gmt":"2024-10-28T09:00:45","guid":{"rendered":"https:\/\/www.stepalong.com\/?page_id=5677"},"modified":"2025-08-27T20:45:35","modified_gmt":"2025-08-27T18:45:35","slug":"stepalong-para-comercio-electronico-privado-de-marca-blanca","status":"publish","type":"page","link":"https:\/\/www.stepalong.com\/es\/stepalong-para-comercio-electronico-privado-de-marca-blanca\/","title":{"rendered":"StepAlong para comercio electr\u00f3nico D2C privado \/ de marca blanca"},"content":{"rendered":"<h2 class=\"wp-block-heading has-text-align-center\" style=\"font-size:2.4em\">Cumple tu promesa de marca con mejores instrucciones<\/h2>\n\n\n\n<p class=\"has-text-align-center has-medium-font-size\">StepAlong te ayuda a afrontar el reto de reescribir las instrucciones de los productos de los fabricantes.<\/p>\n\n\n\n<p class=\"has-text-align-center\">StepAlong simplifica la creaci\u00f3n, traducci\u00f3n y gesti\u00f3n de las instrucciones de los productos.<\/p>\n\n\n\n<div class=\"wp-block-buttons is-content-justification-center is-layout-flex wp-container-core-buttons-is-layout-a89b3969 wp-block-buttons-is-layout-flex\">\n<div class=\"wp-block-button is-style-outline is-style-outline--1\"><a class=\"wp-block-button__link has-custom-purple-color has-raft-fg-alt-background-color has-text-color has-background has-link-color has-text-align-center wp-element-button\" href=\"https:\/\/www.stepalong.com\/es\/reserve-una-demostracion\/\">Solicita una Demo<\/a><\/div>\n<\/div>\n\n\n\n<div style=\"height:var(--wp--preset--spacing--80)\" aria-hidden=\"true\" class=\"wp-block-spacer\"><\/div>\n\n\n\n<div class=\"wp-block-cover alignwide wp-duotone-dark-grayscale\" style=\"border-style:none;border-width:0px;border-radius:8px;padding-right:3em;padding-left:3em\"><img loading=\"lazy\" decoding=\"async\" width=\"2560\" height=\"1061\" class=\"wp-block-cover__image-background wp-image-5679\" alt=\"Instrucciones de baja calidad\" src=\"https:\/\/www.stepalong.com\/wp-content\/uploads\/2024\/10\/low-quality-instructions-1-scaled.jpg\" data-object-fit=\"cover\" srcset=\"https:\/\/www.stepalong.com\/wp-content\/uploads\/2024\/10\/low-quality-instructions-1-scaled.jpg 2560w, https:\/\/www.stepalong.com\/wp-content\/uploads\/2024\/10\/low-quality-instructions-1-300x124.jpg 300w, https:\/\/www.stepalong.com\/wp-content\/uploads\/2024\/10\/low-quality-instructions-1-1024x425.jpg 1024w, https:\/\/www.stepalong.com\/wp-content\/uploads\/2024\/10\/low-quality-instructions-1-768x318.jpg 768w, https:\/\/www.stepalong.com\/wp-content\/uploads\/2024\/10\/low-quality-instructions-1-1536x637.jpg 1536w, https:\/\/www.stepalong.com\/wp-content\/uploads\/2024\/10\/low-quality-instructions-1-2048x849.jpg 2048w, https:\/\/www.stepalong.com\/wp-content\/uploads\/2024\/10\/low-quality-instructions-1-18x7.jpg 18w\" sizes=\"auto, (max-width: 2560px) 100vw, 2560px\" \/><span aria-hidden=\"true\" class=\"wp-block-cover__background has-custom-purple-background-color has-background-dim-70 has-background-dim\"><\/span><div class=\"wp-block-cover__inner-container is-layout-constrained wp-container-core-cover-is-layout-729e5ae5 wp-block-cover-is-layout-constrained\">\n<div class=\"wp-block-columns is-layout-flex wp-container-core-columns-is-layout-28f84493 wp-block-columns-is-layout-flex\">\n<div class=\"wp-block-column is-layout-flow wp-block-column-is-layout-flow\" style=\"flex-basis:100%\">\n<h2 class=\"wp-block-heading has-raft-fg-alt-color has-text-color has-link-color wp-elements-fd240ba4e0f89cc5522e460d09c5be2e\">Se acabaron las instrucciones de producto incoherentes y de baja calidad<\/h2>\n\n\n\n<p class=\"has-raft-fg-alt-color has-text-color has-link-color wp-elements-bf65c2f9692de1a14cbcdc1254ee43f2\">Al utilizar StepAlong, puedes unificar las instrucciones de varios fabricantes en una estructura consistente, creando una experiencia de cliente m\u00e1s coherente y reforzando su promesa de marca.<\/p>\n<\/div>\n<\/div>\n<\/div><\/div>\n\n\n\n<div style=\"height:var(--wp--preset--spacing--80)\" aria-hidden=\"true\" class=\"wp-block-spacer\"><\/div>\n\n\n\n<div class=\"wp-block-media-text has-media-on-the-right is-stacked-on-mobile shadow\"><div class=\"wp-block-media-text__content\">\n<h2 class=\"wp-block-heading\">Tus instrucciones, tu marca, tu dominio<\/h2>\n\n\n\n<p>Proporciona todas las instrucciones de tus productos en un Centro de instrucciones de marca, alojado en tu subdominio personalizado.<\/p>\n\n\n\n<p>Cada instrucci\u00f3n puede asegurarse con un c\u00f3digo de acceso, garantizando as\u00ed el acceso exclusivo de tus clientes.<\/p>\n<\/div><figure class=\"wp-block-media-text__media\"><img loading=\"lazy\" decoding=\"async\" width=\"1024\" height=\"865\" src=\"https:\/\/www.stepalong.com\/wp-content\/uploads\/2024\/10\/instruction-center-design-1024x865.jpg\" alt=\"Las instrucciones de su producto con la marca de su empresa.\" class=\"wp-image-5680 size-full\" srcset=\"https:\/\/www.stepalong.com\/wp-content\/uploads\/2024\/10\/instruction-center-design-1024x865.jpg 1024w, https:\/\/www.stepalong.com\/wp-content\/uploads\/2024\/10\/instruction-center-design-300x253.jpg 300w, https:\/\/www.stepalong.com\/wp-content\/uploads\/2024\/10\/instruction-center-design-768x649.jpg 768w, https:\/\/www.stepalong.com\/wp-content\/uploads\/2024\/10\/instruction-center-design-1536x1298.jpg 1536w, https:\/\/www.stepalong.com\/wp-content\/uploads\/2024\/10\/instruction-center-design-14x12.jpg 14w, https:\/\/www.stepalong.com\/wp-content\/uploads\/2024\/10\/instruction-center-design.jpg 2048w\" sizes=\"auto, (max-width: 1024px) 100vw, 1024px\" \/><\/figure><\/div>\n\n\n\n<div style=\"height:36px\" aria-hidden=\"true\" class=\"wp-block-spacer\"><\/div>\n\n\n\n<div style=\"height:var(--wp--preset--spacing--80)\" aria-hidden=\"true\" class=\"wp-block-spacer\"><\/div>\n\n\n\n<div class=\"wp-block-media-text is-stacked-on-mobile shadow\"><figure class=\"wp-block-media-text__media\"><img loading=\"lazy\" decoding=\"async\" width=\"1024\" height=\"682\" src=\"https:\/\/www.stepalong.com\/wp-content\/uploads\/2024\/10\/qr-code-1-1024x682.jpg\" alt=\"Incluya un c\u00f3digo QR en la caja para enlazar las instrucciones de su producto\" class=\"wp-image-5692 size-full\" srcset=\"https:\/\/www.stepalong.com\/wp-content\/uploads\/2024\/10\/qr-code-1-1024x682.jpg 1024w, https:\/\/www.stepalong.com\/wp-content\/uploads\/2024\/10\/qr-code-1-300x200.jpg 300w, https:\/\/www.stepalong.com\/wp-content\/uploads\/2024\/10\/qr-code-1-768x511.jpg 768w, https:\/\/www.stepalong.com\/wp-content\/uploads\/2024\/10\/qr-code-1-1536x1022.jpg 1536w, https:\/\/www.stepalong.com\/wp-content\/uploads\/2024\/10\/qr-code-1-18x12.jpg 18w, https:\/\/www.stepalong.com\/wp-content\/uploads\/2024\/10\/qr-code-1.jpg 2048w\" sizes=\"auto, (max-width: 1024px) 100vw, 1024px\" \/><\/figure><div class=\"wp-block-media-text__content\">\n<h2 class=\"wp-block-heading\">Instrucciones en la caja, con menos estr\u00e9s<\/h2>\n\n\n\n<p>Con StepAlong, solo tienes que incluir el c\u00f3digo QR en la caja del producto. As\u00ed tendr\u00e1s m\u00e1s tiempo para perfeccionar, corregir y traducir las instrucciones.<\/p>\n\n\n\n<p>Los c\u00f3digos QR de StepAlong siempre utilizan tu dominio, por lo que mantienes el control en todo momento.<\/p>\n<\/div><\/div>\n\n\n\n<div style=\"height:var(--wp--preset--spacing--80)\" aria-hidden=\"true\" class=\"wp-block-spacer\"><\/div>\n\n\n\n<div class=\"wp-block-columns is-layout-flex wp-container-core-columns-is-layout-14cf5ab5 wp-block-columns-is-layout-flex\">\n<div class=\"wp-block-column is-layout-flow wp-block-column-is-layout-flow\">\n<h2 class=\"wp-block-heading\">Traducciones m\u00e1s r\u00e1pidas y sencillas<\/h2>\n\n\n\n<p>Desp\u00eddete de los procesos de traducci\u00f3n manuales, caros y propensos a errores. Las traducciones de alta calidad basadas en IA de StepAlong te ahorran tiempo y dinero al tiempo que garantizan la precisi\u00f3n.<\/p>\n\n\n\n<p>Nuestras herramientas de colaboraci\u00f3n agilizan el proceso de revisi\u00f3n, permiti\u00e9ndote invitar a los traductores a perfeccionar tus instrucciones sin la molestia de enviar documentos por correo electr\u00f3nico de un lado a otro.<\/p>\n<\/div>\n\n\n\n<div class=\"wp-block-column is-layout-flow wp-block-column-is-layout-flow\">\n<div id=\"videocontainer\" class=\"shadow full-width-mobile\">\n  <video preload=\"true\" autoplay loop muted style=\"width: 100%; height: auto;\" title=\"Traducciones de instrucciones de productos StepAlong con IA\" poster=\"https:\/\/ik.imagekit.io\/ex3zncdov\/translations-cover.png?updatedAt=1713523064235\">\n    <source src=\"https:\/\/ik.imagekit.io\/ex3zncdov\/Translations.mp4?updatedAt=1713521826135\" type=\"video\/mp4\">\n  <\/video>\n<\/div>\n<\/div>\n<\/div>\n\n\n\n<div style=\"height:var(--wp--preset--spacing--80)\" aria-hidden=\"true\" class=\"wp-block-spacer\"><\/div>\n\n\n\n<div class=\"wp-block-media-text is-stacked-on-mobile shadow\"><figure class=\"wp-block-media-text__media\"><img loading=\"lazy\" decoding=\"async\" width=\"1024\" height=\"847\" src=\"https:\/\/www.stepalong.com\/wp-content\/uploads\/2024\/10\/update-product-instructions-1024x847.jpg\" alt=\"Corrija y mejore las instrucciones de sus productos.\" class=\"wp-image-5687 size-full\" srcset=\"https:\/\/www.stepalong.com\/wp-content\/uploads\/2024\/10\/update-product-instructions-1024x847.jpg 1024w, https:\/\/www.stepalong.com\/wp-content\/uploads\/2024\/10\/update-product-instructions-300x248.jpg 300w, https:\/\/www.stepalong.com\/wp-content\/uploads\/2024\/10\/update-product-instructions-768x635.jpg 768w, https:\/\/www.stepalong.com\/wp-content\/uploads\/2024\/10\/update-product-instructions-1536x1271.jpg 1536w, https:\/\/www.stepalong.com\/wp-content\/uploads\/2024\/10\/update-product-instructions-15x12.jpg 15w, https:\/\/www.stepalong.com\/wp-content\/uploads\/2024\/10\/update-product-instructions.jpg 2048w\" sizes=\"auto, (max-width: 1024px) 100vw, 1024px\" \/><\/figure><div class=\"wp-block-media-text__content\">\n<h2 class=\"wp-block-heading\">Corrige, mejora y a\u00f1ade hasta la saciedad<\/h2>\n\n\n\n<p>Ya se trate de corregir un error en el paso 5 de las instrucciones en italiano, establecer el enlace a un nuevo producto o a\u00f1adir un nuevo idioma para entrar en un nuevo mercado, StepAlong te cubre. En cuanto guardes los cambios, tanto las instrucciones en l\u00ednea como el PDF descargable se actualizar\u00e1n al instante.<\/p>\n<\/div><\/div>\n\n\n\n<div style=\"height:var(--wp--preset--spacing--80)\" aria-hidden=\"true\" class=\"wp-block-spacer\"><\/div>\n\n\n\n<div class=\"wp-block-cover\" style=\"border-radius:16px;min-height:360px;aspect-ratio:unset;\"><span aria-hidden=\"true\" class=\"wp-block-cover__background has-raft-fg-background-color has-background-dim-60 has-background-dim\"><\/span><img loading=\"lazy\" decoding=\"async\" width=\"1250\" height=\"768\" class=\"wp-block-cover__image-background wp-image-6744\" alt=\"monster-group-warehouse\" src=\"https:\/\/www.stepalong.com\/wp-content\/uploads\/2025\/02\/monster-group-warehouse.webp\" style=\"object-position:52% 68%\" data-object-fit=\"cover\" data-object-position=\"52% 68%\" srcset=\"https:\/\/www.stepalong.com\/wp-content\/uploads\/2025\/02\/monster-group-warehouse.webp 1250w, https:\/\/www.stepalong.com\/wp-content\/uploads\/2025\/02\/monster-group-warehouse-300x184.webp 300w, https:\/\/www.stepalong.com\/wp-content\/uploads\/2025\/02\/monster-group-warehouse-1024x629.webp 1024w, https:\/\/www.stepalong.com\/wp-content\/uploads\/2025\/02\/monster-group-warehouse-768x472.webp 768w, https:\/\/www.stepalong.com\/wp-content\/uploads\/2025\/02\/monster-group-warehouse-18x12.webp 18w\" sizes=\"auto, (max-width: 1250px) 100vw, 1250px\" \/><div class=\"wp-block-cover__inner-container is-layout-constrained wp-block-cover-is-layout-constrained\">\n<div class=\"wp-block-columns is-layout-flex wp-container-core-columns-is-layout-4f8469d8 wp-block-columns-is-layout-flex\" style=\"padding-top:var(--wp--preset--spacing--60);padding-right:var(--wp--preset--spacing--60);padding-bottom:var(--wp--preset--spacing--60);padding-left:var(--wp--preset--spacing--60)\">\n<div class=\"wp-block-column is-vertically-aligned-center is-layout-flow wp-block-column-is-layout-flow\" style=\"flex-basis:33.33%\">\n<figure class=\"wp-block-image size-full\"><img loading=\"lazy\" decoding=\"async\" width=\"1191\" height=\"1191\" src=\"https:\/\/www.stepalong.com\/wp-content\/uploads\/2025\/02\/monster-group-logo.png\" alt=\"Logotipo de Monster Group\" class=\"wp-image-6743\" srcset=\"https:\/\/www.stepalong.com\/wp-content\/uploads\/2025\/02\/monster-group-logo.png 1191w, https:\/\/www.stepalong.com\/wp-content\/uploads\/2025\/02\/monster-group-logo-300x300.png 300w, https:\/\/www.stepalong.com\/wp-content\/uploads\/2025\/02\/monster-group-logo-1024x1024.png 1024w, https:\/\/www.stepalong.com\/wp-content\/uploads\/2025\/02\/monster-group-logo-150x150.png 150w, https:\/\/www.stepalong.com\/wp-content\/uploads\/2025\/02\/monster-group-logo-768x768.png 768w, https:\/\/www.stepalong.com\/wp-content\/uploads\/2025\/02\/monster-group-logo-12x12.png 12w\" sizes=\"auto, (max-width: 1191px) 100vw, 1191px\" \/><\/figure>\n<\/div>\n\n\n\n<div class=\"wp-block-column is-layout-flow wp-block-column-is-layout-flow\" style=\"flex-basis:66.66%\">\n<p class=\"has-raft-bg-alt-color has-text-color has-link-color wp-elements-8ee8c625d6ef67cb76692b68e5d1a888\"><a href=\"https:\/\/www.stepalong.com\/es\/clientes-grupo-monster\/\" data-type=\"page\" data-id=\"6634\">Monster Group y StepAlong<\/a><\/p>\n\n\n\n<p class=\"has-medium-font-size\"><strong>Con StepAlong, Monster Group agiliz\u00f3 la gesti\u00f3n de las instrucciones, redujo costes y ampli\u00f3 sus mercados, al tiempo que garantizaba una orientaci\u00f3n clara y actualizada al cliente.<\/strong><\/p>\n\n\n\n<div class=\"wp-block-buttons is-layout-flex wp-block-buttons-is-layout-flex\">\n<div class=\"wp-block-button is-style-outline is-style-outline--2\"><a class=\"wp-block-button__link wp-element-button\" href=\"https:\/\/www.stepalong.com\/es\/clientes-grupo-monster\/\">Ver caso pr\u00e1ctico<\/a><\/div>\n<\/div>\n<\/div>\n<\/div>\n<\/div><\/div>\n\n\n\n<div style=\"height:var(--wp--preset--spacing--80)\" aria-hidden=\"true\" class=\"wp-block-spacer\"><\/div>\n\n\n\n<div class=\"wp-block-columns is-layout-flex wp-container-core-columns-is-layout-14cf5ab5 wp-block-columns-is-layout-flex\">\n<div class=\"wp-block-column is-layout-flow wp-block-column-is-layout-flow\">\n<div class=\"wp-block-group feature is-layout-constrained wp-block-group-is-layout-constrained\">\n<div class=\"wp-block-columns is-layout-flex wp-container-core-columns-is-layout-cbe57604 wp-block-columns-is-layout-flex\">\n<div class=\"wp-block-column is-layout-flow wp-block-column-is-layout-flow\">\n<figure class=\"wp-block-image size-large rounded\"><img loading=\"lazy\" decoding=\"async\" width=\"1024\" height=\"1024\" src=\"https:\/\/www.stepalong.com\/wp-content\/uploads\/2025\/08\/stepalong-roi-calculator-1024x1024.webp\" alt=\"Calculadora de ROI de StepAlong\" class=\"wp-image-8026\" srcset=\"https:\/\/www.stepalong.com\/wp-content\/uploads\/2025\/08\/stepalong-roi-calculator-1024x1024.webp 1024w, https:\/\/www.stepalong.com\/wp-content\/uploads\/2025\/08\/stepalong-roi-calculator-300x300.webp 300w, https:\/\/www.stepalong.com\/wp-content\/uploads\/2025\/08\/stepalong-roi-calculator-150x150.webp 150w, https:\/\/www.stepalong.com\/wp-content\/uploads\/2025\/08\/stepalong-roi-calculator-768x768.webp 768w, https:\/\/www.stepalong.com\/wp-content\/uploads\/2025\/08\/stepalong-roi-calculator-12x12.webp 12w, https:\/\/www.stepalong.com\/wp-content\/uploads\/2025\/08\/stepalong-roi-calculator.webp 1420w\" sizes=\"auto, (max-width: 1024px) 100vw, 1024px\" \/><\/figure>\n<\/div>\n\n\n\n<div class=\"wp-block-column is-layout-flow wp-block-column-is-layout-flow\">\n<h3 class=\"wp-block-heading\">Calcula tus posibles ahorros<\/h3>\n\n\n\n<p>Descubre cu\u00e1nto puede ahorrar tu empresa al cambiar a la plataforma de instrucciones digitales con IA de StepAlong.<\/p>\n\n\n\n<div style=\"height:0px\" aria-hidden=\"true\" class=\"wp-block-spacer\"><\/div>\n<\/div>\n<\/div>\n\n\n\n<div style=\"height:1em\" aria-hidden=\"true\" class=\"wp-block-spacer\"><\/div>\n\n\n\n<div class=\"wp-block-buttons is-content-justification-center is-layout-flex wp-container-core-buttons-is-layout-a89b3969 wp-block-buttons-is-layout-flex\">\n<div class=\"wp-block-button is-style-outline is-style-outline--3\"><a class=\"wp-block-button__link has-custom-purple-color has-text-color has-link-color has-border-color has-custom-purple-border-color wp-element-button\" href=\"https:\/\/www.stepalong.com\/es\/calculadora-roi\/\">Calcule su ahorro<\/a><\/div>\n<\/div>\n<\/div>\n<\/div>\n\n\n\n<div class=\"wp-block-column is-vertically-aligned-center is-layout-flow wp-block-column-is-layout-flow\">\n<p>En StepAlong, nos hemos centrado en lo que necesitan los clientes para disfrutar de una gran experiencia de instrucciones sobre productos:<\/p>\n\n\n\n<ul class=\"wp-block-list\">\n<li><strong>Mobile-first<\/strong><br>No es necesario descargar la aplicaci\u00f3n, basta con abrirla y seguirla<\/li>\n\n\n\n<li><strong>Claridad paso a paso<\/strong><br>Una estructura l\u00f3gica, paso a paso, para mayor claridad<\/li>\n\n\n\n<li><strong>Formatos flexibles<\/strong><br>PDF descargables para quienes los prefieran<\/li>\n\n\n\n<li><strong>F\u00e1cil acceso<\/strong><br>Accesible a trav\u00e9s de Google, ChatGPT y otros motores de b\u00fasqueda<\/li>\n\n\n\n<li><strong>Soporte multiling\u00fce<\/strong><br>Instrucciones en el idioma de sus clientes<\/li>\n<\/ul>\n\n\n\n<div style=\"height:1em\" aria-hidden=\"true\" class=\"wp-block-spacer\"><\/div>\n\n\n\n<div class=\"wp-block-buttons is-content-justification-center is-layout-flex wp-container-core-buttons-is-layout-a89b3969 wp-block-buttons-is-layout-flex\">\n<div class=\"wp-block-button is-style-fill\"><a class=\"wp-block-button__link has-raft-fg-alt-color has-custom-purple-background-color has-text-color has-background has-link-color has-text-align-center wp-element-button\" href=\"https:\/\/www.stepalong.com\/es\/reserve-una-demostracion\/\">Solicita una Demo<\/a><\/div>\n<\/div>\n<\/div>\n<\/div>","protected":false},"excerpt":{"rendered":"<p>Cumpla su promesa de marca con mejores instrucciones StepAlong le ayuda a afrontar el reto de reescribir las instrucciones de los productos de los fabricantes. StepAlong simplifica la creaci\u00f3n, traducci\u00f3n y gesti\u00f3n de las instrucciones de los productos. Sus instrucciones, su marca, su dominio Proporcione todas las instrucciones de sus productos en un Centro de Instrucciones con su marca, alojado en su subdominio personalizado. Cada instrucci\u00f3n puede protegerse con [...]<\/p>","protected":false},"author":1,"featured_media":0,"parent":0,"menu_order":0,"comment_status":"closed","ping_status":"closed","template":"wp-custom-template-landing-page-b","meta":{"content-type":"","_uag_custom_page_level_css":"","footnotes":""},"class_list":["post-5677","page","type-page","status-publish","hentry"],"aioseo_notices":[],"mb":[],"uagb_featured_image_src":{"full":false,"thumbnail":false,"medium":false,"medium_large":false,"large":false,"1536x1536":false,"2048x2048":false,"trp-custom-language-flag":false},"uagb_author_info":{"display_name":"Sergi S\u00e1nchez Mancha","author_link":"https:\/\/www.stepalong.com\/es\/author\/sergiostepalong-com\/"},"uagb_comment_info":0,"uagb_excerpt":"Deliver your brand promise with better instructions StepAlong helps you meet the challenge of rewriting manufacturers&#8217; product instructions. StepAlong simplifies the creation, translation, and management of product instructions. Your instructions, your brand, your domain Provide all your product instructions in a branded Instruction Center, hosted on your custom subdomain. Each instruction can be secured with&hellip;","mfb_rest_fields":["title","aioseo_notices","uagb_featured_image_src","uagb_author_info","uagb_comment_info","uagb_excerpt"],"_links":{"self":[{"href":"https:\/\/www.stepalong.com\/es\/wp-json\/wp\/v2\/pages\/5677","targetHints":{"allow":["GET"]}}],"collection":[{"href":"https:\/\/www.stepalong.com\/es\/wp-json\/wp\/v2\/pages"}],"about":[{"href":"https:\/\/www.stepalong.com\/es\/wp-json\/wp\/v2\/types\/page"}],"author":[{"embeddable":true,"href":"https:\/\/www.stepalong.com\/es\/wp-json\/wp\/v2\/users\/1"}],"replies":[{"embeddable":true,"href":"https:\/\/www.stepalong.com\/es\/wp-json\/wp\/v2\/comments?post=5677"}],"version-history":[{"count":14,"href":"https:\/\/www.stepalong.com\/es\/wp-json\/wp\/v2\/pages\/5677\/revisions"}],"predecessor-version":[{"id":8012,"href":"https:\/\/www.stepalong.com\/es\/wp-json\/wp\/v2\/pages\/5677\/revisions\/8012"}],"wp:attachment":[{"href":"https:\/\/www.stepalong.com\/es\/wp-json\/wp\/v2\/media?parent=5677"}],"curies":[{"name":"wp","href":"https:\/\/api.w.org\/{rel}","templated":true}]}}