{"id":5013,"date":"2024-07-17T17:02:49","date_gmt":"2024-07-17T15:02:49","guid":{"rendered":"https:\/\/www.stepalong.com\/?page_id=5013"},"modified":"2024-07-24T11:02:53","modified_gmt":"2024-07-24T09:02:53","slug":"industrias","status":"publish","type":"page","link":"https:\/\/www.stepalong.com\/es\/industrias\/","title":{"rendered":"Industrias"},"content":{"rendered":"<p>Con StepAlong, las empresas proporcionan instrucciones de producto detalladas y f\u00e1ciles de usar que <strong>mejoran la satisfacci\u00f3n del cliente, reducen los costes de asistencia y refuerzan la fidelidad a la marca<\/strong>.<\/p>\n\n\n\n<p>A continuaci\u00f3n algunos ejemplos de c\u00f3mo funciona StepAlong en los sectores de <a href=\"#arts-craft\" title=\"Arte y artesan\u00eda\">Manualidades y Artesan\u00eda<\/a>, <a href=\"#sewing-knitting-crochet\" title=\"\">Costura, punto y ganchillo<\/a>, <a href=\"#gardening\" title=\"Jardiner\u00eda\">Jardiner\u00eda<\/a>, <a href=\"#cosmetics\" title=\"\">Cosm\u00e9ticos<\/a> y <a href=\"#pharma\" title=\"\">Farmacia<\/a> .<\/p>\n\n\n\n<div style=\"height:4em\" aria-hidden=\"true\" class=\"wp-block-spacer\"><\/div>\n\n\n\n<div id=\"arts-craft\" class=\"wp-block-group feature is-layout-constrained wp-block-group-is-layout-constrained\">\n<h2 class=\"wp-block-heading\"><strong>Manualidades y Artesan\u00eda<\/strong><\/h2>\n\n\n\n<ul class=\"wp-block-list\">\n<li><strong>Capacite a sus clientes<\/strong> para dar rienda suelta a su creatividad con gu\u00edas claras paso a paso e ideas de proyectos creativos, motiv\u00e1ndoles a iniciar nuevos proyectos con confianza.<\/li>\n\n\n\n<li><strong>Atiende mejor a los mercados internacionales<\/strong> con nuestras traducciones basadas en IA, reduciendo las preguntas y problemas de los clientes.<\/li>\n\n\n\n<li><strong>Revitalice sus contenidos pr\u00e1cticos<\/strong>onvertir v\u00eddeos de YouTube y PDF en el formato StepAlong que puede publicarse f\u00e1cilmente en toda la web, traducirse en minutos y convertirse en un PDF.<\/li>\n<\/ul>\n\n\n\n<div style=\"height:2em\" aria-hidden=\"true\" class=\"wp-block-spacer\"><\/div>\n\n\n\n<div style=\"overflow:hidden; padding:0; position:relative; display:flex; justify-content:center; border-radius:8px; border:1px solid #00000015; width:100%; box-sizing:border-box; max-width:100%;\"><iframe style=\"min-height:400px; width:100%; aspect-ratio:16\/9;\" src=\"https:\/\/player.stepalong.com\/player\/en\/6659cca2d57e74a703a605e0?view=swipe\" title=\"C\u00f3mo pintar un paisaje con textura al \u00f3leo\" frameborder=\"0\" allow=\"accelerometer; autoplay; encrypted-media; gyroscope; picture-in-picture\" loading=\"eager\" allowfullscreen=\"\"><\/iframe><\/div>\n\n\n\n<div style=\"height:2em\" aria-hidden=\"true\" class=\"wp-block-spacer\"><\/div>\n\n\n\n<div class=\"wp-block-buttons is-content-justification-right is-layout-flex wp-container-core-buttons-is-layout-d445cf74 wp-block-buttons-is-layout-flex\">\n<div class=\"wp-block-button is-style-outline is-style-outline--1\"><a class=\"wp-block-button__link has-custom-purple-color has-text-color has-link-color wp-element-button\" href=\"https:\/\/crafts.stepalong.com\/\" target=\"_blank\" rel=\"noreferrer noopener\">M\u00e1s ejemplos de Arte y Artesan\u00eda<\/a><\/div>\n\n\n\n<div class=\"wp-block-button is-style-fill\"><a class=\"wp-block-button__link wp-element-button\" href=\"#demo\">Solicita una Demo<\/a><\/div>\n<\/div>\n<\/div>\n\n\n\n<div style=\"height:4em\" aria-hidden=\"true\" class=\"wp-block-spacer\"><\/div>\n\n\n\n<div id=\"sewing-knitting-crochet\" class=\"wp-block-group feature-white is-layout-constrained wp-block-group-is-layout-constrained\">\n<h2 class=\"wp-block-heading\"><strong>Costura, punto y ganchillo<\/strong><\/h2>\n\n\n\n<ul class=\"wp-block-list\">\n<li class=\"translation-block\">Cree una <strong>mejor experiencia del cliente<\/strong> con gu\u00edas claras y precisas, interactivas y optimizadas para m\u00f3viles, que ayuden a sus clientes a dominar sus proyectos.<\/li>\n\n\n\n<li><strong>Atiende mejor a los mercados internacionales<\/strong> con nuestras traducciones asistidas por IA y la facilidad de publicaci\u00f3n, garantizando que los clientes puedan entender perfectamente sus instrucciones y llegando a un p\u00fablico m\u00e1s amplio.<\/li>\n\n\n\n<li><strong>Reduce la dependencia de los PDF<\/strong> utilizando nuestra gesti\u00f3n de QR integrada, sin dejar de ofrecer a los usuarios finales la opci\u00f3n de descargar un PDF claro y legible si as\u00ed lo desean.<\/li>\n<\/ul>\n\n\n\n<div style=\"height:2em\" aria-hidden=\"true\" class=\"wp-block-spacer\"><\/div>\n\n\n\n<div style=\"overflow:hidden; padding:0; position:relative; display:flex; justify-content:center; border-radius:8px; border:1px solid #00000015; width:100%; box-sizing:border-box; max-width:100%;\"><iframe style=\"min-height:450px; width:100%; aspect-ratio:16\/9;\" src=\"https:\/\/player.stepalong.com\/player\/en\/6644c86ee2e036fbfd80acbc?view=swipe\" title=\"Patrones de ganchillo: Anton el ganso de Navidad\" frameborder=\"0\" allow=\"accelerometer; autoplay; encrypted-media; gyroscope; picture-in-picture\" loading=\"eager\" allowfullscreen=\"\"><\/iframe><\/div>\n\n\n\n<div style=\"height:2em\" aria-hidden=\"true\" class=\"wp-block-spacer\"><\/div>\n\n\n\n<div class=\"wp-block-buttons is-content-justification-right is-layout-flex wp-container-core-buttons-is-layout-d445cf74 wp-block-buttons-is-layout-flex\">\n<div class=\"wp-block-button is-style-outline is-style-outline--2\"><a class=\"wp-block-button__link has-custom-purple-color has-text-color has-link-color wp-element-button\" href=\"https:\/\/sew-knit-crochet.stepalong.com\/\">M\u00e1s ejemplos de costura, punto y ganchillo<\/a><\/div>\n\n\n\n<div class=\"wp-block-button is-style-fill\"><a class=\"wp-block-button__link wp-element-button\" href=\"#demo\">Solicita una Demo<\/a><\/div>\n<\/div>\n<\/div>\n\n\n\n<div style=\"height:4em\" aria-hidden=\"true\" class=\"wp-block-spacer\"><\/div>\n\n\n\n<div id=\"gardening\" class=\"wp-block-group feature is-layout-constrained wp-block-group-is-layout-constrained\">\n<h2 class=\"wp-block-heading\"><strong>Jardiner\u00eda<\/strong><\/h2>\n\n\n\n<ul class=\"wp-block-list\">\n<li class=\"translation-block\">Cree una <strong>mejor experiencia del cliente<\/strong> con nuestras Instrucciones interactivas optimizadas para m\u00f3viles que los usuarios finales pueden utilizar, literalmente, en el campo (o en el jard\u00edn, o en la shed....)<\/li>\n\n\n\n<li><strong>Convierte visitantes en clientes<\/strong> a\u00f1adiendo las instrucciones completas del producto en sus p\u00e1ginas de producto para informar y dar confianza a los posibles clientes.<\/li>\n\n\n\n<li><strong>Reduce la dependencia de los PDF<\/strong> compre utilizando nuestra gesti\u00f3n de QR integrada (o utilice sus c\u00f3digos QR existentes) pero siga ofreciendo a los usuarios finales la opci\u00f3n de descargar un PDF claro y legible si lo desean.<\/li>\n\n\n\n<li><strong>Reduzca costes<\/strong> unificando la creaci\u00f3n, publicaci\u00f3n y gesti\u00f3n de su flujo de trabajo instructivo en una herramienta en la que creadores, distribuidores y socios pueden reunirse para hacer m\u00e1s eficiente la creaci\u00f3n de instrucciones.<\/li>\n<\/ul>\n\n\n\n<div style=\"height:2em\" aria-hidden=\"true\" class=\"wp-block-spacer\"><\/div>\n\n\n\n<div style=\"overflow:hidden; padding:0; position:relative; display:flex; justify-content:center; border-radius:8px; border:1px solid #00000015; width:100%; box-sizing:border-box; max-width:100%;\"><iframe style=\"min-height:400px; width:100%; aspect-ratio:16\/9;\" src=\"https:\/\/player.stepalong.com\/player\/en\/6638cf6081406337d80b7221?view=swipe\" title=\"Decoraci\u00f3n y Jard\u00edn: Haya\" frameborder=\"0\" allow=\"accelerometer; autoplay; encrypted-media; gyroscope; picture-in-picture\" loading=\"eager\" allowfullscreen=\"\"><\/iframe><\/div>\n\n\n\n<div style=\"height:2em\" aria-hidden=\"true\" class=\"wp-block-spacer\"><\/div>\n\n\n\n<div class=\"wp-block-buttons is-content-justification-right is-layout-flex wp-container-core-buttons-is-layout-d445cf74 wp-block-buttons-is-layout-flex\">\n<div class=\"wp-block-button is-style-outline is-style-outline--3\"><a class=\"wp-block-button__link has-custom-purple-color has-text-color has-link-color wp-element-button\" href=\"https:\/\/gardening.stepalong.com\/\" target=\"_blank\" rel=\"noreferrer noopener\">M\u00e1s ejemplos de jardiner\u00eda<\/a><\/div>\n\n\n\n<div class=\"wp-block-button is-style-fill\"><a class=\"wp-block-button__link wp-element-button\" href=\"#demo\">Solicita una Demo<\/a><\/div>\n<\/div>\n<\/div>\n\n\n\n<div style=\"height:4em\" aria-hidden=\"true\" class=\"wp-block-spacer\"><\/div>\n\n\n\n<div id=\"cosmetics\" class=\"wp-block-group feature-white is-layout-constrained wp-block-group-is-layout-constrained\">\n<h2 class=\"wp-block-heading\"><strong>Cosm\u00e9ticos<\/strong><\/h2>\n\n\n\n<ul class=\"wp-block-list\">\n<li><strong>Reduzca las devoluciones de productos<\/strong> mostrando a sus clientes c\u00f3mo pueden obtener los mejores resultados de sus productos de belleza con gu\u00edas detalladas de aplicaci\u00f3n y cuidado<\/li>\n\n\n\n<li>Cree una <strong>mejor experiencia del cliente<\/strong> con instrucciones interactivas optimizadas para dispositivos m\u00f3viles que mejoran y complementan sus actuales tutoriales en v\u00eddeo.<\/li>\n\n\n\n<li class=\"translation-block\"><strong>Sirva eficazmente a los mercados internacionales<\/strong> con nuestras traducciones asistidas por inteligencia artificial, para que sus gu\u00edas sean accesibles a un p\u00fablico mundial.<\/li>\n<\/ul>\n\n\n\n<div style=\"height:2em\" aria-hidden=\"true\" class=\"wp-block-spacer\"><\/div>\n\n\n\n<div style=\"overflow:hidden; padding:0; position:relative; display:flex; justify-content:center; border-radius:8px; border:1px solid #00000015; width:100%; box-sizing:border-box; max-width:100%;\"><iframe style=\"min-height:400px; width:100%; aspect-ratio:16\/9;\" src=\"https:\/\/player.stepalong.com\/player\/en\/64a7d6eee3f41c6dffea135f?view=swipe\" title=\"Maquillaje natural y luminoso\" frameborder=\"0\" allow=\"accelerometer; autoplay; encrypted-media; gyroscope; picture-in-picture\" loading=\"eager\" allowfullscreen=\"\"><\/iframe><\/div>\n\n\n\n<div style=\"height:2em\" aria-hidden=\"true\" class=\"wp-block-spacer\"><\/div>\n\n\n\n<div class=\"wp-block-buttons is-content-justification-right is-layout-flex wp-container-core-buttons-is-layout-d445cf74 wp-block-buttons-is-layout-flex\">\n<div class=\"wp-block-button is-style-outline is-style-outline--4\"><a class=\"wp-block-button__link has-custom-purple-color has-text-color has-link-color wp-element-button\" href=\"https:\/\/cosmetics.stepalong.com\/\" target=\"_blank\" rel=\"noreferrer noopener\">M\u00e1s ejemplos de cosm\u00e9ticos<\/a><\/div>\n\n\n\n<div class=\"wp-block-button is-style-fill\"><a class=\"wp-block-button__link wp-element-button\" href=\"#demo\">Solicita una Demo<\/a><\/div>\n<\/div>\n<\/div>\n\n\n\n<div style=\"height:4em\" aria-hidden=\"true\" class=\"wp-block-spacer\"><\/div>\n\n\n\n<div id=\"pharma\" class=\"wp-block-group feature is-layout-constrained wp-block-group-is-layout-constrained\">\n<h2 class=\"wp-block-heading\"><strong>Farmacia<\/strong><\/h2>\n\n\n\n<ul class=\"wp-block-list\">\n<li><strong>Complemente sus tutoriales en v\u00eddeo<\/strong> para mejorar la confianza de los clientes ofreciendo gu\u00edas de uso paso a paso con instrucciones interactivas optimizadas para m\u00f3viles que mejoran el cumplimiento del paciente y la confianza en su marca.<\/li>\n\n\n\n<li>Garantice un uso seguro de sus productos y mejore la adherencia de los pacientes proporcionando instrucciones detalladas y pasos para gestionar las reacciones adversas, al tiempo que <strong>reduzca la dependencia de los PDF con la gesti\u00f3n integrada de QR<\/strong>.<\/li>\n\n\n\n<li><strong>Reduzca costes<\/strong> unificando la creaci\u00f3n, publicaci\u00f3n y gesti\u00f3n de su flujo de trabajo instructivo en una herramienta eficaz.<\/li>\n\n\n\n<li><strong>Gestionar mejor el mercado internacional<\/strong> gestionando eficazmente las traducciones y actualizaciones en una plataforma unificada en la que creadores, distribuidores y socios pueden colaborar sin problemas.<\/li>\n<\/ul>\n\n\n\n<div style=\"height:2em\" aria-hidden=\"true\" class=\"wp-block-spacer\"><\/div>\n\n\n\n<div style=\"overflow:hidden; padding:0; position:relative; display:flex; justify-content:center; border-radius:8px; border:1px solid #00000015; width:100%; box-sizing:border-box; max-width:100%;\"><iframe style=\"min-height:400px; width:100%; aspect-ratio:16\/9;\" src=\"https:\/\/player.stepalong.com\/player\/en\/664c8a00fc058d0f55467bd0?view=swipe\" title=\"VEET HOW TO | Depilaci\u00f3n de brazos, piernas y zonas dif\u00edciles\" frameborder=\"0\" allow=\"accelerometer; autoplay; encrypted-media; gyroscope; picture-in-picture\" loading=\"eager\" allowfullscreen=\"\"><\/iframe><\/div>\n\n\n\n<div style=\"height:2em\" aria-hidden=\"true\" class=\"wp-block-spacer\"><\/div>\n\n\n\n<div class=\"wp-block-buttons is-content-justification-right is-layout-flex wp-container-core-buttons-is-layout-d445cf74 wp-block-buttons-is-layout-flex\">\n<div class=\"wp-block-button is-style-outline is-style-outline--5\"><a class=\"wp-block-button__link has-custom-purple-color has-text-color has-link-color wp-element-button\" href=\"https:\/\/pharma.stepalong.com\/\" target=\"_blank\" rel=\"noreferrer noopener\">M\u00e1s ejemplos farmac\u00e9uticos<\/a><\/div>\n\n\n\n<div class=\"wp-block-button is-style-fill\"><a class=\"wp-block-button__link wp-element-button\" href=\"#demo\">Solicita una Demo<\/a><\/div>\n<\/div>\n<\/div>\n\n\n\n<div style=\"height:4em\" aria-hidden=\"true\" class=\"wp-block-spacer\"><\/div>\n\n\n\n<h2 class=\"wp-block-heading\" id=\"demo\">Reserva una demo<\/h2>\n\n\n\n<p>Ponte en contacto con el equipo de StepAlong y obt\u00e9n respuestas a cualquier pregunta que puedas tener.<\/p>\n\n\n\n<div style=\"height:36px\" aria-hidden=\"true\" class=\"wp-block-spacer\"><\/div>\n\n\n\n<div class=\"wp-block-columns is-layout-flex wp-container-core-columns-is-layout-28f84493 wp-block-columns-is-layout-flex\">\n<div class=\"wp-block-column is-layout-flow wp-block-column-is-layout-flow\" style=\"flex-basis:25%\"><\/div>\n\n\n\n<div class=\"wp-block-column is-layout-flow wp-block-column-is-layout-flow\" style=\"flex-basis:50%\">\n<script>\n    (function(d, s, id) {\n      var js, hjs = d.getElementsByTagName(s)[0];\n      if (d.getElementById(id)) return;\n      js = d.createElement(s);\n      js.id = id;\n      js.src = \"\/\/js-eu1.hsforms.net\/forms\/embed\/v2.js\";\n      hjs.parentNode.insertBefore(js, hjs);\n    }(document, \"script\", \"hubspot-js\"));\n\n    \/\/ Despu\u00e9s de cargar el script, inicializar el formulario\n    function initializeHubSpotForm() {\n      hbspt.forms.create({\n        region: \"eu1\",\n        portalId: \"26183334\",\n        formId: \"d413d723-76b6-4401-8593-7b000dd5d187\"\n      });\n    }\n    \/\/ Llamar a la funci\u00f3n de inicializaci\u00f3n despu\u00e9s de cargar el DOM\n    document.addEventListener(\"DOMContentLoaded\", initializeHubSpotForm);\n  <\/script>\n<\/div>\n\n\n\n<div class=\"wp-block-column is-layout-flow wp-block-column-is-layout-flow\" style=\"flex-basis:25%\"><\/div>\n<\/div>\n\n\n\n<div style=\"height:4em\" aria-hidden=\"true\" class=\"wp-block-spacer\"><\/div>","protected":false},"excerpt":{"rendered":"<p>Con StepAlong, las empresas ofrecen instrucciones de producto detalladas y f\u00e1ciles de usar que mejoran la satisfacci\u00f3n del cliente, reducen los costes de asistencia y refuerzan la fidelidad a la marca. A continuaci\u00f3n se muestran algunos ejemplos de c\u00f3mo funciona StepAlong en los sectores de Artes y Oficios, Costura, Punto y Ganchillo, Jardiner\u00eda, Cosm\u00e9tica y Farmacia. Artes y oficios Costura, punto y ganchillo Jardiner\u00eda Cosm\u00e9tica Farmacia Reserve una demostraci\u00f3n [...]<\/p>","protected":false},"author":1,"featured_media":0,"parent":0,"menu_order":0,"comment_status":"closed","ping_status":"closed","template":"wp-custom-template-landing-page","meta":{"content-type":"","_uag_custom_page_level_css":"","footnotes":""},"class_list":["post-5013","page","type-page","status-publish","hentry"],"aioseo_notices":[],"mb":[],"uagb_featured_image_src":{"full":false,"thumbnail":false,"medium":false,"medium_large":false,"large":false,"1536x1536":false,"2048x2048":false,"trp-custom-language-flag":false},"uagb_author_info":{"display_name":"Sergi S\u00e1nchez Mancha","author_link":"https:\/\/www.stepalong.com\/es\/author\/sergiostepalong-com\/"},"uagb_comment_info":0,"uagb_excerpt":"With StepAlong, companies provide detailed and user-friendly product instructions that improve customer satisfaction, reduce support costs and build a stronger brand loyalty. Below some examples of how StepAlong works at Arts &amp; Crafts, Sewing, Knitting and Crochet, Gardening, Cosmetics and Pharma industries. Arts &amp; Crafts Sewing, Knitting, and Crochet Gardening Cosmetics Pharma Book a demo&hellip;","mfb_rest_fields":["title","aioseo_notices","uagb_featured_image_src","uagb_author_info","uagb_comment_info","uagb_excerpt"],"_links":{"self":[{"href":"https:\/\/www.stepalong.com\/es\/wp-json\/wp\/v2\/pages\/5013","targetHints":{"allow":["GET"]}}],"collection":[{"href":"https:\/\/www.stepalong.com\/es\/wp-json\/wp\/v2\/pages"}],"about":[{"href":"https:\/\/www.stepalong.com\/es\/wp-json\/wp\/v2\/types\/page"}],"author":[{"embeddable":true,"href":"https:\/\/www.stepalong.com\/es\/wp-json\/wp\/v2\/users\/1"}],"replies":[{"embeddable":true,"href":"https:\/\/www.stepalong.com\/es\/wp-json\/wp\/v2\/comments?post=5013"}],"version-history":[{"count":49,"href":"https:\/\/www.stepalong.com\/es\/wp-json\/wp\/v2\/pages\/5013\/revisions"}],"predecessor-version":[{"id":5090,"href":"https:\/\/www.stepalong.com\/es\/wp-json\/wp\/v2\/pages\/5013\/revisions\/5090"}],"wp:attachment":[{"href":"https:\/\/www.stepalong.com\/es\/wp-json\/wp\/v2\/media?parent=5013"}],"curies":[{"name":"wp","href":"https:\/\/api.w.org\/{rel}","templated":true}]}}