{"id":4388,"date":"2024-04-16T16:17:09","date_gmt":"2024-04-16T14:17:09","guid":{"rendered":"https:\/\/www.stepalong.com\/?page_id=4388"},"modified":"2025-08-27T20:35:56","modified_gmt":"2025-08-27T18:35:56","slug":"traduccion-de-instrucciones-de-productos-ai","status":"publish","type":"page","link":"https:\/\/www.stepalong.com\/es\/traduccion-de-instrucciones-de-productos-ai\/","title":{"rendered":"Traducci\u00f3n de instrucciones de producto mediante IA"},"content":{"rendered":"<h2 class=\"wp-block-heading has-text-align-center\">Traduce tus instrucciones de producto con nuestra herramienta de traducci\u00f3n de IA sensible al contexto<\/h2>\n\n\n\n<p class=\"has-text-align-center has-medium-font-size\">Simplemente selecciona el idioma que desees y genera la traducci\u00f3n<\/p>\n\n\n\n<div class=\"wp-block-buttons is-content-justification-center is-layout-flex wp-container-core-buttons-is-layout-a89b3969 wp-block-buttons-is-layout-flex\">\n<div class=\"wp-block-button is-style-outline is-style-outline--1\"><a class=\"wp-block-button__link has-custom-purple-color has-raft-fg-alt-background-color has-text-color has-background has-link-color has-text-align-center wp-element-button\" href=\"https:\/\/www.stepalong.com\/es\/reserve-una-demostracion\/\">Solicita una Demo<\/a><\/div>\n<\/div>\n\n\n\n<div style=\"height:var(--wp--preset--spacing--80)\" aria-hidden=\"true\" class=\"wp-block-spacer\"><\/div>\n\n\n\n<div class=\"wp-block-cover alignwide has-custom-content-position is-position-top-left has-raft-fg-alt-color has-text-color has-link-color wp-elements-24416d0558b4cfbbc29724e6d9011dd3 wp-duotone-dark-grayscale\" style=\"border-style:none;border-width:0px;border-radius:8px;padding-top:3em;padding-right:3em;padding-left:3em\"><img loading=\"lazy\" decoding=\"async\" width=\"1260\" height=\"709\" class=\"wp-block-cover__image-background wp-image-4398\" alt=\"ai-traducciones\" src=\"https:\/\/www.stepalong.com\/wp-content\/uploads\/2024\/04\/ai-translations.webp\" style=\"object-position:0% 0%\" data-object-fit=\"cover\" data-object-position=\"0% 0%\" srcset=\"https:\/\/www.stepalong.com\/wp-content\/uploads\/2024\/04\/ai-translations.webp 1260w, https:\/\/www.stepalong.com\/wp-content\/uploads\/2024\/04\/ai-translations-300x169.webp 300w, https:\/\/www.stepalong.com\/wp-content\/uploads\/2024\/04\/ai-translations-1024x576.webp 1024w, https:\/\/www.stepalong.com\/wp-content\/uploads\/2024\/04\/ai-translations-768x432.webp 768w, https:\/\/www.stepalong.com\/wp-content\/uploads\/2024\/04\/ai-translations-18x10.webp 18w, https:\/\/www.stepalong.com\/wp-content\/uploads\/2024\/04\/ai-translations-150x84.webp 150w\" sizes=\"auto, (max-width: 1260px) 100vw, 1260px\" \/><span aria-hidden=\"true\" class=\"wp-block-cover__background has-custom-purple-background-color has-background-dim-80 has-background-dim\"><\/span><div class=\"wp-block-cover__inner-container is-layout-constrained wp-container-core-cover-is-layout-2b0e8a23 wp-block-cover-is-layout-constrained\">\n<h2 class=\"wp-block-heading has-text-align-left\">Mejores traducciones mediante IA<\/h2>\n\n\n\n<div class=\"wp-block-columns is-layout-flex wp-container-core-columns-is-layout-28f84493 wp-block-columns-is-layout-flex\">\n<div class=\"wp-block-column is-layout-flow wp-block-column-is-layout-flow\" style=\"flex-basis:50%\">\n<p class=\"translation-block\"><strong>Las traducciones de IA pueden entender el contexto de lo que se est\u00e1 traduciendo para obtener un resultado m\u00e1s natural y preciso<\/strong>, por lo que se necesita menos tiempo de los traductores para corregir y revisar.<\/p>\n<\/div>\n\n\n\n<div class=\"wp-block-column is-layout-flow wp-block-column-is-layout-flow\" style=\"flex-basis:33.33%\"><\/div>\n<\/div>\n<\/div><\/div>\n\n\n\n<div style=\"height:var(--wp--preset--spacing--80)\" aria-hidden=\"true\" class=\"wp-block-spacer\"><\/div>\n\n\n\n<div class=\"wp-block-media-text is-stacked-on-mobile shadow\" style=\"grid-template-columns:60% auto\"><figure class=\"wp-block-media-text__media\"><img loading=\"lazy\" decoding=\"async\" width=\"1024\" height=\"611\" src=\"https:\/\/www.stepalong.com\/wp-content\/uploads\/2024\/04\/specific-terminology-1024x611.png\" alt=\"terminolog\u00eda espec\u00edfica\" class=\"wp-image-4417 size-full\" srcset=\"https:\/\/www.stepalong.com\/wp-content\/uploads\/2024\/04\/specific-terminology-1024x611.png 1024w, https:\/\/www.stepalong.com\/wp-content\/uploads\/2024\/04\/specific-terminology-300x179.png 300w, https:\/\/www.stepalong.com\/wp-content\/uploads\/2024\/04\/specific-terminology-768x458.png 768w, https:\/\/www.stepalong.com\/wp-content\/uploads\/2024\/04\/specific-terminology-18x12.png 18w, https:\/\/www.stepalong.com\/wp-content\/uploads\/2024\/04\/specific-terminology-150x89.png 150w, https:\/\/www.stepalong.com\/wp-content\/uploads\/2024\/04\/specific-terminology.png 1536w\" sizes=\"auto, (max-width: 1024px) 100vw, 1024px\" \/><\/figure><div class=\"wp-block-media-text__content\">\n<h2 class=\"wp-block-heading\">Ajustado para instrucciones y tutoriales de producto<\/h2>\n\n\n\n<p>Los \"prompts\" de traducci\u00f3n est\u00e1n ajustados para instrucciones y tutoriales de productos, para hacer el lenguaje y la terminolog\u00eda lo m\u00e1s espec\u00edficos posible.<\/p>\n<\/div><\/div>\n\n\n\n<div style=\"height:var(--wp--preset--spacing--80)\" aria-hidden=\"true\" class=\"wp-block-spacer\"><\/div>\n\n\n\n<div class=\"wp-block-media-text has-media-on-the-right is-stacked-on-mobile shadow\" style=\"grid-template-columns:auto 60%\"><div class=\"wp-block-media-text__content\">\n<h2 class=\"wp-block-heading\">Interfaz r\u00e1pida y sencilla para traducir todo<\/h2>\n\n\n\n<p>Su proceso de traducci\u00f3n en una sola p\u00e1gina: Traducir &gt; Corregir y editar &gt; Publicar, en minutos.<\/p>\n\n\n\n<p>Textos introductorios, herramientas, materiales y pasos est\u00e1n todos incluidos en la traducci\u00f3n con un solo clic, manteniendo el formato original.<\/p>\n<\/div><figure class=\"wp-block-media-text__media\"><img loading=\"lazy\" decoding=\"async\" width=\"1024\" height=\"774\" src=\"https:\/\/www.stepalong.com\/wp-content\/uploads\/2024\/04\/translations-interface-1024x774.webp\" alt=\"traducciones-interfaz\" class=\"wp-image-4420 size-full\" srcset=\"https:\/\/www.stepalong.com\/wp-content\/uploads\/2024\/04\/translations-interface-1024x774.webp 1024w, https:\/\/www.stepalong.com\/wp-content\/uploads\/2024\/04\/translations-interface-300x227.webp 300w, https:\/\/www.stepalong.com\/wp-content\/uploads\/2024\/04\/translations-interface-768x580.webp 768w, https:\/\/www.stepalong.com\/wp-content\/uploads\/2024\/04\/translations-interface-16x12.webp 16w, https:\/\/www.stepalong.com\/wp-content\/uploads\/2024\/04\/translations-interface-150x113.webp 150w, https:\/\/www.stepalong.com\/wp-content\/uploads\/2024\/04\/translations-interface.webp 1350w\" sizes=\"auto, (max-width: 1024px) 100vw, 1024px\" \/><\/figure><\/div>\n\n\n\n<div style=\"height:var(--wp--preset--spacing--80)\" aria-hidden=\"true\" class=\"wp-block-spacer\"><\/div>\n\n\n\n<div class=\"wp-block-media-text is-stacked-on-mobile shadow\" style=\"grid-template-columns:60% auto\"><figure class=\"wp-block-media-text__media\"><img loading=\"lazy\" decoding=\"async\" width=\"1024\" height=\"709\" src=\"https:\/\/www.stepalong.com\/wp-content\/uploads\/2024\/04\/url-slugs-translations-1024x709.webp\" alt=\"Traducciones de URL\" class=\"wp-image-4414 size-full\" srcset=\"https:\/\/www.stepalong.com\/wp-content\/uploads\/2024\/04\/url-slugs-translations-1024x709.webp 1024w, https:\/\/www.stepalong.com\/wp-content\/uploads\/2024\/04\/url-slugs-translations-300x208.webp 300w, https:\/\/www.stepalong.com\/wp-content\/uploads\/2024\/04\/url-slugs-translations-768x532.webp 768w, https:\/\/www.stepalong.com\/wp-content\/uploads\/2024\/04\/url-slugs-translations-18x12.webp 18w, https:\/\/www.stepalong.com\/wp-content\/uploads\/2024\/04\/url-slugs-translations-150x104.webp 150w, https:\/\/www.stepalong.com\/wp-content\/uploads\/2024\/04\/url-slugs-translations.webp 1178w\" sizes=\"auto, (max-width: 1024px) 100vw, 1024px\" \/><\/figure><div class=\"wp-block-media-text__content\">\n<h2 class=\"wp-block-heading\">URL personalizadas por idioma<\/h2>\n\n\n\n<p>Tu SEO cubierto con URLs traducidas para cada idioma, que pueden personalizarse seg\u00fan sus necesidades.<\/p>\n<\/div><\/div>\n\n\n\n<div style=\"height:var(--wp--preset--spacing--80)\" aria-hidden=\"true\" class=\"wp-block-spacer\"><\/div>\n\n\n\n<div class=\"wp-block-cover alignwide has-custom-content-position is-position-top-left has-raft-fg-alt-color has-text-color has-link-color wp-elements-6560fc23e7066e17144be6fab55e7c17 wp-duotone-dark-grayscale\" style=\"border-style:none;border-width:0px;border-radius:8px;padding-top:3em;padding-right:3em;padding-left:3em\"><img loading=\"lazy\" decoding=\"async\" width=\"1260\" height=\"709\" class=\"wp-block-cover__image-background wp-image-4406\" alt=\"Lenguas en crecimiento\" src=\"https:\/\/www.stepalong.com\/wp-content\/uploads\/2024\/04\/growing-languages.webp\" style=\"object-position:50% 50%\" data-object-fit=\"cover\" data-object-position=\"50% 50%\" srcset=\"https:\/\/www.stepalong.com\/wp-content\/uploads\/2024\/04\/growing-languages.webp 1260w, https:\/\/www.stepalong.com\/wp-content\/uploads\/2024\/04\/growing-languages-300x169.webp 300w, https:\/\/www.stepalong.com\/wp-content\/uploads\/2024\/04\/growing-languages-1024x576.webp 1024w, https:\/\/www.stepalong.com\/wp-content\/uploads\/2024\/04\/growing-languages-768x432.webp 768w, https:\/\/www.stepalong.com\/wp-content\/uploads\/2024\/04\/growing-languages-18x10.webp 18w, https:\/\/www.stepalong.com\/wp-content\/uploads\/2024\/04\/growing-languages-150x84.webp 150w\" sizes=\"auto, (max-width: 1260px) 100vw, 1260px\" \/><span aria-hidden=\"true\" class=\"wp-block-cover__background has-custom-purple-background-color has-background-dim-80 has-background-dim\"><\/span><div class=\"wp-block-cover__inner-container is-layout-constrained wp-container-core-cover-is-layout-2b0e8a23 wp-block-cover-is-layout-constrained\">\n<h2 class=\"wp-block-heading has-text-align-left\">30 idiomas y creciendo<\/h2>\n\n\n\n<div class=\"wp-block-columns is-layout-flex wp-container-core-columns-is-layout-28f84493 wp-block-columns-is-layout-flex\">\n<div class=\"wp-block-column is-layout-flow wp-block-column-is-layout-flow\" style=\"flex-basis:66.66%\">\n<p>Con StepAlong puedes crear las instrucciones y tutoriales de tus productos en 30 idiomas y traducirlos a todos los dem\u00e1s, los cuales iremos ampliando. \u00bfNecesitas un idioma que no est\u00e9 en nuestra lista? H\u00e1znoslo  saber y estaremos encantados de a\u00f1adirlo.<\/p>\n\n\n\n<p>Puedes crear y traducir en:<\/p>\n\n\n\n<p><strong>Ingl\u00e9s, espa\u00f1ol, franc\u00e9s, alem\u00e1n, portugu\u00e9s, griego, italiano, neerland\u00e9s, polaco, sueco, dan\u00e9s, fin\u00e9s, h\u00fangaro, esloveno, b\u00falgaro, croata, checo, estonio, let\u00f3n, lituano, rumano, eslovaco, noruego, serbio, gallego, euskera, catal\u00e1n, japon\u00e9s, coreano y \u00e1rabe.<\/strong><\/p>\n\n\n\n<p><\/p>\n<\/div>\n\n\n\n<div class=\"wp-block-column is-layout-flow wp-block-column-is-layout-flow\" style=\"flex-basis:33.33%\"><\/div>\n<\/div>\n<\/div><\/div>\n\n\n\n<div style=\"height:var(--wp--preset--spacing--80)\" aria-hidden=\"true\" class=\"wp-block-spacer\"><\/div>\n\n\n\n<div class=\"wp-block-columns is-layout-flex wp-container-core-columns-is-layout-14cf5ab5 wp-block-columns-is-layout-flex\">\n<div class=\"wp-block-column is-layout-flow wp-block-column-is-layout-flow\">\n<div class=\"wp-block-group feature is-layout-constrained wp-block-group-is-layout-constrained\">\n<div class=\"wp-block-columns is-layout-flex wp-container-core-columns-is-layout-cbe57604 wp-block-columns-is-layout-flex\">\n<div class=\"wp-block-column is-layout-flow wp-block-column-is-layout-flow\">\n<figure class=\"wp-block-image size-large rounded\"><img loading=\"lazy\" decoding=\"async\" width=\"1024\" height=\"1024\" src=\"https:\/\/www.stepalong.com\/wp-content\/uploads\/2025\/08\/stepalong-roi-calculator-1024x1024.webp\" alt=\"Calculadora de ROI de StepAlong\" class=\"wp-image-8026\" srcset=\"https:\/\/www.stepalong.com\/wp-content\/uploads\/2025\/08\/stepalong-roi-calculator-1024x1024.webp 1024w, https:\/\/www.stepalong.com\/wp-content\/uploads\/2025\/08\/stepalong-roi-calculator-300x300.webp 300w, https:\/\/www.stepalong.com\/wp-content\/uploads\/2025\/08\/stepalong-roi-calculator-150x150.webp 150w, https:\/\/www.stepalong.com\/wp-content\/uploads\/2025\/08\/stepalong-roi-calculator-768x768.webp 768w, https:\/\/www.stepalong.com\/wp-content\/uploads\/2025\/08\/stepalong-roi-calculator-12x12.webp 12w, https:\/\/www.stepalong.com\/wp-content\/uploads\/2025\/08\/stepalong-roi-calculator.webp 1420w\" sizes=\"auto, (max-width: 1024px) 100vw, 1024px\" \/><\/figure>\n<\/div>\n\n\n\n<div class=\"wp-block-column is-layout-flow wp-block-column-is-layout-flow\">\n<h3 class=\"wp-block-heading\">Calcula tus posibles ahorros<\/h3>\n\n\n\n<p>Descubre cu\u00e1nto puede ahorrar tu empresa al cambiar a la plataforma de instrucciones digitales con IA de StepAlong.<\/p>\n\n\n\n<div style=\"height:0px\" aria-hidden=\"true\" class=\"wp-block-spacer\"><\/div>\n<\/div>\n<\/div>\n\n\n\n<div style=\"height:1em\" aria-hidden=\"true\" class=\"wp-block-spacer\"><\/div>\n\n\n\n<div class=\"wp-block-buttons is-content-justification-center is-layout-flex wp-container-core-buttons-is-layout-a89b3969 wp-block-buttons-is-layout-flex\">\n<div class=\"wp-block-button is-style-outline is-style-outline--2\"><a class=\"wp-block-button__link has-custom-purple-color has-text-color has-link-color has-border-color has-custom-purple-border-color wp-element-button\" href=\"https:\/\/www.stepalong.com\/es\/calculadora-roi\/\">Calcule su ahorro<\/a><\/div>\n<\/div>\n<\/div>\n<\/div>\n\n\n\n<div class=\"wp-block-column is-vertically-aligned-center is-layout-flow wp-block-column-is-layout-flow\">\n<p>En StepAlong, nos hemos centrado en lo que necesitan los clientes para disfrutar de una gran experiencia de instrucciones sobre productos:<\/p>\n\n\n\n<ul class=\"wp-block-list\">\n<li><strong>Mobile-first<\/strong><br>No es necesario descargar la aplicaci\u00f3n, basta con abrirla y seguirla<\/li>\n\n\n\n<li><strong>Claridad paso a paso<\/strong><br>Una estructura l\u00f3gica, paso a paso, para mayor claridad<\/li>\n\n\n\n<li><strong>Formatos flexibles<\/strong><br>PDF descargables para quienes los prefieran<\/li>\n\n\n\n<li><strong>F\u00e1cil acceso<\/strong><br>Accesible a trav\u00e9s de Google, ChatGPT y otros motores de b\u00fasqueda<\/li>\n\n\n\n<li><strong>Soporte multiling\u00fce<\/strong><br>Instrucciones en el idioma de sus clientes<\/li>\n<\/ul>\n\n\n\n<div style=\"height:1em\" aria-hidden=\"true\" class=\"wp-block-spacer\"><\/div>\n\n\n\n<div class=\"wp-block-buttons is-content-justification-center is-layout-flex wp-container-core-buttons-is-layout-a89b3969 wp-block-buttons-is-layout-flex\">\n<div class=\"wp-block-button is-style-fill\"><a class=\"wp-block-button__link has-raft-fg-alt-color has-custom-purple-background-color has-text-color has-background has-link-color has-text-align-center wp-element-button\" href=\"https:\/\/www.stepalong.com\/es\/reserve-una-demostracion\/\">Solicita una Demo<\/a><\/div>\n<\/div>\n<\/div>\n<\/div>","protected":false},"excerpt":{"rendered":"<p>Traduzca las instrucciones de sus productos con nuestra herramienta de traducci\u00f3n AI sensible al contexto S\u00f3lo tiene que seleccionar el idioma que desee y pulsar ir Ajustado para instrucciones de productos y tutoriales Las indicaciones de traducci\u00f3n est\u00e1n ajustadas para instrucciones y tutoriales de productos para que el lenguaje y la terminolog\u00eda sean lo m\u00e1s espec\u00edficos posible. Interfaz r\u00e1pida y sencilla para traducir todo Su traducci\u00f3n [...]<\/p>","protected":false},"author":1,"featured_media":0,"parent":0,"menu_order":0,"comment_status":"closed","ping_status":"closed","template":"wp-custom-template-landing-page-b","meta":{"content-type":"","_uag_custom_page_level_css":"","footnotes":""},"class_list":["post-4388","page","type-page","status-publish","hentry"],"aioseo_notices":[],"mb":[],"uagb_featured_image_src":{"full":false,"thumbnail":false,"medium":false,"medium_large":false,"large":false,"1536x1536":false,"2048x2048":false,"trp-custom-language-flag":false},"uagb_author_info":{"display_name":"Sergi S\u00e1nchez Mancha","author_link":"https:\/\/www.stepalong.com\/es\/author\/sergiostepalong-com\/"},"uagb_comment_info":0,"uagb_excerpt":"Translate your product instructions with our context sensitive AI translation tool Just select the language you want and press go Tuned for product instructions and tutorials The translation prompts are tuned for instructions and product tutorials to make the language and terminology as specific as possible. Quick &amp; easy interface to translate everything Your translation&hellip;","mfb_rest_fields":["title","aioseo_notices","uagb_featured_image_src","uagb_author_info","uagb_comment_info","uagb_excerpt"],"_links":{"self":[{"href":"https:\/\/www.stepalong.com\/es\/wp-json\/wp\/v2\/pages\/4388","targetHints":{"allow":["GET"]}}],"collection":[{"href":"https:\/\/www.stepalong.com\/es\/wp-json\/wp\/v2\/pages"}],"about":[{"href":"https:\/\/www.stepalong.com\/es\/wp-json\/wp\/v2\/types\/page"}],"author":[{"embeddable":true,"href":"https:\/\/www.stepalong.com\/es\/wp-json\/wp\/v2\/users\/1"}],"replies":[{"embeddable":true,"href":"https:\/\/www.stepalong.com\/es\/wp-json\/wp\/v2\/comments?post=4388"}],"version-history":[{"count":23,"href":"https:\/\/www.stepalong.com\/es\/wp-json\/wp\/v2\/pages\/4388\/revisions"}],"predecessor-version":[{"id":8004,"href":"https:\/\/www.stepalong.com\/es\/wp-json\/wp\/v2\/pages\/4388\/revisions\/8004"}],"wp:attachment":[{"href":"https:\/\/www.stepalong.com\/es\/wp-json\/wp\/v2\/media?parent=4388"}],"curies":[{"name":"wp","href":"https:\/\/api.w.org\/{rel}","templated":true}]}}