{"id":4236,"date":"2024-02-28T16:59:01","date_gmt":"2024-02-28T15:59:01","guid":{"rendered":"https:\/\/www.stepalong.com\/?page_id=4236"},"modified":"2024-02-29T12:25:58","modified_gmt":"2024-02-29T11:25:58","slug":"proveedores-de-procesamiento-de-datos","status":"publish","type":"page","link":"https:\/\/www.stepalong.com\/es\/proveedores-de-procesamiento-de-datos\/","title":{"rendered":"Proveedores de procesamiento de datos"},"content":{"rendered":"<h2 class=\"wp-block-heading\">Lista de proveedores que tratan datos de clientes<\/h2>\n\n\n\n<div style=\"height:2em\" aria-hidden=\"true\" class=\"wp-block-spacer\"><\/div>\n\n\n\n<figure class=\"wp-block-table\"><table><thead><tr><th class=\"has-text-align-left\" data-align=\"left\">Procesador de datos<\/th><th class=\"has-text-align-left\" data-align=\"left\">Prop\u00f3sito<\/th><th class=\"has-text-align-left\" data-align=\"left\">Datos personales transferidos<\/th><th class=\"has-text-align-left\" data-align=\"left\">\u00bfDatos sensibles?<\/th><th class=\"has-text-align-left\" data-align=\"left\">Pa\u00eds<\/th><\/tr><\/thead><tbody><tr><td class=\"has-text-align-left\" data-align=\"left\"><a href=\"https:\/\/www.google.com\/\" title=\"Google Ireland Ltd.\">Google Ireland Ltd.<\/a><\/td><td class=\"has-text-align-left\" data-align=\"left\">Inicio de sesi\u00f3n \u00fanico, procesamiento AI LLM, correo electr\u00f3nico y almacenamiento de documentos.<\/td><td class=\"has-text-align-left\" data-align=\"left\">Nombre, apellidos, correo electr\u00f3nico (SSO y documentos.) Contenido de la instrucci\u00f3n LLM.<\/td><td class=\"has-text-align-left\" data-align=\"left\">S\u00ed<\/td><td class=\"has-text-align-left\" data-align=\"left\">Irlanda<\/td><\/tr><tr><td class=\"has-text-align-left\" data-align=\"left\"><a href=\"https:\/\/aws.amazon.com\/\" title=\"\">Amazon Web Services, Inc.<\/a><\/td><td class=\"has-text-align-left\" data-align=\"left\">Alojamiento de aplicaciones, almacenamiento de datos<\/td><td class=\"has-text-align-left\" data-align=\"left\">Ninguno<\/td><td class=\"has-text-align-left\" data-align=\"left\">No<\/td><td class=\"has-text-align-left\" data-align=\"left\">Irlanda<\/td><\/tr><tr><td class=\"has-text-align-left\" data-align=\"left\"><a href=\"https:\/\/www.mongodb.com\/\" title=\"MongoDB Inc.\">MongoDB Inc.<\/a><\/td><td class=\"has-text-align-left\" data-align=\"left\">Gesti\u00f3n de cuentas<\/td><td class=\"has-text-align-left\" data-align=\"left\">Correo electr\u00f3nico<\/td><td class=\"has-text-align-left\" data-align=\"left\">No<\/td><td class=\"has-text-align-left\" data-align=\"left\">Irlanda<\/td><\/tr><tr><td class=\"has-text-align-left\" data-align=\"left\"><a href=\"https:\/\/open.ai\/\" title=\"OpenAI Ireland Ltd.\">OpenAI Ireland Ltd.<\/a><\/td><td class=\"has-text-align-left\" data-align=\"left\">Procesamiento AI LLM para crear contenidos<\/td><td class=\"has-text-align-left\" data-align=\"left\">No<\/td><td class=\"has-text-align-left\" data-align=\"left\">No<\/td><td class=\"has-text-align-left\" data-align=\"left\">Irlanda<\/td><\/tr><\/tbody><\/table><\/figure>\n\n\n\n<div style=\"height:100px\" aria-hidden=\"true\" class=\"wp-block-spacer\"><\/div>","protected":false},"excerpt":{"rendered":"<p>Lista de proveedores que procesan datos de clientes Encargado del tratamiento Finalidad Datos personales transferidos \u00bfDatos sensibles? Pa\u00eds Google Ireland Ltd. Inicio de sesi\u00f3n \u00fanico, procesamiento de AI LLM, almacenamiento de correo electr\u00f3nico y documentos. Nombre, apellidos, correo electr\u00f3nico (SSO y documentos.) Contenido de la instrucci\u00f3n LLM. S\u00ed Irlanda Amazon Web Services, Inc. Alojamiento de aplicaciones, almacenamiento de datos Ninguno No Irlanda MongoDB Inc. Cuenta [...]<\/p>","protected":false},"author":1,"featured_media":0,"parent":0,"menu_order":0,"comment_status":"closed","ping_status":"closed","template":"wp-custom-template-landing-page","meta":{"content-type":"","_uag_custom_page_level_css":"","footnotes":""},"class_list":["post-4236","page","type-page","status-publish","hentry"],"aioseo_notices":[],"mb":[],"uagb_featured_image_src":{"full":false,"thumbnail":false,"medium":false,"medium_large":false,"large":false,"1536x1536":false,"2048x2048":false,"trp-custom-language-flag":false},"uagb_author_info":{"display_name":"Sergi S\u00e1nchez Mancha","author_link":"https:\/\/www.stepalong.com\/es\/author\/sergiostepalong-com\/"},"uagb_comment_info":0,"uagb_excerpt":"List of providers processing customer data Data procesor Purpose Personal data transfered Sensitive data? Country Google Ireland Ltd. Single Sign On, AI LLM processing, email and document storage. First name, last name, email (SSO and documents.) LLM instruction content. Yes Ireland Amazon Web Services, Inc. Application hosting, data storage None No Ireland MongoDB Inc. Account&hellip;","mfb_rest_fields":["title","aioseo_notices","uagb_featured_image_src","uagb_author_info","uagb_comment_info","uagb_excerpt"],"_links":{"self":[{"href":"https:\/\/www.stepalong.com\/es\/wp-json\/wp\/v2\/pages\/4236","targetHints":{"allow":["GET"]}}],"collection":[{"href":"https:\/\/www.stepalong.com\/es\/wp-json\/wp\/v2\/pages"}],"about":[{"href":"https:\/\/www.stepalong.com\/es\/wp-json\/wp\/v2\/types\/page"}],"author":[{"embeddable":true,"href":"https:\/\/www.stepalong.com\/es\/wp-json\/wp\/v2\/users\/1"}],"replies":[{"embeddable":true,"href":"https:\/\/www.stepalong.com\/es\/wp-json\/wp\/v2\/comments?post=4236"}],"version-history":[{"count":4,"href":"https:\/\/www.stepalong.com\/es\/wp-json\/wp\/v2\/pages\/4236\/revisions"}],"predecessor-version":[{"id":4279,"href":"https:\/\/www.stepalong.com\/es\/wp-json\/wp\/v2\/pages\/4236\/revisions\/4279"}],"wp:attachment":[{"href":"https:\/\/www.stepalong.com\/es\/wp-json\/wp\/v2\/media?parent=4236"}],"curies":[{"name":"wp","href":"https:\/\/api.w.org\/{rel}","templated":true}]}}