{"id":3500,"date":"2023-11-23T17:51:44","date_gmt":"2023-11-23T16:51:44","guid":{"rendered":"https:\/\/www.stepalong.com\/?page_id=3500"},"modified":"2025-08-27T20:48:38","modified_gmt":"2025-08-27T18:48:38","slug":"stepalong-para-el-comercio-electronico","status":"publish","type":"page","link":"https:\/\/www.stepalong.com\/es\/stepalong-para-el-comercio-electronico\/","title":{"rendered":"StepAlong para el comercio electr\u00f3nico"},"content":{"rendered":"<h2 class=\"wp-block-heading has-text-align-center\" style=\"font-size:2.4em\">Convierte visitantes en clientes<\/h2>\n\n\n\n<p class=\"has-text-align-center has-medium-font-size\">Un buen tutorial sobre el producto aumenta la confianza de los compradores que no consiguen llegar a la p\u00e1gina de pago.<\/p>\n\n\n\n<p class=\"has-text-align-center\">StepAlong es la forma inteligente para que las empresas de comercio electr\u00f3nico creen tutoriales de productos que realmente ayuden a sus clientes a decidir.<\/p>\n\n\n\n<div class=\"wp-block-buttons is-content-justification-center is-layout-flex wp-container-core-buttons-is-layout-a89b3969 wp-block-buttons-is-layout-flex\">\n<div class=\"wp-block-button is-style-outline is-style-outline--1\"><a class=\"wp-block-button__link has-custom-purple-color has-raft-fg-alt-background-color has-text-color has-background has-link-color has-text-align-center wp-element-button\" href=\"https:\/\/www.stepalong.com\/es\/reserve-una-demostracion\/\">Solicita una Demo<\/a><\/div>\n<\/div>\n\n\n\n<div style=\"height:var(--wp--preset--spacing--60)\" aria-hidden=\"true\" class=\"wp-block-spacer\"><\/div>\n\n\n\n<div class=\"wp-block-cover alignwide wp-duotone-dark-grayscale\" style=\"border-style:none;border-width:0px;border-radius:8px;padding-right:3em;padding-left:3em\"><img loading=\"lazy\" decoding=\"async\" width=\"2560\" height=\"1359\" class=\"wp-block-cover__image-background wp-image-3780\" alt=\"Comercio electr\u00f3nico m\u00f3vil\" src=\"https:\/\/www.stepalong.com\/wp-content\/uploads\/2023\/12\/ecommerce-mobile-scaled.jpg\" data-object-fit=\"cover\" srcset=\"https:\/\/www.stepalong.com\/wp-content\/uploads\/2023\/12\/ecommerce-mobile-scaled.jpg 2560w, https:\/\/www.stepalong.com\/wp-content\/uploads\/2023\/12\/ecommerce-mobile-300x159.jpg 300w, https:\/\/www.stepalong.com\/wp-content\/uploads\/2023\/12\/ecommerce-mobile-1024x544.jpg 1024w, https:\/\/www.stepalong.com\/wp-content\/uploads\/2023\/12\/ecommerce-mobile-768x408.jpg 768w, https:\/\/www.stepalong.com\/wp-content\/uploads\/2023\/12\/ecommerce-mobile-1536x816.jpg 1536w, https:\/\/www.stepalong.com\/wp-content\/uploads\/2023\/12\/ecommerce-mobile-2048x1087.jpg 2048w, https:\/\/www.stepalong.com\/wp-content\/uploads\/2023\/12\/ecommerce-mobile-18x10.jpg 18w\" sizes=\"auto, (max-width: 2560px) 100vw, 2560px\" \/><span aria-hidden=\"true\" class=\"wp-block-cover__background has-custom-purple-background-color has-background-dim-70 has-background-dim\"><\/span><div class=\"wp-block-cover__inner-container is-layout-constrained wp-container-core-cover-is-layout-729e5ae5 wp-block-cover-is-layout-constrained\">\n<div class=\"wp-block-columns is-layout-flex wp-container-core-columns-is-layout-28f84493 wp-block-columns-is-layout-flex\">\n<div class=\"wp-block-column is-layout-flow wp-block-column-is-layout-flow\" style=\"flex-basis:100%\">\n<h2 class=\"wp-block-heading has-raft-fg-alt-color has-text-color has-link-color wp-elements-d15ff6acc5dae950c88bdb5de59706be\">Una experiencia interactiva dentro de la p\u00e1gina del producto<\/h2>\n\n\n\n<p class=\"has-raft-fg-alt-color has-text-color has-link-color wp-elements-df575b9b53c22f68e6780b2208c5d310\">Sin descargas de PDF, sin videos de YouTube que distraigan y sin anuncios de tus competidores.<\/p>\n\n\n\n<p class=\"has-raft-fg-alt-color has-text-color has-link-color wp-elements-8f87660381c5123a868a98f32dc4a9f9\">Un StepAlong se puede integrar en la p\u00e1gina de tu producto, para que los clientes tengan una idea clara de lo que necesitan hacer con el producto, sin salir de tu p\u00e1gina.<\/p>\n<\/div>\n<\/div>\n<\/div><\/div>\n\n\n\n<div style=\"height:var(--wp--preset--spacing--80)\" aria-hidden=\"true\" class=\"wp-block-spacer\"><\/div>\n\n\n\n<div class=\"wp-block-media-text has-media-on-the-right is-stacked-on-mobile shadow rounded\"><div class=\"wp-block-media-text__content\">\n<h2 class=\"wp-block-heading\">Menos devoluciones al hacer que la configuraci\u00f3n del producto sea tan buena como el producto<\/h2>\n\n\n\n<p>En el mundo del dropshipping, el comercio electr\u00f3nico y la fabricaci\u00f3n global, muchas empresas olvidan que el \u00faltimo paso del recorrido del cliente es configurar el producto.<\/p>\n\n\n\n<p>StepAlong te ayuda a brindarle a la configuraci\u00f3n del producto la atenci\u00f3n que merece, ahorrarle tiempo a tus clientes y crear una excelente experiencia para ellos.<\/p>\n<\/div><figure class=\"wp-block-media-text__media\"><img loading=\"lazy\" decoding=\"async\" width=\"1024\" height=\"663\" src=\"https:\/\/www.stepalong.com\/wp-content\/uploads\/2023\/12\/Returns-ecommerce-1024x663.jpg\" alt=\"Una mujer hablando por tel\u00e9fono, con la caja de un producto abierta.\" class=\"wp-image-3787 size-full\" srcset=\"https:\/\/www.stepalong.com\/wp-content\/uploads\/2023\/12\/Returns-ecommerce-1024x663.jpg 1024w, https:\/\/www.stepalong.com\/wp-content\/uploads\/2023\/12\/Returns-ecommerce-300x194.jpg 300w, https:\/\/www.stepalong.com\/wp-content\/uploads\/2023\/12\/Returns-ecommerce-768x497.jpg 768w, https:\/\/www.stepalong.com\/wp-content\/uploads\/2023\/12\/Returns-ecommerce-18x12.jpg 18w, https:\/\/www.stepalong.com\/wp-content\/uploads\/2023\/12\/Returns-ecommerce.jpg 1050w\" sizes=\"auto, (max-width: 1024px) 100vw, 1024px\" \/><\/figure><\/div>\n\n\n\n<div style=\"height:var(--wp--preset--spacing--80)\" aria-hidden=\"true\" class=\"wp-block-spacer\"><\/div>\n\n\n\n<div class=\"wp-block-media-text is-stacked-on-mobile shadow rounded\"><figure class=\"wp-block-media-text__media\"><img loading=\"lazy\" decoding=\"async\" width=\"1024\" height=\"663\" src=\"https:\/\/www.stepalong.com\/wp-content\/uploads\/2023\/12\/repurpose-youtube-1024x663.jpg\" alt=\"Cree un tutorial autom\u00e1ticamente a partir de un v\u00eddeo de YouTube.\" class=\"wp-image-3789 size-full\" srcset=\"https:\/\/www.stepalong.com\/wp-content\/uploads\/2023\/12\/repurpose-youtube-1024x663.jpg 1024w, https:\/\/www.stepalong.com\/wp-content\/uploads\/2023\/12\/repurpose-youtube-300x194.jpg 300w, https:\/\/www.stepalong.com\/wp-content\/uploads\/2023\/12\/repurpose-youtube-768x497.jpg 768w, https:\/\/www.stepalong.com\/wp-content\/uploads\/2023\/12\/repurpose-youtube-18x12.jpg 18w, https:\/\/www.stepalong.com\/wp-content\/uploads\/2023\/12\/repurpose-youtube.jpg 1050w\" sizes=\"auto, (max-width: 1024px) 100vw, 1024px\" \/><\/figure><div class=\"wp-block-media-text__content\">\n<h2 class=\"wp-block-heading\">Crea a partir de algo nuevo o reutiliza lo que tienes<\/h2>\n\n\n\n<p>Crea un nuevo StepAlong desde cero, o reutiliza esos archivos PDF y videos de YouTube antiguos, para crear una mejor experiencia de configuraci\u00f3n y uso para sus clientes.<\/p>\n<\/div><\/div>\n\n\n\n<div style=\"height:var(--wp--preset--spacing--80)\" aria-hidden=\"true\" class=\"wp-block-spacer\"><\/div>\n\n\n\n<div class=\"wp-block-media-text has-media-on-the-right is-stacked-on-mobile shadow rounded\"><div class=\"wp-block-media-text__content\">\n<h2 class=\"wp-block-heading\">Una herramienta dedicada para crear, publicar y gestionar tutoriales de productos.<\/h2>\n\n\n\n<p>StepAlong es una herramienta dedicada a crear, mantener y gestionar todos los aspectos de tutoriales, procedimientos e instrucciones de productos.<\/p>\n\n\n\n<p>Su enfoque estructurado te ayudar\u00e1 a producir tutoriales de productos mejores y m\u00e1s claros de manera m\u00e1s eficiente.<\/p>\n<\/div><figure class=\"wp-block-media-text__media\"><img loading=\"lazy\" decoding=\"async\" width=\"1022\" height=\"681\" src=\"https:\/\/www.stepalong.com\/wp-content\/uploads\/2023\/12\/product-tutorial.jpg\" alt=\"Un hombre montando un mueble\" class=\"wp-image-3790 size-full\" srcset=\"https:\/\/www.stepalong.com\/wp-content\/uploads\/2023\/12\/product-tutorial.jpg 1022w, https:\/\/www.stepalong.com\/wp-content\/uploads\/2023\/12\/product-tutorial-300x200.jpg 300w, https:\/\/www.stepalong.com\/wp-content\/uploads\/2023\/12\/product-tutorial-768x512.jpg 768w, https:\/\/www.stepalong.com\/wp-content\/uploads\/2023\/12\/product-tutorial-18x12.jpg 18w\" sizes=\"auto, (max-width: 1022px) 100vw, 1022px\" \/><\/figure><\/div>\n\n\n\n<div style=\"height:var(--wp--preset--spacing--80)\" aria-hidden=\"true\" class=\"wp-block-spacer\"><\/div>\n\n\n\n<div class=\"wp-block-columns is-layout-flex wp-container-core-columns-is-layout-14cf5ab5 wp-block-columns-is-layout-flex\">\n<div class=\"wp-block-column is-layout-flow wp-block-column-is-layout-flow\">\n<div class=\"wp-block-group feature is-layout-constrained wp-block-group-is-layout-constrained\">\n<div class=\"wp-block-columns is-layout-flex wp-container-core-columns-is-layout-cbe57604 wp-block-columns-is-layout-flex\">\n<div class=\"wp-block-column is-layout-flow wp-block-column-is-layout-flow\">\n<figure class=\"wp-block-image size-large rounded\"><img loading=\"lazy\" decoding=\"async\" width=\"1024\" height=\"1024\" src=\"https:\/\/www.stepalong.com\/wp-content\/uploads\/2025\/08\/stepalong-roi-calculator-1024x1024.webp\" alt=\"Calculadora de ROI de StepAlong\" class=\"wp-image-8026\" srcset=\"https:\/\/www.stepalong.com\/wp-content\/uploads\/2025\/08\/stepalong-roi-calculator-1024x1024.webp 1024w, https:\/\/www.stepalong.com\/wp-content\/uploads\/2025\/08\/stepalong-roi-calculator-300x300.webp 300w, https:\/\/www.stepalong.com\/wp-content\/uploads\/2025\/08\/stepalong-roi-calculator-150x150.webp 150w, https:\/\/www.stepalong.com\/wp-content\/uploads\/2025\/08\/stepalong-roi-calculator-768x768.webp 768w, https:\/\/www.stepalong.com\/wp-content\/uploads\/2025\/08\/stepalong-roi-calculator-12x12.webp 12w, https:\/\/www.stepalong.com\/wp-content\/uploads\/2025\/08\/stepalong-roi-calculator.webp 1420w\" sizes=\"auto, (max-width: 1024px) 100vw, 1024px\" \/><\/figure>\n<\/div>\n\n\n\n<div class=\"wp-block-column is-layout-flow wp-block-column-is-layout-flow\">\n<h3 class=\"wp-block-heading\">Calcula tus posibles ahorros<\/h3>\n\n\n\n<p>Descubre cu\u00e1nto puede ahorrar tu empresa al cambiar a la plataforma de instrucciones digitales con IA de StepAlong.<\/p>\n\n\n\n<div style=\"height:0px\" aria-hidden=\"true\" class=\"wp-block-spacer\"><\/div>\n<\/div>\n<\/div>\n\n\n\n<div style=\"height:1em\" aria-hidden=\"true\" class=\"wp-block-spacer\"><\/div>\n\n\n\n<div class=\"wp-block-buttons is-content-justification-center is-layout-flex wp-container-core-buttons-is-layout-a89b3969 wp-block-buttons-is-layout-flex\">\n<div class=\"wp-block-button is-style-outline is-style-outline--2\"><a class=\"wp-block-button__link has-custom-purple-color has-text-color has-link-color has-border-color has-custom-purple-border-color wp-element-button\" href=\"https:\/\/www.stepalong.com\/es\/calculadora-roi\/\">Calcule su ahorro<\/a><\/div>\n<\/div>\n<\/div>\n<\/div>\n\n\n\n<div class=\"wp-block-column is-vertically-aligned-center is-layout-flow wp-block-column-is-layout-flow\">\n<p>En StepAlong, nos hemos centrado en lo que necesitan los clientes para disfrutar de una gran experiencia de instrucciones sobre productos:<\/p>\n\n\n\n<ul class=\"wp-block-list\">\n<li><strong>Mobile-first<\/strong><br>No es necesario descargar la aplicaci\u00f3n, basta con abrirla y seguirla<\/li>\n\n\n\n<li><strong>Claridad paso a paso<\/strong><br>Una estructura l\u00f3gica, paso a paso, para mayor claridad<\/li>\n\n\n\n<li><strong>Formatos flexibles<\/strong><br>PDF descargables para quienes los prefieran<\/li>\n\n\n\n<li><strong>F\u00e1cil acceso<\/strong><br>Accesible a trav\u00e9s de Google, ChatGPT y otros motores de b\u00fasqueda<\/li>\n\n\n\n<li><strong>Soporte multiling\u00fce<\/strong><br>Instrucciones en el idioma de sus clientes<\/li>\n<\/ul>\n\n\n\n<div style=\"height:1em\" aria-hidden=\"true\" class=\"wp-block-spacer\"><\/div>\n\n\n\n<div class=\"wp-block-buttons is-content-justification-center is-layout-flex wp-container-core-buttons-is-layout-a89b3969 wp-block-buttons-is-layout-flex\">\n<div class=\"wp-block-button is-style-fill\"><a class=\"wp-block-button__link has-raft-fg-alt-color has-custom-purple-background-color has-text-color has-background has-link-color has-text-align-center wp-element-button\" href=\"https:\/\/www.stepalong.com\/es\/reserve-una-demostracion\/\">Solicita una Demo<\/a><\/div>\n<\/div>\n<\/div>\n<\/div>","protected":false},"excerpt":{"rendered":"<p>Convierta a los navegantes en compradores Un gran tutorial de producto aumenta la confianza de los compradores que no consiguen llegar a la p\u00e1gina de pago. StepAlong es la forma inteligente que tienen las empresas de comercio electr\u00f3nico de crear tutoriales de productos que realmente ayuden a sus clientes a decidirse. Menos devoluciones haciendo que la configuraci\u00f3n del producto sea tan buena como el producto En el mundo [...]<\/p>","protected":false},"author":1,"featured_media":0,"parent":0,"menu_order":0,"comment_status":"closed","ping_status":"closed","template":"wp-custom-template-landing-page-b","meta":{"content-type":"","_uag_custom_page_level_css":"","footnotes":""},"class_list":["post-3500","page","type-page","status-publish","hentry"],"aioseo_notices":[],"mb":[],"uagb_featured_image_src":{"full":false,"thumbnail":false,"medium":false,"medium_large":false,"large":false,"1536x1536":false,"2048x2048":false,"trp-custom-language-flag":false},"uagb_author_info":{"display_name":"Sergi S\u00e1nchez Mancha","author_link":"https:\/\/www.stepalong.com\/es\/author\/sergiostepalong-com\/"},"uagb_comment_info":0,"uagb_excerpt":"Turn browsers into buyers A great product tutorial increases the confidence of shoppers who can\u2019t quite get to the checkout page. StepAlong is the smart way for e-commerce companies to create product tutorials that really help their customers decide. Less returns by making the product setup as good as the product In the world of&hellip;","mfb_rest_fields":["title","aioseo_notices","uagb_featured_image_src","uagb_author_info","uagb_comment_info","uagb_excerpt"],"_links":{"self":[{"href":"https:\/\/www.stepalong.com\/es\/wp-json\/wp\/v2\/pages\/3500","targetHints":{"allow":["GET"]}}],"collection":[{"href":"https:\/\/www.stepalong.com\/es\/wp-json\/wp\/v2\/pages"}],"about":[{"href":"https:\/\/www.stepalong.com\/es\/wp-json\/wp\/v2\/types\/page"}],"author":[{"embeddable":true,"href":"https:\/\/www.stepalong.com\/es\/wp-json\/wp\/v2\/users\/1"}],"replies":[{"embeddable":true,"href":"https:\/\/www.stepalong.com\/es\/wp-json\/wp\/v2\/comments?post=3500"}],"version-history":[{"count":28,"href":"https:\/\/www.stepalong.com\/es\/wp-json\/wp\/v2\/pages\/3500\/revisions"}],"predecessor-version":[{"id":8013,"href":"https:\/\/www.stepalong.com\/es\/wp-json\/wp\/v2\/pages\/3500\/revisions\/8013"}],"wp:attachment":[{"href":"https:\/\/www.stepalong.com\/es\/wp-json\/wp\/v2\/media?parent=3500"}],"curies":[{"name":"wp","href":"https:\/\/api.w.org\/{rel}","templated":true}]}}