{"id":3494,"date":"2023-11-23T17:38:35","date_gmt":"2023-11-23T16:38:35","guid":{"rendered":"https:\/\/www.stepalong.com\/?page_id=3494"},"modified":"2025-08-27T20:41:54","modified_gmt":"2025-08-27T18:41:54","slug":"stepalong-para-empresas-de-productos-de-consumo","status":"publish","type":"page","link":"https:\/\/www.stepalong.com\/es\/stepalong-para-empresas-de-productos-de-consumo\/","title":{"rendered":"StepAlong para empresas de productos de consumo"},"content":{"rendered":"<h2 class=\"wp-block-heading has-text-align-center\" style=\"font-size:2.4em\">Tus instrucciones en PDF no funcionan<\/h2>\n\n\n\n<p class=\"has-text-align-center has-medium-font-size translation-block\">\u00bfHa invertido tiempo y dinero en crear una gran marca y luego la ha echado a perder con unas instrucciones de configuraci\u00f3n y uso deficientes?<\/p>\n\n\n\n<p class=\"has-text-align-center\">StepAlong es una herramienta potente para que las empresas de productos de consumo creen tutoriales que realmente ayuden a sus clientes (y no maldigan el PDF cutre).<\/p>\n\n\n\n<div class=\"wp-block-buttons is-content-justification-center is-layout-flex wp-container-core-buttons-is-layout-a89b3969 wp-block-buttons-is-layout-flex\">\n<div class=\"wp-block-button is-style-outline is-style-outline--1\"><a class=\"wp-block-button__link has-custom-purple-color has-raft-fg-alt-background-color has-text-color has-background has-link-color has-text-align-center wp-element-button\" href=\"https:\/\/www.stepalong.com\/es\/reserve-una-demostracion\/\">Solicita una Demo<\/a><\/div>\n<\/div>\n\n\n\n<div style=\"height:var(--wp--preset--spacing--80)\" aria-hidden=\"true\" class=\"wp-block-spacer\"><\/div>\n\n\n\n<div class=\"wp-block-cover alignwide\" style=\"border-style:none;border-width:0px;border-radius:8px;padding-right:3em;padding-left:3em\"><img loading=\"lazy\" decoding=\"async\" width=\"2800\" height=\"1161\" class=\"wp-block-cover__image-background wp-image-3633\" alt=\"B\u00fasqueda de un producto en Google\" src=\"https:\/\/www.stepalong.com\/wp-content\/uploads\/2023\/11\/Google-Search-2.png\" style=\"object-position:0% 0%\" data-object-fit=\"cover\" data-object-position=\"0% 0%\" srcset=\"https:\/\/www.stepalong.com\/wp-content\/uploads\/2023\/11\/Google-Search-2.png 2800w, https:\/\/www.stepalong.com\/wp-content\/uploads\/2023\/11\/Google-Search-2-300x124.png 300w, https:\/\/www.stepalong.com\/wp-content\/uploads\/2023\/11\/Google-Search-2-1024x425.png 1024w, https:\/\/www.stepalong.com\/wp-content\/uploads\/2023\/11\/Google-Search-2-768x318.png 768w, https:\/\/www.stepalong.com\/wp-content\/uploads\/2023\/11\/Google-Search-2-1536x637.png 1536w, https:\/\/www.stepalong.com\/wp-content\/uploads\/2023\/11\/Google-Search-2-2048x849.png 2048w, https:\/\/www.stepalong.com\/wp-content\/uploads\/2023\/11\/Google-Search-2-18x7.png 18w\" sizes=\"auto, (max-width: 2800px) 100vw, 2800px\" \/><span aria-hidden=\"true\" class=\"wp-block-cover__background has-custom-purple-background-color has-background-dim-70 has-background-dim\"><\/span><div class=\"wp-block-cover__inner-container is-layout-constrained wp-container-core-cover-is-layout-729e5ae5 wp-block-cover-is-layout-constrained\">\n<div class=\"wp-block-columns is-layout-flex wp-container-core-columns-is-layout-28f84493 wp-block-columns-is-layout-flex\">\n<div class=\"wp-block-column is-layout-flow wp-block-column-is-layout-flow\" style=\"flex-basis:50%\">\n<h2 class=\"wp-block-heading has-raft-fg-alt-color has-text-color has-link-color wp-elements-d1cca5e5136959aea617cbc403dd27bc\">Deja de abandonar a los clientes que tanto te cost\u00f3 ganar en la web<\/h2>\n\n\n\n<p class=\"has-raft-fg-alt-color has-text-color has-link-color wp-elements-63f510e1b0b2c664af37424a71d49b8f\">Cuando tu empresa no brinda suficiente ayuda para configurar y usar tus productos,  tus clientes buscar\u00e1n en Google y se perder\u00e1n ante la competencia, los creadores, YouTube y las granjas de contenido.<\/p>\n<\/div>\n\n\n\n<div class=\"wp-block-column is-layout-flow wp-block-column-is-layout-flow\" style=\"flex-basis:66.66%\"><\/div>\n<\/div>\n<\/div><\/div>\n\n\n\n<div style=\"height:var(--wp--preset--spacing--80)\" aria-hidden=\"true\" class=\"wp-block-spacer\"><\/div>\n\n\n\n<div class=\"wp-block-media-text has-media-on-the-right is-stacked-on-mobile shadow rounded\"><div class=\"wp-block-media-text__content\">\n<h2 class=\"wp-block-heading\">Tu tutorial de producto donde deber\u00eda estar<\/h2>\n\n\n\n<p>Agrega el c\u00f3digo QR de StepAlong al packaging de tu producto, publ\u00edcalo en tu sitio web para que tus clientes obtengan ayuda cuando la necesiten.<\/p>\n\n\n\n<p>O crea un microsite con todos los tutoriales de tus productos con StepAlong.<\/p>\n<\/div><figure class=\"wp-block-media-text__media\"><img loading=\"lazy\" decoding=\"async\" width=\"1024\" height=\"680\" src=\"https:\/\/www.stepalong.com\/wp-content\/uploads\/2023\/12\/qr-code-packaging.jpg\" alt=\"C\u00f3digo QR en el envase\" class=\"wp-image-3778 size-full\" srcset=\"https:\/\/www.stepalong.com\/wp-content\/uploads\/2023\/12\/qr-code-packaging.jpg 1024w, https:\/\/www.stepalong.com\/wp-content\/uploads\/2023\/12\/qr-code-packaging-300x199.jpg 300w, https:\/\/www.stepalong.com\/wp-content\/uploads\/2023\/12\/qr-code-packaging-768x510.jpg 768w, https:\/\/www.stepalong.com\/wp-content\/uploads\/2023\/12\/qr-code-packaging-18x12.jpg 18w\" sizes=\"auto, (max-width: 1024px) 100vw, 1024px\" \/><\/figure><\/div>\n\n\n\n<div style=\"height:var(--wp--preset--spacing--80)\" aria-hidden=\"true\" class=\"wp-block-spacer\"><\/div>\n\n\n\n<div class=\"wp-block-media-text is-stacked-on-mobile shadow rounded\"><figure class=\"wp-block-media-text__media\"><img loading=\"lazy\" decoding=\"async\" width=\"1024\" height=\"682\" src=\"https:\/\/www.stepalong.com\/wp-content\/uploads\/2023\/11\/ecommerce-2-1024x682.jpg\" alt=\"Instrucciones StepAlong vs. PDF\" class=\"wp-image-3503 size-full\" srcset=\"https:\/\/www.stepalong.com\/wp-content\/uploads\/2023\/11\/ecommerce-2-1024x682.jpg 1024w, https:\/\/www.stepalong.com\/wp-content\/uploads\/2023\/11\/ecommerce-2-300x200.jpg 300w, https:\/\/www.stepalong.com\/wp-content\/uploads\/2023\/11\/ecommerce-2-768x511.jpg 768w, https:\/\/www.stepalong.com\/wp-content\/uploads\/2023\/11\/ecommerce-2-1536x1022.jpg 1536w, https:\/\/www.stepalong.com\/wp-content\/uploads\/2023\/11\/ecommerce-2-18x12.jpg 18w, https:\/\/www.stepalong.com\/wp-content\/uploads\/2023\/11\/ecommerce-2.jpg 2048w\" sizes=\"auto, (max-width: 1024px) 100vw, 1024px\" \/><\/figure><div class=\"wp-block-media-text__content\">\n<h2 class=\"wp-block-heading\">Crea a partir de algo nuevo o reutiliza lo que tienes<\/h2>\n\n\n\n<p>Crea un nuevo StepAlong desde cero, reutiliza tu contenido de YouTube, Instagram y otras redes sociales, o actualiza tus manuales en PDF para crear una mejor experiencia de configuraci\u00f3n y uso para tus clientes.<\/p>\n<\/div><\/div>\n\n\n\n<div style=\"height:36px\" aria-hidden=\"true\" class=\"wp-block-spacer\"><\/div>\n\n\n\n<div style=\"height:36px\" aria-hidden=\"true\" class=\"wp-block-spacer\"><\/div>\n\n\n\n<div class=\"wp-block-media-text has-media-on-the-right is-stacked-on-mobile shadow rounded\"><div class=\"wp-block-media-text__content\">\n<h2 class=\"wp-block-heading\">Ad\u00e1ptate a cambios de producto y feedback de clientes<\/h2>\n\n\n\n<p>Los productos y sus componentes cambian con frecuencia o los clientes pueden confundirse con alg\u00fan paso espec\u00edfico.<\/p>\n\n\n\n<p>Con StepAlong puedes actualizar en cualquier momento, asegur\u00e1ndote de que el tutorial de tu producto est\u00e9 actualizado y sea lo mejor posible.<\/p>\n<\/div><figure class=\"wp-block-media-text__media\"><img loading=\"lazy\" decoding=\"async\" width=\"1024\" height=\"681\" src=\"https:\/\/www.stepalong.com\/wp-content\/uploads\/2023\/11\/Question-1024x681.png\" alt=\"Una pregunta de un usuario sobre un paso a paso\" class=\"wp-image-3650 size-full\" srcset=\"https:\/\/www.stepalong.com\/wp-content\/uploads\/2023\/11\/Question-1024x681.png 1024w, https:\/\/www.stepalong.com\/wp-content\/uploads\/2023\/11\/Question-300x200.png 300w, https:\/\/www.stepalong.com\/wp-content\/uploads\/2023\/11\/Question-768x511.png 768w, https:\/\/www.stepalong.com\/wp-content\/uploads\/2023\/11\/Question-18x12.png 18w, https:\/\/www.stepalong.com\/wp-content\/uploads\/2023\/11\/Question.png 1536w\" sizes=\"auto, (max-width: 1024px) 100vw, 1024px\" \/><\/figure><\/div>\n\n\n\n<div style=\"height:var(--wp--preset--spacing--80)\" aria-hidden=\"true\" class=\"wp-block-spacer\"><\/div>\n\n\n\n<div class=\"wp-block-cover alignwide\" style=\"border-radius:8px;padding-right:3em;padding-left:3em\"><img loading=\"lazy\" decoding=\"async\" width=\"2560\" height=\"1061\" class=\"wp-block-cover__image-background wp-image-3654\" alt=\"\" src=\"https:\/\/www.stepalong.com\/wp-content\/uploads\/2023\/11\/speaker-background.jpg\" data-object-fit=\"cover\" srcset=\"https:\/\/www.stepalong.com\/wp-content\/uploads\/2023\/11\/speaker-background.jpg 2560w, https:\/\/www.stepalong.com\/wp-content\/uploads\/2023\/11\/speaker-background-300x124.jpg 300w, https:\/\/www.stepalong.com\/wp-content\/uploads\/2023\/11\/speaker-background-1024x424.jpg 1024w, https:\/\/www.stepalong.com\/wp-content\/uploads\/2023\/11\/speaker-background-768x318.jpg 768w, https:\/\/www.stepalong.com\/wp-content\/uploads\/2023\/11\/speaker-background-1536x637.jpg 1536w, https:\/\/www.stepalong.com\/wp-content\/uploads\/2023\/11\/speaker-background-2048x849.jpg 2048w, https:\/\/www.stepalong.com\/wp-content\/uploads\/2023\/11\/speaker-background-18x7.jpg 18w\" sizes=\"auto, (max-width: 2560px) 100vw, 2560px\" \/><span aria-hidden=\"true\" class=\"wp-block-cover__background has-background-dim-70 has-background-dim\"><\/span><div class=\"wp-block-cover__inner-container is-layout-constrained wp-container-core-cover-is-layout-729e5ae5 wp-block-cover-is-layout-constrained\">\n<div class=\"wp-block-uagb-advanced-heading uagb-block-dd4ebf76\"><h2 class=\"uagb-heading-text\">Una herramienta dedicada para crear, publicar y gestionar tutoriales de productos.<\/h2><\/div>\n\n\n\n<div class=\"wp-block-columns is-layout-flex wp-container-core-columns-is-layout-28f84493 wp-block-columns-is-layout-flex\">\n<div class=\"wp-block-column is-layout-flow wp-block-column-is-layout-flow\" style=\"flex-basis:50%\">\n<p>StepAlong es una herramienta dedicada a crear, mantener y gestionar todos los aspectos de tutoriales, procedimientos e instrucciones de productos.<\/p>\n<\/div>\n\n\n\n<div class=\"wp-block-column is-layout-flow wp-block-column-is-layout-flow\" style=\"flex-basis:50%\">\n<p>Su enfoque estructurado te ayudar\u00e1 a producir tutoriales de productos mejores y m\u00e1s claros de manera m\u00e1s eficiente.<\/p>\n<\/div>\n<\/div>\n<\/div><\/div>\n\n\n\n<div style=\"height:var(--wp--preset--spacing--80)\" aria-hidden=\"true\" class=\"wp-block-spacer\"><\/div>\n\n\n\n<div class=\"wp-block-media-text is-stacked-on-mobile shadow rounded\"><figure class=\"wp-block-media-text__media\"><img loading=\"lazy\" decoding=\"async\" width=\"1024\" height=\"680\" src=\"https:\/\/www.stepalong.com\/wp-content\/uploads\/2023\/12\/customers-happy.jpg\" alt=\"Una pareja monta un mueble mientras sigue un StepAlong\" class=\"wp-image-3670 size-full\" srcset=\"https:\/\/www.stepalong.com\/wp-content\/uploads\/2023\/12\/customers-happy.jpg 1024w, https:\/\/www.stepalong.com\/wp-content\/uploads\/2023\/12\/customers-happy-300x199.jpg 300w, https:\/\/www.stepalong.com\/wp-content\/uploads\/2023\/12\/customers-happy-768x510.jpg 768w, https:\/\/www.stepalong.com\/wp-content\/uploads\/2023\/12\/customers-happy-18x12.jpg 18w\" sizes=\"auto, (max-width: 1024px) 100vw, 1024px\" \/><\/figure><div class=\"wp-block-media-text__content\">\n<h2 class=\"wp-block-heading\">Menos llamadas al servicio de atenci\u00f3n al cliente, m\u00e1s clientes satisfechos<\/h2>\n\n\n\n<p>Los clientes pueden devolver tus productos si les resulta dif\u00edcil usarlos o configurarlos.<\/p>\n\n\n\n<p>StepAlong te permite ser m\u00e1s efectivo con la configuraci\u00f3n y el uso de tus productos, de forma que tus clientes podr\u00e1n comenzar a trabajar m\u00e1s r\u00e1pido y con menos llamadas a tu soporte.<\/p>\n<\/div><\/div>\n\n\n\n<div style=\"height:var(--wp--preset--spacing--80)\" aria-hidden=\"true\" class=\"wp-block-spacer\"><\/div>\n\n\n\n<div class=\"wp-block-cover\" style=\"border-radius:16px;min-height:360px;aspect-ratio:unset;\"><img loading=\"lazy\" decoding=\"async\" width=\"1000\" height=\"750\" class=\"wp-block-cover__image-background wp-image-7388 size-full\" alt=\"\" src=\"https:\/\/www.stepalong.com\/wp-content\/uploads\/2025\/04\/rattan.jpg\" data-object-fit=\"cover\" srcset=\"https:\/\/www.stepalong.com\/wp-content\/uploads\/2025\/04\/rattan.jpg 1000w, https:\/\/www.stepalong.com\/wp-content\/uploads\/2025\/04\/rattan-300x225.jpg 300w, https:\/\/www.stepalong.com\/wp-content\/uploads\/2025\/04\/rattan-768x576.jpg 768w, https:\/\/www.stepalong.com\/wp-content\/uploads\/2025\/04\/rattan-16x12.jpg 16w\" sizes=\"auto, (max-width: 1000px) 100vw, 1000px\" \/><span aria-hidden=\"true\" class=\"wp-block-cover__background has-raft-fg-background-color has-background-dim-60 has-background-dim\"><\/span><div class=\"wp-block-cover__inner-container is-layout-constrained wp-block-cover-is-layout-constrained\">\n<div class=\"wp-block-columns is-layout-flex wp-container-core-columns-is-layout-4f8469d8 wp-block-columns-is-layout-flex\" style=\"padding-top:var(--wp--preset--spacing--60);padding-right:var(--wp--preset--spacing--60);padding-bottom:var(--wp--preset--spacing--60);padding-left:var(--wp--preset--spacing--60)\">\n<div class=\"wp-block-column is-vertically-aligned-center is-layout-flow wp-block-column-is-layout-flow\" style=\"flex-basis:33.33%\">\n<figure class=\"wp-block-image size-full\"><img loading=\"lazy\" decoding=\"async\" width=\"610\" height=\"150\" src=\"https:\/\/www.stepalong.com\/wp-content\/uploads\/2025\/04\/time4sleep-logo-white.png\" alt=\"Time4Sleep\" class=\"wp-image-7385\" srcset=\"https:\/\/www.stepalong.com\/wp-content\/uploads\/2025\/04\/time4sleep-logo-white.png 610w, https:\/\/www.stepalong.com\/wp-content\/uploads\/2025\/04\/time4sleep-logo-white-300x74.png 300w, https:\/\/www.stepalong.com\/wp-content\/uploads\/2025\/04\/time4sleep-logo-white-18x4.png 18w\" sizes=\"auto, (max-width: 610px) 100vw, 610px\" \/><\/figure>\n<\/div>\n\n\n\n<div class=\"wp-block-column is-layout-flow wp-block-column-is-layout-flow\" style=\"flex-basis:66.66%\">\n<p class=\"has-raft-bg-alt-color has-text-color has-link-color wp-elements-f4891054c9576b95ef229fdfd9205954\"><a href=\"https:\/\/www.stepalong.com\/es\/clientes-time4sleep\/\" data-type=\"page\" data-id=\"7376\">Time4Sleep y StepAlong<\/a><\/p>\n\n\n\n<p class=\"has-medium-font-size\"><strong>StepAlong permiti\u00f3 a Time4Sleep modernizar la informaci\u00f3n sobre los productos, eliminar los cuellos de botella en las actualizaciones y mejorar la experiencia del cliente con instrucciones claras y f\u00e1ciles de buscar.<\/strong><\/p>\n\n\n\n<div class=\"wp-block-buttons is-layout-flex wp-block-buttons-is-layout-flex\">\n<div class=\"wp-block-button is-style-outline is-style-outline--2\"><a class=\"wp-block-button__link wp-element-button\" href=\"https:\/\/www.stepalong.com\/es\/clientes-time4sleep\/\">Ver caso pr\u00e1ctico<\/a><\/div>\n<\/div>\n<\/div>\n<\/div>\n<\/div><\/div>\n\n\n\n<div style=\"height:var(--wp--preset--spacing--80)\" aria-hidden=\"true\" class=\"wp-block-spacer\"><\/div>\n\n\n\n<div class=\"wp-block-columns is-layout-flex wp-container-core-columns-is-layout-14cf5ab5 wp-block-columns-is-layout-flex\">\n<div class=\"wp-block-column is-layout-flow wp-block-column-is-layout-flow\">\n<div class=\"wp-block-group feature is-layout-constrained wp-block-group-is-layout-constrained\">\n<div class=\"wp-block-columns is-layout-flex wp-container-core-columns-is-layout-cbe57604 wp-block-columns-is-layout-flex\">\n<div class=\"wp-block-column is-layout-flow wp-block-column-is-layout-flow\">\n<figure class=\"wp-block-image size-large rounded\"><img loading=\"lazy\" decoding=\"async\" width=\"1024\" height=\"1024\" src=\"https:\/\/www.stepalong.com\/wp-content\/uploads\/2025\/08\/stepalong-roi-calculator-1024x1024.webp\" alt=\"Calculadora de ROI de StepAlong\" class=\"wp-image-8026\" srcset=\"https:\/\/www.stepalong.com\/wp-content\/uploads\/2025\/08\/stepalong-roi-calculator-1024x1024.webp 1024w, https:\/\/www.stepalong.com\/wp-content\/uploads\/2025\/08\/stepalong-roi-calculator-300x300.webp 300w, https:\/\/www.stepalong.com\/wp-content\/uploads\/2025\/08\/stepalong-roi-calculator-150x150.webp 150w, https:\/\/www.stepalong.com\/wp-content\/uploads\/2025\/08\/stepalong-roi-calculator-768x768.webp 768w, https:\/\/www.stepalong.com\/wp-content\/uploads\/2025\/08\/stepalong-roi-calculator-12x12.webp 12w, https:\/\/www.stepalong.com\/wp-content\/uploads\/2025\/08\/stepalong-roi-calculator.webp 1420w\" sizes=\"auto, (max-width: 1024px) 100vw, 1024px\" \/><\/figure>\n<\/div>\n\n\n\n<div class=\"wp-block-column is-layout-flow wp-block-column-is-layout-flow\">\n<h3 class=\"wp-block-heading\">Calcula tus posibles ahorros<\/h3>\n\n\n\n<p>Descubre cu\u00e1nto puede ahorrar tu empresa al cambiar a la plataforma de instrucciones digitales con IA de StepAlong.<\/p>\n\n\n\n<div style=\"height:0px\" aria-hidden=\"true\" class=\"wp-block-spacer\"><\/div>\n<\/div>\n<\/div>\n\n\n\n<div style=\"height:1em\" aria-hidden=\"true\" class=\"wp-block-spacer\"><\/div>\n\n\n\n<div class=\"wp-block-buttons is-content-justification-center is-layout-flex wp-container-core-buttons-is-layout-a89b3969 wp-block-buttons-is-layout-flex\">\n<div class=\"wp-block-button is-style-outline is-style-outline--3\"><a class=\"wp-block-button__link has-custom-purple-color has-text-color has-link-color has-border-color has-custom-purple-border-color wp-element-button\" href=\"https:\/\/www.stepalong.com\/es\/calculadora-roi\/\">Calcule su ahorro<\/a><\/div>\n<\/div>\n<\/div>\n<\/div>\n\n\n\n<div class=\"wp-block-column is-vertically-aligned-center is-layout-flow wp-block-column-is-layout-flow\">\n<p>En StepAlong, nos hemos centrado en lo que necesitan los clientes para disfrutar de una gran experiencia de instrucciones sobre productos:<\/p>\n\n\n\n<ul class=\"wp-block-list\">\n<li><strong>Mobile-first<\/strong><br>No es necesario descargar la aplicaci\u00f3n, basta con abrirla y seguirla<\/li>\n\n\n\n<li><strong>Claridad paso a paso<\/strong><br>Una estructura l\u00f3gica, paso a paso, para mayor claridad<\/li>\n\n\n\n<li><strong>Formatos flexibles<\/strong><br>PDF descargables para quienes los prefieran<\/li>\n\n\n\n<li><strong>F\u00e1cil acceso<\/strong><br>Accesible a trav\u00e9s de Google, ChatGPT y otros motores de b\u00fasqueda<\/li>\n\n\n\n<li><strong>Soporte multiling\u00fce<\/strong><br>Instrucciones en el idioma de sus clientes<\/li>\n<\/ul>\n\n\n\n<div style=\"height:1em\" aria-hidden=\"true\" class=\"wp-block-spacer\"><\/div>\n\n\n\n<div class=\"wp-block-buttons is-content-justification-center is-layout-flex wp-container-core-buttons-is-layout-a89b3969 wp-block-buttons-is-layout-flex\">\n<div class=\"wp-block-button is-style-fill\"><a class=\"wp-block-button__link has-raft-fg-alt-color has-custom-purple-background-color has-text-color has-background has-link-color has-text-align-center wp-element-button\" href=\"https:\/\/www.stepalong.com\/es\/reserve-una-demostracion\/\">Solicita una Demo<\/a><\/div>\n<\/div>\n<\/div>\n<\/div>\n\n\n\n<p><\/p>","protected":false},"excerpt":{"rendered":"<p>Sus instrucciones en PDF no funcionan \u00bfHa invertido tiempo y dinero en crear una gran marca para luego estropearla con unas instrucciones de configuraci\u00f3n y uso deficientes? StepAlong es una poderosa manera para que las empresas de productos de consumo creen tutoriales de productos que realmente ayuden a sus clientes (y no maldigan el PDF de mierda). El tutorial de tu producto donde [...]<\/p>","protected":false},"author":1,"featured_media":0,"parent":0,"menu_order":0,"comment_status":"closed","ping_status":"closed","template":"wp-custom-template-landing-page-b","meta":{"content-type":"","_uag_custom_page_level_css":"","footnotes":""},"class_list":["post-3494","page","type-page","status-publish","hentry"],"aioseo_notices":[],"mb":[],"uagb_featured_image_src":{"full":false,"thumbnail":false,"medium":false,"medium_large":false,"large":false,"1536x1536":false,"2048x2048":false,"trp-custom-language-flag":false},"uagb_author_info":{"display_name":"Sergi S\u00e1nchez Mancha","author_link":"https:\/\/www.stepalong.com\/es\/author\/sergiostepalong-com\/"},"uagb_comment_info":0,"uagb_excerpt":"Your PDF instructions aren&#8217;t working Have you spent time and money creating a great brand, then spoil it with poor setup and usage instructions? StepAlong is a powerful way for consumer product companies to create product tutorials that really help their customers (and not swear and curse the crappy PDF). Your product tutorial where it&hellip;","mfb_rest_fields":["title","aioseo_notices","uagb_featured_image_src","uagb_author_info","uagb_comment_info","uagb_excerpt"],"_links":{"self":[{"href":"https:\/\/www.stepalong.com\/es\/wp-json\/wp\/v2\/pages\/3494","targetHints":{"allow":["GET"]}}],"collection":[{"href":"https:\/\/www.stepalong.com\/es\/wp-json\/wp\/v2\/pages"}],"about":[{"href":"https:\/\/www.stepalong.com\/es\/wp-json\/wp\/v2\/types\/page"}],"author":[{"embeddable":true,"href":"https:\/\/www.stepalong.com\/es\/wp-json\/wp\/v2\/users\/1"}],"replies":[{"embeddable":true,"href":"https:\/\/www.stepalong.com\/es\/wp-json\/wp\/v2\/comments?post=3494"}],"version-history":[{"count":60,"href":"https:\/\/www.stepalong.com\/es\/wp-json\/wp\/v2\/pages\/3494\/revisions"}],"predecessor-version":[{"id":8010,"href":"https:\/\/www.stepalong.com\/es\/wp-json\/wp\/v2\/pages\/3494\/revisions\/8010"}],"wp:attachment":[{"href":"https:\/\/www.stepalong.com\/es\/wp-json\/wp\/v2\/media?parent=3494"}],"curies":[{"name":"wp","href":"https:\/\/api.w.org\/{rel}","templated":true}]}}