{"id":3229,"date":"2023-10-12T16:02:55","date_gmt":"2023-10-12T14:02:55","guid":{"rendered":"https:\/\/www.stepalong.com\/?page_id=3229"},"modified":"2025-08-27T20:40:48","modified_gmt":"2025-08-27T18:40:48","slug":"caracteristicas","status":"publish","type":"page","link":"https:\/\/www.stepalong.com\/es\/caracteristicas\/","title":{"rendered":"Funcionalidades de StepAlong"},"content":{"rendered":"<p class=\"has-large-font-size\"><strong>StepAlong es una herramienta basada en IA para crear instrucciones de producto eficaces que mejoren la experiencia del cliente.<\/strong><\/p>\n\n\n\n<p>Crea sin esfuerzo experiencias para instrucciones de producto sin frustraciones, simplificadas mediante IA.<\/p>\n\n\n\n<p>Se centra en marcas de consumo con productos y proyectos f\u00edsicos y reales.<\/p>\n\n\n\n<div class=\"wp-block-buttons is-layout-flex wp-block-buttons-is-layout-flex\">\n<div class=\"wp-block-button\"><a class=\"wp-block-button__link wp-element-button\" href=\"https:\/\/www.stepalong.com\/es\/reserve-una-demostracion\/\" style=\"border-style:none;border-width:0px\">Solicita una Demo<\/a><\/div>\n<\/div>\n\n\n\n<div style=\"height:4em\" aria-hidden=\"true\" class=\"wp-block-spacer\"><\/div>\n\n\n\n<div class=\"wp-block-columns is-layout-flex wp-container-core-columns-is-layout-14cf5ab5 wp-block-columns-is-layout-flex\">\n<div class=\"wp-block-column is-layout-flow wp-block-column-is-layout-flow\" style=\"flex-basis:50%\">\n<div class=\"wp-block-uagb-advanced-heading uagb-block-ea1f6497\"><h2 class=\"uagb-heading-text\">El StepAlong player<\/h2><\/div>\n\n\n\n<p>Sustituye a los confusos PDF y a los frustrantes v\u00eddeos, ofreciendo una nueva forma de seguir las instrucciones de los productos centrada en el usuario.<\/p>\n\n\n\n<ul class=\"wp-block-list\">\n<li>Completa la tarea a tu propio ritmo.<\/li>\n\n\n\n<li>Un enfoque paso a paso para la desglosar la complejidad.<\/li>\n\n\n\n<li>Posibilidad de pedir ayuda contextual al autor.<\/li>\n\n\n\n<li>Funciona en todos los dispositivos.<\/li>\n<\/ul>\n<\/div>\n\n\n\n<div class=\"wp-block-column is-layout-flow wp-block-column-is-layout-flow\" style=\"flex-basis:50%\">\n<figure class=\"wp-block-image size-full\"><img loading=\"lazy\" decoding=\"async\" width=\"1175\" height=\"875\" src=\"https:\/\/www.stepalong.com\/wp-content\/uploads\/2024\/08\/StepAlong-player-1.png\" alt=\"StepAlong-player\" class=\"wp-image-5256\" srcset=\"https:\/\/www.stepalong.com\/wp-content\/uploads\/2024\/08\/StepAlong-player-1.png 1175w, https:\/\/www.stepalong.com\/wp-content\/uploads\/2024\/08\/StepAlong-player-1-300x223.png 300w, https:\/\/www.stepalong.com\/wp-content\/uploads\/2024\/08\/StepAlong-player-1-1024x763.png 1024w, https:\/\/www.stepalong.com\/wp-content\/uploads\/2024\/08\/StepAlong-player-1-768x572.png 768w, https:\/\/www.stepalong.com\/wp-content\/uploads\/2024\/08\/StepAlong-player-1-16x12.png 16w\" sizes=\"auto, (max-width: 1175px) 100vw, 1175px\" \/><\/figure>\n<\/div>\n<\/div>\n\n\n\n<div style=\"height:4em\" aria-hidden=\"true\" class=\"wp-block-spacer\"><\/div>\n\n\n\n<div class=\"wp-block-columns is-layout-flex wp-container-core-columns-is-layout-14cf5ab5 wp-block-columns-is-layout-flex\">\n<div class=\"wp-block-column is-layout-flow wp-block-column-is-layout-flow\" style=\"flex-basis:50%\">\n<figure class=\"wp-block-image size-large\"><img loading=\"lazy\" decoding=\"async\" width=\"1024\" height=\"723\" src=\"https:\/\/www.stepalong.com\/wp-content\/uploads\/2024\/08\/StepAlong-Shopify-1024x723.png\" alt=\"Shopify por etapas\" class=\"wp-image-5237\" srcset=\"https:\/\/www.stepalong.com\/wp-content\/uploads\/2024\/08\/StepAlong-Shopify-1024x723.png 1024w, https:\/\/www.stepalong.com\/wp-content\/uploads\/2024\/08\/StepAlong-Shopify-300x212.png 300w, https:\/\/www.stepalong.com\/wp-content\/uploads\/2024\/08\/StepAlong-Shopify-768x542.png 768w, https:\/\/www.stepalong.com\/wp-content\/uploads\/2024\/08\/StepAlong-Shopify-18x12.png 18w, https:\/\/www.stepalong.com\/wp-content\/uploads\/2024\/08\/StepAlong-Shopify.png 1405w\" sizes=\"auto, (max-width: 1024px) 100vw, 1024px\" \/><\/figure>\n<\/div>\n\n\n\n<div class=\"wp-block-column is-layout-flow wp-block-column-is-layout-flow\" style=\"flex-basis:50%\">\n<h2 class=\"wp-block-heading\">Publicaci\u00f3n flexible<\/h2>\n\n\n\n<p>Publica en cualquier lugar y en todas partes:<\/p>\n\n\n\n<ul class=\"wp-block-list\">\n<li>Tan f\u00e1cil como a\u00f1adir un v\u00eddeo de YouTube.<\/li>\n\n\n\n<li>Shopify y WooCommerce.<\/li>\n\n\n\n<li>Sitios web asociados.<\/li>\n\n\n\n<li>Publicaci\u00f3n privada con c\u00f3digo de acceso.<\/li>\n\n\n\n<li>Opciones para compartir.<\/li>\n\n\n\n<li>Generador de QR integrado.<\/li>\n<\/ul>\n<\/div>\n<\/div>\n\n\n\n<div style=\"height:4em\" aria-hidden=\"true\" class=\"wp-block-spacer\"><\/div>\n\n\n\n<div class=\"wp-block-columns is-layout-flex wp-container-core-columns-is-layout-14cf5ab5 wp-block-columns-is-layout-flex\">\n<div class=\"wp-block-column is-layout-flow wp-block-column-is-layout-flow\" style=\"flex-basis:50%\">\n<h2 class=\"wp-block-heading\">Reutiliza instrucciones existentes con IA<\/h2>\n\n\n\n<p>A\u00f1ade la URL de tu v\u00eddeo de YouTube o copia y pega tu texto y StepAlong har\u00e1 el resto.<\/p>\n\n\n\n<ul class=\"wp-block-list\">\n<li>Conversi\u00f3n asistida por IA de tutoriales de productos, manuales o instrucciones pr\u00e1cticas.<\/li>\n\n\n\n<li>Transforma los v\u00eddeos en un StepAlong centrado que los clientes pueden seguir a su propio ritmo.<\/li>\n\n\n\n<li>Transforma las instrucciones escritas en un documento estructurado y f\u00e1cil de consultar.<\/li>\n\n\n\n<li>Permite a los clientes elegir cu\u00e1ndo pasar al siguiente paso y volver atr\u00e1s f\u00e1cilmente.<\/li>\n<\/ul>\n\n\n\n<p><a href=\"https:\/\/www.stepalong.com\/es\/reutilizacion-de-contenidos-de-youtube-en-tutoriales-de-productos-mejorados-con-ai\/\" title=\"Reutilizaci\u00f3n de v\u00eddeos de YouTube en tutoriales de productos mejorados con IA\">M\u00e1s informaci\u00f3n sobre la reutilizaci\u00f3n de contenidos con IA<\/a><\/p>\n<\/div>\n\n\n\n<div class=\"wp-block-column is-layout-flow wp-block-column-is-layout-flow\" style=\"flex-basis:50%\">\n<figure class=\"wp-block-image size-full\"><img loading=\"lazy\" decoding=\"async\" width=\"739\" height=\"749\" src=\"https:\/\/www.stepalong.com\/wp-content\/uploads\/2024\/08\/YouTube-to-StepAlong-1.png\" alt=\"YouTube a StepAlong\" class=\"wp-image-5242\" srcset=\"https:\/\/www.stepalong.com\/wp-content\/uploads\/2024\/08\/YouTube-to-StepAlong-1.png 739w, https:\/\/www.stepalong.com\/wp-content\/uploads\/2024\/08\/YouTube-to-StepAlong-1-296x300.png 296w, https:\/\/www.stepalong.com\/wp-content\/uploads\/2024\/08\/YouTube-to-StepAlong-1-12x12.png 12w\" sizes=\"auto, (max-width: 739px) 100vw, 739px\" \/><\/figure>\n<\/div>\n<\/div>\n\n\n\n<div style=\"height:4em\" aria-hidden=\"true\" class=\"wp-block-spacer\"><\/div>\n\n\n\n<div class=\"wp-block-columns is-layout-flex wp-container-core-columns-is-layout-14cf5ab5 wp-block-columns-is-layout-flex\">\n<div class=\"wp-block-column is-layout-flow wp-block-column-is-layout-flow\" style=\"flex-basis:50%\">\n<figure class=\"wp-block-image size-large\"><img loading=\"lazy\" decoding=\"async\" width=\"1024\" height=\"664\" src=\"https:\/\/www.stepalong.com\/wp-content\/uploads\/2024\/08\/StepAlong-dashboard-1-1024x664.png\" alt=\"Tablero StepAlong\" class=\"wp-image-5246\" srcset=\"https:\/\/www.stepalong.com\/wp-content\/uploads\/2024\/08\/StepAlong-dashboard-1-1024x664.png 1024w, https:\/\/www.stepalong.com\/wp-content\/uploads\/2024\/08\/StepAlong-dashboard-1-300x195.png 300w, https:\/\/www.stepalong.com\/wp-content\/uploads\/2024\/08\/StepAlong-dashboard-1-768x498.png 768w, https:\/\/www.stepalong.com\/wp-content\/uploads\/2024\/08\/StepAlong-dashboard-1-1536x996.png 1536w, https:\/\/www.stepalong.com\/wp-content\/uploads\/2024\/08\/StepAlong-dashboard-1-18x12.png 18w, https:\/\/www.stepalong.com\/wp-content\/uploads\/2024\/08\/StepAlong-dashboard-1.png 1540w\" sizes=\"auto, (max-width: 1024px) 100vw, 1024px\" \/><\/figure>\n<\/div>\n\n\n\n<div class=\"wp-block-column is-layout-flow wp-block-column-is-layout-flow\" style=\"flex-basis:50%\">\n<h2 class=\"wp-block-heading\">Crea y actualiza en un \u00fanico panel<\/h2>\n\n\n\n<p>Una herramienta dedicada a tutoriales sobre productos y procedimientos.<\/p>\n\n\n\n<ul class=\"wp-block-list\">\n<li>Construye en cualquier lugar: en tu tel\u00e9fono o en tu escritorio.<\/li>\n\n\n\n<li>Garantiza la estructura y la coherencia de tus instrucciones.<\/li>\n\n\n\n<li>A\u00f1ade im\u00e1genes, v\u00eddeos y texto para una orientaci\u00f3n visual clara.<\/li>\n<\/ul>\n<\/div>\n<\/div>\n\n\n\n<div style=\"height:4em\" aria-hidden=\"true\" class=\"wp-block-spacer\"><\/div>\n\n\n\n<div class=\"wp-block-columns is-layout-flex wp-container-core-columns-is-layout-14cf5ab5 wp-block-columns-is-layout-flex\">\n<div class=\"wp-block-column is-layout-flow wp-block-column-is-layout-flow\" style=\"flex-basis:50%\">\n<h2 class=\"wp-block-heading\">Mide el \u00e9xito instruccional<\/h2>\n\n\n\n<p>Actualice, clarifique y mejore su StepAlong con la ayuda de la anal\u00edtica instructiva de una forma que nunca antes hab\u00eda tenido:<\/p>\n\n\n\n<ul class=\"wp-block-list\">\n<li>Valoraciones de los usuarios sobre la realizaci\u00f3n de tareas y la experiencia.<\/li>\n\n\n\n<li>Anal\u00edtica: referencias, visualizaciones y finalizaciones.<\/li>\n\n\n\n<li>Recibe informaci\u00f3n sobre pasos confusos.<\/li>\n<\/ul>\n<\/div>\n\n\n\n<div class=\"wp-block-column is-layout-flow wp-block-column-is-layout-flow\" style=\"flex-basis:50%\">\n<figure class=\"wp-block-image size-large\"><img loading=\"lazy\" decoding=\"async\" width=\"1024\" height=\"978\" src=\"https:\/\/www.stepalong.com\/wp-content\/uploads\/2024\/08\/StepAlong-analytics-1024x978.png\" alt=\"StepAlong-analytics\" class=\"wp-image-5247\" srcset=\"https:\/\/www.stepalong.com\/wp-content\/uploads\/2024\/08\/StepAlong-analytics-1024x978.png 1024w, https:\/\/www.stepalong.com\/wp-content\/uploads\/2024\/08\/StepAlong-analytics-300x287.png 300w, https:\/\/www.stepalong.com\/wp-content\/uploads\/2024\/08\/StepAlong-analytics-768x734.png 768w, https:\/\/www.stepalong.com\/wp-content\/uploads\/2024\/08\/StepAlong-analytics-13x12.png 13w, https:\/\/www.stepalong.com\/wp-content\/uploads\/2024\/08\/StepAlong-analytics.png 1124w\" sizes=\"auto, (max-width: 1024px) 100vw, 1024px\" \/><\/figure>\n<\/div>\n<\/div>\n\n\n\n<div style=\"height:4em\" aria-hidden=\"true\" class=\"wp-block-spacer\"><\/div>\n\n\n\n<div class=\"wp-block-columns is-layout-flex wp-container-core-columns-is-layout-14cf5ab5 wp-block-columns-is-layout-flex\">\n<div class=\"wp-block-column is-layout-flow wp-block-column-is-layout-flow\" style=\"flex-basis:50%\">\n<figure class=\"wp-block-image size-large\"><img loading=\"lazy\" decoding=\"async\" width=\"1024\" height=\"786\" src=\"https:\/\/www.stepalong.com\/wp-content\/uploads\/2024\/08\/StepAlong-translations-1024x786.png\" alt=\"StepAlong-translations\" class=\"wp-image-5248\" srcset=\"https:\/\/www.stepalong.com\/wp-content\/uploads\/2024\/08\/StepAlong-translations-1024x786.png 1024w, https:\/\/www.stepalong.com\/wp-content\/uploads\/2024\/08\/StepAlong-translations-300x230.png 300w, https:\/\/www.stepalong.com\/wp-content\/uploads\/2024\/08\/StepAlong-translations-768x590.png 768w, https:\/\/www.stepalong.com\/wp-content\/uploads\/2024\/08\/StepAlong-translations-16x12.png 16w, https:\/\/www.stepalong.com\/wp-content\/uploads\/2024\/08\/StepAlong-translations.png 1124w\" sizes=\"auto, (max-width: 1024px) 100vw, 1024px\" \/><\/figure>\n<\/div>\n\n\n\n<div class=\"wp-block-column is-layout-flow wp-block-column-is-layout-flow\" style=\"flex-basis:50%\">\n<h2 class=\"wp-block-heading\">Traducciones f\u00e1ciles<\/h2>\n\n\n\n<p>Traducciones AI sensibles al contexto y de alta calidad.<\/p>\n\n\n\n<ul class=\"wp-block-list\">\n<li>Una sencilla interfaz te permite revisar y actualizar todas las traducciones.<\/li>\n\n\n\n<li>A\u00f1ade colaboradores para revisar y trabajar en las traducciones.<\/li>\n\n\n\n<li>El contenido multiling\u00fce aumenta la visibilidad de tus productos en los resultados de b\u00fasqueda internacionales.<\/li>\n<\/ul>\n\n\n\n<p><a href=\"https:\/\/www.stepalong.com\/es\/traduccion-de-instrucciones-de-productos-ai\/\">M\u00e1s informaci\u00f3n sobre nuestra traducci\u00f3n asistida por IA<\/a><\/p>\n<\/div>\n<\/div>\n\n\n\n<div style=\"height:4em\" aria-hidden=\"true\" class=\"wp-block-spacer\"><\/div>\n\n\n\n<div class=\"wp-block-columns is-layout-flex wp-container-core-columns-is-layout-14cf5ab5 wp-block-columns-is-layout-flex\">\n<div class=\"wp-block-column is-layout-flow wp-block-column-is-layout-flow\">\n<h2 class=\"wp-block-heading\">Centro de Instrucciones<\/h2>\n\n\n\n<p>Una base de conocimientos para las instrucciones de tus productos:<\/p>\n\n\n\n<ul class=\"wp-block-list\">\n<li>Alojado en un subdominio personalizado de su sitio web, por ejemplo instrucciones.susitio.com<\/li>\n\n\n\n<li>Con tu imagen de marca.<\/li>\n\n\n\n<li>Control total a trav\u00e9s del panel de control de StepAlong.<\/li>\n<\/ul>\n<\/div>\n\n\n\n<div class=\"wp-block-column is-layout-flow wp-block-column-is-layout-flow\">\n<figure class=\"wp-block-image size-large\"><img loading=\"lazy\" decoding=\"async\" width=\"1024\" height=\"773\" src=\"https:\/\/www.stepalong.com\/wp-content\/uploads\/2024\/08\/StepAlong-Instruction-Center-1024x773.png\" alt=\"StepAlong-Instruction-Center\" class=\"wp-image-5251\" srcset=\"https:\/\/www.stepalong.com\/wp-content\/uploads\/2024\/08\/StepAlong-Instruction-Center-1024x773.png 1024w, https:\/\/www.stepalong.com\/wp-content\/uploads\/2024\/08\/StepAlong-Instruction-Center-300x227.png 300w, https:\/\/www.stepalong.com\/wp-content\/uploads\/2024\/08\/StepAlong-Instruction-Center-768x580.png 768w, https:\/\/www.stepalong.com\/wp-content\/uploads\/2024\/08\/StepAlong-Instruction-Center-16x12.png 16w, https:\/\/www.stepalong.com\/wp-content\/uploads\/2024\/08\/StepAlong-Instruction-Center.png 1189w\" sizes=\"auto, (max-width: 1024px) 100vw, 1024px\" \/><\/figure>\n<\/div>\n<\/div>\n\n\n\n<div style=\"height:4em\" aria-hidden=\"true\" class=\"wp-block-spacer\"><\/div>\n\n\n\n<div class=\"wp-block-columns is-layout-flex wp-container-core-columns-is-layout-14cf5ab5 wp-block-columns-is-layout-flex\">\n<div class=\"wp-block-column is-layout-flow wp-block-column-is-layout-flow\">\n<figure class=\"wp-block-image size-large\"><img loading=\"lazy\" decoding=\"async\" width=\"1024\" height=\"870\" src=\"https:\/\/www.stepalong.com\/wp-content\/uploads\/2024\/08\/StepAlong-pdf-1-1024x870.png\" alt=\"StepAlong-pdf\" class=\"wp-image-5258\" srcset=\"https:\/\/www.stepalong.com\/wp-content\/uploads\/2024\/08\/StepAlong-pdf-1-1024x870.png 1024w, https:\/\/www.stepalong.com\/wp-content\/uploads\/2024\/08\/StepAlong-pdf-1-300x255.png 300w, https:\/\/www.stepalong.com\/wp-content\/uploads\/2024\/08\/StepAlong-pdf-1-768x653.png 768w, https:\/\/www.stepalong.com\/wp-content\/uploads\/2024\/08\/StepAlong-pdf-1-14x12.png 14w, https:\/\/www.stepalong.com\/wp-content\/uploads\/2024\/08\/StepAlong-pdf-1.png 1354w\" sizes=\"auto, (max-width: 1024px) 100vw, 1024px\" \/><\/figure>\n<\/div>\n\n\n\n<div class=\"wp-block-column is-layout-flow wp-block-column-is-layout-flow\">\n<h2 class=\"wp-block-heading\">Generaci\u00f3n PDF<\/h2>\n\n\n\n<p>Versi\u00f3n imprimible \/ PDF del StepAlong para los usuarios finales que a\u00fan lo valoran.<\/p>\n\n\n\n<ul class=\"wp-block-list\">\n<li>Tama\u00f1o de letra adecuado para facilitar la lectura.<\/li>\n\n\n\n<li>C\u00f3digo QR para tener siempre la versi\u00f3n en l\u00ednea como referencia.<\/li>\n\n\n\n<li>Im\u00e1genes que utilizan el dise\u00f1o completo, para que los usuarios puedan ver todos los detalles.<\/li>\n\n\n\n<li>Los PDF pueden generarse en todos los idiomas en los que haya creado sus instrucciones.<\/li>\n<\/ul>\n<\/div>\n<\/div>\n\n\n\n<div style=\"height:100px\" aria-hidden=\"true\" class=\"wp-block-spacer\"><\/div>\n\n\n\n<div class=\"wp-block-columns is-layout-flex wp-container-core-columns-is-layout-14cf5ab5 wp-block-columns-is-layout-flex\">\n<div class=\"wp-block-column is-layout-flow wp-block-column-is-layout-flow\">\n<div class=\"wp-block-group feature is-layout-constrained wp-block-group-is-layout-constrained\">\n<div class=\"wp-block-columns is-layout-flex wp-container-core-columns-is-layout-cbe57604 wp-block-columns-is-layout-flex\">\n<div class=\"wp-block-column is-layout-flow wp-block-column-is-layout-flow\">\n<figure class=\"wp-block-image size-large rounded\"><img loading=\"lazy\" decoding=\"async\" width=\"1024\" height=\"1024\" src=\"https:\/\/www.stepalong.com\/wp-content\/uploads\/2025\/08\/stepalong-roi-calculator-1024x1024.webp\" alt=\"Calculadora de ROI de StepAlong\" class=\"wp-image-8026\" srcset=\"https:\/\/www.stepalong.com\/wp-content\/uploads\/2025\/08\/stepalong-roi-calculator-1024x1024.webp 1024w, https:\/\/www.stepalong.com\/wp-content\/uploads\/2025\/08\/stepalong-roi-calculator-300x300.webp 300w, https:\/\/www.stepalong.com\/wp-content\/uploads\/2025\/08\/stepalong-roi-calculator-150x150.webp 150w, https:\/\/www.stepalong.com\/wp-content\/uploads\/2025\/08\/stepalong-roi-calculator-768x768.webp 768w, https:\/\/www.stepalong.com\/wp-content\/uploads\/2025\/08\/stepalong-roi-calculator-12x12.webp 12w, https:\/\/www.stepalong.com\/wp-content\/uploads\/2025\/08\/stepalong-roi-calculator.webp 1420w\" sizes=\"auto, (max-width: 1024px) 100vw, 1024px\" \/><\/figure>\n<\/div>\n\n\n\n<div class=\"wp-block-column is-layout-flow wp-block-column-is-layout-flow\">\n<h3 class=\"wp-block-heading\">Calcula tus posibles ahorros<\/h3>\n\n\n\n<p>Descubre cu\u00e1nto puede ahorrar tu empresa al cambiar a la plataforma de instrucciones digitales con IA de StepAlong.<\/p>\n\n\n\n<div style=\"height:0px\" aria-hidden=\"true\" class=\"wp-block-spacer\"><\/div>\n<\/div>\n<\/div>\n\n\n\n<div style=\"height:1em\" aria-hidden=\"true\" class=\"wp-block-spacer\"><\/div>\n\n\n\n<div class=\"wp-block-buttons is-content-justification-center is-layout-flex wp-container-core-buttons-is-layout-a89b3969 wp-block-buttons-is-layout-flex\">\n<div class=\"wp-block-button is-style-outline is-style-outline--1\"><a class=\"wp-block-button__link has-custom-purple-color has-text-color has-link-color has-border-color has-custom-purple-border-color wp-element-button\" href=\"https:\/\/www.stepalong.com\/es\/calculadora-roi\/\">Calcule su ahorro<\/a><\/div>\n<\/div>\n<\/div>\n<\/div>\n\n\n\n<div class=\"wp-block-column is-vertically-aligned-center is-layout-flow wp-block-column-is-layout-flow\">\n<p>En StepAlong, nos hemos centrado en lo que necesitan los clientes para disfrutar de una gran experiencia de instrucciones sobre productos:<\/p>\n\n\n\n<ul class=\"wp-block-list\">\n<li><strong>Mobile-first<\/strong><br>No es necesario descargar la aplicaci\u00f3n, basta con abrirla y seguirla<\/li>\n\n\n\n<li><strong>Claridad paso a paso<\/strong><br>Una estructura l\u00f3gica, paso a paso, para mayor claridad<\/li>\n\n\n\n<li><strong>Formatos flexibles<\/strong><br>PDF descargables para quienes los prefieran<\/li>\n\n\n\n<li><strong>F\u00e1cil acceso<\/strong><br>Accesible a trav\u00e9s de Google, ChatGPT y otros motores de b\u00fasqueda<\/li>\n\n\n\n<li><strong>Soporte multiling\u00fce<\/strong><br>Instrucciones en el idioma de sus clientes<\/li>\n<\/ul>\n\n\n\n<div style=\"height:1em\" aria-hidden=\"true\" class=\"wp-block-spacer\"><\/div>\n\n\n\n<div class=\"wp-block-buttons is-content-justification-center is-layout-flex wp-container-core-buttons-is-layout-a89b3969 wp-block-buttons-is-layout-flex\">\n<div class=\"wp-block-button is-style-fill\"><a class=\"wp-block-button__link has-raft-fg-alt-color has-custom-purple-background-color has-text-color has-background has-link-color has-text-align-center wp-element-button\" href=\"https:\/\/www.stepalong.com\/es\/reserve-una-demostracion\/\">Solicita una Demo<\/a><\/div>\n<\/div>\n<\/div>\n<\/div>","protected":false},"excerpt":{"rendered":"<p>StepAlong es una herramienta basada en IA para crear instrucciones de producto eficaces que mejoran la experiencia del cliente Construye experiencias sin frustraciones con instrucciones de producto sin esfuerzo, simplificadas por la IA. Se centra en marcas de consumo con productos y proyectos f\u00edsicos y reales. El reproductor StepAlong sustituye a los confusos PDF y a los frustrantes v\u00eddeos, ofreciendo una nueva forma de seguir las [...]<\/p>","protected":false},"author":1,"featured_media":0,"parent":0,"menu_order":0,"comment_status":"closed","ping_status":"closed","template":"wp-custom-template-landing-page","meta":{"content-type":"","_uag_custom_page_level_css":"","footnotes":""},"class_list":["post-3229","page","type-page","status-publish","hentry"],"aioseo_notices":[],"mb":[],"uagb_featured_image_src":{"full":false,"thumbnail":false,"medium":false,"medium_large":false,"large":false,"1536x1536":false,"2048x2048":false,"trp-custom-language-flag":false},"uagb_author_info":{"display_name":"Sergi S\u00e1nchez Mancha","author_link":"https:\/\/www.stepalong.com\/es\/author\/sergiostepalong-com\/"},"uagb_comment_info":0,"uagb_excerpt":"StepAlong is an AI powered tool to create effective product instructions that improve the customer experience Build frustration-free experiences with effortless product instructions, made simple by AI. Focussed on consumer brands with physical, real life products and projects. The StepAlong Player Replaces confusing PDFs and frustrating videos, offering a new, user-focused way to follow product&hellip;","mfb_rest_fields":["title","aioseo_notices","uagb_featured_image_src","uagb_author_info","uagb_comment_info","uagb_excerpt"],"_links":{"self":[{"href":"https:\/\/www.stepalong.com\/es\/wp-json\/wp\/v2\/pages\/3229","targetHints":{"allow":["GET"]}}],"collection":[{"href":"https:\/\/www.stepalong.com\/es\/wp-json\/wp\/v2\/pages"}],"about":[{"href":"https:\/\/www.stepalong.com\/es\/wp-json\/wp\/v2\/types\/page"}],"author":[{"embeddable":true,"href":"https:\/\/www.stepalong.com\/es\/wp-json\/wp\/v2\/users\/1"}],"replies":[{"embeddable":true,"href":"https:\/\/www.stepalong.com\/es\/wp-json\/wp\/v2\/comments?post=3229"}],"version-history":[{"count":84,"href":"https:\/\/www.stepalong.com\/es\/wp-json\/wp\/v2\/pages\/3229\/revisions"}],"predecessor-version":[{"id":8009,"href":"https:\/\/www.stepalong.com\/es\/wp-json\/wp\/v2\/pages\/3229\/revisions\/8009"}],"wp:attachment":[{"href":"https:\/\/www.stepalong.com\/es\/wp-json\/wp\/v2\/media?parent=3229"}],"curies":[{"name":"wp","href":"https:\/\/api.w.org\/{rel}","templated":true}]}}