{"id":2806,"date":"2023-07-04T14:57:01","date_gmt":"2023-07-04T14:57:01","guid":{"rendered":"https:\/\/stepalong.com\/?page_id=2806"},"modified":"2024-04-18T20:15:52","modified_gmt":"2024-04-18T18:15:52","slug":"politica-de-privacidad","status":"publish","type":"page","link":"https:\/\/www.stepalong.com\/es\/politica-de-privacidad\/","title":{"rendered":"Pol\u00edtica de privacidad de StepAlong"},"content":{"rendered":"<h2 class=\"wp-block-heading\">Extracto<\/h2>\n\n\n\n<p>STEPALONG prioriza su privacidad en virtud del GDPR y las leyes de protecci\u00f3n de datos relacionadas. Nuestra <a href=\"#details\" title=\"Pol\u00edtica de privacidad de StepAlong\">Pol\u00edtica de privacidad<\/a> esboza los siguientes principios clave:<\/p>\n\n\n\n<p><strong>1. Recogida y uso de informaci\u00f3n personal (IP)<\/strong><\/p>\n\n\n\n<p>STEPALONG recopila y utiliza IP (es decir, nombre, direcci\u00f3n, direcci\u00f3n IP) de conformidad con las leyes de protecci\u00f3n de datos.<\/p>\n\n\n\n<p><strong>2. Intercambio de informaci\u00f3n personal<\/strong><\/p>\n\n\n\n<p>La IP se comparte con fines espec\u00edficos: a petici\u00f3n del usuario, procesamiento de transacciones, requisitos legales y con asesores profesionales de STEPALONG.<\/p>\n\n\n\n<p><strong>3. Finalidad y fundamento jur\u00eddico del tratamiento<\/strong><\/p>\n\n\n\n<p>STEPALONG procesa la IP para servicios, transacciones y contrataci\u00f3n, bas\u00e1ndose en fundamentos jur\u00eddicos como la ejecuci\u00f3n de contratos, el consentimiento y los intereses leg\u00edtimos.<\/p>\n\n\n\n<p><strong>4. 4. Seguridad de los datos<\/strong><\/p>\n\n\n\n<p>Existen estrictas salvaguardias y un acceso restringido para garantizar la seguridad y confidencialidad de la IP.<\/p>\n\n\n\n<p><strong>5. 5. Conservaci\u00f3n de datos<\/strong><\/p>\n\n\n\n<p>La informaci\u00f3n personal se conserva en funci\u00f3n de factores como las obligaciones contractuales, las necesidades legales y las posibles reclamaciones, y los datos de las solicitudes de empleo se almacenan durante un periodo definido.<\/p>\n\n\n\n<p><strong>6. Comentarios y cambios<\/strong><\/p>\n\n\n\n<p>Los usuarios pueden hacer comentarios y STEPALONG puede actualizar la pol\u00edtica, publicando los cambios en l\u00ednea y enviando notificaciones.<\/p>\n\n\n\n<p><strong>7. 7. Informaci\u00f3n adicional<\/strong><\/p>\n\n\n\n<p>Las transferencias de informaci\u00f3n personal fuera de la UE o del EEE est\u00e1n sujetas a salvaguardias. STEPALONG no utiliza la toma de decisiones automatizada.<\/p>\n\n\n\n<p>Los usuarios tienen derechos, como el acceso, la rectificaci\u00f3n y la retirada del consentimiento, y pueden optar por no recibir comunicaciones comerciales.<\/p>\n\n\n\n<p>STEPALONG mantiene medidas de seguridad, incluido el cifrado, y utiliza cookies tal y como se describe en la Pol\u00edtica de Cookies.<\/p>\n\n\n\n<p>Los sitios web de terceros enlazados desde los sitios de STEPALONG no est\u00e1n cubiertos.<\/p>\n\n\n\n<p><strong>8. Pol\u00edtica de datos de usuario de los servicios API de Google<\/strong><\/p>\n\n\n\n<p>El uso y la transferencia por parte de STEPALONG a cualquier otra aplicaci\u00f3n de la informaci\u00f3n recibida de las API de Google se ajustar\u00e1 a lo siguiente&nbsp;<a href=\"https:\/\/developers.google.com\/terms\/api-services-user-data-policy#additional_requirements_for_specific_api_scopes\">Pol\u00edtica de datos de usuario de los servicios API de Google<\/a>incluidos los requisitos de uso limitado.<\/p>\n\n\n\n<p><strong>9. Informaci\u00f3n de contacto y reclamaciones<\/strong><\/p>\n\n\n\n<p>Los usuarios pueden ponerse en contacto con STEPALONG para solicitar informaci\u00f3n sobre su privacidad o presentar reclamaciones ante la Autoridad de Protecci\u00f3n de Datos.<\/p>\n\n\n\n<div style=\"height:100px\" aria-hidden=\"true\" id=\"details\" class=\"wp-block-spacer\"><\/div>\n\n\n\n<h2 class=\"wp-block-heading\">M\u00e1s informaci\u00f3n<\/h2>\n\n\n\n<p><strong>STEPALONG<\/strong> se compromete a proteger y respetar su privacidad. En esta pol\u00edtica de privacidad (\"<strong>Pol\u00edtica de privacidad<\/strong>\"), explicamos c\u00f3mo <strong>STEPALONG<\/strong> recoge, utiliza, divulga y protege los Datos Personales que usted nos env\u00eda, por ejemplo, al acceder y utilizar <strong>STEPALONG<\/strong> p\u00e1ginas web o present\u00e1ndose a ofertas de empleo.<\/p>\n\n\n\n<p>Nuestra Pol\u00edtica de Privacidad ha sido redactada para cumplir con la legislaci\u00f3n aplicable en materia de privacidad de datos, en particular, el Reglamento General de Protecci\u00f3n de Datos de la UE (\"GDPR\"). Si el GDPR no le es de aplicaci\u00f3n, es posible que no todos los t\u00e9rminos de esta Pol\u00edtica de Privacidad sean relevantes para usted.<\/p>\n\n\n\n<p>Tal y como se utiliza en esta Pol\u00edtica de Privacidad,<\/p>\n\n\n\n<ul class=\"wp-block-list\">\n<li>\"<strong>STEPALONG<\/strong>\", \"<strong>nosotros<\/strong>,\u201d \u201c<strong>nuestro<\/strong>\" y \"<strong>us<\/strong>\"significa <strong>BETTER MAKING, S.L. <\/strong>y sus filiales.<\/li>\n<\/ul>\n\n\n\n<ul class=\"wp-block-list\">\n<li>\"<strong>Controlador<\/strong>\" a efectos del GDPR, otras leyes de protecci\u00f3n de datos aplicables en los estados miembros de la Uni\u00f3n Europea y otras disposiciones relacionadas con la protecci\u00f3n de datos es <strong>MEJOR HACER, S.L., <\/strong>Pla\u00e7a Josep Roca Pons n\u00ba 2, Escalera B, 1\u00ba 1\u00aa, 08870 Sitges (Barcelona).<\/li>\n<\/ul>\n\n\n\n<ul class=\"wp-block-list\">\n<li>\"<strong>Informaci\u00f3n personal<\/strong>\" tiene generalmente el mismo significado que datos personales o informaci\u00f3n personal identificable (IPI). La informaci\u00f3n personal se define en la legislaci\u00f3n sobre privacidad de datos aplicable en su pa\u00eds. Incluye cualquier informaci\u00f3n relativa a una persona f\u00edsica identificada o identificable. Esto significa cualquier individuo que pueda ser identificado directa o indirectamente por referencia a un identificador como nombre, n\u00famero de identificaci\u00f3n, datos de localizaci\u00f3n, identificadores en l\u00ednea (por ejemplo, direcciones IP - si se pueden utilizar para identificarle) o a uno o m\u00e1s factores espec\u00edficos de la identidad f\u00edsica, fisiol\u00f3gica, gen\u00e9tica, mental, econ\u00f3mica, cultural o social de esa persona f\u00edsica. En pocas palabras, se trata de datos que, por s\u00ed solos o en combinaci\u00f3n con otros datos que obren en nuestro poder o de los que dispongamos, pueden utilizarse para identificarle.<\/li>\n<\/ul>\n\n\n\n<p>STEPALONG est\u00e1 comprometido con los siguientes principios clave:<\/p>\n\n\n\n<h3 class=\"wp-block-heading\">Principio 1. Limitamos c\u00f3mo y con qui\u00e9n compartimos su informaci\u00f3n personal<\/h3>\n\n\n\n<p>STEPALONG s\u00f3lo compartir\u00e1 su Informaci\u00f3n Personal con terceros para los siguientes fines:<\/p>\n\n\n\n<ul class=\"wp-block-list\">\n<li>A petici\u00f3n suya.<\/li>\n<\/ul>\n\n\n\n<ul class=\"wp-block-list\">\n<li>Para procesar o dar servicio a una transacci\u00f3n o producto autorizado o solicitado por usted; esto puede incluir compartirlo dentro del grupo de entidades STEPALONG.<\/li>\n<\/ul>\n\n\n\n<ul class=\"wp-block-list\">\n<li>Cuando la ley exija revelar dicha informaci\u00f3n a las autoridades competentes.<\/li>\n<\/ul>\n\n\n\n<ul class=\"wp-block-list\">\n<li>A empresas que nos ayudan en la comercializaci\u00f3n, contrataci\u00f3n, colocaci\u00f3n y servicio de nuestros productos y servicios; por ejemplo, para dar soporte a nuestra tecnolog\u00eda de la informaci\u00f3n o para gestionar env\u00edos postales en nuestro nombre.<br><br>En el siguiente enlace encontrar\u00e1 una descripci\u00f3n detallada y actualizada de las empresas con las que podemos compartir datos, incluidas herramientas de terceros (como modelos de inteligencia artificial): <a href=\"https:\/\/www.stepalong.com\/es\/proveedores-de-procesamiento-de-datos\/\" title=\"Proveedores de procesamiento de datos\">Proveedores de procesamiento de datos.<\/a><\/li>\n<\/ul>\n\n\n\n<ul class=\"wp-block-list\">\n<li>A nuestros asesores profesionales.<\/li>\n<\/ul>\n\n\n\n<h3 class=\"wp-block-heading\"><strong>Principio 2 Finalidad y fundamento jur\u00eddico del tratamiento<\/strong><\/h3>\n\n\n\n<figure class=\"wp-block-table\"><table><thead><tr><td><strong>Informaci\u00f3n personal<\/strong><\/td><td><strong>Prop\u00f3sito<\/strong><\/td><td><strong>Base jur\u00eddica<\/strong><\/td><\/tr><\/thead><tbody><tr><td>La informaci\u00f3n que recibimos de usted cuando (i) visita www.stepalong.com y otros sitios web de STEPALONG, (ii) compra alguno de nuestros productos o servicios, (iii) cualquier otra informaci\u00f3n que nos facilite posteriormente de forma oral, por escrito o a trav\u00e9s de Internet: puede incluir su nombre completo, direcci\u00f3n postal, direcci\u00f3n de correo electr\u00f3nico, informaci\u00f3n sobre su empleador\/empresa y profesional, cargos, n\u00fameros de tel\u00e9fono y fax, informaci\u00f3n demogr\u00e1fica, direcci\u00f3n IP.<\/td><td>La informaci\u00f3n personal se utiliza para proporcionar el sitio web y responder a sus solicitudes. Por ejemplo, (i) si decide registrarse para recibir informaci\u00f3n sobre nuestros productos y servicios, (ii) para unirse a nuestro blog o bolet\u00edn de noticias, (iii) para comprar cualquiera de nuestros productos o servicios, o (iv) si se pone en contacto con nuestro servicio de atenci\u00f3n al cliente, utilizaremos sus Datos Personales para responderle).<\/td><td>El tratamiento es necesario para la ejecuci\u00f3n de un contrato en el que usted es parte o para adoptar medidas a petici\u00f3n suya antes de celebrar un contrato. El tratamiento es necesario a efectos de nuestros intereses leg\u00edtimos, es decir, proporcionar un sitio web para informaci\u00f3n y uso, o para atender su solicitud de informaci\u00f3n, compra de productos\/servicios o si se pone en contacto con nuestro servicio de atenci\u00f3n al cliente.<\/td><\/tr><tr><td>Nombre, direcci\u00f3n, direcci\u00f3n de correo electr\u00f3nico y otra informaci\u00f3n sobre sus transacciones y comunicaciones con nosotros.<\/td><td>La informaci\u00f3n personal se utiliza para procesar o dar servicio a una transacci\u00f3n o producto autorizado o solicitado por usted.<\/td><td>El tratamiento es necesario para la ejecuci\u00f3n de un contrato en el que usted es parte o para tomar medidas a petici\u00f3n suya antes de celebrar un contrato.<\/td><\/tr><tr><td>Nombre, direcci\u00f3n, direcci\u00f3n de correo electr\u00f3nico y otros datos de contacto<\/td><td>Ponernos peri\u00f3dicamente en contacto con usted para informarle de nuevos productos y\/o servicios que ofrecemos o que consideramos de su inter\u00e9s.<\/td><td>Su consentimiento<\/td><\/tr><tr><td>Direcci\u00f3n IP y otra informaci\u00f3n enviada por su navegador<\/td><td>Para diagnosticar cualquier problema con nuestro servidor y administrar nuestro sitio web.<\/td><td>El tratamiento es necesario a efectos de nuestros intereses leg\u00edtimos, es decir, proporcionar un sitio web para informaci\u00f3n y uso.<\/td><\/tr><tr><td>Datos de la solicitud, incluidos su nombre, direcci\u00f3n, CV y fecha de nacimiento<\/td><td>El tratamiento es necesario para permitirnos administrar el proceso de contrataci\u00f3n, incluida la creaci\u00f3n de un archivo electr\u00f3nico de candidatos, la gesti\u00f3n de su solicitud y la organizaci\u00f3n de entrevistas. Podemos conservar sus Datos Personales despu\u00e9s de que su solicitud no haya sido aceptada para poder ponernos en contacto con usted en caso de futuras ofertas de empleo. Sus datos tambi\u00e9n podr\u00e1n ser compartidos con otras empresas del grupo STEPALONG para estudiar su candidatura a otras ofertas de empleo.<\/td><td>Principalmente, el tratamiento es necesario para tomar medidas para celebrar un contrato con usted. Tambi\u00e9n tenemos un inter\u00e9s leg\u00edtimo en (i) almacenar sus datos durante un periodo de hasta 6 a\u00f1os tras la conclusi\u00f3n de una solicitud no aceptada y\/o (ii) compartirlos con el grupo de entidades STEPALONG y\/o (iii) conservar y utilizar sus datos en la medida en que sea necesario para el establecimiento, ejercicio o defensa de reclamaciones legales.<\/td><\/tr><tr><td>Todos los anteriores<\/td><td>Para cumplir los requisitos legales y reglamentarios y las obligaciones de gobierno corporativo.<\/td><td>El tratamiento es necesario para el cumplimiento de obligaciones legales a las que estamos sujetos.<\/td><\/tr><\/tbody><\/table><\/figure>\n\n\n\n<p>Cuando desee facilitarnos Datos Personales de otra persona, incluidos sus colegas o las personas en cuyo nombre act\u00fae, deber\u00e1 asegurarse de que cuenta con su autorizaci\u00f3n previa para hacerlo. Antes de pedirle permiso, deber\u00e1 entregarle una copia de la presente pol\u00edtica de privacidad, as\u00ed como de cualquier otra declaraci\u00f3n de privacidad pertinente (v\u00e9ase m\u00e1s arriba).<\/p>\n\n\n\n<p>Recopilamos Datos Personales para los fines descritos anteriormente cuando visita www. stepalong.com y otros sitios web de STEPALONG y de fuentes p\u00fablicas, como portales de contrataci\u00f3n y empresariales (por ejemplo, LinkedIn).<\/p>\n\n\n\n<h3 class=\"wp-block-heading\">Principio 3. Establecemos salvaguardias para garantizar la seguridad y confidencialidad de su informaci\u00f3n.<\/h3>\n\n\n\n<p>STEPALONG restringe el acceso a la informaci\u00f3n de su empresa a nuestros empleados que la necesitan para realizar su trabajo. Los empleados con acceso a su informaci\u00f3n est\u00e1n obligados a mantener estrictamente la confidencialidad de dicha informaci\u00f3n.<\/p>\n\n\n\n<p>STEPALONG mantiene salvaguardas f\u00edsicas, electr\u00f3nicas y de procedimiento que cumplen con las normas de la Industria para proteger la informaci\u00f3n de su empresa. Rutinariamente probamos nuestros sistemas de informaci\u00f3n y sitios web para ayudar a asegurar que no se produzcan accesos no autorizados.<\/p>\n\n\n\n<h3 class=\"wp-block-heading\">Principio 4. Conservamos su informaci\u00f3n personal durante el tiempo que sea necesario para cumplir los fines para los que fue recopilada, tal y como se ha descrito anteriormente.<\/h3>\n\n\n\n<p>Los criterios que utilizamos para determinar los periodos de conservaci\u00f3n de los datos personales son los siguientes (i) <strong>Conservaci\u00f3n en caso de consultas:<\/strong> La conservaremos durante un per\u00edodo razonable tras el cese de la relaci\u00f3n entre nosotros en caso de que usted nos haga alguna consulta; (ii) <strong>Conservaci\u00f3n en caso de contratar nuestros productos\/servicios o ponerse en contacto con nuestro servicio de atenci\u00f3n al cliente<\/strong>: La conservaremos durante el tiempo necesario para entregarle nuestro producto\/servicio de acuerdo con las condiciones del contrato, as\u00ed como para atender cualquiera de sus consultas; (iii) <strong>Retenci\u00f3n en caso de siniestro:<\/strong> La conservaremos durante el per\u00edodo en que usted pueda presentar legalmente reclamaciones contra nosotros; (iv) <strong>Conservaci\u00f3n de conformidad con los requisitos legales y reglamentarios:<\/strong> Tendremos en cuenta si necesitamos conservarla debido a un requisito legal o reglamentario, por ejemplo, para cumplir con obligaciones fiscales o tributarias; (v) <strong>Retenci\u00f3n en caso de solicitudes de empleo:<\/strong> Si se present\u00f3 a una oferta de empleo de STEPALONG y no ha sido seleccionado, los datos de su candidatura se conservar\u00e1n en nuestra reserva de talentos durante un per\u00edodo limitado, tal como se define en el Principio 2.<\/p>\n\n\n\n<ol class=\"wp-block-list\" style=\"list-style-type:1\">\n<li><strong>Danos tu opini\u00f3n<\/strong><\/li>\n<\/ol>\n\n\n\n<p>Nuestro objetivo es proteger su privacidad. Si desea hacer alg\u00fan comentario o ayudarnos a mejorar, p\u00f3ngase en contacto con nosotros por correo electr\u00f3nico (<strong>hello@stepalong.com<\/strong>). Tambi\u00e9n puede ponerse en contacto con nosotros por carta escrita a la direcci\u00f3n de STEPALONG indicada m\u00e1s arriba. Es posible que le pidamos una copia de su documento de identidad.<\/p>\n\n\n\n<p>Si considera que estamos incumpliendo nuestras obligaciones en virtud de las leyes de protecci\u00f3n de datos, puede presentar una reclamaci\u00f3n ante la Autoridad de Protecci\u00f3n de Datos competente, que puede ser la autoridad supervisora de su pa\u00eds de residencia, lugar de trabajo o de una supuesta infracci\u00f3n de las leyes de protecci\u00f3n de datos.<\/p>\n\n\n\n<ul class=\"wp-block-list\">\n<li><strong>Cambios en esta pol\u00edtica de privacidad<\/strong><\/li>\n<\/ul>\n\n\n\n<p>Esta pol\u00edtica de privacidad puede ser modificada de vez en cuando para cumplir con las leyes aplicables o para ajustarse a nuestras pr\u00e1cticas comerciales actuales. Publicaremos cualquier cambio en nuestro sitio web y procuraremos notific\u00e1rselo a trav\u00e9s de su correo electr\u00f3nico de contacto. Cuando le notifiquemos dichos cambios, tambi\u00e9n le explicaremos cu\u00e1l ser\u00e1 el impacto probable de dichos cambios sobre usted, si lo hubiera. Le animamos a que vuelva a consultar la Declaraci\u00f3n de Privacidad que se publica en nuestro sitio web de vez en cuando para comprobar si hay actualizaciones.<\/p>\n\n\n\n<ul class=\"wp-block-list\">\n<li><strong>INFORMACI\u00d3N ADICIONAL QUE QUEREMOS QUE CONOZCA:<\/strong><\/li>\n<\/ul>\n\n\n\n<ul class=\"wp-block-list\">\n<li><strong>Transferencias fuera de la UE\/EEE.<\/strong> Tambi\u00e9n transferimos la Informaci\u00f3n Personal que procesamos a pa\u00edses fuera del Espacio Econ\u00f3mico Europeo (\"<strong>EEE<\/strong>\") (por ejemplo, cuando uno de nuestros proveedores de servicios o equipos tiene su sede fuera del EEE, como en el caso del alojamiento de sus Datos Personales). Hemos establecido garant\u00edas adecuadas con respecto a la protecci\u00f3n de su privacidad, sus derechos y libertades fundamentales y el ejercicio de sus derechos, por ejemplo, establecemos un nivel adecuado de protecci\u00f3n de datos, normalmente a trav\u00e9s de cl\u00e1usulas contractuales tipo de la UE basadas en las cl\u00e1usulas tipo de la Comisi\u00f3n Europea.<\/li>\n<\/ul>\n\n\n\n<ul class=\"wp-block-list\">\n<li><strong>Suministro de informaci\u00f3n personal \/ Toma de decisiones automatizada.<\/strong> Tenga en cuenta que los Datos Personales que recabamos de usted son necesarios para prestarle los servicios y el sitio web. Si no nos facilita dichos datos, es posible que no podamos prestarle nuestros servicios o hacer accesible nuestro sitio web. No utilizamos la toma autom\u00e1tica de decisiones ni la elaboraci\u00f3n de perfiles de personas.<\/li>\n<\/ul>\n\n\n\n<ul class=\"wp-block-list\">\n<li><strong>Sus derechos.<\/strong> Usted tiene varios derechos en virtud de la legislaci\u00f3n sobre privacidad de datos de su pa\u00eds. Estos pueden incluir (seg\u00fan corresponda): el derecho a solicitar el acceso a la Informaci\u00f3n Personal que tenemos sobre usted; el derecho a la rectificaci\u00f3n, incluido exigirnos que corrijamos la Informaci\u00f3n Personal inexacta; el derecho a solicitar la restricci\u00f3n del tratamiento que le concierne o a oponerse al tratamiento de su Informaci\u00f3n Personal, el derecho a solicitar la eliminaci\u00f3n de su Informaci\u00f3n Personal cuando ya no sea necesario que la conservemos; el derecho a la portabilidad de los datos, incluido el derecho a obtener sus datos personales en un formato legible por m\u00e1quina de uso com\u00fan en determinadas circunstancias, como cuando el tratamiento de los mismos se base en un consentimiento; el derecho a oponerse a la toma de decisiones automatizadas, incluida la elaboraci\u00f3n de perfiles (en su caso), que tengan un efecto jur\u00eddico o significativo sobre usted como persona f\u00edsica; y el derecho a retirar su consentimiento a cualquier tratamiento para el que lo haya dado previamente.<\/li>\n<\/ul>\n\n\n\n<ul class=\"wp-block-list\">\n<li><strong>Informaci\u00f3n comercial.<\/strong> Con su consentimiento, cuando proceda, conservaremos su nombre, direcci\u00f3n y datos de contacto (incluidos n\u00fameros de tel\u00e9fono y direcciones de correo electr\u00f3nico) en nuestras bases de datos y, de vez en cuando, podremos utilizar esa informaci\u00f3n para informarle sobre nuestros productos y servicios relacionados, as\u00ed como sobre novedades en nuestro sector industrial en general que puedan ser de su inter\u00e9s. Para ello, podremos ponernos en contacto con usted por escrito, por tel\u00e9fono o por correo electr\u00f3nico. Si en alg\u00fan momento decide que no desea que sus datos de contacto se utilicen para estos fines, puede oponerse o revocar su consentimiento para recibir comunicaciones comerciales siguiendo las instrucciones que figuran en la comunicaci\u00f3n comercial correspondiente (por ejemplo, haciendo clic en el bot\u00f3n \"Cancelar suscripci\u00f3n\") o poni\u00e9ndose en contacto con nosotros (v\u00e9ase \"D\u00e9nos su opini\u00f3n\" m\u00e1s arriba).<\/li>\n<\/ul>\n\n\n\n<ul class=\"wp-block-list\">\n<li><strong>Declaraci\u00f3n de seguridad.<\/strong> Tomamos precauciones razonables para proteger su informaci\u00f3n. En particular, aplicamos medidas t\u00e9cnicas y organizativas apropiadas dise\u00f1adas para garantizar un nivel de seguridad adecuado al riesgo, incluyendo, seg\u00fan proceda (a) seudonimizaci\u00f3n (como cuando los datos se separan de los identificadores directos para que la vinculaci\u00f3n a una identidad no sea posible sin informaci\u00f3n adicional que se mantiene por separado) y cifrado, (b) protecci\u00f3n de la confidencialidad, integridad, disponibilidad y resistencia continuas de los sistemas y servicios utilizados para procesar su informaci\u00f3n personal, (c) proporcionar la capacidad de restaurar la disponibilidad y el acceso a la informaci\u00f3n personal de manera oportuna en caso de un incidente f\u00edsico o t\u00e9cnico, y (d) mantener un proceso para probar, evaluar y valorar peri\u00f3dicamente la eficacia de las medidas de seguridad t\u00e9cnicas y organizativas. Cuando nos env\u00eda informaci\u00f3n a trav\u00e9s de nuestra p\u00e1gina web, su informaci\u00f3n est\u00e1 protegida tanto en l\u00ednea como fuera de l\u00ednea. Todos los datos transferidos a\/desde la red interna de STEPALONG, desde\/hacia una entidad externa, se cifran conforme a las normas del sector. Tenga en cuenta que los mensajes que nos env\u00ede por correo electr\u00f3nico a trav\u00e9s de Internet pueden no ser seguros. Mantenemos las salvaguardas f\u00edsicas, electr\u00f3nicas y de procedimiento adecuadas para garantizar la seguridad, integridad y privacidad de su informaci\u00f3n personal dentro de nuestra empresa. S\u00f3lo aquellos empleados que pueden necesitar su informaci\u00f3n para realizar un trabajo espec\u00edfico tienen acceso a la informaci\u00f3n identificable de su organizaci\u00f3n. Adem\u00e1s, todos los empleados reciben informaci\u00f3n actualizada sobre nuestras pr\u00e1cticas de seguridad y privacidad.<\/li>\n<\/ul>\n\n\n\n<ul class=\"wp-block-list\">\n<li><strong>Nuestro uso de cookies y herramientas anal\u00edticas.<\/strong> STEPALONG utiliza \"cookies\" y herramientas anal\u00edticas como se describe con m\u00e1s detalle en nuestra Pol\u00edtica de Cookies.<\/li>\n<\/ul>\n\n\n\n<ul class=\"wp-block-list\">\n<li><strong>Sitios web de terceros.<\/strong> Nuestros sitios web y aplicaciones m\u00f3viles pueden contener enlaces a sitios web de terceros. Si sigue estos enlaces, saldr\u00e1 de nuestros sitios web o aplicaciones m\u00f3viles. Esta pol\u00edtica de privacidad no se aplica a los sitios web de terceros. STEPALONG no se hace responsable del uso que estos terceros hagan de su informaci\u00f3n personal. El uso que usted haga de estos sitios web ser\u00e1 por su cuenta y riesgo. Para obtener m\u00e1s informaci\u00f3n sobre c\u00f3mo tratan estos terceros sus Datos Personales, consulte su pol\u00edtica de privacidad (si est\u00e1 disponible).<\/li>\n<\/ul>\n\n\n\n<div style=\"height:100px\" aria-hidden=\"true\" class=\"wp-block-spacer\"><\/div>","protected":false},"excerpt":{"rendered":"<p>Extracto STEPALONG prioriza su privacidad bajo GDPR y leyes de protecci\u00f3n de datos relacionadas. Nuestra Pol\u00edtica de Privacidad describe los siguientes principios clave: 1. Recopilaci\u00f3n y uso de informaci\u00f3n personal (PI) STEPALONG recopila y utiliza PI (es decir, nombre, direcci\u00f3n, direcci\u00f3n IP) de acuerdo con las leyes de protecci\u00f3n de datos. 2. La IP se comparte con fines espec\u00edficos: [...]<\/p>","protected":false},"author":1,"featured_media":0,"parent":0,"menu_order":0,"comment_status":"closed","ping_status":"closed","template":"wp-custom-template-landing-page","meta":{"content-type":"","_uag_custom_page_level_css":"","footnotes":""},"class_list":["post-2806","page","type-page","status-publish","hentry"],"aioseo_notices":[],"mb":[],"uagb_featured_image_src":{"full":false,"thumbnail":false,"medium":false,"medium_large":false,"large":false,"1536x1536":false,"2048x2048":false,"trp-custom-language-flag":false},"uagb_author_info":{"display_name":"Sergi S\u00e1nchez Mancha","author_link":"https:\/\/www.stepalong.com\/es\/author\/sergiostepalong-com\/"},"uagb_comment_info":0,"uagb_excerpt":"Extract STEPALONG prioritizes your privacy under GDPR and related data protection laws. Our Privacy Policy outlines the following key principles: 1. Collection and Use of Personal Information (PI) STEPALONG gathers and utilizes PI (i.e. name, address, IP address) in accordance with data protection laws. 2. Sharing of Personal Information PI is shared for specific purposes:&hellip;","mfb_rest_fields":["title","aioseo_notices","uagb_featured_image_src","uagb_author_info","uagb_comment_info","uagb_excerpt"],"_links":{"self":[{"href":"https:\/\/www.stepalong.com\/es\/wp-json\/wp\/v2\/pages\/2806","targetHints":{"allow":["GET"]}}],"collection":[{"href":"https:\/\/www.stepalong.com\/es\/wp-json\/wp\/v2\/pages"}],"about":[{"href":"https:\/\/www.stepalong.com\/es\/wp-json\/wp\/v2\/types\/page"}],"author":[{"embeddable":true,"href":"https:\/\/www.stepalong.com\/es\/wp-json\/wp\/v2\/users\/1"}],"replies":[{"embeddable":true,"href":"https:\/\/www.stepalong.com\/es\/wp-json\/wp\/v2\/comments?post=2806"}],"version-history":[{"count":4,"href":"https:\/\/www.stepalong.com\/es\/wp-json\/wp\/v2\/pages\/2806\/revisions"}],"predecessor-version":[{"id":4274,"href":"https:\/\/www.stepalong.com\/es\/wp-json\/wp\/v2\/pages\/2806\/revisions\/4274"}],"wp:attachment":[{"href":"https:\/\/www.stepalong.com\/es\/wp-json\/wp\/v2\/media?parent=2806"}],"curies":[{"name":"wp","href":"https:\/\/api.w.org\/{rel}","templated":true}]}}