{"id":8419,"date":"2025-10-06T13:24:08","date_gmt":"2025-10-06T11:24:08","guid":{"rendered":"https:\/\/www.stepalong.com\/?page_id=8419"},"modified":"2025-10-14T12:59:30","modified_gmt":"2025-10-14T10:59:30","slug":"kunden-ecofort","status":"publish","type":"page","link":"https:\/\/www.stepalong.com\/de\/kunden-ecofort\/","title":{"rendered":"ecofort &amp; StepAlong"},"content":{"rendered":"<p class=\"subtitle\"><strong>StepAlong Box Ready mit Kunden bauen: ecofort &amp; der Quick-Start-Leitfaden<\/strong><\/p>\n\n\n\n<div style=\"height:2em\" aria-hidden=\"true\" class=\"wp-block-spacer\"><\/div>\n\n\n\n<figure class=\"wp-block-image alignwide size-full rounded\"><img loading=\"lazy\" decoding=\"async\" width=\"1520\" height=\"1014\" src=\"https:\/\/www.stepalong.com\/wp-content\/uploads\/2025\/10\/ecofort-stepalong.webp\" alt=\"ecofort Schnellstart-Anleitung\" class=\"wp-image-8420\" srcset=\"https:\/\/www.stepalong.com\/wp-content\/uploads\/2025\/10\/ecofort-stepalong.webp 1520w, https:\/\/www.stepalong.com\/wp-content\/uploads\/2025\/10\/ecofort-stepalong-300x200.webp 300w, https:\/\/www.stepalong.com\/wp-content\/uploads\/2025\/10\/ecofort-stepalong-1024x683.webp 1024w, https:\/\/www.stepalong.com\/wp-content\/uploads\/2025\/10\/ecofort-stepalong-768x512.webp 768w, https:\/\/www.stepalong.com\/wp-content\/uploads\/2025\/10\/ecofort-stepalong-18x12.webp 18w\" sizes=\"auto, (max-width: 1520px) 100vw, 1520px\" \/><\/figure>\n\n\n\n<div style=\"height:2em\" aria-hidden=\"true\" class=\"wp-block-spacer\"><\/div>\n\n\n\n<p><em>Wie ecofort dazu beitrug, einen neuen Weg zur Erstellung druckfertiger Schnellstartanleitungen direkt aus StepAlong Digital Instructions zu entwickeln.<\/em><\/p>\n\n\n\n<p>Die meisten unserer Kunden verwenden bereits <strong><a href=\"https:\/\/www.stepalong.com\/de\/digitale-anweisungen\/\" title=\"StepAlong Digital Anleitung\">StepAlong Digital Anleitung<\/a><\/strong> eine Schritt-f\u00fcr-Schritt-Anleitung zu erstellen, zu \u00fcbersetzen und online zu ver\u00f6ffentlichen und einen QR-Code mit einem Link zu dieser Anleitung in die Schachtel zu integrieren.<\/p>\n\n\n\n<p>Doch selbst in einer digitalisierten Welt ben\u00f6tigen die meisten Produkte immer noch irgendeine Form von Papierdokumentation - eine QR-Beilage, einen Sicherheitshinweis, eine Schnellstartanleitung oder sogar die vollst\u00e4ndige Bedienungsanleitung.<\/p>\n\n\n\n<p><strong>Gemeinsam mit vorausschauenden Kunden wie ecofort erweitern wir StepAlong Digital Instructions, um druckfertige PDFs f\u00fcr jeden Bedarf im Posteingang zu produzieren.<\/strong><\/p>\n\n\n\n<p>So k\u00f6nnen Marken die Vorschriften einhalten, ihren Kunden helfen und den Zeit- und Kostenaufwand f\u00fcr die Erstellung von Posteingangsdokumenten reduzieren.<\/p>\n\n\n\n<div style=\"height:2em\" aria-hidden=\"true\" class=\"wp-block-spacer\"><\/div>\n\n\n\n<h2 class=\"wp-block-heading\"><strong>Die Quick-Start-Guide-Herausforderung<\/strong><\/h2>\n\n\n\n<h3 class=\"wp-block-heading\">\u00dcber ecofort<\/h3>\n\n\n\n<p><a href=\"https:\/\/ecofort.ch\/\" target=\"_blank\" rel=\"noopener\" title=\"ecofort\">ecofort<\/a> ist eine f\u00fchrende unabh\u00e4ngige Marke f\u00fcr langlebige, energieeffiziente Luftpflegeprodukte in der Schweiz. Das Unternehmen wurde StepAlong-Kunde, um die Qualit\u00e4t seiner Anweisungen zu verbessern und eine Plattform zu haben, von der aus es den Produktsupport ohne zus\u00e4tzliche Kosten oder Umw\u00e4lzungen auf andere M\u00e4rkte ausweiten kann.<\/p>\n\n\n\n<div class=\"wp-block-columns is-layout-flex wp-container-core-columns-is-layout-14cf5ab5 wp-block-columns-is-layout-flex\">\n<div class=\"wp-block-column is-layout-flow wp-block-column-is-layout-flow\" style=\"flex-basis:33.33%\">\n<h3 class=\"wp-block-heading\">Die Herausforderung<\/h3>\n\n\n\n<p>Die Vorschriften f\u00fcr die Produkte von ecofort bedeuten, dass die Verpackung nicht nur einen QR-Code enthalten darf, sondern auch Sicherheitshinweise und zumindest eine Kurzanleitung enthalten muss.<\/p>\n\n\n\n<p>Ihre Produkttypen sind sehr unterschiedlich - einige sind \"Plug-and-Play\", andere erfordern mehrere Montageschritte. Das manuelle Erstellen und Aktualisieren dieser Schnellstartanleitungen war kostspielig und verlangsamte die Markteinf\u00fchrung.<\/p>\n\n\n\n<p>Gleichzeitig k\u00f6nnte eine vollautomatische L\u00f6sung nicht immer die hilfreichste Anleitung f\u00fcr jedes Produkt garantieren.<\/p>\n<\/div>\n\n\n\n<div class=\"wp-block-column is-layout-flow wp-block-column-is-layout-flow\" style=\"flex-basis:66.66%\">\n<figure class=\"wp-block-image alignwide size-large rounded\"><img loading=\"lazy\" decoding=\"async\" width=\"1024\" height=\"666\" src=\"https:\/\/www.stepalong.com\/wp-content\/uploads\/2025\/10\/ecofort-quick-start-guide-1024x666.webp\" alt=\"Schnellstart-Anleitung\" class=\"wp-image-8422\" title=\"\" srcset=\"https:\/\/www.stepalong.com\/wp-content\/uploads\/2025\/10\/ecofort-quick-start-guide-1024x666.webp 1024w, https:\/\/www.stepalong.com\/wp-content\/uploads\/2025\/10\/ecofort-quick-start-guide-300x195.webp 300w, https:\/\/www.stepalong.com\/wp-content\/uploads\/2025\/10\/ecofort-quick-start-guide-768x500.webp 768w, https:\/\/www.stepalong.com\/wp-content\/uploads\/2025\/10\/ecofort-quick-start-guide-1536x999.webp 1536w, https:\/\/www.stepalong.com\/wp-content\/uploads\/2025\/10\/ecofort-quick-start-guide-18x12.webp 18w, https:\/\/www.stepalong.com\/wp-content\/uploads\/2025\/10\/ecofort-quick-start-guide.webp 1619w\" sizes=\"auto, (max-width: 1024px) 100vw, 1024px\" \/><\/figure>\n<\/div>\n<\/div>\n\n\n\n<div style=\"height:2em\" aria-hidden=\"true\" class=\"wp-block-spacer\"><\/div>\n\n\n\n<div style=\"height:2em\" aria-hidden=\"true\" class=\"wp-block-spacer\"><\/div>\n\n\n\n<h2 class=\"wp-block-heading\">Die StepAlong-L\u00f6sung<\/h2>\n\n\n\n<p>Wir bauen ein neues <strong>Quick-Start Guide Editor<\/strong> innerhalb von StepAlong.<\/p>\n\n\n\n<p>ecofort kann beliebige Inhalte aus der vollst\u00e4ndigen Anleitung entnehmen und diese bei Bedarf im Rahmen der Schnellstartanleitung anpassen. <strong>Komponentenbibliothek<\/strong> so dass wiederkehrende Texte, wie z. B. Sicherheitshinweise, automatisch \u00fcber alle SKUs hinweg aktuell bleiben.<\/p>\n\n\n\n<blockquote class=\"wp-block-quote is-layout-flow wp-block-quote-is-layout-flow\">\n<p>\"Indem wir Box Ready zusammen mit StepAlong bauen, k\u00f6nnen wir einen wichtigen Teil unserer Produktdokumentation f\u00fcr den Kunden besser und f\u00fcr das Unternehmen effizienter gestalten.<br>- Robert Aeschbacher, CEO ecofort AG<\/p>\n<\/blockquote>\n\n\n\n<div style=\"height:2em\" aria-hidden=\"true\" class=\"wp-block-spacer\"><\/div>\n\n\n\n<figure class=\"wp-block-image alignwide size-large rounded\"><img loading=\"lazy\" decoding=\"async\" width=\"1024\" height=\"510\" src=\"https:\/\/www.stepalong.com\/wp-content\/uploads\/2025\/10\/ecofort-instruction-center-1024x510.webp\" alt=\"ecofort Schulungszentrum\" class=\"wp-image-8421\" srcset=\"https:\/\/www.stepalong.com\/wp-content\/uploads\/2025\/10\/ecofort-instruction-center-1024x510.webp 1024w, https:\/\/www.stepalong.com\/wp-content\/uploads\/2025\/10\/ecofort-instruction-center-300x149.webp 300w, https:\/\/www.stepalong.com\/wp-content\/uploads\/2025\/10\/ecofort-instruction-center-768x382.webp 768w, https:\/\/www.stepalong.com\/wp-content\/uploads\/2025\/10\/ecofort-instruction-center-1536x764.webp 1536w, https:\/\/www.stepalong.com\/wp-content\/uploads\/2025\/10\/ecofort-instruction-center-2048x1019.webp 2048w, https:\/\/www.stepalong.com\/wp-content\/uploads\/2025\/10\/ecofort-instruction-center-18x9.webp 18w\" sizes=\"auto, (max-width: 1024px) 100vw, 1024px\" \/><\/figure>\n\n\n\n<div style=\"height:2em\" aria-hidden=\"true\" class=\"wp-block-spacer\"><\/div>\n\n\n\n<h2 class=\"wp-block-heading\">StepAlong Box Ready Instructions - Die wichtigsten Vorteile<\/h2>\n\n\n\n<ul class=\"wp-block-list\">\n<li><strong>Einmal erstellen, \u00fcberall ausgeben:<\/strong> Digital und Print bleiben im Einklang.<\/li>\n\n\n\n<li><strong>Druckfertige PDFs im Handumdrehen:<\/strong> QR-Einleger, Sicherheitshinweise, Schnellstartanleitungen, vollst\u00e4ndige Handb\u00fccher.<\/li>\n\n\n\n<li><strong>Automatische Aktualisierungen f\u00fcr alle SKUs:<\/strong> Komponentenbibliothek f\u00fcr sich wiederholende Texte wie Sicherheitshinweise.<\/li>\n\n\n\n<li><strong>Schnellere Markteinf\u00fchrung, geringere Kosten:<\/strong> weniger manuelle PDFs, weniger Fehler, schnellere Markteinf\u00fchrung.<\/li>\n\n\n\n<li><strong>Konsistente Einhaltung der Vorschriften und einheitliches Branding:<\/strong> Unterst\u00fctzung der GPSR und lokaler Vorschriften in allen Sprachen.<\/li>\n<\/ul>\n\n\n\n<div style=\"height:2em\" aria-hidden=\"true\" class=\"wp-block-spacer\"><\/div>\n\n\n\n<div class=\"wp-block-group feature is-layout-constrained wp-block-group-is-layout-constrained\">\n<h2 class=\"wp-block-heading\">Fr\u00fchzeitigen Zugang erhalten<\/h2>\n\n\n\n<p><strong>Melden Sie sich vor dem 30. Oktober 2025 f\u00fcr StepAlong Digital Instructions an<\/strong> und erhalten Sie StepAlong Box Ready Instructions <strong>kostenlos f\u00fcr die Dauer Ihres Vertrags.<\/strong><\/p>\n\n\n\n<p>Wir rollen aus <a href=\"https:\/\/www.stepalong.com\/de\/anweisungen-fur-die-verpackung\/\" title=\"StepAlong Box Gebrauchsanweisung\">StepAlong Box Gebrauchsanweisung<\/a> in den kommenden Monaten als neues Produkt neben StepAlong Digital Instructions.<\/p>\n\n\n\n<p>Buchen Sie eine kurze Demo, um zu sehen, wie StepAlong Box Ready Ihre Posteingangsdokumentation rationalisieren kann.<\/p>\n\n\n\n<div class=\"wp-block-buttons is-content-justification-center is-layout-flex wp-container-core-buttons-is-layout-a89b3969 wp-block-buttons-is-layout-flex\">\n<div class=\"wp-block-button is-style-fill\"><a class=\"wp-block-button__link wp-element-button\" href=\"https:\/\/www.stepalong.com\/de\/eine-demo-buchen\/\" style=\"border-style:none;border-width:0px\">Demo buchen<\/a><\/div>\n<\/div>\n<\/div>\n\n\n\n<p><\/p>","protected":false},"excerpt":{"rendered":"<p>Building StepAlong Box Ready with Clients: ecofort &amp; the Quick-Start Guide How ecofort helped shape a new way to produce print-ready quick-start guides straight from StepAlong Digital Instructions. Most of our customers already use StepAlong Digital Instructions to create, translate and publish step-by-step instructions online and include a QR code linking to those instructions inside [&hellip;]<\/p>","protected":false},"author":1,"featured_media":0,"parent":0,"menu_order":0,"comment_status":"closed","ping_status":"closed","template":"case-study","meta":{"content-type":"","_uag_custom_page_level_css":"","footnotes":""},"class_list":["post-8419","page","type-page","status-publish","hentry"],"aioseo_notices":[],"mb":[],"uagb_featured_image_src":{"full":false,"thumbnail":false,"medium":false,"medium_large":false,"large":false,"1536x1536":false,"2048x2048":false,"trp-custom-language-flag":false},"uagb_author_info":{"display_name":"Sergi S\u00e1nchez Mancha","author_link":"https:\/\/www.stepalong.com\/de\/author\/sergiostepalong-com\/"},"uagb_comment_info":0,"uagb_excerpt":"Building StepAlong Box Ready with Clients: ecofort &amp; the Quick-Start Guide How ecofort helped shape a new way to produce print-ready quick-start guides straight from StepAlong Digital Instructions. Most of our customers already use StepAlong Digital Instructions to create, translate and publish step-by-step instructions online and include a QR code linking to those instructions inside&hellip;","mfb_rest_fields":["title","aioseo_notices","uagb_featured_image_src","uagb_author_info","uagb_comment_info","uagb_excerpt"],"_links":{"self":[{"href":"https:\/\/www.stepalong.com\/de\/wp-json\/wp\/v2\/pages\/8419","targetHints":{"allow":["GET"]}}],"collection":[{"href":"https:\/\/www.stepalong.com\/de\/wp-json\/wp\/v2\/pages"}],"about":[{"href":"https:\/\/www.stepalong.com\/de\/wp-json\/wp\/v2\/types\/page"}],"author":[{"embeddable":true,"href":"https:\/\/www.stepalong.com\/de\/wp-json\/wp\/v2\/users\/1"}],"replies":[{"embeddable":true,"href":"https:\/\/www.stepalong.com\/de\/wp-json\/wp\/v2\/comments?post=8419"}],"version-history":[{"count":14,"href":"https:\/\/www.stepalong.com\/de\/wp-json\/wp\/v2\/pages\/8419\/revisions"}],"predecessor-version":[{"id":8588,"href":"https:\/\/www.stepalong.com\/de\/wp-json\/wp\/v2\/pages\/8419\/revisions\/8588"}],"wp:attachment":[{"href":"https:\/\/www.stepalong.com\/de\/wp-json\/wp\/v2\/media?parent=8419"}],"curies":[{"name":"wp","href":"https:\/\/api.w.org\/{rel}","templated":true}]}}