{"id":8404,"date":"2025-09-30T15:50:06","date_gmt":"2025-09-30T13:50:06","guid":{"rendered":"https:\/\/www.stepalong.com\/?page_id=8404"},"modified":"2025-09-30T17:02:49","modified_gmt":"2025-09-30T15:02:49","slug":"ihre-benutzerhandbucher-und-produktanleitungen-digitalisieren","status":"publish","type":"page","link":"https:\/\/www.stepalong.com\/de\/ihre-benutzerhandbucher-und-produktanleitungen-digitalisieren\/","title":{"rendered":"Digitalisieren Sie Ihre Benutzerhandb\u00fccher und Produktanleitungen"},"content":{"rendered":"<h2 class=\"wp-block-heading has-text-align-center\" style=\"font-size:2.4em\">Ihre digitalen Produktanleitungen sind mehr als nur eine herunterladbare PDF-Datei<\/h2>\n\n\n\n<p class=\"has-text-align-center\">StepAlong verwandelt Ihre Produktanleitungen in strukturierte, mobilfreundliche Inhalte, die f\u00fcr die heutigen Kunden, Suchmaschinen und KI entwickelt wurden.<\/p>\n\n\n\n<div class=\"wp-block-buttons is-content-justification-center is-layout-flex wp-container-core-buttons-is-layout-a89b3969 wp-block-buttons-is-layout-flex\">\n<div class=\"wp-block-button is-style-fill\"><a class=\"wp-block-button__link has-raft-fg-alt-color has-custom-purple-background-color has-text-color has-background has-link-color has-text-align-center wp-element-button\" href=\"https:\/\/www.stepalong.com\/de\/eine-demo-buchen\/\">Demo buchen<\/a><\/div>\n<\/div>\n\n\n\n<div style=\"height:36px\" aria-hidden=\"true\" class=\"wp-block-spacer\"><\/div>\n\n\n\n<div class=\"wp-block-columns is-layout-flex wp-container-core-columns-is-layout-14cf5ab5 wp-block-columns-is-layout-flex\">\n<div class=\"wp-block-column is-vertically-aligned-center is-layout-flow wp-block-column-is-layout-flow\">\n<h2 class=\"wp-block-heading\">Benutzerfreundlichkeit, die Ihren Kunden und Ihrem Unternehmen hilft<\/h2>\n\n\n\n<p>StepAlong erstellt ein digitales Format, das f\u00fcr Mobiltelefone konzipiert ist und ein gro\u00dfartiges mobiles Erlebnis schafft, das mit allen Browsern und Ger\u00e4ten funktioniert, ohne dass eine APP erforderlich ist, so dass Ihre Kunden Ihren Anweisungen erfolgreich auf ihrem Mobiltelefon folgen k\u00f6nnen.<\/p>\n\n\n\n<p><strong>80% der Anleitungen auf StepAlong werden auf Mobiltelefonen angesehen.<\/strong><\/p>\n<\/div>\n\n\n\n<div class=\"wp-block-column is-layout-flow wp-block-column-is-layout-flow\">\n<figure class=\"wp-block-image size-full shadow rounded\"><img loading=\"lazy\" decoding=\"async\" width=\"1248\" height=\"913\" src=\"https:\/\/www.stepalong.com\/wp-content\/uploads\/2025\/09\/usability-mobile-first-instructions.webp\" alt=\"Mobilfreundliche Produktanleitungen\" class=\"wp-image-8413\" srcset=\"https:\/\/www.stepalong.com\/wp-content\/uploads\/2025\/09\/usability-mobile-first-instructions.webp 1248w, https:\/\/www.stepalong.com\/wp-content\/uploads\/2025\/09\/usability-mobile-first-instructions-300x219.webp 300w, https:\/\/www.stepalong.com\/wp-content\/uploads\/2025\/09\/usability-mobile-first-instructions-1024x749.webp 1024w, https:\/\/www.stepalong.com\/wp-content\/uploads\/2025\/09\/usability-mobile-first-instructions-768x562.webp 768w, https:\/\/www.stepalong.com\/wp-content\/uploads\/2025\/09\/usability-mobile-first-instructions-16x12.webp 16w\" sizes=\"auto, (max-width: 1248px) 100vw, 1248px\" \/><\/figure>\n<\/div>\n<\/div>\n\n\n\n<div style=\"height:var(--wp--preset--spacing--80)\" aria-hidden=\"true\" class=\"wp-block-spacer\"><\/div>\n\n\n\n<div class=\"wp-block-columns is-layout-flex wp-container-core-columns-is-layout-14cf5ab5 wp-block-columns-is-layout-flex\">\n<div class=\"wp-block-column is-layout-flow wp-block-column-is-layout-flow\">\n<figure class=\"wp-block-image size-full shadow rounded\"><img loading=\"lazy\" decoding=\"async\" width=\"1100\" height=\"805\" src=\"https:\/\/www.stepalong.com\/wp-content\/uploads\/2025\/09\/SEO-product-instructions.webp\" alt=\"Durchsuchbare Produktanleitung\" class=\"wp-image-8412\" srcset=\"https:\/\/www.stepalong.com\/wp-content\/uploads\/2025\/09\/SEO-product-instructions.webp 1100w, https:\/\/www.stepalong.com\/wp-content\/uploads\/2025\/09\/SEO-product-instructions-300x220.webp 300w, https:\/\/www.stepalong.com\/wp-content\/uploads\/2025\/09\/SEO-product-instructions-1024x749.webp 1024w, https:\/\/www.stepalong.com\/wp-content\/uploads\/2025\/09\/SEO-product-instructions-768x562.webp 768w, https:\/\/www.stepalong.com\/wp-content\/uploads\/2025\/09\/SEO-product-instructions-16x12.webp 16w\" sizes=\"auto, (max-width: 1100px) 100vw, 1100px\" \/><\/figure>\n<\/div>\n\n\n\n<div class=\"wp-block-column is-vertically-aligned-center is-layout-flow wp-block-column-is-layout-flow\">\n<h2 class=\"wp-block-heading\">Machen Sie Ihre Anweisungen wirklich auffindbar<\/h2>\n\n\n\n<p>Das StepAlong Turnkey Instruction Center zentralisiert alle Ihre Anleitungen in jeder Sprache auf einer SEO-optimierten, durchsuchbaren und mobilfreundlichen Website. Sitemaps werden automatisch in jeder Sprache erstellt, damit alle Arten von Suchmaschinen Ihre Anleitungen finden und indexieren k\u00f6nnen.<\/p>\n\n\n\n<p><strong>Holen Sie sich Besucher aus dem Long Tail der Suche, indem Sie Anleitungen in allen Sprachen Ihrer Kunden anbieten.<\/strong><\/p>\n<\/div>\n<\/div>\n\n\n\n<div style=\"height:var(--wp--preset--spacing--80)\" aria-hidden=\"true\" class=\"wp-block-spacer\"><\/div>\n\n\n\n<div class=\"wp-block-columns is-layout-flex wp-container-core-columns-is-layout-14cf5ab5 wp-block-columns-is-layout-flex\">\n<div class=\"wp-block-column is-vertically-aligned-center is-layout-flow wp-block-column-is-layout-flow\">\n<h2 class=\"wp-block-heading\">Helfen Sie AI-Engines dabei, die besten Antworten auf spezifische Fragen zu geben<\/h2>\n\n\n\n<p>Ein druckbasiertes PDF stellt f\u00fcr KI-Suchwerkzeuge wie ChatGPT ein Hindernis dar und f\u00fchrt zu inkonsistenten und schlechten Ergebnissen. StepAlong erstellt strukturierte Anleitungen, die f\u00fcr KI-Suchmaschinen leicht zu verstehen sind. So k\u00f6nnen sie die Antworten auf spezifische Nutzerfragen finden und nicht nur auf die PDF-Datei verweisen.<\/p>\n<\/div>\n\n\n\n<div class=\"wp-block-column is-layout-flow wp-block-column-is-layout-flow\">\n<figure class=\"wp-block-image size-full shadow rounded\"><img loading=\"lazy\" decoding=\"async\" width=\"1208\" height=\"884\" src=\"https:\/\/www.stepalong.com\/wp-content\/uploads\/2025\/09\/AGI-product-instructions.webp\" alt=\"Produkthinweise in ChatGPT\" class=\"wp-image-8411\" srcset=\"https:\/\/www.stepalong.com\/wp-content\/uploads\/2025\/09\/AGI-product-instructions.webp 1208w, https:\/\/www.stepalong.com\/wp-content\/uploads\/2025\/09\/AGI-product-instructions-300x220.webp 300w, https:\/\/www.stepalong.com\/wp-content\/uploads\/2025\/09\/AGI-product-instructions-1024x749.webp 1024w, https:\/\/www.stepalong.com\/wp-content\/uploads\/2025\/09\/AGI-product-instructions-768x562.webp 768w, https:\/\/www.stepalong.com\/wp-content\/uploads\/2025\/09\/AGI-product-instructions-16x12.webp 16w\" sizes=\"auto, (max-width: 1208px) 100vw, 1208px\" \/><\/figure>\n<\/div>\n<\/div>\n\n\n\n<div style=\"height:var(--wp--preset--spacing--80)\" aria-hidden=\"true\" class=\"wp-block-spacer\"><\/div>\n\n\n\n<div class=\"wp-block-columns is-layout-flex wp-container-core-columns-is-layout-14cf5ab5 wp-block-columns-is-layout-flex\">\n<div class=\"wp-block-column is-layout-flow wp-block-column-is-layout-flow\">\n<figure class=\"wp-block-image size-full shadow rounded\"><img loading=\"lazy\" decoding=\"async\" width=\"1524\" height=\"922\" src=\"https:\/\/www.stepalong.com\/wp-content\/uploads\/2025\/09\/ai-customer-service-automation.png\" alt=\"Chatbot f\u00fcr Produktanleitungen\" class=\"wp-image-8405\" srcset=\"https:\/\/www.stepalong.com\/wp-content\/uploads\/2025\/09\/ai-customer-service-automation.png 1524w, https:\/\/www.stepalong.com\/wp-content\/uploads\/2025\/09\/ai-customer-service-automation-300x181.png 300w, https:\/\/www.stepalong.com\/wp-content\/uploads\/2025\/09\/ai-customer-service-automation-1024x620.png 1024w, https:\/\/www.stepalong.com\/wp-content\/uploads\/2025\/09\/ai-customer-service-automation-768x465.png 768w, https:\/\/www.stepalong.com\/wp-content\/uploads\/2025\/09\/ai-customer-service-automation-18x12.png 18w\" sizes=\"auto, (max-width: 1524px) 100vw, 1524px\" \/><\/figure>\n<\/div>\n\n\n\n<div class=\"wp-block-column is-vertically-aligned-center is-layout-flow wp-block-column-is-layout-flow\">\n<h2 class=\"wp-block-heading\">Grundlage f\u00fcr die Automatisierung des Kundendienstes<\/h2>\n\n\n\n<p>Wie die KI-Engines, z. B. ChatGPT, sind Chatbots zur Automatisierung des Kundendienstes auf saubere, strukturierte Inhalte angewiesen. Ohne diesen geben Chatbots unvollst\u00e4ndige oder falsche Antworten und erh\u00f6hen die Supportkosten - das Gegenteil von dem, was Sie erreichen wollen! Die Digitalisierung Ihrer Anweisungen mit StepAlong gew\u00e4hrleistet qualitativ hochwertige und konsistente Ergebnisse mit Ihrem Chatbot und sichert Ihre Investition.<\/p>\n<\/div>\n<\/div>\n\n\n\n<div style=\"height:var(--wp--preset--spacing--80)\" aria-hidden=\"true\" class=\"wp-block-spacer\"><\/div>\n\n\n\n<div class=\"wp-block-columns is-layout-flex wp-container-core-columns-is-layout-14cf5ab5 wp-block-columns-is-layout-flex\">\n<div class=\"wp-block-column is-vertically-aligned-center is-layout-flow wp-block-column-is-layout-flow\">\n<h2 class=\"wp-block-heading\">Erreichbarkeit<\/h2>\n\n\n\n<p>Die meisten PDF-Dateien, die f\u00fcr den Druck erstellt werden, sind f\u00fcr Bildschirmleseger\u00e4te oder unterst\u00fctzende Technologien nicht zug\u00e4nglich, was zum Ausschluss von Benutzern mit Behinderungen f\u00fchrt und Probleme bei der Einhaltung von Vorschriften verursacht. Mit StepAlong k\u00f6nnen Sie barrierefreie PDFs zum Herunterladen f\u00fcr Benutzer erstellen, die sie ben\u00f6tigen.<\/p>\n<\/div>\n\n\n\n<div class=\"wp-block-column is-layout-flow wp-block-column-is-layout-flow\">\n<figure class=\"wp-block-image size-full shadow rounded\"><img loading=\"lazy\" decoding=\"async\" width=\"1700\" height=\"1700\" src=\"https:\/\/www.stepalong.com\/wp-content\/uploads\/2025\/09\/GPSR-accesible-instructions.webp\" alt=\"Zug\u00e4ngliche PDF-Produktanleitungen\" class=\"wp-image-8373\" srcset=\"https:\/\/www.stepalong.com\/wp-content\/uploads\/2025\/09\/GPSR-accesible-instructions.webp 1700w, https:\/\/www.stepalong.com\/wp-content\/uploads\/2025\/09\/GPSR-accesible-instructions-300x300.webp 300w, https:\/\/www.stepalong.com\/wp-content\/uploads\/2025\/09\/GPSR-accesible-instructions-1024x1024.webp 1024w, https:\/\/www.stepalong.com\/wp-content\/uploads\/2025\/09\/GPSR-accesible-instructions-150x150.webp 150w, https:\/\/www.stepalong.com\/wp-content\/uploads\/2025\/09\/GPSR-accesible-instructions-768x768.webp 768w, https:\/\/www.stepalong.com\/wp-content\/uploads\/2025\/09\/GPSR-accesible-instructions-1536x1536.webp 1536w, https:\/\/www.stepalong.com\/wp-content\/uploads\/2025\/09\/GPSR-accesible-instructions-12x12.webp 12w\" sizes=\"auto, (max-width: 1700px) 100vw, 1700px\" \/><\/figure>\n<\/div>\n<\/div>\n\n\n\n<div style=\"height:var(--wp--preset--spacing--80)\" aria-hidden=\"true\" class=\"wp-block-spacer\"><\/div>\n\n\n\n<div class=\"wp-block-columns is-layout-flex wp-container-core-columns-is-layout-14cf5ab5 wp-block-columns-is-layout-flex\">\n<div class=\"wp-block-column is-layout-flow wp-block-column-is-layout-flow\">\n<div class=\"wp-block-group feature is-layout-constrained wp-block-group-is-layout-constrained\">\n<div class=\"wp-block-columns is-layout-flex wp-container-core-columns-is-layout-cbe57604 wp-block-columns-is-layout-flex\">\n<div class=\"wp-block-column is-layout-flow wp-block-column-is-layout-flow\">\n<figure class=\"wp-block-image size-large rounded\"><img loading=\"lazy\" decoding=\"async\" width=\"1024\" height=\"1024\" src=\"https:\/\/www.stepalong.com\/wp-content\/uploads\/2025\/08\/stepalong-roi-calculator-1024x1024.webp\" alt=\"StepAlong ROI-Rechner\" class=\"wp-image-8026\" srcset=\"https:\/\/www.stepalong.com\/wp-content\/uploads\/2025\/08\/stepalong-roi-calculator-1024x1024.webp 1024w, https:\/\/www.stepalong.com\/wp-content\/uploads\/2025\/08\/stepalong-roi-calculator-300x300.webp 300w, https:\/\/www.stepalong.com\/wp-content\/uploads\/2025\/08\/stepalong-roi-calculator-150x150.webp 150w, https:\/\/www.stepalong.com\/wp-content\/uploads\/2025\/08\/stepalong-roi-calculator-768x768.webp 768w, https:\/\/www.stepalong.com\/wp-content\/uploads\/2025\/08\/stepalong-roi-calculator-12x12.webp 12w, https:\/\/www.stepalong.com\/wp-content\/uploads\/2025\/08\/stepalong-roi-calculator.webp 1420w\" sizes=\"auto, (max-width: 1024px) 100vw, 1024px\" \/><\/figure>\n<\/div>\n\n\n\n<div class=\"wp-block-column is-layout-flow wp-block-column-is-layout-flow\">\n<h3 class=\"wp-block-heading\">Berechnen Sie Ihr Einsparungspotenzial<\/h3>\n\n\n\n<p>Entdecken Sie, wie viel Ihr Unternehmen durch den Umstieg auf die KI-gest\u00fctzte digitale Unterrichtsplattform von StepAlong sparen kann.<\/p>\n\n\n\n<div style=\"height:0px\" aria-hidden=\"true\" class=\"wp-block-spacer\"><\/div>\n<\/div>\n<\/div>\n\n\n\n<div style=\"height:1em\" aria-hidden=\"true\" class=\"wp-block-spacer\"><\/div>\n\n\n\n<div class=\"wp-block-buttons is-content-justification-center is-layout-flex wp-container-core-buttons-is-layout-a89b3969 wp-block-buttons-is-layout-flex\">\n<div class=\"wp-block-button is-style-outline is-style-outline--1\"><a class=\"wp-block-button__link has-custom-purple-color has-text-color has-link-color has-border-color has-custom-purple-border-color wp-element-button\" href=\"https:\/\/www.stepalong.com\/de\/rendite-rechner\/\">Berechnen Sie Ihre Ersparnisse<\/a><\/div>\n<\/div>\n<\/div>\n<\/div>\n\n\n\n<div class=\"wp-block-column is-vertically-aligned-center is-layout-flow wp-block-column-is-layout-flow\">\n<p>Bei StepAlong haben wir uns darauf konzentriert, was Kunden f\u00fcr eine gute Produktanleitung brauchen:<\/p>\n\n\n\n<ul class=\"wp-block-list\">\n<li><strong>Mobile-first<\/strong><br>Keine App-Downloads erforderlich, einfach \u00f6ffnen und folgen<\/li>\n\n\n\n<li><strong>Gef\u00fchrte Schritte<\/strong><br>Eine logische, schrittweise Struktur f\u00fcr mehr Klarheit<\/li>\n\n\n\n<li><strong>Flexible Formate<\/strong><br>PDFs zum Herunterladen f\u00fcr diejenigen, die sie bevorzugen<\/li>\n\n\n\n<li><strong>Einfache Entdeckung<\/strong><br>Erreichbar \u00fcber Google, ChatGPT und andere Suchmaschinen<\/li>\n\n\n\n<li><strong>Lokalisierte Inhalte<\/strong><br>Anweisungen in der Sprache Ihrer Kunden<\/li>\n<\/ul>\n\n\n\n<div style=\"height:1em\" aria-hidden=\"true\" class=\"wp-block-spacer\"><\/div>\n\n\n\n<div class=\"wp-block-buttons is-content-justification-center is-layout-flex wp-container-core-buttons-is-layout-a89b3969 wp-block-buttons-is-layout-flex\">\n<div class=\"wp-block-button is-style-fill\"><a class=\"wp-block-button__link has-raft-fg-alt-color has-custom-purple-background-color has-text-color has-background has-link-color has-text-align-center wp-element-button\" href=\"https:\/\/www.stepalong.com\/de\/eine-demo-buchen\/\">Demo buchen<\/a><\/div>\n<\/div>\n<\/div>\n<\/div>\n\n\n\n<p><\/p>","protected":false},"excerpt":{"rendered":"<p>Your digital product instructions are more than a downloadable PDF StepAlong turns your product instructions into structured, mobile-friendly content built for today\u2019s customers, search engines and AI. Usability that helps your customer and business StepAlong creates a digital format designed for mobile, creating a great mobile experience that works across browsers and devices, with no [&hellip;]<\/p>","protected":false},"author":1,"featured_media":0,"parent":0,"menu_order":0,"comment_status":"closed","ping_status":"closed","template":"wp-custom-template-landing-page-b","meta":{"content-type":"","_uag_custom_page_level_css":"","footnotes":""},"class_list":["post-8404","page","type-page","status-publish","hentry"],"aioseo_notices":[],"mb":[],"uagb_featured_image_src":{"full":false,"thumbnail":false,"medium":false,"medium_large":false,"large":false,"1536x1536":false,"2048x2048":false,"trp-custom-language-flag":false},"uagb_author_info":{"display_name":"Sergi S\u00e1nchez Mancha","author_link":"https:\/\/www.stepalong.com\/de\/author\/sergiostepalong-com\/"},"uagb_comment_info":0,"uagb_excerpt":"Your digital product instructions are more than a downloadable PDF StepAlong turns your product instructions into structured, mobile-friendly content built for today\u2019s customers, search engines and AI. Usability that helps your customer and business StepAlong creates a digital format designed for mobile, creating a great mobile experience that works across browsers and devices, with no&hellip;","mfb_rest_fields":["title","aioseo_notices","uagb_featured_image_src","uagb_author_info","uagb_comment_info","uagb_excerpt"],"_links":{"self":[{"href":"https:\/\/www.stepalong.com\/de\/wp-json\/wp\/v2\/pages\/8404","targetHints":{"allow":["GET"]}}],"collection":[{"href":"https:\/\/www.stepalong.com\/de\/wp-json\/wp\/v2\/pages"}],"about":[{"href":"https:\/\/www.stepalong.com\/de\/wp-json\/wp\/v2\/types\/page"}],"author":[{"embeddable":true,"href":"https:\/\/www.stepalong.com\/de\/wp-json\/wp\/v2\/users\/1"}],"replies":[{"embeddable":true,"href":"https:\/\/www.stepalong.com\/de\/wp-json\/wp\/v2\/comments?post=8404"}],"version-history":[{"count":2,"href":"https:\/\/www.stepalong.com\/de\/wp-json\/wp\/v2\/pages\/8404\/revisions"}],"predecessor-version":[{"id":8415,"href":"https:\/\/www.stepalong.com\/de\/wp-json\/wp\/v2\/pages\/8404\/revisions\/8415"}],"wp:attachment":[{"href":"https:\/\/www.stepalong.com\/de\/wp-json\/wp\/v2\/media?parent=8404"}],"curies":[{"name":"wp","href":"https:\/\/api.w.org\/{rel}","templated":true}]}}