{"id":8371,"date":"2025-09-24T16:31:05","date_gmt":"2025-09-24T14:31:05","guid":{"rendered":"https:\/\/www.stepalong.com\/?page_id=8371"},"modified":"2025-09-26T18:03:42","modified_gmt":"2025-09-26T16:03:42","slug":"digitale-anweisungen","status":"publish","type":"page","link":"https:\/\/www.stepalong.com\/de\/digitale-anweisungen\/","title":{"rendered":"StepAlong Digital Anleitung"},"content":{"rendered":"<h2 class=\"wp-block-heading has-text-align-center\" style=\"font-size:2.4em\">Markenspezifische, mobilfreundliche Produktanleitungen in \u00fcber 30 Sprachen, unterst\u00fctzt durch KI<\/h2>\n\n\n\n<p class=\"has-text-align-center\">Reduzieren Sie Supportanfragen und R\u00fccksendungen und erh\u00f6hen Sie die Anzahl positiver Bewertungen durch bessere, kundenorientierte Anweisungen.<\/p>\n\n\n\n<div class=\"wp-block-buttons is-content-justification-center is-layout-flex wp-container-core-buttons-is-layout-a89b3969 wp-block-buttons-is-layout-flex\">\n<div class=\"wp-block-button is-style-fill\"><a class=\"wp-block-button__link has-raft-fg-alt-color has-custom-purple-background-color has-text-color has-background has-link-color has-text-align-center wp-element-button\" href=\"https:\/\/www.stepalong.com\/de\/eine-demo-buchen\/\">Demo buchen<\/a><\/div>\n<\/div>\n\n\n\n<div style=\"height:36px\" aria-hidden=\"true\" class=\"wp-block-spacer\"><\/div>\n\n\n\n<div class=\"wp-block-columns is-layout-flex wp-container-core-columns-is-layout-14cf5ab5 wp-block-columns-is-layout-flex\">\n<div class=\"wp-block-column is-vertically-aligned-center is-layout-flow wp-block-column-is-layout-flow\">\n<h2 class=\"wp-block-heading\">Mobile-First, suchfreundliche Anleitungen (keine App erforderlich)<\/h2>\n\n\n\n<p>Die Schritt-f\u00fcr-Schritt-Anleitungen von StepAlong sehen auf Mobilger\u00e4ten gro\u00dfartig aus und werden von Such- und AI-Maschinen schnell indiziert. Sie m\u00fcssen sich nicht mehr \u00fcber Ihre Telefone beugen, um PDFs f\u00fcr ein vergangenes Zeitalter zu erstellen.<\/p>\n<\/div>\n\n\n\n<div class=\"wp-block-column is-layout-flow wp-block-column-is-layout-flow\">\n<figure class=\"wp-block-image size-full shadow rounded\"><img loading=\"lazy\" decoding=\"async\" width=\"951\" height=\"696\" src=\"https:\/\/www.stepalong.com\/wp-content\/uploads\/2025\/09\/mobile-first-instructions.webp\" alt=\"Mobilfreundliche Produktanleitungen\" class=\"wp-image-8368\" srcset=\"https:\/\/www.stepalong.com\/wp-content\/uploads\/2025\/09\/mobile-first-instructions.webp 951w, https:\/\/www.stepalong.com\/wp-content\/uploads\/2025\/09\/mobile-first-instructions-300x220.webp 300w, https:\/\/www.stepalong.com\/wp-content\/uploads\/2025\/09\/mobile-first-instructions-768x562.webp 768w, https:\/\/www.stepalong.com\/wp-content\/uploads\/2025\/09\/mobile-first-instructions-16x12.webp 16w\" sizes=\"auto, (max-width: 951px) 100vw, 951px\" \/><\/figure>\n<\/div>\n<\/div>\n\n\n\n<div style=\"height:var(--wp--preset--spacing--80)\" aria-hidden=\"true\" class=\"wp-block-spacer\"><\/div>\n\n\n\n<div class=\"wp-block-columns is-layout-flex wp-container-core-columns-is-layout-14cf5ab5 wp-block-columns-is-layout-flex\">\n<div class=\"wp-block-column is-layout-flow wp-block-column-is-layout-flow\">\n<figure class=\"wp-block-image size-full shadow rounded\"><img loading=\"lazy\" decoding=\"async\" width=\"1248\" height=\"892\" src=\"https:\/\/www.stepalong.com\/wp-content\/uploads\/2025\/09\/mobile-instructions-translated.webp\" alt=\"Mehrsprachige Produktanleitungen\" class=\"wp-image-8369\" srcset=\"https:\/\/www.stepalong.com\/wp-content\/uploads\/2025\/09\/mobile-instructions-translated.webp 1248w, https:\/\/www.stepalong.com\/wp-content\/uploads\/2025\/09\/mobile-instructions-translated-300x214.webp 300w, https:\/\/www.stepalong.com\/wp-content\/uploads\/2025\/09\/mobile-instructions-translated-1024x732.webp 1024w, https:\/\/www.stepalong.com\/wp-content\/uploads\/2025\/09\/mobile-instructions-translated-768x549.webp 768w, https:\/\/www.stepalong.com\/wp-content\/uploads\/2025\/09\/mobile-instructions-translated-18x12.webp 18w\" sizes=\"auto, (max-width: 1248px) 100vw, 1248px\" \/><\/figure>\n<\/div>\n\n\n\n<div class=\"wp-block-column is-vertically-aligned-center is-layout-flow wp-block-column-is-layout-flow\">\n<h2 class=\"wp-block-heading\">Unterst\u00fctzung ALLER internationalen M\u00e4rkte<\/h2>\n\n\n\n<p>Viele Marken verkaufen weltweit, haben aber Schwierigkeiten, alle M\u00e4rkte zu bedienen. Die KI von StepAlong liefert kontextabh\u00e4ngige <a href=\"https:\/\/www.stepalong.com\/de\/ai-product-instructions-ubersetzung\/\" title=\"\u00dcbersetzung von AI-Produktanleitungen\">\u00dcbersetzungen in \u00fcber 30 Sprachen<\/a> - die von Ihrem Team oder Ihrer Agentur direkt auf der Plattform bearbeitet werden k\u00f6nnen, was die Produktionskosten und die Markteinf\u00fchrungszeit senkt.<\/p>\n<\/div>\n<\/div>\n\n\n\n<div style=\"height:var(--wp--preset--spacing--80)\" aria-hidden=\"true\" class=\"wp-block-spacer\"><\/div>\n\n\n\n<div class=\"wp-block-columns is-layout-flex wp-container-core-columns-is-layout-14cf5ab5 wp-block-columns-is-layout-flex\">\n<div class=\"wp-block-column is-vertically-aligned-center is-layout-flow wp-block-column-is-layout-flow\">\n<h2 class=\"wp-block-heading\">Ein Hub f\u00fcr alle Anweisungen<\/h2>\n\n\n\n<p>Hosten Sie jede Anleitung und jedes Handbuch - in jeder Sprache - unter Ihrer Markendomain. Bieten Sie Ihren Kunden eine einzige, durchsuchbare Ressource, die sie auch tats\u00e4chlich nutzen werden.<\/p>\n<\/div>\n\n\n\n<div class=\"wp-block-column is-layout-flow wp-block-column-is-layout-flow\">\n<figure class=\"wp-block-image size-full shadow rounded\"><img loading=\"lazy\" decoding=\"async\" width=\"1148\" height=\"780\" src=\"https:\/\/www.stepalong.com\/wp-content\/uploads\/2025\/09\/ecofort-branded-instruction-center.png\" alt=\"Gebrandetes StepAlong-Anleitungszentrum\" class=\"wp-image-8389\" srcset=\"https:\/\/www.stepalong.com\/wp-content\/uploads\/2025\/09\/ecofort-branded-instruction-center.png 1148w, https:\/\/www.stepalong.com\/wp-content\/uploads\/2025\/09\/ecofort-branded-instruction-center-300x204.png 300w, https:\/\/www.stepalong.com\/wp-content\/uploads\/2025\/09\/ecofort-branded-instruction-center-1024x696.png 1024w, https:\/\/www.stepalong.com\/wp-content\/uploads\/2025\/09\/ecofort-branded-instruction-center-768x522.png 768w, https:\/\/www.stepalong.com\/wp-content\/uploads\/2025\/09\/ecofort-branded-instruction-center-18x12.png 18w\" sizes=\"auto, (max-width: 1148px) 100vw, 1148px\" \/><\/figure>\n<\/div>\n<\/div>\n\n\n\n<div style=\"height:var(--wp--preset--spacing--80)\" aria-hidden=\"true\" class=\"wp-block-spacer\"><\/div>\n\n\n\n<div class=\"wp-block-columns is-layout-flex wp-container-core-columns-is-layout-14cf5ab5 wp-block-columns-is-layout-flex\">\n<div class=\"wp-block-column is-layout-flow wp-block-column-is-layout-flow\">\n<figure class=\"wp-block-image size-full shadow rounded\"><img loading=\"lazy\" decoding=\"async\" width=\"1080\" height=\"746\" src=\"https:\/\/www.stepalong.com\/wp-content\/uploads\/2025\/09\/stepalong-builder-silentlab.webp\" alt=\"StepAlong-Produktanleitungserstellung\" class=\"wp-image-8370\" srcset=\"https:\/\/www.stepalong.com\/wp-content\/uploads\/2025\/09\/stepalong-builder-silentlab.webp 1080w, https:\/\/www.stepalong.com\/wp-content\/uploads\/2025\/09\/stepalong-builder-silentlab-300x207.webp 300w, https:\/\/www.stepalong.com\/wp-content\/uploads\/2025\/09\/stepalong-builder-silentlab-1024x707.webp 1024w, https:\/\/www.stepalong.com\/wp-content\/uploads\/2025\/09\/stepalong-builder-silentlab-768x530.webp 768w, https:\/\/www.stepalong.com\/wp-content\/uploads\/2025\/09\/stepalong-builder-silentlab-18x12.webp 18w\" sizes=\"auto, (max-width: 1080px) 100vw, 1080px\" \/><\/figure>\n<\/div>\n\n\n\n<div class=\"wp-block-column is-vertically-aligned-center is-layout-flow wp-block-column-is-layout-flow\">\n<h2 class=\"wp-block-heading\">Einfache Anleitungserstellung<\/h2>\n\n\n\n<p>Erstellen Sie Anleitungen aus Text, PDFs oder sogar YouTube-Tutorials mit KI-gest\u00fctzten Tools. Oder verwenden Sie die vorgefertigten Vorlagen von StepAlong f\u00fcr schnelle, kundenfreundliche Anleitungen - ganz ohne Word oder InDesign.<\/p>\n<\/div>\n<\/div>\n\n\n\n<div style=\"height:var(--wp--preset--spacing--80)\" aria-hidden=\"true\" class=\"wp-block-spacer\"><\/div>\n\n\n\n<div class=\"wp-block-columns is-layout-flex wp-container-core-columns-is-layout-14cf5ab5 wp-block-columns-is-layout-flex\">\n<div class=\"wp-block-column is-vertically-aligned-center is-layout-flow wp-block-column-is-layout-flow\">\n<h2 class=\"wp-block-heading\">Konform und zug\u00e4nglich bleiben<\/h2>\n\n\n\n<p class=\"translation-block\"><a href=\"https:\/\/www.stepalong.com\/de\/gpsr-konform\/\" title=\"Haga que las instrucciones de sus productos cumplan con GPSR\" target=\"_self\">Erf\u00fcllen Sie m\u00fchelos GPSR<\/a>, EAA und lokale Zug\u00e4nglichkeitsvorschriften, indem Sie umfassende Produktanleitungen f\u00fcr alle Benutzer in Online- und PDF-Formaten bereitstellen. Aktualisieren Sie den Inhalt sofort, um mit den sich \u00e4ndernden Vorschriften konform zu bleiben.<\/p>\n<\/div>\n\n\n\n<div class=\"wp-block-column is-layout-flow wp-block-column-is-layout-flow\">\n<figure class=\"wp-block-image size-full shadow rounded\"><img loading=\"lazy\" decoding=\"async\" width=\"1700\" height=\"1700\" src=\"https:\/\/www.stepalong.com\/wp-content\/uploads\/2025\/09\/GPSR-accesible-instructions.webp\" alt=\"Zug\u00e4ngliche PDF-Produktanleitungen\" class=\"wp-image-8373\" srcset=\"https:\/\/www.stepalong.com\/wp-content\/uploads\/2025\/09\/GPSR-accesible-instructions.webp 1700w, https:\/\/www.stepalong.com\/wp-content\/uploads\/2025\/09\/GPSR-accesible-instructions-300x300.webp 300w, https:\/\/www.stepalong.com\/wp-content\/uploads\/2025\/09\/GPSR-accesible-instructions-1024x1024.webp 1024w, https:\/\/www.stepalong.com\/wp-content\/uploads\/2025\/09\/GPSR-accesible-instructions-150x150.webp 150w, https:\/\/www.stepalong.com\/wp-content\/uploads\/2025\/09\/GPSR-accesible-instructions-768x768.webp 768w, https:\/\/www.stepalong.com\/wp-content\/uploads\/2025\/09\/GPSR-accesible-instructions-1536x1536.webp 1536w, https:\/\/www.stepalong.com\/wp-content\/uploads\/2025\/09\/GPSR-accesible-instructions-12x12.webp 12w\" sizes=\"auto, (max-width: 1700px) 100vw, 1700px\" \/><\/figure>\n<\/div>\n<\/div>\n\n\n\n<div style=\"height:var(--wp--preset--spacing--80)\" aria-hidden=\"true\" class=\"wp-block-spacer\"><\/div>\n\n\n\n<div class=\"wp-block-columns is-layout-flex wp-container-core-columns-is-layout-14cf5ab5 wp-block-columns-is-layout-flex\">\n<div class=\"wp-block-column is-layout-flow wp-block-column-is-layout-flow\">\n<div class=\"wp-block-group feature is-layout-constrained wp-block-group-is-layout-constrained\">\n<div class=\"wp-block-columns is-layout-flex wp-container-core-columns-is-layout-cbe57604 wp-block-columns-is-layout-flex\">\n<div class=\"wp-block-column is-layout-flow wp-block-column-is-layout-flow\">\n<figure class=\"wp-block-image size-large rounded\"><img loading=\"lazy\" decoding=\"async\" width=\"1024\" height=\"1024\" src=\"https:\/\/www.stepalong.com\/wp-content\/uploads\/2025\/08\/stepalong-roi-calculator-1024x1024.webp\" alt=\"StepAlong ROI-Rechner\" class=\"wp-image-8026\" srcset=\"https:\/\/www.stepalong.com\/wp-content\/uploads\/2025\/08\/stepalong-roi-calculator-1024x1024.webp 1024w, https:\/\/www.stepalong.com\/wp-content\/uploads\/2025\/08\/stepalong-roi-calculator-300x300.webp 300w, https:\/\/www.stepalong.com\/wp-content\/uploads\/2025\/08\/stepalong-roi-calculator-150x150.webp 150w, https:\/\/www.stepalong.com\/wp-content\/uploads\/2025\/08\/stepalong-roi-calculator-768x768.webp 768w, https:\/\/www.stepalong.com\/wp-content\/uploads\/2025\/08\/stepalong-roi-calculator-12x12.webp 12w, https:\/\/www.stepalong.com\/wp-content\/uploads\/2025\/08\/stepalong-roi-calculator.webp 1420w\" sizes=\"auto, (max-width: 1024px) 100vw, 1024px\" \/><\/figure>\n<\/div>\n\n\n\n<div class=\"wp-block-column is-layout-flow wp-block-column-is-layout-flow\">\n<h3 class=\"wp-block-heading\">Berechnen Sie Ihr Einsparungspotenzial<\/h3>\n\n\n\n<p>Entdecken Sie, wie viel Ihr Unternehmen durch den Umstieg auf die KI-gest\u00fctzte digitale Unterrichtsplattform von StepAlong sparen kann.<\/p>\n\n\n\n<div style=\"height:0px\" aria-hidden=\"true\" class=\"wp-block-spacer\"><\/div>\n<\/div>\n<\/div>\n\n\n\n<div style=\"height:1em\" aria-hidden=\"true\" class=\"wp-block-spacer\"><\/div>\n\n\n\n<div class=\"wp-block-buttons is-content-justification-center is-layout-flex wp-container-core-buttons-is-layout-a89b3969 wp-block-buttons-is-layout-flex\">\n<div class=\"wp-block-button is-style-outline is-style-outline--1\"><a class=\"wp-block-button__link has-custom-purple-color has-text-color has-link-color has-border-color has-custom-purple-border-color wp-element-button\" href=\"https:\/\/www.stepalong.com\/de\/rendite-rechner\/\">Berechnen Sie Ihre Ersparnisse<\/a><\/div>\n<\/div>\n<\/div>\n<\/div>\n\n\n\n<div class=\"wp-block-column is-vertically-aligned-center is-layout-flow wp-block-column-is-layout-flow\">\n<p>Bei StepAlong haben wir uns darauf konzentriert, was Kunden f\u00fcr eine gute Produktanleitung brauchen:<\/p>\n\n\n\n<ul class=\"wp-block-list\">\n<li><strong>Mobile-first<\/strong><br>Keine App-Downloads erforderlich, einfach \u00f6ffnen und folgen<\/li>\n\n\n\n<li><strong>Gef\u00fchrte Schritte<\/strong><br>Eine logische, schrittweise Struktur f\u00fcr mehr Klarheit<\/li>\n\n\n\n<li><strong>Flexible Formate<\/strong><br>PDFs zum Herunterladen f\u00fcr diejenigen, die sie bevorzugen<\/li>\n\n\n\n<li><strong>Einfache Entdeckung<\/strong><br>Erreichbar \u00fcber Google, ChatGPT und andere Suchmaschinen<\/li>\n\n\n\n<li><strong>Lokalisierte Inhalte<\/strong><br>Anweisungen in der Sprache Ihrer Kunden<\/li>\n<\/ul>\n\n\n\n<div style=\"height:1em\" aria-hidden=\"true\" class=\"wp-block-spacer\"><\/div>\n\n\n\n<div class=\"wp-block-buttons is-content-justification-center is-layout-flex wp-container-core-buttons-is-layout-a89b3969 wp-block-buttons-is-layout-flex\">\n<div class=\"wp-block-button is-style-fill\"><a class=\"wp-block-button__link has-raft-fg-alt-color has-custom-purple-background-color has-text-color has-background has-link-color has-text-align-center wp-element-button\" href=\"https:\/\/www.stepalong.com\/de\/eine-demo-buchen\/\">Demo buchen<\/a><\/div>\n<\/div>\n<\/div>\n<\/div>","protected":false},"excerpt":{"rendered":"<p>Branded, mobile-friendly product instructions in 30+ languages, powered by AI Reduce support tickets, returns and increase positive reviews with better, customer focussed instructions. Mobile-First, Search-Friendly Instructions (no app needed) StepAlong\u2019s step-by-step instructions look great on mobile and get indexed fast by search and AI engines. No more hunching over your phones to work out PDF [&hellip;]<\/p>","protected":false},"author":1,"featured_media":0,"parent":0,"menu_order":0,"comment_status":"closed","ping_status":"closed","template":"wp-custom-template-landing-page-b","meta":{"content-type":"","_uag_custom_page_level_css":"","footnotes":""},"class_list":["post-8371","page","type-page","status-publish","hentry"],"aioseo_notices":[],"mb":[],"uagb_featured_image_src":{"full":false,"thumbnail":false,"medium":false,"medium_large":false,"large":false,"1536x1536":false,"2048x2048":false,"trp-custom-language-flag":false},"uagb_author_info":{"display_name":"Sergi S\u00e1nchez Mancha","author_link":"https:\/\/www.stepalong.com\/de\/author\/sergiostepalong-com\/"},"uagb_comment_info":0,"uagb_excerpt":"Branded, mobile-friendly product instructions in 30+ languages, powered by AI Reduce support tickets, returns and increase positive reviews with better, customer focussed instructions. Mobile-First, Search-Friendly Instructions (no app needed) StepAlong\u2019s step-by-step instructions look great on mobile and get indexed fast by search and AI engines. No more hunching over your phones to work out PDF&hellip;","mfb_rest_fields":["title","aioseo_notices","uagb_featured_image_src","uagb_author_info","uagb_comment_info","uagb_excerpt"],"_links":{"self":[{"href":"https:\/\/www.stepalong.com\/de\/wp-json\/wp\/v2\/pages\/8371","targetHints":{"allow":["GET"]}}],"collection":[{"href":"https:\/\/www.stepalong.com\/de\/wp-json\/wp\/v2\/pages"}],"about":[{"href":"https:\/\/www.stepalong.com\/de\/wp-json\/wp\/v2\/types\/page"}],"author":[{"embeddable":true,"href":"https:\/\/www.stepalong.com\/de\/wp-json\/wp\/v2\/users\/1"}],"replies":[{"embeddable":true,"href":"https:\/\/www.stepalong.com\/de\/wp-json\/wp\/v2\/comments?post=8371"}],"version-history":[{"count":4,"href":"https:\/\/www.stepalong.com\/de\/wp-json\/wp\/v2\/pages\/8371\/revisions"}],"predecessor-version":[{"id":8390,"href":"https:\/\/www.stepalong.com\/de\/wp-json\/wp\/v2\/pages\/8371\/revisions\/8390"}],"wp:attachment":[{"href":"https:\/\/www.stepalong.com\/de\/wp-json\/wp\/v2\/media?parent=8371"}],"curies":[{"name":"wp","href":"https:\/\/api.w.org\/{rel}","templated":true}]}}