{"id":8346,"date":"2025-09-23T13:11:17","date_gmt":"2025-09-23T11:11:17","guid":{"rendered":"https:\/\/www.stepalong.com\/?page_id=8346"},"modified":"2025-09-24T17:33:36","modified_gmt":"2025-09-24T15:33:36","slug":"anweisungen-fur-die-verpackung","status":"publish","type":"page","link":"https:\/\/www.stepalong.com\/de\/anweisungen-fur-die-verpackung\/","title":{"rendered":"StepAlong Box Gebrauchsanweisung"},"content":{"rendered":"<h2 class=\"wp-block-heading has-text-align-center\" style=\"font-size:2.4em\">Digitale &amp; In-Box Produktanleitungen auf einer Plattform<\/h2>\n\n\n\n<p class=\"has-text-align-center\">Schreiben Sie einmal und exportieren Sie Ihre Anweisungen in jedes beliebige Format und jede beliebige Form.<\/p>\n\n\n\n<div class=\"wp-block-buttons is-content-justification-center is-layout-flex wp-container-core-buttons-is-layout-a89b3969 wp-block-buttons-is-layout-flex\">\n<div class=\"wp-block-button is-style-fill\"><a class=\"wp-block-button__link has-raft-fg-alt-color has-custom-purple-background-color has-text-color has-background has-link-color has-text-align-center wp-element-button\" href=\"https:\/\/www.stepalong.com\/de\/eine-demo-buchen\/\">Demo buchen<\/a><\/div>\n<\/div>\n\n\n\n<div style=\"height:36px\" aria-hidden=\"true\" class=\"wp-block-spacer\"><\/div>\n\n\n\n<p>StepAlong Box Ready l\u00e4sst sich integrieren in <a href=\"https:\/\/www.stepalong.com\/de\/digitale-anweisungen\/\" title=\"StepAlong Digital Anleitung\">StepAlong Digital Anleitung<\/a> eine All-in-One-Plattform f\u00fcr die einmalige Erstellung s\u00e4mtlicher Schulungsunterlagen (Anleitungen, QR-Codes, Schnellstartanleitungen usw.) zu schaffen, die dann in allen Formaten (digital, gedruckt) und in allen Formen (mobil, PC, A4, A5 usw.) ausgegeben werden k\u00f6nnen.<\/p>\n\n\n\n<div class=\"wp-block-columns is-layout-flex wp-container-core-columns-is-layout-14cf5ab5 wp-block-columns-is-layout-flex\">\n<div class=\"wp-block-column is-vertically-aligned-center is-layout-flow wp-block-column-is-layout-flow\">\n<h2 class=\"wp-block-heading\">Jedes Format, alles auf einmal<\/h2>\n\n\n\n<p>Selbst wenn sich ein Produkt rechtlich auf einen QR-Code st\u00fctzen kann, muss der Verpackung immer noch etwas beigef\u00fcgt werden - ein QR-Einleger, ein Sicherheitshinweis oder eine Schnellstartanleitung - oft in mehreren Sprachen. Bislang bedeutete dies, dass zwei Prozesse f\u00fcr die Erstellung der Anleitungen erforderlich waren, was zu mehr Fehlern, Kosten und Verz\u00f6gerungen f\u00fchrte.<\/p>\n<\/div>\n\n\n\n<div class=\"wp-block-column is-layout-flow wp-block-column-is-layout-flow\">\n<figure class=\"wp-block-image size-full shadow rounded\"><img loading=\"lazy\" decoding=\"async\" width=\"951\" height=\"696\" src=\"https:\/\/www.stepalong.com\/wp-content\/uploads\/2025\/09\/every-format.webp\" alt=\"Mehrseitige Produkthinweise.\" class=\"wp-image-8348\" srcset=\"https:\/\/www.stepalong.com\/wp-content\/uploads\/2025\/09\/every-format.webp 951w, https:\/\/www.stepalong.com\/wp-content\/uploads\/2025\/09\/every-format-300x220.webp 300w, https:\/\/www.stepalong.com\/wp-content\/uploads\/2025\/09\/every-format-768x562.webp 768w, https:\/\/www.stepalong.com\/wp-content\/uploads\/2025\/09\/every-format-16x12.webp 16w\" sizes=\"auto, (max-width: 951px) 100vw, 951px\" \/><\/figure>\n<\/div>\n<\/div>\n\n\n\n<div style=\"height:var(--wp--preset--spacing--80)\" aria-hidden=\"true\" class=\"wp-block-spacer\"><\/div>\n\n\n\n<div class=\"wp-block-columns is-layout-flex wp-container-core-columns-is-layout-14cf5ab5 wp-block-columns-is-layout-flex\">\n<div class=\"wp-block-column is-layout-flow wp-block-column-is-layout-flow\">\n<figure class=\"wp-block-image size-full shadow rounded\"><img loading=\"lazy\" decoding=\"async\" width=\"951\" height=\"696\" src=\"https:\/\/www.stepalong.com\/wp-content\/uploads\/2025\/09\/scan-qr-safety-information.webp\" alt=\"Der Benutzer scannt einen QR-Code und eine Verpackung mit Sicherheitsinformationen f\u00fcr Produktanweisungen.\" class=\"wp-image-8351\" srcset=\"https:\/\/www.stepalong.com\/wp-content\/uploads\/2025\/09\/scan-qr-safety-information.webp 951w, https:\/\/www.stepalong.com\/wp-content\/uploads\/2025\/09\/scan-qr-safety-information-300x220.webp 300w, https:\/\/www.stepalong.com\/wp-content\/uploads\/2025\/09\/scan-qr-safety-information-768x562.webp 768w, https:\/\/www.stepalong.com\/wp-content\/uploads\/2025\/09\/scan-qr-safety-information-16x12.webp 16w\" sizes=\"auto, (max-width: 951px) 100vw, 951px\" \/><\/figure>\n<\/div>\n\n\n\n<div class=\"wp-block-column is-vertically-aligned-center is-layout-flow wp-block-column-is-layout-flow\">\n<h2 class=\"wp-block-heading\">Papierlos ist ein Ideal, aber weniger Papier f\u00e4ngt hier an<\/h2>\n\n\n\n<p>Die Vorschriften sind von Markt zu Markt unterschiedlich, und v\u00f6llig papierlose Anweisungen sind noch nicht m\u00f6glich. StepAlong hilft Ihnen, Papier zu reduzieren, wo immer Sie k\u00f6nnen, und gleichzeitig die EU-GPSR und andere regionale Vorschriften einzuhalten. Von reinen QR-Beilagen \u00fcber Schnellstartanleitungen bis hin zu vollst\u00e4ndigen Handb\u00fcchern stellen Sie Ihren Kunden stets aktuelle Online-Anleitungen zur Verf\u00fcgung. <a href=\"https:\/\/www.stepalong.com\/de\/gpsr-konform\/\" title=\"GPSR\">Einhaltung der EU-GPSR<\/a> und andere regionale Vorschriften.<\/p>\n<\/div>\n<\/div>\n\n\n\n<div style=\"height:var(--wp--preset--spacing--80)\" aria-hidden=\"true\" class=\"wp-block-spacer\"><\/div>\n\n\n\n<div class=\"wp-block-columns is-layout-flex wp-container-core-columns-is-layout-14cf5ab5 wp-block-columns-is-layout-flex\">\n<div class=\"wp-block-column is-vertically-aligned-center is-layout-flow wp-block-column-is-layout-flow\">\n<h2 class=\"wp-block-heading\">Nie wieder veraltete Anleitungen nachdrucken<\/h2>\n\n\n\n<p>Mit StepAlong Box Ready erstellen Sie Anleitungen einmal und geben sie sofort in allen erforderlichen digitalen und Papierformaten aus. Aktualisierungen erscheinen sofort online und stehen f\u00fcr den n\u00e4chsten Druckvorgang bereit, sodass der Betrieb immer \u00fcber die aktuelle Version verf\u00fcgt.<\/p>\n<\/div>\n\n\n\n<div class=\"wp-block-column is-layout-flow wp-block-column-is-layout-flow\">\n<figure class=\"wp-block-image size-full shadow rounded\"><img loading=\"lazy\" decoding=\"async\" width=\"1011\" height=\"776\" src=\"https:\/\/www.stepalong.com\/wp-content\/uploads\/2025\/09\/paper-digital-instructions.webp\" alt=\"Gedruckte Schnellstart-Anleitung f\u00fcr das Produkt.\" class=\"wp-image-8349\" srcset=\"https:\/\/www.stepalong.com\/wp-content\/uploads\/2025\/09\/paper-digital-instructions.webp 1011w, https:\/\/www.stepalong.com\/wp-content\/uploads\/2025\/09\/paper-digital-instructions-300x230.webp 300w, https:\/\/www.stepalong.com\/wp-content\/uploads\/2025\/09\/paper-digital-instructions-768x589.webp 768w, https:\/\/www.stepalong.com\/wp-content\/uploads\/2025\/09\/paper-digital-instructions-16x12.webp 16w\" sizes=\"auto, (max-width: 1011px) 100vw, 1011px\" \/><\/figure>\n<\/div>\n<\/div>\n\n\n\n<div style=\"height:var(--wp--preset--spacing--80)\" aria-hidden=\"true\" class=\"wp-block-spacer\"><\/div>\n\n\n\n<div class=\"wp-block-columns is-layout-flex wp-container-core-columns-is-layout-14cf5ab5 wp-block-columns-is-layout-flex\">\n<div class=\"wp-block-column is-layout-flow wp-block-column-is-layout-flow\">\n<figure class=\"wp-block-image size-full shadow rounded\"><img loading=\"lazy\" decoding=\"async\" width=\"951\" height=\"692\" src=\"https:\/\/www.stepalong.com\/wp-content\/uploads\/2025\/09\/qr-sticker-settings.webp\" alt=\"StepAlong Box Ready&#039;s QR Code Sticker Einstellungen f\u00fcr Produktanleitungen.\" class=\"wp-image-8357\" srcset=\"https:\/\/www.stepalong.com\/wp-content\/uploads\/2025\/09\/qr-sticker-settings.webp 951w, https:\/\/www.stepalong.com\/wp-content\/uploads\/2025\/09\/qr-sticker-settings-300x218.webp 300w, https:\/\/www.stepalong.com\/wp-content\/uploads\/2025\/09\/qr-sticker-settings-768x559.webp 768w, https:\/\/www.stepalong.com\/wp-content\/uploads\/2025\/09\/qr-sticker-settings-16x12.webp 16w\" sizes=\"auto, (max-width: 951px) 100vw, 951px\" \/><\/figure>\n<\/div>\n\n\n\n<div class=\"wp-block-column is-vertically-aligned-center is-layout-flow wp-block-column-is-layout-flow\">\n<h2 class=\"wp-block-heading\">Vorgefertigte Vorlagen f\u00fcr jedes Szenario<\/h2>\n\n\n\n<p>Generieren Sie automatisch druckfertige PDF-Dateien (Schnittmarken, Anschnitt, eingebettete Schriften, hochaufl\u00f6sende Bilder) f\u00fcr Ihr Szenario:<\/p>\n\n\n\n<ul class=\"wp-block-list\">\n<li class=\"translation-block\"><strong>QR-Code-Aufkleber<\/strong>, der die Kunden zu den vollst\u00e4ndigen Online-Anweisungen f\u00fchrt<\/li>\n\n\n\n<li><strong>QR-Code + Sicherheitshinweise + vollst\u00e4ndiges gedrucktes Handbuch<\/strong><\/li>\n\n\n\n<li><strong>QR-Code + Sicherheitshinweis-Brosch\u00fcre<\/strong><\/li>\n\n\n\n<li><strong>QR-Code + Sicherheitshinweise + Schnellstart-Anleitung<\/strong><\/li>\n<\/ul>\n<\/div>\n<\/div>\n\n\n\n<div style=\"height:var(--wp--preset--spacing--80)\" aria-hidden=\"true\" class=\"wp-block-spacer\"><\/div>\n\n\n\n<div class=\"wp-block-columns is-layout-flex wp-container-core-columns-is-layout-14cf5ab5 wp-block-columns-is-layout-flex\">\n<div class=\"wp-block-column is-layout-flow wp-block-column-is-layout-flow\">\n<div class=\"wp-block-group feature is-layout-constrained wp-block-group-is-layout-constrained\">\n<div class=\"wp-block-columns is-layout-flex wp-container-core-columns-is-layout-cbe57604 wp-block-columns-is-layout-flex\">\n<div class=\"wp-block-column is-layout-flow wp-block-column-is-layout-flow\">\n<figure class=\"wp-block-image size-large rounded\"><img loading=\"lazy\" decoding=\"async\" width=\"1024\" height=\"1024\" src=\"https:\/\/www.stepalong.com\/wp-content\/uploads\/2025\/08\/stepalong-roi-calculator-1024x1024.webp\" alt=\"StepAlong ROI-Rechner\" class=\"wp-image-8026\" srcset=\"https:\/\/www.stepalong.com\/wp-content\/uploads\/2025\/08\/stepalong-roi-calculator-1024x1024.webp 1024w, https:\/\/www.stepalong.com\/wp-content\/uploads\/2025\/08\/stepalong-roi-calculator-300x300.webp 300w, https:\/\/www.stepalong.com\/wp-content\/uploads\/2025\/08\/stepalong-roi-calculator-150x150.webp 150w, https:\/\/www.stepalong.com\/wp-content\/uploads\/2025\/08\/stepalong-roi-calculator-768x768.webp 768w, https:\/\/www.stepalong.com\/wp-content\/uploads\/2025\/08\/stepalong-roi-calculator-12x12.webp 12w, https:\/\/www.stepalong.com\/wp-content\/uploads\/2025\/08\/stepalong-roi-calculator.webp 1420w\" sizes=\"auto, (max-width: 1024px) 100vw, 1024px\" \/><\/figure>\n<\/div>\n\n\n\n<div class=\"wp-block-column is-layout-flow wp-block-column-is-layout-flow\">\n<h3 class=\"wp-block-heading\">Berechnen Sie Ihr Einsparungspotenzial<\/h3>\n\n\n\n<p>Entdecken Sie, wie viel Ihr Unternehmen durch den Umstieg auf die KI-gest\u00fctzte digitale Unterrichtsplattform von StepAlong sparen kann.<\/p>\n\n\n\n<div style=\"height:0px\" aria-hidden=\"true\" class=\"wp-block-spacer\"><\/div>\n<\/div>\n<\/div>\n\n\n\n<div style=\"height:1em\" aria-hidden=\"true\" class=\"wp-block-spacer\"><\/div>\n\n\n\n<div class=\"wp-block-buttons is-content-justification-center is-layout-flex wp-container-core-buttons-is-layout-a89b3969 wp-block-buttons-is-layout-flex\">\n<div class=\"wp-block-button is-style-outline is-style-outline--1\"><a class=\"wp-block-button__link has-custom-purple-color has-text-color has-link-color has-border-color has-custom-purple-border-color wp-element-button\" href=\"https:\/\/www.stepalong.com\/de\/rendite-rechner\/\">Berechnen Sie Ihre Ersparnisse<\/a><\/div>\n<\/div>\n<\/div>\n<\/div>\n\n\n\n<div class=\"wp-block-column is-vertically-aligned-center is-layout-flow wp-block-column-is-layout-flow\">\n<p>Bei StepAlong haben wir uns darauf konzentriert, was Kunden f\u00fcr eine gute Produktanleitung brauchen:<\/p>\n\n\n\n<ul class=\"wp-block-list\">\n<li><strong>Mobile-first<\/strong><br>Keine App-Downloads erforderlich, einfach \u00f6ffnen und folgen<\/li>\n\n\n\n<li><strong>Gef\u00fchrte Schritte<\/strong><br>Eine logische, schrittweise Struktur f\u00fcr mehr Klarheit<\/li>\n\n\n\n<li><strong>Flexible Formate<\/strong><br>PDFs zum Herunterladen f\u00fcr diejenigen, die sie bevorzugen<\/li>\n\n\n\n<li><strong>Einfache Entdeckung<\/strong><br>Erreichbar \u00fcber Google, ChatGPT und andere Suchmaschinen<\/li>\n\n\n\n<li><strong>Lokalisierte Inhalte<\/strong><br>Anweisungen in der Sprache Ihrer Kunden<\/li>\n<\/ul>\n\n\n\n<div style=\"height:1em\" aria-hidden=\"true\" class=\"wp-block-spacer\"><\/div>\n\n\n\n<div class=\"wp-block-buttons is-content-justification-center is-layout-flex wp-container-core-buttons-is-layout-a89b3969 wp-block-buttons-is-layout-flex\">\n<div class=\"wp-block-button is-style-fill\"><a class=\"wp-block-button__link has-raft-fg-alt-color has-custom-purple-background-color has-text-color has-background has-link-color has-text-align-center wp-element-button\" href=\"https:\/\/www.stepalong.com\/de\/eine-demo-buchen\/\">Demo buchen<\/a><\/div>\n<\/div>\n<\/div>\n<\/div>","protected":false},"excerpt":{"rendered":"<p>Digital &amp; In-Box Product Instructions in One Platform Write once, export your instructions to any format and form you need. StepAlong Box Ready integrates into StepAlong Digital Instructions to create an all-in-one platform to create all instructional documentation once (instructions, QR codes, quick start guides etc), then output to all formats (digital, print) and all [&hellip;]<\/p>","protected":false},"author":1,"featured_media":0,"parent":0,"menu_order":0,"comment_status":"closed","ping_status":"closed","template":"wp-custom-template-landing-page-b","meta":{"content-type":"","_uag_custom_page_level_css":"","footnotes":""},"class_list":["post-8346","page","type-page","status-publish","hentry"],"aioseo_notices":[],"mb":[],"uagb_featured_image_src":{"full":false,"thumbnail":false,"medium":false,"medium_large":false,"large":false,"1536x1536":false,"2048x2048":false,"trp-custom-language-flag":false},"uagb_author_info":{"display_name":"Sergi S\u00e1nchez Mancha","author_link":"https:\/\/www.stepalong.com\/de\/author\/sergiostepalong-com\/"},"uagb_comment_info":0,"uagb_excerpt":"Digital &amp; In-Box Product Instructions in One Platform Write once, export your instructions to any format and form you need. StepAlong Box Ready integrates into StepAlong Digital Instructions to create an all-in-one platform to create all instructional documentation once (instructions, QR codes, quick start guides etc), then output to all formats (digital, print) and all&hellip;","mfb_rest_fields":["title","aioseo_notices","uagb_featured_image_src","uagb_author_info","uagb_comment_info","uagb_excerpt"],"_links":{"self":[{"href":"https:\/\/www.stepalong.com\/de\/wp-json\/wp\/v2\/pages\/8346","targetHints":{"allow":["GET"]}}],"collection":[{"href":"https:\/\/www.stepalong.com\/de\/wp-json\/wp\/v2\/pages"}],"about":[{"href":"https:\/\/www.stepalong.com\/de\/wp-json\/wp\/v2\/types\/page"}],"author":[{"embeddable":true,"href":"https:\/\/www.stepalong.com\/de\/wp-json\/wp\/v2\/users\/1"}],"replies":[{"embeddable":true,"href":"https:\/\/www.stepalong.com\/de\/wp-json\/wp\/v2\/comments?post=8346"}],"version-history":[{"count":7,"href":"https:\/\/www.stepalong.com\/de\/wp-json\/wp\/v2\/pages\/8346\/revisions"}],"predecessor-version":[{"id":8386,"href":"https:\/\/www.stepalong.com\/de\/wp-json\/wp\/v2\/pages\/8346\/revisions\/8386"}],"wp:attachment":[{"href":"https:\/\/www.stepalong.com\/de\/wp-json\/wp\/v2\/media?parent=8346"}],"curies":[{"name":"wp","href":"https:\/\/api.w.org\/{rel}","templated":true}]}}