{"id":7860,"date":"2025-08-16T19:55:49","date_gmt":"2025-08-16T17:55:49","guid":{"rendered":"https:\/\/www.stepalong.com\/?page_id=7860"},"modified":"2025-09-05T13:15:48","modified_gmt":"2025-09-05T11:15:48","slug":"mobel-flatpack-unternehmen","status":"publish","type":"page","link":"https:\/\/www.stepalong.com\/de\/mobel-flatpack-unternehmen\/","title":{"rendered":"StepAlong f\u00fcr M\u00f6bel- und Flatpack-Unternehmen"},"content":{"rendered":"<h2 class=\"wp-block-heading has-text-align-center\" style=\"font-size:2.4em\">Sparen Sie Geld mit der StepAlong Digital First Instruction Platform<\/h2>\n\n\n\n<p class=\"has-text-align-center has-medium-font-size\">Bessere Montageanleitungen ohne Kosten und logistische Albtr\u00e4ume<\/p>\n\n\n\n<p class=\"has-text-align-center\">StepAlong ist eine leistungsstarke Methode f\u00fcr Flachverpackungsunternehmen, bessere Montageanleitungen zu erstellen, die das Kundenerlebnis verbessern und die Kosten senken.<\/p>\n\n\n\n<div class=\"wp-block-buttons is-content-justification-center is-layout-flex wp-container-core-buttons-is-layout-a89b3969 wp-block-buttons-is-layout-flex\">\n<div class=\"wp-block-button is-style-fill\"><a class=\"wp-block-button__link has-raft-fg-alt-color has-custom-purple-background-color has-text-color has-background has-link-color has-text-align-center wp-element-button\" href=\"https:\/\/www.stepalong.com\/de\/eine-demo-buchen\/\">Demo buchen<\/a><\/div>\n<\/div>\n\n\n\n<div style=\"height:36px\" aria-hidden=\"true\" class=\"wp-block-spacer\"><\/div>\n\n\n\n<div class=\"wp-block-columns is-layout-flex wp-container-core-columns-is-layout-14cf5ab5 wp-block-columns-is-layout-flex\">\n<div class=\"wp-block-column is-vertically-aligned-center is-layout-flow wp-block-column-is-layout-flow\">\n<h2 class=\"wp-block-heading\">Weniger Drucken = weniger Kosten und weniger Kopfzerbrechen<\/h2>\n\n\n\n<p>Indem Sie nur einen QR-Code und Sicherheitshinweise drucken, sparen Sie Kosten f\u00fcr den Druck der vollst\u00e4ndigen Montageanleitung und die Synchronisierung von deren Erstellung, \u00dcbersetzung und Druck vor dem Versand des Produkts.<\/p>\n<\/div>\n\n\n\n<div class=\"wp-block-column is-layout-flow wp-block-column-is-layout-flow\">\n<figure class=\"wp-block-image size-large shadow rounded\"><img loading=\"lazy\" decoding=\"async\" width=\"1024\" height=\"696\" src=\"https:\/\/www.stepalong.com\/wp-content\/uploads\/2025\/08\/flatpack-qr-code-stepalong-1024x696.png\" alt=\"Drahtregal, das neben einer gedruckten Anleitung mit einem QR-Code zusammengebaut wird, wobei eine digitale Version der Anleitung auf einem Smartphone angezeigt wird.\" class=\"wp-image-7870\" srcset=\"https:\/\/www.stepalong.com\/wp-content\/uploads\/2025\/08\/flatpack-qr-code-stepalong-1024x696.png 1024w, https:\/\/www.stepalong.com\/wp-content\/uploads\/2025\/08\/flatpack-qr-code-stepalong-300x204.png 300w, https:\/\/www.stepalong.com\/wp-content\/uploads\/2025\/08\/flatpack-qr-code-stepalong-768x522.png 768w, https:\/\/www.stepalong.com\/wp-content\/uploads\/2025\/08\/flatpack-qr-code-stepalong-1536x1045.png 1536w, https:\/\/www.stepalong.com\/wp-content\/uploads\/2025\/08\/flatpack-qr-code-stepalong-18x12.png 18w, https:\/\/www.stepalong.com\/wp-content\/uploads\/2025\/08\/flatpack-qr-code-stepalong.png 1988w\" sizes=\"auto, (max-width: 1024px) 100vw, 1024px\" \/><\/figure>\n<\/div>\n<\/div>\n\n\n\n<div style=\"height:var(--wp--preset--spacing--80)\" aria-hidden=\"true\" class=\"wp-block-spacer\"><\/div>\n\n\n\n<div class=\"wp-block-columns is-layout-flex wp-container-core-columns-is-layout-14cf5ab5 wp-block-columns-is-layout-flex\">\n<div class=\"wp-block-column is-layout-flow wp-block-column-is-layout-flow\">\n<figure class=\"wp-block-image size-full rounded shadow\"><img loading=\"lazy\" decoding=\"async\" width=\"1816\" height=\"1734\" src=\"https:\/\/www.stepalong.com\/wp-content\/uploads\/2025\/08\/full-text-instructions.png\" alt=\"Nahaufnahme einer Person, die Flatpack-M\u00f6bel zusammenbaut, wobei eine digitale, illustrierte Schritt-f\u00fcr-Schritt-Anleitung auf einem Tablet angezeigt wird.\" class=\"wp-image-7868\" srcset=\"https:\/\/www.stepalong.com\/wp-content\/uploads\/2025\/08\/full-text-instructions.png 1816w, https:\/\/www.stepalong.com\/wp-content\/uploads\/2025\/08\/full-text-instructions-300x286.png 300w, https:\/\/www.stepalong.com\/wp-content\/uploads\/2025\/08\/full-text-instructions-1024x978.png 1024w, https:\/\/www.stepalong.com\/wp-content\/uploads\/2025\/08\/full-text-instructions-768x733.png 768w, https:\/\/www.stepalong.com\/wp-content\/uploads\/2025\/08\/full-text-instructions-1536x1467.png 1536w, https:\/\/www.stepalong.com\/wp-content\/uploads\/2025\/08\/full-text-instructions-13x12.png 13w\" sizes=\"auto, (max-width: 1816px) 100vw, 1816px\" \/><\/figure>\n<\/div>\n\n\n\n<div class=\"wp-block-column is-vertically-aligned-center is-layout-flow wp-block-column-is-layout-flow\">\n<h2 class=\"wp-block-heading\">Helfen Sie Ihren Kunden mit Volltext-Anleitungen<\/h2>\n\n\n\n<p>Reine Bildanleitungen im IKEA-Stil sind veraltet, nicht konform und garantieren keinen Erfolg beim Kunden. Laden Sie Ihre Montagebilder hoch und die KI von StepAlong schreibt den begleitenden Text f\u00fcr Sie.<\/p>\n<\/div>\n<\/div>\n\n\n\n<div style=\"height:var(--wp--preset--spacing--80)\" aria-hidden=\"true\" class=\"wp-block-spacer\"><\/div>\n\n\n\n<div class=\"wp-block-columns is-layout-flex wp-container-core-columns-is-layout-14cf5ab5 wp-block-columns-is-layout-flex\">\n<div class=\"wp-block-column is-vertically-aligned-center is-layout-flow wp-block-column-is-layout-flow\">\n<h2 class=\"wp-block-heading\">\u00dcbersetzung leicht gemacht<\/h2>\n\n\n\n<p>Die kontextsensitiven, qualitativ hochwertigen KI-\u00dcbersetzungen von StepAlong reduzieren die Kosten f\u00fcr die Internationalisierung, erh\u00f6hen Ihre Sichtbarkeit in internationalen Suchergebnissen und helfen Ihnen bei der Einhaltung von Vorschriften und bei Ihren Kunden.<\/p>\n<\/div>\n\n\n\n<div class=\"wp-block-column is-layout-flow wp-block-column-is-layout-flow\">\n<figure class=\"wp-block-image size-large rounded shadow\"><img loading=\"lazy\" decoding=\"async\" width=\"1024\" height=\"654\" src=\"https:\/\/www.stepalong.com\/wp-content\/uploads\/2025\/08\/flatpack-instructions-translations-1024x654.png\" alt=\"Digitale Schritt-f\u00fcr-Schritt-M\u00f6belanleitungen in Englisch, Spanisch und Deutsch, Seite an Seite mit Abbildungen.\" class=\"wp-image-7869\" srcset=\"https:\/\/www.stepalong.com\/wp-content\/uploads\/2025\/08\/flatpack-instructions-translations-1024x654.png 1024w, https:\/\/www.stepalong.com\/wp-content\/uploads\/2025\/08\/flatpack-instructions-translations-300x192.png 300w, https:\/\/www.stepalong.com\/wp-content\/uploads\/2025\/08\/flatpack-instructions-translations-768x491.png 768w, https:\/\/www.stepalong.com\/wp-content\/uploads\/2025\/08\/flatpack-instructions-translations-18x12.png 18w, https:\/\/www.stepalong.com\/wp-content\/uploads\/2025\/08\/flatpack-instructions-translations.png 1441w\" sizes=\"auto, (max-width: 1024px) 100vw, 1024px\" \/><\/figure>\n<\/div>\n<\/div>\n\n\n\n<div style=\"height:var(--wp--preset--spacing--80)\" aria-hidden=\"true\" class=\"wp-block-spacer\"><\/div>\n\n\n\n<div class=\"wp-block-columns is-layout-flex wp-container-core-columns-is-layout-14cf5ab5 wp-block-columns-is-layout-flex\">\n<div class=\"wp-block-column is-layout-flow wp-block-column-is-layout-flow\">\n<figure class=\"wp-block-image size-full rounded shadow\"><img loading=\"lazy\" decoding=\"async\" width=\"2048\" height=\"1536\" src=\"https:\/\/www.stepalong.com\/wp-content\/uploads\/2025\/08\/furniture-frustated-clients.jpg\" alt=\"Ein frustriert dreinschauendes Paar beim Zusammenbau eines Kinderbettes, der Mann mit einem Hammer, die Frau mit einer unklaren Papieranleitung.\" class=\"wp-image-7867\" srcset=\"https:\/\/www.stepalong.com\/wp-content\/uploads\/2025\/08\/furniture-frustated-clients.jpg 2048w, https:\/\/www.stepalong.com\/wp-content\/uploads\/2025\/08\/furniture-frustated-clients-300x225.jpg 300w, https:\/\/www.stepalong.com\/wp-content\/uploads\/2025\/08\/furniture-frustated-clients-1024x768.jpg 1024w, https:\/\/www.stepalong.com\/wp-content\/uploads\/2025\/08\/furniture-frustated-clients-768x576.jpg 768w, https:\/\/www.stepalong.com\/wp-content\/uploads\/2025\/08\/furniture-frustated-clients-1536x1152.jpg 1536w, https:\/\/www.stepalong.com\/wp-content\/uploads\/2025\/08\/furniture-frustated-clients-16x12.jpg 16w\" sizes=\"auto, (max-width: 2048px) 100vw, 2048px\" \/><\/figure>\n<\/div>\n\n\n\n<div class=\"wp-block-column is-vertically-aligned-center is-layout-flow wp-block-column-is-layout-flow\">\n<h2 class=\"wp-block-heading\">Anpassung an Produkt\u00e4nderungen und Kundenfeedback<\/h2>\n\n\n\n<p>Produkte und ihre Bestandteile \u00e4ndern sich h\u00e4ufig oder die Kunden sind irritiert \u00fcber einen bestimmten Schritt der Anweisung.<\/p>\n\n\n\n<p>Mit StepAlong k\u00f6nnen Sie jederzeit aktualisieren und sicherstellen, dass Ihre Montageanleitungen aktuell und so hilfreich wie m\u00f6glich sind.<\/p>\n<\/div>\n<\/div>\n\n\n\n<div style=\"height:var(--wp--preset--spacing--80)\" aria-hidden=\"true\" class=\"wp-block-spacer\"><\/div>\n\n\n\n<div class=\"wp-block-columns is-layout-flex wp-container-core-columns-is-layout-14cf5ab5 wp-block-columns-is-layout-flex\">\n<div class=\"wp-block-column is-vertically-aligned-center is-layout-flow wp-block-column-is-layout-flow\">\n<h2 class=\"wp-block-heading\">Weniger Supportanfragen und R\u00fccksendungen, mehr positive Bewertungen<\/h2>\n\n\n\n<p>Wenn Kunden sich mit der Montage von Flatpacks schwer tun, kann das zu Frustration f\u00fchren.<\/p>\n\n\n\n<p>StepAlong macht die Einrichtung klar und m\u00fchelos, so dass die Kunden beim ersten Mal erfolgreich sind, weniger Support-Anrufe t\u00e4tigen, R\u00fcckgaben verhindern und mehr positive Bewertungen erhalten.<\/p>\n<\/div>\n\n\n\n<div class=\"wp-block-column is-layout-flow wp-block-column-is-layout-flow\">\n<figure class=\"wp-block-image size-full rounded shadow\"><img loading=\"lazy\" decoding=\"async\" width=\"1934\" height=\"1444\" src=\"https:\/\/www.stepalong.com\/wp-content\/uploads\/2025\/08\/furniture-positive-reviews.png\" alt=\"Ein l\u00e4chelndes Paar, das neben einem teilweise zusammengebauten Babybett steht, mit digitalen Anweisungen, die auf einer Tablet-Oberfl\u00e4che angezeigt werden, die das Nestly Baby Crib zeigt.\" class=\"wp-image-7866\" srcset=\"https:\/\/www.stepalong.com\/wp-content\/uploads\/2025\/08\/furniture-positive-reviews.png 1934w, https:\/\/www.stepalong.com\/wp-content\/uploads\/2025\/08\/furniture-positive-reviews-300x224.png 300w, https:\/\/www.stepalong.com\/wp-content\/uploads\/2025\/08\/furniture-positive-reviews-1024x765.png 1024w, https:\/\/www.stepalong.com\/wp-content\/uploads\/2025\/08\/furniture-positive-reviews-768x573.png 768w, https:\/\/www.stepalong.com\/wp-content\/uploads\/2025\/08\/furniture-positive-reviews-1536x1147.png 1536w, https:\/\/www.stepalong.com\/wp-content\/uploads\/2025\/08\/furniture-positive-reviews-16x12.png 16w\" sizes=\"auto, (max-width: 1934px) 100vw, 1934px\" \/><\/figure>\n<\/div>\n<\/div>\n\n\n\n<div style=\"height:var(--wp--preset--spacing--80)\" aria-hidden=\"true\" class=\"wp-block-spacer\"><\/div>\n\n\n\n<div class=\"wp-block-cover\" style=\"border-radius:16px;min-height:360px;aspect-ratio:unset;\"><img loading=\"lazy\" decoding=\"async\" width=\"1000\" height=\"750\" class=\"wp-block-cover__image-background wp-image-7388 size-full\" alt=\"\" src=\"https:\/\/www.stepalong.com\/wp-content\/uploads\/2025\/04\/rattan.jpg\" data-object-fit=\"cover\" srcset=\"https:\/\/www.stepalong.com\/wp-content\/uploads\/2025\/04\/rattan.jpg 1000w, https:\/\/www.stepalong.com\/wp-content\/uploads\/2025\/04\/rattan-300x225.jpg 300w, https:\/\/www.stepalong.com\/wp-content\/uploads\/2025\/04\/rattan-768x576.jpg 768w, https:\/\/www.stepalong.com\/wp-content\/uploads\/2025\/04\/rattan-16x12.jpg 16w\" sizes=\"auto, (max-width: 1000px) 100vw, 1000px\" \/><span aria-hidden=\"true\" class=\"wp-block-cover__background has-raft-fg-background-color has-background-dim-60 has-background-dim\"><\/span><div class=\"wp-block-cover__inner-container is-layout-constrained wp-block-cover-is-layout-constrained\">\n<div class=\"wp-block-columns is-layout-flex wp-container-core-columns-is-layout-4f8469d8 wp-block-columns-is-layout-flex\" style=\"padding-top:var(--wp--preset--spacing--60);padding-right:var(--wp--preset--spacing--60);padding-bottom:var(--wp--preset--spacing--60);padding-left:var(--wp--preset--spacing--60)\">\n<div class=\"wp-block-column is-vertically-aligned-center is-layout-flow wp-block-column-is-layout-flow\" style=\"flex-basis:33.33%\">\n<figure class=\"wp-block-image size-full\"><img loading=\"lazy\" decoding=\"async\" width=\"610\" height=\"150\" src=\"https:\/\/www.stepalong.com\/wp-content\/uploads\/2025\/04\/time4sleep-logo-white.png\" alt=\"Time4Sleep\" class=\"wp-image-7385\" srcset=\"https:\/\/www.stepalong.com\/wp-content\/uploads\/2025\/04\/time4sleep-logo-white.png 610w, https:\/\/www.stepalong.com\/wp-content\/uploads\/2025\/04\/time4sleep-logo-white-300x74.png 300w, https:\/\/www.stepalong.com\/wp-content\/uploads\/2025\/04\/time4sleep-logo-white-18x4.png 18w\" sizes=\"auto, (max-width: 610px) 100vw, 610px\" \/><\/figure>\n<\/div>\n\n\n\n<div class=\"wp-block-column is-layout-flow wp-block-column-is-layout-flow\" style=\"flex-basis:66.66%\">\n<p class=\"has-raft-bg-alt-color has-text-color has-link-color wp-elements-f4891054c9576b95ef229fdfd9205954\"><a href=\"https:\/\/www.stepalong.com\/de\/kunden-time4sleep\/\" data-type=\"page\" data-id=\"7376\">Time4Sleep &amp; StepAlong<\/a><\/p>\n\n\n\n<p class=\"has-medium-font-size\"><strong>StepAlong erm\u00f6glichte es Time4Sleep, die Produktinformationen zu modernisieren, Aktualisierungsengp\u00e4sse zu beseitigen und die Kundenerfahrung mit klaren, durchsuchbaren Anleitungen zu verbessern.<\/strong><\/p>\n\n\n\n<div class=\"wp-block-buttons is-layout-flex wp-block-buttons-is-layout-flex\">\n<div class=\"wp-block-button is-style-outline is-style-outline--1\"><a class=\"wp-block-button__link wp-element-button\" href=\"https:\/\/www.stepalong.com\/de\/kunden-time4sleep\/\">Fallstudie lesen<\/a><\/div>\n<\/div>\n<\/div>\n<\/div>\n<\/div><\/div>\n\n\n\n<div style=\"height:var(--wp--preset--spacing--80)\" aria-hidden=\"true\" class=\"wp-block-spacer\"><\/div>\n\n\n\n<div class=\"wp-block-columns is-layout-flex wp-container-core-columns-is-layout-14cf5ab5 wp-block-columns-is-layout-flex\">\n<div class=\"wp-block-column is-layout-flow wp-block-column-is-layout-flow\">\n<div class=\"wp-block-group feature is-layout-constrained wp-block-group-is-layout-constrained\">\n<div class=\"wp-block-columns is-layout-flex wp-container-core-columns-is-layout-cbe57604 wp-block-columns-is-layout-flex\">\n<div class=\"wp-block-column is-layout-flow wp-block-column-is-layout-flow\">\n<figure class=\"wp-block-image size-large rounded\"><img loading=\"lazy\" decoding=\"async\" width=\"1024\" height=\"1024\" src=\"https:\/\/www.stepalong.com\/wp-content\/uploads\/2025\/08\/stepalong-roi-calculator-1024x1024.webp\" alt=\"StepAlong ROI-Rechner\" class=\"wp-image-8026\" srcset=\"https:\/\/www.stepalong.com\/wp-content\/uploads\/2025\/08\/stepalong-roi-calculator-1024x1024.webp 1024w, https:\/\/www.stepalong.com\/wp-content\/uploads\/2025\/08\/stepalong-roi-calculator-300x300.webp 300w, https:\/\/www.stepalong.com\/wp-content\/uploads\/2025\/08\/stepalong-roi-calculator-150x150.webp 150w, https:\/\/www.stepalong.com\/wp-content\/uploads\/2025\/08\/stepalong-roi-calculator-768x768.webp 768w, https:\/\/www.stepalong.com\/wp-content\/uploads\/2025\/08\/stepalong-roi-calculator-12x12.webp 12w, https:\/\/www.stepalong.com\/wp-content\/uploads\/2025\/08\/stepalong-roi-calculator.webp 1420w\" sizes=\"auto, (max-width: 1024px) 100vw, 1024px\" \/><\/figure>\n<\/div>\n\n\n\n<div class=\"wp-block-column is-layout-flow wp-block-column-is-layout-flow\">\n<h3 class=\"wp-block-heading\">Berechnen Sie Ihr Einsparungspotenzial<\/h3>\n\n\n\n<p>Entdecken Sie, wie viel Ihr Unternehmen durch den Umstieg auf die KI-gest\u00fctzte digitale Unterrichtsplattform von StepAlong sparen kann.<\/p>\n\n\n\n<div style=\"height:0px\" aria-hidden=\"true\" class=\"wp-block-spacer\"><\/div>\n<\/div>\n<\/div>\n\n\n\n<div style=\"height:1em\" aria-hidden=\"true\" class=\"wp-block-spacer\"><\/div>\n\n\n\n<div class=\"wp-block-buttons is-content-justification-center is-layout-flex wp-container-core-buttons-is-layout-a89b3969 wp-block-buttons-is-layout-flex\">\n<div class=\"wp-block-button is-style-outline is-style-outline--2\"><a class=\"wp-block-button__link has-custom-purple-color has-text-color has-link-color has-border-color has-custom-purple-border-color wp-element-button\" href=\"https:\/\/www.stepalong.com\/de\/rendite-rechner\/\">Berechnen Sie Ihre Ersparnisse<\/a><\/div>\n<\/div>\n<\/div>\n<\/div>\n\n\n\n<div class=\"wp-block-column is-vertically-aligned-center is-layout-flow wp-block-column-is-layout-flow\">\n<p>Bei StepAlong haben wir uns darauf konzentriert, was Kunden f\u00fcr eine gute Produktanleitung brauchen:<\/p>\n\n\n\n<ul class=\"wp-block-list\">\n<li><strong>Mobile-first<\/strong><br>Keine App-Downloads erforderlich, einfach \u00f6ffnen und folgen<\/li>\n\n\n\n<li><strong>Gef\u00fchrte Schritte<\/strong><br>Eine logische, schrittweise Struktur f\u00fcr mehr Klarheit<\/li>\n\n\n\n<li><strong>Flexible Formate<\/strong><br>PDFs zum Herunterladen f\u00fcr diejenigen, die sie bevorzugen<\/li>\n\n\n\n<li><strong>Einfache Entdeckung<\/strong><br>Erreichbar \u00fcber Google, ChatGPT und andere Suchmaschinen<\/li>\n\n\n\n<li><strong>Lokalisierte Inhalte<\/strong><br>Anweisungen in der Sprache Ihrer Kunden<\/li>\n<\/ul>\n\n\n\n<div style=\"height:1em\" aria-hidden=\"true\" class=\"wp-block-spacer\"><\/div>\n\n\n\n<div class=\"wp-block-buttons is-content-justification-center is-layout-flex wp-container-core-buttons-is-layout-a89b3969 wp-block-buttons-is-layout-flex\">\n<div class=\"wp-block-button is-style-fill\"><a class=\"wp-block-button__link has-raft-fg-alt-color has-custom-purple-background-color has-text-color has-background has-link-color has-text-align-center wp-element-button\" href=\"https:\/\/www.stepalong.com\/de\/eine-demo-buchen\/\">Demo buchen<\/a><\/div>\n<\/div>\n<\/div>\n<\/div>\n\n\n\n<p><\/p>","protected":false},"excerpt":{"rendered":"<p>Save money with the StepAlong Digital First Instruction Platform Better assembly instructions without the cost and logistical nightmares StepAlong is a powerful way for flatpack companies to create better assembly instructions that improve the customer experience and reduce costs. Less printing = less costs &amp; less headaches By only printing a QR code and safety [&hellip;]<\/p>","protected":false},"author":1,"featured_media":0,"parent":0,"menu_order":0,"comment_status":"closed","ping_status":"closed","template":"wp-custom-template-landing-page-b","meta":{"content-type":"","_uag_custom_page_level_css":"","footnotes":""},"class_list":["post-7860","page","type-page","status-publish","hentry"],"aioseo_notices":[],"mb":[],"uagb_featured_image_src":{"full":false,"thumbnail":false,"medium":false,"medium_large":false,"large":false,"1536x1536":false,"2048x2048":false,"trp-custom-language-flag":false},"uagb_author_info":{"display_name":"Sergi S\u00e1nchez Mancha","author_link":"https:\/\/www.stepalong.com\/de\/author\/sergiostepalong-com\/"},"uagb_comment_info":0,"uagb_excerpt":"Save money with the StepAlong Digital First Instruction Platform Better assembly instructions without the cost and logistical nightmares StepAlong is a powerful way for flatpack companies to create better assembly instructions that improve the customer experience and reduce costs. Less printing = less costs &amp; less headaches By only printing a QR code and safety&hellip;","mfb_rest_fields":["title","aioseo_notices","uagb_featured_image_src","uagb_author_info","uagb_comment_info","uagb_excerpt"],"_links":{"self":[{"href":"https:\/\/www.stepalong.com\/de\/wp-json\/wp\/v2\/pages\/7860","targetHints":{"allow":["GET"]}}],"collection":[{"href":"https:\/\/www.stepalong.com\/de\/wp-json\/wp\/v2\/pages"}],"about":[{"href":"https:\/\/www.stepalong.com\/de\/wp-json\/wp\/v2\/types\/page"}],"author":[{"embeddable":true,"href":"https:\/\/www.stepalong.com\/de\/wp-json\/wp\/v2\/users\/1"}],"replies":[{"embeddable":true,"href":"https:\/\/www.stepalong.com\/de\/wp-json\/wp\/v2\/comments?post=7860"}],"version-history":[{"count":24,"href":"https:\/\/www.stepalong.com\/de\/wp-json\/wp\/v2\/pages\/7860\/revisions"}],"predecessor-version":[{"id":8066,"href":"https:\/\/www.stepalong.com\/de\/wp-json\/wp\/v2\/pages\/7860\/revisions\/8066"}],"wp:attachment":[{"href":"https:\/\/www.stepalong.com\/de\/wp-json\/wp\/v2\/media?parent=7860"}],"curies":[{"name":"wp","href":"https:\/\/api.w.org\/{rel}","templated":true}]}}