{"id":7482,"date":"2025-05-09T18:26:11","date_gmt":"2025-05-09T16:26:11","guid":{"rendered":"https:\/\/www.stepalong.com\/?page_id=7482"},"modified":"2025-05-09T18:41:20","modified_gmt":"2025-05-09T16:41:20","slug":"stepalong-fur-brettspielunternehmen","status":"publish","type":"page","link":"https:\/\/www.stepalong.com\/de\/stepalong-fur-brettspielunternehmen\/","title":{"rendered":"StepAlong f\u00fcr Brettspielunternehmen"},"content":{"rendered":"<h2 class=\"wp-block-heading has-text-align-center\" style=\"font-size:2.4em\">\u00dcbersichtliche digitale Regelb\u00fccher, die die Spieler im Spiel halten<\/h2>\n\n\n\n<p class=\"has-text-align-center has-medium-font-size\">Sie haben ein tolles Spiel entwickelt. Aber wenn die Regeln nicht klar sind,<br>Die Spieler sind frustriert und das Spiel kommt nicht wieder heraus.<\/p>\n\n\n\n<p class=\"has-text-align-center\">Mit StepAlong sind Ihre Regelb\u00fccher einfach zu befolgen, schnell zug\u00e4nglich und in \u00fcber 30 Sprachen verf\u00fcgbar. Keine App erforderlich.<\/p>\n\n\n\n<div class=\"wp-block-buttons is-content-justification-center is-layout-flex wp-container-core-buttons-is-layout-a89b3969 wp-block-buttons-is-layout-flex\">\n<div class=\"wp-block-button is-style-fill\"><a class=\"wp-block-button__link has-raft-fg-alt-color has-custom-purple-background-color has-text-color has-background has-link-color has-text-align-center wp-element-button\" href=\"https:\/\/www.stepalong.com\/de\/eine-demo-buchen\/\">Demo buchen<\/a><\/div>\n<\/div>\n\n\n\n<div style=\"height:var(--wp--preset--spacing--60)\" aria-hidden=\"true\" class=\"wp-block-spacer\"><\/div>\n\n\n\n<div class=\"wp-block-cover alignwide\" style=\"border-style:none;border-width:0px;border-radius:8px;padding-right:3em;padding-left:3em\"><img loading=\"lazy\" decoding=\"async\" width=\"1024\" height=\"497\" class=\"wp-block-cover__image-background wp-image-7483 size-large\" alt=\"\" src=\"https:\/\/www.stepalong.com\/wp-content\/uploads\/2025\/05\/boardgame-background-1024x497.jpg\" data-object-fit=\"cover\" srcset=\"https:\/\/www.stepalong.com\/wp-content\/uploads\/2025\/05\/boardgame-background-1024x497.jpg 1024w, https:\/\/www.stepalong.com\/wp-content\/uploads\/2025\/05\/boardgame-background-300x146.jpg 300w, https:\/\/www.stepalong.com\/wp-content\/uploads\/2025\/05\/boardgame-background-768x373.jpg 768w, https:\/\/www.stepalong.com\/wp-content\/uploads\/2025\/05\/boardgame-background-1536x746.jpg 1536w, https:\/\/www.stepalong.com\/wp-content\/uploads\/2025\/05\/boardgame-background-18x9.jpg 18w, https:\/\/www.stepalong.com\/wp-content\/uploads\/2025\/05\/boardgame-background.jpg 1899w\" sizes=\"auto, (max-width: 1024px) 100vw, 1024px\" \/><span aria-hidden=\"true\" class=\"wp-block-cover__background has-black-background-color has-background-dim-60 has-background-dim\"><\/span><div class=\"wp-block-cover__inner-container is-layout-constrained wp-container-core-cover-is-layout-729e5ae5 wp-block-cover-is-layout-constrained\">\n<h2 class=\"wp-block-heading has-raft-fg-alt-color has-text-color has-link-color wp-elements-256e707f6a423dfefaf40fb512414130\">Machen Sie Ihre Regeln so ansprechend wie Ihr Spiel<\/h2>\n\n\n\n<p>Traditionelle gedruckte Regelb\u00fccher bieten ein gro\u00dfartiges Erlebnis, k\u00f6nnen aber teuer und schwer zu aktualisieren sein. StepAlong ist die beste digitale L\u00f6sung, um das Regelwerk Ihres Spiels online zu stellen und den Zugriff, die Aktualisierung und die Lokalisierung zu erleichtern.<\/p>\n\n\n\n<ul class=\"wp-block-list\">\n<li><strong>Mobile-first<\/strong>: Die Spieler scannen einen QR-Code und beginnen zu spielen. Es muss nichts heruntergeladen werden.<\/li>\n\n\n\n<li><strong>Schritt f\u00fcr Schritt<\/strong>: Visuelle, strukturierte Anleitungen, die die Spieler durch die Einrichtung und das Gameplay f\u00fchren.<\/li>\n\n\n\n<li><strong>Leicht zu finden<\/strong>: Auffindbar auf Google und ChatGPT f\u00fcr sofortige Antworten auf \"Wie mache ich...?\"<\/li>\n\n\n\n<li><strong>Mehrsprachig<\/strong>: Die Anleitungen sind automatisch in \u00fcber 30 Sprachen verf\u00fcgbar.<\/li>\n\n\n\n<li><strong>Noch druckbar<\/strong>: F\u00fcr diejenigen, die ein physisches Exemplar lieben, sind PDFs immer nur einen Klick entfernt.<\/li>\n<\/ul>\n<\/div><\/div>\n\n\n\n<div style=\"height:var(--wp--preset--spacing--80)\" aria-hidden=\"true\" class=\"wp-block-spacer\"><\/div>\n\n\n\n<div class=\"wp-block-columns is-layout-flex wp-container-core-columns-is-layout-14cf5ab5 wp-block-columns-is-layout-flex\">\n<div class=\"wp-block-column is-vertically-aligned-top is-layout-flow wp-block-column-is-layout-flow\">\n<h2 class=\"wp-block-heading\">Die KI beantwortet Fragen zu Ihrem Spiel. Ist das richtig?<\/h2>\n\n\n\n<p>Ob es uns gef\u00e4llt oder nicht, immer mehr Spieler greifen auf ChatGPT und andere KI-Tools zur\u00fcck, wenn sie mitten im Spiel nicht mehr weiterkommen. Sie bl\u00e4ttern nicht in einem 20-seitigen Handbuch, sie fragen die KI. Wenn Ihr Regelwerk also f\u00fcr die KI nicht leicht zu finden ist, besteht die Gefahr, dass Ihre Spieler die falsche Antwort bekommen oder, schlimmer noch, ganz aufgeben.<\/p>\n\n\n\n<p>Mit StepAlong sind Ihre Anweisungen:<\/p>\n\n\n\n<ul class=\"wp-block-list\">\n<li><strong>Klar strukturiert<\/strong> damit KI-Tools den richtigen Kontext und die richtigen Antworten finden k\u00f6nnen.<\/li>\n\n\n\n<li><strong>Von Ihnen geschrieben<\/strong>nicht von der KI erfunden.<\/li>\n\n\n\n<li><strong>\u00dcberall konsistent<\/strong>: Druck, Handy und jeder AI-Chat.<\/li>\n<\/ul>\n\n\n\n<p>Hier geht es nicht darum, das Regelwerk zu ersetzen. Es geht darum, sicherzustellen, dass die Regeln eingehalten werden, egal wo die Spieler hinschauen.<\/p>\n<\/div>\n\n\n\n<div class=\"wp-block-column is-layout-flow wp-block-column-is-layout-flow\">\n<figure class=\"wp-block-image size-large rounded\"><img loading=\"lazy\" decoding=\"async\" width=\"1024\" height=\"1024\" src=\"https:\/\/www.stepalong.com\/wp-content\/uploads\/2025\/05\/boardgame-chatgpt-1-1024x1024.png\" alt=\"\" class=\"wp-image-7496\" srcset=\"https:\/\/www.stepalong.com\/wp-content\/uploads\/2025\/05\/boardgame-chatgpt-1-1024x1024.png 1024w, https:\/\/www.stepalong.com\/wp-content\/uploads\/2025\/05\/boardgame-chatgpt-1-300x300.png 300w, https:\/\/www.stepalong.com\/wp-content\/uploads\/2025\/05\/boardgame-chatgpt-1-150x150.png 150w, https:\/\/www.stepalong.com\/wp-content\/uploads\/2025\/05\/boardgame-chatgpt-1-768x768.png 768w, https:\/\/www.stepalong.com\/wp-content\/uploads\/2025\/05\/boardgame-chatgpt-1-12x12.png 12w, https:\/\/www.stepalong.com\/wp-content\/uploads\/2025\/05\/boardgame-chatgpt-1.png 1150w\" sizes=\"auto, (max-width: 1024px) 100vw, 1024px\" \/><\/figure>\n<\/div>\n<\/div>\n\n\n\n<div style=\"height:var(--wp--preset--spacing--80)\" aria-hidden=\"true\" class=\"wp-block-spacer\"><\/div>\n\n\n\n<div class=\"wp-block-columns is-layout-flex wp-container-core-columns-is-layout-14cf5ab5 wp-block-columns-is-layout-flex\">\n<div class=\"wp-block-column is-layout-flow wp-block-column-is-layout-flow\">\n<figure class=\"wp-block-image size-full rounded\"><img loading=\"lazy\" decoding=\"async\" width=\"980\" height=\"980\" src=\"https:\/\/www.stepalong.com\/wp-content\/uploads\/2025\/05\/company-of-heroes.png\" alt=\"Brettspielkarte erkl\u00e4rt\" class=\"wp-image-7492\" srcset=\"https:\/\/www.stepalong.com\/wp-content\/uploads\/2025\/05\/company-of-heroes.png 980w, https:\/\/www.stepalong.com\/wp-content\/uploads\/2025\/05\/company-of-heroes-300x300.png 300w, https:\/\/www.stepalong.com\/wp-content\/uploads\/2025\/05\/company-of-heroes-150x150.png 150w, https:\/\/www.stepalong.com\/wp-content\/uploads\/2025\/05\/company-of-heroes-768x768.png 768w, https:\/\/www.stepalong.com\/wp-content\/uploads\/2025\/05\/company-of-heroes-12x12.png 12w\" sizes=\"auto, (max-width: 980px) 100vw, 980px\" \/><\/figure>\n<\/div>\n\n\n\n<div class=\"wp-block-column is-vertically-aligned-center is-layout-flow wp-block-column-is-layout-flow\">\n<h2 class=\"wp-block-heading\">Weniger Argumente, bessere Bewertungen<\/h2>\n\n\n\n<p>Wenn die Regeln unklar sind, sind die Spieler frustriert, und das f\u00fchrt oft zu Streit, schlechten Bewertungen oder dem Abbruch des Spiels. Selbst kleine Fehler k\u00f6nnen eine Sitzung entgleisen lassen.<\/p>\n\n\n\n<p>Mit StepAlong k\u00f6nnen Sie Ihre Regelb\u00fccher sofort in allen Sprachen und Formaten aktualisieren und Versionen f\u00fcr verschiedene Spielertypen anpassen, so dass das Spiel von Anfang bis Ende reibungslos und unterhaltsam bleibt.<\/p>\n<\/div>\n<\/div>\n\n\n\n<div style=\"height:var(--wp--preset--spacing--80)\" aria-hidden=\"true\" class=\"wp-block-spacer\"><\/div>\n\n\n\n<div class=\"wp-block-columns is-layout-flex wp-container-core-columns-is-layout-14cf5ab5 wp-block-columns-is-layout-flex\">\n<div class=\"wp-block-column is-vertically-aligned-center is-layout-flow wp-block-column-is-layout-flow\">\n<h2 class=\"wp-block-heading\">Global agieren ohne Druckprobleme<\/h2>\n\n\n\n<p>Die Ausweitung auf neue M\u00e4rkte sollte nicht bedeuten, dass Handb\u00fccher neu gedruckt werden m\u00fcssen oder es zu Verz\u00f6gerungen beim Versand kommt.<\/p>\n\n\n\n<p>Mit StepAlong sind Ihre Anweisungen sofort verf\u00fcgbar in <a href=\"https:\/\/www.stepalong.com\/de\/ai-product-instructions-ubersetzung\/\" title=\"\u00dcbersetzung von AI-Produktanleitungen\">\u00fcber 30 Sprachen<\/a>, vollst\u00e4ndig <a href=\"https:\/\/www.stepalong.com\/de\/gpsr-konform\/\" title=\"Machen Sie Ihre Produktanleitungen GPSR-konform\">GPSR-konform<\/a> f\u00fcr die EU und ist \u00fcber einen einfachen QR-Code zug\u00e4nglich, ohne App, ohne zus\u00e4tzliche Logistik. Aktualisierungen sind schnell und kosten nichts, so dass Ihre Regelb\u00fccher immer aktuell, auffindbar und f\u00fcr Spieler \u00fcberall auf der Welt bereit sind.<\/p>\n<\/div>\n\n\n\n<div class=\"wp-block-column is-layout-flow wp-block-column-is-layout-flow\">\n<figure class=\"wp-block-image size-full rounded\"><img loading=\"lazy\" decoding=\"async\" width=\"980\" height=\"980\" src=\"https:\/\/www.stepalong.com\/wp-content\/uploads\/2025\/05\/santorini-translations.png\" alt=\"Brettspiel-Regelwerk \u00fcbersetzt\" class=\"wp-image-7501\" srcset=\"https:\/\/www.stepalong.com\/wp-content\/uploads\/2025\/05\/santorini-translations.png 980w, https:\/\/www.stepalong.com\/wp-content\/uploads\/2025\/05\/santorini-translations-300x300.png 300w, https:\/\/www.stepalong.com\/wp-content\/uploads\/2025\/05\/santorini-translations-150x150.png 150w, https:\/\/www.stepalong.com\/wp-content\/uploads\/2025\/05\/santorini-translations-768x768.png 768w, https:\/\/www.stepalong.com\/wp-content\/uploads\/2025\/05\/santorini-translations-12x12.png 12w\" sizes=\"auto, (max-width: 980px) 100vw, 980px\" \/><\/figure>\n<\/div>\n<\/div>\n\n\n\n<div style=\"height:var(--wp--preset--spacing--80)\" aria-hidden=\"true\" class=\"wp-block-spacer\"><\/div>\n\n\n\n<div class=\"wp-block-cover alignwide\" style=\"border-radius:8px;padding-right:3em;padding-left:3em\"><img loading=\"lazy\" decoding=\"async\" width=\"1024\" height=\"683\" class=\"wp-block-cover__image-background wp-image-7505 size-large\" alt=\"\" src=\"https:\/\/www.stepalong.com\/wp-content\/uploads\/2025\/05\/board-game-dices-1024x683.webp\" data-object-fit=\"cover\" srcset=\"https:\/\/www.stepalong.com\/wp-content\/uploads\/2025\/05\/board-game-dices-1024x683.webp 1024w, https:\/\/www.stepalong.com\/wp-content\/uploads\/2025\/05\/board-game-dices-300x200.webp 300w, https:\/\/www.stepalong.com\/wp-content\/uploads\/2025\/05\/board-game-dices-768x512.webp 768w, https:\/\/www.stepalong.com\/wp-content\/uploads\/2025\/05\/board-game-dices-1536x1024.webp 1536w, https:\/\/www.stepalong.com\/wp-content\/uploads\/2025\/05\/board-game-dices-2048x1365.webp 2048w, https:\/\/www.stepalong.com\/wp-content\/uploads\/2025\/05\/board-game-dices-18x12.webp 18w\" sizes=\"auto, (max-width: 1024px) 100vw, 1024px\" \/><span aria-hidden=\"true\" class=\"wp-block-cover__background has-black-background-color has-background-dim-60 has-background-dim\"><\/span><div class=\"wp-block-cover__inner-container is-layout-constrained wp-container-core-cover-is-layout-729e5ae5 wp-block-cover-is-layout-constrained\">\n<div class=\"wp-block-columns is-layout-flex wp-container-core-columns-is-layout-14cf5ab5 wp-block-columns-is-layout-flex\">\n<div class=\"wp-block-column is-layout-flow wp-block-column-is-layout-flow\">\n<h2 class=\"wp-block-heading\">Ideal f\u00fcr Indie-Entwickler, denen das Spielerlebnis wichtig ist<\/h2>\n<\/div>\n\n\n\n<div class=\"wp-block-column is-layout-flow wp-block-column-is-layout-flow\">\n<p>Egal, ob Sie auf Kickstarter sind oder Ihr Spiel bereits in den Regalen steht, StepAlong hilft Ihnen, klarere Anweisungen zu liefern, mehr Spieler zu erreichen und die Leute dazu zu bringen, zu Ihrem Spiel zur\u00fcckzukehren.<\/p>\n<\/div>\n<\/div>\n<\/div><\/div>\n\n\n\n<div style=\"height:var(--wp--preset--spacing--60)\" aria-hidden=\"true\" class=\"wp-block-spacer\"><\/div>\n\n\n\n<p><strong>Lesen Sie mehr dar\u00fcber, wie wir Brettspielunternehmen helfen, in unserem Blog<\/strong>:<\/p>\n\n\n\n<ul class=\"wp-block-list\">\n<li><a href=\"https:\/\/www.stepalong.com\/de\/unklare-anweisungen-konnen-ein-brettspiel-zerstoren\/\" title=\"Unklare Anweisungen k\u00f6nnen ein Brettspiel &quot;t\u00f6ten&quot;. Interview mit Mireia Boada\">Unklare Anweisungen k\u00f6nnen ein Brettspiel \"t\u00f6ten\". Interview mit Mireia Boada<\/a><\/li>\n<\/ul>\n\n\n\n<div style=\"height:var(--wp--preset--spacing--60)\" aria-hidden=\"true\" class=\"wp-block-spacer\"><\/div>\n\n\n\n<div class=\"wp-block-buttons is-content-justification-center is-layout-flex wp-container-core-buttons-is-layout-a89b3969 wp-block-buttons-is-layout-flex\">\n<div class=\"wp-block-button is-style-outline is-style-outline--1\"><a class=\"wp-block-button__link has-raft-fg-alt-color has-custom-purple-background-color has-text-color has-background has-link-color has-text-align-center wp-element-button\" href=\"https:\/\/www.stepalong.com\/de\/eine-demo-buchen\/\">Demo buchen<\/a><\/div>\n<\/div>\n\n\n\n<p><\/p>","protected":false},"excerpt":{"rendered":"<p>Klare digitale Regelb\u00fccher, die die Spieler im Spiel halten Sie haben ein tolles Spiel entwickelt. Aber wenn die Regeln nicht klar sind, sind die Spieler frustriert und das Spiel kommt nicht wieder heraus. Mit StepAlong sind Ihre Regelb\u00fccher leicht zu verstehen, schnell zug\u00e4nglich und in \u00fcber 30 Sprachen verf\u00fcgbar. Keine App erforderlich. Die KI beantwortet Fragen zu Ihrem Spiel. Ist es [...]<\/p>","protected":false},"author":1,"featured_media":0,"parent":0,"menu_order":0,"comment_status":"closed","ping_status":"closed","template":"wp-custom-template-landing-page-b","meta":{"content-type":"","_uag_custom_page_level_css":"","footnotes":""},"class_list":["post-7482","page","type-page","status-publish","hentry"],"aioseo_notices":[],"mb":[],"uagb_featured_image_src":{"full":false,"thumbnail":false,"medium":false,"medium_large":false,"large":false,"1536x1536":false,"2048x2048":false,"trp-custom-language-flag":false},"uagb_author_info":{"display_name":"Sergi S\u00e1nchez Mancha","author_link":"https:\/\/www.stepalong.com\/de\/author\/sergiostepalong-com\/"},"uagb_comment_info":0,"uagb_excerpt":"Clear digital rulebooks that keep players in the game You\u2019ve built a great game. But if the rules aren\u2019t clear,players get frustrated and the game doesn\u2019t come back out. StepAlong makes your rulebooks easy to follow, quick to access, and available in 30+ languages. No app needed. AI\u2019s answering questions about your game. Is it&hellip;","mfb_rest_fields":["title","aioseo_notices","uagb_featured_image_src","uagb_author_info","uagb_comment_info","uagb_excerpt"],"_links":{"self":[{"href":"https:\/\/www.stepalong.com\/de\/wp-json\/wp\/v2\/pages\/7482","targetHints":{"allow":["GET"]}}],"collection":[{"href":"https:\/\/www.stepalong.com\/de\/wp-json\/wp\/v2\/pages"}],"about":[{"href":"https:\/\/www.stepalong.com\/de\/wp-json\/wp\/v2\/types\/page"}],"author":[{"embeddable":true,"href":"https:\/\/www.stepalong.com\/de\/wp-json\/wp\/v2\/users\/1"}],"replies":[{"embeddable":true,"href":"https:\/\/www.stepalong.com\/de\/wp-json\/wp\/v2\/comments?post=7482"}],"version-history":[{"count":25,"href":"https:\/\/www.stepalong.com\/de\/wp-json\/wp\/v2\/pages\/7482\/revisions"}],"predecessor-version":[{"id":7518,"href":"https:\/\/www.stepalong.com\/de\/wp-json\/wp\/v2\/pages\/7482\/revisions\/7518"}],"wp:attachment":[{"href":"https:\/\/www.stepalong.com\/de\/wp-json\/wp\/v2\/media?parent=7482"}],"curies":[{"name":"wp","href":"https:\/\/api.w.org\/{rel}","templated":true}]}}