{"id":7376,"date":"2025-04-29T15:12:10","date_gmt":"2025-04-29T13:12:10","guid":{"rendered":"https:\/\/www.stepalong.com\/?page_id=7376"},"modified":"2025-04-29T17:29:23","modified_gmt":"2025-04-29T15:29:23","slug":"kunden-time4sleep","status":"publish","type":"page","link":"https:\/\/www.stepalong.com\/de\/kunden-time4sleep\/","title":{"rendered":"Time4Sleep &amp; StepAlong"},"content":{"rendered":"<p class=\"subtitle\"><strong>Mit StepAlong modernisierte Time4Sleep die Produktinformationen, beseitigte Aktualisierungsengp\u00e4sse und verbesserte die Kundenf\u00fchrung durch klare, durchsuchbare Anweisungen.<\/strong><\/p>\n\n\n\n<div style=\"height:2em\" aria-hidden=\"true\" class=\"wp-block-spacer\"><\/div>\n\n\n\n<figure class=\"wp-block-image alignwide size-full rounded\"><img loading=\"lazy\" decoding=\"async\" width=\"1000\" height=\"750\" src=\"https:\/\/www.stepalong.com\/wp-content\/uploads\/2025\/04\/stepalong-time4sleep.webp\" alt=\"Time4Sleep Produktanleitung mit StepAlong\" class=\"wp-image-7406\" srcset=\"https:\/\/www.stepalong.com\/wp-content\/uploads\/2025\/04\/stepalong-time4sleep.webp 1000w, https:\/\/www.stepalong.com\/wp-content\/uploads\/2025\/04\/stepalong-time4sleep-300x225.webp 300w, https:\/\/www.stepalong.com\/wp-content\/uploads\/2025\/04\/stepalong-time4sleep-768x576.webp 768w, https:\/\/www.stepalong.com\/wp-content\/uploads\/2025\/04\/stepalong-time4sleep-16x12.webp 16w\" sizes=\"auto, (max-width: 1000px) 100vw, 1000px\" \/><\/figure>\n\n\n\n<div style=\"height:2em\" aria-hidden=\"true\" class=\"wp-block-spacer\"><\/div>\n\n\n\n<h2 class=\"wp-block-heading\">\u00dcber Time4Sleep<\/h2>\n\n\n\n<p><a href=\"https:\/\/www.time4sleep.co.uk\/\" target=\"_blank\" rel=\"noopener\" title=\"Time4Sleep\">Time4Sleep<\/a> ist ein in Gro\u00dfbritannien ans\u00e4ssiges Unternehmen, das gegr\u00fcndet wurde, um stilvolle, hochwertige Schlafzimmerprodukte zu wettbewerbsf\u00e4higen Preisen anzubieten, indem es Zwischenh\u00e4ndler ausschaltet und direkt von den Herstellern bezieht. Die meisten ihrer Produkte m\u00fcssen vom Kunden selbst zusammengebaut werden. Time4Sleep wandte sich an StepAlong mit dem Wunsch, ihre Produktanleitungen zu aktualisieren - sie online zu stellen und ihren Kunden zu helfen, besser zusammenzubauen.<\/p>\n\n\n\n<div style=\"height:2em\" aria-hidden=\"true\" class=\"wp-block-spacer\"><\/div>\n\n\n\n<h2 class=\"wp-block-heading\">Time4Sleep-Herausforderungen<\/h2>\n\n\n\n<h3 class=\"wp-block-heading\">1. Team und zeitliche Beschr\u00e4nkungen<\/h3>\n\n\n\n<p>Ein zentrales Element des Alleinstellungsmerkmals von Time4Sleep ist die Bereitstellung von qualitativ hochwertigen Produkten zu niedrigen Preisen durch Direktbezug von den Herstellern und Online-Verkauf. Um diesen Vorteil aufrechtzuerhalten, ben\u00f6tigte das Unternehmen eine L\u00f6sung, mit der es seine Produktanweisungen verbessern konnte, ohne zus\u00e4tzliche Anforderungen an sein Team zu stellen oder zus\u00e4tzliche Ressourcen zu ben\u00f6tigen.<\/p>\n\n\n\n<figure class=\"wp-block-image alignwide size-large\"><img loading=\"lazy\" decoding=\"async\" width=\"1024\" height=\"609\" src=\"https:\/\/www.stepalong.com\/wp-content\/uploads\/2025\/04\/time4sleep-manufacturer-instructions-vs-stepalong-1-1024x609.webp\" alt=\"Alte PDF-Anleitung vs. digitale Version\" class=\"wp-image-7409\" title=\"gerundet\" srcset=\"https:\/\/www.stepalong.com\/wp-content\/uploads\/2025\/04\/time4sleep-manufacturer-instructions-vs-stepalong-1-1024x609.webp 1024w, https:\/\/www.stepalong.com\/wp-content\/uploads\/2025\/04\/time4sleep-manufacturer-instructions-vs-stepalong-1-300x178.webp 300w, https:\/\/www.stepalong.com\/wp-content\/uploads\/2025\/04\/time4sleep-manufacturer-instructions-vs-stepalong-1-768x457.webp 768w, https:\/\/www.stepalong.com\/wp-content\/uploads\/2025\/04\/time4sleep-manufacturer-instructions-vs-stepalong-1-1536x913.webp 1536w, https:\/\/www.stepalong.com\/wp-content\/uploads\/2025\/04\/time4sleep-manufacturer-instructions-vs-stepalong-1-18x12.webp 18w, https:\/\/www.stepalong.com\/wp-content\/uploads\/2025\/04\/time4sleep-manufacturer-instructions-vs-stepalong-1.webp 1897w\" sizes=\"auto, (max-width: 1024px) 100vw, 1024px\" \/><\/figure>\n\n\n\n<h3 class=\"wp-block-heading\">2. Logistische Komplexit\u00e4t von Produktaktualisierungen<\/h3>\n\n\n\n<p>\u00c4nderungen seitens der Hersteller - wie z. B. neue Teile, weniger Komponenten oder verbesserte Montagemethoden - stellen den M\u00f6belhandel vor st\u00e4ndige Herausforderungen. Die schnelle und genaue Aktualisierung von Anleitungen war f\u00fcr Time4Sleep ein entscheidender Bedarf.<\/p>\n\n\n\n<h3 class=\"wp-block-heading\">3. Verbesserung der Kundenerfahrung<\/h3>\n\n\n\n<p>Die bestehenden Produktanleitungen von Time4Sleep bestanden nur aus PDF-Dateien und enthielten nur Diagramme, aber keinen begleitenden Text. Time4Sleep wollte das Kundenerlebnis durch mehr Klarheit und Zug\u00e4nglichkeit verbessern.<\/p>\n\n\n\n<h3 class=\"wp-block-heading\">4. St\u00e4rkung des Vertrauens der Online-K\u00e4ufer<\/h3>\n\n\n\n<p>Neben der Unterst\u00fctzung nach dem Kauf wollte Time4Sleep auch das Kauferlebnis selbst verbessern. Sie ben\u00f6tigten Anleitungen, die potenziellen Kunden helfen sollten, die Produkte besser zu verstehen, bevor sie eine Kaufentscheidung treffen.<\/p>\n\n\n\n<div style=\"height:2em\" aria-hidden=\"true\" class=\"wp-block-spacer\"><\/div>\n\n\n\n<h2 class=\"wp-block-heading\">Wie StepAlong geholfen hat<\/h2>\n\n\n\n<h3 class=\"wp-block-heading\">Rationalisiertes Onboarding<\/h3>\n\n\n\n<ul class=\"wp-block-list\">\n<li>Das StepAlong-Team unterst\u00fctzte Time4Sleep beim Onboarding durch die Konvertierung der bestehenden PDF-Anleitungen in die StepAlong-Plattform. Es wurde ein formeller Prozess eingef\u00fchrt, bei dem StepAlong die anf\u00e4ngliche Konvertierung durchf\u00fchrte und Time4Sleep die endg\u00fcltige Version \u00fcberpr\u00fcfte und genehmigte, um Pr\u00e4zision und Qualit\u00e4t zu gew\u00e4hrleisten.<\/li>\n\n\n\n<li class=\"translation-block\">Erm\u00f6glicht wurde dies durch die <strong>AI Image-to-Text-Technologie<\/strong> von StepAlong, die automatisch unterst\u00fctzenden Text aus Baugruppendiagrammen generiert und so die Erstellung klarer, hilfreicher Anleitungen schneller und einfacher macht.<\/li>\n<\/ul>\n\n\n\n<h3 class=\"wp-block-heading\">Einfache Anpassung an Produkt\u00e4nderungen<\/h3>\n\n\n\n<p>Mit den QR-Codes auf den Produktverpackungen und den online gehosteten Anleitungen kann Time4Sleep nun schnell und ohne die logistischen Schwierigkeiten der Aktualisierung gedruckter Materialien auf Aktualisierungen der Hersteller reagieren.  <\/p>\n\n\n\n<h3 class=\"wp-block-heading\">Ein besseres Montageerlebnis<\/h3>\n\n\n\n<p>StepAlong geht \u00fcber reine PDF-Anleitungen mit Bildern hinaus und hat mehrformatige Produktanleitungen erstellt, die sowohl online als auch als herunterladbare PDFs mit klarem Begleittext zur Verf\u00fcgung stehen.<\/p>\n\n\n\n<h3 class=\"wp-block-heading\">F\u00fcr alle zug\u00e4ngliche Anweisungen<\/h3>\n\n\n\n<p>Mit dem StepAlong Instruction Center machte Time4Sleep alle Anleitungen sowohl vor als auch nach dem Kauf f\u00fcr die Kunden leicht zug\u00e4nglich und sorgte so f\u00fcr mehr Transparenz und Vertrauen beim K\u00e4ufer.<\/p>\n\n\n\n<div style=\"height:2em\" aria-hidden=\"true\" class=\"wp-block-spacer\"><\/div>\n\n\n\n<figure class=\"wp-block-image alignwide size-large rounded\"><img loading=\"lazy\" decoding=\"async\" width=\"1024\" height=\"571\" src=\"https:\/\/www.stepalong.com\/wp-content\/uploads\/2025\/04\/time4sleep-instruction-center-2-min-1024x571.jpg\" alt=\"Time4Sleep-Schulungszentrum\" class=\"wp-image-7415\" srcset=\"https:\/\/www.stepalong.com\/wp-content\/uploads\/2025\/04\/time4sleep-instruction-center-2-min-1024x571.jpg 1024w, https:\/\/www.stepalong.com\/wp-content\/uploads\/2025\/04\/time4sleep-instruction-center-2-min-300x167.jpg 300w, https:\/\/www.stepalong.com\/wp-content\/uploads\/2025\/04\/time4sleep-instruction-center-2-min-768x428.jpg 768w, https:\/\/www.stepalong.com\/wp-content\/uploads\/2025\/04\/time4sleep-instruction-center-2-min-18x10.jpg 18w, https:\/\/www.stepalong.com\/wp-content\/uploads\/2025\/04\/time4sleep-instruction-center-2-min.jpg 1400w\" sizes=\"auto, (max-width: 1024px) 100vw, 1024px\" \/><\/figure>\n\n\n\n<h2 class=\"wp-block-heading\">Die Ergebnisse<\/h2>\n\n\n\n<p>Durch die Einf\u00fchrung von StepAlong hat Time4Sleep:<\/p>\n\n\n\n<ul class=\"wp-block-list\">\n<li><strong>Modernisierte ihre kundenorientierten Produktinformationen<\/strong> ohne St\u00f6rung der internen Teams.<\/li>\n\n\n\n<li><strong>Beseitigung von logistischen Engp\u00e4ssen<\/strong> im Zusammenhang mit herstellerbedingten Produkt\u00e4nderungen.<\/li>\n\n\n\n<li><strong>Verbessertes Kundenerlebnis<\/strong> durch mehrformatige, leicht verst\u00e4ndliche Anleitungen mit klarem Begleittext.<\/li>\n<\/ul>\n\n\n\n<p>Time4Sleep hat eine umfassende, durchsuchbare Bibliothek mit Produktanleitungen erstellt, die sowohl den Kaufprozess als auch den Kundendienst erheblich verbessert und gleichzeitig einen effizienten, schlanken internen Prozess gew\u00e4hrleistet.<\/p>\n\n\n\n<div style=\"height:2em\" aria-hidden=\"true\" class=\"wp-block-spacer\"><\/div>\n\n\n\n<p>Jonathan Warren, CEO von Time4Sleep, sagte:<\/p>\n\n\n\n<blockquote class=\"wp-block-quote feature is-layout-flow wp-block-quote-is-layout-flow\">\n<p>\"Wir suchten nach M\u00f6glichkeiten, die Erfahrung unserer Kunden weiter zu verbessern, und wollten unser Anleitungsformat verbessern und standardisieren und gleichzeitig durch die Verwendung von QR-Codes besser zug\u00e4nglich machen. StepAlong erm\u00f6glichte es uns, dies zu erreichen, ohne unser bestehendes Team zus\u00e4tzlich zu belasten.<\/p>\n<\/blockquote>\n\n\n\n<p>Pr\u00fcfen Sie die StepAlong-angetriebene <a href=\"https:\/\/time4sleep.stepalong.com\/\" target=\"_blank\" rel=\"noopener\" title=\"Time4Sleep Anleitung Hub\">Time4Sleep-Schulungszentrum<\/a>und fordern Sie eine Demo an, um zu sehen, wie StepAlong Ihre Produktanleitungen ver\u00e4ndern kann.<\/p>\n\n\n\n<div style=\"height:2em\" aria-hidden=\"true\" class=\"wp-block-spacer\"><\/div>\n\n\n\n<div class=\"wp-block-buttons is-content-justification-center is-layout-flex wp-container-core-buttons-is-layout-a89b3969 wp-block-buttons-is-layout-flex\">\n<div class=\"wp-block-button is-style-fill\"><a class=\"wp-block-button__link wp-element-button\" href=\"https:\/\/www.stepalong.com\/de\/eine-demo-buchen\/\" style=\"border-style:none;border-width:0px\">Demo buchen<\/a><\/div>\n<\/div>\n\n\n\n<p><\/p>","protected":false},"excerpt":{"rendered":"<p>Mit StepAlong hat Time4Sleep die Produktinformationen modernisiert, Aktualisierungsengp\u00e4sse beseitigt und die Kundenf\u00fchrung durch klare, durchsuchbare Anleitungen verbessert. \u00dcber Time4Sleep Time4Sleep ist ein in Gro\u00dfbritannien ans\u00e4ssiges Unternehmen, das gegr\u00fcndet wurde, um stilvolle, hochwertige Schlafzimmerprodukte zu wettbewerbsf\u00e4higen Preisen anzubieten, indem es Zwischenh\u00e4ndler ausschaltet und direkt von den Herstellern bezieht. Die meisten ihrer Produkte m\u00fcssen vom Kunden selbst zusammengebaut werden [...]<\/p>","protected":false},"author":1,"featured_media":0,"parent":0,"menu_order":0,"comment_status":"closed","ping_status":"closed","template":"case-study","meta":{"content-type":"","_uag_custom_page_level_css":"","footnotes":""},"class_list":["post-7376","page","type-page","status-publish","hentry"],"aioseo_notices":[],"mb":[],"uagb_featured_image_src":{"full":false,"thumbnail":false,"medium":false,"medium_large":false,"large":false,"1536x1536":false,"2048x2048":false,"trp-custom-language-flag":false},"uagb_author_info":{"display_name":"Sergi S\u00e1nchez Mancha","author_link":"https:\/\/www.stepalong.com\/de\/author\/sergiostepalong-com\/"},"uagb_comment_info":0,"uagb_excerpt":"With StepAlong, Time4Sleep modernized product info, removed update bottlenecks, and improved customer guidance with clear, searchable instructions. About Time4Sleep Time4Sleep is a UK based company, founded to offer stylish, high-quality bedroom products at competitive prices by eliminating intermediaries and sourcing directly from manufacturers. Most of their products require self-assembly on the part of the customer&hellip;","mfb_rest_fields":["title","aioseo_notices","uagb_featured_image_src","uagb_author_info","uagb_comment_info","uagb_excerpt"],"_links":{"self":[{"href":"https:\/\/www.stepalong.com\/de\/wp-json\/wp\/v2\/pages\/7376","targetHints":{"allow":["GET"]}}],"collection":[{"href":"https:\/\/www.stepalong.com\/de\/wp-json\/wp\/v2\/pages"}],"about":[{"href":"https:\/\/www.stepalong.com\/de\/wp-json\/wp\/v2\/types\/page"}],"author":[{"embeddable":true,"href":"https:\/\/www.stepalong.com\/de\/wp-json\/wp\/v2\/users\/1"}],"replies":[{"embeddable":true,"href":"https:\/\/www.stepalong.com\/de\/wp-json\/wp\/v2\/comments?post=7376"}],"version-history":[{"count":9,"href":"https:\/\/www.stepalong.com\/de\/wp-json\/wp\/v2\/pages\/7376\/revisions"}],"predecessor-version":[{"id":7416,"href":"https:\/\/www.stepalong.com\/de\/wp-json\/wp\/v2\/pages\/7376\/revisions\/7416"}],"wp:attachment":[{"href":"https:\/\/www.stepalong.com\/de\/wp-json\/wp\/v2\/media?parent=7376"}],"curies":[{"name":"wp","href":"https:\/\/api.w.org\/{rel}","templated":true}]}}