{"id":6634,"date":"2025-02-04T17:07:10","date_gmt":"2025-02-04T16:07:10","guid":{"rendered":"https:\/\/www.stepalong.com\/?page_id=6634"},"modified":"2025-04-24T17:51:43","modified_gmt":"2025-04-24T15:51:43","slug":"kunden-monstergruppe","status":"publish","type":"page","link":"https:\/\/www.stepalong.com\/de\/kunden-monstergruppe\/","title":{"rendered":"Monster-Gruppe &amp; StepAlong"},"content":{"rendered":"<p class=\"subtitle\"><strong>Mit StepAlong straffte die Monster Group das Instruktionsmanagement, senkte die Kosten und erweiterte ihre M\u00e4rkte, w\u00e4hrend sie gleichzeitig eine klare, aktuelle Kundenf\u00fchrung sicherstellte.<\/strong><\/p>\n\n\n\n<div style=\"height:2em\" aria-hidden=\"true\" class=\"wp-block-spacer\"><\/div>\n\n\n\n<figure class=\"wp-block-image alignwide size-large rounded\"><img loading=\"lazy\" decoding=\"async\" width=\"1024\" height=\"768\" src=\"https:\/\/www.stepalong.com\/wp-content\/uploads\/2025\/02\/monstershop-cockatil-station-and-logo-1024x768.jpg\" alt=\"MonsterShop Cocktail Bar Station Anleitung bei StepAlong.\" class=\"wp-image-6693\" srcset=\"https:\/\/www.stepalong.com\/wp-content\/uploads\/2025\/02\/monstershop-cockatil-station-and-logo-1024x768.jpg 1024w, https:\/\/www.stepalong.com\/wp-content\/uploads\/2025\/02\/monstershop-cockatil-station-and-logo-300x225.jpg 300w, https:\/\/www.stepalong.com\/wp-content\/uploads\/2025\/02\/monstershop-cockatil-station-and-logo-768x576.jpg 768w, https:\/\/www.stepalong.com\/wp-content\/uploads\/2025\/02\/monstershop-cockatil-station-and-logo-16x12.jpg 16w, https:\/\/www.stepalong.com\/wp-content\/uploads\/2025\/02\/monstershop-cockatil-station-and-logo.jpg 1440w\" sizes=\"auto, (max-width: 1024px) 100vw, 1024px\" \/><\/figure>\n\n\n\n<div style=\"height:2em\" aria-hidden=\"true\" class=\"wp-block-spacer\"><\/div>\n\n\n\n<h2 class=\"wp-block-heading\">\u00dcber die Monster-Gruppe<\/h2>\n\n\n\n<p><a href=\"https:\/\/monstershop.co.uk\/\" target=\"_blank\" rel=\"noopener\" title=\"Monster-Gruppe (UK)\">Monster-Gruppe (UK)<\/a> ist eine f\u00fchrende europ\u00e4ische Direktvertriebsmarke, die vor \u00fcber 15 Jahren in Gro\u00dfbritannien gegr\u00fcndet wurde. Als reiner Online-H\u00e4ndler legt die Monster-Gruppe gro\u00dfen Wert auf hochwertige Produktanleitungen, die das Kundenerlebnis verbessern.<\/p>\n\n\n\n<p>Das Markenportfolio umfasst Monster Racking Lagerprodukte, MaxBlast Reinigungsger\u00e4te, T-Mech mechanische Ger\u00e4te, Jardi Signature Outdoor-M\u00f6bel und Kukoo kulinarische Werkzeuge und Ger\u00e4te.<\/p>\n\n\n\n<p>Das Produkt-Einkaufsteam der Monster Group geht \u00fcber die Standard-Anleitungen der Hersteller hinaus und stellt sicher, dass jede Einstellungs- und Gebrauchsanleitung klar, praktisch und auf das Markenversprechen abgestimmt ist.<\/p>\n\n\n\n<figure class=\"wp-block-image size-large\"><img loading=\"lazy\" decoding=\"async\" width=\"1024\" height=\"351\" src=\"https:\/\/www.stepalong.com\/wp-content\/uploads\/2025\/02\/MonsterShop-brands-1-1024x351.png\" alt=\"MonsterShop-Marken\" class=\"wp-image-6687\" srcset=\"https:\/\/www.stepalong.com\/wp-content\/uploads\/2025\/02\/MonsterShop-brands-1-1024x351.png 1024w, https:\/\/www.stepalong.com\/wp-content\/uploads\/2025\/02\/MonsterShop-brands-1-300x103.png 300w, https:\/\/www.stepalong.com\/wp-content\/uploads\/2025\/02\/MonsterShop-brands-1-768x263.png 768w, https:\/\/www.stepalong.com\/wp-content\/uploads\/2025\/02\/MonsterShop-brands-1-18x6.png 18w, https:\/\/www.stepalong.com\/wp-content\/uploads\/2025\/02\/MonsterShop-brands-1.png 1400w\" sizes=\"auto, (max-width: 1024px) 100vw, 1024px\" \/><\/figure>\n\n\n\n<div style=\"height:2em\" aria-hidden=\"true\" class=\"wp-block-spacer\"><\/div>\n\n\n\n<h2 class=\"wp-block-heading\">Die Herausforderungen bei der Erstellung von Anleitungen<\/h2>\n\n\n\n<figure class=\"wp-block-image alignwide size-large rounded\"><img loading=\"lazy\" decoding=\"async\" width=\"1024\" height=\"541\" src=\"https:\/\/www.stepalong.com\/wp-content\/uploads\/2025\/02\/manufacturer-instructions-vs-stepalong-1024x541.png\" alt=\"Herstelleranleitungen vs. Monsters-Anleitungen mit StepAlong\" class=\"wp-image-6766\" srcset=\"https:\/\/www.stepalong.com\/wp-content\/uploads\/2025\/02\/manufacturer-instructions-vs-stepalong-1024x541.png 1024w, https:\/\/www.stepalong.com\/wp-content\/uploads\/2025\/02\/manufacturer-instructions-vs-stepalong-300x158.png 300w, https:\/\/www.stepalong.com\/wp-content\/uploads\/2025\/02\/manufacturer-instructions-vs-stepalong-768x406.png 768w, https:\/\/www.stepalong.com\/wp-content\/uploads\/2025\/02\/manufacturer-instructions-vs-stepalong-1536x811.png 1536w, https:\/\/www.stepalong.com\/wp-content\/uploads\/2025\/02\/manufacturer-instructions-vs-stepalong-2048x1082.png 2048w, https:\/\/www.stepalong.com\/wp-content\/uploads\/2025\/02\/manufacturer-instructions-vs-stepalong-18x10.png 18w\" sizes=\"auto, (max-width: 1024px) 100vw, 1024px\" \/><\/figure>\n\n\n\n<p>Mit dem Wachstum der Monster-Gruppe und der Ausweitung auf mehrere M\u00e4rkte mit einem Produktkatalog von \u00fcber <strong>1900 Produkte<\/strong>Die Komplexit\u00e4t der Erstellung und Verwaltung von Anleitungen hat sich deutlich erh\u00f6ht.<\/p>\n\n\n\n<p>Mit <strong>mehrere neue Produkte, die jede Woche auf den Markt kommen<\/strong>stand das Einkaufsteam vor wachsenden Herausforderungen:<\/p>\n\n\n\n<ul class=\"wp-block-list\">\n<li><strong>Fragmentierte Prozesse<\/strong>: Das Team st\u00fctzte sich auf mehrere Tools und bezog verschiedene Teammitglieder in den gesamten Prozess der Anleitungserstellung ein. Die Sicherstellung, dass die endg\u00fcltigen Anleitungen gedruckt und in die Produktkartons eingelegt wurden, bevor sie das Monster-Lager verlie\u00dfen, erforderte eine umfangreiche Koordination.<\/li>\n\n\n\n<li><strong>Knappe Fristen und kostspielige Fehler<\/strong>: Die begrenzte Vorlaufzeit lie\u00df wenig Spielraum f\u00fcr die Erstellung von Anleitungen in bis zu <strong>12 Sprachen<\/strong>. Unerwartete \u00c4nderungen der Spezifikationen in letzter Minute stellten eine Herausforderung dar und erforderten logistische Anpassungen und kostspielige Nachdrucke, um sicherzustellen, dass die Kunden die genauesten Informationen erhielten.<\/li>\n\n\n\n<li><strong>Einhaltung von Vorschriften<\/strong>: Als britisches Unternehmen, das nach Europa exportiert, musste die Monster-Gruppe die neuen EU-Vorschriften einhalten, insbesondere <strong>die Verordnung \u00fcber die allgemeine Produktsicherheit (GPSR)<\/strong>. Dazu mussten sie:\n<ul class=\"wp-block-list\">\n<li>Anleitungen in den Sprachen aller von ihnen bedienten EU-M\u00e4rkte bereitstellen.<\/li>\n\n\n\n<li>Sicherstellung der Verf\u00fcgbarkeit von Anleitungen f\u00fcr die Verbraucher <strong>vor dem Kauf<\/strong>.<\/li>\n\n\n\n<li>Beides anbieten <strong>gedruckte und Online-Versionen<\/strong> von Anweisungen.<\/li>\n<\/ul>\n<\/li>\n\n\n\n<li><strong>Aufrechterhaltung der Kundenerfahrung<\/strong>: Trotz dieser Herausforderungen ben\u00f6tigte die Monster Group eine L\u00f6sung, die es ihr erm\u00f6glichen w\u00fcrde <strong>weiterhin eine qualitativ hochwertige Unterrichtserfahrung zu bieten<\/strong> die ihre Kunden erwartet hatten.<\/li>\n<\/ul>\n\n\n\n<div style=\"height:2em\" aria-hidden=\"true\" class=\"wp-block-spacer\"><\/div>\n\n\n\n<h2 class=\"wp-block-heading\">Wie StepAlong geholfen hat<\/h2>\n\n\n\n<p><strong>Die Implementierung der StepAlong-Plattform ver\u00e4nderte den Prozess der Instruktionserstellung bei Monster Groups<\/strong>Damit werden alle Aspekte der Inhaltserstellung, Aktualisierung, \u00dcbersetzung und QR-Code-Generierung in einem einzigen, effizienten System zusammengefasst.<\/p>\n\n\n\n<div style=\"height:2em\" aria-hidden=\"true\" class=\"wp-block-spacer\"><\/div>\n\n\n\n<h3 class=\"wp-block-heading\"><strong>1. Optimierter Produktionsablauf<\/strong><\/h3>\n\n\n\n<div class=\"wp-block-columns is-layout-flex wp-container-core-columns-is-layout-cbe57604 wp-block-columns-is-layout-flex\">\n<div class=\"wp-block-column is-layout-flow wp-block-column-is-layout-flow\" style=\"flex-basis:40%\">\n<p>Zuvor musste das Einkaufsteam alle Anweisungen fertigstellen <strong>vor<\/strong> Versand von Produktkartons zum Lager. Mit StepAlong k\u00f6nnen sie jetzt <strong>zuerst QR-Codes generieren<\/strong>So k\u00f6nnen sie QR-Codes drucken und in die Verpackungen einf\u00fcgen, w\u00e4hrend sie die Anleitungen weiter verfeinern. Dieser Ansatz:<\/p>\n\n\n\n<ul class=\"wp-block-list\">\n<li>Reduziert den Stress f\u00fcr das Einkaufsteam durch <strong>Entkopplung<\/strong> Fertigstellung der Anweisungen nach Ablauf der Verpackungsfristen.<\/li>\n\n\n\n<li>Erm\u00f6glicht <strong>Echtzeit-Updates<\/strong>Dadurch wird sichergestellt, dass die Kunden immer Zugang zu den aktuellsten Anleitungen haben.<\/li>\n\n\n\n<li>Entspricht der Nachhaltigkeitspolitik der Monster-Gruppe durch <strong>deutlich reduzieren<\/strong> Papierverbrauch.<\/li>\n<\/ul>\n<\/div>\n\n\n\n<div class=\"wp-block-column is-layout-flow wp-block-column-is-layout-flow\" style=\"flex-basis:60%\">\n<figure class=\"wp-block-image size-large rounded\"><img loading=\"lazy\" decoding=\"async\" width=\"1024\" height=\"996\" src=\"https:\/\/www.stepalong.com\/wp-content\/uploads\/2025\/02\/monstershop-qr-code-stepalong-instructions-1024x996.png\" alt=\"MonsterShop QR-Code mit StepAlong-Anleitung\" class=\"wp-image-6679\" srcset=\"https:\/\/www.stepalong.com\/wp-content\/uploads\/2025\/02\/monstershop-qr-code-stepalong-instructions-1024x996.png 1024w, https:\/\/www.stepalong.com\/wp-content\/uploads\/2025\/02\/monstershop-qr-code-stepalong-instructions-300x292.png 300w, https:\/\/www.stepalong.com\/wp-content\/uploads\/2025\/02\/monstershop-qr-code-stepalong-instructions-768x747.png 768w, https:\/\/www.stepalong.com\/wp-content\/uploads\/2025\/02\/monstershop-qr-code-stepalong-instructions-12x12.png 12w, https:\/\/www.stepalong.com\/wp-content\/uploads\/2025\/02\/monstershop-qr-code-stepalong-instructions.png 1440w\" sizes=\"auto, (max-width: 1024px) 100vw, 1024px\" \/><\/figure>\n<\/div>\n<\/div>\n\n\n\n<div style=\"height:2em\" aria-hidden=\"true\" class=\"wp-block-spacer\"><\/div>\n\n\n\n<h3 class=\"wp-block-heading\"><strong>2. KI-gest\u00fctzte \u00dcbersetzung &amp; Content Management<\/strong><\/h3>\n\n\n\n<p>Die Monster Group nutzte bereits KI-Tools, aber StepAlongs integrierte <a href=\"https:\/\/www.stepalong.com\/de\/ai-product-instructions-ubersetzung\/\" title=\"\u00dcbersetzung von AI-Produktanleitungen\"><strong>AI-\u00dcbersetzungsfunktion<\/strong><\/a> beseitigt die Notwendigkeit f\u00fcr <strong>manuelles Kopieren, Einf\u00fcgen und \u00dcberpr\u00fcfen<\/strong> der \u00dcbersetzungen. Dadurch wurde der Zeitaufwand f\u00fcr die Erstellung mehrsprachiger Anleitungen drastisch reduziert. Dar\u00fcber hinaus passte StepAlong sein \u00dcbersetzungsmanagementsystem auf der Grundlage des Feedbacks der Monster Group an und machte es dadurch noch effizienter.<\/p>\n\n\n\n<div style=\"height:2em\" aria-hidden=\"true\" class=\"wp-block-spacer\"><\/div>\n\n\n\n<div class=\"wp-block-columns is-layout-flex wp-container-core-columns-is-layout-cbe57604 wp-block-columns-is-layout-flex\">\n<div class=\"wp-block-column is-layout-flow wp-block-column-is-layout-flow\" style=\"flex-basis:40%\">\n<h3 class=\"wp-block-heading\"><strong>3. Erweiterte Sprachunterst\u00fctzung und Markttests<\/strong><\/h3>\n\n\n\n<p>Durch die Umstellung auf <a href=\"https:\/\/www.stepalong.com\/de\/schlusselfertiges-schulungszentrum\/\" title=\"Schl\u00fcsselfertiges Schulungszentrum\">StepAlong-gest\u00fctzte Online-Anleitungen<\/a>hat die Monster-Gruppe die Flexibilit\u00e4t gewonnen,:<\/p>\n\n\n\n<ul class=\"wp-block-list\">\n<li><strong>Problemlose Unterst\u00fctzung zus\u00e4tzlicher Sprachen<\/strong> ohne komplexe Logistik.<\/li>\n\n\n\n<li><strong>Neue M\u00e4rkte testen<\/strong> ohne den Aufwand des Massendrucks von Anleitungen in mehreren Sprachen im Voraus.<\/li>\n<\/ul>\n\n\n\n<div style=\"height:2em\" aria-hidden=\"true\" class=\"wp-block-spacer\"><\/div>\n<\/div>\n\n\n\n<div class=\"wp-block-column is-layout-flow wp-block-column-is-layout-flow\">\n<figure class=\"wp-block-image size-large rounded\"><img loading=\"lazy\" decoding=\"async\" width=\"942\" height=\"1024\" src=\"https:\/\/www.stepalong.com\/wp-content\/uploads\/2025\/02\/MonsterShop-PDF-translated-spanish-942x1024.webp\" alt=\"MonsterShop PDF-Anleitungen ins Spanische \u00fcbersetzt\" class=\"wp-image-6682\" srcset=\"https:\/\/www.stepalong.com\/wp-content\/uploads\/2025\/02\/MonsterShop-PDF-translated-spanish-942x1024.webp 942w, https:\/\/www.stepalong.com\/wp-content\/uploads\/2025\/02\/MonsterShop-PDF-translated-spanish-276x300.webp 276w, https:\/\/www.stepalong.com\/wp-content\/uploads\/2025\/02\/MonsterShop-PDF-translated-spanish-768x835.webp 768w, https:\/\/www.stepalong.com\/wp-content\/uploads\/2025\/02\/MonsterShop-PDF-translated-spanish-1413x1536.webp 1413w, https:\/\/www.stepalong.com\/wp-content\/uploads\/2025\/02\/MonsterShop-PDF-translated-spanish-1884x2048.webp 1884w, https:\/\/www.stepalong.com\/wp-content\/uploads\/2025\/02\/MonsterShop-PDF-translated-spanish-11x12.webp 11w\" sizes=\"auto, (max-width: 942px) 100vw, 942px\" \/><\/figure>\n<\/div>\n<\/div>\n\n\n\n<div style=\"height:2em\" aria-hidden=\"true\" class=\"wp-block-spacer\"><\/div>\n\n\n\n<h3 class=\"wp-block-heading\"><strong>4. Sicherstellung der GPSR-Konformit\u00e4t<\/strong><\/h3>\n\n\n\n<p>StepAlong erm\u00f6glicht der Monster Group ein Treffen <strong><a href=\"https:\/\/www.stepalong.com\/de\/machen-sie-ihre-produktanleitungen-gpsr-konform\/\" title=\"Machen Sie Ihre Produktanleitungen GPSR-konform\">GPSR-Anforderungen<\/a><\/strong> durch Bereitstellung:<\/p>\n\n\n\n<ul class=\"wp-block-list\">\n<li><strong>Anleitungen im Online- und im druckbaren PDF-Format.<\/strong><\/li>\n\n\n\n<li><strong>Zugang im Vorfeld des Kaufs<\/strong> gem\u00e4\u00df den Anweisungen, um die Einhaltung der EU-Sicherheitsvorschriften zu gew\u00e4hrleisten.<\/li>\n\n\n\n<li><strong>Nahtlose Integration mit Produktseiten<\/strong>Dadurch wird das Hinzuf\u00fcgen von Anleitungen zu neuen Produkten erleichtert.<\/li>\n<\/ul>\n\n\n\n<div style=\"height:2em\" aria-hidden=\"true\" class=\"wp-block-spacer\"><\/div>\n\n\n\n<h3 class=\"wp-block-heading\"><strong>5. Verbesserung der Kundenerfahrung<\/strong><\/h3>\n\n\n\n<p>Mit StepAlong's <strong>Anleitung Spieler<\/strong>stellt die Monster-Gruppe sicher, dass die Kunden die gew\u00fcnschten Leistungen erhalten:<\/p>\n\n\n\n<ul class=\"wp-block-list\">\n<li>A <strong>visuell ansprechende, benutzerfreundliche Online-Erfahrung<\/strong> beim Abrufen von Anweisungen, die nahtlos auf allen Ger\u00e4ten funktionieren, ohne dass eine APP heruntergeladen werden muss:<\/li>\n\n\n\n<li>A <strong>PDF-Version zum Herunterladen<\/strong> die denselben hohen Qualit\u00e4tsstandard beibeh\u00e4lt.<\/li>\n<\/ul>\n\n\n\n<div style=\"height:2em\" aria-hidden=\"true\" class=\"wp-block-spacer\"><\/div>\n\n\n\n<figure class=\"wp-block-image alignwide size-large rounded\"><img loading=\"lazy\" decoding=\"async\" width=\"1024\" height=\"590\" src=\"https:\/\/www.stepalong.com\/wp-content\/uploads\/2025\/02\/monsterShop-parts-instructions-1024x590.webp\" alt=\"monsterShop-Ersatzteilanleitungen\" class=\"wp-image-6658\" title=\"\" srcset=\"https:\/\/www.stepalong.com\/wp-content\/uploads\/2025\/02\/monsterShop-parts-instructions-1024x590.webp 1024w, https:\/\/www.stepalong.com\/wp-content\/uploads\/2025\/02\/monsterShop-parts-instructions-300x173.webp 300w, https:\/\/www.stepalong.com\/wp-content\/uploads\/2025\/02\/monsterShop-parts-instructions-768x443.webp 768w, https:\/\/www.stepalong.com\/wp-content\/uploads\/2025\/02\/monsterShop-parts-instructions-1536x885.webp 1536w, https:\/\/www.stepalong.com\/wp-content\/uploads\/2025\/02\/monsterShop-parts-instructions-2048x1180.webp 2048w, https:\/\/www.stepalong.com\/wp-content\/uploads\/2025\/02\/monsterShop-parts-instructions-18x10.webp 18w\" sizes=\"auto, (max-width: 1024px) 100vw, 1024px\" \/><\/figure>\n\n\n\n<h2 class=\"wp-block-heading\">Die Ergebnisse<\/h2>\n\n\n\n<p>Durch die Einf\u00fchrung von StepAlong hat die Monster Group:<\/p>\n\n\n\n<ul class=\"wp-block-list\">\n<li><strong>Erhebliche Zeitersparnis<\/strong> zur Erstellung, \u00dcbersetzung und Aktualisierung von Anweisungen.<\/li>\n\n\n\n<li><strong>Keine kostspieligen Nachdrucke mehr<\/strong> und logistische Herausforderungen, die mit veralteten gedruckten Anleitungen verbunden sind.<\/li>\n\n\n\n<li><strong>Verbesserte betriebliche Effizienz<\/strong>Dadurch kann sich das Einkaufsteam auf die Produktinnovation konzentrieren.<\/li>\n\n\n\n<li><strong>Verbesserte Einhaltung von Vorschriften<\/strong> und gleichzeitig ein nahtloses Kundenerlebnis zu gew\u00e4hrleisten.<\/li>\n<\/ul>\n\n\n\n<p>Mit StepAlong hat die Monster Group <strong>seinen Prozess der Anweisungsverwaltung gestrafft<\/strong> Gleichzeitig wird sichergestellt, dass die Kunden weiterhin klare, leicht zug\u00e4ngliche und aktuelle Produktanleitungen erhalten, damit sie ihre Eink\u00e4ufe sicher einrichten und nutzen k\u00f6nnen.<\/p>\n\n\n\n<div style=\"height:2em\" aria-hidden=\"true\" class=\"wp-block-spacer\"><\/div>\n\n\n\n<p>Amy Gilbank, Leiterin der Einkaufsabteilung der Monster Group, sagte:<\/p>\n\n\n\n<blockquote class=\"wp-block-quote feature is-layout-flow wp-block-quote-is-layout-flow\">\n<p>\"StepAlong erm\u00f6glicht uns Effizienz und Leichtigkeit, indem es uns die ultimative Flexibilit\u00e4t bei der Erstellung unserer Bedienungsanleitungen gibt und es uns erm\u00f6glicht, sie in mehr Sprachen anzubieten, was sie universell zug\u00e4nglich macht.\"<\/p>\n<\/blockquote>\n\n\n\n<p>Sie k\u00f6nnen die von StepAlong betriebene Monster Group Instruction Hub sehen unter <a href=\"https:\/\/instructions.monstershop.co.uk\/\" title=\"anleitung.monstershop.co.uk\">anleitung.monstershop.co.uk<\/a>Verwenden Sie bitte das untenstehende Formular, um eine Demo anzufordern, damit Sie sehen k\u00f6nnen, wie StepAlong Ihre Produktanleitungen umgestalten kann.<\/p>\n\n\n\n<div style=\"height:2em\" aria-hidden=\"true\" class=\"wp-block-spacer\"><\/div>\n\n\n\n<div class=\"wp-block-buttons is-content-justification-center is-layout-flex wp-container-core-buttons-is-layout-a89b3969 wp-block-buttons-is-layout-flex\">\n<div class=\"wp-block-button is-style-fill\"><a class=\"wp-block-button__link wp-element-button\" href=\"https:\/\/www.stepalong.com\/de\/eine-demo-buchen\/\" style=\"border-style:none;border-width:0px\">Demo buchen<\/a><\/div>\n<\/div>\n\n\n\n<p><\/p>","protected":false},"excerpt":{"rendered":"<p>Mit StepAlong straffte die Monster Group ihr Instruktionsmanagement, senkte die Kosten und erweiterte ihre M\u00e4rkte, w\u00e4hrend sie gleichzeitig eine klare, aktuelle Kundenf\u00fchrung sicherstellte. \u00dcber die Monster Group Die Monster Group (UK) ist eine f\u00fchrende europ\u00e4ische Direktvertriebsmarke, die vor \u00fcber 15 Jahren in Gro\u00dfbritannien gegr\u00fcndet wurde. Als reiner Online-H\u00e4ndler legt die Monster Group gro\u00dfen Wert darauf, qualitativ hochwertige Produktanleitungen zu liefern, die [...]<\/p>","protected":false},"author":1,"featured_media":0,"parent":0,"menu_order":0,"comment_status":"closed","ping_status":"closed","template":"case-study","meta":{"content-type":"","_uag_custom_page_level_css":"","footnotes":""},"class_list":["post-6634","page","type-page","status-publish","hentry"],"aioseo_notices":[],"mb":[],"uagb_featured_image_src":{"full":false,"thumbnail":false,"medium":false,"medium_large":false,"large":false,"1536x1536":false,"2048x2048":false,"trp-custom-language-flag":false},"uagb_author_info":{"display_name":"Sergi S\u00e1nchez Mancha","author_link":"https:\/\/www.stepalong.com\/de\/author\/sergiostepalong-com\/"},"uagb_comment_info":0,"uagb_excerpt":"With StepAlong, Monster Group streamlined instruction management, cut costs and expanded their markets, while ensuring clear, up-to-date customer guidance. About Monster Group Monster Group (UK) is a leading European direct-to-consumer brand, established in the UK over 15 years ago. As an online-only retailer, Monster Group places a strong emphasis on delivering high-quality product instructions that&hellip;","mfb_rest_fields":["title","aioseo_notices","uagb_featured_image_src","uagb_author_info","uagb_comment_info","uagb_excerpt"],"_links":{"self":[{"href":"https:\/\/www.stepalong.com\/de\/wp-json\/wp\/v2\/pages\/6634","targetHints":{"allow":["GET"]}}],"collection":[{"href":"https:\/\/www.stepalong.com\/de\/wp-json\/wp\/v2\/pages"}],"about":[{"href":"https:\/\/www.stepalong.com\/de\/wp-json\/wp\/v2\/types\/page"}],"author":[{"embeddable":true,"href":"https:\/\/www.stepalong.com\/de\/wp-json\/wp\/v2\/users\/1"}],"replies":[{"embeddable":true,"href":"https:\/\/www.stepalong.com\/de\/wp-json\/wp\/v2\/comments?post=6634"}],"version-history":[{"count":42,"href":"https:\/\/www.stepalong.com\/de\/wp-json\/wp\/v2\/pages\/6634\/revisions"}],"predecessor-version":[{"id":7368,"href":"https:\/\/www.stepalong.com\/de\/wp-json\/wp\/v2\/pages\/6634\/revisions\/7368"}],"wp:attachment":[{"href":"https:\/\/www.stepalong.com\/de\/wp-json\/wp\/v2\/media?parent=6634"}],"curies":[{"name":"wp","href":"https:\/\/api.w.org\/{rel}","templated":true}]}}